{"id":235320,"date":"2026-03-31T15:51:46","date_gmt":"2026-03-31T13:51:46","guid":{"rendered":"https:\/\/shop.bantam.ch\/produit\/bretagne-1200000\/"},"modified":"2026-04-19T00:02:34","modified_gmt":"2026-04-18T22:02:34","slug":"bretagne-1200000","status":"publish","type":"product","link":"https:\/\/shop.bantam.ch\/fr\/produit\/bretagne-1200000\/","title":{"rendered":"Bretagne  1:200&rsquo;000"},"content":{"rendered":"<p>Dans la carte routi\u00e8re K\u00fcmmerly+Frey Bretagne \u00e0 l\u2019\u00e9chelle 1:200 000, vous trouverez tout ce dont vous avez besoin pour vous orienter et vous inspirer. La carte couvre la r\u00e9gion de Brest \u00e0 Nantes, avec des villes importantes telles que Saint-Malo, Rennes, Quimper et Vannes. Gr\u00e2ce aux routes clairement indiqu\u00e9es, faciles \u00e0 lire et \u00e0 jour, \u00e0 un visuel de carte \u00e9pur\u00e9 et actualis\u00e9 ainsi qu\u2019\u00e0 un niveau de d\u00e9tail pr\u00e9cis, cette carte est l\u2019outil parfait pour profiter au maximum de votre visite dans cette r\u00e9gion exceptionnelle. La carte th\u00e9matique fournit des informations d\u00e9taill\u00e9es sur les localit\u00e9s et le r\u00e9seau routier qui les relie. Les automobilistes et motards trouveront toujours le bon chemin gr\u00e2ce aux autoroutes, routes principales, routes secondaires et chemins clairement repr\u00e9sent\u00e9s. Les plans de villes int\u00e9gr\u00e9s facilitent l\u2019orientation dans et autour des villes. Les liaisons par ferry incluses permettent \u00e9galement d\u2019atteindre facilement votre destination. La brochure en six langues, coll\u00e9e dans la carte, fournit des informations touristiques, les principales attractions et un index des localit\u00e9s, compl\u00e9tant ainsi parfaitement l\u2019ouvrage cartographique. Cette carte pliable pour automobilistes et motards est r\u00e9alis\u00e9e avec une couverture solide et du papier robuste, garantissant qu\u2019elle ne vous fera pas d\u00e9faut, m\u00eame apr\u00e8s plusieurs utilisations. Si le GPS ne fonctionne pas ou si votre t\u00e9l\u00e9phone est d\u00e9charg\u00e9, vous pourrez toujours vous orienter gr\u00e2ce aux routes, points de vue, gares, restaurants, campings, parkings, etc., clairement indiqu\u00e9s sur la carte. \u00c0 propos de Hallwag K\u00fcmmerly+Frey. Chez Hallwag K\u00fcmmerly+Frey, notre mission est d\u2019inspirer les gens \u00e0 explorer le monde. Nos cartes routi\u00e8res, plans de villes, cartes de randonn\u00e9e, cartes cyclistes, etc., se distinguent par leur actualit\u00e9, leur cartographie pr\u00e9cise, leurs itin\u00e9raires soigneusement recherch\u00e9s et leur mise en page claire, pour que la planification et le voyage se d\u00e9roulent de mani\u00e8re optimale. Partez bien pr\u00e9par\u00e9 \u00e0 l\u2019aventure avec nous !<\/p>\n","protected":false},"excerpt":{"rendered":"<p>Dans la carte routi\u00e8re K\u00fcmmerly+Frey Bretagne \u00e0 l\u2019\u00e9chelle 1:200 000, vous trouverez tout ce dont vous avez besoin pour vous orienter et vous inspirer. La carte couvre la r\u00e9gion de Brest \u00e0 Nantes, avec des villes importantes telles que Saint-Malo, Rennes, Quimper et Vannes. Gr\u00e2ce aux routes clairement indiqu\u00e9es, faciles \u00e0 lire et \u00e0 jour, [&hellip;]<\/p>\n","protected":false},"featured_media":235318,"template":"","meta":{"_acf_changed":false},"product_featured_cat":[],"product_brand":[3694],"product_cat":[4351],"product_tag":[],"class_list":{"0":"post-235320","1":"product","2":"type-product","3":"status-publish","4":"has-post-thumbnail","6":"product_brand-hallwag-kummerlyfrey","7":"product_cat-guides-de-voyage","9":"first","10":"instock","11":"taxable","12":"shipping-taxable","13":"purchasable","14":"product-type-simple"},"acf":[],"yoast_head":"<!-- This site is optimized with the Yoast SEO plugin v27.4 - https:\/\/yoast.com\/product\/yoast-seo-wordpress\/ -->\n<title>Bretagne 1:200&#039;000 - Bantam Wankm\u00fcller SA<\/title>\n<meta name=\"robots\" content=\"index, follow, max-snippet:-1, max-image-preview:large, max-video-preview:-1\" \/>\n<link rel=\"canonical\" href=\"https:\/\/shop.bantam.ch\/fr\/produit\/bretagne-1200000\/\" \/>\n<meta property=\"og:locale\" content=\"fr_FR\" \/>\n<meta property=\"og:type\" content=\"article\" \/>\n<meta property=\"og:title\" content=\"Bretagne 1:200&#039;000 - Bantam Wankm\u00fcller SA\" \/>\n<meta property=\"og:description\" content=\"Dans la carte routi\u00e8re K\u00fcmmerly+Frey Bretagne \u00e0 l\u2019\u00e9chelle 1:200 000, vous trouverez tout ce dont vous avez besoin pour vous orienter et vous inspirer. La carte couvre la r\u00e9gion de Brest \u00e0 Nantes, avec des villes importantes telles que Saint-Malo, Rennes, Quimper et Vannes. Gr\u00e2ce aux routes clairement indiqu\u00e9es, faciles \u00e0 lire et \u00e0 jour, [&hellip;]\" \/>\n<meta property=\"og:url\" content=\"https:\/\/shop.bantam.ch\/fr\/produit\/bretagne-1200000\/\" \/>\n<meta property=\"og:site_name\" content=\"Bantam Wankm\u00fcller SA\" \/>\n<meta property=\"article:modified_time\" content=\"2026-04-18T22:02:34+00:00\" \/>\n<meta property=\"og:image\" content=\"https:\/\/shop.bantam.ch\/wp-content\/uploads\/2026\/03\/76326012.jpg\" \/>\n\t<meta property=\"og:image:width\" content=\"96\" \/>\n\t<meta property=\"og:image:height\" content=\"180\" \/>\n\t<meta property=\"og:image:type\" content=\"image\/jpeg\" \/>\n<meta name=\"twitter:card\" content=\"summary_large_image\" \/>\n<meta name=\"twitter:label1\" content=\"Dur\u00e9e de lecture estim\u00e9e\" \/>\n\t<meta name=\"twitter:data1\" content=\"2 minutes\" \/>\n<script type=\"application\/ld+json\" class=\"yoast-schema-graph\">{\"@context\":\"https:\\\/\\\/schema.org\",\"@graph\":[{\"@type\":\"WebPage\",\"@id\":\"https:\\\/\\\/shop.bantam.ch\\\/fr\\\/produit\\\/bretagne-1200000\\\/\",\"url\":\"https:\\\/\\\/shop.bantam.ch\\\/fr\\\/produit\\\/bretagne-1200000\\\/\",\"name\":\"Bretagne 1:200'000 - Bantam Wankm\u00fcller SA\",\"isPartOf\":{\"@id\":\"https:\\\/\\\/shop.bantam.ch\\\/fr\\\/#website\"},\"primaryImageOfPage\":{\"@id\":\"https:\\\/\\\/shop.bantam.ch\\\/fr\\\/produit\\\/bretagne-1200000\\\/#primaryimage\"},\"image\":{\"@id\":\"https:\\\/\\\/shop.bantam.ch\\\/fr\\\/produit\\\/bretagne-1200000\\\/#primaryimage\"},\"thumbnailUrl\":\"https:\\\/\\\/shop.bantam.ch\\\/wp-content\\\/uploads\\\/2026\\\/03\\\/76326012.jpg\",\"datePublished\":\"2026-03-31T13:51:46+00:00\",\"dateModified\":\"2026-04-18T22:02:34+00:00\",\"breadcrumb\":{\"@id\":\"https:\\\/\\\/shop.bantam.ch\\\/fr\\\/produit\\\/bretagne-1200000\\\/#breadcrumb\"},\"inLanguage\":\"fr-FR\",\"potentialAction\":[{\"@type\":\"ReadAction\",\"target\":[\"https:\\\/\\\/shop.bantam.ch\\\/fr\\\/produit\\\/bretagne-1200000\\\/\"]}]},{\"@type\":\"ImageObject\",\"inLanguage\":\"fr-FR\",\"@id\":\"https:\\\/\\\/shop.bantam.ch\\\/fr\\\/produit\\\/bretagne-1200000\\\/#primaryimage\",\"url\":\"https:\\\/\\\/shop.bantam.ch\\\/wp-content\\\/uploads\\\/2026\\\/03\\\/76326012.jpg\",\"contentUrl\":\"https:\\\/\\\/shop.bantam.ch\\\/wp-content\\\/uploads\\\/2026\\\/03\\\/76326012.jpg\",\"width\":96,\"height\":180},{\"@type\":\"BreadcrumbList\",\"@id\":\"https:\\\/\\\/shop.bantam.ch\\\/fr\\\/produit\\\/bretagne-1200000\\\/#breadcrumb\",\"itemListElement\":[{\"@type\":\"ListItem\",\"position\":1,\"name\":\"Accueil\",\"item\":\"https:\\\/\\\/shop.bantam.ch\\\/fr\\\/\"},{\"@type\":\"ListItem\",\"position\":2,\"name\":\"Boutique\",\"item\":\"https:\\\/\\\/shop.bantam.ch\\\/fr\\\/boutique\\\/\"},{\"@type\":\"ListItem\",\"position\":3,\"name\":\"Bretagne 1:200&rsquo;000\"}]},{\"@type\":\"WebSite\",\"@id\":\"https:\\\/\\\/shop.bantam.ch\\\/fr\\\/#website\",\"url\":\"https:\\\/\\\/shop.bantam.ch\\\/fr\\\/\",\"name\":\"Bantam Wankm\u00fcller SA\",\"description\":\"\",\"publisher\":{\"@id\":\"https:\\\/\\\/shop.bantam.ch\\\/fr\\\/#organization\"},\"inLanguage\":\"fr-FR\"},{\"@type\":\"Organization\",\"@id\":\"https:\\\/\\\/shop.bantam.ch\\\/fr\\\/#organization\",\"name\":\"Bantam Wankm\u00fcller SA\",\"url\":\"https:\\\/\\\/shop.bantam.ch\\\/fr\\\/\",\"logo\":{\"@type\":\"ImageObject\",\"inLanguage\":\"fr-FR\",\"@id\":\"https:\\\/\\\/shop.bantam.ch\\\/fr\\\/#\\\/schema\\\/logo\\\/image\\\/\",\"url\":\"https:\\\/\\\/shop.bantam.ch\\\/wp-content\\\/uploads\\\/2022\\\/12\\\/bantam-logo.png\",\"contentUrl\":\"https:\\\/\\\/shop.bantam.ch\\\/wp-content\\\/uploads\\\/2022\\\/12\\\/bantam-logo.png\",\"width\":320,\"height\":71,\"caption\":\"Bantam Wankm\u00fcller SA\"},\"image\":{\"@id\":\"https:\\\/\\\/shop.bantam.ch\\\/fr\\\/#\\\/schema\\\/logo\\\/image\\\/\"}}]}<\/script>\n<!-- \/ Yoast SEO plugin. -->","yoast_head_json":{"title":"Bretagne 1:200'000 - Bantam Wankm\u00fcller SA","robots":{"index":"index","follow":"follow","max-snippet":"max-snippet:-1","max-image-preview":"max-image-preview:large","max-video-preview":"max-video-preview:-1"},"canonical":"https:\/\/shop.bantam.ch\/fr\/produit\/bretagne-1200000\/","og_locale":"fr_FR","og_type":"article","og_title":"Bretagne 1:200'000 - Bantam Wankm\u00fcller SA","og_description":"Dans la carte routi\u00e8re K\u00fcmmerly+Frey Bretagne \u00e0 l\u2019\u00e9chelle 1:200 000, vous trouverez tout ce dont vous avez besoin pour vous orienter et vous inspirer. La carte couvre la r\u00e9gion de Brest \u00e0 Nantes, avec des villes importantes telles que Saint-Malo, Rennes, Quimper et Vannes. Gr\u00e2ce aux routes clairement indiqu\u00e9es, faciles \u00e0 lire et \u00e0 jour, [&hellip;]","og_url":"https:\/\/shop.bantam.ch\/fr\/produit\/bretagne-1200000\/","og_site_name":"Bantam Wankm\u00fcller SA","article_modified_time":"2026-04-18T22:02:34+00:00","og_image":[{"width":96,"height":180,"url":"https:\/\/shop.bantam.ch\/wp-content\/uploads\/2026\/03\/76326012.jpg","type":"image\/jpeg"}],"twitter_card":"summary_large_image","twitter_misc":{"Dur\u00e9e de lecture estim\u00e9e":"2 minutes"},"schema":{"@context":"https:\/\/schema.org","@graph":[{"@type":"WebPage","@id":"https:\/\/shop.bantam.ch\/fr\/produit\/bretagne-1200000\/","url":"https:\/\/shop.bantam.ch\/fr\/produit\/bretagne-1200000\/","name":"Bretagne 1:200'000 - Bantam Wankm\u00fcller SA","isPartOf":{"@id":"https:\/\/shop.bantam.ch\/fr\/#website"},"primaryImageOfPage":{"@id":"https:\/\/shop.bantam.ch\/fr\/produit\/bretagne-1200000\/#primaryimage"},"image":{"@id":"https:\/\/shop.bantam.ch\/fr\/produit\/bretagne-1200000\/#primaryimage"},"thumbnailUrl":"https:\/\/shop.bantam.ch\/wp-content\/uploads\/2026\/03\/76326012.jpg","datePublished":"2026-03-31T13:51:46+00:00","dateModified":"2026-04-18T22:02:34+00:00","breadcrumb":{"@id":"https:\/\/shop.bantam.ch\/fr\/produit\/bretagne-1200000\/#breadcrumb"},"inLanguage":"fr-FR","potentialAction":[{"@type":"ReadAction","target":["https:\/\/shop.bantam.ch\/fr\/produit\/bretagne-1200000\/"]}]},{"@type":"ImageObject","inLanguage":"fr-FR","@id":"https:\/\/shop.bantam.ch\/fr\/produit\/bretagne-1200000\/#primaryimage","url":"https:\/\/shop.bantam.ch\/wp-content\/uploads\/2026\/03\/76326012.jpg","contentUrl":"https:\/\/shop.bantam.ch\/wp-content\/uploads\/2026\/03\/76326012.jpg","width":96,"height":180},{"@type":"BreadcrumbList","@id":"https:\/\/shop.bantam.ch\/fr\/produit\/bretagne-1200000\/#breadcrumb","itemListElement":[{"@type":"ListItem","position":1,"name":"Accueil","item":"https:\/\/shop.bantam.ch\/fr\/"},{"@type":"ListItem","position":2,"name":"Boutique","item":"https:\/\/shop.bantam.ch\/fr\/boutique\/"},{"@type":"ListItem","position":3,"name":"Bretagne 1:200&rsquo;000"}]},{"@type":"WebSite","@id":"https:\/\/shop.bantam.ch\/fr\/#website","url":"https:\/\/shop.bantam.ch\/fr\/","name":"Bantam Wankm\u00fcller SA","description":"","publisher":{"@id":"https:\/\/shop.bantam.ch\/fr\/#organization"},"inLanguage":"fr-FR"},{"@type":"Organization","@id":"https:\/\/shop.bantam.ch\/fr\/#organization","name":"Bantam Wankm\u00fcller SA","url":"https:\/\/shop.bantam.ch\/fr\/","logo":{"@type":"ImageObject","inLanguage":"fr-FR","@id":"https:\/\/shop.bantam.ch\/fr\/#\/schema\/logo\/image\/","url":"https:\/\/shop.bantam.ch\/wp-content\/uploads\/2022\/12\/bantam-logo.png","contentUrl":"https:\/\/shop.bantam.ch\/wp-content\/uploads\/2022\/12\/bantam-logo.png","width":320,"height":71,"caption":"Bantam Wankm\u00fcller SA"},"image":{"@id":"https:\/\/shop.bantam.ch\/fr\/#\/schema\/logo\/image\/"}}]}},"_links":{"self":[{"href":"https:\/\/shop.bantam.ch\/fr\/wp-json\/wp\/v2\/product\/235320","targetHints":{"allow":["GET"]}}],"collection":[{"href":"https:\/\/shop.bantam.ch\/fr\/wp-json\/wp\/v2\/product"}],"about":[{"href":"https:\/\/shop.bantam.ch\/fr\/wp-json\/wp\/v2\/types\/product"}],"wp:featuredmedia":[{"embeddable":true,"href":"https:\/\/shop.bantam.ch\/fr\/wp-json\/wp\/v2\/media\/235318"}],"wp:attachment":[{"href":"https:\/\/shop.bantam.ch\/fr\/wp-json\/wp\/v2\/media?parent=235320"}],"wp:term":[{"taxonomy":"product_featured_cat","embeddable":true,"href":"https:\/\/shop.bantam.ch\/fr\/wp-json\/wp\/v2\/product_featured_cat?post=235320"},{"taxonomy":"product_brand","embeddable":true,"href":"https:\/\/shop.bantam.ch\/fr\/wp-json\/wp\/v2\/product_brand?post=235320"},{"taxonomy":"product_cat","embeddable":true,"href":"https:\/\/shop.bantam.ch\/fr\/wp-json\/wp\/v2\/product_cat?post=235320"},{"taxonomy":"product_tag","embeddable":true,"href":"https:\/\/shop.bantam.ch\/fr\/wp-json\/wp\/v2\/product_tag?post=235320"}],"curies":[{"name":"wp","href":"https:\/\/api.w.org\/{rel}","templated":true}]}}