{"id":235316,"date":"2026-03-31T15:48:29","date_gmt":"2026-03-31T13:48:29","guid":{"rendered":"https:\/\/shop.bantam.ch\/produit\/marco-polo-camper-guide\/"},"modified":"2026-05-10T23:57:56","modified_gmt":"2026-05-10T21:57:56","slug":"marco-polo-camper-guide","status":"publish","type":"product","link":"https:\/\/shop.bantam.ch\/fr\/produit\/marco-polo-camper-guide\/","title":{"rendered":"Marco Polo Camper Guide"},"content":{"rendered":"<p>Avec MARCO POLO en route sur la c\u00f4te de la mer Baltique et le plateau des lacs de Mecklembourg : en camping-car et \u00e0 la d\u00e9couverte du monde ! Vent frais de la mer Baltique et mille lacs\u2026 Ciel bleu au-dessus de champs de colza jaunes, plages de sable fin bordant une mer agit\u00e9e par le vent, petits villages de p\u00eacheurs \u00e0 c\u00f4t\u00e9 de villes portuaires historiques : la c\u00f4te allemande de la mer Baltique m\u00e9rite chaque photo souvenir ! Sur le plateau des lacs de Mecklembourg, la nature semble presque rien que pour vous. Vous pourrez chaque jour vous baigner dans un lac diff\u00e9rent ou explorer la r\u00e9gion entre les lacs \u00e0 v\u00e9lo. Avec MARCO POLO, vous composez exactement l\u2019itin\u00e9raire sur la c\u00f4te de la mer Baltique et le plateau des lacs de Mecklembourg qui vous convient ! D\u00e9couvrez les meilleures excursions, les sites touristiques incontournables et recevez des conseils en cas de mauvais temps, des recommandations de restaurants pour tous les go\u00fbts ainsi que des adresses pour faire vos courses pour votre cuisine de camping et des souvenirs \u00e0 rapporter chez vous. Et pour la planification de vos trajets et itin\u00e9raires, tout le n\u00e9cessaire se trouve dans votre MARCO POLO Camper Guide C\u00f4te de la mer Baltique &amp; Plateau des lacs de Mecklembourg : Les meilleurs emplacements et campings, ainsi que des conseils d\u2019initi\u00e9s de nos auteurs qui ont test\u00e9 les routes pour vous. Planification simplifi\u00e9e des itin\u00e9raires : 8 circuits vers les points forts et des \u00e9tapes moins connues pour une aventure sur mesure. Orientation parfaite avec de nombreuses cartes g\u00e9n\u00e9rales et coordonn\u00e9es GPS. T\u00e9l\u00e9chargement des circuits sous forme de trac\u00e9s GPX pour une navigation facile. Pack complet \u201csans souci\u201d : infos utiles, liste de mat\u00e9riel pour camper et checklist pour le v\u00e9hicule. Astuces et conseils de professionnels de PaulCamper, experts du partage priv\u00e9 de camping-cars. Sachez toujours o\u00f9 aller avec le MARCO POLO Camper Guide C\u00f4te de la mer Baltique &amp; Plateau des lacs de Mecklembourg !<\/p>\n","protected":false},"excerpt":{"rendered":"<p>Avec MARCO POLO en route sur la c\u00f4te de la mer Baltique et le plateau des lacs de Mecklembourg : en camping-car et \u00e0 la d\u00e9couverte du monde ! Vent frais de la mer Baltique et mille lacs\u2026 Ciel bleu au-dessus de champs de colza jaunes, plages de sable fin bordant une mer agit\u00e9e par [&hellip;]<\/p>\n","protected":false},"featured_media":235314,"template":"","meta":{"_acf_changed":false},"product_featured_cat":[],"product_brand":[5363],"product_cat":[4351],"product_tag":[],"class_list":{"0":"post-235316","1":"product","2":"type-product","3":"status-publish","4":"has-post-thumbnail","6":"product_brand-marco-polo","7":"product_cat-guides-de-voyage","9":"first","10":"instock","11":"taxable","12":"shipping-taxable","13":"purchasable","14":"product-type-simple"},"acf":[],"yoast_head":"<!-- This site is optimized with the Yoast SEO plugin v27.5 - https:\/\/yoast.com\/product\/yoast-seo-wordpress\/ -->\n<title>Marco Polo Camper Guide - Bantam<\/title>\n<meta name=\"robots\" content=\"index, follow, max-snippet:-1, max-image-preview:large, max-video-preview:-1\" \/>\n<link rel=\"canonical\" href=\"https:\/\/shop.bantam.ch\/fr\/produit\/marco-polo-camper-guide\/\" \/>\n<meta property=\"og:locale\" content=\"fr_FR\" \/>\n<meta property=\"og:type\" content=\"article\" \/>\n<meta property=\"og:title\" content=\"Marco Polo Camper Guide - Bantam\" \/>\n<meta property=\"og:description\" content=\"Avec MARCO POLO en route sur la c\u00f4te de la mer Baltique et le plateau des lacs de Mecklembourg : en camping-car et \u00e0 la d\u00e9couverte du monde ! Vent frais de la mer Baltique et mille lacs\u2026 Ciel bleu au-dessus de champs de colza jaunes, plages de sable fin bordant une mer agit\u00e9e par [&hellip;]\" \/>\n<meta property=\"og:url\" content=\"https:\/\/shop.bantam.ch\/fr\/produit\/marco-polo-camper-guide\/\" \/>\n<meta property=\"og:site_name\" content=\"Bantam\" \/>\n<meta property=\"article:modified_time\" content=\"2026-05-10T21:57:56+00:00\" \/>\n<meta property=\"og:image\" content=\"https:\/\/shop.bantam.ch\/wp-content\/uploads\/2026\/03\/76326011.jpg\" \/>\n\t<meta property=\"og:image:width\" content=\"127\" \/>\n\t<meta property=\"og:image:height\" content=\"180\" \/>\n\t<meta property=\"og:image:type\" content=\"image\/jpeg\" \/>\n<meta name=\"twitter:card\" content=\"summary_large_image\" \/>\n<meta name=\"twitter:label1\" content=\"Dur\u00e9e de lecture estim\u00e9e\" \/>\n\t<meta name=\"twitter:data1\" content=\"2 minutes\" \/>\n<script type=\"application\/ld+json\" class=\"yoast-schema-graph\">{\"@context\":\"https:\\\/\\\/schema.org\",\"@graph\":[{\"@type\":\"WebPage\",\"@id\":\"https:\\\/\\\/shop.bantam.ch\\\/fr\\\/produit\\\/marco-polo-camper-guide\\\/\",\"url\":\"https:\\\/\\\/shop.bantam.ch\\\/fr\\\/produit\\\/marco-polo-camper-guide\\\/\",\"name\":\"Marco Polo Camper Guide - Bantam\",\"isPartOf\":{\"@id\":\"https:\\\/\\\/shop.bantam.ch\\\/fr\\\/#website\"},\"primaryImageOfPage\":{\"@id\":\"https:\\\/\\\/shop.bantam.ch\\\/fr\\\/produit\\\/marco-polo-camper-guide\\\/#primaryimage\"},\"image\":{\"@id\":\"https:\\\/\\\/shop.bantam.ch\\\/fr\\\/produit\\\/marco-polo-camper-guide\\\/#primaryimage\"},\"thumbnailUrl\":\"https:\\\/\\\/shop.bantam.ch\\\/wp-content\\\/uploads\\\/2026\\\/03\\\/76326011.jpg\",\"datePublished\":\"2026-03-31T13:48:29+00:00\",\"dateModified\":\"2026-05-10T21:57:56+00:00\",\"breadcrumb\":{\"@id\":\"https:\\\/\\\/shop.bantam.ch\\\/fr\\\/produit\\\/marco-polo-camper-guide\\\/#breadcrumb\"},\"inLanguage\":\"fr-FR\",\"potentialAction\":[{\"@type\":\"ReadAction\",\"target\":[\"https:\\\/\\\/shop.bantam.ch\\\/fr\\\/produit\\\/marco-polo-camper-guide\\\/\"]}]},{\"@type\":\"ImageObject\",\"inLanguage\":\"fr-FR\",\"@id\":\"https:\\\/\\\/shop.bantam.ch\\\/fr\\\/produit\\\/marco-polo-camper-guide\\\/#primaryimage\",\"url\":\"https:\\\/\\\/shop.bantam.ch\\\/wp-content\\\/uploads\\\/2026\\\/03\\\/76326011.jpg\",\"contentUrl\":\"https:\\\/\\\/shop.bantam.ch\\\/wp-content\\\/uploads\\\/2026\\\/03\\\/76326011.jpg\",\"width\":127,\"height\":180},{\"@type\":\"BreadcrumbList\",\"@id\":\"https:\\\/\\\/shop.bantam.ch\\\/fr\\\/produit\\\/marco-polo-camper-guide\\\/#breadcrumb\",\"itemListElement\":[{\"@type\":\"ListItem\",\"position\":1,\"name\":\"Accueil\",\"item\":\"https:\\\/\\\/shop.bantam.ch\\\/fr\\\/\"},{\"@type\":\"ListItem\",\"position\":2,\"name\":\"Boutique\",\"item\":\"https:\\\/\\\/shop.bantam.ch\\\/fr\\\/boutique\\\/\"},{\"@type\":\"ListItem\",\"position\":3,\"name\":\"Marco Polo Camper Guide\"}]},{\"@type\":\"WebSite\",\"@id\":\"https:\\\/\\\/shop.bantam.ch\\\/fr\\\/#website\",\"url\":\"https:\\\/\\\/shop.bantam.ch\\\/fr\\\/\",\"name\":\"Bantam\",\"description\":\"\",\"publisher\":{\"@id\":\"https:\\\/\\\/shop.bantam.ch\\\/fr\\\/#organization\"},\"inLanguage\":\"fr-FR\"},{\"@type\":\"Organization\",\"@id\":\"https:\\\/\\\/shop.bantam.ch\\\/fr\\\/#organization\",\"name\":\"Bantam\",\"url\":\"https:\\\/\\\/shop.bantam.ch\\\/fr\\\/\",\"logo\":{\"@type\":\"ImageObject\",\"inLanguage\":\"fr-FR\",\"@id\":\"https:\\\/\\\/shop.bantam.ch\\\/fr\\\/#\\\/schema\\\/logo\\\/image\\\/\",\"url\":\"https:\\\/\\\/shop.bantam.ch\\\/wp-content\\\/uploads\\\/2022\\\/12\\\/bantam-logo.png\",\"contentUrl\":\"https:\\\/\\\/shop.bantam.ch\\\/wp-content\\\/uploads\\\/2022\\\/12\\\/bantam-logo.png\",\"width\":320,\"height\":71,\"caption\":\"Bantam\"},\"image\":{\"@id\":\"https:\\\/\\\/shop.bantam.ch\\\/fr\\\/#\\\/schema\\\/logo\\\/image\\\/\"}}]}<\/script>\n<!-- \/ Yoast SEO plugin. -->","yoast_head_json":{"title":"Marco Polo Camper Guide - Bantam","robots":{"index":"index","follow":"follow","max-snippet":"max-snippet:-1","max-image-preview":"max-image-preview:large","max-video-preview":"max-video-preview:-1"},"canonical":"https:\/\/shop.bantam.ch\/fr\/produit\/marco-polo-camper-guide\/","og_locale":"fr_FR","og_type":"article","og_title":"Marco Polo Camper Guide - Bantam","og_description":"Avec MARCO POLO en route sur la c\u00f4te de la mer Baltique et le plateau des lacs de Mecklembourg : en camping-car et \u00e0 la d\u00e9couverte du monde ! Vent frais de la mer Baltique et mille lacs\u2026 Ciel bleu au-dessus de champs de colza jaunes, plages de sable fin bordant une mer agit\u00e9e par [&hellip;]","og_url":"https:\/\/shop.bantam.ch\/fr\/produit\/marco-polo-camper-guide\/","og_site_name":"Bantam","article_modified_time":"2026-05-10T21:57:56+00:00","og_image":[{"width":127,"height":180,"url":"https:\/\/shop.bantam.ch\/wp-content\/uploads\/2026\/03\/76326011.jpg","type":"image\/jpeg"}],"twitter_card":"summary_large_image","twitter_misc":{"Dur\u00e9e de lecture estim\u00e9e":"2 minutes"},"schema":{"@context":"https:\/\/schema.org","@graph":[{"@type":"WebPage","@id":"https:\/\/shop.bantam.ch\/fr\/produit\/marco-polo-camper-guide\/","url":"https:\/\/shop.bantam.ch\/fr\/produit\/marco-polo-camper-guide\/","name":"Marco Polo Camper Guide - Bantam","isPartOf":{"@id":"https:\/\/shop.bantam.ch\/fr\/#website"},"primaryImageOfPage":{"@id":"https:\/\/shop.bantam.ch\/fr\/produit\/marco-polo-camper-guide\/#primaryimage"},"image":{"@id":"https:\/\/shop.bantam.ch\/fr\/produit\/marco-polo-camper-guide\/#primaryimage"},"thumbnailUrl":"https:\/\/shop.bantam.ch\/wp-content\/uploads\/2026\/03\/76326011.jpg","datePublished":"2026-03-31T13:48:29+00:00","dateModified":"2026-05-10T21:57:56+00:00","breadcrumb":{"@id":"https:\/\/shop.bantam.ch\/fr\/produit\/marco-polo-camper-guide\/#breadcrumb"},"inLanguage":"fr-FR","potentialAction":[{"@type":"ReadAction","target":["https:\/\/shop.bantam.ch\/fr\/produit\/marco-polo-camper-guide\/"]}]},{"@type":"ImageObject","inLanguage":"fr-FR","@id":"https:\/\/shop.bantam.ch\/fr\/produit\/marco-polo-camper-guide\/#primaryimage","url":"https:\/\/shop.bantam.ch\/wp-content\/uploads\/2026\/03\/76326011.jpg","contentUrl":"https:\/\/shop.bantam.ch\/wp-content\/uploads\/2026\/03\/76326011.jpg","width":127,"height":180},{"@type":"BreadcrumbList","@id":"https:\/\/shop.bantam.ch\/fr\/produit\/marco-polo-camper-guide\/#breadcrumb","itemListElement":[{"@type":"ListItem","position":1,"name":"Accueil","item":"https:\/\/shop.bantam.ch\/fr\/"},{"@type":"ListItem","position":2,"name":"Boutique","item":"https:\/\/shop.bantam.ch\/fr\/boutique\/"},{"@type":"ListItem","position":3,"name":"Marco Polo Camper Guide"}]},{"@type":"WebSite","@id":"https:\/\/shop.bantam.ch\/fr\/#website","url":"https:\/\/shop.bantam.ch\/fr\/","name":"Bantam","description":"","publisher":{"@id":"https:\/\/shop.bantam.ch\/fr\/#organization"},"inLanguage":"fr-FR"},{"@type":"Organization","@id":"https:\/\/shop.bantam.ch\/fr\/#organization","name":"Bantam","url":"https:\/\/shop.bantam.ch\/fr\/","logo":{"@type":"ImageObject","inLanguage":"fr-FR","@id":"https:\/\/shop.bantam.ch\/fr\/#\/schema\/logo\/image\/","url":"https:\/\/shop.bantam.ch\/wp-content\/uploads\/2022\/12\/bantam-logo.png","contentUrl":"https:\/\/shop.bantam.ch\/wp-content\/uploads\/2022\/12\/bantam-logo.png","width":320,"height":71,"caption":"Bantam"},"image":{"@id":"https:\/\/shop.bantam.ch\/fr\/#\/schema\/logo\/image\/"}}]}},"_links":{"self":[{"href":"https:\/\/shop.bantam.ch\/fr\/wp-json\/wp\/v2\/product\/235316","targetHints":{"allow":["GET"]}}],"collection":[{"href":"https:\/\/shop.bantam.ch\/fr\/wp-json\/wp\/v2\/product"}],"about":[{"href":"https:\/\/shop.bantam.ch\/fr\/wp-json\/wp\/v2\/types\/product"}],"wp:featuredmedia":[{"embeddable":true,"href":"https:\/\/shop.bantam.ch\/fr\/wp-json\/wp\/v2\/media\/235314"}],"wp:attachment":[{"href":"https:\/\/shop.bantam.ch\/fr\/wp-json\/wp\/v2\/media?parent=235316"}],"wp:term":[{"taxonomy":"product_featured_cat","embeddable":true,"href":"https:\/\/shop.bantam.ch\/fr\/wp-json\/wp\/v2\/product_featured_cat?post=235316"},{"taxonomy":"product_brand","embeddable":true,"href":"https:\/\/shop.bantam.ch\/fr\/wp-json\/wp\/v2\/product_brand?post=235316"},{"taxonomy":"product_cat","embeddable":true,"href":"https:\/\/shop.bantam.ch\/fr\/wp-json\/wp\/v2\/product_cat?post=235316"},{"taxonomy":"product_tag","embeddable":true,"href":"https:\/\/shop.bantam.ch\/fr\/wp-json\/wp\/v2\/product_tag?post=235316"}],"curies":[{"name":"wp","href":"https:\/\/api.w.org\/{rel}","templated":true}]}}