{"id":235113,"date":"2026-03-21T16:42:11","date_gmt":"2026-03-21T15:42:11","guid":{"rendered":"https:\/\/shop.bantam.ch\/produit\/housse-deluxe-o-47-cm-grills-carri-chef-50\/"},"modified":"2026-04-19T00:02:28","modified_gmt":"2026-04-18T22:02:28","slug":"housse-deluxe-o-47-cm-grills-carri-chef-50","status":"publish","type":"product","link":"https:\/\/shop.bantam.ch\/fr\/produit\/housse-deluxe-o-47-cm-grills-carri-chef-50\/","title":{"rendered":"Housse Deluxe \u00d8 47 cm Grills (Carri Chef 50)"},"content":{"rendered":"<p>Prot\u00e9gez votre barbecue de camping CADAC avec des \u00d8 47 cm (par exemple Carri Chef 50) contre les intemp\u00e9ries et toute salet\u00e9. Le cache CADAC offre une protection optimale ici et peut \u00eatre facilement fix\u00e9 avec une fermeture de corde. Housse CADAC pour grilles de 47 cm d\u2019\u00d8 en vinyle r\u00e9sistant \u00e0 l\u2019eau. La housse protectrice durable est fabriqu\u00e9e en vinyle hydrofuge et r\u00e9sistant aux UV. Il couvre tout le barbecue, assurant ainsi une dur\u00e9e de vie plus longue de votre barbecue de camping. Le capot poss\u00e8de une poign\u00e9e pratique sur le dessus pour faciliter le d\u00e9montage.<\/p>\n","protected":false},"excerpt":{"rendered":"<p>Prot\u00e9gez votre barbecue de camping CADAC avec des \u00d8 47 cm (par exemple Carri Chef 50) contre les intemp\u00e9ries et toute salet\u00e9. Le cache CADAC offre une protection optimale ici et peut \u00eatre facilement fix\u00e9 avec une fermeture de corde. Housse CADAC pour grilles de 47 cm d\u2019\u00d8 en vinyle r\u00e9sistant \u00e0 l\u2019eau. La housse [&hellip;]<\/p>\n","protected":false},"featured_media":235111,"template":"","meta":{"_acf_changed":false},"product_featured_cat":[],"product_brand":[3668],"product_cat":[4339],"product_tag":[],"class_list":{"0":"post-235113","1":"product","2":"type-product","3":"status-publish","4":"has-post-thumbnail","6":"product_brand-cadac","7":"product_cat-accessoires-pour-barbecue","9":"first","10":"instock","11":"taxable","12":"shipping-taxable","13":"purchasable","14":"product-type-simple"},"acf":[],"yoast_head":"<!-- This site is optimized with the Yoast SEO plugin v27.4 - https:\/\/yoast.com\/product\/yoast-seo-wordpress\/ -->\n<title>Housse Deluxe \u00d8 47 cm Grills (Carri Chef 50) - Bantam Wankm\u00fcller SA<\/title>\n<meta name=\"robots\" content=\"index, follow, max-snippet:-1, max-image-preview:large, max-video-preview:-1\" \/>\n<link rel=\"canonical\" href=\"https:\/\/shop.bantam.ch\/fr\/produit\/housse-deluxe-o-47-cm-grills-carri-chef-50\/\" \/>\n<meta property=\"og:locale\" content=\"fr_FR\" \/>\n<meta property=\"og:type\" content=\"article\" \/>\n<meta property=\"og:title\" content=\"Housse Deluxe \u00d8 47 cm Grills (Carri Chef 50) - Bantam Wankm\u00fcller SA\" \/>\n<meta property=\"og:description\" content=\"Prot\u00e9gez votre barbecue de camping CADAC avec des \u00d8 47 cm (par exemple Carri Chef 50) contre les intemp\u00e9ries et toute salet\u00e9. Le cache CADAC offre une protection optimale ici et peut \u00eatre facilement fix\u00e9 avec une fermeture de corde. Housse CADAC pour grilles de 47 cm d\u2019\u00d8 en vinyle r\u00e9sistant \u00e0 l\u2019eau. La housse [&hellip;]\" \/>\n<meta property=\"og:url\" content=\"https:\/\/shop.bantam.ch\/fr\/produit\/housse-deluxe-o-47-cm-grills-carri-chef-50\/\" \/>\n<meta property=\"og:site_name\" content=\"Bantam Wankm\u00fcller SA\" \/>\n<meta property=\"article:modified_time\" content=\"2026-04-18T22:02:28+00:00\" \/>\n<meta property=\"og:image\" content=\"https:\/\/shop.bantam.ch\/wp-content\/uploads\/2026\/03\/9933729.jpg\" \/>\n\t<meta property=\"og:image:width\" content=\"641\" \/>\n\t<meta property=\"og:image:height\" content=\"800\" \/>\n\t<meta property=\"og:image:type\" content=\"image\/jpeg\" \/>\n<meta name=\"twitter:card\" content=\"summary_large_image\" \/>\n<meta name=\"twitter:label1\" content=\"Dur\u00e9e de lecture estim\u00e9e\" \/>\n\t<meta name=\"twitter:data1\" content=\"1 minute\" \/>\n<script type=\"application\/ld+json\" class=\"yoast-schema-graph\">{\"@context\":\"https:\\\/\\\/schema.org\",\"@graph\":[{\"@type\":\"WebPage\",\"@id\":\"https:\\\/\\\/shop.bantam.ch\\\/fr\\\/produit\\\/housse-deluxe-o-47-cm-grills-carri-chef-50\\\/\",\"url\":\"https:\\\/\\\/shop.bantam.ch\\\/fr\\\/produit\\\/housse-deluxe-o-47-cm-grills-carri-chef-50\\\/\",\"name\":\"Housse Deluxe \u00d8 47 cm Grills (Carri Chef 50) - Bantam Wankm\u00fcller SA\",\"isPartOf\":{\"@id\":\"https:\\\/\\\/shop.bantam.ch\\\/fr\\\/#website\"},\"primaryImageOfPage\":{\"@id\":\"https:\\\/\\\/shop.bantam.ch\\\/fr\\\/produit\\\/housse-deluxe-o-47-cm-grills-carri-chef-50\\\/#primaryimage\"},\"image\":{\"@id\":\"https:\\\/\\\/shop.bantam.ch\\\/fr\\\/produit\\\/housse-deluxe-o-47-cm-grills-carri-chef-50\\\/#primaryimage\"},\"thumbnailUrl\":\"https:\\\/\\\/shop.bantam.ch\\\/wp-content\\\/uploads\\\/2026\\\/03\\\/9933729.jpg\",\"datePublished\":\"2026-03-21T15:42:11+00:00\",\"dateModified\":\"2026-04-18T22:02:28+00:00\",\"breadcrumb\":{\"@id\":\"https:\\\/\\\/shop.bantam.ch\\\/fr\\\/produit\\\/housse-deluxe-o-47-cm-grills-carri-chef-50\\\/#breadcrumb\"},\"inLanguage\":\"fr-FR\",\"potentialAction\":[{\"@type\":\"ReadAction\",\"target\":[\"https:\\\/\\\/shop.bantam.ch\\\/fr\\\/produit\\\/housse-deluxe-o-47-cm-grills-carri-chef-50\\\/\"]}]},{\"@type\":\"ImageObject\",\"inLanguage\":\"fr-FR\",\"@id\":\"https:\\\/\\\/shop.bantam.ch\\\/fr\\\/produit\\\/housse-deluxe-o-47-cm-grills-carri-chef-50\\\/#primaryimage\",\"url\":\"https:\\\/\\\/shop.bantam.ch\\\/wp-content\\\/uploads\\\/2026\\\/03\\\/9933729.jpg\",\"contentUrl\":\"https:\\\/\\\/shop.bantam.ch\\\/wp-content\\\/uploads\\\/2026\\\/03\\\/9933729.jpg\",\"width\":641,\"height\":800},{\"@type\":\"BreadcrumbList\",\"@id\":\"https:\\\/\\\/shop.bantam.ch\\\/fr\\\/produit\\\/housse-deluxe-o-47-cm-grills-carri-chef-50\\\/#breadcrumb\",\"itemListElement\":[{\"@type\":\"ListItem\",\"position\":1,\"name\":\"Accueil\",\"item\":\"https:\\\/\\\/shop.bantam.ch\\\/fr\\\/\"},{\"@type\":\"ListItem\",\"position\":2,\"name\":\"Boutique\",\"item\":\"https:\\\/\\\/shop.bantam.ch\\\/fr\\\/boutique\\\/\"},{\"@type\":\"ListItem\",\"position\":3,\"name\":\"Housse Deluxe \u00d8 47 cm Grills (Carri Chef 50)\"}]},{\"@type\":\"WebSite\",\"@id\":\"https:\\\/\\\/shop.bantam.ch\\\/fr\\\/#website\",\"url\":\"https:\\\/\\\/shop.bantam.ch\\\/fr\\\/\",\"name\":\"Bantam Wankm\u00fcller SA\",\"description\":\"\",\"publisher\":{\"@id\":\"https:\\\/\\\/shop.bantam.ch\\\/fr\\\/#organization\"},\"inLanguage\":\"fr-FR\"},{\"@type\":\"Organization\",\"@id\":\"https:\\\/\\\/shop.bantam.ch\\\/fr\\\/#organization\",\"name\":\"Bantam Wankm\u00fcller SA\",\"url\":\"https:\\\/\\\/shop.bantam.ch\\\/fr\\\/\",\"logo\":{\"@type\":\"ImageObject\",\"inLanguage\":\"fr-FR\",\"@id\":\"https:\\\/\\\/shop.bantam.ch\\\/fr\\\/#\\\/schema\\\/logo\\\/image\\\/\",\"url\":\"https:\\\/\\\/shop.bantam.ch\\\/wp-content\\\/uploads\\\/2022\\\/12\\\/bantam-logo.png\",\"contentUrl\":\"https:\\\/\\\/shop.bantam.ch\\\/wp-content\\\/uploads\\\/2022\\\/12\\\/bantam-logo.png\",\"width\":320,\"height\":71,\"caption\":\"Bantam Wankm\u00fcller SA\"},\"image\":{\"@id\":\"https:\\\/\\\/shop.bantam.ch\\\/fr\\\/#\\\/schema\\\/logo\\\/image\\\/\"}}]}<\/script>\n<!-- \/ Yoast SEO plugin. -->","yoast_head_json":{"title":"Housse Deluxe \u00d8 47 cm Grills (Carri Chef 50) - Bantam Wankm\u00fcller SA","robots":{"index":"index","follow":"follow","max-snippet":"max-snippet:-1","max-image-preview":"max-image-preview:large","max-video-preview":"max-video-preview:-1"},"canonical":"https:\/\/shop.bantam.ch\/fr\/produit\/housse-deluxe-o-47-cm-grills-carri-chef-50\/","og_locale":"fr_FR","og_type":"article","og_title":"Housse Deluxe \u00d8 47 cm Grills (Carri Chef 50) - Bantam Wankm\u00fcller SA","og_description":"Prot\u00e9gez votre barbecue de camping CADAC avec des \u00d8 47 cm (par exemple Carri Chef 50) contre les intemp\u00e9ries et toute salet\u00e9. Le cache CADAC offre une protection optimale ici et peut \u00eatre facilement fix\u00e9 avec une fermeture de corde. Housse CADAC pour grilles de 47 cm d\u2019\u00d8 en vinyle r\u00e9sistant \u00e0 l\u2019eau. La housse [&hellip;]","og_url":"https:\/\/shop.bantam.ch\/fr\/produit\/housse-deluxe-o-47-cm-grills-carri-chef-50\/","og_site_name":"Bantam Wankm\u00fcller SA","article_modified_time":"2026-04-18T22:02:28+00:00","og_image":[{"width":641,"height":800,"url":"https:\/\/shop.bantam.ch\/wp-content\/uploads\/2026\/03\/9933729.jpg","type":"image\/jpeg"}],"twitter_card":"summary_large_image","twitter_misc":{"Dur\u00e9e de lecture estim\u00e9e":"1 minute"},"schema":{"@context":"https:\/\/schema.org","@graph":[{"@type":"WebPage","@id":"https:\/\/shop.bantam.ch\/fr\/produit\/housse-deluxe-o-47-cm-grills-carri-chef-50\/","url":"https:\/\/shop.bantam.ch\/fr\/produit\/housse-deluxe-o-47-cm-grills-carri-chef-50\/","name":"Housse Deluxe \u00d8 47 cm Grills (Carri Chef 50) - Bantam Wankm\u00fcller SA","isPartOf":{"@id":"https:\/\/shop.bantam.ch\/fr\/#website"},"primaryImageOfPage":{"@id":"https:\/\/shop.bantam.ch\/fr\/produit\/housse-deluxe-o-47-cm-grills-carri-chef-50\/#primaryimage"},"image":{"@id":"https:\/\/shop.bantam.ch\/fr\/produit\/housse-deluxe-o-47-cm-grills-carri-chef-50\/#primaryimage"},"thumbnailUrl":"https:\/\/shop.bantam.ch\/wp-content\/uploads\/2026\/03\/9933729.jpg","datePublished":"2026-03-21T15:42:11+00:00","dateModified":"2026-04-18T22:02:28+00:00","breadcrumb":{"@id":"https:\/\/shop.bantam.ch\/fr\/produit\/housse-deluxe-o-47-cm-grills-carri-chef-50\/#breadcrumb"},"inLanguage":"fr-FR","potentialAction":[{"@type":"ReadAction","target":["https:\/\/shop.bantam.ch\/fr\/produit\/housse-deluxe-o-47-cm-grills-carri-chef-50\/"]}]},{"@type":"ImageObject","inLanguage":"fr-FR","@id":"https:\/\/shop.bantam.ch\/fr\/produit\/housse-deluxe-o-47-cm-grills-carri-chef-50\/#primaryimage","url":"https:\/\/shop.bantam.ch\/wp-content\/uploads\/2026\/03\/9933729.jpg","contentUrl":"https:\/\/shop.bantam.ch\/wp-content\/uploads\/2026\/03\/9933729.jpg","width":641,"height":800},{"@type":"BreadcrumbList","@id":"https:\/\/shop.bantam.ch\/fr\/produit\/housse-deluxe-o-47-cm-grills-carri-chef-50\/#breadcrumb","itemListElement":[{"@type":"ListItem","position":1,"name":"Accueil","item":"https:\/\/shop.bantam.ch\/fr\/"},{"@type":"ListItem","position":2,"name":"Boutique","item":"https:\/\/shop.bantam.ch\/fr\/boutique\/"},{"@type":"ListItem","position":3,"name":"Housse Deluxe \u00d8 47 cm Grills (Carri Chef 50)"}]},{"@type":"WebSite","@id":"https:\/\/shop.bantam.ch\/fr\/#website","url":"https:\/\/shop.bantam.ch\/fr\/","name":"Bantam Wankm\u00fcller SA","description":"","publisher":{"@id":"https:\/\/shop.bantam.ch\/fr\/#organization"},"inLanguage":"fr-FR"},{"@type":"Organization","@id":"https:\/\/shop.bantam.ch\/fr\/#organization","name":"Bantam Wankm\u00fcller SA","url":"https:\/\/shop.bantam.ch\/fr\/","logo":{"@type":"ImageObject","inLanguage":"fr-FR","@id":"https:\/\/shop.bantam.ch\/fr\/#\/schema\/logo\/image\/","url":"https:\/\/shop.bantam.ch\/wp-content\/uploads\/2022\/12\/bantam-logo.png","contentUrl":"https:\/\/shop.bantam.ch\/wp-content\/uploads\/2022\/12\/bantam-logo.png","width":320,"height":71,"caption":"Bantam Wankm\u00fcller SA"},"image":{"@id":"https:\/\/shop.bantam.ch\/fr\/#\/schema\/logo\/image\/"}}]}},"_links":{"self":[{"href":"https:\/\/shop.bantam.ch\/fr\/wp-json\/wp\/v2\/product\/235113","targetHints":{"allow":["GET"]}}],"collection":[{"href":"https:\/\/shop.bantam.ch\/fr\/wp-json\/wp\/v2\/product"}],"about":[{"href":"https:\/\/shop.bantam.ch\/fr\/wp-json\/wp\/v2\/types\/product"}],"wp:featuredmedia":[{"embeddable":true,"href":"https:\/\/shop.bantam.ch\/fr\/wp-json\/wp\/v2\/media\/235111"}],"wp:attachment":[{"href":"https:\/\/shop.bantam.ch\/fr\/wp-json\/wp\/v2\/media?parent=235113"}],"wp:term":[{"taxonomy":"product_featured_cat","embeddable":true,"href":"https:\/\/shop.bantam.ch\/fr\/wp-json\/wp\/v2\/product_featured_cat?post=235113"},{"taxonomy":"product_brand","embeddable":true,"href":"https:\/\/shop.bantam.ch\/fr\/wp-json\/wp\/v2\/product_brand?post=235113"},{"taxonomy":"product_cat","embeddable":true,"href":"https:\/\/shop.bantam.ch\/fr\/wp-json\/wp\/v2\/product_cat?post=235113"},{"taxonomy":"product_tag","embeddable":true,"href":"https:\/\/shop.bantam.ch\/fr\/wp-json\/wp\/v2\/product_tag?post=235113"}],"curies":[{"name":"wp","href":"https:\/\/api.w.org\/{rel}","templated":true}]}}