{"id":234984,"date":"2026-03-20T09:57:55","date_gmt":"2026-03-20T08:57:55","guid":{"rendered":"https:\/\/shop.bantam.ch\/produit\/toilette-portable-cinderella-travel-gaz\/"},"modified":"2026-04-19T00:02:06","modified_gmt":"2026-04-18T22:02:06","slug":"toilette-portable-cinderella-travel-gaz","status":"publish","type":"product","link":"https:\/\/shop.bantam.ch\/fr\/produit\/toilette-portable-cinderella-travel-gaz\/","title":{"rendered":"Toilette portable Cinderella Travel Gaz"},"content":{"rendered":"<p>Cinderella Travel Gas est une solution de toilettes sp\u00e9cialement adapt\u00e9e aux camping-cars, aux caravanes et aux bateaux de plaisance. Cinderella Travel Gas repr\u00e9sente une toute nouvelle fa\u00e7on d&rsquo;envisager la gestion des d\u00e9chets. Les toilettes sont fabriqu\u00e9es en Norv\u00e8ge et sont r\u00e9put\u00e9es pour leur longue dur\u00e9e de vie, leur haute qualit\u00e9, leur grande capacit\u00e9, leur conception durable et respectueuse de l&rsquo;environnement et leurs performances sans \u00e9missions polluantes. Avec Cinderella Travel , il est hygi\u00e9nique et facile de se d\u00e9barrasser des d\u00e9chets des toilettes d&rsquo;une mani\u00e8re responsable, que ce soit sur la route ou sur l&rsquo;eau.<br \/>\nCinderella Travel Gas a \u00e9t\u00e9 lanc\u00e9 en 2013 et constitue une \u00e9volution des toilettes \u00e0 incin\u00e9ration populaires de Cinderella qui sont disponibles depuis 1997. Eco-friendly Travel n&rsquo;a pas besoin d&rsquo;\u00e9lectricit\u00e9 et utilise uniquement du propane et une puissance de commande de 12V.<\/p>\n","protected":false},"excerpt":{"rendered":"<p>Cinderella Travel Gas est une solution de toilettes sp\u00e9cialement adapt\u00e9e aux camping-cars, aux caravanes et aux bateaux de plaisance. Cinderella Travel Gas repr\u00e9sente une toute nouvelle fa\u00e7on d&rsquo;envisager la gestion des d\u00e9chets. Les toilettes sont fabriqu\u00e9es en Norv\u00e8ge et sont r\u00e9put\u00e9es pour leur longue dur\u00e9e de vie, leur haute qualit\u00e9, leur grande capacit\u00e9, leur conception [&hellip;]<\/p>\n","protected":false},"featured_media":234978,"template":"","meta":{"_acf_changed":false},"product_featured_cat":[],"product_brand":[5379],"product_cat":[4593],"product_tag":[],"class_list":{"0":"post-234984","1":"product","2":"type-product","3":"status-publish","4":"has-post-thumbnail","6":"product_brand-cinderella","7":"product_cat-toilettes-a-cuvette","9":"first","10":"instock","11":"taxable","12":"shipping-taxable","13":"purchasable","14":"product-type-simple"},"acf":[],"yoast_head":"<!-- This site is optimized with the Yoast SEO plugin v27.4 - https:\/\/yoast.com\/product\/yoast-seo-wordpress\/ -->\n<title>Toilette portable Cinderella Travel Gaz - Bantam Wankm\u00fcller SA<\/title>\n<meta name=\"robots\" content=\"index, follow, max-snippet:-1, max-image-preview:large, max-video-preview:-1\" \/>\n<link rel=\"canonical\" href=\"https:\/\/shop.bantam.ch\/fr\/produit\/toilette-portable-cinderella-travel-gaz\/\" \/>\n<meta property=\"og:locale\" content=\"fr_FR\" \/>\n<meta property=\"og:type\" content=\"article\" \/>\n<meta property=\"og:title\" content=\"Toilette portable Cinderella Travel Gaz - Bantam Wankm\u00fcller SA\" \/>\n<meta property=\"og:description\" content=\"Cinderella Travel Gas est une solution de toilettes sp\u00e9cialement adapt\u00e9e aux camping-cars, aux caravanes et aux bateaux de plaisance. Cinderella Travel Gas repr\u00e9sente une toute nouvelle fa\u00e7on d&rsquo;envisager la gestion des d\u00e9chets. Les toilettes sont fabriqu\u00e9es en Norv\u00e8ge et sont r\u00e9put\u00e9es pour leur longue dur\u00e9e de vie, leur haute qualit\u00e9, leur grande capacit\u00e9, leur conception [&hellip;]\" \/>\n<meta property=\"og:url\" content=\"https:\/\/shop.bantam.ch\/fr\/produit\/toilette-portable-cinderella-travel-gaz\/\" \/>\n<meta property=\"og:site_name\" content=\"Bantam Wankm\u00fcller SA\" \/>\n<meta property=\"article:modified_time\" content=\"2026-04-18T22:02:06+00:00\" \/>\n<meta property=\"og:image\" content=\"https:\/\/shop.bantam.ch\/wp-content\/uploads\/2026\/03\/20025045.jpg\" \/>\n\t<meta property=\"og:image:width\" content=\"800\" \/>\n\t<meta property=\"og:image:height\" content=\"800\" \/>\n\t<meta property=\"og:image:type\" content=\"image\/jpeg\" \/>\n<meta name=\"twitter:card\" content=\"summary_large_image\" \/>\n<meta name=\"twitter:label1\" content=\"Dur\u00e9e de lecture estim\u00e9e\" \/>\n\t<meta name=\"twitter:data1\" content=\"1 minute\" \/>\n<script type=\"application\/ld+json\" class=\"yoast-schema-graph\">{\"@context\":\"https:\\\/\\\/schema.org\",\"@graph\":[{\"@type\":\"WebPage\",\"@id\":\"https:\\\/\\\/shop.bantam.ch\\\/fr\\\/produit\\\/toilette-portable-cinderella-travel-gaz\\\/\",\"url\":\"https:\\\/\\\/shop.bantam.ch\\\/fr\\\/produit\\\/toilette-portable-cinderella-travel-gaz\\\/\",\"name\":\"Toilette portable Cinderella Travel Gaz - Bantam Wankm\u00fcller SA\",\"isPartOf\":{\"@id\":\"https:\\\/\\\/shop.bantam.ch\\\/fr\\\/#website\"},\"primaryImageOfPage\":{\"@id\":\"https:\\\/\\\/shop.bantam.ch\\\/fr\\\/produit\\\/toilette-portable-cinderella-travel-gaz\\\/#primaryimage\"},\"image\":{\"@id\":\"https:\\\/\\\/shop.bantam.ch\\\/fr\\\/produit\\\/toilette-portable-cinderella-travel-gaz\\\/#primaryimage\"},\"thumbnailUrl\":\"https:\\\/\\\/shop.bantam.ch\\\/wp-content\\\/uploads\\\/2026\\\/03\\\/20025045.jpg\",\"datePublished\":\"2026-03-20T08:57:55+00:00\",\"dateModified\":\"2026-04-18T22:02:06+00:00\",\"breadcrumb\":{\"@id\":\"https:\\\/\\\/shop.bantam.ch\\\/fr\\\/produit\\\/toilette-portable-cinderella-travel-gaz\\\/#breadcrumb\"},\"inLanguage\":\"fr-FR\",\"potentialAction\":[{\"@type\":\"ReadAction\",\"target\":[\"https:\\\/\\\/shop.bantam.ch\\\/fr\\\/produit\\\/toilette-portable-cinderella-travel-gaz\\\/\"]}]},{\"@type\":\"ImageObject\",\"inLanguage\":\"fr-FR\",\"@id\":\"https:\\\/\\\/shop.bantam.ch\\\/fr\\\/produit\\\/toilette-portable-cinderella-travel-gaz\\\/#primaryimage\",\"url\":\"https:\\\/\\\/shop.bantam.ch\\\/wp-content\\\/uploads\\\/2026\\\/03\\\/20025045.jpg\",\"contentUrl\":\"https:\\\/\\\/shop.bantam.ch\\\/wp-content\\\/uploads\\\/2026\\\/03\\\/20025045.jpg\",\"width\":800,\"height\":800},{\"@type\":\"BreadcrumbList\",\"@id\":\"https:\\\/\\\/shop.bantam.ch\\\/fr\\\/produit\\\/toilette-portable-cinderella-travel-gaz\\\/#breadcrumb\",\"itemListElement\":[{\"@type\":\"ListItem\",\"position\":1,\"name\":\"Accueil\",\"item\":\"https:\\\/\\\/shop.bantam.ch\\\/fr\\\/\"},{\"@type\":\"ListItem\",\"position\":2,\"name\":\"Boutique\",\"item\":\"https:\\\/\\\/shop.bantam.ch\\\/fr\\\/boutique\\\/\"},{\"@type\":\"ListItem\",\"position\":3,\"name\":\"Toilette portable Cinderella Travel Gaz\"}]},{\"@type\":\"WebSite\",\"@id\":\"https:\\\/\\\/shop.bantam.ch\\\/fr\\\/#website\",\"url\":\"https:\\\/\\\/shop.bantam.ch\\\/fr\\\/\",\"name\":\"Bantam Wankm\u00fcller SA\",\"description\":\"\",\"publisher\":{\"@id\":\"https:\\\/\\\/shop.bantam.ch\\\/fr\\\/#organization\"},\"inLanguage\":\"fr-FR\"},{\"@type\":\"Organization\",\"@id\":\"https:\\\/\\\/shop.bantam.ch\\\/fr\\\/#organization\",\"name\":\"Bantam Wankm\u00fcller SA\",\"url\":\"https:\\\/\\\/shop.bantam.ch\\\/fr\\\/\",\"logo\":{\"@type\":\"ImageObject\",\"inLanguage\":\"fr-FR\",\"@id\":\"https:\\\/\\\/shop.bantam.ch\\\/fr\\\/#\\\/schema\\\/logo\\\/image\\\/\",\"url\":\"https:\\\/\\\/shop.bantam.ch\\\/wp-content\\\/uploads\\\/2022\\\/12\\\/bantam-logo.png\",\"contentUrl\":\"https:\\\/\\\/shop.bantam.ch\\\/wp-content\\\/uploads\\\/2022\\\/12\\\/bantam-logo.png\",\"width\":320,\"height\":71,\"caption\":\"Bantam Wankm\u00fcller SA\"},\"image\":{\"@id\":\"https:\\\/\\\/shop.bantam.ch\\\/fr\\\/#\\\/schema\\\/logo\\\/image\\\/\"}}]}<\/script>\n<!-- \/ Yoast SEO plugin. -->","yoast_head_json":{"title":"Toilette portable Cinderella Travel Gaz - Bantam Wankm\u00fcller SA","robots":{"index":"index","follow":"follow","max-snippet":"max-snippet:-1","max-image-preview":"max-image-preview:large","max-video-preview":"max-video-preview:-1"},"canonical":"https:\/\/shop.bantam.ch\/fr\/produit\/toilette-portable-cinderella-travel-gaz\/","og_locale":"fr_FR","og_type":"article","og_title":"Toilette portable Cinderella Travel Gaz - Bantam Wankm\u00fcller SA","og_description":"Cinderella Travel Gas est une solution de toilettes sp\u00e9cialement adapt\u00e9e aux camping-cars, aux caravanes et aux bateaux de plaisance. Cinderella Travel Gas repr\u00e9sente une toute nouvelle fa\u00e7on d&rsquo;envisager la gestion des d\u00e9chets. Les toilettes sont fabriqu\u00e9es en Norv\u00e8ge et sont r\u00e9put\u00e9es pour leur longue dur\u00e9e de vie, leur haute qualit\u00e9, leur grande capacit\u00e9, leur conception [&hellip;]","og_url":"https:\/\/shop.bantam.ch\/fr\/produit\/toilette-portable-cinderella-travel-gaz\/","og_site_name":"Bantam Wankm\u00fcller SA","article_modified_time":"2026-04-18T22:02:06+00:00","og_image":[{"width":800,"height":800,"url":"https:\/\/shop.bantam.ch\/wp-content\/uploads\/2026\/03\/20025045.jpg","type":"image\/jpeg"}],"twitter_card":"summary_large_image","twitter_misc":{"Dur\u00e9e de lecture estim\u00e9e":"1 minute"},"schema":{"@context":"https:\/\/schema.org","@graph":[{"@type":"WebPage","@id":"https:\/\/shop.bantam.ch\/fr\/produit\/toilette-portable-cinderella-travel-gaz\/","url":"https:\/\/shop.bantam.ch\/fr\/produit\/toilette-portable-cinderella-travel-gaz\/","name":"Toilette portable Cinderella Travel Gaz - Bantam Wankm\u00fcller SA","isPartOf":{"@id":"https:\/\/shop.bantam.ch\/fr\/#website"},"primaryImageOfPage":{"@id":"https:\/\/shop.bantam.ch\/fr\/produit\/toilette-portable-cinderella-travel-gaz\/#primaryimage"},"image":{"@id":"https:\/\/shop.bantam.ch\/fr\/produit\/toilette-portable-cinderella-travel-gaz\/#primaryimage"},"thumbnailUrl":"https:\/\/shop.bantam.ch\/wp-content\/uploads\/2026\/03\/20025045.jpg","datePublished":"2026-03-20T08:57:55+00:00","dateModified":"2026-04-18T22:02:06+00:00","breadcrumb":{"@id":"https:\/\/shop.bantam.ch\/fr\/produit\/toilette-portable-cinderella-travel-gaz\/#breadcrumb"},"inLanguage":"fr-FR","potentialAction":[{"@type":"ReadAction","target":["https:\/\/shop.bantam.ch\/fr\/produit\/toilette-portable-cinderella-travel-gaz\/"]}]},{"@type":"ImageObject","inLanguage":"fr-FR","@id":"https:\/\/shop.bantam.ch\/fr\/produit\/toilette-portable-cinderella-travel-gaz\/#primaryimage","url":"https:\/\/shop.bantam.ch\/wp-content\/uploads\/2026\/03\/20025045.jpg","contentUrl":"https:\/\/shop.bantam.ch\/wp-content\/uploads\/2026\/03\/20025045.jpg","width":800,"height":800},{"@type":"BreadcrumbList","@id":"https:\/\/shop.bantam.ch\/fr\/produit\/toilette-portable-cinderella-travel-gaz\/#breadcrumb","itemListElement":[{"@type":"ListItem","position":1,"name":"Accueil","item":"https:\/\/shop.bantam.ch\/fr\/"},{"@type":"ListItem","position":2,"name":"Boutique","item":"https:\/\/shop.bantam.ch\/fr\/boutique\/"},{"@type":"ListItem","position":3,"name":"Toilette portable Cinderella Travel Gaz"}]},{"@type":"WebSite","@id":"https:\/\/shop.bantam.ch\/fr\/#website","url":"https:\/\/shop.bantam.ch\/fr\/","name":"Bantam Wankm\u00fcller SA","description":"","publisher":{"@id":"https:\/\/shop.bantam.ch\/fr\/#organization"},"inLanguage":"fr-FR"},{"@type":"Organization","@id":"https:\/\/shop.bantam.ch\/fr\/#organization","name":"Bantam Wankm\u00fcller SA","url":"https:\/\/shop.bantam.ch\/fr\/","logo":{"@type":"ImageObject","inLanguage":"fr-FR","@id":"https:\/\/shop.bantam.ch\/fr\/#\/schema\/logo\/image\/","url":"https:\/\/shop.bantam.ch\/wp-content\/uploads\/2022\/12\/bantam-logo.png","contentUrl":"https:\/\/shop.bantam.ch\/wp-content\/uploads\/2022\/12\/bantam-logo.png","width":320,"height":71,"caption":"Bantam Wankm\u00fcller SA"},"image":{"@id":"https:\/\/shop.bantam.ch\/fr\/#\/schema\/logo\/image\/"}}]}},"_links":{"self":[{"href":"https:\/\/shop.bantam.ch\/fr\/wp-json\/wp\/v2\/product\/234984","targetHints":{"allow":["GET"]}}],"collection":[{"href":"https:\/\/shop.bantam.ch\/fr\/wp-json\/wp\/v2\/product"}],"about":[{"href":"https:\/\/shop.bantam.ch\/fr\/wp-json\/wp\/v2\/types\/product"}],"wp:featuredmedia":[{"embeddable":true,"href":"https:\/\/shop.bantam.ch\/fr\/wp-json\/wp\/v2\/media\/234978"}],"wp:attachment":[{"href":"https:\/\/shop.bantam.ch\/fr\/wp-json\/wp\/v2\/media?parent=234984"}],"wp:term":[{"taxonomy":"product_featured_cat","embeddable":true,"href":"https:\/\/shop.bantam.ch\/fr\/wp-json\/wp\/v2\/product_featured_cat?post=234984"},{"taxonomy":"product_brand","embeddable":true,"href":"https:\/\/shop.bantam.ch\/fr\/wp-json\/wp\/v2\/product_brand?post=234984"},{"taxonomy":"product_cat","embeddable":true,"href":"https:\/\/shop.bantam.ch\/fr\/wp-json\/wp\/v2\/product_cat?post=234984"},{"taxonomy":"product_tag","embeddable":true,"href":"https:\/\/shop.bantam.ch\/fr\/wp-json\/wp\/v2\/product_tag?post=234984"}],"curies":[{"name":"wp","href":"https:\/\/api.w.org\/{rel}","templated":true}]}}