{"id":234778,"date":"2026-03-11T11:36:55","date_gmt":"2026-03-11T10:36:55","guid":{"rendered":"https:\/\/shop.bantam.ch\/produit\/auvent-castello-11\/"},"modified":"2026-04-19T00:02:05","modified_gmt":"2026-04-18T22:02:05","slug":"auvent-castello-11","status":"publish","type":"product","link":"https:\/\/shop.bantam.ch\/fr\/produit\/auvent-castello-11\/","title":{"rendered":"Auvent Castello 11"},"content":{"rendered":"<p>Tu ne dois pas renoncer \u00e0 la qualit\u00e9 de vie pendant tes vacances. Notre auvent classique Castello, avec son avanc\u00e9e de toit p\u00e9riph\u00e9rique renforc\u00e9e par des armatures, est \u00e9quip\u00e9 de tous les d\u00e9tails d&rsquo;\u00e9quipement importants pour le camping saisonnier et permanent : Toit en toile PVC lourde, enduite des deux c\u00f4t\u00e9s, fermetures \u00e9clair avec protections suppl\u00e9mentaires contre les intemp\u00e9ries, paroi frontale avec une fen\u00eatre climatique variable (gaze pleine avec couverture en film plus tissu), les deux parois lat\u00e9rales avec des fen\u00eatres panoramiques confortables qui cr\u00e9ent des possibilit\u00e9s de ventilation optimales&#8230; Version: Auvent en 9 parties, toit en PVC, enduit des deux c\u00f4t\u00e9s. Auvent tout autour pour une bonne protection des parois avant et lat\u00e9rales. Tous les \u00e9l\u00e9ments de la paroi avant (taille 10-15=4, taille 16-19=6, taille. GX=6 &#8211; 8 \u00e9l\u00e9ments) sont interchangeables. Placement de l&rsquo;entr\u00e9e au choix. Paroi frontale avec une fen\u00eatre climatique variable. Paroi frontale rabattable pour former une v\u00e9randa. Les fermetures \u00e0 glissi\u00e8re de la paroi frontale et des deux parois lat\u00e9rales sont \u00e9quip\u00e9es de protections contre les intemp\u00e9ries. Couvertures. Parois lat\u00e9rales avec chacune une fen\u00eatre d&rsquo;a\u00e9ration pour une bonne ventilation transversale. Rideaux d\u00e9coratifs dans les parois lat\u00e9rales. Porte d&rsquo;entr\u00e9e enroulable. A\u00e9ration haute dans la paroi avant (fermable avec fermeture \u00e9clair). Utilisable comme auvent, comme auvent avec protection contre le vent d&rsquo;un ou des deux c\u00f4t\u00e9s ou comme auvent uniquement. Armature en tube d&rsquo;acier \u00d8 28 mm avec syst\u00e8me PowerGrip. Avec renforcement de l&rsquo;auvent. Profondeur de la tente : 240 cm<\/p>\n","protected":false},"excerpt":{"rendered":"<p>Tu ne dois pas renoncer \u00e0 la qualit\u00e9 de vie pendant tes vacances. Notre auvent classique Castello, avec son avanc\u00e9e de toit p\u00e9riph\u00e9rique renforc\u00e9e par des armatures, est \u00e9quip\u00e9 de tous les d\u00e9tails d&rsquo;\u00e9quipement importants pour le camping saisonnier et permanent : Toit en toile PVC lourde, enduite des deux c\u00f4t\u00e9s, fermetures \u00e9clair avec protections [&hellip;]<\/p>\n","protected":false},"featured_media":234776,"template":"","meta":{"_acf_changed":false},"product_featured_cat":[],"product_brand":[3716],"product_cat":[4247],"product_tag":[],"class_list":{"0":"post-234778","1":"product","2":"type-product","3":"status-publish","4":"has-post-thumbnail","6":"product_brand-kundert","7":"product_cat-auvents","9":"first","10":"instock","11":"taxable","12":"shipping-taxable","13":"purchasable","14":"product-type-simple"},"acf":[],"yoast_head":"<!-- This site is optimized with the Yoast SEO plugin v27.4 - https:\/\/yoast.com\/product\/yoast-seo-wordpress\/ -->\n<title>Auvent Castello 11 - Bantam Wankm\u00fcller SA<\/title>\n<meta name=\"robots\" content=\"index, follow, max-snippet:-1, max-image-preview:large, max-video-preview:-1\" \/>\n<link rel=\"canonical\" href=\"https:\/\/shop.bantam.ch\/fr\/produit\/auvent-castello-11\/\" \/>\n<meta property=\"og:locale\" content=\"fr_FR\" \/>\n<meta property=\"og:type\" content=\"article\" \/>\n<meta property=\"og:title\" content=\"Auvent Castello 11 - Bantam Wankm\u00fcller SA\" \/>\n<meta property=\"og:description\" content=\"Tu ne dois pas renoncer \u00e0 la qualit\u00e9 de vie pendant tes vacances. Notre auvent classique Castello, avec son avanc\u00e9e de toit p\u00e9riph\u00e9rique renforc\u00e9e par des armatures, est \u00e9quip\u00e9 de tous les d\u00e9tails d&rsquo;\u00e9quipement importants pour le camping saisonnier et permanent : Toit en toile PVC lourde, enduite des deux c\u00f4t\u00e9s, fermetures \u00e9clair avec protections [&hellip;]\" \/>\n<meta property=\"og:url\" content=\"https:\/\/shop.bantam.ch\/fr\/produit\/auvent-castello-11\/\" \/>\n<meta property=\"og:site_name\" content=\"Bantam Wankm\u00fcller SA\" \/>\n<meta property=\"article:modified_time\" content=\"2026-04-18T22:02:05+00:00\" \/>\n<meta property=\"og:image\" content=\"https:\/\/shop.bantam.ch\/wp-content\/uploads\/2026\/03\/15026013.jpg\" \/>\n\t<meta property=\"og:image:width\" content=\"800\" \/>\n\t<meta property=\"og:image:height\" content=\"800\" \/>\n\t<meta property=\"og:image:type\" content=\"image\/jpeg\" \/>\n<meta name=\"twitter:card\" content=\"summary_large_image\" \/>\n<meta name=\"twitter:label1\" content=\"Dur\u00e9e de lecture estim\u00e9e\" \/>\n\t<meta name=\"twitter:data1\" content=\"1 minute\" \/>\n<script type=\"application\/ld+json\" class=\"yoast-schema-graph\">{\"@context\":\"https:\\\/\\\/schema.org\",\"@graph\":[{\"@type\":\"WebPage\",\"@id\":\"https:\\\/\\\/shop.bantam.ch\\\/fr\\\/produit\\\/auvent-castello-11\\\/\",\"url\":\"https:\\\/\\\/shop.bantam.ch\\\/fr\\\/produit\\\/auvent-castello-11\\\/\",\"name\":\"Auvent Castello 11 - Bantam Wankm\u00fcller SA\",\"isPartOf\":{\"@id\":\"https:\\\/\\\/shop.bantam.ch\\\/fr\\\/#website\"},\"primaryImageOfPage\":{\"@id\":\"https:\\\/\\\/shop.bantam.ch\\\/fr\\\/produit\\\/auvent-castello-11\\\/#primaryimage\"},\"image\":{\"@id\":\"https:\\\/\\\/shop.bantam.ch\\\/fr\\\/produit\\\/auvent-castello-11\\\/#primaryimage\"},\"thumbnailUrl\":\"https:\\\/\\\/shop.bantam.ch\\\/wp-content\\\/uploads\\\/2026\\\/03\\\/15026013.jpg\",\"datePublished\":\"2026-03-11T10:36:55+00:00\",\"dateModified\":\"2026-04-18T22:02:05+00:00\",\"breadcrumb\":{\"@id\":\"https:\\\/\\\/shop.bantam.ch\\\/fr\\\/produit\\\/auvent-castello-11\\\/#breadcrumb\"},\"inLanguage\":\"fr-FR\",\"potentialAction\":[{\"@type\":\"ReadAction\",\"target\":[\"https:\\\/\\\/shop.bantam.ch\\\/fr\\\/produit\\\/auvent-castello-11\\\/\"]}]},{\"@type\":\"ImageObject\",\"inLanguage\":\"fr-FR\",\"@id\":\"https:\\\/\\\/shop.bantam.ch\\\/fr\\\/produit\\\/auvent-castello-11\\\/#primaryimage\",\"url\":\"https:\\\/\\\/shop.bantam.ch\\\/wp-content\\\/uploads\\\/2026\\\/03\\\/15026013.jpg\",\"contentUrl\":\"https:\\\/\\\/shop.bantam.ch\\\/wp-content\\\/uploads\\\/2026\\\/03\\\/15026013.jpg\",\"width\":800,\"height\":800},{\"@type\":\"BreadcrumbList\",\"@id\":\"https:\\\/\\\/shop.bantam.ch\\\/fr\\\/produit\\\/auvent-castello-11\\\/#breadcrumb\",\"itemListElement\":[{\"@type\":\"ListItem\",\"position\":1,\"name\":\"Accueil\",\"item\":\"https:\\\/\\\/shop.bantam.ch\\\/fr\\\/\"},{\"@type\":\"ListItem\",\"position\":2,\"name\":\"Boutique\",\"item\":\"https:\\\/\\\/shop.bantam.ch\\\/fr\\\/boutique\\\/\"},{\"@type\":\"ListItem\",\"position\":3,\"name\":\"Auvent Castello 11\"}]},{\"@type\":\"WebSite\",\"@id\":\"https:\\\/\\\/shop.bantam.ch\\\/fr\\\/#website\",\"url\":\"https:\\\/\\\/shop.bantam.ch\\\/fr\\\/\",\"name\":\"Bantam Wankm\u00fcller SA\",\"description\":\"\",\"publisher\":{\"@id\":\"https:\\\/\\\/shop.bantam.ch\\\/fr\\\/#organization\"},\"inLanguage\":\"fr-FR\"},{\"@type\":\"Organization\",\"@id\":\"https:\\\/\\\/shop.bantam.ch\\\/fr\\\/#organization\",\"name\":\"Bantam Wankm\u00fcller SA\",\"url\":\"https:\\\/\\\/shop.bantam.ch\\\/fr\\\/\",\"logo\":{\"@type\":\"ImageObject\",\"inLanguage\":\"fr-FR\",\"@id\":\"https:\\\/\\\/shop.bantam.ch\\\/fr\\\/#\\\/schema\\\/logo\\\/image\\\/\",\"url\":\"https:\\\/\\\/shop.bantam.ch\\\/wp-content\\\/uploads\\\/2022\\\/12\\\/bantam-logo.png\",\"contentUrl\":\"https:\\\/\\\/shop.bantam.ch\\\/wp-content\\\/uploads\\\/2022\\\/12\\\/bantam-logo.png\",\"width\":320,\"height\":71,\"caption\":\"Bantam Wankm\u00fcller SA\"},\"image\":{\"@id\":\"https:\\\/\\\/shop.bantam.ch\\\/fr\\\/#\\\/schema\\\/logo\\\/image\\\/\"}}]}<\/script>\n<!-- \/ Yoast SEO plugin. -->","yoast_head_json":{"title":"Auvent Castello 11 - Bantam Wankm\u00fcller SA","robots":{"index":"index","follow":"follow","max-snippet":"max-snippet:-1","max-image-preview":"max-image-preview:large","max-video-preview":"max-video-preview:-1"},"canonical":"https:\/\/shop.bantam.ch\/fr\/produit\/auvent-castello-11\/","og_locale":"fr_FR","og_type":"article","og_title":"Auvent Castello 11 - Bantam Wankm\u00fcller SA","og_description":"Tu ne dois pas renoncer \u00e0 la qualit\u00e9 de vie pendant tes vacances. Notre auvent classique Castello, avec son avanc\u00e9e de toit p\u00e9riph\u00e9rique renforc\u00e9e par des armatures, est \u00e9quip\u00e9 de tous les d\u00e9tails d&rsquo;\u00e9quipement importants pour le camping saisonnier et permanent : Toit en toile PVC lourde, enduite des deux c\u00f4t\u00e9s, fermetures \u00e9clair avec protections [&hellip;]","og_url":"https:\/\/shop.bantam.ch\/fr\/produit\/auvent-castello-11\/","og_site_name":"Bantam Wankm\u00fcller SA","article_modified_time":"2026-04-18T22:02:05+00:00","og_image":[{"width":800,"height":800,"url":"https:\/\/shop.bantam.ch\/wp-content\/uploads\/2026\/03\/15026013.jpg","type":"image\/jpeg"}],"twitter_card":"summary_large_image","twitter_misc":{"Dur\u00e9e de lecture estim\u00e9e":"1 minute"},"schema":{"@context":"https:\/\/schema.org","@graph":[{"@type":"WebPage","@id":"https:\/\/shop.bantam.ch\/fr\/produit\/auvent-castello-11\/","url":"https:\/\/shop.bantam.ch\/fr\/produit\/auvent-castello-11\/","name":"Auvent Castello 11 - Bantam Wankm\u00fcller SA","isPartOf":{"@id":"https:\/\/shop.bantam.ch\/fr\/#website"},"primaryImageOfPage":{"@id":"https:\/\/shop.bantam.ch\/fr\/produit\/auvent-castello-11\/#primaryimage"},"image":{"@id":"https:\/\/shop.bantam.ch\/fr\/produit\/auvent-castello-11\/#primaryimage"},"thumbnailUrl":"https:\/\/shop.bantam.ch\/wp-content\/uploads\/2026\/03\/15026013.jpg","datePublished":"2026-03-11T10:36:55+00:00","dateModified":"2026-04-18T22:02:05+00:00","breadcrumb":{"@id":"https:\/\/shop.bantam.ch\/fr\/produit\/auvent-castello-11\/#breadcrumb"},"inLanguage":"fr-FR","potentialAction":[{"@type":"ReadAction","target":["https:\/\/shop.bantam.ch\/fr\/produit\/auvent-castello-11\/"]}]},{"@type":"ImageObject","inLanguage":"fr-FR","@id":"https:\/\/shop.bantam.ch\/fr\/produit\/auvent-castello-11\/#primaryimage","url":"https:\/\/shop.bantam.ch\/wp-content\/uploads\/2026\/03\/15026013.jpg","contentUrl":"https:\/\/shop.bantam.ch\/wp-content\/uploads\/2026\/03\/15026013.jpg","width":800,"height":800},{"@type":"BreadcrumbList","@id":"https:\/\/shop.bantam.ch\/fr\/produit\/auvent-castello-11\/#breadcrumb","itemListElement":[{"@type":"ListItem","position":1,"name":"Accueil","item":"https:\/\/shop.bantam.ch\/fr\/"},{"@type":"ListItem","position":2,"name":"Boutique","item":"https:\/\/shop.bantam.ch\/fr\/boutique\/"},{"@type":"ListItem","position":3,"name":"Auvent Castello 11"}]},{"@type":"WebSite","@id":"https:\/\/shop.bantam.ch\/fr\/#website","url":"https:\/\/shop.bantam.ch\/fr\/","name":"Bantam Wankm\u00fcller SA","description":"","publisher":{"@id":"https:\/\/shop.bantam.ch\/fr\/#organization"},"inLanguage":"fr-FR"},{"@type":"Organization","@id":"https:\/\/shop.bantam.ch\/fr\/#organization","name":"Bantam Wankm\u00fcller SA","url":"https:\/\/shop.bantam.ch\/fr\/","logo":{"@type":"ImageObject","inLanguage":"fr-FR","@id":"https:\/\/shop.bantam.ch\/fr\/#\/schema\/logo\/image\/","url":"https:\/\/shop.bantam.ch\/wp-content\/uploads\/2022\/12\/bantam-logo.png","contentUrl":"https:\/\/shop.bantam.ch\/wp-content\/uploads\/2022\/12\/bantam-logo.png","width":320,"height":71,"caption":"Bantam Wankm\u00fcller SA"},"image":{"@id":"https:\/\/shop.bantam.ch\/fr\/#\/schema\/logo\/image\/"}}]}},"_links":{"self":[{"href":"https:\/\/shop.bantam.ch\/fr\/wp-json\/wp\/v2\/product\/234778","targetHints":{"allow":["GET"]}}],"collection":[{"href":"https:\/\/shop.bantam.ch\/fr\/wp-json\/wp\/v2\/product"}],"about":[{"href":"https:\/\/shop.bantam.ch\/fr\/wp-json\/wp\/v2\/types\/product"}],"wp:featuredmedia":[{"embeddable":true,"href":"https:\/\/shop.bantam.ch\/fr\/wp-json\/wp\/v2\/media\/234776"}],"wp:attachment":[{"href":"https:\/\/shop.bantam.ch\/fr\/wp-json\/wp\/v2\/media?parent=234778"}],"wp:term":[{"taxonomy":"product_featured_cat","embeddable":true,"href":"https:\/\/shop.bantam.ch\/fr\/wp-json\/wp\/v2\/product_featured_cat?post=234778"},{"taxonomy":"product_brand","embeddable":true,"href":"https:\/\/shop.bantam.ch\/fr\/wp-json\/wp\/v2\/product_brand?post=234778"},{"taxonomy":"product_cat","embeddable":true,"href":"https:\/\/shop.bantam.ch\/fr\/wp-json\/wp\/v2\/product_cat?post=234778"},{"taxonomy":"product_tag","embeddable":true,"href":"https:\/\/shop.bantam.ch\/fr\/wp-json\/wp\/v2\/product_tag?post=234778"}],"curies":[{"name":"wp","href":"https:\/\/api.w.org\/{rel}","templated":true}]}}