{"id":234751,"date":"2026-03-11T08:22:58","date_gmt":"2026-03-11T07:22:58","guid":{"rendered":"https:\/\/shop.bantam.ch\/produit\/le-vrai-claude-3-0-wmr-adult\/"},"modified":"2026-04-18T02:55:43","modified_gmt":"2026-04-18T00:55:43","slug":"le-vrai-claude-3-0-wmr-adult","status":"publish","type":"product","link":"https:\/\/shop.bantam.ch\/fr\/produit\/le-vrai-claude-3-0-wmr-adult\/","title":{"rendered":"Le Vrai Claude 3.0 WMR Adult"},"content":{"rendered":"<p>La veste courte Claude, mod\u00e8le embl\u00e9matique, pr\u00e9sente un design unisexe confectionn\u00e9 en tissu ripstop d\u00e9perlant et coupe-vent, avec des coutures thermocoll\u00e9es \u00e0 l\u2019int\u00e9rieur pour une isolation optimale contre les intemp\u00e9ries. Mais son plus grand atout ? Une fois repli\u00e9e et rang\u00e9e dans l\u2019une de ses deux poches, elle occupe un espace minimal : le coupe-vent d\u2019urgence id\u00e9al \u00e0 avoir toujours dans son sac ou son sac \u00e0 dos. Composition : 100 % nylon. Tissu ripstop imperm\u00e9able, d\u00e9perlant, coupe-vent et respirant. Compressible (facilement repliable pour le transport). Coutures thermocoll\u00e9es. Capuche ajustable avec cordons \u00e9lastiques. Fermeture zipp\u00e9e. Patte coupe-vent int\u00e9rieure et ouverture d\u2019a\u00e9ration au dos. Poignets \u00e9lastiqu\u00e9s. 2 poches zipp\u00e9es. Bas ajustable avec cordons \u00e9lastiques. Coupe classique. Logo color\u00e9 imprim\u00e9.<\/p>\n","protected":false},"excerpt":{"rendered":"<p>La veste courte Claude, mod\u00e8le embl\u00e9matique, pr\u00e9sente un design unisexe confectionn\u00e9 en tissu ripstop d\u00e9perlant et coupe-vent, avec des coutures thermocoll\u00e9es \u00e0 l\u2019int\u00e9rieur pour une isolation optimale contre les intemp\u00e9ries. Mais son plus grand atout ? Une fois repli\u00e9e et rang\u00e9e dans l\u2019une de ses deux poches, elle occupe un espace minimal : le coupe-vent [&hellip;]<\/p>\n","protected":false},"featured_media":234747,"template":"","meta":{"_acf_changed":false},"product_featured_cat":[],"product_brand":[5309],"product_cat":[3953],"product_tag":[],"class_list":{"0":"post-234751","1":"product","2":"type-product","3":"status-publish","4":"has-post-thumbnail","6":"product_brand-furore-sports","7":"product_cat-loisirs","9":"first","10":"instock","11":"taxable","12":"shipping-taxable","13":"purchasable","14":"product-type-variable"},"acf":[],"yoast_head":"<!-- This site is optimized with the Yoast SEO plugin v27.4 - https:\/\/yoast.com\/product\/yoast-seo-wordpress\/ -->\n<title>Le Vrai Claude 3.0 WMR Adult - Bantam Wankm\u00fcller SA<\/title>\n<meta name=\"robots\" content=\"index, follow, max-snippet:-1, max-image-preview:large, max-video-preview:-1\" \/>\n<link rel=\"canonical\" href=\"https:\/\/shop.bantam.ch\/fr\/produit\/le-vrai-claude-3-0-wmr-adult\/\" \/>\n<meta property=\"og:locale\" content=\"fr_FR\" \/>\n<meta property=\"og:type\" content=\"article\" \/>\n<meta property=\"og:title\" content=\"Le Vrai Claude 3.0 WMR Adult - Bantam Wankm\u00fcller SA\" \/>\n<meta property=\"og:description\" content=\"La veste courte Claude, mod\u00e8le embl\u00e9matique, pr\u00e9sente un design unisexe confectionn\u00e9 en tissu ripstop d\u00e9perlant et coupe-vent, avec des coutures thermocoll\u00e9es \u00e0 l\u2019int\u00e9rieur pour une isolation optimale contre les intemp\u00e9ries. Mais son plus grand atout ? Une fois repli\u00e9e et rang\u00e9e dans l\u2019une de ses deux poches, elle occupe un espace minimal : le coupe-vent [&hellip;]\" \/>\n<meta property=\"og:url\" content=\"https:\/\/shop.bantam.ch\/fr\/produit\/le-vrai-claude-3-0-wmr-adult\/\" \/>\n<meta property=\"og:site_name\" content=\"Bantam Wankm\u00fcller SA\" \/>\n<meta property=\"article:modified_time\" content=\"2026-04-18T00:55:43+00:00\" \/>\n<meta property=\"og:image\" content=\"https:\/\/shop.bantam.ch\/wp-content\/uploads\/2026\/03\/79426012.jpg\" \/>\n\t<meta property=\"og:image:width\" content=\"800\" \/>\n\t<meta property=\"og:image:height\" content=\"800\" \/>\n\t<meta property=\"og:image:type\" content=\"image\/jpeg\" \/>\n<meta name=\"twitter:card\" content=\"summary_large_image\" \/>\n<meta name=\"twitter:label1\" content=\"Dur\u00e9e de lecture estim\u00e9e\" \/>\n\t<meta name=\"twitter:data1\" content=\"1 minute\" \/>\n<script type=\"application\/ld+json\" class=\"yoast-schema-graph\">{\"@context\":\"https:\\\/\\\/schema.org\",\"@graph\":[{\"@type\":\"WebPage\",\"@id\":\"https:\\\/\\\/shop.bantam.ch\\\/fr\\\/produit\\\/le-vrai-claude-3-0-wmr-adult\\\/\",\"url\":\"https:\\\/\\\/shop.bantam.ch\\\/fr\\\/produit\\\/le-vrai-claude-3-0-wmr-adult\\\/\",\"name\":\"Le Vrai Claude 3.0 WMR Adult - Bantam Wankm\u00fcller SA\",\"isPartOf\":{\"@id\":\"https:\\\/\\\/shop.bantam.ch\\\/fr\\\/#website\"},\"primaryImageOfPage\":{\"@id\":\"https:\\\/\\\/shop.bantam.ch\\\/fr\\\/produit\\\/le-vrai-claude-3-0-wmr-adult\\\/#primaryimage\"},\"image\":{\"@id\":\"https:\\\/\\\/shop.bantam.ch\\\/fr\\\/produit\\\/le-vrai-claude-3-0-wmr-adult\\\/#primaryimage\"},\"thumbnailUrl\":\"https:\\\/\\\/shop.bantam.ch\\\/wp-content\\\/uploads\\\/2026\\\/03\\\/79426012.jpg\",\"datePublished\":\"2026-03-11T07:22:58+00:00\",\"dateModified\":\"2026-04-18T00:55:43+00:00\",\"breadcrumb\":{\"@id\":\"https:\\\/\\\/shop.bantam.ch\\\/fr\\\/produit\\\/le-vrai-claude-3-0-wmr-adult\\\/#breadcrumb\"},\"inLanguage\":\"fr-FR\",\"potentialAction\":[{\"@type\":\"ReadAction\",\"target\":[\"https:\\\/\\\/shop.bantam.ch\\\/fr\\\/produit\\\/le-vrai-claude-3-0-wmr-adult\\\/\"]}]},{\"@type\":\"ImageObject\",\"inLanguage\":\"fr-FR\",\"@id\":\"https:\\\/\\\/shop.bantam.ch\\\/fr\\\/produit\\\/le-vrai-claude-3-0-wmr-adult\\\/#primaryimage\",\"url\":\"https:\\\/\\\/shop.bantam.ch\\\/wp-content\\\/uploads\\\/2026\\\/03\\\/79426012.jpg\",\"contentUrl\":\"https:\\\/\\\/shop.bantam.ch\\\/wp-content\\\/uploads\\\/2026\\\/03\\\/79426012.jpg\",\"width\":800,\"height\":800},{\"@type\":\"BreadcrumbList\",\"@id\":\"https:\\\/\\\/shop.bantam.ch\\\/fr\\\/produit\\\/le-vrai-claude-3-0-wmr-adult\\\/#breadcrumb\",\"itemListElement\":[{\"@type\":\"ListItem\",\"position\":1,\"name\":\"Accueil\",\"item\":\"https:\\\/\\\/shop.bantam.ch\\\/fr\\\/\"},{\"@type\":\"ListItem\",\"position\":2,\"name\":\"Boutique\",\"item\":\"https:\\\/\\\/shop.bantam.ch\\\/fr\\\/boutique\\\/\"},{\"@type\":\"ListItem\",\"position\":3,\"name\":\"Le Vrai Claude 3.0 WMR Adult\"}]},{\"@type\":\"WebSite\",\"@id\":\"https:\\\/\\\/shop.bantam.ch\\\/fr\\\/#website\",\"url\":\"https:\\\/\\\/shop.bantam.ch\\\/fr\\\/\",\"name\":\"Bantam Wankm\u00fcller SA\",\"description\":\"\",\"publisher\":{\"@id\":\"https:\\\/\\\/shop.bantam.ch\\\/fr\\\/#organization\"},\"inLanguage\":\"fr-FR\"},{\"@type\":\"Organization\",\"@id\":\"https:\\\/\\\/shop.bantam.ch\\\/fr\\\/#organization\",\"name\":\"Bantam Wankm\u00fcller SA\",\"url\":\"https:\\\/\\\/shop.bantam.ch\\\/fr\\\/\",\"logo\":{\"@type\":\"ImageObject\",\"inLanguage\":\"fr-FR\",\"@id\":\"https:\\\/\\\/shop.bantam.ch\\\/fr\\\/#\\\/schema\\\/logo\\\/image\\\/\",\"url\":\"https:\\\/\\\/shop.bantam.ch\\\/wp-content\\\/uploads\\\/2022\\\/12\\\/bantam-logo.png\",\"contentUrl\":\"https:\\\/\\\/shop.bantam.ch\\\/wp-content\\\/uploads\\\/2022\\\/12\\\/bantam-logo.png\",\"width\":320,\"height\":71,\"caption\":\"Bantam Wankm\u00fcller SA\"},\"image\":{\"@id\":\"https:\\\/\\\/shop.bantam.ch\\\/fr\\\/#\\\/schema\\\/logo\\\/image\\\/\"}}]}<\/script>\n<!-- \/ Yoast SEO plugin. -->","yoast_head_json":{"title":"Le Vrai Claude 3.0 WMR Adult - Bantam Wankm\u00fcller SA","robots":{"index":"index","follow":"follow","max-snippet":"max-snippet:-1","max-image-preview":"max-image-preview:large","max-video-preview":"max-video-preview:-1"},"canonical":"https:\/\/shop.bantam.ch\/fr\/produit\/le-vrai-claude-3-0-wmr-adult\/","og_locale":"fr_FR","og_type":"article","og_title":"Le Vrai Claude 3.0 WMR Adult - Bantam Wankm\u00fcller SA","og_description":"La veste courte Claude, mod\u00e8le embl\u00e9matique, pr\u00e9sente un design unisexe confectionn\u00e9 en tissu ripstop d\u00e9perlant et coupe-vent, avec des coutures thermocoll\u00e9es \u00e0 l\u2019int\u00e9rieur pour une isolation optimale contre les intemp\u00e9ries. Mais son plus grand atout ? Une fois repli\u00e9e et rang\u00e9e dans l\u2019une de ses deux poches, elle occupe un espace minimal : le coupe-vent [&hellip;]","og_url":"https:\/\/shop.bantam.ch\/fr\/produit\/le-vrai-claude-3-0-wmr-adult\/","og_site_name":"Bantam Wankm\u00fcller SA","article_modified_time":"2026-04-18T00:55:43+00:00","og_image":[{"width":800,"height":800,"url":"https:\/\/shop.bantam.ch\/wp-content\/uploads\/2026\/03\/79426012.jpg","type":"image\/jpeg"}],"twitter_card":"summary_large_image","twitter_misc":{"Dur\u00e9e de lecture estim\u00e9e":"1 minute"},"schema":{"@context":"https:\/\/schema.org","@graph":[{"@type":"WebPage","@id":"https:\/\/shop.bantam.ch\/fr\/produit\/le-vrai-claude-3-0-wmr-adult\/","url":"https:\/\/shop.bantam.ch\/fr\/produit\/le-vrai-claude-3-0-wmr-adult\/","name":"Le Vrai Claude 3.0 WMR Adult - Bantam Wankm\u00fcller SA","isPartOf":{"@id":"https:\/\/shop.bantam.ch\/fr\/#website"},"primaryImageOfPage":{"@id":"https:\/\/shop.bantam.ch\/fr\/produit\/le-vrai-claude-3-0-wmr-adult\/#primaryimage"},"image":{"@id":"https:\/\/shop.bantam.ch\/fr\/produit\/le-vrai-claude-3-0-wmr-adult\/#primaryimage"},"thumbnailUrl":"https:\/\/shop.bantam.ch\/wp-content\/uploads\/2026\/03\/79426012.jpg","datePublished":"2026-03-11T07:22:58+00:00","dateModified":"2026-04-18T00:55:43+00:00","breadcrumb":{"@id":"https:\/\/shop.bantam.ch\/fr\/produit\/le-vrai-claude-3-0-wmr-adult\/#breadcrumb"},"inLanguage":"fr-FR","potentialAction":[{"@type":"ReadAction","target":["https:\/\/shop.bantam.ch\/fr\/produit\/le-vrai-claude-3-0-wmr-adult\/"]}]},{"@type":"ImageObject","inLanguage":"fr-FR","@id":"https:\/\/shop.bantam.ch\/fr\/produit\/le-vrai-claude-3-0-wmr-adult\/#primaryimage","url":"https:\/\/shop.bantam.ch\/wp-content\/uploads\/2026\/03\/79426012.jpg","contentUrl":"https:\/\/shop.bantam.ch\/wp-content\/uploads\/2026\/03\/79426012.jpg","width":800,"height":800},{"@type":"BreadcrumbList","@id":"https:\/\/shop.bantam.ch\/fr\/produit\/le-vrai-claude-3-0-wmr-adult\/#breadcrumb","itemListElement":[{"@type":"ListItem","position":1,"name":"Accueil","item":"https:\/\/shop.bantam.ch\/fr\/"},{"@type":"ListItem","position":2,"name":"Boutique","item":"https:\/\/shop.bantam.ch\/fr\/boutique\/"},{"@type":"ListItem","position":3,"name":"Le Vrai Claude 3.0 WMR Adult"}]},{"@type":"WebSite","@id":"https:\/\/shop.bantam.ch\/fr\/#website","url":"https:\/\/shop.bantam.ch\/fr\/","name":"Bantam Wankm\u00fcller SA","description":"","publisher":{"@id":"https:\/\/shop.bantam.ch\/fr\/#organization"},"inLanguage":"fr-FR"},{"@type":"Organization","@id":"https:\/\/shop.bantam.ch\/fr\/#organization","name":"Bantam Wankm\u00fcller SA","url":"https:\/\/shop.bantam.ch\/fr\/","logo":{"@type":"ImageObject","inLanguage":"fr-FR","@id":"https:\/\/shop.bantam.ch\/fr\/#\/schema\/logo\/image\/","url":"https:\/\/shop.bantam.ch\/wp-content\/uploads\/2022\/12\/bantam-logo.png","contentUrl":"https:\/\/shop.bantam.ch\/wp-content\/uploads\/2022\/12\/bantam-logo.png","width":320,"height":71,"caption":"Bantam Wankm\u00fcller SA"},"image":{"@id":"https:\/\/shop.bantam.ch\/fr\/#\/schema\/logo\/image\/"}}]}},"_links":{"self":[{"href":"https:\/\/shop.bantam.ch\/fr\/wp-json\/wp\/v2\/product\/234751","targetHints":{"allow":["GET"]}}],"collection":[{"href":"https:\/\/shop.bantam.ch\/fr\/wp-json\/wp\/v2\/product"}],"about":[{"href":"https:\/\/shop.bantam.ch\/fr\/wp-json\/wp\/v2\/types\/product"}],"wp:featuredmedia":[{"embeddable":true,"href":"https:\/\/shop.bantam.ch\/fr\/wp-json\/wp\/v2\/media\/234747"}],"wp:attachment":[{"href":"https:\/\/shop.bantam.ch\/fr\/wp-json\/wp\/v2\/media?parent=234751"}],"wp:term":[{"taxonomy":"product_featured_cat","embeddable":true,"href":"https:\/\/shop.bantam.ch\/fr\/wp-json\/wp\/v2\/product_featured_cat?post=234751"},{"taxonomy":"product_brand","embeddable":true,"href":"https:\/\/shop.bantam.ch\/fr\/wp-json\/wp\/v2\/product_brand?post=234751"},{"taxonomy":"product_cat","embeddable":true,"href":"https:\/\/shop.bantam.ch\/fr\/wp-json\/wp\/v2\/product_cat?post=234751"},{"taxonomy":"product_tag","embeddable":true,"href":"https:\/\/shop.bantam.ch\/fr\/wp-json\/wp\/v2\/product_tag?post=234751"}],"curies":[{"name":"wp","href":"https:\/\/api.w.org\/{rel}","templated":true}]}}