{"id":234725,"date":"2026-03-10T16:43:16","date_gmt":"2026-03-10T15:43:16","guid":{"rendered":"https:\/\/shop.bantam.ch\/produit\/le-vrai-claude-4-0-pink-geranium\/"},"modified":"2026-04-18T02:55:34","modified_gmt":"2026-04-18T00:55:34","slug":"le-vrai-claude-4-0-pink-geranium","status":"publish","type":"product","link":"https:\/\/shop.bantam.ch\/fr\/produit\/le-vrai-claude-4-0-pink-geranium\/","title":{"rendered":"Le Vrai Claude 4.0 Pink Geranium"},"content":{"rendered":"<p>Claude est la veste courte embl\u00e9matique pour les enfants qui adorent le style K-Way. Ce design unisexe est fabriqu\u00e9 \u00e0 partir de notre tissu innovant micro ripstop 4.0, 100 % recycl\u00e9, qui est encore plus r\u00e9sistant aux intemp\u00e9ries et respirant gr\u00e2ce \u00e0 sa r\u00e9sistance \u00e0 l\u2019eau de 10K et sa capacit\u00e9 respirante de 10K, avec des jointures int\u00e9rieures thermocoll\u00e9es offrant une excellente isolation contre le vent et la pluie. Le point fort de la veste est le volume r\u00e9duit qu\u2019elle occupe une fois pli\u00e9e et rang\u00e9e dans l\u2019une de ses deux poches. Id\u00e9al pour \u00eatre facilement transport\u00e9 dans un sac \u00e0 dos \u00e0 l\u2019\u00e9cole ou lors d\u2019une excursion, il est con\u00e7u pour r\u00e9sister \u00e0 la pluie ou au vent soudain. Tissu en nylon imperm\u00e9able, r\u00e9sistant \u00e0 l\u2019eau, coupe-vent et respirant en nylon ripstop<br \/>\nTraitement DWR (Durable Hydrofuge). R\u00e9sistance \u00e0 l\u2019eau : colonne d\u2019eau de 10 000 mm. Respirabilit\u00e9 : 10000 g\/m\u00b2\/24h. Pliable<br \/>\nJoints chauff\u00e9s. Capuche \u00e9lastique. Fermeture zipp\u00e9e. Rabat int\u00e9rieur pare-vent. D\u00e9coupe de ventilation \u00e0 l\u2019arri\u00e8re. Poignets et ourlet bas \u00e9lastiques. 2 poches zipp\u00e9es. Logo imprim\u00e9.<\/p>\n","protected":false},"excerpt":{"rendered":"<p>Claude est la veste courte embl\u00e9matique pour les enfants qui adorent le style K-Way. Ce design unisexe est fabriqu\u00e9 \u00e0 partir de notre tissu innovant micro ripstop 4.0, 100 % recycl\u00e9, qui est encore plus r\u00e9sistant aux intemp\u00e9ries et respirant gr\u00e2ce \u00e0 sa r\u00e9sistance \u00e0 l\u2019eau de 10K et sa capacit\u00e9 respirante de 10K, avec [&hellip;]<\/p>\n","protected":false},"featured_media":234721,"template":"","meta":{"_acf_changed":false},"product_featured_cat":[],"product_brand":[5309],"product_cat":[3953],"product_tag":[],"class_list":{"0":"post-234725","1":"product","2":"type-product","3":"status-publish","4":"has-post-thumbnail","6":"product_brand-furore-sports","7":"product_cat-loisirs","9":"first","10":"instock","11":"taxable","12":"shipping-taxable","13":"purchasable","14":"product-type-variable"},"acf":[],"yoast_head":"<!-- This site is optimized with the Yoast SEO plugin v27.4 - https:\/\/yoast.com\/product\/yoast-seo-wordpress\/ -->\n<title>Le Vrai Claude 4.0 Pink Geranium - Bantam Wankm\u00fcller SA<\/title>\n<meta name=\"robots\" content=\"index, follow, max-snippet:-1, max-image-preview:large, max-video-preview:-1\" \/>\n<link rel=\"canonical\" href=\"https:\/\/shop.bantam.ch\/fr\/produit\/le-vrai-claude-4-0-pink-geranium\/\" \/>\n<meta property=\"og:locale\" content=\"fr_FR\" \/>\n<meta property=\"og:type\" content=\"article\" \/>\n<meta property=\"og:title\" content=\"Le Vrai Claude 4.0 Pink Geranium - Bantam Wankm\u00fcller SA\" \/>\n<meta property=\"og:description\" content=\"Claude est la veste courte embl\u00e9matique pour les enfants qui adorent le style K-Way. Ce design unisexe est fabriqu\u00e9 \u00e0 partir de notre tissu innovant micro ripstop 4.0, 100 % recycl\u00e9, qui est encore plus r\u00e9sistant aux intemp\u00e9ries et respirant gr\u00e2ce \u00e0 sa r\u00e9sistance \u00e0 l\u2019eau de 10K et sa capacit\u00e9 respirante de 10K, avec [&hellip;]\" \/>\n<meta property=\"og:url\" content=\"https:\/\/shop.bantam.ch\/fr\/produit\/le-vrai-claude-4-0-pink-geranium\/\" \/>\n<meta property=\"og:site_name\" content=\"Bantam Wankm\u00fcller SA\" \/>\n<meta property=\"article:modified_time\" content=\"2026-04-18T00:55:34+00:00\" \/>\n<meta property=\"og:image\" content=\"https:\/\/shop.bantam.ch\/wp-content\/uploads\/2026\/03\/79426007.jpg\" \/>\n\t<meta property=\"og:image:width\" content=\"800\" \/>\n\t<meta property=\"og:image:height\" content=\"800\" \/>\n\t<meta property=\"og:image:type\" content=\"image\/jpeg\" \/>\n<meta name=\"twitter:card\" content=\"summary_large_image\" \/>\n<meta name=\"twitter:label1\" content=\"Dur\u00e9e de lecture estim\u00e9e\" \/>\n\t<meta name=\"twitter:data1\" content=\"1 minute\" \/>\n<script type=\"application\/ld+json\" class=\"yoast-schema-graph\">{\"@context\":\"https:\\\/\\\/schema.org\",\"@graph\":[{\"@type\":\"WebPage\",\"@id\":\"https:\\\/\\\/shop.bantam.ch\\\/fr\\\/produit\\\/le-vrai-claude-4-0-pink-geranium\\\/\",\"url\":\"https:\\\/\\\/shop.bantam.ch\\\/fr\\\/produit\\\/le-vrai-claude-4-0-pink-geranium\\\/\",\"name\":\"Le Vrai Claude 4.0 Pink Geranium - Bantam Wankm\u00fcller SA\",\"isPartOf\":{\"@id\":\"https:\\\/\\\/shop.bantam.ch\\\/fr\\\/#website\"},\"primaryImageOfPage\":{\"@id\":\"https:\\\/\\\/shop.bantam.ch\\\/fr\\\/produit\\\/le-vrai-claude-4-0-pink-geranium\\\/#primaryimage\"},\"image\":{\"@id\":\"https:\\\/\\\/shop.bantam.ch\\\/fr\\\/produit\\\/le-vrai-claude-4-0-pink-geranium\\\/#primaryimage\"},\"thumbnailUrl\":\"https:\\\/\\\/shop.bantam.ch\\\/wp-content\\\/uploads\\\/2026\\\/03\\\/79426007.jpg\",\"datePublished\":\"2026-03-10T15:43:16+00:00\",\"dateModified\":\"2026-04-18T00:55:34+00:00\",\"breadcrumb\":{\"@id\":\"https:\\\/\\\/shop.bantam.ch\\\/fr\\\/produit\\\/le-vrai-claude-4-0-pink-geranium\\\/#breadcrumb\"},\"inLanguage\":\"fr-FR\",\"potentialAction\":[{\"@type\":\"ReadAction\",\"target\":[\"https:\\\/\\\/shop.bantam.ch\\\/fr\\\/produit\\\/le-vrai-claude-4-0-pink-geranium\\\/\"]}]},{\"@type\":\"ImageObject\",\"inLanguage\":\"fr-FR\",\"@id\":\"https:\\\/\\\/shop.bantam.ch\\\/fr\\\/produit\\\/le-vrai-claude-4-0-pink-geranium\\\/#primaryimage\",\"url\":\"https:\\\/\\\/shop.bantam.ch\\\/wp-content\\\/uploads\\\/2026\\\/03\\\/79426007.jpg\",\"contentUrl\":\"https:\\\/\\\/shop.bantam.ch\\\/wp-content\\\/uploads\\\/2026\\\/03\\\/79426007.jpg\",\"width\":800,\"height\":800},{\"@type\":\"BreadcrumbList\",\"@id\":\"https:\\\/\\\/shop.bantam.ch\\\/fr\\\/produit\\\/le-vrai-claude-4-0-pink-geranium\\\/#breadcrumb\",\"itemListElement\":[{\"@type\":\"ListItem\",\"position\":1,\"name\":\"Accueil\",\"item\":\"https:\\\/\\\/shop.bantam.ch\\\/fr\\\/\"},{\"@type\":\"ListItem\",\"position\":2,\"name\":\"Boutique\",\"item\":\"https:\\\/\\\/shop.bantam.ch\\\/fr\\\/boutique\\\/\"},{\"@type\":\"ListItem\",\"position\":3,\"name\":\"Le Vrai Claude 4.0 Pink Geranium\"}]},{\"@type\":\"WebSite\",\"@id\":\"https:\\\/\\\/shop.bantam.ch\\\/fr\\\/#website\",\"url\":\"https:\\\/\\\/shop.bantam.ch\\\/fr\\\/\",\"name\":\"Bantam Wankm\u00fcller SA\",\"description\":\"\",\"publisher\":{\"@id\":\"https:\\\/\\\/shop.bantam.ch\\\/fr\\\/#organization\"},\"inLanguage\":\"fr-FR\"},{\"@type\":\"Organization\",\"@id\":\"https:\\\/\\\/shop.bantam.ch\\\/fr\\\/#organization\",\"name\":\"Bantam Wankm\u00fcller SA\",\"url\":\"https:\\\/\\\/shop.bantam.ch\\\/fr\\\/\",\"logo\":{\"@type\":\"ImageObject\",\"inLanguage\":\"fr-FR\",\"@id\":\"https:\\\/\\\/shop.bantam.ch\\\/fr\\\/#\\\/schema\\\/logo\\\/image\\\/\",\"url\":\"https:\\\/\\\/shop.bantam.ch\\\/wp-content\\\/uploads\\\/2022\\\/12\\\/bantam-logo.png\",\"contentUrl\":\"https:\\\/\\\/shop.bantam.ch\\\/wp-content\\\/uploads\\\/2022\\\/12\\\/bantam-logo.png\",\"width\":320,\"height\":71,\"caption\":\"Bantam Wankm\u00fcller SA\"},\"image\":{\"@id\":\"https:\\\/\\\/shop.bantam.ch\\\/fr\\\/#\\\/schema\\\/logo\\\/image\\\/\"}}]}<\/script>\n<!-- \/ Yoast SEO plugin. -->","yoast_head_json":{"title":"Le Vrai Claude 4.0 Pink Geranium - Bantam Wankm\u00fcller SA","robots":{"index":"index","follow":"follow","max-snippet":"max-snippet:-1","max-image-preview":"max-image-preview:large","max-video-preview":"max-video-preview:-1"},"canonical":"https:\/\/shop.bantam.ch\/fr\/produit\/le-vrai-claude-4-0-pink-geranium\/","og_locale":"fr_FR","og_type":"article","og_title":"Le Vrai Claude 4.0 Pink Geranium - Bantam Wankm\u00fcller SA","og_description":"Claude est la veste courte embl\u00e9matique pour les enfants qui adorent le style K-Way. Ce design unisexe est fabriqu\u00e9 \u00e0 partir de notre tissu innovant micro ripstop 4.0, 100 % recycl\u00e9, qui est encore plus r\u00e9sistant aux intemp\u00e9ries et respirant gr\u00e2ce \u00e0 sa r\u00e9sistance \u00e0 l\u2019eau de 10K et sa capacit\u00e9 respirante de 10K, avec [&hellip;]","og_url":"https:\/\/shop.bantam.ch\/fr\/produit\/le-vrai-claude-4-0-pink-geranium\/","og_site_name":"Bantam Wankm\u00fcller SA","article_modified_time":"2026-04-18T00:55:34+00:00","og_image":[{"width":800,"height":800,"url":"https:\/\/shop.bantam.ch\/wp-content\/uploads\/2026\/03\/79426007.jpg","type":"image\/jpeg"}],"twitter_card":"summary_large_image","twitter_misc":{"Dur\u00e9e de lecture estim\u00e9e":"1 minute"},"schema":{"@context":"https:\/\/schema.org","@graph":[{"@type":"WebPage","@id":"https:\/\/shop.bantam.ch\/fr\/produit\/le-vrai-claude-4-0-pink-geranium\/","url":"https:\/\/shop.bantam.ch\/fr\/produit\/le-vrai-claude-4-0-pink-geranium\/","name":"Le Vrai Claude 4.0 Pink Geranium - Bantam Wankm\u00fcller SA","isPartOf":{"@id":"https:\/\/shop.bantam.ch\/fr\/#website"},"primaryImageOfPage":{"@id":"https:\/\/shop.bantam.ch\/fr\/produit\/le-vrai-claude-4-0-pink-geranium\/#primaryimage"},"image":{"@id":"https:\/\/shop.bantam.ch\/fr\/produit\/le-vrai-claude-4-0-pink-geranium\/#primaryimage"},"thumbnailUrl":"https:\/\/shop.bantam.ch\/wp-content\/uploads\/2026\/03\/79426007.jpg","datePublished":"2026-03-10T15:43:16+00:00","dateModified":"2026-04-18T00:55:34+00:00","breadcrumb":{"@id":"https:\/\/shop.bantam.ch\/fr\/produit\/le-vrai-claude-4-0-pink-geranium\/#breadcrumb"},"inLanguage":"fr-FR","potentialAction":[{"@type":"ReadAction","target":["https:\/\/shop.bantam.ch\/fr\/produit\/le-vrai-claude-4-0-pink-geranium\/"]}]},{"@type":"ImageObject","inLanguage":"fr-FR","@id":"https:\/\/shop.bantam.ch\/fr\/produit\/le-vrai-claude-4-0-pink-geranium\/#primaryimage","url":"https:\/\/shop.bantam.ch\/wp-content\/uploads\/2026\/03\/79426007.jpg","contentUrl":"https:\/\/shop.bantam.ch\/wp-content\/uploads\/2026\/03\/79426007.jpg","width":800,"height":800},{"@type":"BreadcrumbList","@id":"https:\/\/shop.bantam.ch\/fr\/produit\/le-vrai-claude-4-0-pink-geranium\/#breadcrumb","itemListElement":[{"@type":"ListItem","position":1,"name":"Accueil","item":"https:\/\/shop.bantam.ch\/fr\/"},{"@type":"ListItem","position":2,"name":"Boutique","item":"https:\/\/shop.bantam.ch\/fr\/boutique\/"},{"@type":"ListItem","position":3,"name":"Le Vrai Claude 4.0 Pink Geranium"}]},{"@type":"WebSite","@id":"https:\/\/shop.bantam.ch\/fr\/#website","url":"https:\/\/shop.bantam.ch\/fr\/","name":"Bantam Wankm\u00fcller SA","description":"","publisher":{"@id":"https:\/\/shop.bantam.ch\/fr\/#organization"},"inLanguage":"fr-FR"},{"@type":"Organization","@id":"https:\/\/shop.bantam.ch\/fr\/#organization","name":"Bantam Wankm\u00fcller SA","url":"https:\/\/shop.bantam.ch\/fr\/","logo":{"@type":"ImageObject","inLanguage":"fr-FR","@id":"https:\/\/shop.bantam.ch\/fr\/#\/schema\/logo\/image\/","url":"https:\/\/shop.bantam.ch\/wp-content\/uploads\/2022\/12\/bantam-logo.png","contentUrl":"https:\/\/shop.bantam.ch\/wp-content\/uploads\/2022\/12\/bantam-logo.png","width":320,"height":71,"caption":"Bantam Wankm\u00fcller SA"},"image":{"@id":"https:\/\/shop.bantam.ch\/fr\/#\/schema\/logo\/image\/"}}]}},"_links":{"self":[{"href":"https:\/\/shop.bantam.ch\/fr\/wp-json\/wp\/v2\/product\/234725","targetHints":{"allow":["GET"]}}],"collection":[{"href":"https:\/\/shop.bantam.ch\/fr\/wp-json\/wp\/v2\/product"}],"about":[{"href":"https:\/\/shop.bantam.ch\/fr\/wp-json\/wp\/v2\/types\/product"}],"wp:featuredmedia":[{"embeddable":true,"href":"https:\/\/shop.bantam.ch\/fr\/wp-json\/wp\/v2\/media\/234721"}],"wp:attachment":[{"href":"https:\/\/shop.bantam.ch\/fr\/wp-json\/wp\/v2\/media?parent=234725"}],"wp:term":[{"taxonomy":"product_featured_cat","embeddable":true,"href":"https:\/\/shop.bantam.ch\/fr\/wp-json\/wp\/v2\/product_featured_cat?post=234725"},{"taxonomy":"product_brand","embeddable":true,"href":"https:\/\/shop.bantam.ch\/fr\/wp-json\/wp\/v2\/product_brand?post=234725"},{"taxonomy":"product_cat","embeddable":true,"href":"https:\/\/shop.bantam.ch\/fr\/wp-json\/wp\/v2\/product_cat?post=234725"},{"taxonomy":"product_tag","embeddable":true,"href":"https:\/\/shop.bantam.ch\/fr\/wp-json\/wp\/v2\/product_tag?post=234725"}],"curies":[{"name":"wp","href":"https:\/\/api.w.org\/{rel}","templated":true}]}}