{"id":234662,"date":"2026-03-09T10:27:54","date_gmt":"2026-03-09T09:27:54","guid":{"rendered":"https:\/\/shop.bantam.ch\/produit\/auvent-traverse-air-low\/"},"modified":"2026-04-19T00:01:58","modified_gmt":"2026-04-18T22:01:58","slug":"auvent-traverse-air-low","status":"publish","type":"product","link":"https:\/\/shop.bantam.ch\/fr\/produit\/auvent-traverse-air-low\/","title":{"rendered":"Auvent Traverse Air Low"},"content":{"rendered":"<p>D\u00e9couvrez la libert\u00e9 du camping avec le Traverse AIR \u2013 le auvent gonflable qui s\u2019adapte facilement \u00e0 votre campervan ou fourgon am\u00e9nag\u00e9. Que vous planifiez une aventure en montagne ou des vacances relax sur la plage, ce auvent vous offre un espace de vie suppl\u00e9mentaire parfait. Gr\u00e2ce \u00e0 son montage rapide et ses mat\u00e9riaux robustes, il devient le compagnon id\u00e9al de vos voyages.<br \/>\nFlexibilit\u00e9 en hauteur : Disponible en deux hauteurs pour s\u2019adapter parfaitement \u00e0 votre v\u00e9hicule. Avant-toit int\u00e9gr\u00e9 : Prot\u00e8ge des intemp\u00e9ries et offre un espace de rangement suppl\u00e9mentaire. Syst\u00e8me Quick-Pitch : Permet un montage rapide et facile, pour que vous profitiez davantage de votre aventure. Mat\u00e9riaux robustes : Fabriqu\u00e9 en polyester 150D durable pour une longue dur\u00e9e de vie. Fen\u00eatres g\u00e9n\u00e9reuses : Offrent beaucoup de lumi\u00e8re et cr\u00e9ent une atmosph\u00e8re agr\u00e9able \u00e0 l\u2019int\u00e9rieur. Acc\u00e8s polyvalents : Deux entr\u00e9es dans le tunnel de raccordement pour plus de flexibilit\u00e9. Caract\u00e9ristiques techniques : Hauteurs de montage : Basse 80\u2013210 cm, Moyenne 230\u2013265 cm. Mat\u00e9riau : Polyester 150D. Tapis de sol int\u00e9gr\u00e9. Structure gonflable. rand auvent avant. Porte avant double couche avec moustiquaire. Rideaux zipp\u00e9s au toucher doux. Sangles Quick-Pitch. C\u00e2bles de temp\u00eate. Compatible Sabre-Flex. Sangles de fixation. Pr\u00e9par\u00e9 pour barres et pinces. Accessoires optionnels : Tapis en polaire &amp; tapis de sol Footprint. Dimensions : Largeur 300 cm, Longueur 205 + 90 cm, Hauteur 210 cm. Dimensions pli\u00e9 : L 74 x l 34 x H 34 cm. Poids : 16,7 kg<\/p>\n","protected":false},"excerpt":{"rendered":"<p>D\u00e9couvrez la libert\u00e9 du camping avec le Traverse AIR \u2013 le auvent gonflable qui s\u2019adapte facilement \u00e0 votre campervan ou fourgon am\u00e9nag\u00e9. Que vous planifiez une aventure en montagne ou des vacances relax sur la plage, ce auvent vous offre un espace de vie suppl\u00e9mentaire parfait. Gr\u00e2ce \u00e0 son montage rapide et ses mat\u00e9riaux robustes, [&hellip;]<\/p>\n","protected":false},"featured_media":234658,"template":"","meta":{"_acf_changed":false},"product_featured_cat":[],"product_brand":[3716],"product_cat":[4247],"product_tag":[],"class_list":{"0":"post-234662","1":"product","2":"type-product","3":"status-publish","4":"has-post-thumbnail","6":"product_brand-kundert","7":"product_cat-auvents","9":"first","10":"instock","11":"taxable","12":"shipping-taxable","13":"purchasable","14":"product-type-simple"},"acf":[],"yoast_head":"<!-- This site is optimized with the Yoast SEO plugin v27.4 - https:\/\/yoast.com\/product\/yoast-seo-wordpress\/ -->\n<title>Auvent Traverse Air Low - Bantam Wankm\u00fcller SA<\/title>\n<meta name=\"robots\" content=\"index, follow, max-snippet:-1, max-image-preview:large, max-video-preview:-1\" \/>\n<link rel=\"canonical\" href=\"https:\/\/shop.bantam.ch\/fr\/produit\/auvent-traverse-air-low\/\" \/>\n<meta property=\"og:locale\" content=\"fr_FR\" \/>\n<meta property=\"og:type\" content=\"article\" \/>\n<meta property=\"og:title\" content=\"Auvent Traverse Air Low - Bantam Wankm\u00fcller SA\" \/>\n<meta property=\"og:description\" content=\"D\u00e9couvrez la libert\u00e9 du camping avec le Traverse AIR \u2013 le auvent gonflable qui s\u2019adapte facilement \u00e0 votre campervan ou fourgon am\u00e9nag\u00e9. Que vous planifiez une aventure en montagne ou des vacances relax sur la plage, ce auvent vous offre un espace de vie suppl\u00e9mentaire parfait. Gr\u00e2ce \u00e0 son montage rapide et ses mat\u00e9riaux robustes, [&hellip;]\" \/>\n<meta property=\"og:url\" content=\"https:\/\/shop.bantam.ch\/fr\/produit\/auvent-traverse-air-low\/\" \/>\n<meta property=\"og:site_name\" content=\"Bantam Wankm\u00fcller SA\" \/>\n<meta property=\"article:modified_time\" content=\"2026-04-18T22:01:58+00:00\" \/>\n<meta property=\"og:image\" content=\"https:\/\/shop.bantam.ch\/wp-content\/uploads\/2026\/03\/15026010.jpg\" \/>\n\t<meta property=\"og:image:width\" content=\"800\" \/>\n\t<meta property=\"og:image:height\" content=\"446\" \/>\n\t<meta property=\"og:image:type\" content=\"image\/jpeg\" \/>\n<meta name=\"twitter:card\" content=\"summary_large_image\" \/>\n<meta name=\"twitter:label1\" content=\"Dur\u00e9e de lecture estim\u00e9e\" \/>\n\t<meta name=\"twitter:data1\" content=\"1 minute\" \/>\n<script type=\"application\/ld+json\" class=\"yoast-schema-graph\">{\"@context\":\"https:\\\/\\\/schema.org\",\"@graph\":[{\"@type\":\"WebPage\",\"@id\":\"https:\\\/\\\/shop.bantam.ch\\\/fr\\\/produit\\\/auvent-traverse-air-low\\\/\",\"url\":\"https:\\\/\\\/shop.bantam.ch\\\/fr\\\/produit\\\/auvent-traverse-air-low\\\/\",\"name\":\"Auvent Traverse Air Low - Bantam Wankm\u00fcller SA\",\"isPartOf\":{\"@id\":\"https:\\\/\\\/shop.bantam.ch\\\/fr\\\/#website\"},\"primaryImageOfPage\":{\"@id\":\"https:\\\/\\\/shop.bantam.ch\\\/fr\\\/produit\\\/auvent-traverse-air-low\\\/#primaryimage\"},\"image\":{\"@id\":\"https:\\\/\\\/shop.bantam.ch\\\/fr\\\/produit\\\/auvent-traverse-air-low\\\/#primaryimage\"},\"thumbnailUrl\":\"https:\\\/\\\/shop.bantam.ch\\\/wp-content\\\/uploads\\\/2026\\\/03\\\/15026010.jpg\",\"datePublished\":\"2026-03-09T09:27:54+00:00\",\"dateModified\":\"2026-04-18T22:01:58+00:00\",\"breadcrumb\":{\"@id\":\"https:\\\/\\\/shop.bantam.ch\\\/fr\\\/produit\\\/auvent-traverse-air-low\\\/#breadcrumb\"},\"inLanguage\":\"fr-FR\",\"potentialAction\":[{\"@type\":\"ReadAction\",\"target\":[\"https:\\\/\\\/shop.bantam.ch\\\/fr\\\/produit\\\/auvent-traverse-air-low\\\/\"]}]},{\"@type\":\"ImageObject\",\"inLanguage\":\"fr-FR\",\"@id\":\"https:\\\/\\\/shop.bantam.ch\\\/fr\\\/produit\\\/auvent-traverse-air-low\\\/#primaryimage\",\"url\":\"https:\\\/\\\/shop.bantam.ch\\\/wp-content\\\/uploads\\\/2026\\\/03\\\/15026010.jpg\",\"contentUrl\":\"https:\\\/\\\/shop.bantam.ch\\\/wp-content\\\/uploads\\\/2026\\\/03\\\/15026010.jpg\",\"width\":800,\"height\":446},{\"@type\":\"BreadcrumbList\",\"@id\":\"https:\\\/\\\/shop.bantam.ch\\\/fr\\\/produit\\\/auvent-traverse-air-low\\\/#breadcrumb\",\"itemListElement\":[{\"@type\":\"ListItem\",\"position\":1,\"name\":\"Accueil\",\"item\":\"https:\\\/\\\/shop.bantam.ch\\\/fr\\\/\"},{\"@type\":\"ListItem\",\"position\":2,\"name\":\"Boutique\",\"item\":\"https:\\\/\\\/shop.bantam.ch\\\/fr\\\/boutique\\\/\"},{\"@type\":\"ListItem\",\"position\":3,\"name\":\"Auvent Traverse Air Low\"}]},{\"@type\":\"WebSite\",\"@id\":\"https:\\\/\\\/shop.bantam.ch\\\/fr\\\/#website\",\"url\":\"https:\\\/\\\/shop.bantam.ch\\\/fr\\\/\",\"name\":\"Bantam Wankm\u00fcller SA\",\"description\":\"\",\"publisher\":{\"@id\":\"https:\\\/\\\/shop.bantam.ch\\\/fr\\\/#organization\"},\"inLanguage\":\"fr-FR\"},{\"@type\":\"Organization\",\"@id\":\"https:\\\/\\\/shop.bantam.ch\\\/fr\\\/#organization\",\"name\":\"Bantam Wankm\u00fcller SA\",\"url\":\"https:\\\/\\\/shop.bantam.ch\\\/fr\\\/\",\"logo\":{\"@type\":\"ImageObject\",\"inLanguage\":\"fr-FR\",\"@id\":\"https:\\\/\\\/shop.bantam.ch\\\/fr\\\/#\\\/schema\\\/logo\\\/image\\\/\",\"url\":\"https:\\\/\\\/shop.bantam.ch\\\/wp-content\\\/uploads\\\/2022\\\/12\\\/bantam-logo.png\",\"contentUrl\":\"https:\\\/\\\/shop.bantam.ch\\\/wp-content\\\/uploads\\\/2022\\\/12\\\/bantam-logo.png\",\"width\":320,\"height\":71,\"caption\":\"Bantam Wankm\u00fcller SA\"},\"image\":{\"@id\":\"https:\\\/\\\/shop.bantam.ch\\\/fr\\\/#\\\/schema\\\/logo\\\/image\\\/\"}}]}<\/script>\n<!-- \/ Yoast SEO plugin. -->","yoast_head_json":{"title":"Auvent Traverse Air Low - Bantam Wankm\u00fcller SA","robots":{"index":"index","follow":"follow","max-snippet":"max-snippet:-1","max-image-preview":"max-image-preview:large","max-video-preview":"max-video-preview:-1"},"canonical":"https:\/\/shop.bantam.ch\/fr\/produit\/auvent-traverse-air-low\/","og_locale":"fr_FR","og_type":"article","og_title":"Auvent Traverse Air Low - Bantam Wankm\u00fcller SA","og_description":"D\u00e9couvrez la libert\u00e9 du camping avec le Traverse AIR \u2013 le auvent gonflable qui s\u2019adapte facilement \u00e0 votre campervan ou fourgon am\u00e9nag\u00e9. Que vous planifiez une aventure en montagne ou des vacances relax sur la plage, ce auvent vous offre un espace de vie suppl\u00e9mentaire parfait. Gr\u00e2ce \u00e0 son montage rapide et ses mat\u00e9riaux robustes, [&hellip;]","og_url":"https:\/\/shop.bantam.ch\/fr\/produit\/auvent-traverse-air-low\/","og_site_name":"Bantam Wankm\u00fcller SA","article_modified_time":"2026-04-18T22:01:58+00:00","og_image":[{"width":800,"height":446,"url":"https:\/\/shop.bantam.ch\/wp-content\/uploads\/2026\/03\/15026010.jpg","type":"image\/jpeg"}],"twitter_card":"summary_large_image","twitter_misc":{"Dur\u00e9e de lecture estim\u00e9e":"1 minute"},"schema":{"@context":"https:\/\/schema.org","@graph":[{"@type":"WebPage","@id":"https:\/\/shop.bantam.ch\/fr\/produit\/auvent-traverse-air-low\/","url":"https:\/\/shop.bantam.ch\/fr\/produit\/auvent-traverse-air-low\/","name":"Auvent Traverse Air Low - Bantam Wankm\u00fcller SA","isPartOf":{"@id":"https:\/\/shop.bantam.ch\/fr\/#website"},"primaryImageOfPage":{"@id":"https:\/\/shop.bantam.ch\/fr\/produit\/auvent-traverse-air-low\/#primaryimage"},"image":{"@id":"https:\/\/shop.bantam.ch\/fr\/produit\/auvent-traverse-air-low\/#primaryimage"},"thumbnailUrl":"https:\/\/shop.bantam.ch\/wp-content\/uploads\/2026\/03\/15026010.jpg","datePublished":"2026-03-09T09:27:54+00:00","dateModified":"2026-04-18T22:01:58+00:00","breadcrumb":{"@id":"https:\/\/shop.bantam.ch\/fr\/produit\/auvent-traverse-air-low\/#breadcrumb"},"inLanguage":"fr-FR","potentialAction":[{"@type":"ReadAction","target":["https:\/\/shop.bantam.ch\/fr\/produit\/auvent-traverse-air-low\/"]}]},{"@type":"ImageObject","inLanguage":"fr-FR","@id":"https:\/\/shop.bantam.ch\/fr\/produit\/auvent-traverse-air-low\/#primaryimage","url":"https:\/\/shop.bantam.ch\/wp-content\/uploads\/2026\/03\/15026010.jpg","contentUrl":"https:\/\/shop.bantam.ch\/wp-content\/uploads\/2026\/03\/15026010.jpg","width":800,"height":446},{"@type":"BreadcrumbList","@id":"https:\/\/shop.bantam.ch\/fr\/produit\/auvent-traverse-air-low\/#breadcrumb","itemListElement":[{"@type":"ListItem","position":1,"name":"Accueil","item":"https:\/\/shop.bantam.ch\/fr\/"},{"@type":"ListItem","position":2,"name":"Boutique","item":"https:\/\/shop.bantam.ch\/fr\/boutique\/"},{"@type":"ListItem","position":3,"name":"Auvent Traverse Air Low"}]},{"@type":"WebSite","@id":"https:\/\/shop.bantam.ch\/fr\/#website","url":"https:\/\/shop.bantam.ch\/fr\/","name":"Bantam Wankm\u00fcller SA","description":"","publisher":{"@id":"https:\/\/shop.bantam.ch\/fr\/#organization"},"inLanguage":"fr-FR"},{"@type":"Organization","@id":"https:\/\/shop.bantam.ch\/fr\/#organization","name":"Bantam Wankm\u00fcller SA","url":"https:\/\/shop.bantam.ch\/fr\/","logo":{"@type":"ImageObject","inLanguage":"fr-FR","@id":"https:\/\/shop.bantam.ch\/fr\/#\/schema\/logo\/image\/","url":"https:\/\/shop.bantam.ch\/wp-content\/uploads\/2022\/12\/bantam-logo.png","contentUrl":"https:\/\/shop.bantam.ch\/wp-content\/uploads\/2022\/12\/bantam-logo.png","width":320,"height":71,"caption":"Bantam Wankm\u00fcller SA"},"image":{"@id":"https:\/\/shop.bantam.ch\/fr\/#\/schema\/logo\/image\/"}}]}},"_links":{"self":[{"href":"https:\/\/shop.bantam.ch\/fr\/wp-json\/wp\/v2\/product\/234662","targetHints":{"allow":["GET"]}}],"collection":[{"href":"https:\/\/shop.bantam.ch\/fr\/wp-json\/wp\/v2\/product"}],"about":[{"href":"https:\/\/shop.bantam.ch\/fr\/wp-json\/wp\/v2\/types\/product"}],"wp:featuredmedia":[{"embeddable":true,"href":"https:\/\/shop.bantam.ch\/fr\/wp-json\/wp\/v2\/media\/234658"}],"wp:attachment":[{"href":"https:\/\/shop.bantam.ch\/fr\/wp-json\/wp\/v2\/media?parent=234662"}],"wp:term":[{"taxonomy":"product_featured_cat","embeddable":true,"href":"https:\/\/shop.bantam.ch\/fr\/wp-json\/wp\/v2\/product_featured_cat?post=234662"},{"taxonomy":"product_brand","embeddable":true,"href":"https:\/\/shop.bantam.ch\/fr\/wp-json\/wp\/v2\/product_brand?post=234662"},{"taxonomy":"product_cat","embeddable":true,"href":"https:\/\/shop.bantam.ch\/fr\/wp-json\/wp\/v2\/product_cat?post=234662"},{"taxonomy":"product_tag","embeddable":true,"href":"https:\/\/shop.bantam.ch\/fr\/wp-json\/wp\/v2\/product_tag?post=234662"}],"curies":[{"name":"wp","href":"https:\/\/api.w.org\/{rel}","templated":true}]}}