{"id":234656,"date":"2026-03-09T10:20:32","date_gmt":"2026-03-09T09:20:32","guid":{"rendered":"https:\/\/shop.bantam.ch\/produit\/auvent-winter-air-pvc-180-m\/"},"modified":"2026-04-19T00:01:58","modified_gmt":"2026-04-18T22:01:58","slug":"auvent-winter-air-pvc-180-m","status":"publish","type":"product","link":"https:\/\/shop.bantam.ch\/fr\/produit\/auvent-winter-air-pvc-180-m\/","title":{"rendered":"Auvent Winter AIR PVC 180 M"},"content":{"rendered":"<p>Con\u00e7u pour les camping-cars et les caravanes, le sas neige Winter AIR PVC est con\u00e7u pour r\u00e9sister aux \u00e9l\u00e9ments. Fabriqu\u00e9 en Weathershield\u2122 PVC r\u00e9sistant, il est \u00e9quip\u00e9 de fonctionnalit\u00e9s pratiques telles qu\u2019une double paroi anti-boue, des sangles anti-temp\u00eate et des piquets robustes en standard. Des \u00e9l\u00e9ments bien pens\u00e9s comme une porte avant enroulable sur le c\u00f4t\u00e9 pour un acc\u00e8s facile et des tirettes de fermeture \u00e9clair surdimensionn\u00e9es, adapt\u00e9es aux gants, apportent plus de facilit\u00e9 et de fonctionnalit\u00e9, ce qui le rend id\u00e9al pour les aventures hivernales.<\/p>\n","protected":false},"excerpt":{"rendered":"<p>Con\u00e7u pour les camping-cars et les caravanes, le sas neige Winter AIR PVC est con\u00e7u pour r\u00e9sister aux \u00e9l\u00e9ments. Fabriqu\u00e9 en Weathershield\u2122 PVC r\u00e9sistant, il est \u00e9quip\u00e9 de fonctionnalit\u00e9s pratiques telles qu\u2019une double paroi anti-boue, des sangles anti-temp\u00eate et des piquets robustes en standard. Des \u00e9l\u00e9ments bien pens\u00e9s comme une porte avant enroulable sur le [&hellip;]<\/p>\n","protected":false},"featured_media":234652,"template":"","meta":{"_acf_changed":false},"product_featured_cat":[],"product_brand":[3716],"product_cat":[4247],"product_tag":[],"class_list":{"0":"post-234656","1":"product","2":"type-product","3":"status-publish","4":"has-post-thumbnail","6":"product_brand-kundert","7":"product_cat-auvents","9":"first","10":"instock","11":"taxable","12":"shipping-taxable","13":"purchasable","14":"product-type-simple"},"acf":[],"yoast_head":"<!-- This site is optimized with the Yoast SEO plugin v27.4 - https:\/\/yoast.com\/product\/yoast-seo-wordpress\/ -->\n<title>Auvent Winter AIR PVC 180 M - Bantam Wankm\u00fcller SA<\/title>\n<meta name=\"robots\" content=\"index, follow, max-snippet:-1, max-image-preview:large, max-video-preview:-1\" \/>\n<link rel=\"canonical\" href=\"https:\/\/shop.bantam.ch\/fr\/produit\/auvent-winter-air-pvc-180-m\/\" \/>\n<meta property=\"og:locale\" content=\"fr_FR\" \/>\n<meta property=\"og:type\" content=\"article\" \/>\n<meta property=\"og:title\" content=\"Auvent Winter AIR PVC 180 M - Bantam Wankm\u00fcller SA\" \/>\n<meta property=\"og:description\" content=\"Con\u00e7u pour les camping-cars et les caravanes, le sas neige Winter AIR PVC est con\u00e7u pour r\u00e9sister aux \u00e9l\u00e9ments. Fabriqu\u00e9 en Weathershield\u2122 PVC r\u00e9sistant, il est \u00e9quip\u00e9 de fonctionnalit\u00e9s pratiques telles qu\u2019une double paroi anti-boue, des sangles anti-temp\u00eate et des piquets robustes en standard. Des \u00e9l\u00e9ments bien pens\u00e9s comme une porte avant enroulable sur le [&hellip;]\" \/>\n<meta property=\"og:url\" content=\"https:\/\/shop.bantam.ch\/fr\/produit\/auvent-winter-air-pvc-180-m\/\" \/>\n<meta property=\"og:site_name\" content=\"Bantam Wankm\u00fcller SA\" \/>\n<meta property=\"article:modified_time\" content=\"2026-04-18T22:01:58+00:00\" \/>\n<meta property=\"og:image\" content=\"https:\/\/shop.bantam.ch\/wp-content\/uploads\/2026\/03\/15026009.jpg\" \/>\n\t<meta property=\"og:image:width\" content=\"800\" \/>\n\t<meta property=\"og:image:height\" content=\"800\" \/>\n\t<meta property=\"og:image:type\" content=\"image\/jpeg\" \/>\n<meta name=\"twitter:card\" content=\"summary_large_image\" \/>\n<meta name=\"twitter:label1\" content=\"Dur\u00e9e de lecture estim\u00e9e\" \/>\n\t<meta name=\"twitter:data1\" content=\"1 minute\" \/>\n<script type=\"application\/ld+json\" class=\"yoast-schema-graph\">{\"@context\":\"https:\\\/\\\/schema.org\",\"@graph\":[{\"@type\":\"WebPage\",\"@id\":\"https:\\\/\\\/shop.bantam.ch\\\/fr\\\/produit\\\/auvent-winter-air-pvc-180-m\\\/\",\"url\":\"https:\\\/\\\/shop.bantam.ch\\\/fr\\\/produit\\\/auvent-winter-air-pvc-180-m\\\/\",\"name\":\"Auvent Winter AIR PVC 180 M - Bantam Wankm\u00fcller SA\",\"isPartOf\":{\"@id\":\"https:\\\/\\\/shop.bantam.ch\\\/fr\\\/#website\"},\"primaryImageOfPage\":{\"@id\":\"https:\\\/\\\/shop.bantam.ch\\\/fr\\\/produit\\\/auvent-winter-air-pvc-180-m\\\/#primaryimage\"},\"image\":{\"@id\":\"https:\\\/\\\/shop.bantam.ch\\\/fr\\\/produit\\\/auvent-winter-air-pvc-180-m\\\/#primaryimage\"},\"thumbnailUrl\":\"https:\\\/\\\/shop.bantam.ch\\\/wp-content\\\/uploads\\\/2026\\\/03\\\/15026009.jpg\",\"datePublished\":\"2026-03-09T09:20:32+00:00\",\"dateModified\":\"2026-04-18T22:01:58+00:00\",\"breadcrumb\":{\"@id\":\"https:\\\/\\\/shop.bantam.ch\\\/fr\\\/produit\\\/auvent-winter-air-pvc-180-m\\\/#breadcrumb\"},\"inLanguage\":\"fr-FR\",\"potentialAction\":[{\"@type\":\"ReadAction\",\"target\":[\"https:\\\/\\\/shop.bantam.ch\\\/fr\\\/produit\\\/auvent-winter-air-pvc-180-m\\\/\"]}]},{\"@type\":\"ImageObject\",\"inLanguage\":\"fr-FR\",\"@id\":\"https:\\\/\\\/shop.bantam.ch\\\/fr\\\/produit\\\/auvent-winter-air-pvc-180-m\\\/#primaryimage\",\"url\":\"https:\\\/\\\/shop.bantam.ch\\\/wp-content\\\/uploads\\\/2026\\\/03\\\/15026009.jpg\",\"contentUrl\":\"https:\\\/\\\/shop.bantam.ch\\\/wp-content\\\/uploads\\\/2026\\\/03\\\/15026009.jpg\",\"width\":800,\"height\":800},{\"@type\":\"BreadcrumbList\",\"@id\":\"https:\\\/\\\/shop.bantam.ch\\\/fr\\\/produit\\\/auvent-winter-air-pvc-180-m\\\/#breadcrumb\",\"itemListElement\":[{\"@type\":\"ListItem\",\"position\":1,\"name\":\"Accueil\",\"item\":\"https:\\\/\\\/shop.bantam.ch\\\/fr\\\/\"},{\"@type\":\"ListItem\",\"position\":2,\"name\":\"Boutique\",\"item\":\"https:\\\/\\\/shop.bantam.ch\\\/fr\\\/boutique\\\/\"},{\"@type\":\"ListItem\",\"position\":3,\"name\":\"Auvent Winter AIR PVC 180 M\"}]},{\"@type\":\"WebSite\",\"@id\":\"https:\\\/\\\/shop.bantam.ch\\\/fr\\\/#website\",\"url\":\"https:\\\/\\\/shop.bantam.ch\\\/fr\\\/\",\"name\":\"Bantam Wankm\u00fcller SA\",\"description\":\"\",\"publisher\":{\"@id\":\"https:\\\/\\\/shop.bantam.ch\\\/fr\\\/#organization\"},\"inLanguage\":\"fr-FR\"},{\"@type\":\"Organization\",\"@id\":\"https:\\\/\\\/shop.bantam.ch\\\/fr\\\/#organization\",\"name\":\"Bantam Wankm\u00fcller SA\",\"url\":\"https:\\\/\\\/shop.bantam.ch\\\/fr\\\/\",\"logo\":{\"@type\":\"ImageObject\",\"inLanguage\":\"fr-FR\",\"@id\":\"https:\\\/\\\/shop.bantam.ch\\\/fr\\\/#\\\/schema\\\/logo\\\/image\\\/\",\"url\":\"https:\\\/\\\/shop.bantam.ch\\\/wp-content\\\/uploads\\\/2022\\\/12\\\/bantam-logo.png\",\"contentUrl\":\"https:\\\/\\\/shop.bantam.ch\\\/wp-content\\\/uploads\\\/2022\\\/12\\\/bantam-logo.png\",\"width\":320,\"height\":71,\"caption\":\"Bantam Wankm\u00fcller SA\"},\"image\":{\"@id\":\"https:\\\/\\\/shop.bantam.ch\\\/fr\\\/#\\\/schema\\\/logo\\\/image\\\/\"}}]}<\/script>\n<!-- \/ Yoast SEO plugin. -->","yoast_head_json":{"title":"Auvent Winter AIR PVC 180 M - Bantam Wankm\u00fcller SA","robots":{"index":"index","follow":"follow","max-snippet":"max-snippet:-1","max-image-preview":"max-image-preview:large","max-video-preview":"max-video-preview:-1"},"canonical":"https:\/\/shop.bantam.ch\/fr\/produit\/auvent-winter-air-pvc-180-m\/","og_locale":"fr_FR","og_type":"article","og_title":"Auvent Winter AIR PVC 180 M - Bantam Wankm\u00fcller SA","og_description":"Con\u00e7u pour les camping-cars et les caravanes, le sas neige Winter AIR PVC est con\u00e7u pour r\u00e9sister aux \u00e9l\u00e9ments. Fabriqu\u00e9 en Weathershield\u2122 PVC r\u00e9sistant, il est \u00e9quip\u00e9 de fonctionnalit\u00e9s pratiques telles qu\u2019une double paroi anti-boue, des sangles anti-temp\u00eate et des piquets robustes en standard. Des \u00e9l\u00e9ments bien pens\u00e9s comme une porte avant enroulable sur le [&hellip;]","og_url":"https:\/\/shop.bantam.ch\/fr\/produit\/auvent-winter-air-pvc-180-m\/","og_site_name":"Bantam Wankm\u00fcller SA","article_modified_time":"2026-04-18T22:01:58+00:00","og_image":[{"width":800,"height":800,"url":"https:\/\/shop.bantam.ch\/wp-content\/uploads\/2026\/03\/15026009.jpg","type":"image\/jpeg"}],"twitter_card":"summary_large_image","twitter_misc":{"Dur\u00e9e de lecture estim\u00e9e":"1 minute"},"schema":{"@context":"https:\/\/schema.org","@graph":[{"@type":"WebPage","@id":"https:\/\/shop.bantam.ch\/fr\/produit\/auvent-winter-air-pvc-180-m\/","url":"https:\/\/shop.bantam.ch\/fr\/produit\/auvent-winter-air-pvc-180-m\/","name":"Auvent Winter AIR PVC 180 M - Bantam Wankm\u00fcller SA","isPartOf":{"@id":"https:\/\/shop.bantam.ch\/fr\/#website"},"primaryImageOfPage":{"@id":"https:\/\/shop.bantam.ch\/fr\/produit\/auvent-winter-air-pvc-180-m\/#primaryimage"},"image":{"@id":"https:\/\/shop.bantam.ch\/fr\/produit\/auvent-winter-air-pvc-180-m\/#primaryimage"},"thumbnailUrl":"https:\/\/shop.bantam.ch\/wp-content\/uploads\/2026\/03\/15026009.jpg","datePublished":"2026-03-09T09:20:32+00:00","dateModified":"2026-04-18T22:01:58+00:00","breadcrumb":{"@id":"https:\/\/shop.bantam.ch\/fr\/produit\/auvent-winter-air-pvc-180-m\/#breadcrumb"},"inLanguage":"fr-FR","potentialAction":[{"@type":"ReadAction","target":["https:\/\/shop.bantam.ch\/fr\/produit\/auvent-winter-air-pvc-180-m\/"]}]},{"@type":"ImageObject","inLanguage":"fr-FR","@id":"https:\/\/shop.bantam.ch\/fr\/produit\/auvent-winter-air-pvc-180-m\/#primaryimage","url":"https:\/\/shop.bantam.ch\/wp-content\/uploads\/2026\/03\/15026009.jpg","contentUrl":"https:\/\/shop.bantam.ch\/wp-content\/uploads\/2026\/03\/15026009.jpg","width":800,"height":800},{"@type":"BreadcrumbList","@id":"https:\/\/shop.bantam.ch\/fr\/produit\/auvent-winter-air-pvc-180-m\/#breadcrumb","itemListElement":[{"@type":"ListItem","position":1,"name":"Accueil","item":"https:\/\/shop.bantam.ch\/fr\/"},{"@type":"ListItem","position":2,"name":"Boutique","item":"https:\/\/shop.bantam.ch\/fr\/boutique\/"},{"@type":"ListItem","position":3,"name":"Auvent Winter AIR PVC 180 M"}]},{"@type":"WebSite","@id":"https:\/\/shop.bantam.ch\/fr\/#website","url":"https:\/\/shop.bantam.ch\/fr\/","name":"Bantam Wankm\u00fcller SA","description":"","publisher":{"@id":"https:\/\/shop.bantam.ch\/fr\/#organization"},"inLanguage":"fr-FR"},{"@type":"Organization","@id":"https:\/\/shop.bantam.ch\/fr\/#organization","name":"Bantam Wankm\u00fcller SA","url":"https:\/\/shop.bantam.ch\/fr\/","logo":{"@type":"ImageObject","inLanguage":"fr-FR","@id":"https:\/\/shop.bantam.ch\/fr\/#\/schema\/logo\/image\/","url":"https:\/\/shop.bantam.ch\/wp-content\/uploads\/2022\/12\/bantam-logo.png","contentUrl":"https:\/\/shop.bantam.ch\/wp-content\/uploads\/2022\/12\/bantam-logo.png","width":320,"height":71,"caption":"Bantam Wankm\u00fcller SA"},"image":{"@id":"https:\/\/shop.bantam.ch\/fr\/#\/schema\/logo\/image\/"}}]}},"_links":{"self":[{"href":"https:\/\/shop.bantam.ch\/fr\/wp-json\/wp\/v2\/product\/234656","targetHints":{"allow":["GET"]}}],"collection":[{"href":"https:\/\/shop.bantam.ch\/fr\/wp-json\/wp\/v2\/product"}],"about":[{"href":"https:\/\/shop.bantam.ch\/fr\/wp-json\/wp\/v2\/types\/product"}],"wp:featuredmedia":[{"embeddable":true,"href":"https:\/\/shop.bantam.ch\/fr\/wp-json\/wp\/v2\/media\/234652"}],"wp:attachment":[{"href":"https:\/\/shop.bantam.ch\/fr\/wp-json\/wp\/v2\/media?parent=234656"}],"wp:term":[{"taxonomy":"product_featured_cat","embeddable":true,"href":"https:\/\/shop.bantam.ch\/fr\/wp-json\/wp\/v2\/product_featured_cat?post=234656"},{"taxonomy":"product_brand","embeddable":true,"href":"https:\/\/shop.bantam.ch\/fr\/wp-json\/wp\/v2\/product_brand?post=234656"},{"taxonomy":"product_cat","embeddable":true,"href":"https:\/\/shop.bantam.ch\/fr\/wp-json\/wp\/v2\/product_cat?post=234656"},{"taxonomy":"product_tag","embeddable":true,"href":"https:\/\/shop.bantam.ch\/fr\/wp-json\/wp\/v2\/product_tag?post=234656"}],"curies":[{"name":"wp","href":"https:\/\/api.w.org\/{rel}","templated":true}]}}