{"id":234557,"date":"2026-03-06T11:21:17","date_gmt":"2026-03-06T10:21:17","guid":{"rendered":"https:\/\/shop.bantam.ch\/produit\/panneau-back-contact-ibc-155w\/"},"modified":"2026-04-17T23:57:53","modified_gmt":"2026-04-17T21:57:53","slug":"panneau-back-contact-ibc-155w","status":"publish","type":"product","link":"https:\/\/shop.bantam.ch\/fr\/produit\/panneau-back-contact-ibc-155w\/","title":{"rendered":"Panneau Back Contact IBC 155W"},"content":{"rendered":"<p>La R\u00e9volution \u00c9nerg\u00e9tique \u00e0 Bord de Votre V\u00e9hicule de Loisirs. Embarquez dans une nouvelle \u00e8re de l&rsquo;autonomie \u00e9nerg\u00e9tique avec les panneaux solaires EZA, int\u00e9grant la technologie r\u00e9volutionnaire IBC. Con\u00e7us pour red\u00e9finir les standards de performance et d&rsquo;efficacit\u00e9, ces panneaux sont la cl\u00e9 pour un futur plus vert et une ind\u00e9pendance \u00e9nerg\u00e9tique sans pr\u00e9c\u00e9dent. Innovation et Performance avec la Technologie IBC. La technologie IBC (Interdigitated Back Contact) est au c\u0153ur de ces panneaux solaires, permettant de maximiser la conversion de la lumi\u00e8re solaire en \u00e9lectricit\u00e9. En d\u00e9pla\u00e7ant tous les contacts m\u00e9talliques \u00e0 l&rsquo;arri\u00e8re, les cellules solaires b\u00e9n\u00e9ficient d&rsquo;une surface d&rsquo;exposition maximis\u00e9e, r\u00e9duisant les pertes et am\u00e9liorant l&rsquo;efficacit\u00e9 g\u00e9n\u00e9rale. Une Durabilit\u00e9 \u00e0 Toute \u00c9preuve. Construits pour durer, les panneaux solaires EZA avec technologie IBC se distinguent par leur robustesse et leur capacit\u00e9 \u00e0 r\u00e9sister aux conditions les plus extr\u00eames. Leur cadre en aluminium de qualit\u00e9 sup\u00e9rieure garantit une long\u00e9vit\u00e9 et une performance fiables sur le long terme, m\u00eame dans les environnements les plus difficiles. En effet, cette technologie de pointe fait des panneaux solaires EZA , une solution \u00e9nerg\u00e9tique propre et aux performances exceptionnelles. Gr\u00e2ce \u00e0 leur conception innovante, ces panneaux surpassent les mod\u00e8les conventionnels en fournissant des rendements \u00e9lev\u00e9s, m\u00eame dans des conditions d&rsquo;\u00e9clairement variables. Esth\u00e9tique et Performance Combin\u00e9es. Non seulement ces panneaux offrent une performance \u00e9nerg\u00e9tique in\u00e9gal\u00e9e, mais ils brillent \u00e9galement par leur design. Leur face avant int\u00e9gralement noire assure une int\u00e9gration esth\u00e9tique parfaite sur votre v\u00e9hicule de loisirs, alliant technologie de pointe et \u00e9l\u00e9gance. Choisir les panneaux solaires IBC de la marque EZA, c&rsquo;est investir dans l&rsquo;avenir de l&rsquo;\u00e9nergie propre. Red\u00e9finissez votre empreinte carbone et profitez d&rsquo;une source d&rsquo;\u00e9nergie fiable et durable gr\u00e2ce \u00e0 notre gamme de panneaux solaires de pointe.<\/p>\n","protected":false},"excerpt":{"rendered":"<p>La R\u00e9volution \u00c9nerg\u00e9tique \u00e0 Bord de Votre V\u00e9hicule de Loisirs. Embarquez dans une nouvelle \u00e8re de l&rsquo;autonomie \u00e9nerg\u00e9tique avec les panneaux solaires EZA, int\u00e9grant la technologie r\u00e9volutionnaire IBC. Con\u00e7us pour red\u00e9finir les standards de performance et d&rsquo;efficacit\u00e9, ces panneaux sont la cl\u00e9 pour un futur plus vert et une ind\u00e9pendance \u00e9nerg\u00e9tique sans pr\u00e9c\u00e9dent. Innovation et [&hellip;]<\/p>\n","protected":false},"featured_media":234570,"template":"","meta":{"_acf_changed":false},"product_featured_cat":[],"product_brand":[3676],"product_cat":[4879],"product_tag":[],"class_list":{"0":"post-234557","1":"product","2":"type-product","3":"status-publish","4":"has-post-thumbnail","6":"product_brand-eza","7":"product_cat-kits-solaires","9":"first","10":"instock","11":"taxable","12":"shipping-taxable","13":"purchasable","14":"product-type-simple"},"acf":[],"yoast_head":"<!-- This site is optimized with the Yoast SEO plugin v27.4 - https:\/\/yoast.com\/product\/yoast-seo-wordpress\/ -->\n<title>Panneau Back Contact IBC 155W - Bantam Wankm\u00fcller SA<\/title>\n<meta name=\"robots\" content=\"index, follow, max-snippet:-1, max-image-preview:large, max-video-preview:-1\" \/>\n<link rel=\"canonical\" href=\"https:\/\/shop.bantam.ch\/fr\/produit\/panneau-back-contact-ibc-155w\/\" \/>\n<meta property=\"og:locale\" content=\"fr_FR\" \/>\n<meta property=\"og:type\" content=\"article\" \/>\n<meta property=\"og:title\" content=\"Panneau Back Contact IBC 155W - Bantam Wankm\u00fcller SA\" \/>\n<meta property=\"og:description\" content=\"La R\u00e9volution \u00c9nerg\u00e9tique \u00e0 Bord de Votre V\u00e9hicule de Loisirs. Embarquez dans une nouvelle \u00e8re de l&rsquo;autonomie \u00e9nerg\u00e9tique avec les panneaux solaires EZA, int\u00e9grant la technologie r\u00e9volutionnaire IBC. Con\u00e7us pour red\u00e9finir les standards de performance et d&rsquo;efficacit\u00e9, ces panneaux sont la cl\u00e9 pour un futur plus vert et une ind\u00e9pendance \u00e9nerg\u00e9tique sans pr\u00e9c\u00e9dent. Innovation et [&hellip;]\" \/>\n<meta property=\"og:url\" content=\"https:\/\/shop.bantam.ch\/fr\/produit\/panneau-back-contact-ibc-155w\/\" \/>\n<meta property=\"og:site_name\" content=\"Bantam Wankm\u00fcller SA\" \/>\n<meta property=\"article:modified_time\" content=\"2026-04-17T21:57:53+00:00\" \/>\n<meta property=\"og:image\" content=\"https:\/\/shop.bantam.ch\/wp-content\/uploads\/2026\/03\/77326009.jpg\" \/>\n\t<meta property=\"og:image:width\" content=\"455\" \/>\n\t<meta property=\"og:image:height\" content=\"460\" \/>\n\t<meta property=\"og:image:type\" content=\"image\/jpeg\" \/>\n<meta name=\"twitter:card\" content=\"summary_large_image\" \/>\n<meta name=\"twitter:label1\" content=\"Dur\u00e9e de lecture estim\u00e9e\" \/>\n\t<meta name=\"twitter:data1\" content=\"2 minutes\" \/>\n<script type=\"application\/ld+json\" class=\"yoast-schema-graph\">{\"@context\":\"https:\\\/\\\/schema.org\",\"@graph\":[{\"@type\":\"WebPage\",\"@id\":\"https:\\\/\\\/shop.bantam.ch\\\/fr\\\/produit\\\/panneau-back-contact-ibc-155w\\\/\",\"url\":\"https:\\\/\\\/shop.bantam.ch\\\/fr\\\/produit\\\/panneau-back-contact-ibc-155w\\\/\",\"name\":\"Panneau Back Contact IBC 155W - Bantam Wankm\u00fcller SA\",\"isPartOf\":{\"@id\":\"https:\\\/\\\/shop.bantam.ch\\\/fr\\\/#website\"},\"primaryImageOfPage\":{\"@id\":\"https:\\\/\\\/shop.bantam.ch\\\/fr\\\/produit\\\/panneau-back-contact-ibc-155w\\\/#primaryimage\"},\"image\":{\"@id\":\"https:\\\/\\\/shop.bantam.ch\\\/fr\\\/produit\\\/panneau-back-contact-ibc-155w\\\/#primaryimage\"},\"thumbnailUrl\":\"https:\\\/\\\/shop.bantam.ch\\\/wp-content\\\/uploads\\\/2026\\\/03\\\/77326009.jpg\",\"datePublished\":\"2026-03-06T10:21:17+00:00\",\"dateModified\":\"2026-04-17T21:57:53+00:00\",\"breadcrumb\":{\"@id\":\"https:\\\/\\\/shop.bantam.ch\\\/fr\\\/produit\\\/panneau-back-contact-ibc-155w\\\/#breadcrumb\"},\"inLanguage\":\"fr-FR\",\"potentialAction\":[{\"@type\":\"ReadAction\",\"target\":[\"https:\\\/\\\/shop.bantam.ch\\\/fr\\\/produit\\\/panneau-back-contact-ibc-155w\\\/\"]}]},{\"@type\":\"ImageObject\",\"inLanguage\":\"fr-FR\",\"@id\":\"https:\\\/\\\/shop.bantam.ch\\\/fr\\\/produit\\\/panneau-back-contact-ibc-155w\\\/#primaryimage\",\"url\":\"https:\\\/\\\/shop.bantam.ch\\\/wp-content\\\/uploads\\\/2026\\\/03\\\/77326009.jpg\",\"contentUrl\":\"https:\\\/\\\/shop.bantam.ch\\\/wp-content\\\/uploads\\\/2026\\\/03\\\/77326009.jpg\",\"width\":455,\"height\":460},{\"@type\":\"BreadcrumbList\",\"@id\":\"https:\\\/\\\/shop.bantam.ch\\\/fr\\\/produit\\\/panneau-back-contact-ibc-155w\\\/#breadcrumb\",\"itemListElement\":[{\"@type\":\"ListItem\",\"position\":1,\"name\":\"Accueil\",\"item\":\"https:\\\/\\\/shop.bantam.ch\\\/fr\\\/\"},{\"@type\":\"ListItem\",\"position\":2,\"name\":\"Boutique\",\"item\":\"https:\\\/\\\/shop.bantam.ch\\\/fr\\\/boutique\\\/\"},{\"@type\":\"ListItem\",\"position\":3,\"name\":\"Panneau Back Contact IBC 155W\"}]},{\"@type\":\"WebSite\",\"@id\":\"https:\\\/\\\/shop.bantam.ch\\\/fr\\\/#website\",\"url\":\"https:\\\/\\\/shop.bantam.ch\\\/fr\\\/\",\"name\":\"Bantam Wankm\u00fcller SA\",\"description\":\"\",\"publisher\":{\"@id\":\"https:\\\/\\\/shop.bantam.ch\\\/fr\\\/#organization\"},\"inLanguage\":\"fr-FR\"},{\"@type\":\"Organization\",\"@id\":\"https:\\\/\\\/shop.bantam.ch\\\/fr\\\/#organization\",\"name\":\"Bantam Wankm\u00fcller SA\",\"url\":\"https:\\\/\\\/shop.bantam.ch\\\/fr\\\/\",\"logo\":{\"@type\":\"ImageObject\",\"inLanguage\":\"fr-FR\",\"@id\":\"https:\\\/\\\/shop.bantam.ch\\\/fr\\\/#\\\/schema\\\/logo\\\/image\\\/\",\"url\":\"https:\\\/\\\/shop.bantam.ch\\\/wp-content\\\/uploads\\\/2022\\\/12\\\/bantam-logo.png\",\"contentUrl\":\"https:\\\/\\\/shop.bantam.ch\\\/wp-content\\\/uploads\\\/2022\\\/12\\\/bantam-logo.png\",\"width\":320,\"height\":71,\"caption\":\"Bantam Wankm\u00fcller SA\"},\"image\":{\"@id\":\"https:\\\/\\\/shop.bantam.ch\\\/fr\\\/#\\\/schema\\\/logo\\\/image\\\/\"}}]}<\/script>\n<!-- \/ Yoast SEO plugin. -->","yoast_head_json":{"title":"Panneau Back Contact IBC 155W - Bantam Wankm\u00fcller SA","robots":{"index":"index","follow":"follow","max-snippet":"max-snippet:-1","max-image-preview":"max-image-preview:large","max-video-preview":"max-video-preview:-1"},"canonical":"https:\/\/shop.bantam.ch\/fr\/produit\/panneau-back-contact-ibc-155w\/","og_locale":"fr_FR","og_type":"article","og_title":"Panneau Back Contact IBC 155W - Bantam Wankm\u00fcller SA","og_description":"La R\u00e9volution \u00c9nerg\u00e9tique \u00e0 Bord de Votre V\u00e9hicule de Loisirs. Embarquez dans une nouvelle \u00e8re de l&rsquo;autonomie \u00e9nerg\u00e9tique avec les panneaux solaires EZA, int\u00e9grant la technologie r\u00e9volutionnaire IBC. Con\u00e7us pour red\u00e9finir les standards de performance et d&rsquo;efficacit\u00e9, ces panneaux sont la cl\u00e9 pour un futur plus vert et une ind\u00e9pendance \u00e9nerg\u00e9tique sans pr\u00e9c\u00e9dent. Innovation et [&hellip;]","og_url":"https:\/\/shop.bantam.ch\/fr\/produit\/panneau-back-contact-ibc-155w\/","og_site_name":"Bantam Wankm\u00fcller SA","article_modified_time":"2026-04-17T21:57:53+00:00","og_image":[{"width":455,"height":460,"url":"https:\/\/shop.bantam.ch\/wp-content\/uploads\/2026\/03\/77326009.jpg","type":"image\/jpeg"}],"twitter_card":"summary_large_image","twitter_misc":{"Dur\u00e9e de lecture estim\u00e9e":"2 minutes"},"schema":{"@context":"https:\/\/schema.org","@graph":[{"@type":"WebPage","@id":"https:\/\/shop.bantam.ch\/fr\/produit\/panneau-back-contact-ibc-155w\/","url":"https:\/\/shop.bantam.ch\/fr\/produit\/panneau-back-contact-ibc-155w\/","name":"Panneau Back Contact IBC 155W - Bantam Wankm\u00fcller SA","isPartOf":{"@id":"https:\/\/shop.bantam.ch\/fr\/#website"},"primaryImageOfPage":{"@id":"https:\/\/shop.bantam.ch\/fr\/produit\/panneau-back-contact-ibc-155w\/#primaryimage"},"image":{"@id":"https:\/\/shop.bantam.ch\/fr\/produit\/panneau-back-contact-ibc-155w\/#primaryimage"},"thumbnailUrl":"https:\/\/shop.bantam.ch\/wp-content\/uploads\/2026\/03\/77326009.jpg","datePublished":"2026-03-06T10:21:17+00:00","dateModified":"2026-04-17T21:57:53+00:00","breadcrumb":{"@id":"https:\/\/shop.bantam.ch\/fr\/produit\/panneau-back-contact-ibc-155w\/#breadcrumb"},"inLanguage":"fr-FR","potentialAction":[{"@type":"ReadAction","target":["https:\/\/shop.bantam.ch\/fr\/produit\/panneau-back-contact-ibc-155w\/"]}]},{"@type":"ImageObject","inLanguage":"fr-FR","@id":"https:\/\/shop.bantam.ch\/fr\/produit\/panneau-back-contact-ibc-155w\/#primaryimage","url":"https:\/\/shop.bantam.ch\/wp-content\/uploads\/2026\/03\/77326009.jpg","contentUrl":"https:\/\/shop.bantam.ch\/wp-content\/uploads\/2026\/03\/77326009.jpg","width":455,"height":460},{"@type":"BreadcrumbList","@id":"https:\/\/shop.bantam.ch\/fr\/produit\/panneau-back-contact-ibc-155w\/#breadcrumb","itemListElement":[{"@type":"ListItem","position":1,"name":"Accueil","item":"https:\/\/shop.bantam.ch\/fr\/"},{"@type":"ListItem","position":2,"name":"Boutique","item":"https:\/\/shop.bantam.ch\/fr\/boutique\/"},{"@type":"ListItem","position":3,"name":"Panneau Back Contact IBC 155W"}]},{"@type":"WebSite","@id":"https:\/\/shop.bantam.ch\/fr\/#website","url":"https:\/\/shop.bantam.ch\/fr\/","name":"Bantam Wankm\u00fcller SA","description":"","publisher":{"@id":"https:\/\/shop.bantam.ch\/fr\/#organization"},"inLanguage":"fr-FR"},{"@type":"Organization","@id":"https:\/\/shop.bantam.ch\/fr\/#organization","name":"Bantam Wankm\u00fcller SA","url":"https:\/\/shop.bantam.ch\/fr\/","logo":{"@type":"ImageObject","inLanguage":"fr-FR","@id":"https:\/\/shop.bantam.ch\/fr\/#\/schema\/logo\/image\/","url":"https:\/\/shop.bantam.ch\/wp-content\/uploads\/2022\/12\/bantam-logo.png","contentUrl":"https:\/\/shop.bantam.ch\/wp-content\/uploads\/2022\/12\/bantam-logo.png","width":320,"height":71,"caption":"Bantam Wankm\u00fcller SA"},"image":{"@id":"https:\/\/shop.bantam.ch\/fr\/#\/schema\/logo\/image\/"}}]}},"_links":{"self":[{"href":"https:\/\/shop.bantam.ch\/fr\/wp-json\/wp\/v2\/product\/234557","targetHints":{"allow":["GET"]}}],"collection":[{"href":"https:\/\/shop.bantam.ch\/fr\/wp-json\/wp\/v2\/product"}],"about":[{"href":"https:\/\/shop.bantam.ch\/fr\/wp-json\/wp\/v2\/types\/product"}],"wp:featuredmedia":[{"embeddable":true,"href":"https:\/\/shop.bantam.ch\/fr\/wp-json\/wp\/v2\/media\/234570"}],"wp:attachment":[{"href":"https:\/\/shop.bantam.ch\/fr\/wp-json\/wp\/v2\/media?parent=234557"}],"wp:term":[{"taxonomy":"product_featured_cat","embeddable":true,"href":"https:\/\/shop.bantam.ch\/fr\/wp-json\/wp\/v2\/product_featured_cat?post=234557"},{"taxonomy":"product_brand","embeddable":true,"href":"https:\/\/shop.bantam.ch\/fr\/wp-json\/wp\/v2\/product_brand?post=234557"},{"taxonomy":"product_cat","embeddable":true,"href":"https:\/\/shop.bantam.ch\/fr\/wp-json\/wp\/v2\/product_cat?post=234557"},{"taxonomy":"product_tag","embeddable":true,"href":"https:\/\/shop.bantam.ch\/fr\/wp-json\/wp\/v2\/product_tag?post=234557"}],"curies":[{"name":"wp","href":"https:\/\/api.w.org\/{rel}","templated":true}]}}