{"id":234509,"date":"2026-03-06T10:45:48","date_gmt":"2026-03-06T09:45:48","guid":{"rendered":"https:\/\/shop.bantam.ch\/produit\/squidd-track\/"},"modified":"2026-04-19T00:01:31","modified_gmt":"2026-04-18T22:01:31","slug":"squidd-track","status":"publish","type":"product","link":"https:\/\/shop.bantam.ch\/fr\/produit\/squidd-track\/","title":{"rendered":"Squidd Track"},"content":{"rendered":"<p>SQUIDD Trak : le traceur GPS autonome pens\u00e9 pour les voyageurs en camping-car. Prot\u00e9ger ses biens tout en profitant de la libert\u00e9 du voyage, c\u2019est d\u00e9sormais possible avec le SQUIDD Trak, un traceur GPS autonome sp\u00e9cialement con\u00e7u pour les v\u00e9hicules de loisirs. Gr\u00e2ce \u00e0 une installation simple, une autonomie prolong\u00e9e et une connectivit\u00e9 internationale, il offre une solution compl\u00e8te pour suivre vos d\u00e9placements, s\u00e9curiser vos \u00e9quipements, et voyager l\u2019esprit tranquille dans plus de 40 destinations \u00e0 travers le monde. Une protection efficace et connect\u00e9e, o\u00f9 que vous soyez. Pens\u00e9 pour les camping-caristes, vanlifers et caravaniers, le SQUIDD Trak vous permet de suivre en temps r\u00e9el la position de vos \u00e9quipements. Que vous soyez stationn\u00e9 sur une aire de camping sauvage ou en bivouac isol\u00e9, vous pouvez consulter la position exacte de votre v\u00e9hicule \u00e0 tout moment via l\u2019application mobile. Connect\u00e9 au r\u00e9seau 4G LTE-M, il offre une communication fiable \u00e0 l\u2019\u00e9chelle internationale dans 40 pays, m\u00eame dans les zones les plus recul\u00e9es. Et gr\u00e2ce \u00e0 son fonctionnement en mode bo\u00eete noire, vos donn\u00e9es sont enregistr\u00e9es jusqu\u2019\u00e0 20\u202f000 positions horodat\u00e9es, m\u00eame en cas de perte de signal, immersion ou couverture r\u00e9seau absente. D\u00e8s que la connexion revient, les donn\u00e9es sont transmises automatiquement. Des alertes personnalis\u00e9es pour anticiper chaque situation. Le SQUIDD Trak ne se contente pas de localiser : il d\u00e9tecte le moindre d\u00e9placement de votre v\u00e9hicule ou \u00e9quipement, et vous alerte imm\u00e9diatement par SMS, e-mail ou notification. En cas de vol, un mode intensif s\u2019active pour transmettre une position chaque minute, afin de maximiser les chances de r\u00e9cup\u00e9ration rapide. Vous pouvez \u00e9galement d\u00e9finir des zones de s\u00e9curit\u00e9 personnalis\u00e9es (geofencing) : d\u00e8s qu\u2019un v\u00e9hicule entre ou sort d\u2019une zone d\u00e9finie, vous recevez une alerte. Cette fonctionnalit\u00e9 est id\u00e9ale pour les longs stationnements ou les remises d\u2019un v\u00e9hicule \u00e0 un tiers. Installation facile et utilisation intuitive. Fid\u00e8le \u00e0 l\u2019esprit nomade, le SQUIDD Trak ne n\u00e9cessite aucun branchement ni per\u00e7age. Il se fixe facilement sur toutes les surfaces gr\u00e2ce \u00e0 un syst\u00e8me double face 3M ou un scratch Velcro fournis. L\u00e9ger, discret et mobile, il peut \u00eatre d\u00e9plac\u00e9 ou r\u00e9install\u00e9 en quelques secondes selon les besoins du voyage. L\u2019application associ\u00e9e permet de choisir parmi 4 modes de fonctionnement en fonction de votre usage : Mode \u00e9co : enregistre et transmet une position toutes les 15 minutes. Autonomie de 3 ans et demi. Mode classique : enregistre et transmet une position toutes les 7 minutes. Autonomie de 2 ans. Mode intensif : enregistre et transmet une position toutes les 3 minutes. Autonomie de 1 an. Mode vol : Mode qui se d\u00e9clenche en cas de vol, qui enregistre et transmet une position toutes les 1 minutes \u00e0 l\u2019application. Ces options vous offrent une gestion personnalis\u00e9e de la batterie en fonction de vos habitudes de voyage. Une solution connect\u00e9e \u00e0 votre alarme SQUIDDY. Compatible avec le syst\u00e8me d\u2019alarme SQUIDDY, le traceur renforce la s\u00e9curit\u00e9 globale de votre installation. En cas d\u2019intrusion, l\u2019alarme et le traceur communiquent entre eux pour vous alerter en temps r\u00e9el, o\u00f9 que vous soyez sur la route. Un compagnon de route pour une tranquillit\u00e9 durable. Con\u00e7u pour durer jusqu\u2019\u00e0 3 ans (selon le mode choisi), le SQUIDD Trak est l\u2019alli\u00e9 des grands voyageurs. Il s\u2019adresse \u00e0 tous ceux qui souhaitent partir l\u2019esprit l\u00e9ger, que ce soit pour un road trip \u00e0 travers l\u2019Europe, une escapade en bord de mer ou une travers\u00e9e des montagnes en camping-car. \u201cM\u00eame apr\u00e8s plusieurs mois sur la route, je peux toujours v\u00e9rifier en un clic o\u00f9 se trouve mon van et recevoir une alerte en cas de mouvement. Le mode vol m\u2019a sauv\u00e9 une fois \u2013 localis\u00e9 en 3 minutes chrono !\u201d \u2013 Jean, camping-cariste depuis 2017.\u00a0\u00bb<\/p>\n","protected":false},"excerpt":{"rendered":"<p>SQUIDD Trak : le traceur GPS autonome pens\u00e9 pour les voyageurs en camping-car. Prot\u00e9ger ses biens tout en profitant de la libert\u00e9 du voyage, c\u2019est d\u00e9sormais possible avec le SQUIDD Trak, un traceur GPS autonome sp\u00e9cialement con\u00e7u pour les v\u00e9hicules de loisirs. Gr\u00e2ce \u00e0 une installation simple, une autonomie prolong\u00e9e et une connectivit\u00e9 internationale, il [&hellip;]<\/p>\n","protected":false},"featured_media":234505,"template":"","meta":{"_acf_changed":false},"product_featured_cat":[],"product_brand":[5367],"product_cat":[4653],"product_tag":[],"class_list":{"0":"post-234509","1":"product","2":"type-product","3":"status-publish","4":"has-post-thumbnail","6":"product_brand-squiddy","7":"product_cat-installations-de-securite","9":"first","10":"instock","11":"taxable","12":"shipping-taxable","13":"purchasable","14":"product-type-simple"},"acf":[],"yoast_head":"<!-- This site is optimized with the Yoast SEO plugin v27.4 - https:\/\/yoast.com\/product\/yoast-seo-wordpress\/ -->\n<title>Squidd Track - Bantam Wankm\u00fcller SA<\/title>\n<meta name=\"robots\" content=\"index, follow, max-snippet:-1, max-image-preview:large, max-video-preview:-1\" \/>\n<link rel=\"canonical\" href=\"https:\/\/shop.bantam.ch\/fr\/produit\/squidd-track\/\" \/>\n<meta property=\"og:locale\" content=\"fr_FR\" \/>\n<meta property=\"og:type\" content=\"article\" \/>\n<meta property=\"og:title\" content=\"Squidd Track - Bantam Wankm\u00fcller SA\" \/>\n<meta property=\"og:description\" content=\"SQUIDD Trak : le traceur GPS autonome pens\u00e9 pour les voyageurs en camping-car. Prot\u00e9ger ses biens tout en profitant de la libert\u00e9 du voyage, c\u2019est d\u00e9sormais possible avec le SQUIDD Trak, un traceur GPS autonome sp\u00e9cialement con\u00e7u pour les v\u00e9hicules de loisirs. Gr\u00e2ce \u00e0 une installation simple, une autonomie prolong\u00e9e et une connectivit\u00e9 internationale, il [&hellip;]\" \/>\n<meta property=\"og:url\" content=\"https:\/\/shop.bantam.ch\/fr\/produit\/squidd-track\/\" \/>\n<meta property=\"og:site_name\" content=\"Bantam Wankm\u00fcller SA\" \/>\n<meta property=\"article:modified_time\" content=\"2026-04-18T22:01:31+00:00\" \/>\n<meta property=\"og:image\" content=\"https:\/\/shop.bantam.ch\/wp-content\/uploads\/2026\/03\/77326003.jpg\" \/>\n\t<meta property=\"og:image:width\" content=\"455\" \/>\n\t<meta property=\"og:image:height\" content=\"460\" \/>\n\t<meta property=\"og:image:type\" content=\"image\/jpeg\" \/>\n<meta name=\"twitter:card\" content=\"summary_large_image\" \/>\n<meta name=\"twitter:label1\" content=\"Dur\u00e9e de lecture estim\u00e9e\" \/>\n\t<meta name=\"twitter:data1\" content=\"3 minutes\" \/>\n<script type=\"application\/ld+json\" class=\"yoast-schema-graph\">{\"@context\":\"https:\\\/\\\/schema.org\",\"@graph\":[{\"@type\":\"WebPage\",\"@id\":\"https:\\\/\\\/shop.bantam.ch\\\/fr\\\/produit\\\/squidd-track\\\/\",\"url\":\"https:\\\/\\\/shop.bantam.ch\\\/fr\\\/produit\\\/squidd-track\\\/\",\"name\":\"Squidd Track - Bantam Wankm\u00fcller SA\",\"isPartOf\":{\"@id\":\"https:\\\/\\\/shop.bantam.ch\\\/fr\\\/#website\"},\"primaryImageOfPage\":{\"@id\":\"https:\\\/\\\/shop.bantam.ch\\\/fr\\\/produit\\\/squidd-track\\\/#primaryimage\"},\"image\":{\"@id\":\"https:\\\/\\\/shop.bantam.ch\\\/fr\\\/produit\\\/squidd-track\\\/#primaryimage\"},\"thumbnailUrl\":\"https:\\\/\\\/shop.bantam.ch\\\/wp-content\\\/uploads\\\/2026\\\/03\\\/77326003.jpg\",\"datePublished\":\"2026-03-06T09:45:48+00:00\",\"dateModified\":\"2026-04-18T22:01:31+00:00\",\"breadcrumb\":{\"@id\":\"https:\\\/\\\/shop.bantam.ch\\\/fr\\\/produit\\\/squidd-track\\\/#breadcrumb\"},\"inLanguage\":\"fr-FR\",\"potentialAction\":[{\"@type\":\"ReadAction\",\"target\":[\"https:\\\/\\\/shop.bantam.ch\\\/fr\\\/produit\\\/squidd-track\\\/\"]}]},{\"@type\":\"ImageObject\",\"inLanguage\":\"fr-FR\",\"@id\":\"https:\\\/\\\/shop.bantam.ch\\\/fr\\\/produit\\\/squidd-track\\\/#primaryimage\",\"url\":\"https:\\\/\\\/shop.bantam.ch\\\/wp-content\\\/uploads\\\/2026\\\/03\\\/77326003.jpg\",\"contentUrl\":\"https:\\\/\\\/shop.bantam.ch\\\/wp-content\\\/uploads\\\/2026\\\/03\\\/77326003.jpg\",\"width\":455,\"height\":460},{\"@type\":\"BreadcrumbList\",\"@id\":\"https:\\\/\\\/shop.bantam.ch\\\/fr\\\/produit\\\/squidd-track\\\/#breadcrumb\",\"itemListElement\":[{\"@type\":\"ListItem\",\"position\":1,\"name\":\"Accueil\",\"item\":\"https:\\\/\\\/shop.bantam.ch\\\/fr\\\/\"},{\"@type\":\"ListItem\",\"position\":2,\"name\":\"Boutique\",\"item\":\"https:\\\/\\\/shop.bantam.ch\\\/fr\\\/boutique\\\/\"},{\"@type\":\"ListItem\",\"position\":3,\"name\":\"Squidd Track\"}]},{\"@type\":\"WebSite\",\"@id\":\"https:\\\/\\\/shop.bantam.ch\\\/fr\\\/#website\",\"url\":\"https:\\\/\\\/shop.bantam.ch\\\/fr\\\/\",\"name\":\"Bantam Wankm\u00fcller SA\",\"description\":\"\",\"publisher\":{\"@id\":\"https:\\\/\\\/shop.bantam.ch\\\/fr\\\/#organization\"},\"inLanguage\":\"fr-FR\"},{\"@type\":\"Organization\",\"@id\":\"https:\\\/\\\/shop.bantam.ch\\\/fr\\\/#organization\",\"name\":\"Bantam Wankm\u00fcller SA\",\"url\":\"https:\\\/\\\/shop.bantam.ch\\\/fr\\\/\",\"logo\":{\"@type\":\"ImageObject\",\"inLanguage\":\"fr-FR\",\"@id\":\"https:\\\/\\\/shop.bantam.ch\\\/fr\\\/#\\\/schema\\\/logo\\\/image\\\/\",\"url\":\"https:\\\/\\\/shop.bantam.ch\\\/wp-content\\\/uploads\\\/2022\\\/12\\\/bantam-logo.png\",\"contentUrl\":\"https:\\\/\\\/shop.bantam.ch\\\/wp-content\\\/uploads\\\/2022\\\/12\\\/bantam-logo.png\",\"width\":320,\"height\":71,\"caption\":\"Bantam Wankm\u00fcller SA\"},\"image\":{\"@id\":\"https:\\\/\\\/shop.bantam.ch\\\/fr\\\/#\\\/schema\\\/logo\\\/image\\\/\"}}]}<\/script>\n<!-- \/ Yoast SEO plugin. -->","yoast_head_json":{"title":"Squidd Track - Bantam Wankm\u00fcller SA","robots":{"index":"index","follow":"follow","max-snippet":"max-snippet:-1","max-image-preview":"max-image-preview:large","max-video-preview":"max-video-preview:-1"},"canonical":"https:\/\/shop.bantam.ch\/fr\/produit\/squidd-track\/","og_locale":"fr_FR","og_type":"article","og_title":"Squidd Track - Bantam Wankm\u00fcller SA","og_description":"SQUIDD Trak : le traceur GPS autonome pens\u00e9 pour les voyageurs en camping-car. Prot\u00e9ger ses biens tout en profitant de la libert\u00e9 du voyage, c\u2019est d\u00e9sormais possible avec le SQUIDD Trak, un traceur GPS autonome sp\u00e9cialement con\u00e7u pour les v\u00e9hicules de loisirs. Gr\u00e2ce \u00e0 une installation simple, une autonomie prolong\u00e9e et une connectivit\u00e9 internationale, il [&hellip;]","og_url":"https:\/\/shop.bantam.ch\/fr\/produit\/squidd-track\/","og_site_name":"Bantam Wankm\u00fcller SA","article_modified_time":"2026-04-18T22:01:31+00:00","og_image":[{"width":455,"height":460,"url":"https:\/\/shop.bantam.ch\/wp-content\/uploads\/2026\/03\/77326003.jpg","type":"image\/jpeg"}],"twitter_card":"summary_large_image","twitter_misc":{"Dur\u00e9e de lecture estim\u00e9e":"3 minutes"},"schema":{"@context":"https:\/\/schema.org","@graph":[{"@type":"WebPage","@id":"https:\/\/shop.bantam.ch\/fr\/produit\/squidd-track\/","url":"https:\/\/shop.bantam.ch\/fr\/produit\/squidd-track\/","name":"Squidd Track - Bantam Wankm\u00fcller SA","isPartOf":{"@id":"https:\/\/shop.bantam.ch\/fr\/#website"},"primaryImageOfPage":{"@id":"https:\/\/shop.bantam.ch\/fr\/produit\/squidd-track\/#primaryimage"},"image":{"@id":"https:\/\/shop.bantam.ch\/fr\/produit\/squidd-track\/#primaryimage"},"thumbnailUrl":"https:\/\/shop.bantam.ch\/wp-content\/uploads\/2026\/03\/77326003.jpg","datePublished":"2026-03-06T09:45:48+00:00","dateModified":"2026-04-18T22:01:31+00:00","breadcrumb":{"@id":"https:\/\/shop.bantam.ch\/fr\/produit\/squidd-track\/#breadcrumb"},"inLanguage":"fr-FR","potentialAction":[{"@type":"ReadAction","target":["https:\/\/shop.bantam.ch\/fr\/produit\/squidd-track\/"]}]},{"@type":"ImageObject","inLanguage":"fr-FR","@id":"https:\/\/shop.bantam.ch\/fr\/produit\/squidd-track\/#primaryimage","url":"https:\/\/shop.bantam.ch\/wp-content\/uploads\/2026\/03\/77326003.jpg","contentUrl":"https:\/\/shop.bantam.ch\/wp-content\/uploads\/2026\/03\/77326003.jpg","width":455,"height":460},{"@type":"BreadcrumbList","@id":"https:\/\/shop.bantam.ch\/fr\/produit\/squidd-track\/#breadcrumb","itemListElement":[{"@type":"ListItem","position":1,"name":"Accueil","item":"https:\/\/shop.bantam.ch\/fr\/"},{"@type":"ListItem","position":2,"name":"Boutique","item":"https:\/\/shop.bantam.ch\/fr\/boutique\/"},{"@type":"ListItem","position":3,"name":"Squidd Track"}]},{"@type":"WebSite","@id":"https:\/\/shop.bantam.ch\/fr\/#website","url":"https:\/\/shop.bantam.ch\/fr\/","name":"Bantam Wankm\u00fcller SA","description":"","publisher":{"@id":"https:\/\/shop.bantam.ch\/fr\/#organization"},"inLanguage":"fr-FR"},{"@type":"Organization","@id":"https:\/\/shop.bantam.ch\/fr\/#organization","name":"Bantam Wankm\u00fcller SA","url":"https:\/\/shop.bantam.ch\/fr\/","logo":{"@type":"ImageObject","inLanguage":"fr-FR","@id":"https:\/\/shop.bantam.ch\/fr\/#\/schema\/logo\/image\/","url":"https:\/\/shop.bantam.ch\/wp-content\/uploads\/2022\/12\/bantam-logo.png","contentUrl":"https:\/\/shop.bantam.ch\/wp-content\/uploads\/2022\/12\/bantam-logo.png","width":320,"height":71,"caption":"Bantam Wankm\u00fcller SA"},"image":{"@id":"https:\/\/shop.bantam.ch\/fr\/#\/schema\/logo\/image\/"}}]}},"_links":{"self":[{"href":"https:\/\/shop.bantam.ch\/fr\/wp-json\/wp\/v2\/product\/234509","targetHints":{"allow":["GET"]}}],"collection":[{"href":"https:\/\/shop.bantam.ch\/fr\/wp-json\/wp\/v2\/product"}],"about":[{"href":"https:\/\/shop.bantam.ch\/fr\/wp-json\/wp\/v2\/types\/product"}],"wp:featuredmedia":[{"embeddable":true,"href":"https:\/\/shop.bantam.ch\/fr\/wp-json\/wp\/v2\/media\/234505"}],"wp:attachment":[{"href":"https:\/\/shop.bantam.ch\/fr\/wp-json\/wp\/v2\/media?parent=234509"}],"wp:term":[{"taxonomy":"product_featured_cat","embeddable":true,"href":"https:\/\/shop.bantam.ch\/fr\/wp-json\/wp\/v2\/product_featured_cat?post=234509"},{"taxonomy":"product_brand","embeddable":true,"href":"https:\/\/shop.bantam.ch\/fr\/wp-json\/wp\/v2\/product_brand?post=234509"},{"taxonomy":"product_cat","embeddable":true,"href":"https:\/\/shop.bantam.ch\/fr\/wp-json\/wp\/v2\/product_cat?post=234509"},{"taxonomy":"product_tag","embeddable":true,"href":"https:\/\/shop.bantam.ch\/fr\/wp-json\/wp\/v2\/product_tag?post=234509"}],"curies":[{"name":"wp","href":"https:\/\/api.w.org\/{rel}","templated":true}]}}