{"id":234437,"date":"2026-03-05T10:32:05","date_gmt":"2026-03-05T09:32:05","guid":{"rendered":"https:\/\/shop.bantam.ch\/produit\/verre-a-cocktail-640ml-1-pc\/"},"modified":"2026-04-20T00:04:51","modified_gmt":"2026-04-19T22:04:51","slug":"verre-a-cocktail-640ml-1-pc","status":"publish","type":"product","link":"https:\/\/shop.bantam.ch\/fr\/produit\/verre-a-cocktail-640ml-1-pc\/","title":{"rendered":"Verre \u00e0 cocktail 640ml 1 pc"},"content":{"rendered":"<p>Ce nouveau verre \u00e0 cocktail allie \u00e9l\u00e9gance et praticit\u00e9. Fabriqu\u00e9 en Tritan de haute qualit\u00e9, un mat\u00e9riau quasiment incassable et garanti sans BPA, il est id\u00e9al pour le camping, le jardinage ou pour profiter d\u2019une douce soir\u00e9e d\u2019\u00e9t\u00e9 en plein air. Avec sa g\u00e9n\u00e9reuse contenance de 640 ml, ce verre offre un espace suffisant pour vos cocktails, long drinks ou mocktails rafra\u00eechissants. Mat\u00e9riau : Plastique Tritan. Contenance : 640 ml. Poids : 138 g<\/p>\n","protected":false},"excerpt":{"rendered":"<p>Ce nouveau verre \u00e0 cocktail allie \u00e9l\u00e9gance et praticit\u00e9. Fabriqu\u00e9 en Tritan de haute qualit\u00e9, un mat\u00e9riau quasiment incassable et garanti sans BPA, il est id\u00e9al pour le camping, le jardinage ou pour profiter d\u2019une douce soir\u00e9e d\u2019\u00e9t\u00e9 en plein air. Avec sa g\u00e9n\u00e9reuse contenance de 640 ml, ce verre offre un espace suffisant pour [&hellip;]<\/p>\n","protected":false},"featured_media":234435,"template":"","meta":{"_acf_changed":false},"product_featured_cat":[],"product_brand":[3074],"product_cat":[5337],"product_tag":[],"class_list":{"0":"post-234437","1":"product","2":"type-product","3":"status-publish","4":"has-post-thumbnail","6":"product_brand-eurotrail","7":"product_cat-verres","9":"first","10":"instock","11":"taxable","12":"shipping-taxable","13":"purchasable","14":"product-type-simple"},"acf":[],"yoast_head":"<!-- This site is optimized with the Yoast SEO plugin v27.4 - https:\/\/yoast.com\/product\/yoast-seo-wordpress\/ -->\n<title>Verre \u00e0 cocktail 640ml 1 pc - Bantam Wankm\u00fcller SA<\/title>\n<meta name=\"robots\" content=\"index, follow, max-snippet:-1, max-image-preview:large, max-video-preview:-1\" \/>\n<link rel=\"canonical\" href=\"https:\/\/shop.bantam.ch\/fr\/produit\/verre-a-cocktail-640ml-1-pc\/\" \/>\n<meta property=\"og:locale\" content=\"fr_FR\" \/>\n<meta property=\"og:type\" content=\"article\" \/>\n<meta property=\"og:title\" content=\"Verre \u00e0 cocktail 640ml 1 pc - Bantam Wankm\u00fcller SA\" \/>\n<meta property=\"og:description\" content=\"Ce nouveau verre \u00e0 cocktail allie \u00e9l\u00e9gance et praticit\u00e9. Fabriqu\u00e9 en Tritan de haute qualit\u00e9, un mat\u00e9riau quasiment incassable et garanti sans BPA, il est id\u00e9al pour le camping, le jardinage ou pour profiter d\u2019une douce soir\u00e9e d\u2019\u00e9t\u00e9 en plein air. Avec sa g\u00e9n\u00e9reuse contenance de 640 ml, ce verre offre un espace suffisant pour [&hellip;]\" \/>\n<meta property=\"og:url\" content=\"https:\/\/shop.bantam.ch\/fr\/produit\/verre-a-cocktail-640ml-1-pc\/\" \/>\n<meta property=\"og:site_name\" content=\"Bantam Wankm\u00fcller SA\" \/>\n<meta property=\"article:modified_time\" content=\"2026-04-19T22:04:51+00:00\" \/>\n<meta property=\"og:image\" content=\"https:\/\/shop.bantam.ch\/wp-content\/uploads\/2026\/03\/76626012.jpg\" \/>\n\t<meta property=\"og:image:width\" content=\"533\" \/>\n\t<meta property=\"og:image:height\" content=\"800\" \/>\n\t<meta property=\"og:image:type\" content=\"image\/jpeg\" \/>\n<meta name=\"twitter:card\" content=\"summary_large_image\" \/>\n<script type=\"application\/ld+json\" class=\"yoast-schema-graph\">{\"@context\":\"https:\\\/\\\/schema.org\",\"@graph\":[{\"@type\":\"WebPage\",\"@id\":\"https:\\\/\\\/shop.bantam.ch\\\/fr\\\/produit\\\/verre-a-cocktail-640ml-1-pc\\\/\",\"url\":\"https:\\\/\\\/shop.bantam.ch\\\/fr\\\/produit\\\/verre-a-cocktail-640ml-1-pc\\\/\",\"name\":\"Verre \u00e0 cocktail 640ml 1 pc - Bantam Wankm\u00fcller SA\",\"isPartOf\":{\"@id\":\"https:\\\/\\\/shop.bantam.ch\\\/fr\\\/#website\"},\"primaryImageOfPage\":{\"@id\":\"https:\\\/\\\/shop.bantam.ch\\\/fr\\\/produit\\\/verre-a-cocktail-640ml-1-pc\\\/#primaryimage\"},\"image\":{\"@id\":\"https:\\\/\\\/shop.bantam.ch\\\/fr\\\/produit\\\/verre-a-cocktail-640ml-1-pc\\\/#primaryimage\"},\"thumbnailUrl\":\"https:\\\/\\\/shop.bantam.ch\\\/wp-content\\\/uploads\\\/2026\\\/03\\\/76626012.jpg\",\"datePublished\":\"2026-03-05T09:32:05+00:00\",\"dateModified\":\"2026-04-19T22:04:51+00:00\",\"breadcrumb\":{\"@id\":\"https:\\\/\\\/shop.bantam.ch\\\/fr\\\/produit\\\/verre-a-cocktail-640ml-1-pc\\\/#breadcrumb\"},\"inLanguage\":\"fr-FR\",\"potentialAction\":[{\"@type\":\"ReadAction\",\"target\":[\"https:\\\/\\\/shop.bantam.ch\\\/fr\\\/produit\\\/verre-a-cocktail-640ml-1-pc\\\/\"]}]},{\"@type\":\"ImageObject\",\"inLanguage\":\"fr-FR\",\"@id\":\"https:\\\/\\\/shop.bantam.ch\\\/fr\\\/produit\\\/verre-a-cocktail-640ml-1-pc\\\/#primaryimage\",\"url\":\"https:\\\/\\\/shop.bantam.ch\\\/wp-content\\\/uploads\\\/2026\\\/03\\\/76626012.jpg\",\"contentUrl\":\"https:\\\/\\\/shop.bantam.ch\\\/wp-content\\\/uploads\\\/2026\\\/03\\\/76626012.jpg\",\"width\":533,\"height\":800},{\"@type\":\"BreadcrumbList\",\"@id\":\"https:\\\/\\\/shop.bantam.ch\\\/fr\\\/produit\\\/verre-a-cocktail-640ml-1-pc\\\/#breadcrumb\",\"itemListElement\":[{\"@type\":\"ListItem\",\"position\":1,\"name\":\"Accueil\",\"item\":\"https:\\\/\\\/shop.bantam.ch\\\/fr\\\/\"},{\"@type\":\"ListItem\",\"position\":2,\"name\":\"Boutique\",\"item\":\"https:\\\/\\\/shop.bantam.ch\\\/fr\\\/boutique\\\/\"},{\"@type\":\"ListItem\",\"position\":3,\"name\":\"Verre \u00e0 cocktail 640ml 1 pc\"}]},{\"@type\":\"WebSite\",\"@id\":\"https:\\\/\\\/shop.bantam.ch\\\/fr\\\/#website\",\"url\":\"https:\\\/\\\/shop.bantam.ch\\\/fr\\\/\",\"name\":\"Bantam Wankm\u00fcller SA\",\"description\":\"\",\"publisher\":{\"@id\":\"https:\\\/\\\/shop.bantam.ch\\\/fr\\\/#organization\"},\"inLanguage\":\"fr-FR\"},{\"@type\":\"Organization\",\"@id\":\"https:\\\/\\\/shop.bantam.ch\\\/fr\\\/#organization\",\"name\":\"Bantam Wankm\u00fcller SA\",\"url\":\"https:\\\/\\\/shop.bantam.ch\\\/fr\\\/\",\"logo\":{\"@type\":\"ImageObject\",\"inLanguage\":\"fr-FR\",\"@id\":\"https:\\\/\\\/shop.bantam.ch\\\/fr\\\/#\\\/schema\\\/logo\\\/image\\\/\",\"url\":\"https:\\\/\\\/shop.bantam.ch\\\/wp-content\\\/uploads\\\/2022\\\/12\\\/bantam-logo.png\",\"contentUrl\":\"https:\\\/\\\/shop.bantam.ch\\\/wp-content\\\/uploads\\\/2022\\\/12\\\/bantam-logo.png\",\"width\":320,\"height\":71,\"caption\":\"Bantam Wankm\u00fcller SA\"},\"image\":{\"@id\":\"https:\\\/\\\/shop.bantam.ch\\\/fr\\\/#\\\/schema\\\/logo\\\/image\\\/\"}}]}<\/script>\n<!-- \/ Yoast SEO plugin. -->","yoast_head_json":{"title":"Verre \u00e0 cocktail 640ml 1 pc - Bantam Wankm\u00fcller SA","robots":{"index":"index","follow":"follow","max-snippet":"max-snippet:-1","max-image-preview":"max-image-preview:large","max-video-preview":"max-video-preview:-1"},"canonical":"https:\/\/shop.bantam.ch\/fr\/produit\/verre-a-cocktail-640ml-1-pc\/","og_locale":"fr_FR","og_type":"article","og_title":"Verre \u00e0 cocktail 640ml 1 pc - Bantam Wankm\u00fcller SA","og_description":"Ce nouveau verre \u00e0 cocktail allie \u00e9l\u00e9gance et praticit\u00e9. Fabriqu\u00e9 en Tritan de haute qualit\u00e9, un mat\u00e9riau quasiment incassable et garanti sans BPA, il est id\u00e9al pour le camping, le jardinage ou pour profiter d\u2019une douce soir\u00e9e d\u2019\u00e9t\u00e9 en plein air. Avec sa g\u00e9n\u00e9reuse contenance de 640 ml, ce verre offre un espace suffisant pour [&hellip;]","og_url":"https:\/\/shop.bantam.ch\/fr\/produit\/verre-a-cocktail-640ml-1-pc\/","og_site_name":"Bantam Wankm\u00fcller SA","article_modified_time":"2026-04-19T22:04:51+00:00","og_image":[{"width":533,"height":800,"url":"https:\/\/shop.bantam.ch\/wp-content\/uploads\/2026\/03\/76626012.jpg","type":"image\/jpeg"}],"twitter_card":"summary_large_image","schema":{"@context":"https:\/\/schema.org","@graph":[{"@type":"WebPage","@id":"https:\/\/shop.bantam.ch\/fr\/produit\/verre-a-cocktail-640ml-1-pc\/","url":"https:\/\/shop.bantam.ch\/fr\/produit\/verre-a-cocktail-640ml-1-pc\/","name":"Verre \u00e0 cocktail 640ml 1 pc - Bantam Wankm\u00fcller SA","isPartOf":{"@id":"https:\/\/shop.bantam.ch\/fr\/#website"},"primaryImageOfPage":{"@id":"https:\/\/shop.bantam.ch\/fr\/produit\/verre-a-cocktail-640ml-1-pc\/#primaryimage"},"image":{"@id":"https:\/\/shop.bantam.ch\/fr\/produit\/verre-a-cocktail-640ml-1-pc\/#primaryimage"},"thumbnailUrl":"https:\/\/shop.bantam.ch\/wp-content\/uploads\/2026\/03\/76626012.jpg","datePublished":"2026-03-05T09:32:05+00:00","dateModified":"2026-04-19T22:04:51+00:00","breadcrumb":{"@id":"https:\/\/shop.bantam.ch\/fr\/produit\/verre-a-cocktail-640ml-1-pc\/#breadcrumb"},"inLanguage":"fr-FR","potentialAction":[{"@type":"ReadAction","target":["https:\/\/shop.bantam.ch\/fr\/produit\/verre-a-cocktail-640ml-1-pc\/"]}]},{"@type":"ImageObject","inLanguage":"fr-FR","@id":"https:\/\/shop.bantam.ch\/fr\/produit\/verre-a-cocktail-640ml-1-pc\/#primaryimage","url":"https:\/\/shop.bantam.ch\/wp-content\/uploads\/2026\/03\/76626012.jpg","contentUrl":"https:\/\/shop.bantam.ch\/wp-content\/uploads\/2026\/03\/76626012.jpg","width":533,"height":800},{"@type":"BreadcrumbList","@id":"https:\/\/shop.bantam.ch\/fr\/produit\/verre-a-cocktail-640ml-1-pc\/#breadcrumb","itemListElement":[{"@type":"ListItem","position":1,"name":"Accueil","item":"https:\/\/shop.bantam.ch\/fr\/"},{"@type":"ListItem","position":2,"name":"Boutique","item":"https:\/\/shop.bantam.ch\/fr\/boutique\/"},{"@type":"ListItem","position":3,"name":"Verre \u00e0 cocktail 640ml 1 pc"}]},{"@type":"WebSite","@id":"https:\/\/shop.bantam.ch\/fr\/#website","url":"https:\/\/shop.bantam.ch\/fr\/","name":"Bantam Wankm\u00fcller SA","description":"","publisher":{"@id":"https:\/\/shop.bantam.ch\/fr\/#organization"},"inLanguage":"fr-FR"},{"@type":"Organization","@id":"https:\/\/shop.bantam.ch\/fr\/#organization","name":"Bantam Wankm\u00fcller SA","url":"https:\/\/shop.bantam.ch\/fr\/","logo":{"@type":"ImageObject","inLanguage":"fr-FR","@id":"https:\/\/shop.bantam.ch\/fr\/#\/schema\/logo\/image\/","url":"https:\/\/shop.bantam.ch\/wp-content\/uploads\/2022\/12\/bantam-logo.png","contentUrl":"https:\/\/shop.bantam.ch\/wp-content\/uploads\/2022\/12\/bantam-logo.png","width":320,"height":71,"caption":"Bantam Wankm\u00fcller SA"},"image":{"@id":"https:\/\/shop.bantam.ch\/fr\/#\/schema\/logo\/image\/"}}]}},"_links":{"self":[{"href":"https:\/\/shop.bantam.ch\/fr\/wp-json\/wp\/v2\/product\/234437","targetHints":{"allow":["GET"]}}],"collection":[{"href":"https:\/\/shop.bantam.ch\/fr\/wp-json\/wp\/v2\/product"}],"about":[{"href":"https:\/\/shop.bantam.ch\/fr\/wp-json\/wp\/v2\/types\/product"}],"wp:featuredmedia":[{"embeddable":true,"href":"https:\/\/shop.bantam.ch\/fr\/wp-json\/wp\/v2\/media\/234435"}],"wp:attachment":[{"href":"https:\/\/shop.bantam.ch\/fr\/wp-json\/wp\/v2\/media?parent=234437"}],"wp:term":[{"taxonomy":"product_featured_cat","embeddable":true,"href":"https:\/\/shop.bantam.ch\/fr\/wp-json\/wp\/v2\/product_featured_cat?post=234437"},{"taxonomy":"product_brand","embeddable":true,"href":"https:\/\/shop.bantam.ch\/fr\/wp-json\/wp\/v2\/product_brand?post=234437"},{"taxonomy":"product_cat","embeddable":true,"href":"https:\/\/shop.bantam.ch\/fr\/wp-json\/wp\/v2\/product_cat?post=234437"},{"taxonomy":"product_tag","embeddable":true,"href":"https:\/\/shop.bantam.ch\/fr\/wp-json\/wp\/v2\/product_tag?post=234437"}],"curies":[{"name":"wp","href":"https:\/\/api.w.org\/{rel}","templated":true}]}}