{"id":234433,"date":"2026-03-05T10:27:07","date_gmt":"2026-03-05T09:27:07","guid":{"rendered":"https:\/\/shop.bantam.ch\/produit\/kit-de-rincage-intelligent\/"},"modified":"2026-04-20T23:58:24","modified_gmt":"2026-04-20T21:58:24","slug":"kit-de-rincage-intelligent","status":"publish","type":"product","link":"https:\/\/shop.bantam.ch\/fr\/produit\/kit-de-rincage-intelligent\/","title":{"rendered":"Kit de rin\u00e7age intelligent"},"content":{"rendered":"<p>Propre en un clin d\u2019\u0153il, partout et \u00e0 tout moment ! Avec ce kit de rin\u00e7age intelligent et compact, nettoyez facilement votre voiture, caravane ou v\u00e9lo. Le kit comprend un seau pliable en silicone avec une pompe \u00e0 compresseur rechargeable int\u00e9gr\u00e9e et un tuyau muni d\u2019une buse r\u00e9glable. Le jet d\u2019eau puissant permet d\u2019\u00e9liminer facilement la salet\u00e9 et la boue. La buse propose plusieurs modes, dont un mode douche pratique, vous permettant d\u2019adapter le jet \u00e0 chaque t\u00e2che de nettoyage. Le seau souple est enti\u00e8rement pliable, ce qui le rend facile \u00e0 ranger ou \u00e0 emporter. Et gr\u00e2ce \u00e0 la pompe rechargeable, vous n\u2019avez pas besoin de raccordement \u00e0 l\u2019eau : ce kit s\u2019utilise partout, \u00e0 tout moment. Compact, puissant et facile \u00e0 utiliser \u2013 ce kit de rin\u00e7age est la solution id\u00e9ale en d\u00e9placement, en camping ou tout simplement chez vous. Dimensions : 36 x 36 x 33 cm. Pli\u00e9 : 36 x 36 x 7,5 cm. Poids : 1900 g. Mat\u00e9riaux : Silicone \/ PP. Batterie : 2000 mAh. Temps de charge : 6 h (c\u00e2ble USB). Autonomie : 50 \u00e0 60 minutes. Longueur du tuyau : 5 m. Buse : 7 positions. D\u00e9bit : 3,5 l\/min (jet ouvert). Capacit\u00e9 : 15 l. Pression d\u2019eau : 87 psi (6 bar).<\/p>\n","protected":false},"excerpt":{"rendered":"<p>Propre en un clin d\u2019\u0153il, partout et \u00e0 tout moment ! Avec ce kit de rin\u00e7age intelligent et compact, nettoyez facilement votre voiture, caravane ou v\u00e9lo. Le kit comprend un seau pliable en silicone avec une pompe \u00e0 compresseur rechargeable int\u00e9gr\u00e9e et un tuyau muni d\u2019une buse r\u00e9glable. Le jet d\u2019eau puissant permet d\u2019\u00e9liminer facilement [&hellip;]<\/p>\n","protected":false},"featured_media":234423,"template":"","meta":{"_acf_changed":false},"product_featured_cat":[],"product_brand":[3074],"product_cat":[3999],"product_tag":[],"class_list":{"0":"post-234433","1":"product","2":"type-product","3":"status-publish","4":"has-post-thumbnail","6":"product_brand-eurotrail","7":"product_cat-articles-menagers","9":"first","10":"instock","11":"taxable","12":"shipping-taxable","13":"purchasable","14":"product-type-simple"},"acf":[],"yoast_head":"<!-- This site is optimized with the Yoast SEO plugin v27.4 - https:\/\/yoast.com\/product\/yoast-seo-wordpress\/ -->\n<title>Kit de rin\u00e7age intelligent - Bantam Wankm\u00fcller SA<\/title>\n<meta name=\"robots\" content=\"index, follow, max-snippet:-1, max-image-preview:large, max-video-preview:-1\" \/>\n<link rel=\"canonical\" href=\"https:\/\/shop.bantam.ch\/fr\/produit\/kit-de-rincage-intelligent\/\" \/>\n<meta property=\"og:locale\" content=\"fr_FR\" \/>\n<meta property=\"og:type\" content=\"article\" \/>\n<meta property=\"og:title\" content=\"Kit de rin\u00e7age intelligent - Bantam Wankm\u00fcller SA\" \/>\n<meta property=\"og:description\" content=\"Propre en un clin d\u2019\u0153il, partout et \u00e0 tout moment ! Avec ce kit de rin\u00e7age intelligent et compact, nettoyez facilement votre voiture, caravane ou v\u00e9lo. Le kit comprend un seau pliable en silicone avec une pompe \u00e0 compresseur rechargeable int\u00e9gr\u00e9e et un tuyau muni d\u2019une buse r\u00e9glable. Le jet d\u2019eau puissant permet d\u2019\u00e9liminer facilement [&hellip;]\" \/>\n<meta property=\"og:url\" content=\"https:\/\/shop.bantam.ch\/fr\/produit\/kit-de-rincage-intelligent\/\" \/>\n<meta property=\"og:site_name\" content=\"Bantam Wankm\u00fcller SA\" \/>\n<meta property=\"article:modified_time\" content=\"2026-04-20T21:58:24+00:00\" \/>\n<meta property=\"og:image\" content=\"https:\/\/shop.bantam.ch\/wp-content\/uploads\/2026\/03\/76626010-1.jpg\" \/>\n\t<meta property=\"og:image:width\" content=\"671\" \/>\n\t<meta property=\"og:image:height\" content=\"800\" \/>\n\t<meta property=\"og:image:type\" content=\"image\/jpeg\" \/>\n<meta name=\"twitter:card\" content=\"summary_large_image\" \/>\n<meta name=\"twitter:label1\" content=\"Dur\u00e9e de lecture estim\u00e9e\" \/>\n\t<meta name=\"twitter:data1\" content=\"1 minute\" \/>\n<script type=\"application\/ld+json\" class=\"yoast-schema-graph\">{\"@context\":\"https:\\\/\\\/schema.org\",\"@graph\":[{\"@type\":\"WebPage\",\"@id\":\"https:\\\/\\\/shop.bantam.ch\\\/fr\\\/produit\\\/kit-de-rincage-intelligent\\\/\",\"url\":\"https:\\\/\\\/shop.bantam.ch\\\/fr\\\/produit\\\/kit-de-rincage-intelligent\\\/\",\"name\":\"Kit de rin\u00e7age intelligent - Bantam Wankm\u00fcller SA\",\"isPartOf\":{\"@id\":\"https:\\\/\\\/shop.bantam.ch\\\/fr\\\/#website\"},\"primaryImageOfPage\":{\"@id\":\"https:\\\/\\\/shop.bantam.ch\\\/fr\\\/produit\\\/kit-de-rincage-intelligent\\\/#primaryimage\"},\"image\":{\"@id\":\"https:\\\/\\\/shop.bantam.ch\\\/fr\\\/produit\\\/kit-de-rincage-intelligent\\\/#primaryimage\"},\"thumbnailUrl\":\"https:\\\/\\\/shop.bantam.ch\\\/wp-content\\\/uploads\\\/2026\\\/03\\\/76626010-1.jpg\",\"datePublished\":\"2026-03-05T09:27:07+00:00\",\"dateModified\":\"2026-04-20T21:58:24+00:00\",\"breadcrumb\":{\"@id\":\"https:\\\/\\\/shop.bantam.ch\\\/fr\\\/produit\\\/kit-de-rincage-intelligent\\\/#breadcrumb\"},\"inLanguage\":\"fr-FR\",\"potentialAction\":[{\"@type\":\"ReadAction\",\"target\":[\"https:\\\/\\\/shop.bantam.ch\\\/fr\\\/produit\\\/kit-de-rincage-intelligent\\\/\"]}]},{\"@type\":\"ImageObject\",\"inLanguage\":\"fr-FR\",\"@id\":\"https:\\\/\\\/shop.bantam.ch\\\/fr\\\/produit\\\/kit-de-rincage-intelligent\\\/#primaryimage\",\"url\":\"https:\\\/\\\/shop.bantam.ch\\\/wp-content\\\/uploads\\\/2026\\\/03\\\/76626010-1.jpg\",\"contentUrl\":\"https:\\\/\\\/shop.bantam.ch\\\/wp-content\\\/uploads\\\/2026\\\/03\\\/76626010-1.jpg\",\"width\":671,\"height\":800},{\"@type\":\"BreadcrumbList\",\"@id\":\"https:\\\/\\\/shop.bantam.ch\\\/fr\\\/produit\\\/kit-de-rincage-intelligent\\\/#breadcrumb\",\"itemListElement\":[{\"@type\":\"ListItem\",\"position\":1,\"name\":\"Accueil\",\"item\":\"https:\\\/\\\/shop.bantam.ch\\\/fr\\\/\"},{\"@type\":\"ListItem\",\"position\":2,\"name\":\"Boutique\",\"item\":\"https:\\\/\\\/shop.bantam.ch\\\/fr\\\/boutique\\\/\"},{\"@type\":\"ListItem\",\"position\":3,\"name\":\"Kit de rin\u00e7age intelligent\"}]},{\"@type\":\"WebSite\",\"@id\":\"https:\\\/\\\/shop.bantam.ch\\\/fr\\\/#website\",\"url\":\"https:\\\/\\\/shop.bantam.ch\\\/fr\\\/\",\"name\":\"Bantam Wankm\u00fcller SA\",\"description\":\"\",\"publisher\":{\"@id\":\"https:\\\/\\\/shop.bantam.ch\\\/fr\\\/#organization\"},\"inLanguage\":\"fr-FR\"},{\"@type\":\"Organization\",\"@id\":\"https:\\\/\\\/shop.bantam.ch\\\/fr\\\/#organization\",\"name\":\"Bantam Wankm\u00fcller SA\",\"url\":\"https:\\\/\\\/shop.bantam.ch\\\/fr\\\/\",\"logo\":{\"@type\":\"ImageObject\",\"inLanguage\":\"fr-FR\",\"@id\":\"https:\\\/\\\/shop.bantam.ch\\\/fr\\\/#\\\/schema\\\/logo\\\/image\\\/\",\"url\":\"https:\\\/\\\/shop.bantam.ch\\\/wp-content\\\/uploads\\\/2022\\\/12\\\/bantam-logo.png\",\"contentUrl\":\"https:\\\/\\\/shop.bantam.ch\\\/wp-content\\\/uploads\\\/2022\\\/12\\\/bantam-logo.png\",\"width\":320,\"height\":71,\"caption\":\"Bantam Wankm\u00fcller SA\"},\"image\":{\"@id\":\"https:\\\/\\\/shop.bantam.ch\\\/fr\\\/#\\\/schema\\\/logo\\\/image\\\/\"}}]}<\/script>\n<!-- \/ Yoast SEO plugin. -->","yoast_head_json":{"title":"Kit de rin\u00e7age intelligent - Bantam Wankm\u00fcller SA","robots":{"index":"index","follow":"follow","max-snippet":"max-snippet:-1","max-image-preview":"max-image-preview:large","max-video-preview":"max-video-preview:-1"},"canonical":"https:\/\/shop.bantam.ch\/fr\/produit\/kit-de-rincage-intelligent\/","og_locale":"fr_FR","og_type":"article","og_title":"Kit de rin\u00e7age intelligent - Bantam Wankm\u00fcller SA","og_description":"Propre en un clin d\u2019\u0153il, partout et \u00e0 tout moment ! Avec ce kit de rin\u00e7age intelligent et compact, nettoyez facilement votre voiture, caravane ou v\u00e9lo. Le kit comprend un seau pliable en silicone avec une pompe \u00e0 compresseur rechargeable int\u00e9gr\u00e9e et un tuyau muni d\u2019une buse r\u00e9glable. Le jet d\u2019eau puissant permet d\u2019\u00e9liminer facilement [&hellip;]","og_url":"https:\/\/shop.bantam.ch\/fr\/produit\/kit-de-rincage-intelligent\/","og_site_name":"Bantam Wankm\u00fcller SA","article_modified_time":"2026-04-20T21:58:24+00:00","og_image":[{"width":671,"height":800,"url":"https:\/\/shop.bantam.ch\/wp-content\/uploads\/2026\/03\/76626010-1.jpg","type":"image\/jpeg"}],"twitter_card":"summary_large_image","twitter_misc":{"Dur\u00e9e de lecture estim\u00e9e":"1 minute"},"schema":{"@context":"https:\/\/schema.org","@graph":[{"@type":"WebPage","@id":"https:\/\/shop.bantam.ch\/fr\/produit\/kit-de-rincage-intelligent\/","url":"https:\/\/shop.bantam.ch\/fr\/produit\/kit-de-rincage-intelligent\/","name":"Kit de rin\u00e7age intelligent - Bantam Wankm\u00fcller SA","isPartOf":{"@id":"https:\/\/shop.bantam.ch\/fr\/#website"},"primaryImageOfPage":{"@id":"https:\/\/shop.bantam.ch\/fr\/produit\/kit-de-rincage-intelligent\/#primaryimage"},"image":{"@id":"https:\/\/shop.bantam.ch\/fr\/produit\/kit-de-rincage-intelligent\/#primaryimage"},"thumbnailUrl":"https:\/\/shop.bantam.ch\/wp-content\/uploads\/2026\/03\/76626010-1.jpg","datePublished":"2026-03-05T09:27:07+00:00","dateModified":"2026-04-20T21:58:24+00:00","breadcrumb":{"@id":"https:\/\/shop.bantam.ch\/fr\/produit\/kit-de-rincage-intelligent\/#breadcrumb"},"inLanguage":"fr-FR","potentialAction":[{"@type":"ReadAction","target":["https:\/\/shop.bantam.ch\/fr\/produit\/kit-de-rincage-intelligent\/"]}]},{"@type":"ImageObject","inLanguage":"fr-FR","@id":"https:\/\/shop.bantam.ch\/fr\/produit\/kit-de-rincage-intelligent\/#primaryimage","url":"https:\/\/shop.bantam.ch\/wp-content\/uploads\/2026\/03\/76626010-1.jpg","contentUrl":"https:\/\/shop.bantam.ch\/wp-content\/uploads\/2026\/03\/76626010-1.jpg","width":671,"height":800},{"@type":"BreadcrumbList","@id":"https:\/\/shop.bantam.ch\/fr\/produit\/kit-de-rincage-intelligent\/#breadcrumb","itemListElement":[{"@type":"ListItem","position":1,"name":"Accueil","item":"https:\/\/shop.bantam.ch\/fr\/"},{"@type":"ListItem","position":2,"name":"Boutique","item":"https:\/\/shop.bantam.ch\/fr\/boutique\/"},{"@type":"ListItem","position":3,"name":"Kit de rin\u00e7age intelligent"}]},{"@type":"WebSite","@id":"https:\/\/shop.bantam.ch\/fr\/#website","url":"https:\/\/shop.bantam.ch\/fr\/","name":"Bantam Wankm\u00fcller SA","description":"","publisher":{"@id":"https:\/\/shop.bantam.ch\/fr\/#organization"},"inLanguage":"fr-FR"},{"@type":"Organization","@id":"https:\/\/shop.bantam.ch\/fr\/#organization","name":"Bantam Wankm\u00fcller SA","url":"https:\/\/shop.bantam.ch\/fr\/","logo":{"@type":"ImageObject","inLanguage":"fr-FR","@id":"https:\/\/shop.bantam.ch\/fr\/#\/schema\/logo\/image\/","url":"https:\/\/shop.bantam.ch\/wp-content\/uploads\/2022\/12\/bantam-logo.png","contentUrl":"https:\/\/shop.bantam.ch\/wp-content\/uploads\/2022\/12\/bantam-logo.png","width":320,"height":71,"caption":"Bantam Wankm\u00fcller SA"},"image":{"@id":"https:\/\/shop.bantam.ch\/fr\/#\/schema\/logo\/image\/"}}]}},"_links":{"self":[{"href":"https:\/\/shop.bantam.ch\/fr\/wp-json\/wp\/v2\/product\/234433","targetHints":{"allow":["GET"]}}],"collection":[{"href":"https:\/\/shop.bantam.ch\/fr\/wp-json\/wp\/v2\/product"}],"about":[{"href":"https:\/\/shop.bantam.ch\/fr\/wp-json\/wp\/v2\/types\/product"}],"wp:featuredmedia":[{"embeddable":true,"href":"https:\/\/shop.bantam.ch\/fr\/wp-json\/wp\/v2\/media\/234423"}],"wp:attachment":[{"href":"https:\/\/shop.bantam.ch\/fr\/wp-json\/wp\/v2\/media?parent=234433"}],"wp:term":[{"taxonomy":"product_featured_cat","embeddable":true,"href":"https:\/\/shop.bantam.ch\/fr\/wp-json\/wp\/v2\/product_featured_cat?post=234433"},{"taxonomy":"product_brand","embeddable":true,"href":"https:\/\/shop.bantam.ch\/fr\/wp-json\/wp\/v2\/product_brand?post=234433"},{"taxonomy":"product_cat","embeddable":true,"href":"https:\/\/shop.bantam.ch\/fr\/wp-json\/wp\/v2\/product_cat?post=234433"},{"taxonomy":"product_tag","embeddable":true,"href":"https:\/\/shop.bantam.ch\/fr\/wp-json\/wp\/v2\/product_tag?post=234433"}],"curies":[{"name":"wp","href":"https:\/\/api.w.org\/{rel}","templated":true}]}}