{"id":234421,"date":"2026-03-05T10:12:27","date_gmt":"2026-03-05T09:12:27","guid":{"rendered":"https:\/\/shop.bantam.ch\/produit\/cordes-haubanage-eclairee\/"},"modified":"2026-04-19T00:01:16","modified_gmt":"2026-04-18T22:01:16","slug":"cordes-haubanage-eclairee","status":"publish","type":"product","link":"https:\/\/shop.bantam.ch\/fr\/produit\/cordes-haubanage-eclairee\/","title":{"rendered":"Cordes haubanage \u00e9clair\u00e9e"},"content":{"rendered":"<p>Cordes d\u2019ancrage lumineuses \u2013 S\u00e9curit\u00e9 dans l\u2019obscurit\u00e9. Ces cordes d\u2019ancrage de 5 mm d\u2019\u00e9paisseur et de 5 m\u00e8tres de long sont \u00e9quip\u00e9es d\u2019un \u00e9clairage LED lumineux sur toute leur longueur. Id\u00e9ales pour une visibilit\u00e9 et une s\u00e9curit\u00e9 accrues autour de votre tente, b\u00e2che ou auvent. Fini les tr\u00e9buchements dans l\u2019obscurit\u00e9 ! Fonctionne avec une batterie rechargeable et s\u2019attache facilement gr\u00e2ce au mousqueton int\u00e9gr\u00e9. La corde LED dispose de pas moins de 8 modes d\u2019\u00e9clairage diff\u00e9rents, allant d\u2019une lumi\u00e8re d\u2019ambiance subtile \u00e0 un clignotement bien visible. Mat\u00e9riau : corde en nylon avec 33 LED. Taille : 5 mm x 5 m. Batterie : 800 mAH 18650. Temps de charge : \u00b1 2-3 heures. Autonomie : \u00b1 20 heures. R\u00e9sistance \u00e0 l\u2019eau : IPX 44<\/p>\n","protected":false},"excerpt":{"rendered":"<p>Cordes d\u2019ancrage lumineuses \u2013 S\u00e9curit\u00e9 dans l\u2019obscurit\u00e9. Ces cordes d\u2019ancrage de 5 mm d\u2019\u00e9paisseur et de 5 m\u00e8tres de long sont \u00e9quip\u00e9es d\u2019un \u00e9clairage LED lumineux sur toute leur longueur. Id\u00e9ales pour une visibilit\u00e9 et une s\u00e9curit\u00e9 accrues autour de votre tente, b\u00e2che ou auvent. Fini les tr\u00e9buchements dans l\u2019obscurit\u00e9 ! Fonctionne avec une batterie [&hellip;]<\/p>\n","protected":false},"featured_media":234411,"template":"","meta":{"_acf_changed":false},"product_featured_cat":[],"product_brand":[3074],"product_cat":[3987],"product_tag":[],"class_list":{"0":"post-234421","1":"product","2":"type-product","3":"status-publish","4":"has-post-thumbnail","6":"product_brand-eurotrail","7":"product_cat-accessoires-pour-tentes-et-auvents","9":"first","10":"instock","11":"taxable","12":"shipping-taxable","13":"purchasable","14":"product-type-simple"},"acf":[],"yoast_head":"<!-- This site is optimized with the Yoast SEO plugin v27.4 - https:\/\/yoast.com\/product\/yoast-seo-wordpress\/ -->\n<title>Cordes haubanage \u00e9clair\u00e9e - Bantam Wankm\u00fcller SA<\/title>\n<meta name=\"robots\" content=\"index, follow, max-snippet:-1, max-image-preview:large, max-video-preview:-1\" \/>\n<link rel=\"canonical\" href=\"https:\/\/shop.bantam.ch\/fr\/produit\/cordes-haubanage-eclairee\/\" \/>\n<meta property=\"og:locale\" content=\"fr_FR\" \/>\n<meta property=\"og:type\" content=\"article\" \/>\n<meta property=\"og:title\" content=\"Cordes haubanage \u00e9clair\u00e9e - Bantam Wankm\u00fcller SA\" \/>\n<meta property=\"og:description\" content=\"Cordes d\u2019ancrage lumineuses \u2013 S\u00e9curit\u00e9 dans l\u2019obscurit\u00e9. Ces cordes d\u2019ancrage de 5 mm d\u2019\u00e9paisseur et de 5 m\u00e8tres de long sont \u00e9quip\u00e9es d\u2019un \u00e9clairage LED lumineux sur toute leur longueur. Id\u00e9ales pour une visibilit\u00e9 et une s\u00e9curit\u00e9 accrues autour de votre tente, b\u00e2che ou auvent. Fini les tr\u00e9buchements dans l\u2019obscurit\u00e9 ! Fonctionne avec une batterie [&hellip;]\" \/>\n<meta property=\"og:url\" content=\"https:\/\/shop.bantam.ch\/fr\/produit\/cordes-haubanage-eclairee\/\" \/>\n<meta property=\"og:site_name\" content=\"Bantam Wankm\u00fcller SA\" \/>\n<meta property=\"article:modified_time\" content=\"2026-04-18T22:01:16+00:00\" \/>\n<meta property=\"og:image\" content=\"https:\/\/shop.bantam.ch\/wp-content\/uploads\/2026\/03\/76626009.jpg\" \/>\n\t<meta property=\"og:image:width\" content=\"600\" \/>\n\t<meta property=\"og:image:height\" content=\"800\" \/>\n\t<meta property=\"og:image:type\" content=\"image\/jpeg\" \/>\n<meta name=\"twitter:card\" content=\"summary_large_image\" \/>\n<meta name=\"twitter:label1\" content=\"Dur\u00e9e de lecture estim\u00e9e\" \/>\n\t<meta name=\"twitter:data1\" content=\"1 minute\" \/>\n<script type=\"application\/ld+json\" class=\"yoast-schema-graph\">{\"@context\":\"https:\\\/\\\/schema.org\",\"@graph\":[{\"@type\":\"WebPage\",\"@id\":\"https:\\\/\\\/shop.bantam.ch\\\/fr\\\/produit\\\/cordes-haubanage-eclairee\\\/\",\"url\":\"https:\\\/\\\/shop.bantam.ch\\\/fr\\\/produit\\\/cordes-haubanage-eclairee\\\/\",\"name\":\"Cordes haubanage \u00e9clair\u00e9e - Bantam Wankm\u00fcller SA\",\"isPartOf\":{\"@id\":\"https:\\\/\\\/shop.bantam.ch\\\/fr\\\/#website\"},\"primaryImageOfPage\":{\"@id\":\"https:\\\/\\\/shop.bantam.ch\\\/fr\\\/produit\\\/cordes-haubanage-eclairee\\\/#primaryimage\"},\"image\":{\"@id\":\"https:\\\/\\\/shop.bantam.ch\\\/fr\\\/produit\\\/cordes-haubanage-eclairee\\\/#primaryimage\"},\"thumbnailUrl\":\"https:\\\/\\\/shop.bantam.ch\\\/wp-content\\\/uploads\\\/2026\\\/03\\\/76626009.jpg\",\"datePublished\":\"2026-03-05T09:12:27+00:00\",\"dateModified\":\"2026-04-18T22:01:16+00:00\",\"breadcrumb\":{\"@id\":\"https:\\\/\\\/shop.bantam.ch\\\/fr\\\/produit\\\/cordes-haubanage-eclairee\\\/#breadcrumb\"},\"inLanguage\":\"fr-FR\",\"potentialAction\":[{\"@type\":\"ReadAction\",\"target\":[\"https:\\\/\\\/shop.bantam.ch\\\/fr\\\/produit\\\/cordes-haubanage-eclairee\\\/\"]}]},{\"@type\":\"ImageObject\",\"inLanguage\":\"fr-FR\",\"@id\":\"https:\\\/\\\/shop.bantam.ch\\\/fr\\\/produit\\\/cordes-haubanage-eclairee\\\/#primaryimage\",\"url\":\"https:\\\/\\\/shop.bantam.ch\\\/wp-content\\\/uploads\\\/2026\\\/03\\\/76626009.jpg\",\"contentUrl\":\"https:\\\/\\\/shop.bantam.ch\\\/wp-content\\\/uploads\\\/2026\\\/03\\\/76626009.jpg\",\"width\":600,\"height\":800},{\"@type\":\"BreadcrumbList\",\"@id\":\"https:\\\/\\\/shop.bantam.ch\\\/fr\\\/produit\\\/cordes-haubanage-eclairee\\\/#breadcrumb\",\"itemListElement\":[{\"@type\":\"ListItem\",\"position\":1,\"name\":\"Accueil\",\"item\":\"https:\\\/\\\/shop.bantam.ch\\\/fr\\\/\"},{\"@type\":\"ListItem\",\"position\":2,\"name\":\"Boutique\",\"item\":\"https:\\\/\\\/shop.bantam.ch\\\/fr\\\/boutique\\\/\"},{\"@type\":\"ListItem\",\"position\":3,\"name\":\"Cordes haubanage \u00e9clair\u00e9e\"}]},{\"@type\":\"WebSite\",\"@id\":\"https:\\\/\\\/shop.bantam.ch\\\/fr\\\/#website\",\"url\":\"https:\\\/\\\/shop.bantam.ch\\\/fr\\\/\",\"name\":\"Bantam Wankm\u00fcller SA\",\"description\":\"\",\"publisher\":{\"@id\":\"https:\\\/\\\/shop.bantam.ch\\\/fr\\\/#organization\"},\"inLanguage\":\"fr-FR\"},{\"@type\":\"Organization\",\"@id\":\"https:\\\/\\\/shop.bantam.ch\\\/fr\\\/#organization\",\"name\":\"Bantam Wankm\u00fcller SA\",\"url\":\"https:\\\/\\\/shop.bantam.ch\\\/fr\\\/\",\"logo\":{\"@type\":\"ImageObject\",\"inLanguage\":\"fr-FR\",\"@id\":\"https:\\\/\\\/shop.bantam.ch\\\/fr\\\/#\\\/schema\\\/logo\\\/image\\\/\",\"url\":\"https:\\\/\\\/shop.bantam.ch\\\/wp-content\\\/uploads\\\/2022\\\/12\\\/bantam-logo.png\",\"contentUrl\":\"https:\\\/\\\/shop.bantam.ch\\\/wp-content\\\/uploads\\\/2022\\\/12\\\/bantam-logo.png\",\"width\":320,\"height\":71,\"caption\":\"Bantam Wankm\u00fcller SA\"},\"image\":{\"@id\":\"https:\\\/\\\/shop.bantam.ch\\\/fr\\\/#\\\/schema\\\/logo\\\/image\\\/\"}}]}<\/script>\n<!-- \/ Yoast SEO plugin. -->","yoast_head_json":{"title":"Cordes haubanage \u00e9clair\u00e9e - Bantam Wankm\u00fcller SA","robots":{"index":"index","follow":"follow","max-snippet":"max-snippet:-1","max-image-preview":"max-image-preview:large","max-video-preview":"max-video-preview:-1"},"canonical":"https:\/\/shop.bantam.ch\/fr\/produit\/cordes-haubanage-eclairee\/","og_locale":"fr_FR","og_type":"article","og_title":"Cordes haubanage \u00e9clair\u00e9e - Bantam Wankm\u00fcller SA","og_description":"Cordes d\u2019ancrage lumineuses \u2013 S\u00e9curit\u00e9 dans l\u2019obscurit\u00e9. Ces cordes d\u2019ancrage de 5 mm d\u2019\u00e9paisseur et de 5 m\u00e8tres de long sont \u00e9quip\u00e9es d\u2019un \u00e9clairage LED lumineux sur toute leur longueur. Id\u00e9ales pour une visibilit\u00e9 et une s\u00e9curit\u00e9 accrues autour de votre tente, b\u00e2che ou auvent. Fini les tr\u00e9buchements dans l\u2019obscurit\u00e9 ! Fonctionne avec une batterie [&hellip;]","og_url":"https:\/\/shop.bantam.ch\/fr\/produit\/cordes-haubanage-eclairee\/","og_site_name":"Bantam Wankm\u00fcller SA","article_modified_time":"2026-04-18T22:01:16+00:00","og_image":[{"width":600,"height":800,"url":"https:\/\/shop.bantam.ch\/wp-content\/uploads\/2026\/03\/76626009.jpg","type":"image\/jpeg"}],"twitter_card":"summary_large_image","twitter_misc":{"Dur\u00e9e de lecture estim\u00e9e":"1 minute"},"schema":{"@context":"https:\/\/schema.org","@graph":[{"@type":"WebPage","@id":"https:\/\/shop.bantam.ch\/fr\/produit\/cordes-haubanage-eclairee\/","url":"https:\/\/shop.bantam.ch\/fr\/produit\/cordes-haubanage-eclairee\/","name":"Cordes haubanage \u00e9clair\u00e9e - Bantam Wankm\u00fcller SA","isPartOf":{"@id":"https:\/\/shop.bantam.ch\/fr\/#website"},"primaryImageOfPage":{"@id":"https:\/\/shop.bantam.ch\/fr\/produit\/cordes-haubanage-eclairee\/#primaryimage"},"image":{"@id":"https:\/\/shop.bantam.ch\/fr\/produit\/cordes-haubanage-eclairee\/#primaryimage"},"thumbnailUrl":"https:\/\/shop.bantam.ch\/wp-content\/uploads\/2026\/03\/76626009.jpg","datePublished":"2026-03-05T09:12:27+00:00","dateModified":"2026-04-18T22:01:16+00:00","breadcrumb":{"@id":"https:\/\/shop.bantam.ch\/fr\/produit\/cordes-haubanage-eclairee\/#breadcrumb"},"inLanguage":"fr-FR","potentialAction":[{"@type":"ReadAction","target":["https:\/\/shop.bantam.ch\/fr\/produit\/cordes-haubanage-eclairee\/"]}]},{"@type":"ImageObject","inLanguage":"fr-FR","@id":"https:\/\/shop.bantam.ch\/fr\/produit\/cordes-haubanage-eclairee\/#primaryimage","url":"https:\/\/shop.bantam.ch\/wp-content\/uploads\/2026\/03\/76626009.jpg","contentUrl":"https:\/\/shop.bantam.ch\/wp-content\/uploads\/2026\/03\/76626009.jpg","width":600,"height":800},{"@type":"BreadcrumbList","@id":"https:\/\/shop.bantam.ch\/fr\/produit\/cordes-haubanage-eclairee\/#breadcrumb","itemListElement":[{"@type":"ListItem","position":1,"name":"Accueil","item":"https:\/\/shop.bantam.ch\/fr\/"},{"@type":"ListItem","position":2,"name":"Boutique","item":"https:\/\/shop.bantam.ch\/fr\/boutique\/"},{"@type":"ListItem","position":3,"name":"Cordes haubanage \u00e9clair\u00e9e"}]},{"@type":"WebSite","@id":"https:\/\/shop.bantam.ch\/fr\/#website","url":"https:\/\/shop.bantam.ch\/fr\/","name":"Bantam Wankm\u00fcller SA","description":"","publisher":{"@id":"https:\/\/shop.bantam.ch\/fr\/#organization"},"inLanguage":"fr-FR"},{"@type":"Organization","@id":"https:\/\/shop.bantam.ch\/fr\/#organization","name":"Bantam Wankm\u00fcller SA","url":"https:\/\/shop.bantam.ch\/fr\/","logo":{"@type":"ImageObject","inLanguage":"fr-FR","@id":"https:\/\/shop.bantam.ch\/fr\/#\/schema\/logo\/image\/","url":"https:\/\/shop.bantam.ch\/wp-content\/uploads\/2022\/12\/bantam-logo.png","contentUrl":"https:\/\/shop.bantam.ch\/wp-content\/uploads\/2022\/12\/bantam-logo.png","width":320,"height":71,"caption":"Bantam Wankm\u00fcller SA"},"image":{"@id":"https:\/\/shop.bantam.ch\/fr\/#\/schema\/logo\/image\/"}}]}},"_links":{"self":[{"href":"https:\/\/shop.bantam.ch\/fr\/wp-json\/wp\/v2\/product\/234421","targetHints":{"allow":["GET"]}}],"collection":[{"href":"https:\/\/shop.bantam.ch\/fr\/wp-json\/wp\/v2\/product"}],"about":[{"href":"https:\/\/shop.bantam.ch\/fr\/wp-json\/wp\/v2\/types\/product"}],"wp:featuredmedia":[{"embeddable":true,"href":"https:\/\/shop.bantam.ch\/fr\/wp-json\/wp\/v2\/media\/234411"}],"wp:attachment":[{"href":"https:\/\/shop.bantam.ch\/fr\/wp-json\/wp\/v2\/media?parent=234421"}],"wp:term":[{"taxonomy":"product_featured_cat","embeddable":true,"href":"https:\/\/shop.bantam.ch\/fr\/wp-json\/wp\/v2\/product_featured_cat?post=234421"},{"taxonomy":"product_brand","embeddable":true,"href":"https:\/\/shop.bantam.ch\/fr\/wp-json\/wp\/v2\/product_brand?post=234421"},{"taxonomy":"product_cat","embeddable":true,"href":"https:\/\/shop.bantam.ch\/fr\/wp-json\/wp\/v2\/product_cat?post=234421"},{"taxonomy":"product_tag","embeddable":true,"href":"https:\/\/shop.bantam.ch\/fr\/wp-json\/wp\/v2\/product_tag?post=234421"}],"curies":[{"name":"wp","href":"https:\/\/api.w.org\/{rel}","templated":true}]}}