{"id":234407,"date":"2026-03-05T10:01:16","date_gmt":"2026-03-05T09:01:16","guid":{"rendered":"https:\/\/shop.bantam.ch\/produit\/ventilateur-de-plafond\/"},"modified":"2026-04-20T00:04:45","modified_gmt":"2026-04-19T22:04:45","slug":"ventilateur-de-plafond","status":"publish","type":"product","link":"https:\/\/shop.bantam.ch\/fr\/produit\/ventilateur-de-plafond\/","title":{"rendered":"Ventilateur de plafond"},"content":{"rendered":"<p>Ce ventilateur de plafond rechargeable pratique est id\u00e9al pour une utilisation dans l\u2019auvent, sous l\u2019auvent ou dans la v\u00e9randa.  Gr\u00e2ce \u00e0 ses lames amovibles, il est compact \u00e0 ranger et facile \u00e0 transporter \u2013 parfait pour les campeurs et les amateurs d\u2019activit\u00e9s de plein air. Comprend une lampe int\u00e9gr\u00e9e avec plusieurs modes d\u2019\u00e9clairage, pour que vous puissiez toujours cr\u00e9er la bonne ambiance. Gr\u00e2ce \u00e0 la t\u00e9l\u00e9commande fournie, vous pouvez facilement r\u00e9gler la luminosit\u00e9, la vitesse de ventilation et la minuterie.<br \/>\nLe ventilateur est livr\u00e9 avec un crochet pratique pour le fixer \u00e0 un m\u00e2t de tente et une plaque de montage pour le fixer au plafond. Vous b\u00e9n\u00e9ficiez donc toujours d\u2019un refroidissement et d\u2019un \u00e9clairage, o\u00f9 que vous soyez. Le flux d\u2019air assure non seulement une excellente ventilation, mais il chasse \u00e9galement les moustiques ! Mat\u00e9riau : ABS. Taille : 27,5 x \u00d8 54 cm. Ventilateur : \u00d8 54 cm. Lumi\u00e8res LED : 36 pcs LED lumi\u00e8re chaude et blanche. Alimentation : 13,5 V, 1,5A. Batterie rechargeable : 1,1V, 2200 mAh, 18650 Lithium Ion battery. Dur\u00e9e de fonctionnement du ventilateur : haute 3 h., moyenne 4,5 h., basse 6 h. Tension de charge : 110-220V avec adaptateur (inclus), moyenne 4,5 heures, basse 6 heures. Dur\u00e9e de fonctionnement de la lumi\u00e8re : haute 5 heures, moyenne 8 heures, basse 12 heures. Tension de charge : 110-220V avec adaptateur (inclus).<\/p>\n","protected":false},"excerpt":{"rendered":"<p>Ce ventilateur de plafond rechargeable pratique est id\u00e9al pour une utilisation dans l\u2019auvent, sous l\u2019auvent ou dans la v\u00e9randa. Gr\u00e2ce \u00e0 ses lames amovibles, il est compact \u00e0 ranger et facile \u00e0 transporter \u2013 parfait pour les campeurs et les amateurs d\u2019activit\u00e9s de plein air. Comprend une lampe int\u00e9gr\u00e9e avec plusieurs modes d\u2019\u00e9clairage, pour que [&hellip;]<\/p>\n","protected":false},"featured_media":234399,"template":"","meta":{"_acf_changed":false},"product_featured_cat":[],"product_brand":[3074],"product_cat":[4093],"product_tag":[],"class_list":{"0":"post-234407","1":"product","2":"type-product","3":"status-publish","4":"has-post-thumbnail","6":"product_brand-eurotrail","7":"product_cat-ventilateurs","9":"first","10":"instock","11":"taxable","12":"shipping-taxable","13":"purchasable","14":"product-type-simple"},"acf":[],"yoast_head":"<!-- This site is optimized with the Yoast SEO plugin v27.4 - https:\/\/yoast.com\/product\/yoast-seo-wordpress\/ -->\n<title>Ventilateur de plafond - Bantam Wankm\u00fcller SA<\/title>\n<meta name=\"robots\" content=\"index, follow, max-snippet:-1, max-image-preview:large, max-video-preview:-1\" \/>\n<link rel=\"canonical\" href=\"https:\/\/shop.bantam.ch\/fr\/produit\/ventilateur-de-plafond\/\" \/>\n<meta property=\"og:locale\" content=\"fr_FR\" \/>\n<meta property=\"og:type\" content=\"article\" \/>\n<meta property=\"og:title\" content=\"Ventilateur de plafond - Bantam Wankm\u00fcller SA\" \/>\n<meta property=\"og:description\" content=\"Ce ventilateur de plafond rechargeable pratique est id\u00e9al pour une utilisation dans l\u2019auvent, sous l\u2019auvent ou dans la v\u00e9randa. Gr\u00e2ce \u00e0 ses lames amovibles, il est compact \u00e0 ranger et facile \u00e0 transporter \u2013 parfait pour les campeurs et les amateurs d\u2019activit\u00e9s de plein air. Comprend une lampe int\u00e9gr\u00e9e avec plusieurs modes d\u2019\u00e9clairage, pour que [&hellip;]\" \/>\n<meta property=\"og:url\" content=\"https:\/\/shop.bantam.ch\/fr\/produit\/ventilateur-de-plafond\/\" \/>\n<meta property=\"og:site_name\" content=\"Bantam Wankm\u00fcller SA\" \/>\n<meta property=\"article:modified_time\" content=\"2026-04-19T22:04:45+00:00\" \/>\n<meta property=\"og:image\" content=\"https:\/\/shop.bantam.ch\/wp-content\/uploads\/2026\/03\/76626007.jpg\" \/>\n\t<meta property=\"og:image:width\" content=\"800\" \/>\n\t<meta property=\"og:image:height\" content=\"559\" \/>\n\t<meta property=\"og:image:type\" content=\"image\/jpeg\" \/>\n<meta name=\"twitter:card\" content=\"summary_large_image\" \/>\n<meta name=\"twitter:label1\" content=\"Dur\u00e9e de lecture estim\u00e9e\" \/>\n\t<meta name=\"twitter:data1\" content=\"1 minute\" \/>\n<script type=\"application\/ld+json\" class=\"yoast-schema-graph\">{\"@context\":\"https:\\\/\\\/schema.org\",\"@graph\":[{\"@type\":\"WebPage\",\"@id\":\"https:\\\/\\\/shop.bantam.ch\\\/fr\\\/produit\\\/ventilateur-de-plafond\\\/\",\"url\":\"https:\\\/\\\/shop.bantam.ch\\\/fr\\\/produit\\\/ventilateur-de-plafond\\\/\",\"name\":\"Ventilateur de plafond - Bantam Wankm\u00fcller SA\",\"isPartOf\":{\"@id\":\"https:\\\/\\\/shop.bantam.ch\\\/fr\\\/#website\"},\"primaryImageOfPage\":{\"@id\":\"https:\\\/\\\/shop.bantam.ch\\\/fr\\\/produit\\\/ventilateur-de-plafond\\\/#primaryimage\"},\"image\":{\"@id\":\"https:\\\/\\\/shop.bantam.ch\\\/fr\\\/produit\\\/ventilateur-de-plafond\\\/#primaryimage\"},\"thumbnailUrl\":\"https:\\\/\\\/shop.bantam.ch\\\/wp-content\\\/uploads\\\/2026\\\/03\\\/76626007.jpg\",\"datePublished\":\"2026-03-05T09:01:16+00:00\",\"dateModified\":\"2026-04-19T22:04:45+00:00\",\"breadcrumb\":{\"@id\":\"https:\\\/\\\/shop.bantam.ch\\\/fr\\\/produit\\\/ventilateur-de-plafond\\\/#breadcrumb\"},\"inLanguage\":\"fr-FR\",\"potentialAction\":[{\"@type\":\"ReadAction\",\"target\":[\"https:\\\/\\\/shop.bantam.ch\\\/fr\\\/produit\\\/ventilateur-de-plafond\\\/\"]}]},{\"@type\":\"ImageObject\",\"inLanguage\":\"fr-FR\",\"@id\":\"https:\\\/\\\/shop.bantam.ch\\\/fr\\\/produit\\\/ventilateur-de-plafond\\\/#primaryimage\",\"url\":\"https:\\\/\\\/shop.bantam.ch\\\/wp-content\\\/uploads\\\/2026\\\/03\\\/76626007.jpg\",\"contentUrl\":\"https:\\\/\\\/shop.bantam.ch\\\/wp-content\\\/uploads\\\/2026\\\/03\\\/76626007.jpg\",\"width\":800,\"height\":559},{\"@type\":\"BreadcrumbList\",\"@id\":\"https:\\\/\\\/shop.bantam.ch\\\/fr\\\/produit\\\/ventilateur-de-plafond\\\/#breadcrumb\",\"itemListElement\":[{\"@type\":\"ListItem\",\"position\":1,\"name\":\"Accueil\",\"item\":\"https:\\\/\\\/shop.bantam.ch\\\/fr\\\/\"},{\"@type\":\"ListItem\",\"position\":2,\"name\":\"Boutique\",\"item\":\"https:\\\/\\\/shop.bantam.ch\\\/fr\\\/boutique\\\/\"},{\"@type\":\"ListItem\",\"position\":3,\"name\":\"Ventilateur de plafond\"}]},{\"@type\":\"WebSite\",\"@id\":\"https:\\\/\\\/shop.bantam.ch\\\/fr\\\/#website\",\"url\":\"https:\\\/\\\/shop.bantam.ch\\\/fr\\\/\",\"name\":\"Bantam Wankm\u00fcller SA\",\"description\":\"\",\"publisher\":{\"@id\":\"https:\\\/\\\/shop.bantam.ch\\\/fr\\\/#organization\"},\"inLanguage\":\"fr-FR\"},{\"@type\":\"Organization\",\"@id\":\"https:\\\/\\\/shop.bantam.ch\\\/fr\\\/#organization\",\"name\":\"Bantam Wankm\u00fcller SA\",\"url\":\"https:\\\/\\\/shop.bantam.ch\\\/fr\\\/\",\"logo\":{\"@type\":\"ImageObject\",\"inLanguage\":\"fr-FR\",\"@id\":\"https:\\\/\\\/shop.bantam.ch\\\/fr\\\/#\\\/schema\\\/logo\\\/image\\\/\",\"url\":\"https:\\\/\\\/shop.bantam.ch\\\/wp-content\\\/uploads\\\/2022\\\/12\\\/bantam-logo.png\",\"contentUrl\":\"https:\\\/\\\/shop.bantam.ch\\\/wp-content\\\/uploads\\\/2022\\\/12\\\/bantam-logo.png\",\"width\":320,\"height\":71,\"caption\":\"Bantam Wankm\u00fcller SA\"},\"image\":{\"@id\":\"https:\\\/\\\/shop.bantam.ch\\\/fr\\\/#\\\/schema\\\/logo\\\/image\\\/\"}}]}<\/script>\n<!-- \/ Yoast SEO plugin. -->","yoast_head_json":{"title":"Ventilateur de plafond - Bantam Wankm\u00fcller SA","robots":{"index":"index","follow":"follow","max-snippet":"max-snippet:-1","max-image-preview":"max-image-preview:large","max-video-preview":"max-video-preview:-1"},"canonical":"https:\/\/shop.bantam.ch\/fr\/produit\/ventilateur-de-plafond\/","og_locale":"fr_FR","og_type":"article","og_title":"Ventilateur de plafond - Bantam Wankm\u00fcller SA","og_description":"Ce ventilateur de plafond rechargeable pratique est id\u00e9al pour une utilisation dans l\u2019auvent, sous l\u2019auvent ou dans la v\u00e9randa. Gr\u00e2ce \u00e0 ses lames amovibles, il est compact \u00e0 ranger et facile \u00e0 transporter \u2013 parfait pour les campeurs et les amateurs d\u2019activit\u00e9s de plein air. Comprend une lampe int\u00e9gr\u00e9e avec plusieurs modes d\u2019\u00e9clairage, pour que [&hellip;]","og_url":"https:\/\/shop.bantam.ch\/fr\/produit\/ventilateur-de-plafond\/","og_site_name":"Bantam Wankm\u00fcller SA","article_modified_time":"2026-04-19T22:04:45+00:00","og_image":[{"width":800,"height":559,"url":"https:\/\/shop.bantam.ch\/wp-content\/uploads\/2026\/03\/76626007.jpg","type":"image\/jpeg"}],"twitter_card":"summary_large_image","twitter_misc":{"Dur\u00e9e de lecture estim\u00e9e":"1 minute"},"schema":{"@context":"https:\/\/schema.org","@graph":[{"@type":"WebPage","@id":"https:\/\/shop.bantam.ch\/fr\/produit\/ventilateur-de-plafond\/","url":"https:\/\/shop.bantam.ch\/fr\/produit\/ventilateur-de-plafond\/","name":"Ventilateur de plafond - Bantam Wankm\u00fcller SA","isPartOf":{"@id":"https:\/\/shop.bantam.ch\/fr\/#website"},"primaryImageOfPage":{"@id":"https:\/\/shop.bantam.ch\/fr\/produit\/ventilateur-de-plafond\/#primaryimage"},"image":{"@id":"https:\/\/shop.bantam.ch\/fr\/produit\/ventilateur-de-plafond\/#primaryimage"},"thumbnailUrl":"https:\/\/shop.bantam.ch\/wp-content\/uploads\/2026\/03\/76626007.jpg","datePublished":"2026-03-05T09:01:16+00:00","dateModified":"2026-04-19T22:04:45+00:00","breadcrumb":{"@id":"https:\/\/shop.bantam.ch\/fr\/produit\/ventilateur-de-plafond\/#breadcrumb"},"inLanguage":"fr-FR","potentialAction":[{"@type":"ReadAction","target":["https:\/\/shop.bantam.ch\/fr\/produit\/ventilateur-de-plafond\/"]}]},{"@type":"ImageObject","inLanguage":"fr-FR","@id":"https:\/\/shop.bantam.ch\/fr\/produit\/ventilateur-de-plafond\/#primaryimage","url":"https:\/\/shop.bantam.ch\/wp-content\/uploads\/2026\/03\/76626007.jpg","contentUrl":"https:\/\/shop.bantam.ch\/wp-content\/uploads\/2026\/03\/76626007.jpg","width":800,"height":559},{"@type":"BreadcrumbList","@id":"https:\/\/shop.bantam.ch\/fr\/produit\/ventilateur-de-plafond\/#breadcrumb","itemListElement":[{"@type":"ListItem","position":1,"name":"Accueil","item":"https:\/\/shop.bantam.ch\/fr\/"},{"@type":"ListItem","position":2,"name":"Boutique","item":"https:\/\/shop.bantam.ch\/fr\/boutique\/"},{"@type":"ListItem","position":3,"name":"Ventilateur de plafond"}]},{"@type":"WebSite","@id":"https:\/\/shop.bantam.ch\/fr\/#website","url":"https:\/\/shop.bantam.ch\/fr\/","name":"Bantam Wankm\u00fcller SA","description":"","publisher":{"@id":"https:\/\/shop.bantam.ch\/fr\/#organization"},"inLanguage":"fr-FR"},{"@type":"Organization","@id":"https:\/\/shop.bantam.ch\/fr\/#organization","name":"Bantam Wankm\u00fcller SA","url":"https:\/\/shop.bantam.ch\/fr\/","logo":{"@type":"ImageObject","inLanguage":"fr-FR","@id":"https:\/\/shop.bantam.ch\/fr\/#\/schema\/logo\/image\/","url":"https:\/\/shop.bantam.ch\/wp-content\/uploads\/2022\/12\/bantam-logo.png","contentUrl":"https:\/\/shop.bantam.ch\/wp-content\/uploads\/2022\/12\/bantam-logo.png","width":320,"height":71,"caption":"Bantam Wankm\u00fcller SA"},"image":{"@id":"https:\/\/shop.bantam.ch\/fr\/#\/schema\/logo\/image\/"}}]}},"_links":{"self":[{"href":"https:\/\/shop.bantam.ch\/fr\/wp-json\/wp\/v2\/product\/234407","targetHints":{"allow":["GET"]}}],"collection":[{"href":"https:\/\/shop.bantam.ch\/fr\/wp-json\/wp\/v2\/product"}],"about":[{"href":"https:\/\/shop.bantam.ch\/fr\/wp-json\/wp\/v2\/types\/product"}],"wp:featuredmedia":[{"embeddable":true,"href":"https:\/\/shop.bantam.ch\/fr\/wp-json\/wp\/v2\/media\/234399"}],"wp:attachment":[{"href":"https:\/\/shop.bantam.ch\/fr\/wp-json\/wp\/v2\/media?parent=234407"}],"wp:term":[{"taxonomy":"product_featured_cat","embeddable":true,"href":"https:\/\/shop.bantam.ch\/fr\/wp-json\/wp\/v2\/product_featured_cat?post=234407"},{"taxonomy":"product_brand","embeddable":true,"href":"https:\/\/shop.bantam.ch\/fr\/wp-json\/wp\/v2\/product_brand?post=234407"},{"taxonomy":"product_cat","embeddable":true,"href":"https:\/\/shop.bantam.ch\/fr\/wp-json\/wp\/v2\/product_cat?post=234407"},{"taxonomy":"product_tag","embeddable":true,"href":"https:\/\/shop.bantam.ch\/fr\/wp-json\/wp\/v2\/product_tag?post=234407"}],"curies":[{"name":"wp","href":"https:\/\/api.w.org\/{rel}","templated":true}]}}