{"id":234358,"date":"2026-03-05T09:09:42","date_gmt":"2026-03-05T08:09:42","guid":{"rendered":"https:\/\/shop.bantam.ch\/produit\/kits-casseroles-dublin\/"},"modified":"2026-04-19T00:01:09","modified_gmt":"2026-04-18T22:01:09","slug":"kits-casseroles-dublin","status":"publish","type":"product","link":"https:\/\/shop.bantam.ch\/fr\/produit\/kits-casseroles-dublin\/","title":{"rendered":"Kits Casseroles Dublin"},"content":{"rendered":"<p>Set de Casseroles de Camping Pratique et Peu Encombrant. Cuisiner en camping n\u2019a jamais \u00e9t\u00e9 aussi simple ! Notre set de casseroles de camping 3 pi\u00e8ces est sp\u00e9cialement con\u00e7u pour les campeurs qui recherchent praticit\u00e9 et qualit\u00e9. Avec trois tailles de casseroles diff\u00e9rentes et un couvercle en verre, vous aurez toujours la casserole id\u00e9ale pour chaque repas. Pourquoi choisir ce set de casseroles ? 3 tailles de casseroles \u2013 Id\u00e9al pour les soupes, les p\u00e2tes et bien d\u2019autres plats. Format haut \u2013 Parfait pour cuisiner efficacement dans un espace r\u00e9duit. Poign\u00e9e rabattable &amp; Design empilable \u2013 Les casseroles s\u2019embo\u00eetent parfaitement pour un gain de place maximal. Compatible avec tous les r\u00e9chauds \u00e0 gaz \u2013 Fonctionne sur tous les br\u00fbleurs \u00e0 gaz, id\u00e9al pour le camping. Couvercle en verre \u2013 Permet de surveiller facilement la cuisson. Gr\u00e2ce \u00e0 ce set de casseroles l\u00e9ger et r\u00e9sistant, cuisinez en plein air aussi facilement qu\u2019\u00e0 la maison. Pratique, compact et indispensable pour toutes vos aventures en camping !  Dimensions &amp; Capacit\u00e9 : Dublin. \u00d812 x 12 cm, capacit\u00e9 1,3 litre. \u00d816 x 15 cm, capacit\u00e9 2,5 litres. \u00d820 x 17 cm, capacit\u00e9 4,5 litres<\/p>\n","protected":false},"excerpt":{"rendered":"<p>Set de Casseroles de Camping Pratique et Peu Encombrant. Cuisiner en camping n\u2019a jamais \u00e9t\u00e9 aussi simple ! Notre set de casseroles de camping 3 pi\u00e8ces est sp\u00e9cialement con\u00e7u pour les campeurs qui recherchent praticit\u00e9 et qualit\u00e9. Avec trois tailles de casseroles diff\u00e9rentes et un couvercle en verre, vous aurez toujours la casserole id\u00e9ale pour [&hellip;]<\/p>\n","protected":false},"featured_media":234352,"template":"","meta":{"_acf_changed":false},"product_featured_cat":[],"product_brand":[3074],"product_cat":[4265],"product_tag":[],"class_list":{"0":"post-234358","1":"product","2":"type-product","3":"status-publish","4":"has-post-thumbnail","6":"product_brand-eurotrail","7":"product_cat-casseroles-poeles-et-sets","9":"first","10":"instock","11":"taxable","12":"shipping-taxable","13":"purchasable","14":"product-type-simple"},"acf":[],"yoast_head":"<!-- This site is optimized with the Yoast SEO plugin v27.4 - https:\/\/yoast.com\/product\/yoast-seo-wordpress\/ -->\n<title>Kits Casseroles Dublin - Bantam Wankm\u00fcller SA<\/title>\n<meta name=\"robots\" content=\"index, follow, max-snippet:-1, max-image-preview:large, max-video-preview:-1\" \/>\n<link rel=\"canonical\" href=\"https:\/\/shop.bantam.ch\/fr\/produit\/kits-casseroles-dublin\/\" \/>\n<meta property=\"og:locale\" content=\"fr_FR\" \/>\n<meta property=\"og:type\" content=\"article\" \/>\n<meta property=\"og:title\" content=\"Kits Casseroles Dublin - Bantam Wankm\u00fcller SA\" \/>\n<meta property=\"og:description\" content=\"Set de Casseroles de Camping Pratique et Peu Encombrant. Cuisiner en camping n\u2019a jamais \u00e9t\u00e9 aussi simple ! Notre set de casseroles de camping 3 pi\u00e8ces est sp\u00e9cialement con\u00e7u pour les campeurs qui recherchent praticit\u00e9 et qualit\u00e9. Avec trois tailles de casseroles diff\u00e9rentes et un couvercle en verre, vous aurez toujours la casserole id\u00e9ale pour [&hellip;]\" \/>\n<meta property=\"og:url\" content=\"https:\/\/shop.bantam.ch\/fr\/produit\/kits-casseroles-dublin\/\" \/>\n<meta property=\"og:site_name\" content=\"Bantam Wankm\u00fcller SA\" \/>\n<meta property=\"article:modified_time\" content=\"2026-04-18T22:01:09+00:00\" \/>\n<meta property=\"og:image\" content=\"https:\/\/shop.bantam.ch\/wp-content\/uploads\/2026\/03\/76626001-1.jpg\" \/>\n\t<meta property=\"og:image:width\" content=\"800\" \/>\n\t<meta property=\"og:image:height\" content=\"756\" \/>\n\t<meta property=\"og:image:type\" content=\"image\/jpeg\" \/>\n<meta name=\"twitter:card\" content=\"summary_large_image\" \/>\n<meta name=\"twitter:label1\" content=\"Dur\u00e9e de lecture estim\u00e9e\" \/>\n\t<meta name=\"twitter:data1\" content=\"1 minute\" \/>\n<script type=\"application\/ld+json\" class=\"yoast-schema-graph\">{\"@context\":\"https:\\\/\\\/schema.org\",\"@graph\":[{\"@type\":\"WebPage\",\"@id\":\"https:\\\/\\\/shop.bantam.ch\\\/fr\\\/produit\\\/kits-casseroles-dublin\\\/\",\"url\":\"https:\\\/\\\/shop.bantam.ch\\\/fr\\\/produit\\\/kits-casseroles-dublin\\\/\",\"name\":\"Kits Casseroles Dublin - Bantam Wankm\u00fcller SA\",\"isPartOf\":{\"@id\":\"https:\\\/\\\/shop.bantam.ch\\\/fr\\\/#website\"},\"primaryImageOfPage\":{\"@id\":\"https:\\\/\\\/shop.bantam.ch\\\/fr\\\/produit\\\/kits-casseroles-dublin\\\/#primaryimage\"},\"image\":{\"@id\":\"https:\\\/\\\/shop.bantam.ch\\\/fr\\\/produit\\\/kits-casseroles-dublin\\\/#primaryimage\"},\"thumbnailUrl\":\"https:\\\/\\\/shop.bantam.ch\\\/wp-content\\\/uploads\\\/2026\\\/03\\\/76626001-1.jpg\",\"datePublished\":\"2026-03-05T08:09:42+00:00\",\"dateModified\":\"2026-04-18T22:01:09+00:00\",\"breadcrumb\":{\"@id\":\"https:\\\/\\\/shop.bantam.ch\\\/fr\\\/produit\\\/kits-casseroles-dublin\\\/#breadcrumb\"},\"inLanguage\":\"fr-FR\",\"potentialAction\":[{\"@type\":\"ReadAction\",\"target\":[\"https:\\\/\\\/shop.bantam.ch\\\/fr\\\/produit\\\/kits-casseroles-dublin\\\/\"]}]},{\"@type\":\"ImageObject\",\"inLanguage\":\"fr-FR\",\"@id\":\"https:\\\/\\\/shop.bantam.ch\\\/fr\\\/produit\\\/kits-casseroles-dublin\\\/#primaryimage\",\"url\":\"https:\\\/\\\/shop.bantam.ch\\\/wp-content\\\/uploads\\\/2026\\\/03\\\/76626001-1.jpg\",\"contentUrl\":\"https:\\\/\\\/shop.bantam.ch\\\/wp-content\\\/uploads\\\/2026\\\/03\\\/76626001-1.jpg\",\"width\":800,\"height\":756},{\"@type\":\"BreadcrumbList\",\"@id\":\"https:\\\/\\\/shop.bantam.ch\\\/fr\\\/produit\\\/kits-casseroles-dublin\\\/#breadcrumb\",\"itemListElement\":[{\"@type\":\"ListItem\",\"position\":1,\"name\":\"Accueil\",\"item\":\"https:\\\/\\\/shop.bantam.ch\\\/fr\\\/\"},{\"@type\":\"ListItem\",\"position\":2,\"name\":\"Boutique\",\"item\":\"https:\\\/\\\/shop.bantam.ch\\\/fr\\\/boutique\\\/\"},{\"@type\":\"ListItem\",\"position\":3,\"name\":\"Kits Casseroles Dublin\"}]},{\"@type\":\"WebSite\",\"@id\":\"https:\\\/\\\/shop.bantam.ch\\\/fr\\\/#website\",\"url\":\"https:\\\/\\\/shop.bantam.ch\\\/fr\\\/\",\"name\":\"Bantam Wankm\u00fcller SA\",\"description\":\"\",\"publisher\":{\"@id\":\"https:\\\/\\\/shop.bantam.ch\\\/fr\\\/#organization\"},\"inLanguage\":\"fr-FR\"},{\"@type\":\"Organization\",\"@id\":\"https:\\\/\\\/shop.bantam.ch\\\/fr\\\/#organization\",\"name\":\"Bantam Wankm\u00fcller SA\",\"url\":\"https:\\\/\\\/shop.bantam.ch\\\/fr\\\/\",\"logo\":{\"@type\":\"ImageObject\",\"inLanguage\":\"fr-FR\",\"@id\":\"https:\\\/\\\/shop.bantam.ch\\\/fr\\\/#\\\/schema\\\/logo\\\/image\\\/\",\"url\":\"https:\\\/\\\/shop.bantam.ch\\\/wp-content\\\/uploads\\\/2022\\\/12\\\/bantam-logo.png\",\"contentUrl\":\"https:\\\/\\\/shop.bantam.ch\\\/wp-content\\\/uploads\\\/2022\\\/12\\\/bantam-logo.png\",\"width\":320,\"height\":71,\"caption\":\"Bantam Wankm\u00fcller SA\"},\"image\":{\"@id\":\"https:\\\/\\\/shop.bantam.ch\\\/fr\\\/#\\\/schema\\\/logo\\\/image\\\/\"}}]}<\/script>\n<!-- \/ Yoast SEO plugin. -->","yoast_head_json":{"title":"Kits Casseroles Dublin - Bantam Wankm\u00fcller SA","robots":{"index":"index","follow":"follow","max-snippet":"max-snippet:-1","max-image-preview":"max-image-preview:large","max-video-preview":"max-video-preview:-1"},"canonical":"https:\/\/shop.bantam.ch\/fr\/produit\/kits-casseroles-dublin\/","og_locale":"fr_FR","og_type":"article","og_title":"Kits Casseroles Dublin - Bantam Wankm\u00fcller SA","og_description":"Set de Casseroles de Camping Pratique et Peu Encombrant. Cuisiner en camping n\u2019a jamais \u00e9t\u00e9 aussi simple ! Notre set de casseroles de camping 3 pi\u00e8ces est sp\u00e9cialement con\u00e7u pour les campeurs qui recherchent praticit\u00e9 et qualit\u00e9. Avec trois tailles de casseroles diff\u00e9rentes et un couvercle en verre, vous aurez toujours la casserole id\u00e9ale pour [&hellip;]","og_url":"https:\/\/shop.bantam.ch\/fr\/produit\/kits-casseroles-dublin\/","og_site_name":"Bantam Wankm\u00fcller SA","article_modified_time":"2026-04-18T22:01:09+00:00","og_image":[{"width":800,"height":756,"url":"https:\/\/shop.bantam.ch\/wp-content\/uploads\/2026\/03\/76626001-1.jpg","type":"image\/jpeg"}],"twitter_card":"summary_large_image","twitter_misc":{"Dur\u00e9e de lecture estim\u00e9e":"1 minute"},"schema":{"@context":"https:\/\/schema.org","@graph":[{"@type":"WebPage","@id":"https:\/\/shop.bantam.ch\/fr\/produit\/kits-casseroles-dublin\/","url":"https:\/\/shop.bantam.ch\/fr\/produit\/kits-casseroles-dublin\/","name":"Kits Casseroles Dublin - Bantam Wankm\u00fcller SA","isPartOf":{"@id":"https:\/\/shop.bantam.ch\/fr\/#website"},"primaryImageOfPage":{"@id":"https:\/\/shop.bantam.ch\/fr\/produit\/kits-casseroles-dublin\/#primaryimage"},"image":{"@id":"https:\/\/shop.bantam.ch\/fr\/produit\/kits-casseroles-dublin\/#primaryimage"},"thumbnailUrl":"https:\/\/shop.bantam.ch\/wp-content\/uploads\/2026\/03\/76626001-1.jpg","datePublished":"2026-03-05T08:09:42+00:00","dateModified":"2026-04-18T22:01:09+00:00","breadcrumb":{"@id":"https:\/\/shop.bantam.ch\/fr\/produit\/kits-casseroles-dublin\/#breadcrumb"},"inLanguage":"fr-FR","potentialAction":[{"@type":"ReadAction","target":["https:\/\/shop.bantam.ch\/fr\/produit\/kits-casseroles-dublin\/"]}]},{"@type":"ImageObject","inLanguage":"fr-FR","@id":"https:\/\/shop.bantam.ch\/fr\/produit\/kits-casseroles-dublin\/#primaryimage","url":"https:\/\/shop.bantam.ch\/wp-content\/uploads\/2026\/03\/76626001-1.jpg","contentUrl":"https:\/\/shop.bantam.ch\/wp-content\/uploads\/2026\/03\/76626001-1.jpg","width":800,"height":756},{"@type":"BreadcrumbList","@id":"https:\/\/shop.bantam.ch\/fr\/produit\/kits-casseroles-dublin\/#breadcrumb","itemListElement":[{"@type":"ListItem","position":1,"name":"Accueil","item":"https:\/\/shop.bantam.ch\/fr\/"},{"@type":"ListItem","position":2,"name":"Boutique","item":"https:\/\/shop.bantam.ch\/fr\/boutique\/"},{"@type":"ListItem","position":3,"name":"Kits Casseroles Dublin"}]},{"@type":"WebSite","@id":"https:\/\/shop.bantam.ch\/fr\/#website","url":"https:\/\/shop.bantam.ch\/fr\/","name":"Bantam Wankm\u00fcller SA","description":"","publisher":{"@id":"https:\/\/shop.bantam.ch\/fr\/#organization"},"inLanguage":"fr-FR"},{"@type":"Organization","@id":"https:\/\/shop.bantam.ch\/fr\/#organization","name":"Bantam Wankm\u00fcller SA","url":"https:\/\/shop.bantam.ch\/fr\/","logo":{"@type":"ImageObject","inLanguage":"fr-FR","@id":"https:\/\/shop.bantam.ch\/fr\/#\/schema\/logo\/image\/","url":"https:\/\/shop.bantam.ch\/wp-content\/uploads\/2022\/12\/bantam-logo.png","contentUrl":"https:\/\/shop.bantam.ch\/wp-content\/uploads\/2022\/12\/bantam-logo.png","width":320,"height":71,"caption":"Bantam Wankm\u00fcller SA"},"image":{"@id":"https:\/\/shop.bantam.ch\/fr\/#\/schema\/logo\/image\/"}}]}},"_links":{"self":[{"href":"https:\/\/shop.bantam.ch\/fr\/wp-json\/wp\/v2\/product\/234358","targetHints":{"allow":["GET"]}}],"collection":[{"href":"https:\/\/shop.bantam.ch\/fr\/wp-json\/wp\/v2\/product"}],"about":[{"href":"https:\/\/shop.bantam.ch\/fr\/wp-json\/wp\/v2\/types\/product"}],"wp:featuredmedia":[{"embeddable":true,"href":"https:\/\/shop.bantam.ch\/fr\/wp-json\/wp\/v2\/media\/234352"}],"wp:attachment":[{"href":"https:\/\/shop.bantam.ch\/fr\/wp-json\/wp\/v2\/media?parent=234358"}],"wp:term":[{"taxonomy":"product_featured_cat","embeddable":true,"href":"https:\/\/shop.bantam.ch\/fr\/wp-json\/wp\/v2\/product_featured_cat?post=234358"},{"taxonomy":"product_brand","embeddable":true,"href":"https:\/\/shop.bantam.ch\/fr\/wp-json\/wp\/v2\/product_brand?post=234358"},{"taxonomy":"product_cat","embeddable":true,"href":"https:\/\/shop.bantam.ch\/fr\/wp-json\/wp\/v2\/product_cat?post=234358"},{"taxonomy":"product_tag","embeddable":true,"href":"https:\/\/shop.bantam.ch\/fr\/wp-json\/wp\/v2\/product_tag?post=234358"}],"curies":[{"name":"wp","href":"https:\/\/api.w.org\/{rel}","templated":true}]}}