{"id":234253,"date":"2026-03-04T10:12:28","date_gmt":"2026-03-04T09:12:28","guid":{"rendered":"https:\/\/shop.bantam.ch\/produit\/carri-chef-40-pro-ffd-bbq-30mbar\/"},"modified":"2026-04-17T23:57:03","modified_gmt":"2026-04-17T21:57:03","slug":"carri-chef-40-pro-ffd-bbq-30mbar","status":"publish","type":"product","link":"https:\/\/shop.bantam.ch\/fr\/produit\/carri-chef-40-pro-ffd-bbq-30mbar\/","title":{"rendered":"Carri Chef 40 PRO FFD BBQ 30mbar"},"content":{"rendered":"<p>Barbecue l\u00e9ger et portable de 30 mbar (\u00f8 40 cm). Allumage pi\u00e9zo\u00e9lectrique automatique. Peut aussi servir de four avec un couvercle. Avec un sac de rangement pratique. Comprenant un support pour casseroles, grille, 2 assiettes et couvercle pour griller.<br \/>\n\u00c9quip\u00e9 d\u2019une jambe r\u00e9glable. Garantie de 2 ans<\/p>\n","protected":false},"excerpt":{"rendered":"<p>Barbecue l\u00e9ger et portable de 30 mbar (\u00f8 40 cm). Allumage pi\u00e9zo\u00e9lectrique automatique. Peut aussi servir de four avec un couvercle. Avec un sac de rangement pratique. Comprenant un support pour casseroles, grille, 2 assiettes et couvercle pour griller. \u00c9quip\u00e9 d\u2019une jambe r\u00e9glable. Garantie de 2 ans<\/p>\n","protected":false},"featured_media":234251,"template":"","meta":{"_acf_changed":false},"product_featured_cat":[],"product_brand":[3668],"product_cat":[4279],"product_tag":[],"class_list":{"0":"post-234253","1":"product","2":"type-product","3":"status-publish","4":"has-post-thumbnail","6":"product_brand-cadac","7":"product_cat-barbecues-a-gaz","9":"first","10":"instock","11":"taxable","12":"shipping-taxable","13":"purchasable","14":"product-type-simple"},"acf":[],"yoast_head":"<!-- This site is optimized with the Yoast SEO plugin v27.4 - https:\/\/yoast.com\/product\/yoast-seo-wordpress\/ -->\n<title>Carri Chef 40 PRO FFD BBQ 30mbar - Bantam Wankm\u00fcller SA<\/title>\n<meta name=\"robots\" content=\"index, follow, max-snippet:-1, max-image-preview:large, max-video-preview:-1\" \/>\n<link rel=\"canonical\" href=\"https:\/\/shop.bantam.ch\/fr\/produit\/carri-chef-40-pro-ffd-bbq-30mbar\/\" \/>\n<meta property=\"og:locale\" content=\"fr_FR\" \/>\n<meta property=\"og:type\" content=\"article\" \/>\n<meta property=\"og:title\" content=\"Carri Chef 40 PRO FFD BBQ 30mbar - Bantam Wankm\u00fcller SA\" \/>\n<meta property=\"og:description\" content=\"Barbecue l\u00e9ger et portable de 30 mbar (\u00f8 40 cm). Allumage pi\u00e9zo\u00e9lectrique automatique. Peut aussi servir de four avec un couvercle. Avec un sac de rangement pratique. Comprenant un support pour casseroles, grille, 2 assiettes et couvercle pour griller. \u00c9quip\u00e9 d\u2019une jambe r\u00e9glable. Garantie de 2 ans\" \/>\n<meta property=\"og:url\" content=\"https:\/\/shop.bantam.ch\/fr\/produit\/carri-chef-40-pro-ffd-bbq-30mbar\/\" \/>\n<meta property=\"og:site_name\" content=\"Bantam Wankm\u00fcller SA\" \/>\n<meta property=\"article:modified_time\" content=\"2026-04-17T21:57:03+00:00\" \/>\n<meta property=\"og:image\" content=\"https:\/\/shop.bantam.ch\/wp-content\/uploads\/2026\/03\/78726004.jpg\" \/>\n\t<meta property=\"og:image:width\" content=\"662\" \/>\n\t<meta property=\"og:image:height\" content=\"440\" \/>\n\t<meta property=\"og:image:type\" content=\"image\/jpeg\" \/>\n<meta name=\"twitter:card\" content=\"summary_large_image\" \/>\n<script type=\"application\/ld+json\" class=\"yoast-schema-graph\">{\"@context\":\"https:\\\/\\\/schema.org\",\"@graph\":[{\"@type\":\"WebPage\",\"@id\":\"https:\\\/\\\/shop.bantam.ch\\\/fr\\\/produit\\\/carri-chef-40-pro-ffd-bbq-30mbar\\\/\",\"url\":\"https:\\\/\\\/shop.bantam.ch\\\/fr\\\/produit\\\/carri-chef-40-pro-ffd-bbq-30mbar\\\/\",\"name\":\"Carri Chef 40 PRO FFD BBQ 30mbar - Bantam Wankm\u00fcller SA\",\"isPartOf\":{\"@id\":\"https:\\\/\\\/shop.bantam.ch\\\/fr\\\/#website\"},\"primaryImageOfPage\":{\"@id\":\"https:\\\/\\\/shop.bantam.ch\\\/fr\\\/produit\\\/carri-chef-40-pro-ffd-bbq-30mbar\\\/#primaryimage\"},\"image\":{\"@id\":\"https:\\\/\\\/shop.bantam.ch\\\/fr\\\/produit\\\/carri-chef-40-pro-ffd-bbq-30mbar\\\/#primaryimage\"},\"thumbnailUrl\":\"https:\\\/\\\/shop.bantam.ch\\\/wp-content\\\/uploads\\\/2026\\\/03\\\/78726004.jpg\",\"datePublished\":\"2026-03-04T09:12:28+00:00\",\"dateModified\":\"2026-04-17T21:57:03+00:00\",\"breadcrumb\":{\"@id\":\"https:\\\/\\\/shop.bantam.ch\\\/fr\\\/produit\\\/carri-chef-40-pro-ffd-bbq-30mbar\\\/#breadcrumb\"},\"inLanguage\":\"fr-FR\",\"potentialAction\":[{\"@type\":\"ReadAction\",\"target\":[\"https:\\\/\\\/shop.bantam.ch\\\/fr\\\/produit\\\/carri-chef-40-pro-ffd-bbq-30mbar\\\/\"]}]},{\"@type\":\"ImageObject\",\"inLanguage\":\"fr-FR\",\"@id\":\"https:\\\/\\\/shop.bantam.ch\\\/fr\\\/produit\\\/carri-chef-40-pro-ffd-bbq-30mbar\\\/#primaryimage\",\"url\":\"https:\\\/\\\/shop.bantam.ch\\\/wp-content\\\/uploads\\\/2026\\\/03\\\/78726004.jpg\",\"contentUrl\":\"https:\\\/\\\/shop.bantam.ch\\\/wp-content\\\/uploads\\\/2026\\\/03\\\/78726004.jpg\",\"width\":662,\"height\":440},{\"@type\":\"BreadcrumbList\",\"@id\":\"https:\\\/\\\/shop.bantam.ch\\\/fr\\\/produit\\\/carri-chef-40-pro-ffd-bbq-30mbar\\\/#breadcrumb\",\"itemListElement\":[{\"@type\":\"ListItem\",\"position\":1,\"name\":\"Accueil\",\"item\":\"https:\\\/\\\/shop.bantam.ch\\\/fr\\\/\"},{\"@type\":\"ListItem\",\"position\":2,\"name\":\"Boutique\",\"item\":\"https:\\\/\\\/shop.bantam.ch\\\/fr\\\/boutique\\\/\"},{\"@type\":\"ListItem\",\"position\":3,\"name\":\"Carri Chef 40 PRO FFD BBQ 30mbar\"}]},{\"@type\":\"WebSite\",\"@id\":\"https:\\\/\\\/shop.bantam.ch\\\/fr\\\/#website\",\"url\":\"https:\\\/\\\/shop.bantam.ch\\\/fr\\\/\",\"name\":\"Bantam Wankm\u00fcller SA\",\"description\":\"\",\"publisher\":{\"@id\":\"https:\\\/\\\/shop.bantam.ch\\\/fr\\\/#organization\"},\"inLanguage\":\"fr-FR\"},{\"@type\":\"Organization\",\"@id\":\"https:\\\/\\\/shop.bantam.ch\\\/fr\\\/#organization\",\"name\":\"Bantam Wankm\u00fcller SA\",\"url\":\"https:\\\/\\\/shop.bantam.ch\\\/fr\\\/\",\"logo\":{\"@type\":\"ImageObject\",\"inLanguage\":\"fr-FR\",\"@id\":\"https:\\\/\\\/shop.bantam.ch\\\/fr\\\/#\\\/schema\\\/logo\\\/image\\\/\",\"url\":\"https:\\\/\\\/shop.bantam.ch\\\/wp-content\\\/uploads\\\/2022\\\/12\\\/bantam-logo.png\",\"contentUrl\":\"https:\\\/\\\/shop.bantam.ch\\\/wp-content\\\/uploads\\\/2022\\\/12\\\/bantam-logo.png\",\"width\":320,\"height\":71,\"caption\":\"Bantam Wankm\u00fcller SA\"},\"image\":{\"@id\":\"https:\\\/\\\/shop.bantam.ch\\\/fr\\\/#\\\/schema\\\/logo\\\/image\\\/\"}}]}<\/script>\n<!-- \/ Yoast SEO plugin. -->","yoast_head_json":{"title":"Carri Chef 40 PRO FFD BBQ 30mbar - Bantam Wankm\u00fcller SA","robots":{"index":"index","follow":"follow","max-snippet":"max-snippet:-1","max-image-preview":"max-image-preview:large","max-video-preview":"max-video-preview:-1"},"canonical":"https:\/\/shop.bantam.ch\/fr\/produit\/carri-chef-40-pro-ffd-bbq-30mbar\/","og_locale":"fr_FR","og_type":"article","og_title":"Carri Chef 40 PRO FFD BBQ 30mbar - Bantam Wankm\u00fcller SA","og_description":"Barbecue l\u00e9ger et portable de 30 mbar (\u00f8 40 cm). Allumage pi\u00e9zo\u00e9lectrique automatique. Peut aussi servir de four avec un couvercle. Avec un sac de rangement pratique. Comprenant un support pour casseroles, grille, 2 assiettes et couvercle pour griller. \u00c9quip\u00e9 d\u2019une jambe r\u00e9glable. Garantie de 2 ans","og_url":"https:\/\/shop.bantam.ch\/fr\/produit\/carri-chef-40-pro-ffd-bbq-30mbar\/","og_site_name":"Bantam Wankm\u00fcller SA","article_modified_time":"2026-04-17T21:57:03+00:00","og_image":[{"width":662,"height":440,"url":"https:\/\/shop.bantam.ch\/wp-content\/uploads\/2026\/03\/78726004.jpg","type":"image\/jpeg"}],"twitter_card":"summary_large_image","schema":{"@context":"https:\/\/schema.org","@graph":[{"@type":"WebPage","@id":"https:\/\/shop.bantam.ch\/fr\/produit\/carri-chef-40-pro-ffd-bbq-30mbar\/","url":"https:\/\/shop.bantam.ch\/fr\/produit\/carri-chef-40-pro-ffd-bbq-30mbar\/","name":"Carri Chef 40 PRO FFD BBQ 30mbar - Bantam Wankm\u00fcller SA","isPartOf":{"@id":"https:\/\/shop.bantam.ch\/fr\/#website"},"primaryImageOfPage":{"@id":"https:\/\/shop.bantam.ch\/fr\/produit\/carri-chef-40-pro-ffd-bbq-30mbar\/#primaryimage"},"image":{"@id":"https:\/\/shop.bantam.ch\/fr\/produit\/carri-chef-40-pro-ffd-bbq-30mbar\/#primaryimage"},"thumbnailUrl":"https:\/\/shop.bantam.ch\/wp-content\/uploads\/2026\/03\/78726004.jpg","datePublished":"2026-03-04T09:12:28+00:00","dateModified":"2026-04-17T21:57:03+00:00","breadcrumb":{"@id":"https:\/\/shop.bantam.ch\/fr\/produit\/carri-chef-40-pro-ffd-bbq-30mbar\/#breadcrumb"},"inLanguage":"fr-FR","potentialAction":[{"@type":"ReadAction","target":["https:\/\/shop.bantam.ch\/fr\/produit\/carri-chef-40-pro-ffd-bbq-30mbar\/"]}]},{"@type":"ImageObject","inLanguage":"fr-FR","@id":"https:\/\/shop.bantam.ch\/fr\/produit\/carri-chef-40-pro-ffd-bbq-30mbar\/#primaryimage","url":"https:\/\/shop.bantam.ch\/wp-content\/uploads\/2026\/03\/78726004.jpg","contentUrl":"https:\/\/shop.bantam.ch\/wp-content\/uploads\/2026\/03\/78726004.jpg","width":662,"height":440},{"@type":"BreadcrumbList","@id":"https:\/\/shop.bantam.ch\/fr\/produit\/carri-chef-40-pro-ffd-bbq-30mbar\/#breadcrumb","itemListElement":[{"@type":"ListItem","position":1,"name":"Accueil","item":"https:\/\/shop.bantam.ch\/fr\/"},{"@type":"ListItem","position":2,"name":"Boutique","item":"https:\/\/shop.bantam.ch\/fr\/boutique\/"},{"@type":"ListItem","position":3,"name":"Carri Chef 40 PRO FFD BBQ 30mbar"}]},{"@type":"WebSite","@id":"https:\/\/shop.bantam.ch\/fr\/#website","url":"https:\/\/shop.bantam.ch\/fr\/","name":"Bantam Wankm\u00fcller SA","description":"","publisher":{"@id":"https:\/\/shop.bantam.ch\/fr\/#organization"},"inLanguage":"fr-FR"},{"@type":"Organization","@id":"https:\/\/shop.bantam.ch\/fr\/#organization","name":"Bantam Wankm\u00fcller SA","url":"https:\/\/shop.bantam.ch\/fr\/","logo":{"@type":"ImageObject","inLanguage":"fr-FR","@id":"https:\/\/shop.bantam.ch\/fr\/#\/schema\/logo\/image\/","url":"https:\/\/shop.bantam.ch\/wp-content\/uploads\/2022\/12\/bantam-logo.png","contentUrl":"https:\/\/shop.bantam.ch\/wp-content\/uploads\/2022\/12\/bantam-logo.png","width":320,"height":71,"caption":"Bantam Wankm\u00fcller SA"},"image":{"@id":"https:\/\/shop.bantam.ch\/fr\/#\/schema\/logo\/image\/"}}]}},"_links":{"self":[{"href":"https:\/\/shop.bantam.ch\/fr\/wp-json\/wp\/v2\/product\/234253","targetHints":{"allow":["GET"]}}],"collection":[{"href":"https:\/\/shop.bantam.ch\/fr\/wp-json\/wp\/v2\/product"}],"about":[{"href":"https:\/\/shop.bantam.ch\/fr\/wp-json\/wp\/v2\/types\/product"}],"wp:featuredmedia":[{"embeddable":true,"href":"https:\/\/shop.bantam.ch\/fr\/wp-json\/wp\/v2\/media\/234251"}],"wp:attachment":[{"href":"https:\/\/shop.bantam.ch\/fr\/wp-json\/wp\/v2\/media?parent=234253"}],"wp:term":[{"taxonomy":"product_featured_cat","embeddable":true,"href":"https:\/\/shop.bantam.ch\/fr\/wp-json\/wp\/v2\/product_featured_cat?post=234253"},{"taxonomy":"product_brand","embeddable":true,"href":"https:\/\/shop.bantam.ch\/fr\/wp-json\/wp\/v2\/product_brand?post=234253"},{"taxonomy":"product_cat","embeddable":true,"href":"https:\/\/shop.bantam.ch\/fr\/wp-json\/wp\/v2\/product_cat?post=234253"},{"taxonomy":"product_tag","embeddable":true,"href":"https:\/\/shop.bantam.ch\/fr\/wp-json\/wp\/v2\/product_tag?post=234253"}],"curies":[{"name":"wp","href":"https:\/\/api.w.org\/{rel}","templated":true}]}}