{"id":234237,"date":"2026-03-04T09:46:16","date_gmt":"2026-03-04T08:46:16","guid":{"rendered":"https:\/\/shop.bantam.ch\/produit\/van-cook-pro-ffd-combo\/"},"modified":"2026-04-17T23:56:56","modified_gmt":"2026-04-17T21:56:56","slug":"van-cook-pro-ffd-combo","status":"publish","type":"product","link":"https:\/\/shop.bantam.ch\/fr\/produit\/van-cook-pro-ffd-combo\/","title":{"rendered":"Van Cook PRO FFD Combo"},"content":{"rendered":"<p>Barbecue \u00e0 gaz compact et l\u00e9ger. Id\u00e9al pour le camping et les escapades en van. Dispositif de coupure de flamme (FFD ou Thermocouple) pour plus de s\u00e9curit\u00e9. Connexion magn\u00e9tique simple pour cartouche de gaz. Allumage automatique. Comprend un support pour cafeti\u00e8re, une plancha, une grille BBQ, un support de casserole, un couvercle et un sac de rangement premium. Protection contre le vent et les \u00e9claboussures. Garantie de 2 ans<\/p>\n","protected":false},"excerpt":{"rendered":"<p>Barbecue \u00e0 gaz compact et l\u00e9ger. Id\u00e9al pour le camping et les escapades en van. Dispositif de coupure de flamme (FFD ou Thermocouple) pour plus de s\u00e9curit\u00e9. Connexion magn\u00e9tique simple pour cartouche de gaz. Allumage automatique. Comprend un support pour cafeti\u00e8re, une plancha, une grille BBQ, un support de casserole, un couvercle et un sac [&hellip;]<\/p>\n","protected":false},"featured_media":234229,"template":"","meta":{"_acf_changed":false},"product_featured_cat":[],"product_brand":[3668],"product_cat":[4279],"product_tag":[],"class_list":{"0":"post-234237","1":"product","2":"type-product","3":"status-publish","4":"has-post-thumbnail","6":"product_brand-cadac","7":"product_cat-barbecues-a-gaz","9":"first","10":"instock","11":"taxable","12":"shipping-taxable","13":"purchasable","14":"product-type-simple"},"acf":[],"yoast_head":"<!-- This site is optimized with the Yoast SEO plugin v27.4 - https:\/\/yoast.com\/product\/yoast-seo-wordpress\/ -->\n<title>Van Cook PRO FFD Combo - Bantam Wankm\u00fcller SA<\/title>\n<meta name=\"robots\" content=\"index, follow, max-snippet:-1, max-image-preview:large, max-video-preview:-1\" \/>\n<link rel=\"canonical\" href=\"https:\/\/shop.bantam.ch\/fr\/produit\/van-cook-pro-ffd-combo\/\" \/>\n<meta property=\"og:locale\" content=\"fr_FR\" \/>\n<meta property=\"og:type\" content=\"article\" \/>\n<meta property=\"og:title\" content=\"Van Cook PRO FFD Combo - Bantam Wankm\u00fcller SA\" \/>\n<meta property=\"og:description\" content=\"Barbecue \u00e0 gaz compact et l\u00e9ger. Id\u00e9al pour le camping et les escapades en van. Dispositif de coupure de flamme (FFD ou Thermocouple) pour plus de s\u00e9curit\u00e9. Connexion magn\u00e9tique simple pour cartouche de gaz. Allumage automatique. Comprend un support pour cafeti\u00e8re, une plancha, une grille BBQ, un support de casserole, un couvercle et un sac [&hellip;]\" \/>\n<meta property=\"og:url\" content=\"https:\/\/shop.bantam.ch\/fr\/produit\/van-cook-pro-ffd-combo\/\" \/>\n<meta property=\"og:site_name\" content=\"Bantam Wankm\u00fcller SA\" \/>\n<meta property=\"article:modified_time\" content=\"2026-04-17T21:56:56+00:00\" \/>\n<meta property=\"og:image\" content=\"https:\/\/shop.bantam.ch\/wp-content\/uploads\/2026\/03\/78726001-3.jpg\" \/>\n\t<meta property=\"og:image:width\" content=\"800\" \/>\n\t<meta property=\"og:image:height\" content=\"638\" \/>\n\t<meta property=\"og:image:type\" content=\"image\/jpeg\" \/>\n<meta name=\"twitter:card\" content=\"summary_large_image\" \/>\n<script type=\"application\/ld+json\" class=\"yoast-schema-graph\">{\"@context\":\"https:\\\/\\\/schema.org\",\"@graph\":[{\"@type\":\"WebPage\",\"@id\":\"https:\\\/\\\/shop.bantam.ch\\\/fr\\\/produit\\\/van-cook-pro-ffd-combo\\\/\",\"url\":\"https:\\\/\\\/shop.bantam.ch\\\/fr\\\/produit\\\/van-cook-pro-ffd-combo\\\/\",\"name\":\"Van Cook PRO FFD Combo - Bantam Wankm\u00fcller SA\",\"isPartOf\":{\"@id\":\"https:\\\/\\\/shop.bantam.ch\\\/fr\\\/#website\"},\"primaryImageOfPage\":{\"@id\":\"https:\\\/\\\/shop.bantam.ch\\\/fr\\\/produit\\\/van-cook-pro-ffd-combo\\\/#primaryimage\"},\"image\":{\"@id\":\"https:\\\/\\\/shop.bantam.ch\\\/fr\\\/produit\\\/van-cook-pro-ffd-combo\\\/#primaryimage\"},\"thumbnailUrl\":\"https:\\\/\\\/shop.bantam.ch\\\/wp-content\\\/uploads\\\/2026\\\/03\\\/78726001-3.jpg\",\"datePublished\":\"2026-03-04T08:46:16+00:00\",\"dateModified\":\"2026-04-17T21:56:56+00:00\",\"breadcrumb\":{\"@id\":\"https:\\\/\\\/shop.bantam.ch\\\/fr\\\/produit\\\/van-cook-pro-ffd-combo\\\/#breadcrumb\"},\"inLanguage\":\"fr-FR\",\"potentialAction\":[{\"@type\":\"ReadAction\",\"target\":[\"https:\\\/\\\/shop.bantam.ch\\\/fr\\\/produit\\\/van-cook-pro-ffd-combo\\\/\"]}]},{\"@type\":\"ImageObject\",\"inLanguage\":\"fr-FR\",\"@id\":\"https:\\\/\\\/shop.bantam.ch\\\/fr\\\/produit\\\/van-cook-pro-ffd-combo\\\/#primaryimage\",\"url\":\"https:\\\/\\\/shop.bantam.ch\\\/wp-content\\\/uploads\\\/2026\\\/03\\\/78726001-3.jpg\",\"contentUrl\":\"https:\\\/\\\/shop.bantam.ch\\\/wp-content\\\/uploads\\\/2026\\\/03\\\/78726001-3.jpg\",\"width\":800,\"height\":638},{\"@type\":\"BreadcrumbList\",\"@id\":\"https:\\\/\\\/shop.bantam.ch\\\/fr\\\/produit\\\/van-cook-pro-ffd-combo\\\/#breadcrumb\",\"itemListElement\":[{\"@type\":\"ListItem\",\"position\":1,\"name\":\"Accueil\",\"item\":\"https:\\\/\\\/shop.bantam.ch\\\/fr\\\/\"},{\"@type\":\"ListItem\",\"position\":2,\"name\":\"Boutique\",\"item\":\"https:\\\/\\\/shop.bantam.ch\\\/fr\\\/boutique\\\/\"},{\"@type\":\"ListItem\",\"position\":3,\"name\":\"Van Cook PRO FFD Combo\"}]},{\"@type\":\"WebSite\",\"@id\":\"https:\\\/\\\/shop.bantam.ch\\\/fr\\\/#website\",\"url\":\"https:\\\/\\\/shop.bantam.ch\\\/fr\\\/\",\"name\":\"Bantam Wankm\u00fcller SA\",\"description\":\"\",\"publisher\":{\"@id\":\"https:\\\/\\\/shop.bantam.ch\\\/fr\\\/#organization\"},\"inLanguage\":\"fr-FR\"},{\"@type\":\"Organization\",\"@id\":\"https:\\\/\\\/shop.bantam.ch\\\/fr\\\/#organization\",\"name\":\"Bantam Wankm\u00fcller SA\",\"url\":\"https:\\\/\\\/shop.bantam.ch\\\/fr\\\/\",\"logo\":{\"@type\":\"ImageObject\",\"inLanguage\":\"fr-FR\",\"@id\":\"https:\\\/\\\/shop.bantam.ch\\\/fr\\\/#\\\/schema\\\/logo\\\/image\\\/\",\"url\":\"https:\\\/\\\/shop.bantam.ch\\\/wp-content\\\/uploads\\\/2022\\\/12\\\/bantam-logo.png\",\"contentUrl\":\"https:\\\/\\\/shop.bantam.ch\\\/wp-content\\\/uploads\\\/2022\\\/12\\\/bantam-logo.png\",\"width\":320,\"height\":71,\"caption\":\"Bantam Wankm\u00fcller SA\"},\"image\":{\"@id\":\"https:\\\/\\\/shop.bantam.ch\\\/fr\\\/#\\\/schema\\\/logo\\\/image\\\/\"}}]}<\/script>\n<!-- \/ Yoast SEO plugin. -->","yoast_head_json":{"title":"Van Cook PRO FFD Combo - Bantam Wankm\u00fcller SA","robots":{"index":"index","follow":"follow","max-snippet":"max-snippet:-1","max-image-preview":"max-image-preview:large","max-video-preview":"max-video-preview:-1"},"canonical":"https:\/\/shop.bantam.ch\/fr\/produit\/van-cook-pro-ffd-combo\/","og_locale":"fr_FR","og_type":"article","og_title":"Van Cook PRO FFD Combo - Bantam Wankm\u00fcller SA","og_description":"Barbecue \u00e0 gaz compact et l\u00e9ger. Id\u00e9al pour le camping et les escapades en van. Dispositif de coupure de flamme (FFD ou Thermocouple) pour plus de s\u00e9curit\u00e9. Connexion magn\u00e9tique simple pour cartouche de gaz. Allumage automatique. Comprend un support pour cafeti\u00e8re, une plancha, une grille BBQ, un support de casserole, un couvercle et un sac [&hellip;]","og_url":"https:\/\/shop.bantam.ch\/fr\/produit\/van-cook-pro-ffd-combo\/","og_site_name":"Bantam Wankm\u00fcller SA","article_modified_time":"2026-04-17T21:56:56+00:00","og_image":[{"width":800,"height":638,"url":"https:\/\/shop.bantam.ch\/wp-content\/uploads\/2026\/03\/78726001-3.jpg","type":"image\/jpeg"}],"twitter_card":"summary_large_image","schema":{"@context":"https:\/\/schema.org","@graph":[{"@type":"WebPage","@id":"https:\/\/shop.bantam.ch\/fr\/produit\/van-cook-pro-ffd-combo\/","url":"https:\/\/shop.bantam.ch\/fr\/produit\/van-cook-pro-ffd-combo\/","name":"Van Cook PRO FFD Combo - Bantam Wankm\u00fcller SA","isPartOf":{"@id":"https:\/\/shop.bantam.ch\/fr\/#website"},"primaryImageOfPage":{"@id":"https:\/\/shop.bantam.ch\/fr\/produit\/van-cook-pro-ffd-combo\/#primaryimage"},"image":{"@id":"https:\/\/shop.bantam.ch\/fr\/produit\/van-cook-pro-ffd-combo\/#primaryimage"},"thumbnailUrl":"https:\/\/shop.bantam.ch\/wp-content\/uploads\/2026\/03\/78726001-3.jpg","datePublished":"2026-03-04T08:46:16+00:00","dateModified":"2026-04-17T21:56:56+00:00","breadcrumb":{"@id":"https:\/\/shop.bantam.ch\/fr\/produit\/van-cook-pro-ffd-combo\/#breadcrumb"},"inLanguage":"fr-FR","potentialAction":[{"@type":"ReadAction","target":["https:\/\/shop.bantam.ch\/fr\/produit\/van-cook-pro-ffd-combo\/"]}]},{"@type":"ImageObject","inLanguage":"fr-FR","@id":"https:\/\/shop.bantam.ch\/fr\/produit\/van-cook-pro-ffd-combo\/#primaryimage","url":"https:\/\/shop.bantam.ch\/wp-content\/uploads\/2026\/03\/78726001-3.jpg","contentUrl":"https:\/\/shop.bantam.ch\/wp-content\/uploads\/2026\/03\/78726001-3.jpg","width":800,"height":638},{"@type":"BreadcrumbList","@id":"https:\/\/shop.bantam.ch\/fr\/produit\/van-cook-pro-ffd-combo\/#breadcrumb","itemListElement":[{"@type":"ListItem","position":1,"name":"Accueil","item":"https:\/\/shop.bantam.ch\/fr\/"},{"@type":"ListItem","position":2,"name":"Boutique","item":"https:\/\/shop.bantam.ch\/fr\/boutique\/"},{"@type":"ListItem","position":3,"name":"Van Cook PRO FFD Combo"}]},{"@type":"WebSite","@id":"https:\/\/shop.bantam.ch\/fr\/#website","url":"https:\/\/shop.bantam.ch\/fr\/","name":"Bantam Wankm\u00fcller SA","description":"","publisher":{"@id":"https:\/\/shop.bantam.ch\/fr\/#organization"},"inLanguage":"fr-FR"},{"@type":"Organization","@id":"https:\/\/shop.bantam.ch\/fr\/#organization","name":"Bantam Wankm\u00fcller SA","url":"https:\/\/shop.bantam.ch\/fr\/","logo":{"@type":"ImageObject","inLanguage":"fr-FR","@id":"https:\/\/shop.bantam.ch\/fr\/#\/schema\/logo\/image\/","url":"https:\/\/shop.bantam.ch\/wp-content\/uploads\/2022\/12\/bantam-logo.png","contentUrl":"https:\/\/shop.bantam.ch\/wp-content\/uploads\/2022\/12\/bantam-logo.png","width":320,"height":71,"caption":"Bantam Wankm\u00fcller SA"},"image":{"@id":"https:\/\/shop.bantam.ch\/fr\/#\/schema\/logo\/image\/"}}]}},"_links":{"self":[{"href":"https:\/\/shop.bantam.ch\/fr\/wp-json\/wp\/v2\/product\/234237","targetHints":{"allow":["GET"]}}],"collection":[{"href":"https:\/\/shop.bantam.ch\/fr\/wp-json\/wp\/v2\/product"}],"about":[{"href":"https:\/\/shop.bantam.ch\/fr\/wp-json\/wp\/v2\/types\/product"}],"wp:featuredmedia":[{"embeddable":true,"href":"https:\/\/shop.bantam.ch\/fr\/wp-json\/wp\/v2\/media\/234229"}],"wp:attachment":[{"href":"https:\/\/shop.bantam.ch\/fr\/wp-json\/wp\/v2\/media?parent=234237"}],"wp:term":[{"taxonomy":"product_featured_cat","embeddable":true,"href":"https:\/\/shop.bantam.ch\/fr\/wp-json\/wp\/v2\/product_featured_cat?post=234237"},{"taxonomy":"product_brand","embeddable":true,"href":"https:\/\/shop.bantam.ch\/fr\/wp-json\/wp\/v2\/product_brand?post=234237"},{"taxonomy":"product_cat","embeddable":true,"href":"https:\/\/shop.bantam.ch\/fr\/wp-json\/wp\/v2\/product_cat?post=234237"},{"taxonomy":"product_tag","embeddable":true,"href":"https:\/\/shop.bantam.ch\/fr\/wp-json\/wp\/v2\/product_tag?post=234237"}],"curies":[{"name":"wp","href":"https:\/\/api.w.org\/{rel}","templated":true}]}}