{"id":234179,"date":"2026-03-03T14:44:19","date_gmt":"2026-03-03T13:44:19","guid":{"rendered":"https:\/\/shop.bantam.ch\/produit\/batterie-lithium-lifepo4-150-ah-bluetooth\/"},"modified":"2026-04-17T23:56:48","modified_gmt":"2026-04-17T21:56:48","slug":"batterie-lithium-lifepo4-150-ah-bluetooth","status":"publish","type":"product","link":"https:\/\/shop.bantam.ch\/fr\/produit\/batterie-lithium-lifepo4-150-ah-bluetooth\/","title":{"rendered":"Batterie Lithium Lifepo4 150 Ah Bluetooth"},"content":{"rendered":"<p>Dur\u00e9e de vie plus longue : offre une dur\u00e9e de vie jusqu&rsquo;\u00e0 20 fois plus longue et une dur\u00e9e de vie flottante\/calendaire cinq fois plus longue que celle d&rsquo;une batterie au plomb, contribuant ainsi \u00e0 minimiser les co\u00fbts de remplacement et \u00e0 r\u00e9duire le co\u00fbt total de possession. Poids plus l\u00e9ger : environ 40 % du poids d\u2019une batterie au plomb comparable. Remplacement des batteries au plomb.<br \/>\nPuissance sup\u00e9rieure : fournit deux fois la puissance d&rsquo;une batterie au plomb, m\u00eame avec un taux de d\u00e9charge \u00e9lev\u00e9, tout en conservant une capacit\u00e9 \u00e9nerg\u00e9tique \u00e9lev\u00e9e. Plage de temp\u00e9rature plus large : -20 \u2103 \u00e0 60 \u2103. S\u00e9curit\u00e9 sup\u00e9rieure : la chimie du lithium fer phosphate \u00e9limine le risque d&rsquo;explosion ou de combustion d\u00fb \u00e0 un impact \u00e9lev\u00e9, une surcharge ou un court-circuit. Flexibilit\u00e9 accrue : la conception modulaire permet le d\u00e9ploiement de jusqu&rsquo;\u00e0 quatre batteries en s\u00e9rie et jusqu&rsquo;\u00e0 dix batteries en parall\u00e8le. Fonction de d\u00e9tection de surcharge. Fonction de d\u00e9tection de d\u00e9charge excessive. Fonction de d\u00e9tection de surintensit\u00e9. Protection contre la temp\u00e9rature. Fonction de d\u00e9tection de court-circuit. Fonction d&rsquo;\u00e9quilibre.<\/p>\n","protected":false},"excerpt":{"rendered":"<p>Dur\u00e9e de vie plus longue : offre une dur\u00e9e de vie jusqu&rsquo;\u00e0 20 fois plus longue et une dur\u00e9e de vie flottante\/calendaire cinq fois plus longue que celle d&rsquo;une batterie au plomb, contribuant ainsi \u00e0 minimiser les co\u00fbts de remplacement et \u00e0 r\u00e9duire le co\u00fbt total de possession. Poids plus l\u00e9ger : environ 40 % [&hellip;]<\/p>\n","protected":false},"featured_media":234173,"template":"","meta":{"_acf_changed":false},"product_featured_cat":[],"product_brand":[3796],"product_cat":[5113],"product_tag":[],"class_list":{"0":"post-234179","1":"product","2":"type-product","3":"status-publish","4":"has-post-thumbnail","6":"product_brand-lifepo4","7":"product_cat-batteries-lithium","9":"first","10":"instock","11":"taxable","12":"shipping-taxable","13":"purchasable","14":"product-type-simple"},"acf":[],"yoast_head":"<!-- This site is optimized with the Yoast SEO plugin v27.4 - https:\/\/yoast.com\/product\/yoast-seo-wordpress\/ -->\n<title>Batterie Lithium Lifepo4 150 Ah Bluetooth - Bantam Wankm\u00fcller SA<\/title>\n<meta name=\"robots\" content=\"index, follow, max-snippet:-1, max-image-preview:large, max-video-preview:-1\" \/>\n<link rel=\"canonical\" href=\"https:\/\/shop.bantam.ch\/fr\/produit\/batterie-lithium-lifepo4-150-ah-bluetooth\/\" \/>\n<meta property=\"og:locale\" content=\"fr_FR\" \/>\n<meta property=\"og:type\" content=\"article\" \/>\n<meta property=\"og:title\" content=\"Batterie Lithium Lifepo4 150 Ah Bluetooth - Bantam Wankm\u00fcller SA\" \/>\n<meta property=\"og:description\" content=\"Dur\u00e9e de vie plus longue : offre une dur\u00e9e de vie jusqu&rsquo;\u00e0 20 fois plus longue et une dur\u00e9e de vie flottante\/calendaire cinq fois plus longue que celle d&rsquo;une batterie au plomb, contribuant ainsi \u00e0 minimiser les co\u00fbts de remplacement et \u00e0 r\u00e9duire le co\u00fbt total de possession. Poids plus l\u00e9ger : environ 40 % [&hellip;]\" \/>\n<meta property=\"og:url\" content=\"https:\/\/shop.bantam.ch\/fr\/produit\/batterie-lithium-lifepo4-150-ah-bluetooth\/\" \/>\n<meta property=\"og:site_name\" content=\"Bantam Wankm\u00fcller SA\" \/>\n<meta property=\"article:modified_time\" content=\"2026-04-17T21:56:48+00:00\" \/>\n<meta property=\"og:image\" content=\"https:\/\/shop.bantam.ch\/wp-content\/uploads\/2026\/03\/55701500_1.jpg\" \/>\n\t<meta property=\"og:image:width\" content=\"800\" \/>\n\t<meta property=\"og:image:height\" content=\"718\" \/>\n\t<meta property=\"og:image:type\" content=\"image\/jpeg\" \/>\n<meta name=\"twitter:card\" content=\"summary_large_image\" \/>\n<meta name=\"twitter:label1\" content=\"Dur\u00e9e de lecture estim\u00e9e\" \/>\n\t<meta name=\"twitter:data1\" content=\"1 minute\" \/>\n<script type=\"application\/ld+json\" class=\"yoast-schema-graph\">{\"@context\":\"https:\\\/\\\/schema.org\",\"@graph\":[{\"@type\":\"WebPage\",\"@id\":\"https:\\\/\\\/shop.bantam.ch\\\/fr\\\/produit\\\/batterie-lithium-lifepo4-150-ah-bluetooth\\\/\",\"url\":\"https:\\\/\\\/shop.bantam.ch\\\/fr\\\/produit\\\/batterie-lithium-lifepo4-150-ah-bluetooth\\\/\",\"name\":\"Batterie Lithium Lifepo4 150 Ah Bluetooth - Bantam Wankm\u00fcller SA\",\"isPartOf\":{\"@id\":\"https:\\\/\\\/shop.bantam.ch\\\/fr\\\/#website\"},\"primaryImageOfPage\":{\"@id\":\"https:\\\/\\\/shop.bantam.ch\\\/fr\\\/produit\\\/batterie-lithium-lifepo4-150-ah-bluetooth\\\/#primaryimage\"},\"image\":{\"@id\":\"https:\\\/\\\/shop.bantam.ch\\\/fr\\\/produit\\\/batterie-lithium-lifepo4-150-ah-bluetooth\\\/#primaryimage\"},\"thumbnailUrl\":\"https:\\\/\\\/shop.bantam.ch\\\/wp-content\\\/uploads\\\/2026\\\/03\\\/55701500_1.jpg\",\"datePublished\":\"2026-03-03T13:44:19+00:00\",\"dateModified\":\"2026-04-17T21:56:48+00:00\",\"breadcrumb\":{\"@id\":\"https:\\\/\\\/shop.bantam.ch\\\/fr\\\/produit\\\/batterie-lithium-lifepo4-150-ah-bluetooth\\\/#breadcrumb\"},\"inLanguage\":\"fr-FR\",\"potentialAction\":[{\"@type\":\"ReadAction\",\"target\":[\"https:\\\/\\\/shop.bantam.ch\\\/fr\\\/produit\\\/batterie-lithium-lifepo4-150-ah-bluetooth\\\/\"]}]},{\"@type\":\"ImageObject\",\"inLanguage\":\"fr-FR\",\"@id\":\"https:\\\/\\\/shop.bantam.ch\\\/fr\\\/produit\\\/batterie-lithium-lifepo4-150-ah-bluetooth\\\/#primaryimage\",\"url\":\"https:\\\/\\\/shop.bantam.ch\\\/wp-content\\\/uploads\\\/2026\\\/03\\\/55701500_1.jpg\",\"contentUrl\":\"https:\\\/\\\/shop.bantam.ch\\\/wp-content\\\/uploads\\\/2026\\\/03\\\/55701500_1.jpg\",\"width\":800,\"height\":718},{\"@type\":\"BreadcrumbList\",\"@id\":\"https:\\\/\\\/shop.bantam.ch\\\/fr\\\/produit\\\/batterie-lithium-lifepo4-150-ah-bluetooth\\\/#breadcrumb\",\"itemListElement\":[{\"@type\":\"ListItem\",\"position\":1,\"name\":\"Accueil\",\"item\":\"https:\\\/\\\/shop.bantam.ch\\\/fr\\\/\"},{\"@type\":\"ListItem\",\"position\":2,\"name\":\"Boutique\",\"item\":\"https:\\\/\\\/shop.bantam.ch\\\/fr\\\/boutique\\\/\"},{\"@type\":\"ListItem\",\"position\":3,\"name\":\"Batterie Lithium Lifepo4 150 Ah Bluetooth\"}]},{\"@type\":\"WebSite\",\"@id\":\"https:\\\/\\\/shop.bantam.ch\\\/fr\\\/#website\",\"url\":\"https:\\\/\\\/shop.bantam.ch\\\/fr\\\/\",\"name\":\"Bantam Wankm\u00fcller SA\",\"description\":\"\",\"publisher\":{\"@id\":\"https:\\\/\\\/shop.bantam.ch\\\/fr\\\/#organization\"},\"inLanguage\":\"fr-FR\"},{\"@type\":\"Organization\",\"@id\":\"https:\\\/\\\/shop.bantam.ch\\\/fr\\\/#organization\",\"name\":\"Bantam Wankm\u00fcller SA\",\"url\":\"https:\\\/\\\/shop.bantam.ch\\\/fr\\\/\",\"logo\":{\"@type\":\"ImageObject\",\"inLanguage\":\"fr-FR\",\"@id\":\"https:\\\/\\\/shop.bantam.ch\\\/fr\\\/#\\\/schema\\\/logo\\\/image\\\/\",\"url\":\"https:\\\/\\\/shop.bantam.ch\\\/wp-content\\\/uploads\\\/2022\\\/12\\\/bantam-logo.png\",\"contentUrl\":\"https:\\\/\\\/shop.bantam.ch\\\/wp-content\\\/uploads\\\/2022\\\/12\\\/bantam-logo.png\",\"width\":320,\"height\":71,\"caption\":\"Bantam Wankm\u00fcller SA\"},\"image\":{\"@id\":\"https:\\\/\\\/shop.bantam.ch\\\/fr\\\/#\\\/schema\\\/logo\\\/image\\\/\"}}]}<\/script>\n<!-- \/ Yoast SEO plugin. -->","yoast_head_json":{"title":"Batterie Lithium Lifepo4 150 Ah Bluetooth - Bantam Wankm\u00fcller SA","robots":{"index":"index","follow":"follow","max-snippet":"max-snippet:-1","max-image-preview":"max-image-preview:large","max-video-preview":"max-video-preview:-1"},"canonical":"https:\/\/shop.bantam.ch\/fr\/produit\/batterie-lithium-lifepo4-150-ah-bluetooth\/","og_locale":"fr_FR","og_type":"article","og_title":"Batterie Lithium Lifepo4 150 Ah Bluetooth - Bantam Wankm\u00fcller SA","og_description":"Dur\u00e9e de vie plus longue : offre une dur\u00e9e de vie jusqu&rsquo;\u00e0 20 fois plus longue et une dur\u00e9e de vie flottante\/calendaire cinq fois plus longue que celle d&rsquo;une batterie au plomb, contribuant ainsi \u00e0 minimiser les co\u00fbts de remplacement et \u00e0 r\u00e9duire le co\u00fbt total de possession. Poids plus l\u00e9ger : environ 40 % [&hellip;]","og_url":"https:\/\/shop.bantam.ch\/fr\/produit\/batterie-lithium-lifepo4-150-ah-bluetooth\/","og_site_name":"Bantam Wankm\u00fcller SA","article_modified_time":"2026-04-17T21:56:48+00:00","og_image":[{"width":800,"height":718,"url":"https:\/\/shop.bantam.ch\/wp-content\/uploads\/2026\/03\/55701500_1.jpg","type":"image\/jpeg"}],"twitter_card":"summary_large_image","twitter_misc":{"Dur\u00e9e de lecture estim\u00e9e":"1 minute"},"schema":{"@context":"https:\/\/schema.org","@graph":[{"@type":"WebPage","@id":"https:\/\/shop.bantam.ch\/fr\/produit\/batterie-lithium-lifepo4-150-ah-bluetooth\/","url":"https:\/\/shop.bantam.ch\/fr\/produit\/batterie-lithium-lifepo4-150-ah-bluetooth\/","name":"Batterie Lithium Lifepo4 150 Ah Bluetooth - Bantam Wankm\u00fcller SA","isPartOf":{"@id":"https:\/\/shop.bantam.ch\/fr\/#website"},"primaryImageOfPage":{"@id":"https:\/\/shop.bantam.ch\/fr\/produit\/batterie-lithium-lifepo4-150-ah-bluetooth\/#primaryimage"},"image":{"@id":"https:\/\/shop.bantam.ch\/fr\/produit\/batterie-lithium-lifepo4-150-ah-bluetooth\/#primaryimage"},"thumbnailUrl":"https:\/\/shop.bantam.ch\/wp-content\/uploads\/2026\/03\/55701500_1.jpg","datePublished":"2026-03-03T13:44:19+00:00","dateModified":"2026-04-17T21:56:48+00:00","breadcrumb":{"@id":"https:\/\/shop.bantam.ch\/fr\/produit\/batterie-lithium-lifepo4-150-ah-bluetooth\/#breadcrumb"},"inLanguage":"fr-FR","potentialAction":[{"@type":"ReadAction","target":["https:\/\/shop.bantam.ch\/fr\/produit\/batterie-lithium-lifepo4-150-ah-bluetooth\/"]}]},{"@type":"ImageObject","inLanguage":"fr-FR","@id":"https:\/\/shop.bantam.ch\/fr\/produit\/batterie-lithium-lifepo4-150-ah-bluetooth\/#primaryimage","url":"https:\/\/shop.bantam.ch\/wp-content\/uploads\/2026\/03\/55701500_1.jpg","contentUrl":"https:\/\/shop.bantam.ch\/wp-content\/uploads\/2026\/03\/55701500_1.jpg","width":800,"height":718},{"@type":"BreadcrumbList","@id":"https:\/\/shop.bantam.ch\/fr\/produit\/batterie-lithium-lifepo4-150-ah-bluetooth\/#breadcrumb","itemListElement":[{"@type":"ListItem","position":1,"name":"Accueil","item":"https:\/\/shop.bantam.ch\/fr\/"},{"@type":"ListItem","position":2,"name":"Boutique","item":"https:\/\/shop.bantam.ch\/fr\/boutique\/"},{"@type":"ListItem","position":3,"name":"Batterie Lithium Lifepo4 150 Ah Bluetooth"}]},{"@type":"WebSite","@id":"https:\/\/shop.bantam.ch\/fr\/#website","url":"https:\/\/shop.bantam.ch\/fr\/","name":"Bantam Wankm\u00fcller SA","description":"","publisher":{"@id":"https:\/\/shop.bantam.ch\/fr\/#organization"},"inLanguage":"fr-FR"},{"@type":"Organization","@id":"https:\/\/shop.bantam.ch\/fr\/#organization","name":"Bantam Wankm\u00fcller SA","url":"https:\/\/shop.bantam.ch\/fr\/","logo":{"@type":"ImageObject","inLanguage":"fr-FR","@id":"https:\/\/shop.bantam.ch\/fr\/#\/schema\/logo\/image\/","url":"https:\/\/shop.bantam.ch\/wp-content\/uploads\/2022\/12\/bantam-logo.png","contentUrl":"https:\/\/shop.bantam.ch\/wp-content\/uploads\/2022\/12\/bantam-logo.png","width":320,"height":71,"caption":"Bantam Wankm\u00fcller SA"},"image":{"@id":"https:\/\/shop.bantam.ch\/fr\/#\/schema\/logo\/image\/"}}]}},"_links":{"self":[{"href":"https:\/\/shop.bantam.ch\/fr\/wp-json\/wp\/v2\/product\/234179","targetHints":{"allow":["GET"]}}],"collection":[{"href":"https:\/\/shop.bantam.ch\/fr\/wp-json\/wp\/v2\/product"}],"about":[{"href":"https:\/\/shop.bantam.ch\/fr\/wp-json\/wp\/v2\/types\/product"}],"wp:featuredmedia":[{"embeddable":true,"href":"https:\/\/shop.bantam.ch\/fr\/wp-json\/wp\/v2\/media\/234173"}],"wp:attachment":[{"href":"https:\/\/shop.bantam.ch\/fr\/wp-json\/wp\/v2\/media?parent=234179"}],"wp:term":[{"taxonomy":"product_featured_cat","embeddable":true,"href":"https:\/\/shop.bantam.ch\/fr\/wp-json\/wp\/v2\/product_featured_cat?post=234179"},{"taxonomy":"product_brand","embeddable":true,"href":"https:\/\/shop.bantam.ch\/fr\/wp-json\/wp\/v2\/product_brand?post=234179"},{"taxonomy":"product_cat","embeddable":true,"href":"https:\/\/shop.bantam.ch\/fr\/wp-json\/wp\/v2\/product_cat?post=234179"},{"taxonomy":"product_tag","embeddable":true,"href":"https:\/\/shop.bantam.ch\/fr\/wp-json\/wp\/v2\/product_tag?post=234179"}],"curies":[{"name":"wp","href":"https:\/\/api.w.org\/{rel}","templated":true}]}}