{"id":234139,"date":"2026-03-03T14:11:44","date_gmt":"2026-03-03T13:11:44","guid":{"rendered":"https:\/\/shop.bantam.ch\/produit\/panneau-solaire-200w-pv200-bluetti\/"},"modified":"2026-04-17T23:56:36","modified_gmt":"2026-04-17T21:56:36","slug":"panneau-solaire-200w-pv200-bluetti","status":"publish","type":"product","link":"https:\/\/shop.bantam.ch\/fr\/produit\/panneau-solaire-200w-pv200-bluetti\/","title":{"rendered":"Panneau Solaire 200w Pv200 Bluetti"},"content":{"rendered":"<p>Puissant, pliable et r\u00e9sistant aux intemp\u00e9ries. Le Bluetti PV200 est un module solaire portable de 200 W de haute qualit\u00e9, dot\u00e9 de cellules monocristallines et offrant un rendement jusqu&rsquo;\u00e0 23,4 % . Gr\u00e2ce \u00e0 son rev\u00eatement ETFE, son indice de protection IP65 contre l&rsquo;eau et son syst\u00e8me de transport int\u00e9gr\u00e9, il est id\u00e9al pour le camping, les voyages, les abris de jardin, les projets hors r\u00e9seau ou comme compl\u00e9ment \u00e0 une alimentation de secours.<\/p>\n","protected":false},"excerpt":{"rendered":"<p>Puissant, pliable et r\u00e9sistant aux intemp\u00e9ries. Le Bluetti PV200 est un module solaire portable de 200 W de haute qualit\u00e9, dot\u00e9 de cellules monocristallines et offrant un rendement jusqu&rsquo;\u00e0 23,4 % . Gr\u00e2ce \u00e0 son rev\u00eatement ETFE, son indice de protection IP65 contre l&rsquo;eau et son syst\u00e8me de transport int\u00e9gr\u00e9, il est id\u00e9al pour le [&hellip;]<\/p>\n","protected":false},"featured_media":234133,"template":"","meta":{"_acf_changed":false},"product_featured_cat":[],"product_brand":[5365],"product_cat":[4879],"product_tag":[],"class_list":{"0":"post-234139","1":"product","2":"type-product","3":"status-publish","4":"has-post-thumbnail","6":"product_brand-bluetti","7":"product_cat-kits-solaires","9":"first","10":"instock","11":"taxable","12":"shipping-taxable","13":"purchasable","14":"product-type-simple"},"acf":[],"yoast_head":"<!-- This site is optimized with the Yoast SEO plugin v27.4 - https:\/\/yoast.com\/product\/yoast-seo-wordpress\/ -->\n<title>Panneau Solaire 200w Pv200 Bluetti - Bantam Wankm\u00fcller SA<\/title>\n<meta name=\"robots\" content=\"index, follow, max-snippet:-1, max-image-preview:large, max-video-preview:-1\" \/>\n<link rel=\"canonical\" href=\"https:\/\/shop.bantam.ch\/fr\/produit\/panneau-solaire-200w-pv200-bluetti\/\" \/>\n<meta property=\"og:locale\" content=\"fr_FR\" \/>\n<meta property=\"og:type\" content=\"article\" \/>\n<meta property=\"og:title\" content=\"Panneau Solaire 200w Pv200 Bluetti - Bantam Wankm\u00fcller SA\" \/>\n<meta property=\"og:description\" content=\"Puissant, pliable et r\u00e9sistant aux intemp\u00e9ries. Le Bluetti PV200 est un module solaire portable de 200 W de haute qualit\u00e9, dot\u00e9 de cellules monocristallines et offrant un rendement jusqu&rsquo;\u00e0 23,4 % . Gr\u00e2ce \u00e0 son rev\u00eatement ETFE, son indice de protection IP65 contre l&rsquo;eau et son syst\u00e8me de transport int\u00e9gr\u00e9, il est id\u00e9al pour le [&hellip;]\" \/>\n<meta property=\"og:url\" content=\"https:\/\/shop.bantam.ch\/fr\/produit\/panneau-solaire-200w-pv200-bluetti\/\" \/>\n<meta property=\"og:site_name\" content=\"Bantam Wankm\u00fcller SA\" \/>\n<meta property=\"article:modified_time\" content=\"2026-04-17T21:56:36+00:00\" \/>\n<meta property=\"og:image\" content=\"https:\/\/shop.bantam.ch\/wp-content\/uploads\/2026\/03\/55610031_1.jpg\" \/>\n\t<meta property=\"og:image:width\" content=\"800\" \/>\n\t<meta property=\"og:image:height\" content=\"444\" \/>\n\t<meta property=\"og:image:type\" content=\"image\/jpeg\" \/>\n<meta name=\"twitter:card\" content=\"summary_large_image\" \/>\n<script type=\"application\/ld+json\" class=\"yoast-schema-graph\">{\"@context\":\"https:\\\/\\\/schema.org\",\"@graph\":[{\"@type\":\"WebPage\",\"@id\":\"https:\\\/\\\/shop.bantam.ch\\\/fr\\\/produit\\\/panneau-solaire-200w-pv200-bluetti\\\/\",\"url\":\"https:\\\/\\\/shop.bantam.ch\\\/fr\\\/produit\\\/panneau-solaire-200w-pv200-bluetti\\\/\",\"name\":\"Panneau Solaire 200w Pv200 Bluetti - Bantam Wankm\u00fcller SA\",\"isPartOf\":{\"@id\":\"https:\\\/\\\/shop.bantam.ch\\\/fr\\\/#website\"},\"primaryImageOfPage\":{\"@id\":\"https:\\\/\\\/shop.bantam.ch\\\/fr\\\/produit\\\/panneau-solaire-200w-pv200-bluetti\\\/#primaryimage\"},\"image\":{\"@id\":\"https:\\\/\\\/shop.bantam.ch\\\/fr\\\/produit\\\/panneau-solaire-200w-pv200-bluetti\\\/#primaryimage\"},\"thumbnailUrl\":\"https:\\\/\\\/shop.bantam.ch\\\/wp-content\\\/uploads\\\/2026\\\/03\\\/55610031_1.jpg\",\"datePublished\":\"2026-03-03T13:11:44+00:00\",\"dateModified\":\"2026-04-17T21:56:36+00:00\",\"breadcrumb\":{\"@id\":\"https:\\\/\\\/shop.bantam.ch\\\/fr\\\/produit\\\/panneau-solaire-200w-pv200-bluetti\\\/#breadcrumb\"},\"inLanguage\":\"fr-FR\",\"potentialAction\":[{\"@type\":\"ReadAction\",\"target\":[\"https:\\\/\\\/shop.bantam.ch\\\/fr\\\/produit\\\/panneau-solaire-200w-pv200-bluetti\\\/\"]}]},{\"@type\":\"ImageObject\",\"inLanguage\":\"fr-FR\",\"@id\":\"https:\\\/\\\/shop.bantam.ch\\\/fr\\\/produit\\\/panneau-solaire-200w-pv200-bluetti\\\/#primaryimage\",\"url\":\"https:\\\/\\\/shop.bantam.ch\\\/wp-content\\\/uploads\\\/2026\\\/03\\\/55610031_1.jpg\",\"contentUrl\":\"https:\\\/\\\/shop.bantam.ch\\\/wp-content\\\/uploads\\\/2026\\\/03\\\/55610031_1.jpg\",\"width\":800,\"height\":444},{\"@type\":\"BreadcrumbList\",\"@id\":\"https:\\\/\\\/shop.bantam.ch\\\/fr\\\/produit\\\/panneau-solaire-200w-pv200-bluetti\\\/#breadcrumb\",\"itemListElement\":[{\"@type\":\"ListItem\",\"position\":1,\"name\":\"Accueil\",\"item\":\"https:\\\/\\\/shop.bantam.ch\\\/fr\\\/\"},{\"@type\":\"ListItem\",\"position\":2,\"name\":\"Boutique\",\"item\":\"https:\\\/\\\/shop.bantam.ch\\\/fr\\\/boutique\\\/\"},{\"@type\":\"ListItem\",\"position\":3,\"name\":\"Panneau Solaire 200w Pv200 Bluetti\"}]},{\"@type\":\"WebSite\",\"@id\":\"https:\\\/\\\/shop.bantam.ch\\\/fr\\\/#website\",\"url\":\"https:\\\/\\\/shop.bantam.ch\\\/fr\\\/\",\"name\":\"Bantam Wankm\u00fcller SA\",\"description\":\"\",\"publisher\":{\"@id\":\"https:\\\/\\\/shop.bantam.ch\\\/fr\\\/#organization\"},\"inLanguage\":\"fr-FR\"},{\"@type\":\"Organization\",\"@id\":\"https:\\\/\\\/shop.bantam.ch\\\/fr\\\/#organization\",\"name\":\"Bantam Wankm\u00fcller SA\",\"url\":\"https:\\\/\\\/shop.bantam.ch\\\/fr\\\/\",\"logo\":{\"@type\":\"ImageObject\",\"inLanguage\":\"fr-FR\",\"@id\":\"https:\\\/\\\/shop.bantam.ch\\\/fr\\\/#\\\/schema\\\/logo\\\/image\\\/\",\"url\":\"https:\\\/\\\/shop.bantam.ch\\\/wp-content\\\/uploads\\\/2022\\\/12\\\/bantam-logo.png\",\"contentUrl\":\"https:\\\/\\\/shop.bantam.ch\\\/wp-content\\\/uploads\\\/2022\\\/12\\\/bantam-logo.png\",\"width\":320,\"height\":71,\"caption\":\"Bantam Wankm\u00fcller SA\"},\"image\":{\"@id\":\"https:\\\/\\\/shop.bantam.ch\\\/fr\\\/#\\\/schema\\\/logo\\\/image\\\/\"}}]}<\/script>\n<!-- \/ Yoast SEO plugin. -->","yoast_head_json":{"title":"Panneau Solaire 200w Pv200 Bluetti - Bantam Wankm\u00fcller SA","robots":{"index":"index","follow":"follow","max-snippet":"max-snippet:-1","max-image-preview":"max-image-preview:large","max-video-preview":"max-video-preview:-1"},"canonical":"https:\/\/shop.bantam.ch\/fr\/produit\/panneau-solaire-200w-pv200-bluetti\/","og_locale":"fr_FR","og_type":"article","og_title":"Panneau Solaire 200w Pv200 Bluetti - Bantam Wankm\u00fcller SA","og_description":"Puissant, pliable et r\u00e9sistant aux intemp\u00e9ries. Le Bluetti PV200 est un module solaire portable de 200 W de haute qualit\u00e9, dot\u00e9 de cellules monocristallines et offrant un rendement jusqu&rsquo;\u00e0 23,4 % . Gr\u00e2ce \u00e0 son rev\u00eatement ETFE, son indice de protection IP65 contre l&rsquo;eau et son syst\u00e8me de transport int\u00e9gr\u00e9, il est id\u00e9al pour le [&hellip;]","og_url":"https:\/\/shop.bantam.ch\/fr\/produit\/panneau-solaire-200w-pv200-bluetti\/","og_site_name":"Bantam Wankm\u00fcller SA","article_modified_time":"2026-04-17T21:56:36+00:00","og_image":[{"width":800,"height":444,"url":"https:\/\/shop.bantam.ch\/wp-content\/uploads\/2026\/03\/55610031_1.jpg","type":"image\/jpeg"}],"twitter_card":"summary_large_image","schema":{"@context":"https:\/\/schema.org","@graph":[{"@type":"WebPage","@id":"https:\/\/shop.bantam.ch\/fr\/produit\/panneau-solaire-200w-pv200-bluetti\/","url":"https:\/\/shop.bantam.ch\/fr\/produit\/panneau-solaire-200w-pv200-bluetti\/","name":"Panneau Solaire 200w Pv200 Bluetti - Bantam Wankm\u00fcller SA","isPartOf":{"@id":"https:\/\/shop.bantam.ch\/fr\/#website"},"primaryImageOfPage":{"@id":"https:\/\/shop.bantam.ch\/fr\/produit\/panneau-solaire-200w-pv200-bluetti\/#primaryimage"},"image":{"@id":"https:\/\/shop.bantam.ch\/fr\/produit\/panneau-solaire-200w-pv200-bluetti\/#primaryimage"},"thumbnailUrl":"https:\/\/shop.bantam.ch\/wp-content\/uploads\/2026\/03\/55610031_1.jpg","datePublished":"2026-03-03T13:11:44+00:00","dateModified":"2026-04-17T21:56:36+00:00","breadcrumb":{"@id":"https:\/\/shop.bantam.ch\/fr\/produit\/panneau-solaire-200w-pv200-bluetti\/#breadcrumb"},"inLanguage":"fr-FR","potentialAction":[{"@type":"ReadAction","target":["https:\/\/shop.bantam.ch\/fr\/produit\/panneau-solaire-200w-pv200-bluetti\/"]}]},{"@type":"ImageObject","inLanguage":"fr-FR","@id":"https:\/\/shop.bantam.ch\/fr\/produit\/panneau-solaire-200w-pv200-bluetti\/#primaryimage","url":"https:\/\/shop.bantam.ch\/wp-content\/uploads\/2026\/03\/55610031_1.jpg","contentUrl":"https:\/\/shop.bantam.ch\/wp-content\/uploads\/2026\/03\/55610031_1.jpg","width":800,"height":444},{"@type":"BreadcrumbList","@id":"https:\/\/shop.bantam.ch\/fr\/produit\/panneau-solaire-200w-pv200-bluetti\/#breadcrumb","itemListElement":[{"@type":"ListItem","position":1,"name":"Accueil","item":"https:\/\/shop.bantam.ch\/fr\/"},{"@type":"ListItem","position":2,"name":"Boutique","item":"https:\/\/shop.bantam.ch\/fr\/boutique\/"},{"@type":"ListItem","position":3,"name":"Panneau Solaire 200w Pv200 Bluetti"}]},{"@type":"WebSite","@id":"https:\/\/shop.bantam.ch\/fr\/#website","url":"https:\/\/shop.bantam.ch\/fr\/","name":"Bantam Wankm\u00fcller SA","description":"","publisher":{"@id":"https:\/\/shop.bantam.ch\/fr\/#organization"},"inLanguage":"fr-FR"},{"@type":"Organization","@id":"https:\/\/shop.bantam.ch\/fr\/#organization","name":"Bantam Wankm\u00fcller SA","url":"https:\/\/shop.bantam.ch\/fr\/","logo":{"@type":"ImageObject","inLanguage":"fr-FR","@id":"https:\/\/shop.bantam.ch\/fr\/#\/schema\/logo\/image\/","url":"https:\/\/shop.bantam.ch\/wp-content\/uploads\/2022\/12\/bantam-logo.png","contentUrl":"https:\/\/shop.bantam.ch\/wp-content\/uploads\/2022\/12\/bantam-logo.png","width":320,"height":71,"caption":"Bantam Wankm\u00fcller SA"},"image":{"@id":"https:\/\/shop.bantam.ch\/fr\/#\/schema\/logo\/image\/"}}]}},"_links":{"self":[{"href":"https:\/\/shop.bantam.ch\/fr\/wp-json\/wp\/v2\/product\/234139","targetHints":{"allow":["GET"]}}],"collection":[{"href":"https:\/\/shop.bantam.ch\/fr\/wp-json\/wp\/v2\/product"}],"about":[{"href":"https:\/\/shop.bantam.ch\/fr\/wp-json\/wp\/v2\/types\/product"}],"wp:featuredmedia":[{"embeddable":true,"href":"https:\/\/shop.bantam.ch\/fr\/wp-json\/wp\/v2\/media\/234133"}],"wp:attachment":[{"href":"https:\/\/shop.bantam.ch\/fr\/wp-json\/wp\/v2\/media?parent=234139"}],"wp:term":[{"taxonomy":"product_featured_cat","embeddable":true,"href":"https:\/\/shop.bantam.ch\/fr\/wp-json\/wp\/v2\/product_featured_cat?post=234139"},{"taxonomy":"product_brand","embeddable":true,"href":"https:\/\/shop.bantam.ch\/fr\/wp-json\/wp\/v2\/product_brand?post=234139"},{"taxonomy":"product_cat","embeddable":true,"href":"https:\/\/shop.bantam.ch\/fr\/wp-json\/wp\/v2\/product_cat?post=234139"},{"taxonomy":"product_tag","embeddable":true,"href":"https:\/\/shop.bantam.ch\/fr\/wp-json\/wp\/v2\/product_tag?post=234139"}],"curies":[{"name":"wp","href":"https:\/\/api.w.org\/{rel}","templated":true}]}}