{"id":234125,"date":"2026-03-03T14:03:24","date_gmt":"2026-03-03T13:03:24","guid":{"rendered":"https:\/\/shop.bantam.ch\/produit\/station-denergie-portable-premium-240s-ac240p-2400w-1843wh-bluetti\/"},"modified":"2026-04-17T23:56:35","modified_gmt":"2026-04-17T21:56:35","slug":"station-denergie-portable-premium-240s-ac240p-2400w-1843wh-bluetti","status":"publish","type":"product","link":"https:\/\/shop.bantam.ch\/fr\/produit\/station-denergie-portable-premium-240s-ac240p-2400w-1843wh-bluetti\/","title":{"rendered":"Station D&rsquo;energie Portable Premium 240s Ac240p 2400w 1843wh Bluetti"},"content":{"rendered":"<p>20+ brevets innovants : Sa conception unique le rend r\u00e9sistant \u00e0 la poussi\u00e8re, \u00e0 l&rsquo;eau (IP65) et \u00e0 la corrosion. Il peut donc fonctionner en toute s\u00e9curit\u00e9 m\u00eame dans un mauvais temps. Id\u00e9al pour les activit\u00e9s en plein air comme le camping, la vanlife et la p\u00eache, etc. Capacit\u00e9 extensible : Branchez jusqu&rsquo;\u00e0 4 batteries B210P pour augmenter la capacit\u00e9 de 1 843 Wh \u00e0 10 443 Wh.<br \/>\nAppareils utilisables : L&rsquo;AC240P peut alimenter des appareils d&rsquo;une puissance inf\u00e9rieure \u00e0 2400 W. En mode \u00ab power lifting \u00bb, il peut alimenter des appareils r\u00e9sistifs jusqu&rsquo;\u00e0 3600 W, comme les bouilloires et les s\u00e8che-cheveux. Recharge rapide : De 0 \u00e0 80 % en 45 minutes avec une entr\u00e9e CA de 2300 W. Il peut aussi \u00eatre recharg\u00e9 avec des panneaux solaires, jusqu&rsquo;\u00e0 1200 W max. UPS en 15 ms : Gr\u00e2ce \u00e0 la fonction UPS, l&rsquo;AC240P alimente automatiquement les appareils en cas de panne de courant dans un d\u00e9lai de 15 ms. Contr\u00f4le par l&rsquo;APP (Bluetooth &amp; WiFi) : Le syst\u00e8me de contr\u00f4le intelligent permet de surveiller \u00e0 distance l&rsquo;AC240 en temps r\u00e9el.<\/p>\n","protected":false},"excerpt":{"rendered":"<p>20+ brevets innovants : Sa conception unique le rend r\u00e9sistant \u00e0 la poussi\u00e8re, \u00e0 l&rsquo;eau (IP65) et \u00e0 la corrosion. Il peut donc fonctionner en toute s\u00e9curit\u00e9 m\u00eame dans un mauvais temps. Id\u00e9al pour les activit\u00e9s en plein air comme le camping, la vanlife et la p\u00eache, etc. Capacit\u00e9 extensible : Branchez jusqu&rsquo;\u00e0 4 batteries [&hellip;]<\/p>\n","protected":false},"featured_media":234123,"template":"","meta":{"_acf_changed":false},"product_featured_cat":[],"product_brand":[5365],"product_cat":[5129],"product_tag":[],"class_list":{"0":"post-234125","1":"product","2":"type-product","3":"status-publish","4":"has-post-thumbnail","6":"product_brand-bluetti","7":"product_cat-batteries-portables","9":"first","10":"instock","11":"taxable","12":"shipping-taxable","13":"purchasable","14":"product-type-simple"},"acf":[],"yoast_head":"<!-- This site is optimized with the Yoast SEO plugin v27.4 - https:\/\/yoast.com\/product\/yoast-seo-wordpress\/ -->\n<title>Station D&#039;energie Portable Premium 240s Ac240p 2400w 1843wh Bluetti - Bantam Wankm\u00fcller SA<\/title>\n<meta name=\"robots\" content=\"index, follow, max-snippet:-1, max-image-preview:large, max-video-preview:-1\" \/>\n<link rel=\"canonical\" href=\"https:\/\/shop.bantam.ch\/fr\/produit\/station-denergie-portable-premium-240s-ac240p-2400w-1843wh-bluetti\/\" \/>\n<meta property=\"og:locale\" content=\"fr_FR\" \/>\n<meta property=\"og:type\" content=\"article\" \/>\n<meta property=\"og:title\" content=\"Station D&#039;energie Portable Premium 240s Ac240p 2400w 1843wh Bluetti - Bantam Wankm\u00fcller SA\" \/>\n<meta property=\"og:description\" content=\"20+ brevets innovants : Sa conception unique le rend r\u00e9sistant \u00e0 la poussi\u00e8re, \u00e0 l&rsquo;eau (IP65) et \u00e0 la corrosion. Il peut donc fonctionner en toute s\u00e9curit\u00e9 m\u00eame dans un mauvais temps. Id\u00e9al pour les activit\u00e9s en plein air comme le camping, la vanlife et la p\u00eache, etc. Capacit\u00e9 extensible : Branchez jusqu&rsquo;\u00e0 4 batteries [&hellip;]\" \/>\n<meta property=\"og:url\" content=\"https:\/\/shop.bantam.ch\/fr\/produit\/station-denergie-portable-premium-240s-ac240p-2400w-1843wh-bluetti\/\" \/>\n<meta property=\"og:site_name\" content=\"Bantam Wankm\u00fcller SA\" \/>\n<meta property=\"article:modified_time\" content=\"2026-04-17T21:56:35+00:00\" \/>\n<meta property=\"og:image\" content=\"https:\/\/shop.bantam.ch\/wp-content\/uploads\/2026\/03\/55611120_1.jpg\" \/>\n\t<meta property=\"og:image:width\" content=\"758\" \/>\n\t<meta property=\"og:image:height\" content=\"742\" \/>\n\t<meta property=\"og:image:type\" content=\"image\/jpeg\" \/>\n<meta name=\"twitter:card\" content=\"summary_large_image\" \/>\n<meta name=\"twitter:label1\" content=\"Dur\u00e9e de lecture estim\u00e9e\" \/>\n\t<meta name=\"twitter:data1\" content=\"1 minute\" \/>\n<script type=\"application\/ld+json\" class=\"yoast-schema-graph\">{\"@context\":\"https:\\\/\\\/schema.org\",\"@graph\":[{\"@type\":\"WebPage\",\"@id\":\"https:\\\/\\\/shop.bantam.ch\\\/fr\\\/produit\\\/station-denergie-portable-premium-240s-ac240p-2400w-1843wh-bluetti\\\/\",\"url\":\"https:\\\/\\\/shop.bantam.ch\\\/fr\\\/produit\\\/station-denergie-portable-premium-240s-ac240p-2400w-1843wh-bluetti\\\/\",\"name\":\"Station D'energie Portable Premium 240s Ac240p 2400w 1843wh Bluetti - Bantam Wankm\u00fcller SA\",\"isPartOf\":{\"@id\":\"https:\\\/\\\/shop.bantam.ch\\\/fr\\\/#website\"},\"primaryImageOfPage\":{\"@id\":\"https:\\\/\\\/shop.bantam.ch\\\/fr\\\/produit\\\/station-denergie-portable-premium-240s-ac240p-2400w-1843wh-bluetti\\\/#primaryimage\"},\"image\":{\"@id\":\"https:\\\/\\\/shop.bantam.ch\\\/fr\\\/produit\\\/station-denergie-portable-premium-240s-ac240p-2400w-1843wh-bluetti\\\/#primaryimage\"},\"thumbnailUrl\":\"https:\\\/\\\/shop.bantam.ch\\\/wp-content\\\/uploads\\\/2026\\\/03\\\/55611120_1.jpg\",\"datePublished\":\"2026-03-03T13:03:24+00:00\",\"dateModified\":\"2026-04-17T21:56:35+00:00\",\"breadcrumb\":{\"@id\":\"https:\\\/\\\/shop.bantam.ch\\\/fr\\\/produit\\\/station-denergie-portable-premium-240s-ac240p-2400w-1843wh-bluetti\\\/#breadcrumb\"},\"inLanguage\":\"fr-FR\",\"potentialAction\":[{\"@type\":\"ReadAction\",\"target\":[\"https:\\\/\\\/shop.bantam.ch\\\/fr\\\/produit\\\/station-denergie-portable-premium-240s-ac240p-2400w-1843wh-bluetti\\\/\"]}]},{\"@type\":\"ImageObject\",\"inLanguage\":\"fr-FR\",\"@id\":\"https:\\\/\\\/shop.bantam.ch\\\/fr\\\/produit\\\/station-denergie-portable-premium-240s-ac240p-2400w-1843wh-bluetti\\\/#primaryimage\",\"url\":\"https:\\\/\\\/shop.bantam.ch\\\/wp-content\\\/uploads\\\/2026\\\/03\\\/55611120_1.jpg\",\"contentUrl\":\"https:\\\/\\\/shop.bantam.ch\\\/wp-content\\\/uploads\\\/2026\\\/03\\\/55611120_1.jpg\",\"width\":758,\"height\":742},{\"@type\":\"BreadcrumbList\",\"@id\":\"https:\\\/\\\/shop.bantam.ch\\\/fr\\\/produit\\\/station-denergie-portable-premium-240s-ac240p-2400w-1843wh-bluetti\\\/#breadcrumb\",\"itemListElement\":[{\"@type\":\"ListItem\",\"position\":1,\"name\":\"Accueil\",\"item\":\"https:\\\/\\\/shop.bantam.ch\\\/fr\\\/\"},{\"@type\":\"ListItem\",\"position\":2,\"name\":\"Boutique\",\"item\":\"https:\\\/\\\/shop.bantam.ch\\\/fr\\\/boutique\\\/\"},{\"@type\":\"ListItem\",\"position\":3,\"name\":\"Station D&rsquo;energie Portable Premium 240s Ac240p 2400w 1843wh Bluetti\"}]},{\"@type\":\"WebSite\",\"@id\":\"https:\\\/\\\/shop.bantam.ch\\\/fr\\\/#website\",\"url\":\"https:\\\/\\\/shop.bantam.ch\\\/fr\\\/\",\"name\":\"Bantam Wankm\u00fcller SA\",\"description\":\"\",\"publisher\":{\"@id\":\"https:\\\/\\\/shop.bantam.ch\\\/fr\\\/#organization\"},\"inLanguage\":\"fr-FR\"},{\"@type\":\"Organization\",\"@id\":\"https:\\\/\\\/shop.bantam.ch\\\/fr\\\/#organization\",\"name\":\"Bantam Wankm\u00fcller SA\",\"url\":\"https:\\\/\\\/shop.bantam.ch\\\/fr\\\/\",\"logo\":{\"@type\":\"ImageObject\",\"inLanguage\":\"fr-FR\",\"@id\":\"https:\\\/\\\/shop.bantam.ch\\\/fr\\\/#\\\/schema\\\/logo\\\/image\\\/\",\"url\":\"https:\\\/\\\/shop.bantam.ch\\\/wp-content\\\/uploads\\\/2022\\\/12\\\/bantam-logo.png\",\"contentUrl\":\"https:\\\/\\\/shop.bantam.ch\\\/wp-content\\\/uploads\\\/2022\\\/12\\\/bantam-logo.png\",\"width\":320,\"height\":71,\"caption\":\"Bantam Wankm\u00fcller SA\"},\"image\":{\"@id\":\"https:\\\/\\\/shop.bantam.ch\\\/fr\\\/#\\\/schema\\\/logo\\\/image\\\/\"}}]}<\/script>\n<!-- \/ Yoast SEO plugin. -->","yoast_head_json":{"title":"Station D'energie Portable Premium 240s Ac240p 2400w 1843wh Bluetti - Bantam Wankm\u00fcller SA","robots":{"index":"index","follow":"follow","max-snippet":"max-snippet:-1","max-image-preview":"max-image-preview:large","max-video-preview":"max-video-preview:-1"},"canonical":"https:\/\/shop.bantam.ch\/fr\/produit\/station-denergie-portable-premium-240s-ac240p-2400w-1843wh-bluetti\/","og_locale":"fr_FR","og_type":"article","og_title":"Station D'energie Portable Premium 240s Ac240p 2400w 1843wh Bluetti - Bantam Wankm\u00fcller SA","og_description":"20+ brevets innovants : Sa conception unique le rend r\u00e9sistant \u00e0 la poussi\u00e8re, \u00e0 l&rsquo;eau (IP65) et \u00e0 la corrosion. Il peut donc fonctionner en toute s\u00e9curit\u00e9 m\u00eame dans un mauvais temps. Id\u00e9al pour les activit\u00e9s en plein air comme le camping, la vanlife et la p\u00eache, etc. Capacit\u00e9 extensible : Branchez jusqu&rsquo;\u00e0 4 batteries [&hellip;]","og_url":"https:\/\/shop.bantam.ch\/fr\/produit\/station-denergie-portable-premium-240s-ac240p-2400w-1843wh-bluetti\/","og_site_name":"Bantam Wankm\u00fcller SA","article_modified_time":"2026-04-17T21:56:35+00:00","og_image":[{"width":758,"height":742,"url":"https:\/\/shop.bantam.ch\/wp-content\/uploads\/2026\/03\/55611120_1.jpg","type":"image\/jpeg"}],"twitter_card":"summary_large_image","twitter_misc":{"Dur\u00e9e de lecture estim\u00e9e":"1 minute"},"schema":{"@context":"https:\/\/schema.org","@graph":[{"@type":"WebPage","@id":"https:\/\/shop.bantam.ch\/fr\/produit\/station-denergie-portable-premium-240s-ac240p-2400w-1843wh-bluetti\/","url":"https:\/\/shop.bantam.ch\/fr\/produit\/station-denergie-portable-premium-240s-ac240p-2400w-1843wh-bluetti\/","name":"Station D'energie Portable Premium 240s Ac240p 2400w 1843wh Bluetti - Bantam Wankm\u00fcller SA","isPartOf":{"@id":"https:\/\/shop.bantam.ch\/fr\/#website"},"primaryImageOfPage":{"@id":"https:\/\/shop.bantam.ch\/fr\/produit\/station-denergie-portable-premium-240s-ac240p-2400w-1843wh-bluetti\/#primaryimage"},"image":{"@id":"https:\/\/shop.bantam.ch\/fr\/produit\/station-denergie-portable-premium-240s-ac240p-2400w-1843wh-bluetti\/#primaryimage"},"thumbnailUrl":"https:\/\/shop.bantam.ch\/wp-content\/uploads\/2026\/03\/55611120_1.jpg","datePublished":"2026-03-03T13:03:24+00:00","dateModified":"2026-04-17T21:56:35+00:00","breadcrumb":{"@id":"https:\/\/shop.bantam.ch\/fr\/produit\/station-denergie-portable-premium-240s-ac240p-2400w-1843wh-bluetti\/#breadcrumb"},"inLanguage":"fr-FR","potentialAction":[{"@type":"ReadAction","target":["https:\/\/shop.bantam.ch\/fr\/produit\/station-denergie-portable-premium-240s-ac240p-2400w-1843wh-bluetti\/"]}]},{"@type":"ImageObject","inLanguage":"fr-FR","@id":"https:\/\/shop.bantam.ch\/fr\/produit\/station-denergie-portable-premium-240s-ac240p-2400w-1843wh-bluetti\/#primaryimage","url":"https:\/\/shop.bantam.ch\/wp-content\/uploads\/2026\/03\/55611120_1.jpg","contentUrl":"https:\/\/shop.bantam.ch\/wp-content\/uploads\/2026\/03\/55611120_1.jpg","width":758,"height":742},{"@type":"BreadcrumbList","@id":"https:\/\/shop.bantam.ch\/fr\/produit\/station-denergie-portable-premium-240s-ac240p-2400w-1843wh-bluetti\/#breadcrumb","itemListElement":[{"@type":"ListItem","position":1,"name":"Accueil","item":"https:\/\/shop.bantam.ch\/fr\/"},{"@type":"ListItem","position":2,"name":"Boutique","item":"https:\/\/shop.bantam.ch\/fr\/boutique\/"},{"@type":"ListItem","position":3,"name":"Station D&rsquo;energie Portable Premium 240s Ac240p 2400w 1843wh Bluetti"}]},{"@type":"WebSite","@id":"https:\/\/shop.bantam.ch\/fr\/#website","url":"https:\/\/shop.bantam.ch\/fr\/","name":"Bantam Wankm\u00fcller SA","description":"","publisher":{"@id":"https:\/\/shop.bantam.ch\/fr\/#organization"},"inLanguage":"fr-FR"},{"@type":"Organization","@id":"https:\/\/shop.bantam.ch\/fr\/#organization","name":"Bantam Wankm\u00fcller SA","url":"https:\/\/shop.bantam.ch\/fr\/","logo":{"@type":"ImageObject","inLanguage":"fr-FR","@id":"https:\/\/shop.bantam.ch\/fr\/#\/schema\/logo\/image\/","url":"https:\/\/shop.bantam.ch\/wp-content\/uploads\/2022\/12\/bantam-logo.png","contentUrl":"https:\/\/shop.bantam.ch\/wp-content\/uploads\/2022\/12\/bantam-logo.png","width":320,"height":71,"caption":"Bantam Wankm\u00fcller SA"},"image":{"@id":"https:\/\/shop.bantam.ch\/fr\/#\/schema\/logo\/image\/"}}]}},"_links":{"self":[{"href":"https:\/\/shop.bantam.ch\/fr\/wp-json\/wp\/v2\/product\/234125","targetHints":{"allow":["GET"]}}],"collection":[{"href":"https:\/\/shop.bantam.ch\/fr\/wp-json\/wp\/v2\/product"}],"about":[{"href":"https:\/\/shop.bantam.ch\/fr\/wp-json\/wp\/v2\/types\/product"}],"wp:featuredmedia":[{"embeddable":true,"href":"https:\/\/shop.bantam.ch\/fr\/wp-json\/wp\/v2\/media\/234123"}],"wp:attachment":[{"href":"https:\/\/shop.bantam.ch\/fr\/wp-json\/wp\/v2\/media?parent=234125"}],"wp:term":[{"taxonomy":"product_featured_cat","embeddable":true,"href":"https:\/\/shop.bantam.ch\/fr\/wp-json\/wp\/v2\/product_featured_cat?post=234125"},{"taxonomy":"product_brand","embeddable":true,"href":"https:\/\/shop.bantam.ch\/fr\/wp-json\/wp\/v2\/product_brand?post=234125"},{"taxonomy":"product_cat","embeddable":true,"href":"https:\/\/shop.bantam.ch\/fr\/wp-json\/wp\/v2\/product_cat?post=234125"},{"taxonomy":"product_tag","embeddable":true,"href":"https:\/\/shop.bantam.ch\/fr\/wp-json\/wp\/v2\/product_tag?post=234125"}],"curies":[{"name":"wp","href":"https:\/\/api.w.org\/{rel}","templated":true}]}}