{"id":234121,"date":"2026-03-03T14:00:04","date_gmt":"2026-03-03T13:00:04","guid":{"rendered":"https:\/\/shop.bantam.ch\/produit\/station-denergie-portable-premium-150-ac180p-1800w-1448wh-bluetti\/"},"modified":"2026-04-17T23:56:35","modified_gmt":"2026-04-17T21:56:35","slug":"station-denergie-portable-premium-150-ac180p-1800w-1448wh-bluetti","status":"publish","type":"product","link":"https:\/\/shop.bantam.ch\/fr\/produit\/station-denergie-portable-premium-150-ac180p-1800w-1448wh-bluetti\/","title":{"rendered":"Station D&rsquo;energie Portable Premium 150 Ac180p 1800w 1448wh Bluetti"},"content":{"rendered":"<p>Sortie CA de 1 800 W \/ 2 700 W en mode d&rsquo;\u00e9l\u00e9vation de puissance. Capacit\u00e9 : 1 440 Wh. 9 ports de sortie pour plusieurs appareils. 4 modes de recharge flexibles (CA\/solaire\/voiture\/g\u00e9n\u00e9rateur). Contr\u00f4le intelligent et contr\u00f4le avec l&rsquo;application BLUETTI. Recharge de 0 \u00e0 80 % en 45 min avec entr\u00e9e CA de 1 440 W. \u00c9cologique\/propre\/silencieuse\/\u00e9conomique<\/p>\n","protected":false},"excerpt":{"rendered":"<p>Sortie CA de 1 800 W \/ 2 700 W en mode d&rsquo;\u00e9l\u00e9vation de puissance. Capacit\u00e9 : 1 440 Wh. 9 ports de sortie pour plusieurs appareils. 4 modes de recharge flexibles (CA\/solaire\/voiture\/g\u00e9n\u00e9rateur). Contr\u00f4le intelligent et contr\u00f4le avec l&rsquo;application BLUETTI. Recharge de 0 \u00e0 80 % en 45 min avec entr\u00e9e CA de 1 440 [&hellip;]<\/p>\n","protected":false},"featured_media":234119,"template":"","meta":{"_acf_changed":false},"product_featured_cat":[],"product_brand":[5365],"product_cat":[5129],"product_tag":[],"class_list":{"0":"post-234121","1":"product","2":"type-product","3":"status-publish","4":"has-post-thumbnail","6":"product_brand-bluetti","7":"product_cat-batteries-portables","9":"first","10":"instock","11":"taxable","12":"shipping-taxable","13":"purchasable","14":"product-type-simple"},"acf":[],"yoast_head":"<!-- This site is optimized with the Yoast SEO plugin v27.4 - https:\/\/yoast.com\/product\/yoast-seo-wordpress\/ -->\n<title>Station D&#039;energie Portable Premium 150 Ac180p 1800w 1448wh Bluetti - Bantam Wankm\u00fcller SA<\/title>\n<meta name=\"robots\" content=\"index, follow, max-snippet:-1, max-image-preview:large, max-video-preview:-1\" \/>\n<link rel=\"canonical\" href=\"https:\/\/shop.bantam.ch\/fr\/produit\/station-denergie-portable-premium-150-ac180p-1800w-1448wh-bluetti\/\" \/>\n<meta property=\"og:locale\" content=\"fr_FR\" \/>\n<meta property=\"og:type\" content=\"article\" \/>\n<meta property=\"og:title\" content=\"Station D&#039;energie Portable Premium 150 Ac180p 1800w 1448wh Bluetti - Bantam Wankm\u00fcller SA\" \/>\n<meta property=\"og:description\" content=\"Sortie CA de 1 800 W \/ 2 700 W en mode d&rsquo;\u00e9l\u00e9vation de puissance. Capacit\u00e9 : 1 440 Wh. 9 ports de sortie pour plusieurs appareils. 4 modes de recharge flexibles (CA\/solaire\/voiture\/g\u00e9n\u00e9rateur). Contr\u00f4le intelligent et contr\u00f4le avec l&rsquo;application BLUETTI. Recharge de 0 \u00e0 80 % en 45 min avec entr\u00e9e CA de 1 440 [&hellip;]\" \/>\n<meta property=\"og:url\" content=\"https:\/\/shop.bantam.ch\/fr\/produit\/station-denergie-portable-premium-150-ac180p-1800w-1448wh-bluetti\/\" \/>\n<meta property=\"og:site_name\" content=\"Bantam Wankm\u00fcller SA\" \/>\n<meta property=\"article:modified_time\" content=\"2026-04-17T21:56:35+00:00\" \/>\n<meta property=\"og:image\" content=\"https:\/\/shop.bantam.ch\/wp-content\/uploads\/2026\/03\/55611115_1.jpg\" \/>\n\t<meta property=\"og:image:width\" content=\"800\" \/>\n\t<meta property=\"og:image:height\" content=\"718\" \/>\n\t<meta property=\"og:image:type\" content=\"image\/jpeg\" \/>\n<meta name=\"twitter:card\" content=\"summary_large_image\" \/>\n<script type=\"application\/ld+json\" class=\"yoast-schema-graph\">{\"@context\":\"https:\\\/\\\/schema.org\",\"@graph\":[{\"@type\":\"WebPage\",\"@id\":\"https:\\\/\\\/shop.bantam.ch\\\/fr\\\/produit\\\/station-denergie-portable-premium-150-ac180p-1800w-1448wh-bluetti\\\/\",\"url\":\"https:\\\/\\\/shop.bantam.ch\\\/fr\\\/produit\\\/station-denergie-portable-premium-150-ac180p-1800w-1448wh-bluetti\\\/\",\"name\":\"Station D'energie Portable Premium 150 Ac180p 1800w 1448wh Bluetti - Bantam Wankm\u00fcller SA\",\"isPartOf\":{\"@id\":\"https:\\\/\\\/shop.bantam.ch\\\/fr\\\/#website\"},\"primaryImageOfPage\":{\"@id\":\"https:\\\/\\\/shop.bantam.ch\\\/fr\\\/produit\\\/station-denergie-portable-premium-150-ac180p-1800w-1448wh-bluetti\\\/#primaryimage\"},\"image\":{\"@id\":\"https:\\\/\\\/shop.bantam.ch\\\/fr\\\/produit\\\/station-denergie-portable-premium-150-ac180p-1800w-1448wh-bluetti\\\/#primaryimage\"},\"thumbnailUrl\":\"https:\\\/\\\/shop.bantam.ch\\\/wp-content\\\/uploads\\\/2026\\\/03\\\/55611115_1.jpg\",\"datePublished\":\"2026-03-03T13:00:04+00:00\",\"dateModified\":\"2026-04-17T21:56:35+00:00\",\"breadcrumb\":{\"@id\":\"https:\\\/\\\/shop.bantam.ch\\\/fr\\\/produit\\\/station-denergie-portable-premium-150-ac180p-1800w-1448wh-bluetti\\\/#breadcrumb\"},\"inLanguage\":\"fr-FR\",\"potentialAction\":[{\"@type\":\"ReadAction\",\"target\":[\"https:\\\/\\\/shop.bantam.ch\\\/fr\\\/produit\\\/station-denergie-portable-premium-150-ac180p-1800w-1448wh-bluetti\\\/\"]}]},{\"@type\":\"ImageObject\",\"inLanguage\":\"fr-FR\",\"@id\":\"https:\\\/\\\/shop.bantam.ch\\\/fr\\\/produit\\\/station-denergie-portable-premium-150-ac180p-1800w-1448wh-bluetti\\\/#primaryimage\",\"url\":\"https:\\\/\\\/shop.bantam.ch\\\/wp-content\\\/uploads\\\/2026\\\/03\\\/55611115_1.jpg\",\"contentUrl\":\"https:\\\/\\\/shop.bantam.ch\\\/wp-content\\\/uploads\\\/2026\\\/03\\\/55611115_1.jpg\",\"width\":800,\"height\":718},{\"@type\":\"BreadcrumbList\",\"@id\":\"https:\\\/\\\/shop.bantam.ch\\\/fr\\\/produit\\\/station-denergie-portable-premium-150-ac180p-1800w-1448wh-bluetti\\\/#breadcrumb\",\"itemListElement\":[{\"@type\":\"ListItem\",\"position\":1,\"name\":\"Accueil\",\"item\":\"https:\\\/\\\/shop.bantam.ch\\\/fr\\\/\"},{\"@type\":\"ListItem\",\"position\":2,\"name\":\"Boutique\",\"item\":\"https:\\\/\\\/shop.bantam.ch\\\/fr\\\/boutique\\\/\"},{\"@type\":\"ListItem\",\"position\":3,\"name\":\"Station D&rsquo;energie Portable Premium 150 Ac180p 1800w 1448wh Bluetti\"}]},{\"@type\":\"WebSite\",\"@id\":\"https:\\\/\\\/shop.bantam.ch\\\/fr\\\/#website\",\"url\":\"https:\\\/\\\/shop.bantam.ch\\\/fr\\\/\",\"name\":\"Bantam Wankm\u00fcller SA\",\"description\":\"\",\"publisher\":{\"@id\":\"https:\\\/\\\/shop.bantam.ch\\\/fr\\\/#organization\"},\"inLanguage\":\"fr-FR\"},{\"@type\":\"Organization\",\"@id\":\"https:\\\/\\\/shop.bantam.ch\\\/fr\\\/#organization\",\"name\":\"Bantam Wankm\u00fcller SA\",\"url\":\"https:\\\/\\\/shop.bantam.ch\\\/fr\\\/\",\"logo\":{\"@type\":\"ImageObject\",\"inLanguage\":\"fr-FR\",\"@id\":\"https:\\\/\\\/shop.bantam.ch\\\/fr\\\/#\\\/schema\\\/logo\\\/image\\\/\",\"url\":\"https:\\\/\\\/shop.bantam.ch\\\/wp-content\\\/uploads\\\/2022\\\/12\\\/bantam-logo.png\",\"contentUrl\":\"https:\\\/\\\/shop.bantam.ch\\\/wp-content\\\/uploads\\\/2022\\\/12\\\/bantam-logo.png\",\"width\":320,\"height\":71,\"caption\":\"Bantam Wankm\u00fcller SA\"},\"image\":{\"@id\":\"https:\\\/\\\/shop.bantam.ch\\\/fr\\\/#\\\/schema\\\/logo\\\/image\\\/\"}}]}<\/script>\n<!-- \/ Yoast SEO plugin. -->","yoast_head_json":{"title":"Station D'energie Portable Premium 150 Ac180p 1800w 1448wh Bluetti - Bantam Wankm\u00fcller SA","robots":{"index":"index","follow":"follow","max-snippet":"max-snippet:-1","max-image-preview":"max-image-preview:large","max-video-preview":"max-video-preview:-1"},"canonical":"https:\/\/shop.bantam.ch\/fr\/produit\/station-denergie-portable-premium-150-ac180p-1800w-1448wh-bluetti\/","og_locale":"fr_FR","og_type":"article","og_title":"Station D'energie Portable Premium 150 Ac180p 1800w 1448wh Bluetti - Bantam Wankm\u00fcller SA","og_description":"Sortie CA de 1 800 W \/ 2 700 W en mode d&rsquo;\u00e9l\u00e9vation de puissance. Capacit\u00e9 : 1 440 Wh. 9 ports de sortie pour plusieurs appareils. 4 modes de recharge flexibles (CA\/solaire\/voiture\/g\u00e9n\u00e9rateur). Contr\u00f4le intelligent et contr\u00f4le avec l&rsquo;application BLUETTI. Recharge de 0 \u00e0 80 % en 45 min avec entr\u00e9e CA de 1 440 [&hellip;]","og_url":"https:\/\/shop.bantam.ch\/fr\/produit\/station-denergie-portable-premium-150-ac180p-1800w-1448wh-bluetti\/","og_site_name":"Bantam Wankm\u00fcller SA","article_modified_time":"2026-04-17T21:56:35+00:00","og_image":[{"width":800,"height":718,"url":"https:\/\/shop.bantam.ch\/wp-content\/uploads\/2026\/03\/55611115_1.jpg","type":"image\/jpeg"}],"twitter_card":"summary_large_image","schema":{"@context":"https:\/\/schema.org","@graph":[{"@type":"WebPage","@id":"https:\/\/shop.bantam.ch\/fr\/produit\/station-denergie-portable-premium-150-ac180p-1800w-1448wh-bluetti\/","url":"https:\/\/shop.bantam.ch\/fr\/produit\/station-denergie-portable-premium-150-ac180p-1800w-1448wh-bluetti\/","name":"Station D'energie Portable Premium 150 Ac180p 1800w 1448wh Bluetti - Bantam Wankm\u00fcller SA","isPartOf":{"@id":"https:\/\/shop.bantam.ch\/fr\/#website"},"primaryImageOfPage":{"@id":"https:\/\/shop.bantam.ch\/fr\/produit\/station-denergie-portable-premium-150-ac180p-1800w-1448wh-bluetti\/#primaryimage"},"image":{"@id":"https:\/\/shop.bantam.ch\/fr\/produit\/station-denergie-portable-premium-150-ac180p-1800w-1448wh-bluetti\/#primaryimage"},"thumbnailUrl":"https:\/\/shop.bantam.ch\/wp-content\/uploads\/2026\/03\/55611115_1.jpg","datePublished":"2026-03-03T13:00:04+00:00","dateModified":"2026-04-17T21:56:35+00:00","breadcrumb":{"@id":"https:\/\/shop.bantam.ch\/fr\/produit\/station-denergie-portable-premium-150-ac180p-1800w-1448wh-bluetti\/#breadcrumb"},"inLanguage":"fr-FR","potentialAction":[{"@type":"ReadAction","target":["https:\/\/shop.bantam.ch\/fr\/produit\/station-denergie-portable-premium-150-ac180p-1800w-1448wh-bluetti\/"]}]},{"@type":"ImageObject","inLanguage":"fr-FR","@id":"https:\/\/shop.bantam.ch\/fr\/produit\/station-denergie-portable-premium-150-ac180p-1800w-1448wh-bluetti\/#primaryimage","url":"https:\/\/shop.bantam.ch\/wp-content\/uploads\/2026\/03\/55611115_1.jpg","contentUrl":"https:\/\/shop.bantam.ch\/wp-content\/uploads\/2026\/03\/55611115_1.jpg","width":800,"height":718},{"@type":"BreadcrumbList","@id":"https:\/\/shop.bantam.ch\/fr\/produit\/station-denergie-portable-premium-150-ac180p-1800w-1448wh-bluetti\/#breadcrumb","itemListElement":[{"@type":"ListItem","position":1,"name":"Accueil","item":"https:\/\/shop.bantam.ch\/fr\/"},{"@type":"ListItem","position":2,"name":"Boutique","item":"https:\/\/shop.bantam.ch\/fr\/boutique\/"},{"@type":"ListItem","position":3,"name":"Station D&rsquo;energie Portable Premium 150 Ac180p 1800w 1448wh Bluetti"}]},{"@type":"WebSite","@id":"https:\/\/shop.bantam.ch\/fr\/#website","url":"https:\/\/shop.bantam.ch\/fr\/","name":"Bantam Wankm\u00fcller SA","description":"","publisher":{"@id":"https:\/\/shop.bantam.ch\/fr\/#organization"},"inLanguage":"fr-FR"},{"@type":"Organization","@id":"https:\/\/shop.bantam.ch\/fr\/#organization","name":"Bantam Wankm\u00fcller SA","url":"https:\/\/shop.bantam.ch\/fr\/","logo":{"@type":"ImageObject","inLanguage":"fr-FR","@id":"https:\/\/shop.bantam.ch\/fr\/#\/schema\/logo\/image\/","url":"https:\/\/shop.bantam.ch\/wp-content\/uploads\/2022\/12\/bantam-logo.png","contentUrl":"https:\/\/shop.bantam.ch\/wp-content\/uploads\/2022\/12\/bantam-logo.png","width":320,"height":71,"caption":"Bantam Wankm\u00fcller SA"},"image":{"@id":"https:\/\/shop.bantam.ch\/fr\/#\/schema\/logo\/image\/"}}]}},"_links":{"self":[{"href":"https:\/\/shop.bantam.ch\/fr\/wp-json\/wp\/v2\/product\/234121","targetHints":{"allow":["GET"]}}],"collection":[{"href":"https:\/\/shop.bantam.ch\/fr\/wp-json\/wp\/v2\/product"}],"about":[{"href":"https:\/\/shop.bantam.ch\/fr\/wp-json\/wp\/v2\/types\/product"}],"wp:featuredmedia":[{"embeddable":true,"href":"https:\/\/shop.bantam.ch\/fr\/wp-json\/wp\/v2\/media\/234119"}],"wp:attachment":[{"href":"https:\/\/shop.bantam.ch\/fr\/wp-json\/wp\/v2\/media?parent=234121"}],"wp:term":[{"taxonomy":"product_featured_cat","embeddable":true,"href":"https:\/\/shop.bantam.ch\/fr\/wp-json\/wp\/v2\/product_featured_cat?post=234121"},{"taxonomy":"product_brand","embeddable":true,"href":"https:\/\/shop.bantam.ch\/fr\/wp-json\/wp\/v2\/product_brand?post=234121"},{"taxonomy":"product_cat","embeddable":true,"href":"https:\/\/shop.bantam.ch\/fr\/wp-json\/wp\/v2\/product_cat?post=234121"},{"taxonomy":"product_tag","embeddable":true,"href":"https:\/\/shop.bantam.ch\/fr\/wp-json\/wp\/v2\/product_tag?post=234121"}],"curies":[{"name":"wp","href":"https:\/\/api.w.org\/{rel}","templated":true}]}}