{"id":234106,"date":"2026-03-03T11:52:27","date_gmt":"2026-03-03T10:52:27","guid":{"rendered":"https:\/\/shop.bantam.ch\/produit\/station-denergie-portable-premium-50-ac50p-700w-504wh-bluetti\/"},"modified":"2026-04-17T23:56:28","modified_gmt":"2026-04-17T21:56:28","slug":"station-denergie-portable-premium-50-ac50p-700w-504wh-bluetti","status":"publish","type":"product","link":"https:\/\/shop.bantam.ch\/fr\/produit\/station-denergie-portable-premium-50-ac50p-700w-504wh-bluetti\/","title":{"rendered":"Station D&rsquo;energie Portable Premium 50 Ac50p 700w\/504wh Bluetti"},"content":{"rendered":"<p>Batterie fiable : capacit\u00e9 de 504Wh pour une autonomie prolong\u00e9e. Puissance in\u00e9gal\u00e9e : 700 W de puissance continue, 1 200 W de puissance de levage. Smart Turbo Charging : 0-80 ?capacit\u00e9 en seulement 50 minutes. Con\u00e7ue pour durer : batterie LiFePO4 ultra-s\u00fbre avec 3 000+ cycles de vie. Pr\u00eat \u00e0 l\u2019\u00e9nergie solaire : recharge par passage, exploitation efficace de l\u2019\u00e9nergie solaire. 6 fa\u00e7ons de se recharger : Flexible pour \u00eatre recharg\u00e9 via la climatisation, le solaire, la voiture, le g\u00e9n\u00e9rateur, la batterie B80 ou double AC + solaire. Contr\u00f4le intelligent : Surveiller et g\u00e9rer via l\u2019application BLUETTI. Tranquillit\u00e9 d\u2019esprit : Soutenu par une garantie de 5 ans, leader du secteur.<\/p>\n","protected":false},"excerpt":{"rendered":"<p>Batterie fiable : capacit\u00e9 de 504Wh pour une autonomie prolong\u00e9e. Puissance in\u00e9gal\u00e9e : 700 W de puissance continue, 1 200 W de puissance de levage. Smart Turbo Charging : 0-80 ?capacit\u00e9 en seulement 50 minutes. Con\u00e7ue pour durer : batterie LiFePO4 ultra-s\u00fbre avec 3 000+ cycles de vie. Pr\u00eat \u00e0 l\u2019\u00e9nergie solaire : recharge par [&hellip;]<\/p>\n","protected":false},"featured_media":234096,"template":"","meta":{"_acf_changed":false},"product_featured_cat":[],"product_brand":[5365],"product_cat":[5129],"product_tag":[],"class_list":{"0":"post-234106","1":"product","2":"type-product","3":"status-publish","4":"has-post-thumbnail","6":"product_brand-bluetti","7":"product_cat-batteries-portables","9":"first","10":"instock","11":"taxable","12":"shipping-taxable","13":"purchasable","14":"product-type-simple"},"acf":[],"yoast_head":"<!-- This site is optimized with the Yoast SEO plugin v27.4 - https:\/\/yoast.com\/product\/yoast-seo-wordpress\/ -->\n<title>Station D&#039;energie Portable Premium 50 Ac50p 700w\/504wh Bluetti - Bantam Wankm\u00fcller SA<\/title>\n<meta name=\"robots\" content=\"index, follow, max-snippet:-1, max-image-preview:large, max-video-preview:-1\" \/>\n<link rel=\"canonical\" href=\"https:\/\/shop.bantam.ch\/fr\/produit\/station-denergie-portable-premium-50-ac50p-700w-504wh-bluetti\/\" \/>\n<meta property=\"og:locale\" content=\"fr_FR\" \/>\n<meta property=\"og:type\" content=\"article\" \/>\n<meta property=\"og:title\" content=\"Station D&#039;energie Portable Premium 50 Ac50p 700w\/504wh Bluetti - Bantam Wankm\u00fcller SA\" \/>\n<meta property=\"og:description\" content=\"Batterie fiable : capacit\u00e9 de 504Wh pour une autonomie prolong\u00e9e. Puissance in\u00e9gal\u00e9e : 700 W de puissance continue, 1 200 W de puissance de levage. Smart Turbo Charging : 0-80 ?capacit\u00e9 en seulement 50 minutes. Con\u00e7ue pour durer : batterie LiFePO4 ultra-s\u00fbre avec 3 000+ cycles de vie. Pr\u00eat \u00e0 l\u2019\u00e9nergie solaire : recharge par [&hellip;]\" \/>\n<meta property=\"og:url\" content=\"https:\/\/shop.bantam.ch\/fr\/produit\/station-denergie-portable-premium-50-ac50p-700w-504wh-bluetti\/\" \/>\n<meta property=\"og:site_name\" content=\"Bantam Wankm\u00fcller SA\" \/>\n<meta property=\"article:modified_time\" content=\"2026-04-17T21:56:28+00:00\" \/>\n<meta property=\"og:image\" content=\"https:\/\/shop.bantam.ch\/wp-content\/uploads\/2026\/03\/55611104_1.jpg\" \/>\n\t<meta property=\"og:image:width\" content=\"800\" \/>\n\t<meta property=\"og:image:height\" content=\"647\" \/>\n\t<meta property=\"og:image:type\" content=\"image\/jpeg\" \/>\n<meta name=\"twitter:card\" content=\"summary_large_image\" \/>\n<meta name=\"twitter:label1\" content=\"Dur\u00e9e de lecture estim\u00e9e\" \/>\n\t<meta name=\"twitter:data1\" content=\"1 minute\" \/>\n<script type=\"application\/ld+json\" class=\"yoast-schema-graph\">{\"@context\":\"https:\\\/\\\/schema.org\",\"@graph\":[{\"@type\":\"WebPage\",\"@id\":\"https:\\\/\\\/shop.bantam.ch\\\/fr\\\/produit\\\/station-denergie-portable-premium-50-ac50p-700w-504wh-bluetti\\\/\",\"url\":\"https:\\\/\\\/shop.bantam.ch\\\/fr\\\/produit\\\/station-denergie-portable-premium-50-ac50p-700w-504wh-bluetti\\\/\",\"name\":\"Station D'energie Portable Premium 50 Ac50p 700w\\\/504wh Bluetti - Bantam Wankm\u00fcller SA\",\"isPartOf\":{\"@id\":\"https:\\\/\\\/shop.bantam.ch\\\/fr\\\/#website\"},\"primaryImageOfPage\":{\"@id\":\"https:\\\/\\\/shop.bantam.ch\\\/fr\\\/produit\\\/station-denergie-portable-premium-50-ac50p-700w-504wh-bluetti\\\/#primaryimage\"},\"image\":{\"@id\":\"https:\\\/\\\/shop.bantam.ch\\\/fr\\\/produit\\\/station-denergie-portable-premium-50-ac50p-700w-504wh-bluetti\\\/#primaryimage\"},\"thumbnailUrl\":\"https:\\\/\\\/shop.bantam.ch\\\/wp-content\\\/uploads\\\/2026\\\/03\\\/55611104_1.jpg\",\"datePublished\":\"2026-03-03T10:52:27+00:00\",\"dateModified\":\"2026-04-17T21:56:28+00:00\",\"breadcrumb\":{\"@id\":\"https:\\\/\\\/shop.bantam.ch\\\/fr\\\/produit\\\/station-denergie-portable-premium-50-ac50p-700w-504wh-bluetti\\\/#breadcrumb\"},\"inLanguage\":\"fr-FR\",\"potentialAction\":[{\"@type\":\"ReadAction\",\"target\":[\"https:\\\/\\\/shop.bantam.ch\\\/fr\\\/produit\\\/station-denergie-portable-premium-50-ac50p-700w-504wh-bluetti\\\/\"]}]},{\"@type\":\"ImageObject\",\"inLanguage\":\"fr-FR\",\"@id\":\"https:\\\/\\\/shop.bantam.ch\\\/fr\\\/produit\\\/station-denergie-portable-premium-50-ac50p-700w-504wh-bluetti\\\/#primaryimage\",\"url\":\"https:\\\/\\\/shop.bantam.ch\\\/wp-content\\\/uploads\\\/2026\\\/03\\\/55611104_1.jpg\",\"contentUrl\":\"https:\\\/\\\/shop.bantam.ch\\\/wp-content\\\/uploads\\\/2026\\\/03\\\/55611104_1.jpg\",\"width\":800,\"height\":647},{\"@type\":\"BreadcrumbList\",\"@id\":\"https:\\\/\\\/shop.bantam.ch\\\/fr\\\/produit\\\/station-denergie-portable-premium-50-ac50p-700w-504wh-bluetti\\\/#breadcrumb\",\"itemListElement\":[{\"@type\":\"ListItem\",\"position\":1,\"name\":\"Accueil\",\"item\":\"https:\\\/\\\/shop.bantam.ch\\\/fr\\\/\"},{\"@type\":\"ListItem\",\"position\":2,\"name\":\"Boutique\",\"item\":\"https:\\\/\\\/shop.bantam.ch\\\/fr\\\/boutique\\\/\"},{\"@type\":\"ListItem\",\"position\":3,\"name\":\"Station D&rsquo;energie Portable Premium 50 Ac50p 700w\\\/504wh Bluetti\"}]},{\"@type\":\"WebSite\",\"@id\":\"https:\\\/\\\/shop.bantam.ch\\\/fr\\\/#website\",\"url\":\"https:\\\/\\\/shop.bantam.ch\\\/fr\\\/\",\"name\":\"Bantam Wankm\u00fcller SA\",\"description\":\"\",\"publisher\":{\"@id\":\"https:\\\/\\\/shop.bantam.ch\\\/fr\\\/#organization\"},\"inLanguage\":\"fr-FR\"},{\"@type\":\"Organization\",\"@id\":\"https:\\\/\\\/shop.bantam.ch\\\/fr\\\/#organization\",\"name\":\"Bantam Wankm\u00fcller SA\",\"url\":\"https:\\\/\\\/shop.bantam.ch\\\/fr\\\/\",\"logo\":{\"@type\":\"ImageObject\",\"inLanguage\":\"fr-FR\",\"@id\":\"https:\\\/\\\/shop.bantam.ch\\\/fr\\\/#\\\/schema\\\/logo\\\/image\\\/\",\"url\":\"https:\\\/\\\/shop.bantam.ch\\\/wp-content\\\/uploads\\\/2022\\\/12\\\/bantam-logo.png\",\"contentUrl\":\"https:\\\/\\\/shop.bantam.ch\\\/wp-content\\\/uploads\\\/2022\\\/12\\\/bantam-logo.png\",\"width\":320,\"height\":71,\"caption\":\"Bantam Wankm\u00fcller SA\"},\"image\":{\"@id\":\"https:\\\/\\\/shop.bantam.ch\\\/fr\\\/#\\\/schema\\\/logo\\\/image\\\/\"}}]}<\/script>\n<!-- \/ Yoast SEO plugin. -->","yoast_head_json":{"title":"Station D'energie Portable Premium 50 Ac50p 700w\/504wh Bluetti - Bantam Wankm\u00fcller SA","robots":{"index":"index","follow":"follow","max-snippet":"max-snippet:-1","max-image-preview":"max-image-preview:large","max-video-preview":"max-video-preview:-1"},"canonical":"https:\/\/shop.bantam.ch\/fr\/produit\/station-denergie-portable-premium-50-ac50p-700w-504wh-bluetti\/","og_locale":"fr_FR","og_type":"article","og_title":"Station D'energie Portable Premium 50 Ac50p 700w\/504wh Bluetti - Bantam Wankm\u00fcller SA","og_description":"Batterie fiable : capacit\u00e9 de 504Wh pour une autonomie prolong\u00e9e. Puissance in\u00e9gal\u00e9e : 700 W de puissance continue, 1 200 W de puissance de levage. Smart Turbo Charging : 0-80 ?capacit\u00e9 en seulement 50 minutes. Con\u00e7ue pour durer : batterie LiFePO4 ultra-s\u00fbre avec 3 000+ cycles de vie. Pr\u00eat \u00e0 l\u2019\u00e9nergie solaire : recharge par [&hellip;]","og_url":"https:\/\/shop.bantam.ch\/fr\/produit\/station-denergie-portable-premium-50-ac50p-700w-504wh-bluetti\/","og_site_name":"Bantam Wankm\u00fcller SA","article_modified_time":"2026-04-17T21:56:28+00:00","og_image":[{"width":800,"height":647,"url":"https:\/\/shop.bantam.ch\/wp-content\/uploads\/2026\/03\/55611104_1.jpg","type":"image\/jpeg"}],"twitter_card":"summary_large_image","twitter_misc":{"Dur\u00e9e de lecture estim\u00e9e":"1 minute"},"schema":{"@context":"https:\/\/schema.org","@graph":[{"@type":"WebPage","@id":"https:\/\/shop.bantam.ch\/fr\/produit\/station-denergie-portable-premium-50-ac50p-700w-504wh-bluetti\/","url":"https:\/\/shop.bantam.ch\/fr\/produit\/station-denergie-portable-premium-50-ac50p-700w-504wh-bluetti\/","name":"Station D'energie Portable Premium 50 Ac50p 700w\/504wh Bluetti - Bantam Wankm\u00fcller SA","isPartOf":{"@id":"https:\/\/shop.bantam.ch\/fr\/#website"},"primaryImageOfPage":{"@id":"https:\/\/shop.bantam.ch\/fr\/produit\/station-denergie-portable-premium-50-ac50p-700w-504wh-bluetti\/#primaryimage"},"image":{"@id":"https:\/\/shop.bantam.ch\/fr\/produit\/station-denergie-portable-premium-50-ac50p-700w-504wh-bluetti\/#primaryimage"},"thumbnailUrl":"https:\/\/shop.bantam.ch\/wp-content\/uploads\/2026\/03\/55611104_1.jpg","datePublished":"2026-03-03T10:52:27+00:00","dateModified":"2026-04-17T21:56:28+00:00","breadcrumb":{"@id":"https:\/\/shop.bantam.ch\/fr\/produit\/station-denergie-portable-premium-50-ac50p-700w-504wh-bluetti\/#breadcrumb"},"inLanguage":"fr-FR","potentialAction":[{"@type":"ReadAction","target":["https:\/\/shop.bantam.ch\/fr\/produit\/station-denergie-portable-premium-50-ac50p-700w-504wh-bluetti\/"]}]},{"@type":"ImageObject","inLanguage":"fr-FR","@id":"https:\/\/shop.bantam.ch\/fr\/produit\/station-denergie-portable-premium-50-ac50p-700w-504wh-bluetti\/#primaryimage","url":"https:\/\/shop.bantam.ch\/wp-content\/uploads\/2026\/03\/55611104_1.jpg","contentUrl":"https:\/\/shop.bantam.ch\/wp-content\/uploads\/2026\/03\/55611104_1.jpg","width":800,"height":647},{"@type":"BreadcrumbList","@id":"https:\/\/shop.bantam.ch\/fr\/produit\/station-denergie-portable-premium-50-ac50p-700w-504wh-bluetti\/#breadcrumb","itemListElement":[{"@type":"ListItem","position":1,"name":"Accueil","item":"https:\/\/shop.bantam.ch\/fr\/"},{"@type":"ListItem","position":2,"name":"Boutique","item":"https:\/\/shop.bantam.ch\/fr\/boutique\/"},{"@type":"ListItem","position":3,"name":"Station D&rsquo;energie Portable Premium 50 Ac50p 700w\/504wh Bluetti"}]},{"@type":"WebSite","@id":"https:\/\/shop.bantam.ch\/fr\/#website","url":"https:\/\/shop.bantam.ch\/fr\/","name":"Bantam Wankm\u00fcller SA","description":"","publisher":{"@id":"https:\/\/shop.bantam.ch\/fr\/#organization"},"inLanguage":"fr-FR"},{"@type":"Organization","@id":"https:\/\/shop.bantam.ch\/fr\/#organization","name":"Bantam Wankm\u00fcller SA","url":"https:\/\/shop.bantam.ch\/fr\/","logo":{"@type":"ImageObject","inLanguage":"fr-FR","@id":"https:\/\/shop.bantam.ch\/fr\/#\/schema\/logo\/image\/","url":"https:\/\/shop.bantam.ch\/wp-content\/uploads\/2022\/12\/bantam-logo.png","contentUrl":"https:\/\/shop.bantam.ch\/wp-content\/uploads\/2022\/12\/bantam-logo.png","width":320,"height":71,"caption":"Bantam Wankm\u00fcller SA"},"image":{"@id":"https:\/\/shop.bantam.ch\/fr\/#\/schema\/logo\/image\/"}}]}},"_links":{"self":[{"href":"https:\/\/shop.bantam.ch\/fr\/wp-json\/wp\/v2\/product\/234106","targetHints":{"allow":["GET"]}}],"collection":[{"href":"https:\/\/shop.bantam.ch\/fr\/wp-json\/wp\/v2\/product"}],"about":[{"href":"https:\/\/shop.bantam.ch\/fr\/wp-json\/wp\/v2\/types\/product"}],"wp:featuredmedia":[{"embeddable":true,"href":"https:\/\/shop.bantam.ch\/fr\/wp-json\/wp\/v2\/media\/234096"}],"wp:attachment":[{"href":"https:\/\/shop.bantam.ch\/fr\/wp-json\/wp\/v2\/media?parent=234106"}],"wp:term":[{"taxonomy":"product_featured_cat","embeddable":true,"href":"https:\/\/shop.bantam.ch\/fr\/wp-json\/wp\/v2\/product_featured_cat?post=234106"},{"taxonomy":"product_brand","embeddable":true,"href":"https:\/\/shop.bantam.ch\/fr\/wp-json\/wp\/v2\/product_brand?post=234106"},{"taxonomy":"product_cat","embeddable":true,"href":"https:\/\/shop.bantam.ch\/fr\/wp-json\/wp\/v2\/product_cat?post=234106"},{"taxonomy":"product_tag","embeddable":true,"href":"https:\/\/shop.bantam.ch\/fr\/wp-json\/wp\/v2\/product_tag?post=234106"}],"curies":[{"name":"wp","href":"https:\/\/api.w.org\/{rel}","templated":true}]}}