{"id":234016,"date":"2026-02-24T14:35:05","date_gmt":"2026-02-24T13:35:05","guid":{"rendered":"https:\/\/shop.bantam.ch\/produit\/glaciere-a-compresseur-mycoolman-dual-zone-38-mcmr38dz-38-l\/"},"modified":"2026-05-02T23:52:13","modified_gmt":"2026-05-02T21:52:13","slug":"glaciere-a-compresseur-mycoolman-dual-zone-38-mcmr38dz-38-l","status":"publish","type":"product","link":"https:\/\/shop.bantam.ch\/fr\/produit\/glaciere-a-compresseur-mycoolman-dual-zone-38-mcmr38dz-38-l\/","title":{"rendered":"Glaci\u00e8re \u00e0 compresseur myCOOLMAN Dual zone, 38 MCMR38DZ 38 l"},"content":{"rendered":"<p>Le myCOOLMAN 38L Dual Zone Portable Fridge &amp; Freezer est le compagnon id\u00e9al de vos aventures en plein air, que ce soit lors d&rsquo;un voyage d&rsquo;exploration ou d&rsquo;une excursion d&rsquo;une journ\u00e9e, o\u00f9 vous avez besoin d&rsquo;un r\u00e9frig\u00e9rateur et d&rsquo;un cong\u00e9lateur Dual Zone particuli\u00e8rement portables et faciles \u00e0 transporter.<\/p>\n","protected":false},"excerpt":{"rendered":"<p>Le myCOOLMAN 38L Dual Zone Portable Fridge &amp; Freezer est le compagnon id\u00e9al de vos aventures en plein air, que ce soit lors d&rsquo;un voyage d&rsquo;exploration ou d&rsquo;une excursion d&rsquo;une journ\u00e9e, o\u00f9 vous avez besoin d&rsquo;un r\u00e9frig\u00e9rateur et d&rsquo;un cong\u00e9lateur Dual Zone particuli\u00e8rement portables et faciles \u00e0 transporter.<\/p>\n","protected":false},"featured_media":234014,"template":"","meta":{"_acf_changed":false},"product_featured_cat":[],"product_brand":[3142],"product_cat":[4545],"product_tag":[],"class_list":{"0":"post-234016","1":"product","2":"type-product","3":"status-publish","4":"has-post-thumbnail","6":"product_brand-milenco","7":"product_cat-glacieres-a-compression","9":"first","10":"instock","11":"taxable","12":"shipping-taxable","13":"purchasable","14":"product-type-simple"},"acf":[],"yoast_head":"<!-- This site is optimized with the Yoast SEO plugin v27.5 - https:\/\/yoast.com\/product\/yoast-seo-wordpress\/ -->\n<title>Glaci\u00e8re \u00e0 compresseur myCOOLMAN Dual zone, 38 MCMR38DZ 38 l - Bantam<\/title>\n<meta name=\"robots\" content=\"index, follow, max-snippet:-1, max-image-preview:large, max-video-preview:-1\" \/>\n<link rel=\"canonical\" href=\"https:\/\/shop.bantam.ch\/fr\/produit\/glaciere-a-compresseur-mycoolman-dual-zone-38-mcmr38dz-38-l\/\" \/>\n<meta property=\"og:locale\" content=\"fr_FR\" \/>\n<meta property=\"og:type\" content=\"article\" \/>\n<meta property=\"og:title\" content=\"Glaci\u00e8re \u00e0 compresseur myCOOLMAN Dual zone, 38 MCMR38DZ 38 l - Bantam\" \/>\n<meta property=\"og:description\" content=\"Le myCOOLMAN 38L Dual Zone Portable Fridge &amp; Freezer est le compagnon id\u00e9al de vos aventures en plein air, que ce soit lors d&rsquo;un voyage d&rsquo;exploration ou d&rsquo;une excursion d&rsquo;une journ\u00e9e, o\u00f9 vous avez besoin d&rsquo;un r\u00e9frig\u00e9rateur et d&rsquo;un cong\u00e9lateur Dual Zone particuli\u00e8rement portables et faciles \u00e0 transporter.\" \/>\n<meta property=\"og:url\" content=\"https:\/\/shop.bantam.ch\/fr\/produit\/glaciere-a-compresseur-mycoolman-dual-zone-38-mcmr38dz-38-l\/\" \/>\n<meta property=\"og:site_name\" content=\"Bantam\" \/>\n<meta property=\"article:modified_time\" content=\"2026-05-02T21:52:13+00:00\" \/>\n<meta property=\"og:image\" content=\"https:\/\/shop.bantam.ch\/wp-content\/uploads\/2026\/02\/Movera-L-9971619100.png\" \/>\n\t<meta property=\"og:image:width\" content=\"640\" \/>\n\t<meta property=\"og:image:height\" content=\"640\" \/>\n\t<meta property=\"og:image:type\" content=\"image\/png\" \/>\n<meta name=\"twitter:card\" content=\"summary_large_image\" \/>\n<script type=\"application\/ld+json\" class=\"yoast-schema-graph\">{\"@context\":\"https:\\\/\\\/schema.org\",\"@graph\":[{\"@type\":\"WebPage\",\"@id\":\"https:\\\/\\\/shop.bantam.ch\\\/fr\\\/produit\\\/glaciere-a-compresseur-mycoolman-dual-zone-38-mcmr38dz-38-l\\\/\",\"url\":\"https:\\\/\\\/shop.bantam.ch\\\/fr\\\/produit\\\/glaciere-a-compresseur-mycoolman-dual-zone-38-mcmr38dz-38-l\\\/\",\"name\":\"Glaci\u00e8re \u00e0 compresseur myCOOLMAN Dual zone, 38 MCMR38DZ 38 l - Bantam\",\"isPartOf\":{\"@id\":\"https:\\\/\\\/shop.bantam.ch\\\/fr\\\/#website\"},\"primaryImageOfPage\":{\"@id\":\"https:\\\/\\\/shop.bantam.ch\\\/fr\\\/produit\\\/glaciere-a-compresseur-mycoolman-dual-zone-38-mcmr38dz-38-l\\\/#primaryimage\"},\"image\":{\"@id\":\"https:\\\/\\\/shop.bantam.ch\\\/fr\\\/produit\\\/glaciere-a-compresseur-mycoolman-dual-zone-38-mcmr38dz-38-l\\\/#primaryimage\"},\"thumbnailUrl\":\"https:\\\/\\\/shop.bantam.ch\\\/wp-content\\\/uploads\\\/2026\\\/02\\\/Movera-L-9971619100.png\",\"datePublished\":\"2026-02-24T13:35:05+00:00\",\"dateModified\":\"2026-05-02T21:52:13+00:00\",\"breadcrumb\":{\"@id\":\"https:\\\/\\\/shop.bantam.ch\\\/fr\\\/produit\\\/glaciere-a-compresseur-mycoolman-dual-zone-38-mcmr38dz-38-l\\\/#breadcrumb\"},\"inLanguage\":\"fr-FR\",\"potentialAction\":[{\"@type\":\"ReadAction\",\"target\":[\"https:\\\/\\\/shop.bantam.ch\\\/fr\\\/produit\\\/glaciere-a-compresseur-mycoolman-dual-zone-38-mcmr38dz-38-l\\\/\"]}]},{\"@type\":\"ImageObject\",\"inLanguage\":\"fr-FR\",\"@id\":\"https:\\\/\\\/shop.bantam.ch\\\/fr\\\/produit\\\/glaciere-a-compresseur-mycoolman-dual-zone-38-mcmr38dz-38-l\\\/#primaryimage\",\"url\":\"https:\\\/\\\/shop.bantam.ch\\\/wp-content\\\/uploads\\\/2026\\\/02\\\/Movera-L-9971619100.png\",\"contentUrl\":\"https:\\\/\\\/shop.bantam.ch\\\/wp-content\\\/uploads\\\/2026\\\/02\\\/Movera-L-9971619100.png\",\"width\":640,\"height\":640},{\"@type\":\"BreadcrumbList\",\"@id\":\"https:\\\/\\\/shop.bantam.ch\\\/fr\\\/produit\\\/glaciere-a-compresseur-mycoolman-dual-zone-38-mcmr38dz-38-l\\\/#breadcrumb\",\"itemListElement\":[{\"@type\":\"ListItem\",\"position\":1,\"name\":\"Accueil\",\"item\":\"https:\\\/\\\/shop.bantam.ch\\\/fr\\\/\"},{\"@type\":\"ListItem\",\"position\":2,\"name\":\"Boutique\",\"item\":\"https:\\\/\\\/shop.bantam.ch\\\/fr\\\/boutique\\\/\"},{\"@type\":\"ListItem\",\"position\":3,\"name\":\"Glaci\u00e8re \u00e0 compresseur myCOOLMAN Dual zone, 38 MCMR38DZ 38 l\"}]},{\"@type\":\"WebSite\",\"@id\":\"https:\\\/\\\/shop.bantam.ch\\\/fr\\\/#website\",\"url\":\"https:\\\/\\\/shop.bantam.ch\\\/fr\\\/\",\"name\":\"Bantam\",\"description\":\"\",\"publisher\":{\"@id\":\"https:\\\/\\\/shop.bantam.ch\\\/fr\\\/#organization\"},\"inLanguage\":\"fr-FR\"},{\"@type\":\"Organization\",\"@id\":\"https:\\\/\\\/shop.bantam.ch\\\/fr\\\/#organization\",\"name\":\"Bantam\",\"url\":\"https:\\\/\\\/shop.bantam.ch\\\/fr\\\/\",\"logo\":{\"@type\":\"ImageObject\",\"inLanguage\":\"fr-FR\",\"@id\":\"https:\\\/\\\/shop.bantam.ch\\\/fr\\\/#\\\/schema\\\/logo\\\/image\\\/\",\"url\":\"https:\\\/\\\/shop.bantam.ch\\\/wp-content\\\/uploads\\\/2022\\\/12\\\/bantam-logo.png\",\"contentUrl\":\"https:\\\/\\\/shop.bantam.ch\\\/wp-content\\\/uploads\\\/2022\\\/12\\\/bantam-logo.png\",\"width\":320,\"height\":71,\"caption\":\"Bantam\"},\"image\":{\"@id\":\"https:\\\/\\\/shop.bantam.ch\\\/fr\\\/#\\\/schema\\\/logo\\\/image\\\/\"}}]}<\/script>\n<!-- \/ Yoast SEO plugin. -->","yoast_head_json":{"title":"Glaci\u00e8re \u00e0 compresseur myCOOLMAN Dual zone, 38 MCMR38DZ 38 l - Bantam","robots":{"index":"index","follow":"follow","max-snippet":"max-snippet:-1","max-image-preview":"max-image-preview:large","max-video-preview":"max-video-preview:-1"},"canonical":"https:\/\/shop.bantam.ch\/fr\/produit\/glaciere-a-compresseur-mycoolman-dual-zone-38-mcmr38dz-38-l\/","og_locale":"fr_FR","og_type":"article","og_title":"Glaci\u00e8re \u00e0 compresseur myCOOLMAN Dual zone, 38 MCMR38DZ 38 l - Bantam","og_description":"Le myCOOLMAN 38L Dual Zone Portable Fridge &amp; Freezer est le compagnon id\u00e9al de vos aventures en plein air, que ce soit lors d&rsquo;un voyage d&rsquo;exploration ou d&rsquo;une excursion d&rsquo;une journ\u00e9e, o\u00f9 vous avez besoin d&rsquo;un r\u00e9frig\u00e9rateur et d&rsquo;un cong\u00e9lateur Dual Zone particuli\u00e8rement portables et faciles \u00e0 transporter.","og_url":"https:\/\/shop.bantam.ch\/fr\/produit\/glaciere-a-compresseur-mycoolman-dual-zone-38-mcmr38dz-38-l\/","og_site_name":"Bantam","article_modified_time":"2026-05-02T21:52:13+00:00","og_image":[{"width":640,"height":640,"url":"https:\/\/shop.bantam.ch\/wp-content\/uploads\/2026\/02\/Movera-L-9971619100.png","type":"image\/png"}],"twitter_card":"summary_large_image","schema":{"@context":"https:\/\/schema.org","@graph":[{"@type":"WebPage","@id":"https:\/\/shop.bantam.ch\/fr\/produit\/glaciere-a-compresseur-mycoolman-dual-zone-38-mcmr38dz-38-l\/","url":"https:\/\/shop.bantam.ch\/fr\/produit\/glaciere-a-compresseur-mycoolman-dual-zone-38-mcmr38dz-38-l\/","name":"Glaci\u00e8re \u00e0 compresseur myCOOLMAN Dual zone, 38 MCMR38DZ 38 l - Bantam","isPartOf":{"@id":"https:\/\/shop.bantam.ch\/fr\/#website"},"primaryImageOfPage":{"@id":"https:\/\/shop.bantam.ch\/fr\/produit\/glaciere-a-compresseur-mycoolman-dual-zone-38-mcmr38dz-38-l\/#primaryimage"},"image":{"@id":"https:\/\/shop.bantam.ch\/fr\/produit\/glaciere-a-compresseur-mycoolman-dual-zone-38-mcmr38dz-38-l\/#primaryimage"},"thumbnailUrl":"https:\/\/shop.bantam.ch\/wp-content\/uploads\/2026\/02\/Movera-L-9971619100.png","datePublished":"2026-02-24T13:35:05+00:00","dateModified":"2026-05-02T21:52:13+00:00","breadcrumb":{"@id":"https:\/\/shop.bantam.ch\/fr\/produit\/glaciere-a-compresseur-mycoolman-dual-zone-38-mcmr38dz-38-l\/#breadcrumb"},"inLanguage":"fr-FR","potentialAction":[{"@type":"ReadAction","target":["https:\/\/shop.bantam.ch\/fr\/produit\/glaciere-a-compresseur-mycoolman-dual-zone-38-mcmr38dz-38-l\/"]}]},{"@type":"ImageObject","inLanguage":"fr-FR","@id":"https:\/\/shop.bantam.ch\/fr\/produit\/glaciere-a-compresseur-mycoolman-dual-zone-38-mcmr38dz-38-l\/#primaryimage","url":"https:\/\/shop.bantam.ch\/wp-content\/uploads\/2026\/02\/Movera-L-9971619100.png","contentUrl":"https:\/\/shop.bantam.ch\/wp-content\/uploads\/2026\/02\/Movera-L-9971619100.png","width":640,"height":640},{"@type":"BreadcrumbList","@id":"https:\/\/shop.bantam.ch\/fr\/produit\/glaciere-a-compresseur-mycoolman-dual-zone-38-mcmr38dz-38-l\/#breadcrumb","itemListElement":[{"@type":"ListItem","position":1,"name":"Accueil","item":"https:\/\/shop.bantam.ch\/fr\/"},{"@type":"ListItem","position":2,"name":"Boutique","item":"https:\/\/shop.bantam.ch\/fr\/boutique\/"},{"@type":"ListItem","position":3,"name":"Glaci\u00e8re \u00e0 compresseur myCOOLMAN Dual zone, 38 MCMR38DZ 38 l"}]},{"@type":"WebSite","@id":"https:\/\/shop.bantam.ch\/fr\/#website","url":"https:\/\/shop.bantam.ch\/fr\/","name":"Bantam","description":"","publisher":{"@id":"https:\/\/shop.bantam.ch\/fr\/#organization"},"inLanguage":"fr-FR"},{"@type":"Organization","@id":"https:\/\/shop.bantam.ch\/fr\/#organization","name":"Bantam","url":"https:\/\/shop.bantam.ch\/fr\/","logo":{"@type":"ImageObject","inLanguage":"fr-FR","@id":"https:\/\/shop.bantam.ch\/fr\/#\/schema\/logo\/image\/","url":"https:\/\/shop.bantam.ch\/wp-content\/uploads\/2022\/12\/bantam-logo.png","contentUrl":"https:\/\/shop.bantam.ch\/wp-content\/uploads\/2022\/12\/bantam-logo.png","width":320,"height":71,"caption":"Bantam"},"image":{"@id":"https:\/\/shop.bantam.ch\/fr\/#\/schema\/logo\/image\/"}}]}},"_links":{"self":[{"href":"https:\/\/shop.bantam.ch\/fr\/wp-json\/wp\/v2\/product\/234016","targetHints":{"allow":["GET"]}}],"collection":[{"href":"https:\/\/shop.bantam.ch\/fr\/wp-json\/wp\/v2\/product"}],"about":[{"href":"https:\/\/shop.bantam.ch\/fr\/wp-json\/wp\/v2\/types\/product"}],"wp:featuredmedia":[{"embeddable":true,"href":"https:\/\/shop.bantam.ch\/fr\/wp-json\/wp\/v2\/media\/234014"}],"wp:attachment":[{"href":"https:\/\/shop.bantam.ch\/fr\/wp-json\/wp\/v2\/media?parent=234016"}],"wp:term":[{"taxonomy":"product_featured_cat","embeddable":true,"href":"https:\/\/shop.bantam.ch\/fr\/wp-json\/wp\/v2\/product_featured_cat?post=234016"},{"taxonomy":"product_brand","embeddable":true,"href":"https:\/\/shop.bantam.ch\/fr\/wp-json\/wp\/v2\/product_brand?post=234016"},{"taxonomy":"product_cat","embeddable":true,"href":"https:\/\/shop.bantam.ch\/fr\/wp-json\/wp\/v2\/product_cat?post=234016"},{"taxonomy":"product_tag","embeddable":true,"href":"https:\/\/shop.bantam.ch\/fr\/wp-json\/wp\/v2\/product_tag?post=234016"}],"curies":[{"name":"wp","href":"https:\/\/api.w.org\/{rel}","templated":true}]}}