{"id":234012,"date":"2026-02-24T14:32:52","date_gmt":"2026-02-24T13:32:52","guid":{"rendered":"https:\/\/shop.bantam.ch\/produit\/isolation-exterieure-pour-toit-ouvrant-adapte-a-vw-t5-t6-t6-1\/"},"modified":"2026-04-19T00:00:12","modified_gmt":"2026-04-18T22:00:12","slug":"isolation-exterieure-pour-toit-ouvrant-adapte-a-vw-t5-t6-t6-1","status":"publish","type":"product","link":"https:\/\/shop.bantam.ch\/fr\/produit\/isolation-exterieure-pour-toit-ouvrant-adapte-a-vw-t5-t6-t6-1\/","title":{"rendered":"Isolation ext\u00e9rieure pour toit ouvrant adapt\u00e9 \u00e0 VW T5\/T6\/T6.1"},"content":{"rendered":"<p>L&rsquo;isolation ext\u00e9rieure pour les toits relevables isole votre toit relevable du froid et des courants d&rsquo;air ext\u00e9rieurs. Elle assure un climat int\u00e9rieur agr\u00e9able et am\u00e9liore le confort de sommeil pendant la saison froide. L&rsquo;isolation est plac\u00e9e pr\u00e8s de la paroi en toile du toit ouvrant et emp\u00eache ainsi la p\u00e9n\u00e9tration d\u00e9sagr\u00e9able du froid. Montage et fixation faciles : Mise en place \u00e0 l&rsquo;avant du toit, puis passage des deux c\u00f4t\u00e9s dans le sens de la longueur derri\u00e8re les amortisseurs et les compas de toit de couchage et agrafage dans la zone arri\u00e8re facilement accessible.<\/p>\n<ul>\n<li>Ajustement optimal<\/li>\n<li>Isolant<\/li>\n<li>Climat int\u00e9rieur agr\u00e9able<\/li>\n<li>Protection contre le froid<\/li>\n<li>Fixation par velcro<\/li>\n<li>Montage facile<\/li>\n<\/ul>\n","protected":false},"excerpt":{"rendered":"<p>L&rsquo;isolation ext\u00e9rieure pour les toits relevables isole votre toit relevable du froid et des courants d&rsquo;air ext\u00e9rieurs. Elle assure un climat int\u00e9rieur agr\u00e9able et am\u00e9liore le confort de sommeil pendant la saison froide. L&rsquo;isolation est plac\u00e9e pr\u00e8s de la paroi en toile du toit ouvrant et emp\u00eache ainsi la p\u00e9n\u00e9tration d\u00e9sagr\u00e9able du froid. Montage et [&hellip;]<\/p>\n","protected":false},"featured_media":234002,"template":"","meta":{"_acf_changed":false},"product_featured_cat":[],"product_brand":[3040],"product_cat":[4641],"product_tag":[],"class_list":{"0":"post-234012","1":"product","2":"type-product","3":"status-publish","4":"has-post-thumbnail","6":"product_brand-hindermann","7":"product_cat-matelas-et-rideaux-thermiques","9":"first","10":"instock","11":"taxable","12":"shipping-taxable","13":"purchasable","14":"product-type-simple"},"acf":[],"yoast_head":"<!-- This site is optimized with the Yoast SEO plugin v27.4 - https:\/\/yoast.com\/product\/yoast-seo-wordpress\/ -->\n<title>Isolation ext\u00e9rieure pour toit ouvrant adapt\u00e9 \u00e0 VW T5\/T6\/T6.1 - Bantam Wankm\u00fcller SA<\/title>\n<meta name=\"robots\" content=\"index, follow, max-snippet:-1, max-image-preview:large, max-video-preview:-1\" \/>\n<link rel=\"canonical\" href=\"https:\/\/shop.bantam.ch\/fr\/produit\/isolation-exterieure-pour-toit-ouvrant-adapte-a-vw-t5-t6-t6-1\/\" \/>\n<meta property=\"og:locale\" content=\"fr_FR\" \/>\n<meta property=\"og:type\" content=\"article\" \/>\n<meta property=\"og:title\" content=\"Isolation ext\u00e9rieure pour toit ouvrant adapt\u00e9 \u00e0 VW T5\/T6\/T6.1 - Bantam Wankm\u00fcller SA\" \/>\n<meta property=\"og:description\" content=\"L&rsquo;isolation ext\u00e9rieure pour les toits relevables isole votre toit relevable du froid et des courants d&rsquo;air ext\u00e9rieurs. Elle assure un climat int\u00e9rieur agr\u00e9able et am\u00e9liore le confort de sommeil pendant la saison froide. L&rsquo;isolation est plac\u00e9e pr\u00e8s de la paroi en toile du toit ouvrant et emp\u00eache ainsi la p\u00e9n\u00e9tration d\u00e9sagr\u00e9able du froid. Montage et [&hellip;]\" \/>\n<meta property=\"og:url\" content=\"https:\/\/shop.bantam.ch\/fr\/produit\/isolation-exterieure-pour-toit-ouvrant-adapte-a-vw-t5-t6-t6-1\/\" \/>\n<meta property=\"og:site_name\" content=\"Bantam Wankm\u00fcller SA\" \/>\n<meta property=\"article:modified_time\" content=\"2026-04-18T22:00:12+00:00\" \/>\n<meta property=\"og:image\" content=\"https:\/\/shop.bantam.ch\/wp-content\/uploads\/2026\/02\/Movera-L-9949626100.jpg\" \/>\n\t<meta property=\"og:image:width\" content=\"640\" \/>\n\t<meta property=\"og:image:height\" content=\"445\" \/>\n\t<meta property=\"og:image:type\" content=\"image\/jpeg\" \/>\n<meta name=\"twitter:card\" content=\"summary_large_image\" \/>\n<meta name=\"twitter:label1\" content=\"Dur\u00e9e de lecture estim\u00e9e\" \/>\n\t<meta name=\"twitter:data1\" content=\"1 minute\" \/>\n<script type=\"application\/ld+json\" class=\"yoast-schema-graph\">{\"@context\":\"https:\\\/\\\/schema.org\",\"@graph\":[{\"@type\":\"WebPage\",\"@id\":\"https:\\\/\\\/shop.bantam.ch\\\/fr\\\/produit\\\/isolation-exterieure-pour-toit-ouvrant-adapte-a-vw-t5-t6-t6-1\\\/\",\"url\":\"https:\\\/\\\/shop.bantam.ch\\\/fr\\\/produit\\\/isolation-exterieure-pour-toit-ouvrant-adapte-a-vw-t5-t6-t6-1\\\/\",\"name\":\"Isolation ext\u00e9rieure pour toit ouvrant adapt\u00e9 \u00e0 VW T5\\\/T6\\\/T6.1 - Bantam Wankm\u00fcller SA\",\"isPartOf\":{\"@id\":\"https:\\\/\\\/shop.bantam.ch\\\/fr\\\/#website\"},\"primaryImageOfPage\":{\"@id\":\"https:\\\/\\\/shop.bantam.ch\\\/fr\\\/produit\\\/isolation-exterieure-pour-toit-ouvrant-adapte-a-vw-t5-t6-t6-1\\\/#primaryimage\"},\"image\":{\"@id\":\"https:\\\/\\\/shop.bantam.ch\\\/fr\\\/produit\\\/isolation-exterieure-pour-toit-ouvrant-adapte-a-vw-t5-t6-t6-1\\\/#primaryimage\"},\"thumbnailUrl\":\"https:\\\/\\\/shop.bantam.ch\\\/wp-content\\\/uploads\\\/2026\\\/02\\\/Movera-L-9949626100.jpg\",\"datePublished\":\"2026-02-24T13:32:52+00:00\",\"dateModified\":\"2026-04-18T22:00:12+00:00\",\"breadcrumb\":{\"@id\":\"https:\\\/\\\/shop.bantam.ch\\\/fr\\\/produit\\\/isolation-exterieure-pour-toit-ouvrant-adapte-a-vw-t5-t6-t6-1\\\/#breadcrumb\"},\"inLanguage\":\"fr-FR\",\"potentialAction\":[{\"@type\":\"ReadAction\",\"target\":[\"https:\\\/\\\/shop.bantam.ch\\\/fr\\\/produit\\\/isolation-exterieure-pour-toit-ouvrant-adapte-a-vw-t5-t6-t6-1\\\/\"]}]},{\"@type\":\"ImageObject\",\"inLanguage\":\"fr-FR\",\"@id\":\"https:\\\/\\\/shop.bantam.ch\\\/fr\\\/produit\\\/isolation-exterieure-pour-toit-ouvrant-adapte-a-vw-t5-t6-t6-1\\\/#primaryimage\",\"url\":\"https:\\\/\\\/shop.bantam.ch\\\/wp-content\\\/uploads\\\/2026\\\/02\\\/Movera-L-9949626100.jpg\",\"contentUrl\":\"https:\\\/\\\/shop.bantam.ch\\\/wp-content\\\/uploads\\\/2026\\\/02\\\/Movera-L-9949626100.jpg\",\"width\":640,\"height\":445},{\"@type\":\"BreadcrumbList\",\"@id\":\"https:\\\/\\\/shop.bantam.ch\\\/fr\\\/produit\\\/isolation-exterieure-pour-toit-ouvrant-adapte-a-vw-t5-t6-t6-1\\\/#breadcrumb\",\"itemListElement\":[{\"@type\":\"ListItem\",\"position\":1,\"name\":\"Accueil\",\"item\":\"https:\\\/\\\/shop.bantam.ch\\\/fr\\\/\"},{\"@type\":\"ListItem\",\"position\":2,\"name\":\"Boutique\",\"item\":\"https:\\\/\\\/shop.bantam.ch\\\/fr\\\/boutique\\\/\"},{\"@type\":\"ListItem\",\"position\":3,\"name\":\"Isolation ext\u00e9rieure pour toit ouvrant adapt\u00e9 \u00e0 VW T5\\\/T6\\\/T6.1\"}]},{\"@type\":\"WebSite\",\"@id\":\"https:\\\/\\\/shop.bantam.ch\\\/fr\\\/#website\",\"url\":\"https:\\\/\\\/shop.bantam.ch\\\/fr\\\/\",\"name\":\"Bantam Wankm\u00fcller SA\",\"description\":\"\",\"publisher\":{\"@id\":\"https:\\\/\\\/shop.bantam.ch\\\/fr\\\/#organization\"},\"inLanguage\":\"fr-FR\"},{\"@type\":\"Organization\",\"@id\":\"https:\\\/\\\/shop.bantam.ch\\\/fr\\\/#organization\",\"name\":\"Bantam Wankm\u00fcller SA\",\"url\":\"https:\\\/\\\/shop.bantam.ch\\\/fr\\\/\",\"logo\":{\"@type\":\"ImageObject\",\"inLanguage\":\"fr-FR\",\"@id\":\"https:\\\/\\\/shop.bantam.ch\\\/fr\\\/#\\\/schema\\\/logo\\\/image\\\/\",\"url\":\"https:\\\/\\\/shop.bantam.ch\\\/wp-content\\\/uploads\\\/2022\\\/12\\\/bantam-logo.png\",\"contentUrl\":\"https:\\\/\\\/shop.bantam.ch\\\/wp-content\\\/uploads\\\/2022\\\/12\\\/bantam-logo.png\",\"width\":320,\"height\":71,\"caption\":\"Bantam Wankm\u00fcller SA\"},\"image\":{\"@id\":\"https:\\\/\\\/shop.bantam.ch\\\/fr\\\/#\\\/schema\\\/logo\\\/image\\\/\"}}]}<\/script>\n<!-- \/ Yoast SEO plugin. -->","yoast_head_json":{"title":"Isolation ext\u00e9rieure pour toit ouvrant adapt\u00e9 \u00e0 VW T5\/T6\/T6.1 - Bantam Wankm\u00fcller SA","robots":{"index":"index","follow":"follow","max-snippet":"max-snippet:-1","max-image-preview":"max-image-preview:large","max-video-preview":"max-video-preview:-1"},"canonical":"https:\/\/shop.bantam.ch\/fr\/produit\/isolation-exterieure-pour-toit-ouvrant-adapte-a-vw-t5-t6-t6-1\/","og_locale":"fr_FR","og_type":"article","og_title":"Isolation ext\u00e9rieure pour toit ouvrant adapt\u00e9 \u00e0 VW T5\/T6\/T6.1 - Bantam Wankm\u00fcller SA","og_description":"L&rsquo;isolation ext\u00e9rieure pour les toits relevables isole votre toit relevable du froid et des courants d&rsquo;air ext\u00e9rieurs. Elle assure un climat int\u00e9rieur agr\u00e9able et am\u00e9liore le confort de sommeil pendant la saison froide. L&rsquo;isolation est plac\u00e9e pr\u00e8s de la paroi en toile du toit ouvrant et emp\u00eache ainsi la p\u00e9n\u00e9tration d\u00e9sagr\u00e9able du froid. Montage et [&hellip;]","og_url":"https:\/\/shop.bantam.ch\/fr\/produit\/isolation-exterieure-pour-toit-ouvrant-adapte-a-vw-t5-t6-t6-1\/","og_site_name":"Bantam Wankm\u00fcller SA","article_modified_time":"2026-04-18T22:00:12+00:00","og_image":[{"width":640,"height":445,"url":"https:\/\/shop.bantam.ch\/wp-content\/uploads\/2026\/02\/Movera-L-9949626100.jpg","type":"image\/jpeg"}],"twitter_card":"summary_large_image","twitter_misc":{"Dur\u00e9e de lecture estim\u00e9e":"1 minute"},"schema":{"@context":"https:\/\/schema.org","@graph":[{"@type":"WebPage","@id":"https:\/\/shop.bantam.ch\/fr\/produit\/isolation-exterieure-pour-toit-ouvrant-adapte-a-vw-t5-t6-t6-1\/","url":"https:\/\/shop.bantam.ch\/fr\/produit\/isolation-exterieure-pour-toit-ouvrant-adapte-a-vw-t5-t6-t6-1\/","name":"Isolation ext\u00e9rieure pour toit ouvrant adapt\u00e9 \u00e0 VW T5\/T6\/T6.1 - Bantam Wankm\u00fcller SA","isPartOf":{"@id":"https:\/\/shop.bantam.ch\/fr\/#website"},"primaryImageOfPage":{"@id":"https:\/\/shop.bantam.ch\/fr\/produit\/isolation-exterieure-pour-toit-ouvrant-adapte-a-vw-t5-t6-t6-1\/#primaryimage"},"image":{"@id":"https:\/\/shop.bantam.ch\/fr\/produit\/isolation-exterieure-pour-toit-ouvrant-adapte-a-vw-t5-t6-t6-1\/#primaryimage"},"thumbnailUrl":"https:\/\/shop.bantam.ch\/wp-content\/uploads\/2026\/02\/Movera-L-9949626100.jpg","datePublished":"2026-02-24T13:32:52+00:00","dateModified":"2026-04-18T22:00:12+00:00","breadcrumb":{"@id":"https:\/\/shop.bantam.ch\/fr\/produit\/isolation-exterieure-pour-toit-ouvrant-adapte-a-vw-t5-t6-t6-1\/#breadcrumb"},"inLanguage":"fr-FR","potentialAction":[{"@type":"ReadAction","target":["https:\/\/shop.bantam.ch\/fr\/produit\/isolation-exterieure-pour-toit-ouvrant-adapte-a-vw-t5-t6-t6-1\/"]}]},{"@type":"ImageObject","inLanguage":"fr-FR","@id":"https:\/\/shop.bantam.ch\/fr\/produit\/isolation-exterieure-pour-toit-ouvrant-adapte-a-vw-t5-t6-t6-1\/#primaryimage","url":"https:\/\/shop.bantam.ch\/wp-content\/uploads\/2026\/02\/Movera-L-9949626100.jpg","contentUrl":"https:\/\/shop.bantam.ch\/wp-content\/uploads\/2026\/02\/Movera-L-9949626100.jpg","width":640,"height":445},{"@type":"BreadcrumbList","@id":"https:\/\/shop.bantam.ch\/fr\/produit\/isolation-exterieure-pour-toit-ouvrant-adapte-a-vw-t5-t6-t6-1\/#breadcrumb","itemListElement":[{"@type":"ListItem","position":1,"name":"Accueil","item":"https:\/\/shop.bantam.ch\/fr\/"},{"@type":"ListItem","position":2,"name":"Boutique","item":"https:\/\/shop.bantam.ch\/fr\/boutique\/"},{"@type":"ListItem","position":3,"name":"Isolation ext\u00e9rieure pour toit ouvrant adapt\u00e9 \u00e0 VW T5\/T6\/T6.1"}]},{"@type":"WebSite","@id":"https:\/\/shop.bantam.ch\/fr\/#website","url":"https:\/\/shop.bantam.ch\/fr\/","name":"Bantam Wankm\u00fcller SA","description":"","publisher":{"@id":"https:\/\/shop.bantam.ch\/fr\/#organization"},"inLanguage":"fr-FR"},{"@type":"Organization","@id":"https:\/\/shop.bantam.ch\/fr\/#organization","name":"Bantam Wankm\u00fcller SA","url":"https:\/\/shop.bantam.ch\/fr\/","logo":{"@type":"ImageObject","inLanguage":"fr-FR","@id":"https:\/\/shop.bantam.ch\/fr\/#\/schema\/logo\/image\/","url":"https:\/\/shop.bantam.ch\/wp-content\/uploads\/2022\/12\/bantam-logo.png","contentUrl":"https:\/\/shop.bantam.ch\/wp-content\/uploads\/2022\/12\/bantam-logo.png","width":320,"height":71,"caption":"Bantam Wankm\u00fcller SA"},"image":{"@id":"https:\/\/shop.bantam.ch\/fr\/#\/schema\/logo\/image\/"}}]}},"_links":{"self":[{"href":"https:\/\/shop.bantam.ch\/fr\/wp-json\/wp\/v2\/product\/234012","targetHints":{"allow":["GET"]}}],"collection":[{"href":"https:\/\/shop.bantam.ch\/fr\/wp-json\/wp\/v2\/product"}],"about":[{"href":"https:\/\/shop.bantam.ch\/fr\/wp-json\/wp\/v2\/types\/product"}],"wp:featuredmedia":[{"embeddable":true,"href":"https:\/\/shop.bantam.ch\/fr\/wp-json\/wp\/v2\/media\/234002"}],"wp:attachment":[{"href":"https:\/\/shop.bantam.ch\/fr\/wp-json\/wp\/v2\/media?parent=234012"}],"wp:term":[{"taxonomy":"product_featured_cat","embeddable":true,"href":"https:\/\/shop.bantam.ch\/fr\/wp-json\/wp\/v2\/product_featured_cat?post=234012"},{"taxonomy":"product_brand","embeddable":true,"href":"https:\/\/shop.bantam.ch\/fr\/wp-json\/wp\/v2\/product_brand?post=234012"},{"taxonomy":"product_cat","embeddable":true,"href":"https:\/\/shop.bantam.ch\/fr\/wp-json\/wp\/v2\/product_cat?post=234012"},{"taxonomy":"product_tag","embeddable":true,"href":"https:\/\/shop.bantam.ch\/fr\/wp-json\/wp\/v2\/product_tag?post=234012"}],"curies":[{"name":"wp","href":"https:\/\/api.w.org\/{rel}","templated":true}]}}