{"id":233859,"date":"2026-02-05T16:44:17","date_gmt":"2026-02-05T15:44:17","guid":{"rendered":"https:\/\/shop.bantam.ch\/produit\/carte-routiere-hallwag-des-pays-alpins-au-1-750-000-1-750-000\/"},"modified":"2026-04-17T23:56:26","modified_gmt":"2026-04-17T21:56:26","slug":"carte-routiere-hallwag-des-pays-alpins-au-1-750-000-1-750-000","status":"publish","type":"product","link":"https:\/\/shop.bantam.ch\/fr\/produit\/carte-routiere-hallwag-des-pays-alpins-au-1-750-000-1-750-000\/","title":{"rendered":"Carte routi\u00e8re Hallwag des pays alpins au 1\/750 000. 1\/750 000"},"content":{"rendered":"<p>Carte panoramique du Valais \u2013 Hallwag. La carte panoramique Hallwag pr\u00e9sente le Valais dans toute sa beaut\u00e9 et son caract\u00e8re typique. Gr\u00e2ce \u00e0 une repr\u00e9sentation 3D, montagnes, vall\u00e9es, for\u00eats et lacs sont mis en valeur pour un rendu r\u00e9aliste et spectaculaire. Couverture de l\u2019ensemble de la r\u00e9gion : Lac Majeur, Simplon, Brigue, Matterhorn, Zermatt, Sion, Monthey, Lac L\u00e9man, et autres points d\u2019int\u00e9r\u00eat. Informations sur sites touristiques, points de vue, t\u00e9l\u00e9ph\u00e9riques et activit\u00e9s de loisirs. Papier agr\u00e9able et couverture solide, id\u00e9al comme poster mural ou outil pour explorer la r\u00e9gion. Langues disponibles : allemand, anglais, fran\u00e7ais, italien<\/p>\n","protected":false},"excerpt":{"rendered":"<p>Carte panoramique du Valais \u2013 Hallwag. La carte panoramique Hallwag pr\u00e9sente le Valais dans toute sa beaut\u00e9 et son caract\u00e8re typique. Gr\u00e2ce \u00e0 une repr\u00e9sentation 3D, montagnes, vall\u00e9es, for\u00eats et lacs sont mis en valeur pour un rendu r\u00e9aliste et spectaculaire. Couverture de l\u2019ensemble de la r\u00e9gion : Lac Majeur, Simplon, Brigue, Matterhorn, Zermatt, Sion, [&hellip;]<\/p>\n","protected":false},"featured_media":233857,"template":"","meta":{"_acf_changed":false},"product_featured_cat":[],"product_brand":[3690],"product_cat":[4351],"product_tag":[],"class_list":{"0":"post-233859","1":"product","2":"type-product","3":"status-publish","4":"has-post-thumbnail","6":"product_brand-hallwag","7":"product_cat-guides-de-voyage","9":"first","10":"instock","11":"taxable","12":"shipping-taxable","13":"purchasable","14":"product-type-simple"},"acf":[],"yoast_head":"<!-- This site is optimized with the Yoast SEO plugin v27.4 - https:\/\/yoast.com\/product\/yoast-seo-wordpress\/ -->\n<title>Carte routi\u00e8re Hallwag des pays alpins au 1\/750 000. 1\/750 000 - Bantam Wankm\u00fcller SA<\/title>\n<meta name=\"robots\" content=\"index, follow, max-snippet:-1, max-image-preview:large, max-video-preview:-1\" \/>\n<link rel=\"canonical\" href=\"https:\/\/shop.bantam.ch\/fr\/produit\/carte-routiere-hallwag-des-pays-alpins-au-1-750-000-1-750-000\/\" \/>\n<meta property=\"og:locale\" content=\"fr_FR\" \/>\n<meta property=\"og:type\" content=\"article\" \/>\n<meta property=\"og:title\" content=\"Carte routi\u00e8re Hallwag des pays alpins au 1\/750 000. 1\/750 000 - Bantam Wankm\u00fcller SA\" \/>\n<meta property=\"og:description\" content=\"Carte panoramique du Valais \u2013 Hallwag. La carte panoramique Hallwag pr\u00e9sente le Valais dans toute sa beaut\u00e9 et son caract\u00e8re typique. Gr\u00e2ce \u00e0 une repr\u00e9sentation 3D, montagnes, vall\u00e9es, for\u00eats et lacs sont mis en valeur pour un rendu r\u00e9aliste et spectaculaire. Couverture de l\u2019ensemble de la r\u00e9gion : Lac Majeur, Simplon, Brigue, Matterhorn, Zermatt, Sion, [&hellip;]\" \/>\n<meta property=\"og:url\" content=\"https:\/\/shop.bantam.ch\/fr\/produit\/carte-routiere-hallwag-des-pays-alpins-au-1-750-000-1-750-000\/\" \/>\n<meta property=\"og:site_name\" content=\"Bantam Wankm\u00fcller SA\" \/>\n<meta property=\"article:modified_time\" content=\"2026-04-17T21:56:26+00:00\" \/>\n<meta property=\"og:image\" content=\"https:\/\/shop.bantam.ch\/wp-content\/uploads\/2026\/02\/Hallwag-Panoramakarte-Wallis-Panoramakarte.jpg\" \/>\n\t<meta property=\"og:image:width\" content=\"93\" \/>\n\t<meta property=\"og:image:height\" content=\"180\" \/>\n\t<meta property=\"og:image:type\" content=\"image\/jpeg\" \/>\n<meta name=\"twitter:card\" content=\"summary_large_image\" \/>\n<meta name=\"twitter:label1\" content=\"Dur\u00e9e de lecture estim\u00e9e\" \/>\n\t<meta name=\"twitter:data1\" content=\"1 minute\" \/>\n<script type=\"application\/ld+json\" class=\"yoast-schema-graph\">{\"@context\":\"https:\\\/\\\/schema.org\",\"@graph\":[{\"@type\":\"WebPage\",\"@id\":\"https:\\\/\\\/shop.bantam.ch\\\/fr\\\/produit\\\/carte-routiere-hallwag-des-pays-alpins-au-1-750-000-1-750-000\\\/\",\"url\":\"https:\\\/\\\/shop.bantam.ch\\\/fr\\\/produit\\\/carte-routiere-hallwag-des-pays-alpins-au-1-750-000-1-750-000\\\/\",\"name\":\"Carte routi\u00e8re Hallwag des pays alpins au 1\\\/750 000. 1\\\/750 000 - Bantam Wankm\u00fcller SA\",\"isPartOf\":{\"@id\":\"https:\\\/\\\/shop.bantam.ch\\\/fr\\\/#website\"},\"primaryImageOfPage\":{\"@id\":\"https:\\\/\\\/shop.bantam.ch\\\/fr\\\/produit\\\/carte-routiere-hallwag-des-pays-alpins-au-1-750-000-1-750-000\\\/#primaryimage\"},\"image\":{\"@id\":\"https:\\\/\\\/shop.bantam.ch\\\/fr\\\/produit\\\/carte-routiere-hallwag-des-pays-alpins-au-1-750-000-1-750-000\\\/#primaryimage\"},\"thumbnailUrl\":\"https:\\\/\\\/shop.bantam.ch\\\/wp-content\\\/uploads\\\/2026\\\/02\\\/Hallwag-Panoramakarte-Wallis-Panoramakarte.jpg\",\"datePublished\":\"2026-02-05T15:44:17+00:00\",\"dateModified\":\"2026-04-17T21:56:26+00:00\",\"breadcrumb\":{\"@id\":\"https:\\\/\\\/shop.bantam.ch\\\/fr\\\/produit\\\/carte-routiere-hallwag-des-pays-alpins-au-1-750-000-1-750-000\\\/#breadcrumb\"},\"inLanguage\":\"fr-FR\",\"potentialAction\":[{\"@type\":\"ReadAction\",\"target\":[\"https:\\\/\\\/shop.bantam.ch\\\/fr\\\/produit\\\/carte-routiere-hallwag-des-pays-alpins-au-1-750-000-1-750-000\\\/\"]}]},{\"@type\":\"ImageObject\",\"inLanguage\":\"fr-FR\",\"@id\":\"https:\\\/\\\/shop.bantam.ch\\\/fr\\\/produit\\\/carte-routiere-hallwag-des-pays-alpins-au-1-750-000-1-750-000\\\/#primaryimage\",\"url\":\"https:\\\/\\\/shop.bantam.ch\\\/wp-content\\\/uploads\\\/2026\\\/02\\\/Hallwag-Panoramakarte-Wallis-Panoramakarte.jpg\",\"contentUrl\":\"https:\\\/\\\/shop.bantam.ch\\\/wp-content\\\/uploads\\\/2026\\\/02\\\/Hallwag-Panoramakarte-Wallis-Panoramakarte.jpg\",\"width\":93,\"height\":180},{\"@type\":\"BreadcrumbList\",\"@id\":\"https:\\\/\\\/shop.bantam.ch\\\/fr\\\/produit\\\/carte-routiere-hallwag-des-pays-alpins-au-1-750-000-1-750-000\\\/#breadcrumb\",\"itemListElement\":[{\"@type\":\"ListItem\",\"position\":1,\"name\":\"Accueil\",\"item\":\"https:\\\/\\\/shop.bantam.ch\\\/fr\\\/\"},{\"@type\":\"ListItem\",\"position\":2,\"name\":\"Boutique\",\"item\":\"https:\\\/\\\/shop.bantam.ch\\\/fr\\\/boutique\\\/\"},{\"@type\":\"ListItem\",\"position\":3,\"name\":\"Carte routi\u00e8re Hallwag des pays alpins au 1\\\/750 000. 1\\\/750 000\"}]},{\"@type\":\"WebSite\",\"@id\":\"https:\\\/\\\/shop.bantam.ch\\\/fr\\\/#website\",\"url\":\"https:\\\/\\\/shop.bantam.ch\\\/fr\\\/\",\"name\":\"Bantam Wankm\u00fcller SA\",\"description\":\"\",\"publisher\":{\"@id\":\"https:\\\/\\\/shop.bantam.ch\\\/fr\\\/#organization\"},\"inLanguage\":\"fr-FR\"},{\"@type\":\"Organization\",\"@id\":\"https:\\\/\\\/shop.bantam.ch\\\/fr\\\/#organization\",\"name\":\"Bantam Wankm\u00fcller SA\",\"url\":\"https:\\\/\\\/shop.bantam.ch\\\/fr\\\/\",\"logo\":{\"@type\":\"ImageObject\",\"inLanguage\":\"fr-FR\",\"@id\":\"https:\\\/\\\/shop.bantam.ch\\\/fr\\\/#\\\/schema\\\/logo\\\/image\\\/\",\"url\":\"https:\\\/\\\/shop.bantam.ch\\\/wp-content\\\/uploads\\\/2022\\\/12\\\/bantam-logo.png\",\"contentUrl\":\"https:\\\/\\\/shop.bantam.ch\\\/wp-content\\\/uploads\\\/2022\\\/12\\\/bantam-logo.png\",\"width\":320,\"height\":71,\"caption\":\"Bantam Wankm\u00fcller SA\"},\"image\":{\"@id\":\"https:\\\/\\\/shop.bantam.ch\\\/fr\\\/#\\\/schema\\\/logo\\\/image\\\/\"}}]}<\/script>\n<!-- \/ Yoast SEO plugin. -->","yoast_head_json":{"title":"Carte routi\u00e8re Hallwag des pays alpins au 1\/750 000. 1\/750 000 - Bantam Wankm\u00fcller SA","robots":{"index":"index","follow":"follow","max-snippet":"max-snippet:-1","max-image-preview":"max-image-preview:large","max-video-preview":"max-video-preview:-1"},"canonical":"https:\/\/shop.bantam.ch\/fr\/produit\/carte-routiere-hallwag-des-pays-alpins-au-1-750-000-1-750-000\/","og_locale":"fr_FR","og_type":"article","og_title":"Carte routi\u00e8re Hallwag des pays alpins au 1\/750 000. 1\/750 000 - Bantam Wankm\u00fcller SA","og_description":"Carte panoramique du Valais \u2013 Hallwag. La carte panoramique Hallwag pr\u00e9sente le Valais dans toute sa beaut\u00e9 et son caract\u00e8re typique. Gr\u00e2ce \u00e0 une repr\u00e9sentation 3D, montagnes, vall\u00e9es, for\u00eats et lacs sont mis en valeur pour un rendu r\u00e9aliste et spectaculaire. Couverture de l\u2019ensemble de la r\u00e9gion : Lac Majeur, Simplon, Brigue, Matterhorn, Zermatt, Sion, [&hellip;]","og_url":"https:\/\/shop.bantam.ch\/fr\/produit\/carte-routiere-hallwag-des-pays-alpins-au-1-750-000-1-750-000\/","og_site_name":"Bantam Wankm\u00fcller SA","article_modified_time":"2026-04-17T21:56:26+00:00","og_image":[{"width":93,"height":180,"url":"https:\/\/shop.bantam.ch\/wp-content\/uploads\/2026\/02\/Hallwag-Panoramakarte-Wallis-Panoramakarte.jpg","type":"image\/jpeg"}],"twitter_card":"summary_large_image","twitter_misc":{"Dur\u00e9e de lecture estim\u00e9e":"1 minute"},"schema":{"@context":"https:\/\/schema.org","@graph":[{"@type":"WebPage","@id":"https:\/\/shop.bantam.ch\/fr\/produit\/carte-routiere-hallwag-des-pays-alpins-au-1-750-000-1-750-000\/","url":"https:\/\/shop.bantam.ch\/fr\/produit\/carte-routiere-hallwag-des-pays-alpins-au-1-750-000-1-750-000\/","name":"Carte routi\u00e8re Hallwag des pays alpins au 1\/750 000. 1\/750 000 - Bantam Wankm\u00fcller SA","isPartOf":{"@id":"https:\/\/shop.bantam.ch\/fr\/#website"},"primaryImageOfPage":{"@id":"https:\/\/shop.bantam.ch\/fr\/produit\/carte-routiere-hallwag-des-pays-alpins-au-1-750-000-1-750-000\/#primaryimage"},"image":{"@id":"https:\/\/shop.bantam.ch\/fr\/produit\/carte-routiere-hallwag-des-pays-alpins-au-1-750-000-1-750-000\/#primaryimage"},"thumbnailUrl":"https:\/\/shop.bantam.ch\/wp-content\/uploads\/2026\/02\/Hallwag-Panoramakarte-Wallis-Panoramakarte.jpg","datePublished":"2026-02-05T15:44:17+00:00","dateModified":"2026-04-17T21:56:26+00:00","breadcrumb":{"@id":"https:\/\/shop.bantam.ch\/fr\/produit\/carte-routiere-hallwag-des-pays-alpins-au-1-750-000-1-750-000\/#breadcrumb"},"inLanguage":"fr-FR","potentialAction":[{"@type":"ReadAction","target":["https:\/\/shop.bantam.ch\/fr\/produit\/carte-routiere-hallwag-des-pays-alpins-au-1-750-000-1-750-000\/"]}]},{"@type":"ImageObject","inLanguage":"fr-FR","@id":"https:\/\/shop.bantam.ch\/fr\/produit\/carte-routiere-hallwag-des-pays-alpins-au-1-750-000-1-750-000\/#primaryimage","url":"https:\/\/shop.bantam.ch\/wp-content\/uploads\/2026\/02\/Hallwag-Panoramakarte-Wallis-Panoramakarte.jpg","contentUrl":"https:\/\/shop.bantam.ch\/wp-content\/uploads\/2026\/02\/Hallwag-Panoramakarte-Wallis-Panoramakarte.jpg","width":93,"height":180},{"@type":"BreadcrumbList","@id":"https:\/\/shop.bantam.ch\/fr\/produit\/carte-routiere-hallwag-des-pays-alpins-au-1-750-000-1-750-000\/#breadcrumb","itemListElement":[{"@type":"ListItem","position":1,"name":"Accueil","item":"https:\/\/shop.bantam.ch\/fr\/"},{"@type":"ListItem","position":2,"name":"Boutique","item":"https:\/\/shop.bantam.ch\/fr\/boutique\/"},{"@type":"ListItem","position":3,"name":"Carte routi\u00e8re Hallwag des pays alpins au 1\/750 000. 1\/750 000"}]},{"@type":"WebSite","@id":"https:\/\/shop.bantam.ch\/fr\/#website","url":"https:\/\/shop.bantam.ch\/fr\/","name":"Bantam Wankm\u00fcller SA","description":"","publisher":{"@id":"https:\/\/shop.bantam.ch\/fr\/#organization"},"inLanguage":"fr-FR"},{"@type":"Organization","@id":"https:\/\/shop.bantam.ch\/fr\/#organization","name":"Bantam Wankm\u00fcller SA","url":"https:\/\/shop.bantam.ch\/fr\/","logo":{"@type":"ImageObject","inLanguage":"fr-FR","@id":"https:\/\/shop.bantam.ch\/fr\/#\/schema\/logo\/image\/","url":"https:\/\/shop.bantam.ch\/wp-content\/uploads\/2022\/12\/bantam-logo.png","contentUrl":"https:\/\/shop.bantam.ch\/wp-content\/uploads\/2022\/12\/bantam-logo.png","width":320,"height":71,"caption":"Bantam Wankm\u00fcller SA"},"image":{"@id":"https:\/\/shop.bantam.ch\/fr\/#\/schema\/logo\/image\/"}}]}},"_links":{"self":[{"href":"https:\/\/shop.bantam.ch\/fr\/wp-json\/wp\/v2\/product\/233859","targetHints":{"allow":["GET"]}}],"collection":[{"href":"https:\/\/shop.bantam.ch\/fr\/wp-json\/wp\/v2\/product"}],"about":[{"href":"https:\/\/shop.bantam.ch\/fr\/wp-json\/wp\/v2\/types\/product"}],"wp:featuredmedia":[{"embeddable":true,"href":"https:\/\/shop.bantam.ch\/fr\/wp-json\/wp\/v2\/media\/233857"}],"wp:attachment":[{"href":"https:\/\/shop.bantam.ch\/fr\/wp-json\/wp\/v2\/media?parent=233859"}],"wp:term":[{"taxonomy":"product_featured_cat","embeddable":true,"href":"https:\/\/shop.bantam.ch\/fr\/wp-json\/wp\/v2\/product_featured_cat?post=233859"},{"taxonomy":"product_brand","embeddable":true,"href":"https:\/\/shop.bantam.ch\/fr\/wp-json\/wp\/v2\/product_brand?post=233859"},{"taxonomy":"product_cat","embeddable":true,"href":"https:\/\/shop.bantam.ch\/fr\/wp-json\/wp\/v2\/product_cat?post=233859"},{"taxonomy":"product_tag","embeddable":true,"href":"https:\/\/shop.bantam.ch\/fr\/wp-json\/wp\/v2\/product_tag?post=233859"}],"curies":[{"name":"wp","href":"https:\/\/api.w.org\/{rel}","templated":true}]}}