{"id":233847,"date":"2026-02-05T16:34:03","date_gmt":"2026-02-05T15:34:03","guid":{"rendered":"https:\/\/shop.bantam.ch\/produit\/carte-de-randonnee-kummerlyfrey-n-13-zermatt-150-000-150-000\/"},"modified":"2026-04-17T23:56:20","modified_gmt":"2026-04-17T21:56:20","slug":"carte-de-randonnee-kummerlyfrey-n-13-zermatt-150-000-150-000","status":"publish","type":"product","link":"https:\/\/shop.bantam.ch\/fr\/produit\/carte-de-randonnee-kummerlyfrey-n-13-zermatt-150-000-150-000\/","title":{"rendered":"Carte de randonn\u00e9e K\u00fcmmerly+Frey n\u00b0 13 Zermatt 1:50 000. 1:50 000"},"content":{"rendered":"<p>Carte de randonn\u00e9e Zermatt \u2013 K\u00fcmmerly+Frey. La carte K\u00fcmmerly+Frey Zermatt \u00e0 l\u2019\u00e9chelle 1:50 000 rassemble les plus beaux itin\u00e9raires de randonn\u00e9e de la r\u00e9gion, de Susten \u00e0 Zermatt, en passant par Visp, Saas-Fee, Breithorn, Monte Rosa, et bien d\u2019autres. Sentiers clairement indiqu\u00e9s et lisibles, avec cartographie pr\u00e9cise et repr\u00e9sentation du terrain. Suggestions de parcours pour trouver facilement votre aventure. Informations topographiques d\u00e9taill\u00e9es : courbes de niveau, altitudes des sommets, cols et grands lacs. Donn\u00e9es pratiques issues d\u2019Outdooractive : profils d\u2019altitude, dur\u00e9e des randonn\u00e9es, restaurants, arr\u00eats de bus et autres services. Papier robuste, r\u00e9sistant \u00e0 l\u2019eau et d\u00e9chirures, id\u00e9al pour toutes conditions. En cas de panne de GPS ou de batterie, la carte indique sentiers, points de vue, gares, restaurants, campings et parkings<\/p>\n","protected":false},"excerpt":{"rendered":"<p>Carte de randonn\u00e9e Zermatt \u2013 K\u00fcmmerly+Frey. La carte K\u00fcmmerly+Frey Zermatt \u00e0 l\u2019\u00e9chelle 1:50 000 rassemble les plus beaux itin\u00e9raires de randonn\u00e9e de la r\u00e9gion, de Susten \u00e0 Zermatt, en passant par Visp, Saas-Fee, Breithorn, Monte Rosa, et bien d\u2019autres. Sentiers clairement indiqu\u00e9s et lisibles, avec cartographie pr\u00e9cise et repr\u00e9sentation du terrain. Suggestions de parcours pour [&hellip;]<\/p>\n","protected":false},"featured_media":233845,"template":"","meta":{"_acf_changed":false},"product_featured_cat":[],"product_brand":[3692],"product_cat":[4351],"product_tag":[],"class_list":{"0":"post-233847","1":"product","2":"type-product","3":"status-publish","4":"has-post-thumbnail","6":"product_brand-kummerly-frey","7":"product_cat-guides-de-voyage","9":"first","10":"instock","11":"taxable","12":"shipping-taxable","13":"purchasable","14":"product-type-simple"},"acf":[],"yoast_head":"<!-- This site is optimized with the Yoast SEO plugin v27.4 - https:\/\/yoast.com\/product\/yoast-seo-wordpress\/ -->\n<title>Carte de randonn\u00e9e K\u00fcmmerly+Frey n\u00b0 13 Zermatt 1:50 000. 1:50 000 - Bantam Wankm\u00fcller SA<\/title>\n<meta name=\"robots\" content=\"index, follow, max-snippet:-1, max-image-preview:large, max-video-preview:-1\" \/>\n<link rel=\"canonical\" href=\"https:\/\/shop.bantam.ch\/fr\/produit\/carte-de-randonnee-kummerlyfrey-n-13-zermatt-150-000-150-000\/\" \/>\n<meta property=\"og:locale\" content=\"fr_FR\" \/>\n<meta property=\"og:type\" content=\"article\" \/>\n<meta property=\"og:title\" content=\"Carte de randonn\u00e9e K\u00fcmmerly+Frey n\u00b0 13 Zermatt 1:50 000. 1:50 000 - Bantam Wankm\u00fcller SA\" \/>\n<meta property=\"og:description\" content=\"Carte de randonn\u00e9e Zermatt \u2013 K\u00fcmmerly+Frey. La carte K\u00fcmmerly+Frey Zermatt \u00e0 l\u2019\u00e9chelle 1:50 000 rassemble les plus beaux itin\u00e9raires de randonn\u00e9e de la r\u00e9gion, de Susten \u00e0 Zermatt, en passant par Visp, Saas-Fee, Breithorn, Monte Rosa, et bien d\u2019autres. Sentiers clairement indiqu\u00e9s et lisibles, avec cartographie pr\u00e9cise et repr\u00e9sentation du terrain. Suggestions de parcours pour [&hellip;]\" \/>\n<meta property=\"og:url\" content=\"https:\/\/shop.bantam.ch\/fr\/produit\/carte-de-randonnee-kummerlyfrey-n-13-zermatt-150-000-150-000\/\" \/>\n<meta property=\"og:site_name\" content=\"Bantam Wankm\u00fcller SA\" \/>\n<meta property=\"article:modified_time\" content=\"2026-04-17T21:56:20+00:00\" \/>\n<meta property=\"og:image\" content=\"https:\/\/shop.bantam.ch\/wp-content\/uploads\/2026\/02\/KummerlyFrey-Wandertourenkarte-13-Zermatt.jpg\" \/>\n\t<meta property=\"og:image:width\" content=\"96\" \/>\n\t<meta property=\"og:image:height\" content=\"180\" \/>\n\t<meta property=\"og:image:type\" content=\"image\/jpeg\" \/>\n<meta name=\"twitter:card\" content=\"summary_large_image\" \/>\n<meta name=\"twitter:label1\" content=\"Dur\u00e9e de lecture estim\u00e9e\" \/>\n\t<meta name=\"twitter:data1\" content=\"1 minute\" \/>\n<script type=\"application\/ld+json\" class=\"yoast-schema-graph\">{\"@context\":\"https:\\\/\\\/schema.org\",\"@graph\":[{\"@type\":\"WebPage\",\"@id\":\"https:\\\/\\\/shop.bantam.ch\\\/fr\\\/produit\\\/carte-de-randonnee-kummerlyfrey-n-13-zermatt-150-000-150-000\\\/\",\"url\":\"https:\\\/\\\/shop.bantam.ch\\\/fr\\\/produit\\\/carte-de-randonnee-kummerlyfrey-n-13-zermatt-150-000-150-000\\\/\",\"name\":\"Carte de randonn\u00e9e K\u00fcmmerly+Frey n\u00b0 13 Zermatt 1:50 000. 1:50 000 - Bantam Wankm\u00fcller SA\",\"isPartOf\":{\"@id\":\"https:\\\/\\\/shop.bantam.ch\\\/fr\\\/#website\"},\"primaryImageOfPage\":{\"@id\":\"https:\\\/\\\/shop.bantam.ch\\\/fr\\\/produit\\\/carte-de-randonnee-kummerlyfrey-n-13-zermatt-150-000-150-000\\\/#primaryimage\"},\"image\":{\"@id\":\"https:\\\/\\\/shop.bantam.ch\\\/fr\\\/produit\\\/carte-de-randonnee-kummerlyfrey-n-13-zermatt-150-000-150-000\\\/#primaryimage\"},\"thumbnailUrl\":\"https:\\\/\\\/shop.bantam.ch\\\/wp-content\\\/uploads\\\/2026\\\/02\\\/KummerlyFrey-Wandertourenkarte-13-Zermatt.jpg\",\"datePublished\":\"2026-02-05T15:34:03+00:00\",\"dateModified\":\"2026-04-17T21:56:20+00:00\",\"breadcrumb\":{\"@id\":\"https:\\\/\\\/shop.bantam.ch\\\/fr\\\/produit\\\/carte-de-randonnee-kummerlyfrey-n-13-zermatt-150-000-150-000\\\/#breadcrumb\"},\"inLanguage\":\"fr-FR\",\"potentialAction\":[{\"@type\":\"ReadAction\",\"target\":[\"https:\\\/\\\/shop.bantam.ch\\\/fr\\\/produit\\\/carte-de-randonnee-kummerlyfrey-n-13-zermatt-150-000-150-000\\\/\"]}]},{\"@type\":\"ImageObject\",\"inLanguage\":\"fr-FR\",\"@id\":\"https:\\\/\\\/shop.bantam.ch\\\/fr\\\/produit\\\/carte-de-randonnee-kummerlyfrey-n-13-zermatt-150-000-150-000\\\/#primaryimage\",\"url\":\"https:\\\/\\\/shop.bantam.ch\\\/wp-content\\\/uploads\\\/2026\\\/02\\\/KummerlyFrey-Wandertourenkarte-13-Zermatt.jpg\",\"contentUrl\":\"https:\\\/\\\/shop.bantam.ch\\\/wp-content\\\/uploads\\\/2026\\\/02\\\/KummerlyFrey-Wandertourenkarte-13-Zermatt.jpg\",\"width\":96,\"height\":180},{\"@type\":\"BreadcrumbList\",\"@id\":\"https:\\\/\\\/shop.bantam.ch\\\/fr\\\/produit\\\/carte-de-randonnee-kummerlyfrey-n-13-zermatt-150-000-150-000\\\/#breadcrumb\",\"itemListElement\":[{\"@type\":\"ListItem\",\"position\":1,\"name\":\"Accueil\",\"item\":\"https:\\\/\\\/shop.bantam.ch\\\/fr\\\/\"},{\"@type\":\"ListItem\",\"position\":2,\"name\":\"Boutique\",\"item\":\"https:\\\/\\\/shop.bantam.ch\\\/fr\\\/boutique\\\/\"},{\"@type\":\"ListItem\",\"position\":3,\"name\":\"Carte de randonn\u00e9e K\u00fcmmerly+Frey n\u00b0 13 Zermatt 1:50 000. 1:50 000\"}]},{\"@type\":\"WebSite\",\"@id\":\"https:\\\/\\\/shop.bantam.ch\\\/fr\\\/#website\",\"url\":\"https:\\\/\\\/shop.bantam.ch\\\/fr\\\/\",\"name\":\"Bantam Wankm\u00fcller SA\",\"description\":\"\",\"publisher\":{\"@id\":\"https:\\\/\\\/shop.bantam.ch\\\/fr\\\/#organization\"},\"inLanguage\":\"fr-FR\"},{\"@type\":\"Organization\",\"@id\":\"https:\\\/\\\/shop.bantam.ch\\\/fr\\\/#organization\",\"name\":\"Bantam Wankm\u00fcller SA\",\"url\":\"https:\\\/\\\/shop.bantam.ch\\\/fr\\\/\",\"logo\":{\"@type\":\"ImageObject\",\"inLanguage\":\"fr-FR\",\"@id\":\"https:\\\/\\\/shop.bantam.ch\\\/fr\\\/#\\\/schema\\\/logo\\\/image\\\/\",\"url\":\"https:\\\/\\\/shop.bantam.ch\\\/wp-content\\\/uploads\\\/2022\\\/12\\\/bantam-logo.png\",\"contentUrl\":\"https:\\\/\\\/shop.bantam.ch\\\/wp-content\\\/uploads\\\/2022\\\/12\\\/bantam-logo.png\",\"width\":320,\"height\":71,\"caption\":\"Bantam Wankm\u00fcller SA\"},\"image\":{\"@id\":\"https:\\\/\\\/shop.bantam.ch\\\/fr\\\/#\\\/schema\\\/logo\\\/image\\\/\"}}]}<\/script>\n<!-- \/ Yoast SEO plugin. -->","yoast_head_json":{"title":"Carte de randonn\u00e9e K\u00fcmmerly+Frey n\u00b0 13 Zermatt 1:50 000. 1:50 000 - Bantam Wankm\u00fcller SA","robots":{"index":"index","follow":"follow","max-snippet":"max-snippet:-1","max-image-preview":"max-image-preview:large","max-video-preview":"max-video-preview:-1"},"canonical":"https:\/\/shop.bantam.ch\/fr\/produit\/carte-de-randonnee-kummerlyfrey-n-13-zermatt-150-000-150-000\/","og_locale":"fr_FR","og_type":"article","og_title":"Carte de randonn\u00e9e K\u00fcmmerly+Frey n\u00b0 13 Zermatt 1:50 000. 1:50 000 - Bantam Wankm\u00fcller SA","og_description":"Carte de randonn\u00e9e Zermatt \u2013 K\u00fcmmerly+Frey. La carte K\u00fcmmerly+Frey Zermatt \u00e0 l\u2019\u00e9chelle 1:50 000 rassemble les plus beaux itin\u00e9raires de randonn\u00e9e de la r\u00e9gion, de Susten \u00e0 Zermatt, en passant par Visp, Saas-Fee, Breithorn, Monte Rosa, et bien d\u2019autres. Sentiers clairement indiqu\u00e9s et lisibles, avec cartographie pr\u00e9cise et repr\u00e9sentation du terrain. Suggestions de parcours pour [&hellip;]","og_url":"https:\/\/shop.bantam.ch\/fr\/produit\/carte-de-randonnee-kummerlyfrey-n-13-zermatt-150-000-150-000\/","og_site_name":"Bantam Wankm\u00fcller SA","article_modified_time":"2026-04-17T21:56:20+00:00","og_image":[{"width":96,"height":180,"url":"https:\/\/shop.bantam.ch\/wp-content\/uploads\/2026\/02\/KummerlyFrey-Wandertourenkarte-13-Zermatt.jpg","type":"image\/jpeg"}],"twitter_card":"summary_large_image","twitter_misc":{"Dur\u00e9e de lecture estim\u00e9e":"1 minute"},"schema":{"@context":"https:\/\/schema.org","@graph":[{"@type":"WebPage","@id":"https:\/\/shop.bantam.ch\/fr\/produit\/carte-de-randonnee-kummerlyfrey-n-13-zermatt-150-000-150-000\/","url":"https:\/\/shop.bantam.ch\/fr\/produit\/carte-de-randonnee-kummerlyfrey-n-13-zermatt-150-000-150-000\/","name":"Carte de randonn\u00e9e K\u00fcmmerly+Frey n\u00b0 13 Zermatt 1:50 000. 1:50 000 - Bantam Wankm\u00fcller SA","isPartOf":{"@id":"https:\/\/shop.bantam.ch\/fr\/#website"},"primaryImageOfPage":{"@id":"https:\/\/shop.bantam.ch\/fr\/produit\/carte-de-randonnee-kummerlyfrey-n-13-zermatt-150-000-150-000\/#primaryimage"},"image":{"@id":"https:\/\/shop.bantam.ch\/fr\/produit\/carte-de-randonnee-kummerlyfrey-n-13-zermatt-150-000-150-000\/#primaryimage"},"thumbnailUrl":"https:\/\/shop.bantam.ch\/wp-content\/uploads\/2026\/02\/KummerlyFrey-Wandertourenkarte-13-Zermatt.jpg","datePublished":"2026-02-05T15:34:03+00:00","dateModified":"2026-04-17T21:56:20+00:00","breadcrumb":{"@id":"https:\/\/shop.bantam.ch\/fr\/produit\/carte-de-randonnee-kummerlyfrey-n-13-zermatt-150-000-150-000\/#breadcrumb"},"inLanguage":"fr-FR","potentialAction":[{"@type":"ReadAction","target":["https:\/\/shop.bantam.ch\/fr\/produit\/carte-de-randonnee-kummerlyfrey-n-13-zermatt-150-000-150-000\/"]}]},{"@type":"ImageObject","inLanguage":"fr-FR","@id":"https:\/\/shop.bantam.ch\/fr\/produit\/carte-de-randonnee-kummerlyfrey-n-13-zermatt-150-000-150-000\/#primaryimage","url":"https:\/\/shop.bantam.ch\/wp-content\/uploads\/2026\/02\/KummerlyFrey-Wandertourenkarte-13-Zermatt.jpg","contentUrl":"https:\/\/shop.bantam.ch\/wp-content\/uploads\/2026\/02\/KummerlyFrey-Wandertourenkarte-13-Zermatt.jpg","width":96,"height":180},{"@type":"BreadcrumbList","@id":"https:\/\/shop.bantam.ch\/fr\/produit\/carte-de-randonnee-kummerlyfrey-n-13-zermatt-150-000-150-000\/#breadcrumb","itemListElement":[{"@type":"ListItem","position":1,"name":"Accueil","item":"https:\/\/shop.bantam.ch\/fr\/"},{"@type":"ListItem","position":2,"name":"Boutique","item":"https:\/\/shop.bantam.ch\/fr\/boutique\/"},{"@type":"ListItem","position":3,"name":"Carte de randonn\u00e9e K\u00fcmmerly+Frey n\u00b0 13 Zermatt 1:50 000. 1:50 000"}]},{"@type":"WebSite","@id":"https:\/\/shop.bantam.ch\/fr\/#website","url":"https:\/\/shop.bantam.ch\/fr\/","name":"Bantam Wankm\u00fcller SA","description":"","publisher":{"@id":"https:\/\/shop.bantam.ch\/fr\/#organization"},"inLanguage":"fr-FR"},{"@type":"Organization","@id":"https:\/\/shop.bantam.ch\/fr\/#organization","name":"Bantam Wankm\u00fcller SA","url":"https:\/\/shop.bantam.ch\/fr\/","logo":{"@type":"ImageObject","inLanguage":"fr-FR","@id":"https:\/\/shop.bantam.ch\/fr\/#\/schema\/logo\/image\/","url":"https:\/\/shop.bantam.ch\/wp-content\/uploads\/2022\/12\/bantam-logo.png","contentUrl":"https:\/\/shop.bantam.ch\/wp-content\/uploads\/2022\/12\/bantam-logo.png","width":320,"height":71,"caption":"Bantam Wankm\u00fcller SA"},"image":{"@id":"https:\/\/shop.bantam.ch\/fr\/#\/schema\/logo\/image\/"}}]}},"_links":{"self":[{"href":"https:\/\/shop.bantam.ch\/fr\/wp-json\/wp\/v2\/product\/233847","targetHints":{"allow":["GET"]}}],"collection":[{"href":"https:\/\/shop.bantam.ch\/fr\/wp-json\/wp\/v2\/product"}],"about":[{"href":"https:\/\/shop.bantam.ch\/fr\/wp-json\/wp\/v2\/types\/product"}],"wp:featuredmedia":[{"embeddable":true,"href":"https:\/\/shop.bantam.ch\/fr\/wp-json\/wp\/v2\/media\/233845"}],"wp:attachment":[{"href":"https:\/\/shop.bantam.ch\/fr\/wp-json\/wp\/v2\/media?parent=233847"}],"wp:term":[{"taxonomy":"product_featured_cat","embeddable":true,"href":"https:\/\/shop.bantam.ch\/fr\/wp-json\/wp\/v2\/product_featured_cat?post=233847"},{"taxonomy":"product_brand","embeddable":true,"href":"https:\/\/shop.bantam.ch\/fr\/wp-json\/wp\/v2\/product_brand?post=233847"},{"taxonomy":"product_cat","embeddable":true,"href":"https:\/\/shop.bantam.ch\/fr\/wp-json\/wp\/v2\/product_cat?post=233847"},{"taxonomy":"product_tag","embeddable":true,"href":"https:\/\/shop.bantam.ch\/fr\/wp-json\/wp\/v2\/product_tag?post=233847"}],"curies":[{"name":"wp","href":"https:\/\/api.w.org\/{rel}","templated":true}]}}