{"id":233839,"date":"2026-02-05T16:26:30","date_gmt":"2026-02-05T15:26:30","guid":{"rendered":"https:\/\/shop.bantam.ch\/produit\/carte-routiere-regionale-kummerlyfrey-3-rhenanie-du-nord-westphalie-1275-000\/"},"modified":"2026-04-17T23:56:19","modified_gmt":"2026-04-17T21:56:19","slug":"carte-routiere-regionale-kummerlyfrey-3-rhenanie-du-nord-westphalie-1275-000","status":"publish","type":"product","link":"https:\/\/shop.bantam.ch\/fr\/produit\/carte-routiere-regionale-kummerlyfrey-3-rhenanie-du-nord-westphalie-1275-000\/","title":{"rendered":"Carte routi\u00e8re r\u00e9gionale K\u00fcmmerly+Frey 3 Rh\u00e9nanie-du-Nord-Westphalie 1:275 000."},"content":{"rendered":"<p>Carte routi\u00e8re Rh\u00e9nanie-du-Nord-Westphalie \u2013 K\u00fcmmerly+Frey. La carte K\u00fcmmerly+Frey Rh\u00e9nanie-du-Nord-Westphalie \u00e0 l\u2019\u00e9chelle 1:275 000 offre tout ce dont vous avez besoin pour vous orienter et planifier vos d\u00e9placements. Gr\u00e2ce \u00e0 son r\u00e9seau routier clairement indiqu\u00e9, son design lisible et pr\u00e9cis ainsi que ses d\u00e9tails g\u00e9ographiques, elle est l\u2019outil parfait pour profiter pleinement de cette r\u00e9gion. R\u00e9seau routier complet : autoroutes, routes principales et secondaires facilement identifiables.<br \/>\nInformations d\u00e9taill\u00e9es sur les localit\u00e9s et le r\u00e9seau routier. Pratique pour automobilistes et motards, avec couverture et papier robustes. Indispensable en cas de panne de GPS ou de batterie : routes, points de vue, gares, restaurants, campings et parkings clairement indiqu\u00e9s. <\/p>\n","protected":false},"excerpt":{"rendered":"<p>Carte routi\u00e8re Rh\u00e9nanie-du-Nord-Westphalie \u2013 K\u00fcmmerly+Frey. La carte K\u00fcmmerly+Frey Rh\u00e9nanie-du-Nord-Westphalie \u00e0 l\u2019\u00e9chelle 1:275 000 offre tout ce dont vous avez besoin pour vous orienter et planifier vos d\u00e9placements. Gr\u00e2ce \u00e0 son r\u00e9seau routier clairement indiqu\u00e9, son design lisible et pr\u00e9cis ainsi que ses d\u00e9tails g\u00e9ographiques, elle est l\u2019outil parfait pour profiter pleinement de cette r\u00e9gion. R\u00e9seau [&hellip;]<\/p>\n","protected":false},"featured_media":233837,"template":"","meta":{"_acf_changed":false},"product_featured_cat":[],"product_brand":[3692],"product_cat":[4351],"product_tag":[],"class_list":{"0":"post-233839","1":"product","2":"type-product","3":"status-publish","4":"has-post-thumbnail","6":"product_brand-kummerly-frey","7":"product_cat-guides-de-voyage","9":"first","10":"instock","11":"taxable","12":"shipping-taxable","13":"purchasable","14":"product-type-simple"},"acf":[],"yoast_head":"<!-- This site is optimized with the Yoast SEO plugin v27.4 - https:\/\/yoast.com\/product\/yoast-seo-wordpress\/ -->\n<title>Carte routi\u00e8re r\u00e9gionale K\u00fcmmerly+Frey 3 Rh\u00e9nanie-du-Nord-Westphalie 1:275 000. - Bantam Wankm\u00fcller SA<\/title>\n<meta name=\"robots\" content=\"index, follow, max-snippet:-1, max-image-preview:large, max-video-preview:-1\" \/>\n<link rel=\"canonical\" href=\"https:\/\/shop.bantam.ch\/fr\/produit\/carte-routiere-regionale-kummerlyfrey-3-rhenanie-du-nord-westphalie-1275-000\/\" \/>\n<meta property=\"og:locale\" content=\"fr_FR\" \/>\n<meta property=\"og:type\" content=\"article\" \/>\n<meta property=\"og:title\" content=\"Carte routi\u00e8re r\u00e9gionale K\u00fcmmerly+Frey 3 Rh\u00e9nanie-du-Nord-Westphalie 1:275 000. - Bantam Wankm\u00fcller SA\" \/>\n<meta property=\"og:description\" content=\"Carte routi\u00e8re Rh\u00e9nanie-du-Nord-Westphalie \u2013 K\u00fcmmerly+Frey. La carte K\u00fcmmerly+Frey Rh\u00e9nanie-du-Nord-Westphalie \u00e0 l\u2019\u00e9chelle 1:275 000 offre tout ce dont vous avez besoin pour vous orienter et planifier vos d\u00e9placements. Gr\u00e2ce \u00e0 son r\u00e9seau routier clairement indiqu\u00e9, son design lisible et pr\u00e9cis ainsi que ses d\u00e9tails g\u00e9ographiques, elle est l\u2019outil parfait pour profiter pleinement de cette r\u00e9gion. R\u00e9seau [&hellip;]\" \/>\n<meta property=\"og:url\" content=\"https:\/\/shop.bantam.ch\/fr\/produit\/carte-routiere-regionale-kummerlyfrey-3-rhenanie-du-nord-westphalie-1275-000\/\" \/>\n<meta property=\"og:site_name\" content=\"Bantam Wankm\u00fcller SA\" \/>\n<meta property=\"article:modified_time\" content=\"2026-04-17T21:56:19+00:00\" \/>\n<meta property=\"og:image\" content=\"https:\/\/shop.bantam.ch\/wp-content\/uploads\/2026\/02\/KummerlyFrey-Regional-Strassenkarte-3-Nordrhein-Westfalen.jpg\" \/>\n\t<meta property=\"og:image:width\" content=\"91\" \/>\n\t<meta property=\"og:image:height\" content=\"180\" \/>\n\t<meta property=\"og:image:type\" content=\"image\/jpeg\" \/>\n<meta name=\"twitter:card\" content=\"summary_large_image\" \/>\n<meta name=\"twitter:label1\" content=\"Dur\u00e9e de lecture estim\u00e9e\" \/>\n\t<meta name=\"twitter:data1\" content=\"1 minute\" \/>\n<script type=\"application\/ld+json\" class=\"yoast-schema-graph\">{\"@context\":\"https:\\\/\\\/schema.org\",\"@graph\":[{\"@type\":\"WebPage\",\"@id\":\"https:\\\/\\\/shop.bantam.ch\\\/fr\\\/produit\\\/carte-routiere-regionale-kummerlyfrey-3-rhenanie-du-nord-westphalie-1275-000\\\/\",\"url\":\"https:\\\/\\\/shop.bantam.ch\\\/fr\\\/produit\\\/carte-routiere-regionale-kummerlyfrey-3-rhenanie-du-nord-westphalie-1275-000\\\/\",\"name\":\"Carte routi\u00e8re r\u00e9gionale K\u00fcmmerly+Frey 3 Rh\u00e9nanie-du-Nord-Westphalie 1:275 000. - Bantam Wankm\u00fcller SA\",\"isPartOf\":{\"@id\":\"https:\\\/\\\/shop.bantam.ch\\\/fr\\\/#website\"},\"primaryImageOfPage\":{\"@id\":\"https:\\\/\\\/shop.bantam.ch\\\/fr\\\/produit\\\/carte-routiere-regionale-kummerlyfrey-3-rhenanie-du-nord-westphalie-1275-000\\\/#primaryimage\"},\"image\":{\"@id\":\"https:\\\/\\\/shop.bantam.ch\\\/fr\\\/produit\\\/carte-routiere-regionale-kummerlyfrey-3-rhenanie-du-nord-westphalie-1275-000\\\/#primaryimage\"},\"thumbnailUrl\":\"https:\\\/\\\/shop.bantam.ch\\\/wp-content\\\/uploads\\\/2026\\\/02\\\/KummerlyFrey-Regional-Strassenkarte-3-Nordrhein-Westfalen.jpg\",\"datePublished\":\"2026-02-05T15:26:30+00:00\",\"dateModified\":\"2026-04-17T21:56:19+00:00\",\"breadcrumb\":{\"@id\":\"https:\\\/\\\/shop.bantam.ch\\\/fr\\\/produit\\\/carte-routiere-regionale-kummerlyfrey-3-rhenanie-du-nord-westphalie-1275-000\\\/#breadcrumb\"},\"inLanguage\":\"fr-FR\",\"potentialAction\":[{\"@type\":\"ReadAction\",\"target\":[\"https:\\\/\\\/shop.bantam.ch\\\/fr\\\/produit\\\/carte-routiere-regionale-kummerlyfrey-3-rhenanie-du-nord-westphalie-1275-000\\\/\"]}]},{\"@type\":\"ImageObject\",\"inLanguage\":\"fr-FR\",\"@id\":\"https:\\\/\\\/shop.bantam.ch\\\/fr\\\/produit\\\/carte-routiere-regionale-kummerlyfrey-3-rhenanie-du-nord-westphalie-1275-000\\\/#primaryimage\",\"url\":\"https:\\\/\\\/shop.bantam.ch\\\/wp-content\\\/uploads\\\/2026\\\/02\\\/KummerlyFrey-Regional-Strassenkarte-3-Nordrhein-Westfalen.jpg\",\"contentUrl\":\"https:\\\/\\\/shop.bantam.ch\\\/wp-content\\\/uploads\\\/2026\\\/02\\\/KummerlyFrey-Regional-Strassenkarte-3-Nordrhein-Westfalen.jpg\",\"width\":91,\"height\":180},{\"@type\":\"BreadcrumbList\",\"@id\":\"https:\\\/\\\/shop.bantam.ch\\\/fr\\\/produit\\\/carte-routiere-regionale-kummerlyfrey-3-rhenanie-du-nord-westphalie-1275-000\\\/#breadcrumb\",\"itemListElement\":[{\"@type\":\"ListItem\",\"position\":1,\"name\":\"Accueil\",\"item\":\"https:\\\/\\\/shop.bantam.ch\\\/fr\\\/\"},{\"@type\":\"ListItem\",\"position\":2,\"name\":\"Boutique\",\"item\":\"https:\\\/\\\/shop.bantam.ch\\\/fr\\\/boutique\\\/\"},{\"@type\":\"ListItem\",\"position\":3,\"name\":\"Carte routi\u00e8re r\u00e9gionale K\u00fcmmerly+Frey 3 Rh\u00e9nanie-du-Nord-Westphalie 1:275 000.\"}]},{\"@type\":\"WebSite\",\"@id\":\"https:\\\/\\\/shop.bantam.ch\\\/fr\\\/#website\",\"url\":\"https:\\\/\\\/shop.bantam.ch\\\/fr\\\/\",\"name\":\"Bantam Wankm\u00fcller SA\",\"description\":\"\",\"publisher\":{\"@id\":\"https:\\\/\\\/shop.bantam.ch\\\/fr\\\/#organization\"},\"inLanguage\":\"fr-FR\"},{\"@type\":\"Organization\",\"@id\":\"https:\\\/\\\/shop.bantam.ch\\\/fr\\\/#organization\",\"name\":\"Bantam Wankm\u00fcller SA\",\"url\":\"https:\\\/\\\/shop.bantam.ch\\\/fr\\\/\",\"logo\":{\"@type\":\"ImageObject\",\"inLanguage\":\"fr-FR\",\"@id\":\"https:\\\/\\\/shop.bantam.ch\\\/fr\\\/#\\\/schema\\\/logo\\\/image\\\/\",\"url\":\"https:\\\/\\\/shop.bantam.ch\\\/wp-content\\\/uploads\\\/2022\\\/12\\\/bantam-logo.png\",\"contentUrl\":\"https:\\\/\\\/shop.bantam.ch\\\/wp-content\\\/uploads\\\/2022\\\/12\\\/bantam-logo.png\",\"width\":320,\"height\":71,\"caption\":\"Bantam Wankm\u00fcller SA\"},\"image\":{\"@id\":\"https:\\\/\\\/shop.bantam.ch\\\/fr\\\/#\\\/schema\\\/logo\\\/image\\\/\"}}]}<\/script>\n<!-- \/ Yoast SEO plugin. -->","yoast_head_json":{"title":"Carte routi\u00e8re r\u00e9gionale K\u00fcmmerly+Frey 3 Rh\u00e9nanie-du-Nord-Westphalie 1:275 000. - Bantam Wankm\u00fcller SA","robots":{"index":"index","follow":"follow","max-snippet":"max-snippet:-1","max-image-preview":"max-image-preview:large","max-video-preview":"max-video-preview:-1"},"canonical":"https:\/\/shop.bantam.ch\/fr\/produit\/carte-routiere-regionale-kummerlyfrey-3-rhenanie-du-nord-westphalie-1275-000\/","og_locale":"fr_FR","og_type":"article","og_title":"Carte routi\u00e8re r\u00e9gionale K\u00fcmmerly+Frey 3 Rh\u00e9nanie-du-Nord-Westphalie 1:275 000. - Bantam Wankm\u00fcller SA","og_description":"Carte routi\u00e8re Rh\u00e9nanie-du-Nord-Westphalie \u2013 K\u00fcmmerly+Frey. La carte K\u00fcmmerly+Frey Rh\u00e9nanie-du-Nord-Westphalie \u00e0 l\u2019\u00e9chelle 1:275 000 offre tout ce dont vous avez besoin pour vous orienter et planifier vos d\u00e9placements. Gr\u00e2ce \u00e0 son r\u00e9seau routier clairement indiqu\u00e9, son design lisible et pr\u00e9cis ainsi que ses d\u00e9tails g\u00e9ographiques, elle est l\u2019outil parfait pour profiter pleinement de cette r\u00e9gion. R\u00e9seau [&hellip;]","og_url":"https:\/\/shop.bantam.ch\/fr\/produit\/carte-routiere-regionale-kummerlyfrey-3-rhenanie-du-nord-westphalie-1275-000\/","og_site_name":"Bantam Wankm\u00fcller SA","article_modified_time":"2026-04-17T21:56:19+00:00","og_image":[{"width":91,"height":180,"url":"https:\/\/shop.bantam.ch\/wp-content\/uploads\/2026\/02\/KummerlyFrey-Regional-Strassenkarte-3-Nordrhein-Westfalen.jpg","type":"image\/jpeg"}],"twitter_card":"summary_large_image","twitter_misc":{"Dur\u00e9e de lecture estim\u00e9e":"1 minute"},"schema":{"@context":"https:\/\/schema.org","@graph":[{"@type":"WebPage","@id":"https:\/\/shop.bantam.ch\/fr\/produit\/carte-routiere-regionale-kummerlyfrey-3-rhenanie-du-nord-westphalie-1275-000\/","url":"https:\/\/shop.bantam.ch\/fr\/produit\/carte-routiere-regionale-kummerlyfrey-3-rhenanie-du-nord-westphalie-1275-000\/","name":"Carte routi\u00e8re r\u00e9gionale K\u00fcmmerly+Frey 3 Rh\u00e9nanie-du-Nord-Westphalie 1:275 000. - Bantam Wankm\u00fcller SA","isPartOf":{"@id":"https:\/\/shop.bantam.ch\/fr\/#website"},"primaryImageOfPage":{"@id":"https:\/\/shop.bantam.ch\/fr\/produit\/carte-routiere-regionale-kummerlyfrey-3-rhenanie-du-nord-westphalie-1275-000\/#primaryimage"},"image":{"@id":"https:\/\/shop.bantam.ch\/fr\/produit\/carte-routiere-regionale-kummerlyfrey-3-rhenanie-du-nord-westphalie-1275-000\/#primaryimage"},"thumbnailUrl":"https:\/\/shop.bantam.ch\/wp-content\/uploads\/2026\/02\/KummerlyFrey-Regional-Strassenkarte-3-Nordrhein-Westfalen.jpg","datePublished":"2026-02-05T15:26:30+00:00","dateModified":"2026-04-17T21:56:19+00:00","breadcrumb":{"@id":"https:\/\/shop.bantam.ch\/fr\/produit\/carte-routiere-regionale-kummerlyfrey-3-rhenanie-du-nord-westphalie-1275-000\/#breadcrumb"},"inLanguage":"fr-FR","potentialAction":[{"@type":"ReadAction","target":["https:\/\/shop.bantam.ch\/fr\/produit\/carte-routiere-regionale-kummerlyfrey-3-rhenanie-du-nord-westphalie-1275-000\/"]}]},{"@type":"ImageObject","inLanguage":"fr-FR","@id":"https:\/\/shop.bantam.ch\/fr\/produit\/carte-routiere-regionale-kummerlyfrey-3-rhenanie-du-nord-westphalie-1275-000\/#primaryimage","url":"https:\/\/shop.bantam.ch\/wp-content\/uploads\/2026\/02\/KummerlyFrey-Regional-Strassenkarte-3-Nordrhein-Westfalen.jpg","contentUrl":"https:\/\/shop.bantam.ch\/wp-content\/uploads\/2026\/02\/KummerlyFrey-Regional-Strassenkarte-3-Nordrhein-Westfalen.jpg","width":91,"height":180},{"@type":"BreadcrumbList","@id":"https:\/\/shop.bantam.ch\/fr\/produit\/carte-routiere-regionale-kummerlyfrey-3-rhenanie-du-nord-westphalie-1275-000\/#breadcrumb","itemListElement":[{"@type":"ListItem","position":1,"name":"Accueil","item":"https:\/\/shop.bantam.ch\/fr\/"},{"@type":"ListItem","position":2,"name":"Boutique","item":"https:\/\/shop.bantam.ch\/fr\/boutique\/"},{"@type":"ListItem","position":3,"name":"Carte routi\u00e8re r\u00e9gionale K\u00fcmmerly+Frey 3 Rh\u00e9nanie-du-Nord-Westphalie 1:275 000."}]},{"@type":"WebSite","@id":"https:\/\/shop.bantam.ch\/fr\/#website","url":"https:\/\/shop.bantam.ch\/fr\/","name":"Bantam Wankm\u00fcller SA","description":"","publisher":{"@id":"https:\/\/shop.bantam.ch\/fr\/#organization"},"inLanguage":"fr-FR"},{"@type":"Organization","@id":"https:\/\/shop.bantam.ch\/fr\/#organization","name":"Bantam Wankm\u00fcller SA","url":"https:\/\/shop.bantam.ch\/fr\/","logo":{"@type":"ImageObject","inLanguage":"fr-FR","@id":"https:\/\/shop.bantam.ch\/fr\/#\/schema\/logo\/image\/","url":"https:\/\/shop.bantam.ch\/wp-content\/uploads\/2022\/12\/bantam-logo.png","contentUrl":"https:\/\/shop.bantam.ch\/wp-content\/uploads\/2022\/12\/bantam-logo.png","width":320,"height":71,"caption":"Bantam Wankm\u00fcller SA"},"image":{"@id":"https:\/\/shop.bantam.ch\/fr\/#\/schema\/logo\/image\/"}}]}},"_links":{"self":[{"href":"https:\/\/shop.bantam.ch\/fr\/wp-json\/wp\/v2\/product\/233839","targetHints":{"allow":["GET"]}}],"collection":[{"href":"https:\/\/shop.bantam.ch\/fr\/wp-json\/wp\/v2\/product"}],"about":[{"href":"https:\/\/shop.bantam.ch\/fr\/wp-json\/wp\/v2\/types\/product"}],"wp:featuredmedia":[{"embeddable":true,"href":"https:\/\/shop.bantam.ch\/fr\/wp-json\/wp\/v2\/media\/233837"}],"wp:attachment":[{"href":"https:\/\/shop.bantam.ch\/fr\/wp-json\/wp\/v2\/media?parent=233839"}],"wp:term":[{"taxonomy":"product_featured_cat","embeddable":true,"href":"https:\/\/shop.bantam.ch\/fr\/wp-json\/wp\/v2\/product_featured_cat?post=233839"},{"taxonomy":"product_brand","embeddable":true,"href":"https:\/\/shop.bantam.ch\/fr\/wp-json\/wp\/v2\/product_brand?post=233839"},{"taxonomy":"product_cat","embeddable":true,"href":"https:\/\/shop.bantam.ch\/fr\/wp-json\/wp\/v2\/product_cat?post=233839"},{"taxonomy":"product_tag","embeddable":true,"href":"https:\/\/shop.bantam.ch\/fr\/wp-json\/wp\/v2\/product_tag?post=233839"}],"curies":[{"name":"wp","href":"https:\/\/api.w.org\/{rel}","templated":true}]}}