{"id":233801,"date":"2026-02-04T11:18:03","date_gmt":"2026-02-04T10:18:03","guid":{"rendered":"https:\/\/shop.bantam.ch\/produit\/obscurcissement-de-la-cabine-remifront-iv-adapte-au-ford-transit-custom-v70-set-incl-avant-cote-gauche-droit\/"},"modified":"2026-04-17T23:56:07","modified_gmt":"2026-04-17T21:56:07","slug":"obscurcissement-de-la-cabine-remifront-iv-adapte-au-ford-transit-custom-v70-set-incl-avant-cote-gauche-droit","status":"publish","type":"product","link":"https:\/\/shop.bantam.ch\/fr\/produit\/obscurcissement-de-la-cabine-remifront-iv-adapte-au-ford-transit-custom-v70-set-incl-avant-cote-gauche-droit\/","title":{"rendered":"Obscurcissement de la cabine REMIfront IV adapt\u00e9 au Ford Transit Custom V70 Set incl. avant, c\u00f4t\u00e9 gauche\/droit"},"content":{"rendered":"<p>Syst\u00e8me de store fin pour une utilisation optimale de l&rsquo;espace.<\/p>\n<ul>\n<li>Toujours l\u00e0 quand vous en avez besoin &#8211; obscurcit en quelques secondes.<\/li>\n<li>Commande centrale &#8211; pour un obscurcissement complet et une intimit\u00e9 \u00e0 hauteur de r\u00e9troviseur<\/li>\n<li>Sans \u00e9l\u00e9ments sur le montant A &#8211; convient aux v\u00e9hicules \u00e9quip\u00e9s de windowbags<\/li>\n<li>Bo\u00eetier de cassette mince &#8211; pour une utilisation maximale de la visibilit\u00e9 et de l&rsquo;espace sur le montant B<\/li>\n<li>Guidage au sol mince et arrondi<\/li>\n<\/ul>\n<p>Contenu de la livraison :<br \/>\nY compris la partie frontale, la partie lat\u00e9rale gauche et droite<\/p>\n<ul>\n<li>\n\t<\/li>\n<\/ul>\n","protected":false},"excerpt":{"rendered":"<p>Syst\u00e8me de store fin pour une utilisation optimale de l&rsquo;espace. Toujours l\u00e0 quand vous en avez besoin &#8211; obscurcit en quelques secondes. Commande centrale &#8211; pour un obscurcissement complet et une intimit\u00e9 \u00e0 hauteur de r\u00e9troviseur Sans \u00e9l\u00e9ments sur le montant A &#8211; convient aux v\u00e9hicules \u00e9quip\u00e9s de windowbags Bo\u00eetier de cassette mince &#8211; pour [&hellip;]<\/p>\n","protected":false},"featured_media":233791,"template":"","meta":{"_acf_changed":false},"product_featured_cat":[],"product_brand":[],"product_cat":[4713],"product_tag":[],"class_list":{"0":"post-233801","1":"product","2":"type-product","3":"status-publish","4":"has-post-thumbnail","6":"product_cat-systeme-doccultation-de-la-cabine-de-conduite","8":"first","9":"instock","10":"taxable","11":"shipping-taxable","12":"purchasable","13":"product-type-simple"},"acf":[],"yoast_head":"<!-- This site is optimized with the Yoast SEO plugin v27.4 - https:\/\/yoast.com\/product\/yoast-seo-wordpress\/ -->\n<title>Obscurcissement de la cabine REMIfront IV adapt\u00e9 au Ford Transit Custom V70 Set incl. avant, c\u00f4t\u00e9 gauche\/droit - Bantam Wankm\u00fcller SA<\/title>\n<meta name=\"robots\" content=\"index, follow, max-snippet:-1, max-image-preview:large, max-video-preview:-1\" \/>\n<link rel=\"canonical\" href=\"https:\/\/shop.bantam.ch\/fr\/produit\/obscurcissement-de-la-cabine-remifront-iv-adapte-au-ford-transit-custom-v70-set-incl-avant-cote-gauche-droit\/\" \/>\n<meta property=\"og:locale\" content=\"fr_FR\" \/>\n<meta property=\"og:type\" content=\"article\" \/>\n<meta property=\"og:title\" content=\"Obscurcissement de la cabine REMIfront IV adapt\u00e9 au Ford Transit Custom V70 Set incl. avant, c\u00f4t\u00e9 gauche\/droit - Bantam Wankm\u00fcller SA\" \/>\n<meta property=\"og:description\" content=\"Syst\u00e8me de store fin pour une utilisation optimale de l&rsquo;espace. Toujours l\u00e0 quand vous en avez besoin &#8211; obscurcit en quelques secondes. Commande centrale &#8211; pour un obscurcissement complet et une intimit\u00e9 \u00e0 hauteur de r\u00e9troviseur Sans \u00e9l\u00e9ments sur le montant A &#8211; convient aux v\u00e9hicules \u00e9quip\u00e9s de windowbags Bo\u00eetier de cassette mince &#8211; pour [&hellip;]\" \/>\n<meta property=\"og:url\" content=\"https:\/\/shop.bantam.ch\/fr\/produit\/obscurcissement-de-la-cabine-remifront-iv-adapte-au-ford-transit-custom-v70-set-incl-avant-cote-gauche-droit\/\" \/>\n<meta property=\"og:site_name\" content=\"Bantam Wankm\u00fcller SA\" \/>\n<meta property=\"article:modified_time\" content=\"2026-04-17T21:56:07+00:00\" \/>\n<meta name=\"twitter:card\" content=\"summary_large_image\" \/>\n<script type=\"application\/ld+json\" class=\"yoast-schema-graph\">{\"@context\":\"https:\\\/\\\/schema.org\",\"@graph\":[{\"@type\":\"WebPage\",\"@id\":\"https:\\\/\\\/shop.bantam.ch\\\/fr\\\/produit\\\/obscurcissement-de-la-cabine-remifront-iv-adapte-au-ford-transit-custom-v70-set-incl-avant-cote-gauche-droit\\\/\",\"url\":\"https:\\\/\\\/shop.bantam.ch\\\/fr\\\/produit\\\/obscurcissement-de-la-cabine-remifront-iv-adapte-au-ford-transit-custom-v70-set-incl-avant-cote-gauche-droit\\\/\",\"name\":\"Obscurcissement de la cabine REMIfront IV adapt\u00e9 au Ford Transit Custom V70 Set incl. avant, c\u00f4t\u00e9 gauche\\\/droit - Bantam Wankm\u00fcller SA\",\"isPartOf\":{\"@id\":\"https:\\\/\\\/shop.bantam.ch\\\/fr\\\/#website\"},\"primaryImageOfPage\":{\"@id\":\"https:\\\/\\\/shop.bantam.ch\\\/fr\\\/produit\\\/obscurcissement-de-la-cabine-remifront-iv-adapte-au-ford-transit-custom-v70-set-incl-avant-cote-gauche-droit\\\/#primaryimage\"},\"image\":{\"@id\":\"https:\\\/\\\/shop.bantam.ch\\\/fr\\\/produit\\\/obscurcissement-de-la-cabine-remifront-iv-adapte-au-ford-transit-custom-v70-set-incl-avant-cote-gauche-droit\\\/#primaryimage\"},\"thumbnailUrl\":\"https:\\\/\\\/shop.bantam.ch\\\/wp-content\\\/uploads\\\/2026\\\/02\\\/Movera-L-9985340100.jpg\",\"datePublished\":\"2026-02-04T10:18:03+00:00\",\"dateModified\":\"2026-04-17T21:56:07+00:00\",\"breadcrumb\":{\"@id\":\"https:\\\/\\\/shop.bantam.ch\\\/fr\\\/produit\\\/obscurcissement-de-la-cabine-remifront-iv-adapte-au-ford-transit-custom-v70-set-incl-avant-cote-gauche-droit\\\/#breadcrumb\"},\"inLanguage\":\"fr-FR\",\"potentialAction\":[{\"@type\":\"ReadAction\",\"target\":[\"https:\\\/\\\/shop.bantam.ch\\\/fr\\\/produit\\\/obscurcissement-de-la-cabine-remifront-iv-adapte-au-ford-transit-custom-v70-set-incl-avant-cote-gauche-droit\\\/\"]}]},{\"@type\":\"ImageObject\",\"inLanguage\":\"fr-FR\",\"@id\":\"https:\\\/\\\/shop.bantam.ch\\\/fr\\\/produit\\\/obscurcissement-de-la-cabine-remifront-iv-adapte-au-ford-transit-custom-v70-set-incl-avant-cote-gauche-droit\\\/#primaryimage\",\"url\":\"https:\\\/\\\/shop.bantam.ch\\\/wp-content\\\/uploads\\\/2026\\\/02\\\/Movera-L-9985340100.jpg\",\"contentUrl\":\"https:\\\/\\\/shop.bantam.ch\\\/wp-content\\\/uploads\\\/2026\\\/02\\\/Movera-L-9985340100.jpg\",\"width\":640,\"height\":359},{\"@type\":\"BreadcrumbList\",\"@id\":\"https:\\\/\\\/shop.bantam.ch\\\/fr\\\/produit\\\/obscurcissement-de-la-cabine-remifront-iv-adapte-au-ford-transit-custom-v70-set-incl-avant-cote-gauche-droit\\\/#breadcrumb\",\"itemListElement\":[{\"@type\":\"ListItem\",\"position\":1,\"name\":\"Accueil\",\"item\":\"https:\\\/\\\/shop.bantam.ch\\\/fr\\\/\"},{\"@type\":\"ListItem\",\"position\":2,\"name\":\"Boutique\",\"item\":\"https:\\\/\\\/shop.bantam.ch\\\/fr\\\/boutique\\\/\"},{\"@type\":\"ListItem\",\"position\":3,\"name\":\"Obscurcissement de la cabine REMIfront IV adapt\u00e9 au Ford Transit Custom V70 Set incl. avant, c\u00f4t\u00e9 gauche\\\/droit\"}]},{\"@type\":\"WebSite\",\"@id\":\"https:\\\/\\\/shop.bantam.ch\\\/fr\\\/#website\",\"url\":\"https:\\\/\\\/shop.bantam.ch\\\/fr\\\/\",\"name\":\"Bantam Wankm\u00fcller SA\",\"description\":\"\",\"publisher\":{\"@id\":\"https:\\\/\\\/shop.bantam.ch\\\/fr\\\/#organization\"},\"inLanguage\":\"fr-FR\"},{\"@type\":\"Organization\",\"@id\":\"https:\\\/\\\/shop.bantam.ch\\\/fr\\\/#organization\",\"name\":\"Bantam Wankm\u00fcller SA\",\"url\":\"https:\\\/\\\/shop.bantam.ch\\\/fr\\\/\",\"logo\":{\"@type\":\"ImageObject\",\"inLanguage\":\"fr-FR\",\"@id\":\"https:\\\/\\\/shop.bantam.ch\\\/fr\\\/#\\\/schema\\\/logo\\\/image\\\/\",\"url\":\"https:\\\/\\\/shop.bantam.ch\\\/wp-content\\\/uploads\\\/2022\\\/12\\\/bantam-logo.png\",\"contentUrl\":\"https:\\\/\\\/shop.bantam.ch\\\/wp-content\\\/uploads\\\/2022\\\/12\\\/bantam-logo.png\",\"width\":320,\"height\":71,\"caption\":\"Bantam Wankm\u00fcller SA\"},\"image\":{\"@id\":\"https:\\\/\\\/shop.bantam.ch\\\/fr\\\/#\\\/schema\\\/logo\\\/image\\\/\"}}]}<\/script>\n<!-- \/ Yoast SEO plugin. -->","yoast_head_json":{"title":"Obscurcissement de la cabine REMIfront IV adapt\u00e9 au Ford Transit Custom V70 Set incl. avant, c\u00f4t\u00e9 gauche\/droit - Bantam Wankm\u00fcller SA","robots":{"index":"index","follow":"follow","max-snippet":"max-snippet:-1","max-image-preview":"max-image-preview:large","max-video-preview":"max-video-preview:-1"},"canonical":"https:\/\/shop.bantam.ch\/fr\/produit\/obscurcissement-de-la-cabine-remifront-iv-adapte-au-ford-transit-custom-v70-set-incl-avant-cote-gauche-droit\/","og_locale":"fr_FR","og_type":"article","og_title":"Obscurcissement de la cabine REMIfront IV adapt\u00e9 au Ford Transit Custom V70 Set incl. avant, c\u00f4t\u00e9 gauche\/droit - Bantam Wankm\u00fcller SA","og_description":"Syst\u00e8me de store fin pour une utilisation optimale de l&rsquo;espace. Toujours l\u00e0 quand vous en avez besoin &#8211; obscurcit en quelques secondes. Commande centrale &#8211; pour un obscurcissement complet et une intimit\u00e9 \u00e0 hauteur de r\u00e9troviseur Sans \u00e9l\u00e9ments sur le montant A &#8211; convient aux v\u00e9hicules \u00e9quip\u00e9s de windowbags Bo\u00eetier de cassette mince &#8211; pour [&hellip;]","og_url":"https:\/\/shop.bantam.ch\/fr\/produit\/obscurcissement-de-la-cabine-remifront-iv-adapte-au-ford-transit-custom-v70-set-incl-avant-cote-gauche-droit\/","og_site_name":"Bantam Wankm\u00fcller SA","article_modified_time":"2026-04-17T21:56:07+00:00","twitter_card":"summary_large_image","schema":{"@context":"https:\/\/schema.org","@graph":[{"@type":"WebPage","@id":"https:\/\/shop.bantam.ch\/fr\/produit\/obscurcissement-de-la-cabine-remifront-iv-adapte-au-ford-transit-custom-v70-set-incl-avant-cote-gauche-droit\/","url":"https:\/\/shop.bantam.ch\/fr\/produit\/obscurcissement-de-la-cabine-remifront-iv-adapte-au-ford-transit-custom-v70-set-incl-avant-cote-gauche-droit\/","name":"Obscurcissement de la cabine REMIfront IV adapt\u00e9 au Ford Transit Custom V70 Set incl. avant, c\u00f4t\u00e9 gauche\/droit - Bantam Wankm\u00fcller SA","isPartOf":{"@id":"https:\/\/shop.bantam.ch\/fr\/#website"},"primaryImageOfPage":{"@id":"https:\/\/shop.bantam.ch\/fr\/produit\/obscurcissement-de-la-cabine-remifront-iv-adapte-au-ford-transit-custom-v70-set-incl-avant-cote-gauche-droit\/#primaryimage"},"image":{"@id":"https:\/\/shop.bantam.ch\/fr\/produit\/obscurcissement-de-la-cabine-remifront-iv-adapte-au-ford-transit-custom-v70-set-incl-avant-cote-gauche-droit\/#primaryimage"},"thumbnailUrl":"https:\/\/shop.bantam.ch\/wp-content\/uploads\/2026\/02\/Movera-L-9985340100.jpg","datePublished":"2026-02-04T10:18:03+00:00","dateModified":"2026-04-17T21:56:07+00:00","breadcrumb":{"@id":"https:\/\/shop.bantam.ch\/fr\/produit\/obscurcissement-de-la-cabine-remifront-iv-adapte-au-ford-transit-custom-v70-set-incl-avant-cote-gauche-droit\/#breadcrumb"},"inLanguage":"fr-FR","potentialAction":[{"@type":"ReadAction","target":["https:\/\/shop.bantam.ch\/fr\/produit\/obscurcissement-de-la-cabine-remifront-iv-adapte-au-ford-transit-custom-v70-set-incl-avant-cote-gauche-droit\/"]}]},{"@type":"ImageObject","inLanguage":"fr-FR","@id":"https:\/\/shop.bantam.ch\/fr\/produit\/obscurcissement-de-la-cabine-remifront-iv-adapte-au-ford-transit-custom-v70-set-incl-avant-cote-gauche-droit\/#primaryimage","url":"https:\/\/shop.bantam.ch\/wp-content\/uploads\/2026\/02\/Movera-L-9985340100.jpg","contentUrl":"https:\/\/shop.bantam.ch\/wp-content\/uploads\/2026\/02\/Movera-L-9985340100.jpg","width":640,"height":359},{"@type":"BreadcrumbList","@id":"https:\/\/shop.bantam.ch\/fr\/produit\/obscurcissement-de-la-cabine-remifront-iv-adapte-au-ford-transit-custom-v70-set-incl-avant-cote-gauche-droit\/#breadcrumb","itemListElement":[{"@type":"ListItem","position":1,"name":"Accueil","item":"https:\/\/shop.bantam.ch\/fr\/"},{"@type":"ListItem","position":2,"name":"Boutique","item":"https:\/\/shop.bantam.ch\/fr\/boutique\/"},{"@type":"ListItem","position":3,"name":"Obscurcissement de la cabine REMIfront IV adapt\u00e9 au Ford Transit Custom V70 Set incl. avant, c\u00f4t\u00e9 gauche\/droit"}]},{"@type":"WebSite","@id":"https:\/\/shop.bantam.ch\/fr\/#website","url":"https:\/\/shop.bantam.ch\/fr\/","name":"Bantam Wankm\u00fcller SA","description":"","publisher":{"@id":"https:\/\/shop.bantam.ch\/fr\/#organization"},"inLanguage":"fr-FR"},{"@type":"Organization","@id":"https:\/\/shop.bantam.ch\/fr\/#organization","name":"Bantam Wankm\u00fcller SA","url":"https:\/\/shop.bantam.ch\/fr\/","logo":{"@type":"ImageObject","inLanguage":"fr-FR","@id":"https:\/\/shop.bantam.ch\/fr\/#\/schema\/logo\/image\/","url":"https:\/\/shop.bantam.ch\/wp-content\/uploads\/2022\/12\/bantam-logo.png","contentUrl":"https:\/\/shop.bantam.ch\/wp-content\/uploads\/2022\/12\/bantam-logo.png","width":320,"height":71,"caption":"Bantam Wankm\u00fcller SA"},"image":{"@id":"https:\/\/shop.bantam.ch\/fr\/#\/schema\/logo\/image\/"}}]}},"_links":{"self":[{"href":"https:\/\/shop.bantam.ch\/fr\/wp-json\/wp\/v2\/product\/233801","targetHints":{"allow":["GET"]}}],"collection":[{"href":"https:\/\/shop.bantam.ch\/fr\/wp-json\/wp\/v2\/product"}],"about":[{"href":"https:\/\/shop.bantam.ch\/fr\/wp-json\/wp\/v2\/types\/product"}],"wp:featuredmedia":[{"embeddable":true,"href":"https:\/\/shop.bantam.ch\/fr\/wp-json\/wp\/v2\/media\/233791"}],"wp:attachment":[{"href":"https:\/\/shop.bantam.ch\/fr\/wp-json\/wp\/v2\/media?parent=233801"}],"wp:term":[{"taxonomy":"product_featured_cat","embeddable":true,"href":"https:\/\/shop.bantam.ch\/fr\/wp-json\/wp\/v2\/product_featured_cat?post=233801"},{"taxonomy":"product_brand","embeddable":true,"href":"https:\/\/shop.bantam.ch\/fr\/wp-json\/wp\/v2\/product_brand?post=233801"},{"taxonomy":"product_cat","embeddable":true,"href":"https:\/\/shop.bantam.ch\/fr\/wp-json\/wp\/v2\/product_cat?post=233801"},{"taxonomy":"product_tag","embeddable":true,"href":"https:\/\/shop.bantam.ch\/fr\/wp-json\/wp\/v2\/product_tag?post=233801"}],"curies":[{"name":"wp","href":"https:\/\/api.w.org\/{rel}","templated":true}]}}