{"id":233625,"date":"2026-02-04T11:13:41","date_gmt":"2026-02-04T10:13:41","guid":{"rendered":"https:\/\/shop.bantam.ch\/produit\/antigel-organic-anti-freeze-pour-systemes-deau-potable-et-de-toilettes-5-l\/"},"modified":"2026-04-18T23:59:43","modified_gmt":"2026-04-18T21:59:43","slug":"antigel-organic-anti-freeze-pour-systemes-deau-potable-et-de-toilettes-5-l","status":"publish","type":"product","link":"https:\/\/shop.bantam.ch\/fr\/produit\/antigel-organic-anti-freeze-pour-systemes-deau-potable-et-de-toilettes-5-l\/","title":{"rendered":"Antigel Organic Anti-Freeze pour syst\u00e8mes d&rsquo;eau potable et de toilettes, 5 L"},"content":{"rendered":"<p>Yachticon Organic Anti-Freeze est un antigel \u00e0 base de plantes pour les syst\u00e8mes d&rsquo;eau potable et de toilettes. Il est compos\u00e9 de monopropyl\u00e8ne glycol (MPG) de haute puret\u00e9 de qualit\u00e9 USP et ne contient pas de composants toxiques, ce qui le rend id\u00e9al pour les applications sensibles dans les bateaux, les camping-cars et les caravanes. Le produit peut \u00eatre dilu\u00e9 et r\u00e9utilis\u00e9 et ne contient pas d&rsquo;additifs pour l&rsquo;autoconservation.<\/p>\n<p>Sp\u00e9cifications :<br \/>\nPuret\u00e9 : teneur en eau &lt; 0,2 %, pas de m\u00e9taux lourds dangereux.<br \/>\nDensit\u00e9 : 1,035-1,040 g\/cm\u00b3, point d&rsquo;inflammation &gt; 100 \u00b0C.<\/p>\n<p>\nPerformance antigel :<br \/>\n&#8211; 5 L (50%) : Protection jusqu&rsquo;\u00e0 -9 \u00b0C<br \/>\n&#8211; 5 L (67%) : protection jusqu&rsquo;\u00e0 -20 \u00b0C<br \/>\n&#8211; 5 L (100%) : Protection jusqu&rsquo;\u00e0 -30 \u00b0C<\/p>\n<\/p>\n<p>Conditionnements :<br \/>\nDisponible en IBC de 5 litres \u00e0 1000 litres, non class\u00e9 comme produit dangereux.<\/p>\n<\/p>\n<p>Mode d&#8217;emploi : Vider le r\u00e9servoir, verser l&rsquo;antigel et ouvrir les robinets d&rsquo;eau jusqu&rsquo;\u00e0 ce qu&rsquo;ils sortent. Rincer ensuite abondamment.<\/p>\n<\/p>\n<p>L&rsquo;antigel offre \u00e0 la fois une protection efficace et une approche durable gr\u00e2ce \u00e0 son origine biosourc\u00e9e.<\/p>\n","protected":false},"excerpt":{"rendered":"<p>Yachticon Organic Anti-Freeze est un antigel \u00e0 base de plantes pour les syst\u00e8mes d&rsquo;eau potable et de toilettes. Il est compos\u00e9 de monopropyl\u00e8ne glycol (MPG) de haute puret\u00e9 de qualit\u00e9 USP et ne contient pas de composants toxiques, ce qui le rend id\u00e9al pour les applications sensibles dans les bateaux, les camping-cars et les caravanes. [&hellip;]<\/p>\n","protected":false},"featured_media":233623,"template":"","meta":{"_acf_changed":false},"product_featured_cat":[],"product_brand":[],"product_cat":[4605],"product_tag":[],"class_list":{"0":"post-233625","1":"product","2":"type-product","3":"status-publish","4":"has-post-thumbnail","6":"product_cat-liquides-antigel","8":"first","9":"instock","10":"taxable","11":"shipping-taxable","12":"purchasable","13":"product-type-simple"},"acf":[],"yoast_head":"<!-- This site is optimized with the Yoast SEO plugin v27.4 - https:\/\/yoast.com\/product\/yoast-seo-wordpress\/ -->\n<title>Antigel Organic Anti-Freeze pour syst\u00e8mes d&#039;eau potable et de toilettes, 5 L - Bantam Wankm\u00fcller SA<\/title>\n<meta name=\"robots\" content=\"index, follow, max-snippet:-1, max-image-preview:large, max-video-preview:-1\" \/>\n<link rel=\"canonical\" href=\"https:\/\/shop.bantam.ch\/fr\/produit\/antigel-organic-anti-freeze-pour-systemes-deau-potable-et-de-toilettes-5-l\/\" \/>\n<meta property=\"og:locale\" content=\"fr_FR\" \/>\n<meta property=\"og:type\" content=\"article\" \/>\n<meta property=\"og:title\" content=\"Antigel Organic Anti-Freeze pour syst\u00e8mes d&#039;eau potable et de toilettes, 5 L - Bantam Wankm\u00fcller SA\" \/>\n<meta property=\"og:description\" content=\"Yachticon Organic Anti-Freeze est un antigel \u00e0 base de plantes pour les syst\u00e8mes d&rsquo;eau potable et de toilettes. Il est compos\u00e9 de monopropyl\u00e8ne glycol (MPG) de haute puret\u00e9 de qualit\u00e9 USP et ne contient pas de composants toxiques, ce qui le rend id\u00e9al pour les applications sensibles dans les bateaux, les camping-cars et les caravanes. [&hellip;]\" \/>\n<meta property=\"og:url\" content=\"https:\/\/shop.bantam.ch\/fr\/produit\/antigel-organic-anti-freeze-pour-systemes-deau-potable-et-de-toilettes-5-l\/\" \/>\n<meta property=\"og:site_name\" content=\"Bantam Wankm\u00fcller SA\" \/>\n<meta property=\"article:modified_time\" content=\"2026-04-18T21:59:43+00:00\" \/>\n<meta name=\"twitter:card\" content=\"summary_large_image\" \/>\n<meta name=\"twitter:label1\" content=\"Dur\u00e9e de lecture estim\u00e9e\" \/>\n\t<meta name=\"twitter:data1\" content=\"1 minute\" \/>\n<script type=\"application\/ld+json\" class=\"yoast-schema-graph\">{\"@context\":\"https:\\\/\\\/schema.org\",\"@graph\":[{\"@type\":\"WebPage\",\"@id\":\"https:\\\/\\\/shop.bantam.ch\\\/fr\\\/produit\\\/antigel-organic-anti-freeze-pour-systemes-deau-potable-et-de-toilettes-5-l\\\/\",\"url\":\"https:\\\/\\\/shop.bantam.ch\\\/fr\\\/produit\\\/antigel-organic-anti-freeze-pour-systemes-deau-potable-et-de-toilettes-5-l\\\/\",\"name\":\"Antigel Organic Anti-Freeze pour syst\u00e8mes d'eau potable et de toilettes, 5 L - Bantam Wankm\u00fcller SA\",\"isPartOf\":{\"@id\":\"https:\\\/\\\/shop.bantam.ch\\\/fr\\\/#website\"},\"primaryImageOfPage\":{\"@id\":\"https:\\\/\\\/shop.bantam.ch\\\/fr\\\/produit\\\/antigel-organic-anti-freeze-pour-systemes-deau-potable-et-de-toilettes-5-l\\\/#primaryimage\"},\"image\":{\"@id\":\"https:\\\/\\\/shop.bantam.ch\\\/fr\\\/produit\\\/antigel-organic-anti-freeze-pour-systemes-deau-potable-et-de-toilettes-5-l\\\/#primaryimage\"},\"thumbnailUrl\":\"https:\\\/\\\/shop.bantam.ch\\\/wp-content\\\/uploads\\\/2026\\\/02\\\/Movera-L-9988061100.png\",\"datePublished\":\"2026-02-04T10:13:41+00:00\",\"dateModified\":\"2026-04-18T21:59:43+00:00\",\"breadcrumb\":{\"@id\":\"https:\\\/\\\/shop.bantam.ch\\\/fr\\\/produit\\\/antigel-organic-anti-freeze-pour-systemes-deau-potable-et-de-toilettes-5-l\\\/#breadcrumb\"},\"inLanguage\":\"fr-FR\",\"potentialAction\":[{\"@type\":\"ReadAction\",\"target\":[\"https:\\\/\\\/shop.bantam.ch\\\/fr\\\/produit\\\/antigel-organic-anti-freeze-pour-systemes-deau-potable-et-de-toilettes-5-l\\\/\"]}]},{\"@type\":\"ImageObject\",\"inLanguage\":\"fr-FR\",\"@id\":\"https:\\\/\\\/shop.bantam.ch\\\/fr\\\/produit\\\/antigel-organic-anti-freeze-pour-systemes-deau-potable-et-de-toilettes-5-l\\\/#primaryimage\",\"url\":\"https:\\\/\\\/shop.bantam.ch\\\/wp-content\\\/uploads\\\/2026\\\/02\\\/Movera-L-9988061100.png\",\"contentUrl\":\"https:\\\/\\\/shop.bantam.ch\\\/wp-content\\\/uploads\\\/2026\\\/02\\\/Movera-L-9988061100.png\",\"width\":640,\"height\":640},{\"@type\":\"BreadcrumbList\",\"@id\":\"https:\\\/\\\/shop.bantam.ch\\\/fr\\\/produit\\\/antigel-organic-anti-freeze-pour-systemes-deau-potable-et-de-toilettes-5-l\\\/#breadcrumb\",\"itemListElement\":[{\"@type\":\"ListItem\",\"position\":1,\"name\":\"Accueil\",\"item\":\"https:\\\/\\\/shop.bantam.ch\\\/fr\\\/\"},{\"@type\":\"ListItem\",\"position\":2,\"name\":\"Boutique\",\"item\":\"https:\\\/\\\/shop.bantam.ch\\\/fr\\\/boutique\\\/\"},{\"@type\":\"ListItem\",\"position\":3,\"name\":\"Antigel Organic Anti-Freeze pour syst\u00e8mes d&rsquo;eau potable et de toilettes, 5 L\"}]},{\"@type\":\"WebSite\",\"@id\":\"https:\\\/\\\/shop.bantam.ch\\\/fr\\\/#website\",\"url\":\"https:\\\/\\\/shop.bantam.ch\\\/fr\\\/\",\"name\":\"Bantam Wankm\u00fcller SA\",\"description\":\"\",\"publisher\":{\"@id\":\"https:\\\/\\\/shop.bantam.ch\\\/fr\\\/#organization\"},\"inLanguage\":\"fr-FR\"},{\"@type\":\"Organization\",\"@id\":\"https:\\\/\\\/shop.bantam.ch\\\/fr\\\/#organization\",\"name\":\"Bantam Wankm\u00fcller SA\",\"url\":\"https:\\\/\\\/shop.bantam.ch\\\/fr\\\/\",\"logo\":{\"@type\":\"ImageObject\",\"inLanguage\":\"fr-FR\",\"@id\":\"https:\\\/\\\/shop.bantam.ch\\\/fr\\\/#\\\/schema\\\/logo\\\/image\\\/\",\"url\":\"https:\\\/\\\/shop.bantam.ch\\\/wp-content\\\/uploads\\\/2022\\\/12\\\/bantam-logo.png\",\"contentUrl\":\"https:\\\/\\\/shop.bantam.ch\\\/wp-content\\\/uploads\\\/2022\\\/12\\\/bantam-logo.png\",\"width\":320,\"height\":71,\"caption\":\"Bantam Wankm\u00fcller SA\"},\"image\":{\"@id\":\"https:\\\/\\\/shop.bantam.ch\\\/fr\\\/#\\\/schema\\\/logo\\\/image\\\/\"}}]}<\/script>\n<!-- \/ Yoast SEO plugin. -->","yoast_head_json":{"title":"Antigel Organic Anti-Freeze pour syst\u00e8mes d'eau potable et de toilettes, 5 L - Bantam Wankm\u00fcller SA","robots":{"index":"index","follow":"follow","max-snippet":"max-snippet:-1","max-image-preview":"max-image-preview:large","max-video-preview":"max-video-preview:-1"},"canonical":"https:\/\/shop.bantam.ch\/fr\/produit\/antigel-organic-anti-freeze-pour-systemes-deau-potable-et-de-toilettes-5-l\/","og_locale":"fr_FR","og_type":"article","og_title":"Antigel Organic Anti-Freeze pour syst\u00e8mes d'eau potable et de toilettes, 5 L - Bantam Wankm\u00fcller SA","og_description":"Yachticon Organic Anti-Freeze est un antigel \u00e0 base de plantes pour les syst\u00e8mes d&rsquo;eau potable et de toilettes. Il est compos\u00e9 de monopropyl\u00e8ne glycol (MPG) de haute puret\u00e9 de qualit\u00e9 USP et ne contient pas de composants toxiques, ce qui le rend id\u00e9al pour les applications sensibles dans les bateaux, les camping-cars et les caravanes. [&hellip;]","og_url":"https:\/\/shop.bantam.ch\/fr\/produit\/antigel-organic-anti-freeze-pour-systemes-deau-potable-et-de-toilettes-5-l\/","og_site_name":"Bantam Wankm\u00fcller SA","article_modified_time":"2026-04-18T21:59:43+00:00","twitter_card":"summary_large_image","twitter_misc":{"Dur\u00e9e de lecture estim\u00e9e":"1 minute"},"schema":{"@context":"https:\/\/schema.org","@graph":[{"@type":"WebPage","@id":"https:\/\/shop.bantam.ch\/fr\/produit\/antigel-organic-anti-freeze-pour-systemes-deau-potable-et-de-toilettes-5-l\/","url":"https:\/\/shop.bantam.ch\/fr\/produit\/antigel-organic-anti-freeze-pour-systemes-deau-potable-et-de-toilettes-5-l\/","name":"Antigel Organic Anti-Freeze pour syst\u00e8mes d'eau potable et de toilettes, 5 L - Bantam Wankm\u00fcller SA","isPartOf":{"@id":"https:\/\/shop.bantam.ch\/fr\/#website"},"primaryImageOfPage":{"@id":"https:\/\/shop.bantam.ch\/fr\/produit\/antigel-organic-anti-freeze-pour-systemes-deau-potable-et-de-toilettes-5-l\/#primaryimage"},"image":{"@id":"https:\/\/shop.bantam.ch\/fr\/produit\/antigel-organic-anti-freeze-pour-systemes-deau-potable-et-de-toilettes-5-l\/#primaryimage"},"thumbnailUrl":"https:\/\/shop.bantam.ch\/wp-content\/uploads\/2026\/02\/Movera-L-9988061100.png","datePublished":"2026-02-04T10:13:41+00:00","dateModified":"2026-04-18T21:59:43+00:00","breadcrumb":{"@id":"https:\/\/shop.bantam.ch\/fr\/produit\/antigel-organic-anti-freeze-pour-systemes-deau-potable-et-de-toilettes-5-l\/#breadcrumb"},"inLanguage":"fr-FR","potentialAction":[{"@type":"ReadAction","target":["https:\/\/shop.bantam.ch\/fr\/produit\/antigel-organic-anti-freeze-pour-systemes-deau-potable-et-de-toilettes-5-l\/"]}]},{"@type":"ImageObject","inLanguage":"fr-FR","@id":"https:\/\/shop.bantam.ch\/fr\/produit\/antigel-organic-anti-freeze-pour-systemes-deau-potable-et-de-toilettes-5-l\/#primaryimage","url":"https:\/\/shop.bantam.ch\/wp-content\/uploads\/2026\/02\/Movera-L-9988061100.png","contentUrl":"https:\/\/shop.bantam.ch\/wp-content\/uploads\/2026\/02\/Movera-L-9988061100.png","width":640,"height":640},{"@type":"BreadcrumbList","@id":"https:\/\/shop.bantam.ch\/fr\/produit\/antigel-organic-anti-freeze-pour-systemes-deau-potable-et-de-toilettes-5-l\/#breadcrumb","itemListElement":[{"@type":"ListItem","position":1,"name":"Accueil","item":"https:\/\/shop.bantam.ch\/fr\/"},{"@type":"ListItem","position":2,"name":"Boutique","item":"https:\/\/shop.bantam.ch\/fr\/boutique\/"},{"@type":"ListItem","position":3,"name":"Antigel Organic Anti-Freeze pour syst\u00e8mes d&rsquo;eau potable et de toilettes, 5 L"}]},{"@type":"WebSite","@id":"https:\/\/shop.bantam.ch\/fr\/#website","url":"https:\/\/shop.bantam.ch\/fr\/","name":"Bantam Wankm\u00fcller SA","description":"","publisher":{"@id":"https:\/\/shop.bantam.ch\/fr\/#organization"},"inLanguage":"fr-FR"},{"@type":"Organization","@id":"https:\/\/shop.bantam.ch\/fr\/#organization","name":"Bantam Wankm\u00fcller SA","url":"https:\/\/shop.bantam.ch\/fr\/","logo":{"@type":"ImageObject","inLanguage":"fr-FR","@id":"https:\/\/shop.bantam.ch\/fr\/#\/schema\/logo\/image\/","url":"https:\/\/shop.bantam.ch\/wp-content\/uploads\/2022\/12\/bantam-logo.png","contentUrl":"https:\/\/shop.bantam.ch\/wp-content\/uploads\/2022\/12\/bantam-logo.png","width":320,"height":71,"caption":"Bantam Wankm\u00fcller SA"},"image":{"@id":"https:\/\/shop.bantam.ch\/fr\/#\/schema\/logo\/image\/"}}]}},"_links":{"self":[{"href":"https:\/\/shop.bantam.ch\/fr\/wp-json\/wp\/v2\/product\/233625","targetHints":{"allow":["GET"]}}],"collection":[{"href":"https:\/\/shop.bantam.ch\/fr\/wp-json\/wp\/v2\/product"}],"about":[{"href":"https:\/\/shop.bantam.ch\/fr\/wp-json\/wp\/v2\/types\/product"}],"wp:featuredmedia":[{"embeddable":true,"href":"https:\/\/shop.bantam.ch\/fr\/wp-json\/wp\/v2\/media\/233623"}],"wp:attachment":[{"href":"https:\/\/shop.bantam.ch\/fr\/wp-json\/wp\/v2\/media?parent=233625"}],"wp:term":[{"taxonomy":"product_featured_cat","embeddable":true,"href":"https:\/\/shop.bantam.ch\/fr\/wp-json\/wp\/v2\/product_featured_cat?post=233625"},{"taxonomy":"product_brand","embeddable":true,"href":"https:\/\/shop.bantam.ch\/fr\/wp-json\/wp\/v2\/product_brand?post=233625"},{"taxonomy":"product_cat","embeddable":true,"href":"https:\/\/shop.bantam.ch\/fr\/wp-json\/wp\/v2\/product_cat?post=233625"},{"taxonomy":"product_tag","embeddable":true,"href":"https:\/\/shop.bantam.ch\/fr\/wp-json\/wp\/v2\/product_tag?post=233625"}],"curies":[{"name":"wp","href":"https:\/\/api.w.org\/{rel}","templated":true}]}}