{"id":233447,"date":"2026-02-04T11:10:05","date_gmt":"2026-02-04T10:10:05","guid":{"rendered":"https:\/\/shop.bantam.ch\/produit\/radiateur-brunner-devil-megaheater-l-couleur-noir\/"},"modified":"2026-04-18T23:59:28","modified_gmt":"2026-04-18T21:59:28","slug":"radiateur-brunner-devil-megaheater-l-couleur-noir","status":"publish","type":"product","link":"https:\/\/shop.bantam.ch\/fr\/produit\/radiateur-brunner-devil-megaheater-l-couleur-noir\/","title":{"rendered":"Radiateur BRUNNER Devil Megaheater L Couleur noir"},"content":{"rendered":"<p><!--StartFragment -->Chauffage au gaz portable \u00e0 haut rendement. Cet appareil dispose de carreaux chauffants pour une r\u00e9partition optimale de la chaleur et fonctionne sans \u00e9lectricit\u00e9, ce qui en fait une solution de chauffage extr\u00eamement fiable. \u00c9quip\u00e9 de plusieurs dispositifs de s\u00e9curit\u00e9, dont un capteur de manque d&rsquo;oxyg\u00e8ne et une s\u00e9curit\u00e9 d&rsquo;allumage, vous pouvez utiliser l&rsquo;appareil sans souci. Compact et l\u00e9ger, cet a\u00e9rotherme est facile \u00e0 transporter et \u00e0 ranger et convient parfaitement \u00e0 une utilisation \u00e0 l&rsquo;int\u00e9rieur et \u00e0 l&rsquo;ext\u00e9rieur.<\/p>\n<\/p>\n<p>CARACTERISTIQUES :<\/p>\n<p>Puissance : 2,4 kW<\/p>\n<p>Grande poign\u00e9e pour un transport confortable et s\u00fbr &#8211; Allumage pi\u00e9zo\u00e9lectrique<\/p>\n<p>Grille de protection<\/p>\n<p>Soupape de r\u00e9duction de pression de haute qualit\u00e9<\/p>\n<p>Carreaux rayonnants \u00e0 haute efficacit\u00e9<\/p>\n<p>Fonctionne avec des cartouches de gaz standard avec filetage EN417 (450 g) et des bouteilles de gaz (tuyau de gaz 1\/4&rsquo;L inclus)<\/p>\n<p>Lumi\u00e8re LED int\u00e9gr\u00e9e avec interrupteur<\/p>\n<p>Simple et facile \u00e0 utiliser<\/p>\n<p><!--EndFragment --><\/p>\n","protected":false},"excerpt":{"rendered":"<p>Chauffage au gaz portable \u00e0 haut rendement. Cet appareil dispose de carreaux chauffants pour une r\u00e9partition optimale de la chaleur et fonctionne sans \u00e9lectricit\u00e9, ce qui en fait une solution de chauffage extr\u00eamement fiable. \u00c9quip\u00e9 de plusieurs dispositifs de s\u00e9curit\u00e9, dont un capteur de manque d&rsquo;oxyg\u00e8ne et une s\u00e9curit\u00e9 d&rsquo;allumage, vous pouvez utiliser l&rsquo;appareil sans [&hellip;]<\/p>\n","protected":false},"featured_media":233439,"template":"","meta":{"_acf_changed":false},"product_featured_cat":[],"product_brand":[],"product_cat":[4077],"product_tag":[],"class_list":{"0":"post-233447","1":"product","2":"type-product","3":"status-publish","4":"has-post-thumbnail","6":"product_cat-chauffages-de-camping","8":"first","9":"instock","10":"taxable","11":"shipping-taxable","12":"purchasable","13":"product-type-simple"},"acf":[],"yoast_head":"<!-- This site is optimized with the Yoast SEO plugin v27.4 - https:\/\/yoast.com\/product\/yoast-seo-wordpress\/ -->\n<title>Radiateur BRUNNER Devil Megaheater L Couleur noir - Bantam Wankm\u00fcller SA<\/title>\n<meta name=\"robots\" content=\"index, follow, max-snippet:-1, max-image-preview:large, max-video-preview:-1\" \/>\n<link rel=\"canonical\" href=\"https:\/\/shop.bantam.ch\/fr\/produit\/radiateur-brunner-devil-megaheater-l-couleur-noir\/\" \/>\n<meta property=\"og:locale\" content=\"fr_FR\" \/>\n<meta property=\"og:type\" content=\"article\" \/>\n<meta property=\"og:title\" content=\"Radiateur BRUNNER Devil Megaheater L Couleur noir - Bantam Wankm\u00fcller SA\" \/>\n<meta property=\"og:description\" content=\"Chauffage au gaz portable \u00e0 haut rendement. Cet appareil dispose de carreaux chauffants pour une r\u00e9partition optimale de la chaleur et fonctionne sans \u00e9lectricit\u00e9, ce qui en fait une solution de chauffage extr\u00eamement fiable. \u00c9quip\u00e9 de plusieurs dispositifs de s\u00e9curit\u00e9, dont un capteur de manque d&rsquo;oxyg\u00e8ne et une s\u00e9curit\u00e9 d&rsquo;allumage, vous pouvez utiliser l&rsquo;appareil sans [&hellip;]\" \/>\n<meta property=\"og:url\" content=\"https:\/\/shop.bantam.ch\/fr\/produit\/radiateur-brunner-devil-megaheater-l-couleur-noir\/\" \/>\n<meta property=\"og:site_name\" content=\"Bantam Wankm\u00fcller SA\" \/>\n<meta property=\"article:modified_time\" content=\"2026-04-18T21:59:28+00:00\" \/>\n<meta name=\"twitter:card\" content=\"summary_large_image\" \/>\n<meta name=\"twitter:label1\" content=\"Dur\u00e9e de lecture estim\u00e9e\" \/>\n\t<meta name=\"twitter:data1\" content=\"1 minute\" \/>\n<script type=\"application\/ld+json\" class=\"yoast-schema-graph\">{\"@context\":\"https:\\\/\\\/schema.org\",\"@graph\":[{\"@type\":\"WebPage\",\"@id\":\"https:\\\/\\\/shop.bantam.ch\\\/fr\\\/produit\\\/radiateur-brunner-devil-megaheater-l-couleur-noir\\\/\",\"url\":\"https:\\\/\\\/shop.bantam.ch\\\/fr\\\/produit\\\/radiateur-brunner-devil-megaheater-l-couleur-noir\\\/\",\"name\":\"Radiateur BRUNNER Devil Megaheater L Couleur noir - Bantam Wankm\u00fcller SA\",\"isPartOf\":{\"@id\":\"https:\\\/\\\/shop.bantam.ch\\\/fr\\\/#website\"},\"primaryImageOfPage\":{\"@id\":\"https:\\\/\\\/shop.bantam.ch\\\/fr\\\/produit\\\/radiateur-brunner-devil-megaheater-l-couleur-noir\\\/#primaryimage\"},\"image\":{\"@id\":\"https:\\\/\\\/shop.bantam.ch\\\/fr\\\/produit\\\/radiateur-brunner-devil-megaheater-l-couleur-noir\\\/#primaryimage\"},\"thumbnailUrl\":\"https:\\\/\\\/shop.bantam.ch\\\/wp-content\\\/uploads\\\/2026\\\/02\\\/Movera-L-9976258100.jpg\",\"datePublished\":\"2026-02-04T10:10:05+00:00\",\"dateModified\":\"2026-04-18T21:59:28+00:00\",\"breadcrumb\":{\"@id\":\"https:\\\/\\\/shop.bantam.ch\\\/fr\\\/produit\\\/radiateur-brunner-devil-megaheater-l-couleur-noir\\\/#breadcrumb\"},\"inLanguage\":\"fr-FR\",\"potentialAction\":[{\"@type\":\"ReadAction\",\"target\":[\"https:\\\/\\\/shop.bantam.ch\\\/fr\\\/produit\\\/radiateur-brunner-devil-megaheater-l-couleur-noir\\\/\"]}]},{\"@type\":\"ImageObject\",\"inLanguage\":\"fr-FR\",\"@id\":\"https:\\\/\\\/shop.bantam.ch\\\/fr\\\/produit\\\/radiateur-brunner-devil-megaheater-l-couleur-noir\\\/#primaryimage\",\"url\":\"https:\\\/\\\/shop.bantam.ch\\\/wp-content\\\/uploads\\\/2026\\\/02\\\/Movera-L-9976258100.jpg\",\"contentUrl\":\"https:\\\/\\\/shop.bantam.ch\\\/wp-content\\\/uploads\\\/2026\\\/02\\\/Movera-L-9976258100.jpg\",\"width\":80,\"height\":80},{\"@type\":\"BreadcrumbList\",\"@id\":\"https:\\\/\\\/shop.bantam.ch\\\/fr\\\/produit\\\/radiateur-brunner-devil-megaheater-l-couleur-noir\\\/#breadcrumb\",\"itemListElement\":[{\"@type\":\"ListItem\",\"position\":1,\"name\":\"Accueil\",\"item\":\"https:\\\/\\\/shop.bantam.ch\\\/fr\\\/\"},{\"@type\":\"ListItem\",\"position\":2,\"name\":\"Boutique\",\"item\":\"https:\\\/\\\/shop.bantam.ch\\\/fr\\\/boutique\\\/\"},{\"@type\":\"ListItem\",\"position\":3,\"name\":\"Radiateur BRUNNER Devil Megaheater L Couleur noir\"}]},{\"@type\":\"WebSite\",\"@id\":\"https:\\\/\\\/shop.bantam.ch\\\/fr\\\/#website\",\"url\":\"https:\\\/\\\/shop.bantam.ch\\\/fr\\\/\",\"name\":\"Bantam Wankm\u00fcller SA\",\"description\":\"\",\"publisher\":{\"@id\":\"https:\\\/\\\/shop.bantam.ch\\\/fr\\\/#organization\"},\"inLanguage\":\"fr-FR\"},{\"@type\":\"Organization\",\"@id\":\"https:\\\/\\\/shop.bantam.ch\\\/fr\\\/#organization\",\"name\":\"Bantam Wankm\u00fcller SA\",\"url\":\"https:\\\/\\\/shop.bantam.ch\\\/fr\\\/\",\"logo\":{\"@type\":\"ImageObject\",\"inLanguage\":\"fr-FR\",\"@id\":\"https:\\\/\\\/shop.bantam.ch\\\/fr\\\/#\\\/schema\\\/logo\\\/image\\\/\",\"url\":\"https:\\\/\\\/shop.bantam.ch\\\/wp-content\\\/uploads\\\/2022\\\/12\\\/bantam-logo.png\",\"contentUrl\":\"https:\\\/\\\/shop.bantam.ch\\\/wp-content\\\/uploads\\\/2022\\\/12\\\/bantam-logo.png\",\"width\":320,\"height\":71,\"caption\":\"Bantam Wankm\u00fcller SA\"},\"image\":{\"@id\":\"https:\\\/\\\/shop.bantam.ch\\\/fr\\\/#\\\/schema\\\/logo\\\/image\\\/\"}}]}<\/script>\n<!-- \/ Yoast SEO plugin. -->","yoast_head_json":{"title":"Radiateur BRUNNER Devil Megaheater L Couleur noir - Bantam Wankm\u00fcller SA","robots":{"index":"index","follow":"follow","max-snippet":"max-snippet:-1","max-image-preview":"max-image-preview:large","max-video-preview":"max-video-preview:-1"},"canonical":"https:\/\/shop.bantam.ch\/fr\/produit\/radiateur-brunner-devil-megaheater-l-couleur-noir\/","og_locale":"fr_FR","og_type":"article","og_title":"Radiateur BRUNNER Devil Megaheater L Couleur noir - Bantam Wankm\u00fcller SA","og_description":"Chauffage au gaz portable \u00e0 haut rendement. Cet appareil dispose de carreaux chauffants pour une r\u00e9partition optimale de la chaleur et fonctionne sans \u00e9lectricit\u00e9, ce qui en fait une solution de chauffage extr\u00eamement fiable. \u00c9quip\u00e9 de plusieurs dispositifs de s\u00e9curit\u00e9, dont un capteur de manque d&rsquo;oxyg\u00e8ne et une s\u00e9curit\u00e9 d&rsquo;allumage, vous pouvez utiliser l&rsquo;appareil sans [&hellip;]","og_url":"https:\/\/shop.bantam.ch\/fr\/produit\/radiateur-brunner-devil-megaheater-l-couleur-noir\/","og_site_name":"Bantam Wankm\u00fcller SA","article_modified_time":"2026-04-18T21:59:28+00:00","twitter_card":"summary_large_image","twitter_misc":{"Dur\u00e9e de lecture estim\u00e9e":"1 minute"},"schema":{"@context":"https:\/\/schema.org","@graph":[{"@type":"WebPage","@id":"https:\/\/shop.bantam.ch\/fr\/produit\/radiateur-brunner-devil-megaheater-l-couleur-noir\/","url":"https:\/\/shop.bantam.ch\/fr\/produit\/radiateur-brunner-devil-megaheater-l-couleur-noir\/","name":"Radiateur BRUNNER Devil Megaheater L Couleur noir - Bantam Wankm\u00fcller SA","isPartOf":{"@id":"https:\/\/shop.bantam.ch\/fr\/#website"},"primaryImageOfPage":{"@id":"https:\/\/shop.bantam.ch\/fr\/produit\/radiateur-brunner-devil-megaheater-l-couleur-noir\/#primaryimage"},"image":{"@id":"https:\/\/shop.bantam.ch\/fr\/produit\/radiateur-brunner-devil-megaheater-l-couleur-noir\/#primaryimage"},"thumbnailUrl":"https:\/\/shop.bantam.ch\/wp-content\/uploads\/2026\/02\/Movera-L-9976258100.jpg","datePublished":"2026-02-04T10:10:05+00:00","dateModified":"2026-04-18T21:59:28+00:00","breadcrumb":{"@id":"https:\/\/shop.bantam.ch\/fr\/produit\/radiateur-brunner-devil-megaheater-l-couleur-noir\/#breadcrumb"},"inLanguage":"fr-FR","potentialAction":[{"@type":"ReadAction","target":["https:\/\/shop.bantam.ch\/fr\/produit\/radiateur-brunner-devil-megaheater-l-couleur-noir\/"]}]},{"@type":"ImageObject","inLanguage":"fr-FR","@id":"https:\/\/shop.bantam.ch\/fr\/produit\/radiateur-brunner-devil-megaheater-l-couleur-noir\/#primaryimage","url":"https:\/\/shop.bantam.ch\/wp-content\/uploads\/2026\/02\/Movera-L-9976258100.jpg","contentUrl":"https:\/\/shop.bantam.ch\/wp-content\/uploads\/2026\/02\/Movera-L-9976258100.jpg","width":80,"height":80},{"@type":"BreadcrumbList","@id":"https:\/\/shop.bantam.ch\/fr\/produit\/radiateur-brunner-devil-megaheater-l-couleur-noir\/#breadcrumb","itemListElement":[{"@type":"ListItem","position":1,"name":"Accueil","item":"https:\/\/shop.bantam.ch\/fr\/"},{"@type":"ListItem","position":2,"name":"Boutique","item":"https:\/\/shop.bantam.ch\/fr\/boutique\/"},{"@type":"ListItem","position":3,"name":"Radiateur BRUNNER Devil Megaheater L Couleur noir"}]},{"@type":"WebSite","@id":"https:\/\/shop.bantam.ch\/fr\/#website","url":"https:\/\/shop.bantam.ch\/fr\/","name":"Bantam Wankm\u00fcller SA","description":"","publisher":{"@id":"https:\/\/shop.bantam.ch\/fr\/#organization"},"inLanguage":"fr-FR"},{"@type":"Organization","@id":"https:\/\/shop.bantam.ch\/fr\/#organization","name":"Bantam Wankm\u00fcller SA","url":"https:\/\/shop.bantam.ch\/fr\/","logo":{"@type":"ImageObject","inLanguage":"fr-FR","@id":"https:\/\/shop.bantam.ch\/fr\/#\/schema\/logo\/image\/","url":"https:\/\/shop.bantam.ch\/wp-content\/uploads\/2022\/12\/bantam-logo.png","contentUrl":"https:\/\/shop.bantam.ch\/wp-content\/uploads\/2022\/12\/bantam-logo.png","width":320,"height":71,"caption":"Bantam Wankm\u00fcller SA"},"image":{"@id":"https:\/\/shop.bantam.ch\/fr\/#\/schema\/logo\/image\/"}}]}},"_links":{"self":[{"href":"https:\/\/shop.bantam.ch\/fr\/wp-json\/wp\/v2\/product\/233447","targetHints":{"allow":["GET"]}}],"collection":[{"href":"https:\/\/shop.bantam.ch\/fr\/wp-json\/wp\/v2\/product"}],"about":[{"href":"https:\/\/shop.bantam.ch\/fr\/wp-json\/wp\/v2\/types\/product"}],"wp:featuredmedia":[{"embeddable":true,"href":"https:\/\/shop.bantam.ch\/fr\/wp-json\/wp\/v2\/media\/233439"}],"wp:attachment":[{"href":"https:\/\/shop.bantam.ch\/fr\/wp-json\/wp\/v2\/media?parent=233447"}],"wp:term":[{"taxonomy":"product_featured_cat","embeddable":true,"href":"https:\/\/shop.bantam.ch\/fr\/wp-json\/wp\/v2\/product_featured_cat?post=233447"},{"taxonomy":"product_brand","embeddable":true,"href":"https:\/\/shop.bantam.ch\/fr\/wp-json\/wp\/v2\/product_brand?post=233447"},{"taxonomy":"product_cat","embeddable":true,"href":"https:\/\/shop.bantam.ch\/fr\/wp-json\/wp\/v2\/product_cat?post=233447"},{"taxonomy":"product_tag","embeddable":true,"href":"https:\/\/shop.bantam.ch\/fr\/wp-json\/wp\/v2\/product_tag?post=233447"}],"curies":[{"name":"wp","href":"https:\/\/api.w.org\/{rel}","templated":true}]}}