{"id":233425,"date":"2026-02-04T11:09:37","date_gmt":"2026-02-04T10:09:37","guid":{"rendered":"https:\/\/shop.bantam.ch\/produit\/multimoniteur-ultra-wide-touch-93-em-902m-h-a-9-2-canaux\/"},"modified":"2026-04-22T00:00:53","modified_gmt":"2026-04-21T22:00:53","slug":"multimoniteur-ultra-wide-touch-93-em-902m-h-a-9-2-canaux","status":"publish","type":"product","link":"https:\/\/shop.bantam.ch\/fr\/produit\/multimoniteur-ultra-wide-touch-93-em-902m-h-a-9-2-canaux\/","title":{"rendered":"Multimoniteur Ultra Wide Touch 9,3 EM-902M H-A 9 2 canaux"},"content":{"rendered":"<p><!--StartFragment -->Moniteur tactile CAMOS Ultrawide Multiview 2 canaux pour AHD\/TVI\/CVBS<\/p>\n<ul>\n<li>2 entr\u00e9es de cam\u00e9ra<\/li>\n<li>\u00c9cran tactile<\/li>\n<li>\u00c9cran partag\u00e9<\/li>\n<li>Lignes auxiliaires r\u00e9glables<\/li>\n<li>Compatible avec AHD\/TVI\/CVBS<\/li>\n<li>Zones de visualisation r\u00e9glables<\/li>\n<li>Commutation de la cam\u00e9ra command\u00e9e par d\u00e9clencheur<\/li>\n<\/ul>\n<p><!--EndFragment --><\/p>\n","protected":false},"excerpt":{"rendered":"<p>Moniteur tactile CAMOS Ultrawide Multiview 2 canaux pour AHD\/TVI\/CVBS 2 entr\u00e9es de cam\u00e9ra \u00c9cran tactile \u00c9cran partag\u00e9 Lignes auxiliaires r\u00e9glables Compatible avec AHD\/TVI\/CVBS Zones de visualisation r\u00e9glables Commutation de la cam\u00e9ra command\u00e9e par d\u00e9clencheur<\/p>\n","protected":false},"featured_media":233423,"template":"","meta":{"_acf_changed":false},"product_featured_cat":[],"product_brand":[],"product_cat":[4999],"product_tag":[],"class_list":{"0":"post-233425","1":"product","2":"type-product","3":"status-publish","4":"has-post-thumbnail","6":"product_cat-moniteurs","8":"first","9":"instock","10":"taxable","11":"shipping-taxable","12":"purchasable","13":"product-type-simple"},"acf":[],"yoast_head":"<!-- This site is optimized with the Yoast SEO plugin v27.4 - https:\/\/yoast.com\/product\/yoast-seo-wordpress\/ -->\n<title>Multimoniteur Ultra Wide Touch 9,3 EM-902M H-A 9 2 canaux - Bantam Wankm\u00fcller SA<\/title>\n<meta name=\"robots\" content=\"index, follow, max-snippet:-1, max-image-preview:large, max-video-preview:-1\" \/>\n<link rel=\"canonical\" href=\"https:\/\/shop.bantam.ch\/fr\/produit\/multimoniteur-ultra-wide-touch-93-em-902m-h-a-9-2-canaux\/\" \/>\n<meta property=\"og:locale\" content=\"fr_FR\" \/>\n<meta property=\"og:type\" content=\"article\" \/>\n<meta property=\"og:title\" content=\"Multimoniteur Ultra Wide Touch 9,3 EM-902M H-A 9 2 canaux - Bantam Wankm\u00fcller SA\" \/>\n<meta property=\"og:description\" content=\"Moniteur tactile CAMOS Ultrawide Multiview 2 canaux pour AHD\/TVI\/CVBS 2 entr\u00e9es de cam\u00e9ra \u00c9cran tactile \u00c9cran partag\u00e9 Lignes auxiliaires r\u00e9glables Compatible avec AHD\/TVI\/CVBS Zones de visualisation r\u00e9glables Commutation de la cam\u00e9ra command\u00e9e par d\u00e9clencheur\" \/>\n<meta property=\"og:url\" content=\"https:\/\/shop.bantam.ch\/fr\/produit\/multimoniteur-ultra-wide-touch-93-em-902m-h-a-9-2-canaux\/\" \/>\n<meta property=\"og:site_name\" content=\"Bantam Wankm\u00fcller SA\" \/>\n<meta property=\"article:modified_time\" content=\"2026-04-21T22:00:53+00:00\" \/>\n<meta name=\"twitter:card\" content=\"summary_large_image\" \/>\n<script type=\"application\/ld+json\" class=\"yoast-schema-graph\">{\"@context\":\"https:\\\/\\\/schema.org\",\"@graph\":[{\"@type\":\"WebPage\",\"@id\":\"https:\\\/\\\/shop.bantam.ch\\\/fr\\\/produit\\\/multimoniteur-ultra-wide-touch-93-em-902m-h-a-9-2-canaux\\\/\",\"url\":\"https:\\\/\\\/shop.bantam.ch\\\/fr\\\/produit\\\/multimoniteur-ultra-wide-touch-93-em-902m-h-a-9-2-canaux\\\/\",\"name\":\"Multimoniteur Ultra Wide Touch 9,3 EM-902M H-A 9 2 canaux - Bantam Wankm\u00fcller SA\",\"isPartOf\":{\"@id\":\"https:\\\/\\\/shop.bantam.ch\\\/fr\\\/#website\"},\"primaryImageOfPage\":{\"@id\":\"https:\\\/\\\/shop.bantam.ch\\\/fr\\\/produit\\\/multimoniteur-ultra-wide-touch-93-em-902m-h-a-9-2-canaux\\\/#primaryimage\"},\"image\":{\"@id\":\"https:\\\/\\\/shop.bantam.ch\\\/fr\\\/produit\\\/multimoniteur-ultra-wide-touch-93-em-902m-h-a-9-2-canaux\\\/#primaryimage\"},\"thumbnailUrl\":\"https:\\\/\\\/shop.bantam.ch\\\/wp-content\\\/uploads\\\/2026\\\/02\\\/Movera-L-9976238100.png\",\"datePublished\":\"2026-02-04T10:09:37+00:00\",\"dateModified\":\"2026-04-21T22:00:53+00:00\",\"breadcrumb\":{\"@id\":\"https:\\\/\\\/shop.bantam.ch\\\/fr\\\/produit\\\/multimoniteur-ultra-wide-touch-93-em-902m-h-a-9-2-canaux\\\/#breadcrumb\"},\"inLanguage\":\"fr-FR\",\"potentialAction\":[{\"@type\":\"ReadAction\",\"target\":[\"https:\\\/\\\/shop.bantam.ch\\\/fr\\\/produit\\\/multimoniteur-ultra-wide-touch-93-em-902m-h-a-9-2-canaux\\\/\"]}]},{\"@type\":\"ImageObject\",\"inLanguage\":\"fr-FR\",\"@id\":\"https:\\\/\\\/shop.bantam.ch\\\/fr\\\/produit\\\/multimoniteur-ultra-wide-touch-93-em-902m-h-a-9-2-canaux\\\/#primaryimage\",\"url\":\"https:\\\/\\\/shop.bantam.ch\\\/wp-content\\\/uploads\\\/2026\\\/02\\\/Movera-L-9976238100.png\",\"contentUrl\":\"https:\\\/\\\/shop.bantam.ch\\\/wp-content\\\/uploads\\\/2026\\\/02\\\/Movera-L-9976238100.png\",\"width\":640,\"height\":960},{\"@type\":\"BreadcrumbList\",\"@id\":\"https:\\\/\\\/shop.bantam.ch\\\/fr\\\/produit\\\/multimoniteur-ultra-wide-touch-93-em-902m-h-a-9-2-canaux\\\/#breadcrumb\",\"itemListElement\":[{\"@type\":\"ListItem\",\"position\":1,\"name\":\"Accueil\",\"item\":\"https:\\\/\\\/shop.bantam.ch\\\/fr\\\/\"},{\"@type\":\"ListItem\",\"position\":2,\"name\":\"Boutique\",\"item\":\"https:\\\/\\\/shop.bantam.ch\\\/fr\\\/boutique\\\/\"},{\"@type\":\"ListItem\",\"position\":3,\"name\":\"Multimoniteur Ultra Wide Touch 9,3 EM-902M H-A 9 2 canaux\"}]},{\"@type\":\"WebSite\",\"@id\":\"https:\\\/\\\/shop.bantam.ch\\\/fr\\\/#website\",\"url\":\"https:\\\/\\\/shop.bantam.ch\\\/fr\\\/\",\"name\":\"Bantam Wankm\u00fcller SA\",\"description\":\"\",\"publisher\":{\"@id\":\"https:\\\/\\\/shop.bantam.ch\\\/fr\\\/#organization\"},\"inLanguage\":\"fr-FR\"},{\"@type\":\"Organization\",\"@id\":\"https:\\\/\\\/shop.bantam.ch\\\/fr\\\/#organization\",\"name\":\"Bantam Wankm\u00fcller SA\",\"url\":\"https:\\\/\\\/shop.bantam.ch\\\/fr\\\/\",\"logo\":{\"@type\":\"ImageObject\",\"inLanguage\":\"fr-FR\",\"@id\":\"https:\\\/\\\/shop.bantam.ch\\\/fr\\\/#\\\/schema\\\/logo\\\/image\\\/\",\"url\":\"https:\\\/\\\/shop.bantam.ch\\\/wp-content\\\/uploads\\\/2022\\\/12\\\/bantam-logo.png\",\"contentUrl\":\"https:\\\/\\\/shop.bantam.ch\\\/wp-content\\\/uploads\\\/2022\\\/12\\\/bantam-logo.png\",\"width\":320,\"height\":71,\"caption\":\"Bantam Wankm\u00fcller SA\"},\"image\":{\"@id\":\"https:\\\/\\\/shop.bantam.ch\\\/fr\\\/#\\\/schema\\\/logo\\\/image\\\/\"}}]}<\/script>\n<!-- \/ Yoast SEO plugin. -->","yoast_head_json":{"title":"Multimoniteur Ultra Wide Touch 9,3 EM-902M H-A 9 2 canaux - Bantam Wankm\u00fcller SA","robots":{"index":"index","follow":"follow","max-snippet":"max-snippet:-1","max-image-preview":"max-image-preview:large","max-video-preview":"max-video-preview:-1"},"canonical":"https:\/\/shop.bantam.ch\/fr\/produit\/multimoniteur-ultra-wide-touch-93-em-902m-h-a-9-2-canaux\/","og_locale":"fr_FR","og_type":"article","og_title":"Multimoniteur Ultra Wide Touch 9,3 EM-902M H-A 9 2 canaux - Bantam Wankm\u00fcller SA","og_description":"Moniteur tactile CAMOS Ultrawide Multiview 2 canaux pour AHD\/TVI\/CVBS 2 entr\u00e9es de cam\u00e9ra \u00c9cran tactile \u00c9cran partag\u00e9 Lignes auxiliaires r\u00e9glables Compatible avec AHD\/TVI\/CVBS Zones de visualisation r\u00e9glables Commutation de la cam\u00e9ra command\u00e9e par d\u00e9clencheur","og_url":"https:\/\/shop.bantam.ch\/fr\/produit\/multimoniteur-ultra-wide-touch-93-em-902m-h-a-9-2-canaux\/","og_site_name":"Bantam Wankm\u00fcller SA","article_modified_time":"2026-04-21T22:00:53+00:00","twitter_card":"summary_large_image","schema":{"@context":"https:\/\/schema.org","@graph":[{"@type":"WebPage","@id":"https:\/\/shop.bantam.ch\/fr\/produit\/multimoniteur-ultra-wide-touch-93-em-902m-h-a-9-2-canaux\/","url":"https:\/\/shop.bantam.ch\/fr\/produit\/multimoniteur-ultra-wide-touch-93-em-902m-h-a-9-2-canaux\/","name":"Multimoniteur Ultra Wide Touch 9,3 EM-902M H-A 9 2 canaux - Bantam Wankm\u00fcller SA","isPartOf":{"@id":"https:\/\/shop.bantam.ch\/fr\/#website"},"primaryImageOfPage":{"@id":"https:\/\/shop.bantam.ch\/fr\/produit\/multimoniteur-ultra-wide-touch-93-em-902m-h-a-9-2-canaux\/#primaryimage"},"image":{"@id":"https:\/\/shop.bantam.ch\/fr\/produit\/multimoniteur-ultra-wide-touch-93-em-902m-h-a-9-2-canaux\/#primaryimage"},"thumbnailUrl":"https:\/\/shop.bantam.ch\/wp-content\/uploads\/2026\/02\/Movera-L-9976238100.png","datePublished":"2026-02-04T10:09:37+00:00","dateModified":"2026-04-21T22:00:53+00:00","breadcrumb":{"@id":"https:\/\/shop.bantam.ch\/fr\/produit\/multimoniteur-ultra-wide-touch-93-em-902m-h-a-9-2-canaux\/#breadcrumb"},"inLanguage":"fr-FR","potentialAction":[{"@type":"ReadAction","target":["https:\/\/shop.bantam.ch\/fr\/produit\/multimoniteur-ultra-wide-touch-93-em-902m-h-a-9-2-canaux\/"]}]},{"@type":"ImageObject","inLanguage":"fr-FR","@id":"https:\/\/shop.bantam.ch\/fr\/produit\/multimoniteur-ultra-wide-touch-93-em-902m-h-a-9-2-canaux\/#primaryimage","url":"https:\/\/shop.bantam.ch\/wp-content\/uploads\/2026\/02\/Movera-L-9976238100.png","contentUrl":"https:\/\/shop.bantam.ch\/wp-content\/uploads\/2026\/02\/Movera-L-9976238100.png","width":640,"height":960},{"@type":"BreadcrumbList","@id":"https:\/\/shop.bantam.ch\/fr\/produit\/multimoniteur-ultra-wide-touch-93-em-902m-h-a-9-2-canaux\/#breadcrumb","itemListElement":[{"@type":"ListItem","position":1,"name":"Accueil","item":"https:\/\/shop.bantam.ch\/fr\/"},{"@type":"ListItem","position":2,"name":"Boutique","item":"https:\/\/shop.bantam.ch\/fr\/boutique\/"},{"@type":"ListItem","position":3,"name":"Multimoniteur Ultra Wide Touch 9,3 EM-902M H-A 9 2 canaux"}]},{"@type":"WebSite","@id":"https:\/\/shop.bantam.ch\/fr\/#website","url":"https:\/\/shop.bantam.ch\/fr\/","name":"Bantam Wankm\u00fcller SA","description":"","publisher":{"@id":"https:\/\/shop.bantam.ch\/fr\/#organization"},"inLanguage":"fr-FR"},{"@type":"Organization","@id":"https:\/\/shop.bantam.ch\/fr\/#organization","name":"Bantam Wankm\u00fcller SA","url":"https:\/\/shop.bantam.ch\/fr\/","logo":{"@type":"ImageObject","inLanguage":"fr-FR","@id":"https:\/\/shop.bantam.ch\/fr\/#\/schema\/logo\/image\/","url":"https:\/\/shop.bantam.ch\/wp-content\/uploads\/2022\/12\/bantam-logo.png","contentUrl":"https:\/\/shop.bantam.ch\/wp-content\/uploads\/2022\/12\/bantam-logo.png","width":320,"height":71,"caption":"Bantam Wankm\u00fcller SA"},"image":{"@id":"https:\/\/shop.bantam.ch\/fr\/#\/schema\/logo\/image\/"}}]}},"_links":{"self":[{"href":"https:\/\/shop.bantam.ch\/fr\/wp-json\/wp\/v2\/product\/233425","targetHints":{"allow":["GET"]}}],"collection":[{"href":"https:\/\/shop.bantam.ch\/fr\/wp-json\/wp\/v2\/product"}],"about":[{"href":"https:\/\/shop.bantam.ch\/fr\/wp-json\/wp\/v2\/types\/product"}],"wp:featuredmedia":[{"embeddable":true,"href":"https:\/\/shop.bantam.ch\/fr\/wp-json\/wp\/v2\/media\/233423"}],"wp:attachment":[{"href":"https:\/\/shop.bantam.ch\/fr\/wp-json\/wp\/v2\/media?parent=233425"}],"wp:term":[{"taxonomy":"product_featured_cat","embeddable":true,"href":"https:\/\/shop.bantam.ch\/fr\/wp-json\/wp\/v2\/product_featured_cat?post=233425"},{"taxonomy":"product_brand","embeddable":true,"href":"https:\/\/shop.bantam.ch\/fr\/wp-json\/wp\/v2\/product_brand?post=233425"},{"taxonomy":"product_cat","embeddable":true,"href":"https:\/\/shop.bantam.ch\/fr\/wp-json\/wp\/v2\/product_cat?post=233425"},{"taxonomy":"product_tag","embeddable":true,"href":"https:\/\/shop.bantam.ch\/fr\/wp-json\/wp\/v2\/product_tag?post=233425"}],"curies":[{"name":"wp","href":"https:\/\/api.w.org\/{rel}","templated":true}]}}