{"id":233397,"date":"2026-02-04T11:08:50","date_gmt":"2026-02-04T10:08:50","guid":{"rendered":"https:\/\/shop.bantam.ch\/produit\/combine-cuisine-evier-encastrable-mo9722l-am-2-feux-evier-a-gauche-76-x-325-cm\/"},"modified":"2026-04-22T23:55:08","modified_gmt":"2026-04-22T21:55:08","slug":"combine-cuisine-evier-encastrable-mo9722l-am-2-feux-evier-a-gauche-76-x-325-cm","status":"publish","type":"product","link":"https:\/\/shop.bantam.ch\/fr\/produit\/combine-cuisine-evier-encastrable-mo9722l-am-2-feux-evier-a-gauche-76-x-325-cm\/","title":{"rendered":"Combin\u00e9 cuisine\/\u00e9vier encastrable MO9722L AM 2 feux \u00c9vier \u00e0 gauche 76 x 32,5 cm"},"content":{"rendered":"<p><!--StartFragment --><!--StartFragment --><\/p>\n<p>Le MO9722R de Dometic est une solution compacte qui combine une table de cuisson \u00e0 gaz \u00e0 deux feux avec un \u00e9vier int\u00e9gr\u00e9 &#8211; parfaitement adapt\u00e9 aux plus petits espaces de cuisine dans les camping-cars, les caravanes et les vans. Faisant partie de la s\u00e9rie Slimline, elle marque des points avec deux couvercles en verre r\u00e9sistants \u00e0 la temp\u00e9rature qui offrent une protection pendant le transport et servent en m\u00eame temps de surface de travail suppl\u00e9mentaire. Son design moderne s&rsquo;int\u00e8gre harmonieusement dans les int\u00e9rieurs de v\u00e9hicules les plus divers.<\/p>\n<p>La table de cuisson est \u00e9quip\u00e9e d&rsquo;allumages automatiques pour les deux br\u00fbleurs et dispose d&rsquo;un dispositif de fermeture du gaz qui s&rsquo;active d\u00e8s que le couvercle en verre est ferm\u00e9 alors que les br\u00fbleurs sont encore allum\u00e9s. Un contr\u00f4leur de flamme m\u00e9canique assure une s\u00e9curit\u00e9 suppl\u00e9mentaire. Les couvercles de casseroles et de br\u00fbleurs \u00e9maill\u00e9s sont particuli\u00e8rement r\u00e9sistants et se nettoient sans effort.<\/p>\n<p>L&rsquo;unit\u00e9 compacte est disponible au choix avec un \u00e9vier \u00e0 droite ou \u00e0 gauche. Le siphon et le joint en caoutchouc sont compris dans la livraison ; les robinets peuvent \u00eatre achet\u00e9s s\u00e9par\u00e9ment.<\/p>\n<\/p>\n<p>Caract\u00e9ristiques de l&rsquo;appareil :<\/p>\n<ul>\n<li>Combinaison d&rsquo;une table de cuisson \u00e0 gaz \u00e0 2 feux et d&rsquo;un \u00e9vier int\u00e9gr\u00e9<\/li>\n<li>Couvercles en verre r\u00e9sistant \u00e0 la temp\u00e9rature pour une protection et une surface de travail suppl\u00e9mentaire<\/li>\n<li>Allumage automatique pour les deux br\u00fbleurs<\/li>\n<li>Dispositif de fermeture du gaz actif lorsque le couvercle est ferm\u00e9<\/li>\n<li>Contr\u00f4leur de flamme m\u00e9canique pour une s\u00e9curit\u00e9 accrue<\/li>\n<li>Couvercles de casseroles et de br\u00fbleurs \u00e9maill\u00e9s &#8211; robustes et faciles \u00e0 nettoyer<\/li>\n<li>Design moderne et peu encombrant pour les espaces de cuisine restreints<\/li>\n<\/ul>\n<p>Caract\u00e9ristiques techniques :<\/p>\n<ul>\n<li>Puissance de sortie de la plaque de cuisson 1 : 1,1kW<\/li>\n<li>Puissance de sortie de la plaque de cuisson 2 : 1,8 kW<\/li>\n<li>Dimensions (L x l x H) : 760 x 325 x 175 mm<\/li>\n<li>Poids : 5,3 kg<\/li>\n<li>Conforme \u00e0 la norme EN30-1-1:2021<\/li>\n<li>Dispositif d&rsquo;arr\u00eat du gaz lorsque le couvercle est ferm\u00e9<\/li>\n<\/ul>\n<p><!--EndFragment --><\/p>\n<p><!--EndFragment --><\/p>\n","protected":false},"excerpt":{"rendered":"<p>Le MO9722R de Dometic est une solution compacte qui combine une table de cuisson \u00e0 gaz \u00e0 deux feux avec un \u00e9vier int\u00e9gr\u00e9 &#8211; parfaitement adapt\u00e9 aux plus petits espaces de cuisine dans les camping-cars, les caravanes et les vans. Faisant partie de la s\u00e9rie Slimline, elle marque des points avec deux couvercles en verre [&hellip;]<\/p>\n","protected":false},"featured_media":233395,"template":"","meta":{"_acf_changed":false},"product_featured_cat":[],"product_brand":[],"product_cat":[4313],"product_tag":[],"class_list":{"0":"post-233397","1":"product","2":"type-product","3":"status-publish","4":"has-post-thumbnail","6":"product_cat-combinaisons-cuisine-evier","8":"first","9":"instock","10":"taxable","11":"shipping-taxable","12":"purchasable","13":"product-type-simple"},"acf":[],"yoast_head":"<!-- This site is optimized with the Yoast SEO plugin v27.4 - https:\/\/yoast.com\/product\/yoast-seo-wordpress\/ -->\n<title>Combin\u00e9 cuisine\/\u00e9vier encastrable MO9722L AM 2 feux \u00c9vier \u00e0 gauche 76 x 32,5 cm - Bantam Wankm\u00fcller SA<\/title>\n<meta name=\"robots\" content=\"index, follow, max-snippet:-1, max-image-preview:large, max-video-preview:-1\" \/>\n<link rel=\"canonical\" href=\"https:\/\/shop.bantam.ch\/fr\/produit\/combine-cuisine-evier-encastrable-mo9722l-am-2-feux-evier-a-gauche-76-x-325-cm\/\" \/>\n<meta property=\"og:locale\" content=\"fr_FR\" \/>\n<meta property=\"og:type\" content=\"article\" \/>\n<meta property=\"og:title\" content=\"Combin\u00e9 cuisine\/\u00e9vier encastrable MO9722L AM 2 feux \u00c9vier \u00e0 gauche 76 x 32,5 cm - Bantam Wankm\u00fcller SA\" \/>\n<meta property=\"og:description\" content=\"Le MO9722R de Dometic est une solution compacte qui combine une table de cuisson \u00e0 gaz \u00e0 deux feux avec un \u00e9vier int\u00e9gr\u00e9 &#8211; parfaitement adapt\u00e9 aux plus petits espaces de cuisine dans les camping-cars, les caravanes et les vans. Faisant partie de la s\u00e9rie Slimline, elle marque des points avec deux couvercles en verre [&hellip;]\" \/>\n<meta property=\"og:url\" content=\"https:\/\/shop.bantam.ch\/fr\/produit\/combine-cuisine-evier-encastrable-mo9722l-am-2-feux-evier-a-gauche-76-x-325-cm\/\" \/>\n<meta property=\"og:site_name\" content=\"Bantam Wankm\u00fcller SA\" \/>\n<meta property=\"article:modified_time\" content=\"2026-04-22T21:55:08+00:00\" \/>\n<meta name=\"twitter:card\" content=\"summary_large_image\" \/>\n<meta name=\"twitter:label1\" content=\"Dur\u00e9e de lecture estim\u00e9e\" \/>\n\t<meta name=\"twitter:data1\" content=\"2 minutes\" \/>\n<script type=\"application\/ld+json\" class=\"yoast-schema-graph\">{\"@context\":\"https:\\\/\\\/schema.org\",\"@graph\":[{\"@type\":\"WebPage\",\"@id\":\"https:\\\/\\\/shop.bantam.ch\\\/fr\\\/produit\\\/combine-cuisine-evier-encastrable-mo9722l-am-2-feux-evier-a-gauche-76-x-325-cm\\\/\",\"url\":\"https:\\\/\\\/shop.bantam.ch\\\/fr\\\/produit\\\/combine-cuisine-evier-encastrable-mo9722l-am-2-feux-evier-a-gauche-76-x-325-cm\\\/\",\"name\":\"Combin\u00e9 cuisine\\\/\u00e9vier encastrable MO9722L AM 2 feux \u00c9vier \u00e0 gauche 76 x 32,5 cm - Bantam Wankm\u00fcller SA\",\"isPartOf\":{\"@id\":\"https:\\\/\\\/shop.bantam.ch\\\/fr\\\/#website\"},\"primaryImageOfPage\":{\"@id\":\"https:\\\/\\\/shop.bantam.ch\\\/fr\\\/produit\\\/combine-cuisine-evier-encastrable-mo9722l-am-2-feux-evier-a-gauche-76-x-325-cm\\\/#primaryimage\"},\"image\":{\"@id\":\"https:\\\/\\\/shop.bantam.ch\\\/fr\\\/produit\\\/combine-cuisine-evier-encastrable-mo9722l-am-2-feux-evier-a-gauche-76-x-325-cm\\\/#primaryimage\"},\"thumbnailUrl\":\"https:\\\/\\\/shop.bantam.ch\\\/wp-content\\\/uploads\\\/2026\\\/02\\\/Movera-L-9976213100.jpg\",\"datePublished\":\"2026-02-04T10:08:50+00:00\",\"dateModified\":\"2026-04-22T21:55:08+00:00\",\"breadcrumb\":{\"@id\":\"https:\\\/\\\/shop.bantam.ch\\\/fr\\\/produit\\\/combine-cuisine-evier-encastrable-mo9722l-am-2-feux-evier-a-gauche-76-x-325-cm\\\/#breadcrumb\"},\"inLanguage\":\"fr-FR\",\"potentialAction\":[{\"@type\":\"ReadAction\",\"target\":[\"https:\\\/\\\/shop.bantam.ch\\\/fr\\\/produit\\\/combine-cuisine-evier-encastrable-mo9722l-am-2-feux-evier-a-gauche-76-x-325-cm\\\/\"]}]},{\"@type\":\"ImageObject\",\"inLanguage\":\"fr-FR\",\"@id\":\"https:\\\/\\\/shop.bantam.ch\\\/fr\\\/produit\\\/combine-cuisine-evier-encastrable-mo9722l-am-2-feux-evier-a-gauche-76-x-325-cm\\\/#primaryimage\",\"url\":\"https:\\\/\\\/shop.bantam.ch\\\/wp-content\\\/uploads\\\/2026\\\/02\\\/Movera-L-9976213100.jpg\",\"contentUrl\":\"https:\\\/\\\/shop.bantam.ch\\\/wp-content\\\/uploads\\\/2026\\\/02\\\/Movera-L-9976213100.jpg\",\"width\":640,\"height\":640},{\"@type\":\"BreadcrumbList\",\"@id\":\"https:\\\/\\\/shop.bantam.ch\\\/fr\\\/produit\\\/combine-cuisine-evier-encastrable-mo9722l-am-2-feux-evier-a-gauche-76-x-325-cm\\\/#breadcrumb\",\"itemListElement\":[{\"@type\":\"ListItem\",\"position\":1,\"name\":\"Accueil\",\"item\":\"https:\\\/\\\/shop.bantam.ch\\\/fr\\\/\"},{\"@type\":\"ListItem\",\"position\":2,\"name\":\"Boutique\",\"item\":\"https:\\\/\\\/shop.bantam.ch\\\/fr\\\/boutique\\\/\"},{\"@type\":\"ListItem\",\"position\":3,\"name\":\"Combin\u00e9 cuisine\\\/\u00e9vier encastrable MO9722L AM 2 feux \u00c9vier \u00e0 gauche 76 x 32,5 cm\"}]},{\"@type\":\"WebSite\",\"@id\":\"https:\\\/\\\/shop.bantam.ch\\\/fr\\\/#website\",\"url\":\"https:\\\/\\\/shop.bantam.ch\\\/fr\\\/\",\"name\":\"Bantam Wankm\u00fcller SA\",\"description\":\"\",\"publisher\":{\"@id\":\"https:\\\/\\\/shop.bantam.ch\\\/fr\\\/#organization\"},\"inLanguage\":\"fr-FR\"},{\"@type\":\"Organization\",\"@id\":\"https:\\\/\\\/shop.bantam.ch\\\/fr\\\/#organization\",\"name\":\"Bantam Wankm\u00fcller SA\",\"url\":\"https:\\\/\\\/shop.bantam.ch\\\/fr\\\/\",\"logo\":{\"@type\":\"ImageObject\",\"inLanguage\":\"fr-FR\",\"@id\":\"https:\\\/\\\/shop.bantam.ch\\\/fr\\\/#\\\/schema\\\/logo\\\/image\\\/\",\"url\":\"https:\\\/\\\/shop.bantam.ch\\\/wp-content\\\/uploads\\\/2022\\\/12\\\/bantam-logo.png\",\"contentUrl\":\"https:\\\/\\\/shop.bantam.ch\\\/wp-content\\\/uploads\\\/2022\\\/12\\\/bantam-logo.png\",\"width\":320,\"height\":71,\"caption\":\"Bantam Wankm\u00fcller SA\"},\"image\":{\"@id\":\"https:\\\/\\\/shop.bantam.ch\\\/fr\\\/#\\\/schema\\\/logo\\\/image\\\/\"}}]}<\/script>\n<!-- \/ Yoast SEO plugin. -->","yoast_head_json":{"title":"Combin\u00e9 cuisine\/\u00e9vier encastrable MO9722L AM 2 feux \u00c9vier \u00e0 gauche 76 x 32,5 cm - Bantam Wankm\u00fcller SA","robots":{"index":"index","follow":"follow","max-snippet":"max-snippet:-1","max-image-preview":"max-image-preview:large","max-video-preview":"max-video-preview:-1"},"canonical":"https:\/\/shop.bantam.ch\/fr\/produit\/combine-cuisine-evier-encastrable-mo9722l-am-2-feux-evier-a-gauche-76-x-325-cm\/","og_locale":"fr_FR","og_type":"article","og_title":"Combin\u00e9 cuisine\/\u00e9vier encastrable MO9722L AM 2 feux \u00c9vier \u00e0 gauche 76 x 32,5 cm - Bantam Wankm\u00fcller SA","og_description":"Le MO9722R de Dometic est une solution compacte qui combine une table de cuisson \u00e0 gaz \u00e0 deux feux avec un \u00e9vier int\u00e9gr\u00e9 &#8211; parfaitement adapt\u00e9 aux plus petits espaces de cuisine dans les camping-cars, les caravanes et les vans. Faisant partie de la s\u00e9rie Slimline, elle marque des points avec deux couvercles en verre [&hellip;]","og_url":"https:\/\/shop.bantam.ch\/fr\/produit\/combine-cuisine-evier-encastrable-mo9722l-am-2-feux-evier-a-gauche-76-x-325-cm\/","og_site_name":"Bantam Wankm\u00fcller SA","article_modified_time":"2026-04-22T21:55:08+00:00","twitter_card":"summary_large_image","twitter_misc":{"Dur\u00e9e de lecture estim\u00e9e":"2 minutes"},"schema":{"@context":"https:\/\/schema.org","@graph":[{"@type":"WebPage","@id":"https:\/\/shop.bantam.ch\/fr\/produit\/combine-cuisine-evier-encastrable-mo9722l-am-2-feux-evier-a-gauche-76-x-325-cm\/","url":"https:\/\/shop.bantam.ch\/fr\/produit\/combine-cuisine-evier-encastrable-mo9722l-am-2-feux-evier-a-gauche-76-x-325-cm\/","name":"Combin\u00e9 cuisine\/\u00e9vier encastrable MO9722L AM 2 feux \u00c9vier \u00e0 gauche 76 x 32,5 cm - Bantam Wankm\u00fcller SA","isPartOf":{"@id":"https:\/\/shop.bantam.ch\/fr\/#website"},"primaryImageOfPage":{"@id":"https:\/\/shop.bantam.ch\/fr\/produit\/combine-cuisine-evier-encastrable-mo9722l-am-2-feux-evier-a-gauche-76-x-325-cm\/#primaryimage"},"image":{"@id":"https:\/\/shop.bantam.ch\/fr\/produit\/combine-cuisine-evier-encastrable-mo9722l-am-2-feux-evier-a-gauche-76-x-325-cm\/#primaryimage"},"thumbnailUrl":"https:\/\/shop.bantam.ch\/wp-content\/uploads\/2026\/02\/Movera-L-9976213100.jpg","datePublished":"2026-02-04T10:08:50+00:00","dateModified":"2026-04-22T21:55:08+00:00","breadcrumb":{"@id":"https:\/\/shop.bantam.ch\/fr\/produit\/combine-cuisine-evier-encastrable-mo9722l-am-2-feux-evier-a-gauche-76-x-325-cm\/#breadcrumb"},"inLanguage":"fr-FR","potentialAction":[{"@type":"ReadAction","target":["https:\/\/shop.bantam.ch\/fr\/produit\/combine-cuisine-evier-encastrable-mo9722l-am-2-feux-evier-a-gauche-76-x-325-cm\/"]}]},{"@type":"ImageObject","inLanguage":"fr-FR","@id":"https:\/\/shop.bantam.ch\/fr\/produit\/combine-cuisine-evier-encastrable-mo9722l-am-2-feux-evier-a-gauche-76-x-325-cm\/#primaryimage","url":"https:\/\/shop.bantam.ch\/wp-content\/uploads\/2026\/02\/Movera-L-9976213100.jpg","contentUrl":"https:\/\/shop.bantam.ch\/wp-content\/uploads\/2026\/02\/Movera-L-9976213100.jpg","width":640,"height":640},{"@type":"BreadcrumbList","@id":"https:\/\/shop.bantam.ch\/fr\/produit\/combine-cuisine-evier-encastrable-mo9722l-am-2-feux-evier-a-gauche-76-x-325-cm\/#breadcrumb","itemListElement":[{"@type":"ListItem","position":1,"name":"Accueil","item":"https:\/\/shop.bantam.ch\/fr\/"},{"@type":"ListItem","position":2,"name":"Boutique","item":"https:\/\/shop.bantam.ch\/fr\/boutique\/"},{"@type":"ListItem","position":3,"name":"Combin\u00e9 cuisine\/\u00e9vier encastrable MO9722L AM 2 feux \u00c9vier \u00e0 gauche 76 x 32,5 cm"}]},{"@type":"WebSite","@id":"https:\/\/shop.bantam.ch\/fr\/#website","url":"https:\/\/shop.bantam.ch\/fr\/","name":"Bantam Wankm\u00fcller SA","description":"","publisher":{"@id":"https:\/\/shop.bantam.ch\/fr\/#organization"},"inLanguage":"fr-FR"},{"@type":"Organization","@id":"https:\/\/shop.bantam.ch\/fr\/#organization","name":"Bantam Wankm\u00fcller SA","url":"https:\/\/shop.bantam.ch\/fr\/","logo":{"@type":"ImageObject","inLanguage":"fr-FR","@id":"https:\/\/shop.bantam.ch\/fr\/#\/schema\/logo\/image\/","url":"https:\/\/shop.bantam.ch\/wp-content\/uploads\/2022\/12\/bantam-logo.png","contentUrl":"https:\/\/shop.bantam.ch\/wp-content\/uploads\/2022\/12\/bantam-logo.png","width":320,"height":71,"caption":"Bantam Wankm\u00fcller SA"},"image":{"@id":"https:\/\/shop.bantam.ch\/fr\/#\/schema\/logo\/image\/"}}]}},"_links":{"self":[{"href":"https:\/\/shop.bantam.ch\/fr\/wp-json\/wp\/v2\/product\/233397","targetHints":{"allow":["GET"]}}],"collection":[{"href":"https:\/\/shop.bantam.ch\/fr\/wp-json\/wp\/v2\/product"}],"about":[{"href":"https:\/\/shop.bantam.ch\/fr\/wp-json\/wp\/v2\/types\/product"}],"wp:featuredmedia":[{"embeddable":true,"href":"https:\/\/shop.bantam.ch\/fr\/wp-json\/wp\/v2\/media\/233395"}],"wp:attachment":[{"href":"https:\/\/shop.bantam.ch\/fr\/wp-json\/wp\/v2\/media?parent=233397"}],"wp:term":[{"taxonomy":"product_featured_cat","embeddable":true,"href":"https:\/\/shop.bantam.ch\/fr\/wp-json\/wp\/v2\/product_featured_cat?post=233397"},{"taxonomy":"product_brand","embeddable":true,"href":"https:\/\/shop.bantam.ch\/fr\/wp-json\/wp\/v2\/product_brand?post=233397"},{"taxonomy":"product_cat","embeddable":true,"href":"https:\/\/shop.bantam.ch\/fr\/wp-json\/wp\/v2\/product_cat?post=233397"},{"taxonomy":"product_tag","embeddable":true,"href":"https:\/\/shop.bantam.ch\/fr\/wp-json\/wp\/v2\/product_tag?post=233397"}],"curies":[{"name":"wp","href":"https:\/\/api.w.org\/{rel}","templated":true}]}}