{"id":233389,"date":"2026-02-04T11:08:36","date_gmt":"2026-02-04T10:08:36","guid":{"rendered":"https:\/\/shop.bantam.ch\/produit\/antenne-a-feuille-gcn-1029-02-secondaire\/"},"modified":"2026-04-18T23:59:07","modified_gmt":"2026-04-18T21:59:07","slug":"antenne-a-feuille-gcn-1029-02-secondaire","status":"publish","type":"product","link":"https:\/\/shop.bantam.ch\/fr\/produit\/antenne-a-feuille-gcn-1029-02-secondaire\/","title":{"rendered":"Antenne \u00e0 feuille GCN- 1029-02 secondaire"},"content":{"rendered":"<p><!--StartFragment -->Antenne suppl\u00e9mentaire pour GCN-1029-01.1<\/p>\n<ul>\n<li>Convient pour les toits sur\u00e9lev\u00e9s en PRV, les spoilers en PRV et les superstructures en PRV uniquement<\/li>\n<li>Gain d&rsquo;antenne : max. 5 dBi (passif)<\/li>\n<li>2 c\u00e2bles de 1,5 m pour la t\u00e9l\u00e9phonie mobile avec prise FAKRA (code A)<\/li>\n<li>Particularit\u00e9 : aucun plan de masse conducteur d&rsquo;\u00e9lectricit\u00e9 n\u00e9cessaire<\/li>\n<li>Fixation : surface adh\u00e9sive 3M au dos du film avec film de protection<\/li>\n<li>orientation verticale comme un tableau sur le mur<\/li>\n<li>Dimensions : 207 x 177 x 5 mm (L x l x H)<\/li>\n<\/ul>\n<p><!--EndFragment --><\/p>\n","protected":false},"excerpt":{"rendered":"<p>Antenne suppl\u00e9mentaire pour GCN-1029-01.1 Convient pour les toits sur\u00e9lev\u00e9s en PRV, les spoilers en PRV et les superstructures en PRV uniquement Gain d&rsquo;antenne : max. 5 dBi (passif) 2 c\u00e2bles de 1,5 m pour la t\u00e9l\u00e9phonie mobile avec prise FAKRA (code A) Particularit\u00e9 : aucun plan de masse conducteur d&rsquo;\u00e9lectricit\u00e9 n\u00e9cessaire Fixation : surface adh\u00e9sive [&hellip;]<\/p>\n","protected":false},"featured_media":233387,"template":"","meta":{"_acf_changed":false},"product_featured_cat":[],"product_brand":[],"product_cat":[4989],"product_tag":[],"class_list":{"0":"post-233389","1":"product","2":"type-product","3":"status-publish","4":"has-post-thumbnail","6":"product_cat-antennes","8":"first","9":"instock","10":"taxable","11":"shipping-taxable","12":"purchasable","13":"product-type-simple"},"acf":[],"yoast_head":"<!-- This site is optimized with the Yoast SEO plugin v27.4 - https:\/\/yoast.com\/product\/yoast-seo-wordpress\/ -->\n<title>Antenne \u00e0 feuille GCN- 1029-02 secondaire - Bantam Wankm\u00fcller SA<\/title>\n<meta name=\"robots\" content=\"index, follow, max-snippet:-1, max-image-preview:large, max-video-preview:-1\" \/>\n<link rel=\"canonical\" href=\"https:\/\/shop.bantam.ch\/fr\/produit\/antenne-a-feuille-gcn-1029-02-secondaire\/\" \/>\n<meta property=\"og:locale\" content=\"fr_FR\" \/>\n<meta property=\"og:type\" content=\"article\" \/>\n<meta property=\"og:title\" content=\"Antenne \u00e0 feuille GCN- 1029-02 secondaire - Bantam Wankm\u00fcller SA\" \/>\n<meta property=\"og:description\" content=\"Antenne suppl\u00e9mentaire pour GCN-1029-01.1 Convient pour les toits sur\u00e9lev\u00e9s en PRV, les spoilers en PRV et les superstructures en PRV uniquement Gain d&rsquo;antenne : max. 5 dBi (passif) 2 c\u00e2bles de 1,5 m pour la t\u00e9l\u00e9phonie mobile avec prise FAKRA (code A) Particularit\u00e9 : aucun plan de masse conducteur d&rsquo;\u00e9lectricit\u00e9 n\u00e9cessaire Fixation : surface adh\u00e9sive [&hellip;]\" \/>\n<meta property=\"og:url\" content=\"https:\/\/shop.bantam.ch\/fr\/produit\/antenne-a-feuille-gcn-1029-02-secondaire\/\" \/>\n<meta property=\"og:site_name\" content=\"Bantam Wankm\u00fcller SA\" \/>\n<meta property=\"article:modified_time\" content=\"2026-04-18T21:59:07+00:00\" \/>\n<meta name=\"twitter:card\" content=\"summary_large_image\" \/>\n<script type=\"application\/ld+json\" class=\"yoast-schema-graph\">{\"@context\":\"https:\\\/\\\/schema.org\",\"@graph\":[{\"@type\":\"WebPage\",\"@id\":\"https:\\\/\\\/shop.bantam.ch\\\/fr\\\/produit\\\/antenne-a-feuille-gcn-1029-02-secondaire\\\/\",\"url\":\"https:\\\/\\\/shop.bantam.ch\\\/fr\\\/produit\\\/antenne-a-feuille-gcn-1029-02-secondaire\\\/\",\"name\":\"Antenne \u00e0 feuille GCN- 1029-02 secondaire - Bantam Wankm\u00fcller SA\",\"isPartOf\":{\"@id\":\"https:\\\/\\\/shop.bantam.ch\\\/fr\\\/#website\"},\"primaryImageOfPage\":{\"@id\":\"https:\\\/\\\/shop.bantam.ch\\\/fr\\\/produit\\\/antenne-a-feuille-gcn-1029-02-secondaire\\\/#primaryimage\"},\"image\":{\"@id\":\"https:\\\/\\\/shop.bantam.ch\\\/fr\\\/produit\\\/antenne-a-feuille-gcn-1029-02-secondaire\\\/#primaryimage\"},\"thumbnailUrl\":\"https:\\\/\\\/shop.bantam.ch\\\/wp-content\\\/uploads\\\/2026\\\/02\\\/Movera-L-9976102100.png\",\"datePublished\":\"2026-02-04T10:08:36+00:00\",\"dateModified\":\"2026-04-18T21:59:07+00:00\",\"breadcrumb\":{\"@id\":\"https:\\\/\\\/shop.bantam.ch\\\/fr\\\/produit\\\/antenne-a-feuille-gcn-1029-02-secondaire\\\/#breadcrumb\"},\"inLanguage\":\"fr-FR\",\"potentialAction\":[{\"@type\":\"ReadAction\",\"target\":[\"https:\\\/\\\/shop.bantam.ch\\\/fr\\\/produit\\\/antenne-a-feuille-gcn-1029-02-secondaire\\\/\"]}]},{\"@type\":\"ImageObject\",\"inLanguage\":\"fr-FR\",\"@id\":\"https:\\\/\\\/shop.bantam.ch\\\/fr\\\/produit\\\/antenne-a-feuille-gcn-1029-02-secondaire\\\/#primaryimage\",\"url\":\"https:\\\/\\\/shop.bantam.ch\\\/wp-content\\\/uploads\\\/2026\\\/02\\\/Movera-L-9976102100.png\",\"contentUrl\":\"https:\\\/\\\/shop.bantam.ch\\\/wp-content\\\/uploads\\\/2026\\\/02\\\/Movera-L-9976102100.png\",\"width\":640,\"height\":322},{\"@type\":\"BreadcrumbList\",\"@id\":\"https:\\\/\\\/shop.bantam.ch\\\/fr\\\/produit\\\/antenne-a-feuille-gcn-1029-02-secondaire\\\/#breadcrumb\",\"itemListElement\":[{\"@type\":\"ListItem\",\"position\":1,\"name\":\"Accueil\",\"item\":\"https:\\\/\\\/shop.bantam.ch\\\/fr\\\/\"},{\"@type\":\"ListItem\",\"position\":2,\"name\":\"Boutique\",\"item\":\"https:\\\/\\\/shop.bantam.ch\\\/fr\\\/boutique\\\/\"},{\"@type\":\"ListItem\",\"position\":3,\"name\":\"Antenne \u00e0 feuille GCN- 1029-02 secondaire\"}]},{\"@type\":\"WebSite\",\"@id\":\"https:\\\/\\\/shop.bantam.ch\\\/fr\\\/#website\",\"url\":\"https:\\\/\\\/shop.bantam.ch\\\/fr\\\/\",\"name\":\"Bantam Wankm\u00fcller SA\",\"description\":\"\",\"publisher\":{\"@id\":\"https:\\\/\\\/shop.bantam.ch\\\/fr\\\/#organization\"},\"inLanguage\":\"fr-FR\"},{\"@type\":\"Organization\",\"@id\":\"https:\\\/\\\/shop.bantam.ch\\\/fr\\\/#organization\",\"name\":\"Bantam Wankm\u00fcller SA\",\"url\":\"https:\\\/\\\/shop.bantam.ch\\\/fr\\\/\",\"logo\":{\"@type\":\"ImageObject\",\"inLanguage\":\"fr-FR\",\"@id\":\"https:\\\/\\\/shop.bantam.ch\\\/fr\\\/#\\\/schema\\\/logo\\\/image\\\/\",\"url\":\"https:\\\/\\\/shop.bantam.ch\\\/wp-content\\\/uploads\\\/2022\\\/12\\\/bantam-logo.png\",\"contentUrl\":\"https:\\\/\\\/shop.bantam.ch\\\/wp-content\\\/uploads\\\/2022\\\/12\\\/bantam-logo.png\",\"width\":320,\"height\":71,\"caption\":\"Bantam Wankm\u00fcller SA\"},\"image\":{\"@id\":\"https:\\\/\\\/shop.bantam.ch\\\/fr\\\/#\\\/schema\\\/logo\\\/image\\\/\"}}]}<\/script>\n<!-- \/ Yoast SEO plugin. -->","yoast_head_json":{"title":"Antenne \u00e0 feuille GCN- 1029-02 secondaire - Bantam Wankm\u00fcller SA","robots":{"index":"index","follow":"follow","max-snippet":"max-snippet:-1","max-image-preview":"max-image-preview:large","max-video-preview":"max-video-preview:-1"},"canonical":"https:\/\/shop.bantam.ch\/fr\/produit\/antenne-a-feuille-gcn-1029-02-secondaire\/","og_locale":"fr_FR","og_type":"article","og_title":"Antenne \u00e0 feuille GCN- 1029-02 secondaire - Bantam Wankm\u00fcller SA","og_description":"Antenne suppl\u00e9mentaire pour GCN-1029-01.1 Convient pour les toits sur\u00e9lev\u00e9s en PRV, les spoilers en PRV et les superstructures en PRV uniquement Gain d&rsquo;antenne : max. 5 dBi (passif) 2 c\u00e2bles de 1,5 m pour la t\u00e9l\u00e9phonie mobile avec prise FAKRA (code A) Particularit\u00e9 : aucun plan de masse conducteur d&rsquo;\u00e9lectricit\u00e9 n\u00e9cessaire Fixation : surface adh\u00e9sive [&hellip;]","og_url":"https:\/\/shop.bantam.ch\/fr\/produit\/antenne-a-feuille-gcn-1029-02-secondaire\/","og_site_name":"Bantam Wankm\u00fcller SA","article_modified_time":"2026-04-18T21:59:07+00:00","twitter_card":"summary_large_image","schema":{"@context":"https:\/\/schema.org","@graph":[{"@type":"WebPage","@id":"https:\/\/shop.bantam.ch\/fr\/produit\/antenne-a-feuille-gcn-1029-02-secondaire\/","url":"https:\/\/shop.bantam.ch\/fr\/produit\/antenne-a-feuille-gcn-1029-02-secondaire\/","name":"Antenne \u00e0 feuille GCN- 1029-02 secondaire - Bantam Wankm\u00fcller SA","isPartOf":{"@id":"https:\/\/shop.bantam.ch\/fr\/#website"},"primaryImageOfPage":{"@id":"https:\/\/shop.bantam.ch\/fr\/produit\/antenne-a-feuille-gcn-1029-02-secondaire\/#primaryimage"},"image":{"@id":"https:\/\/shop.bantam.ch\/fr\/produit\/antenne-a-feuille-gcn-1029-02-secondaire\/#primaryimage"},"thumbnailUrl":"https:\/\/shop.bantam.ch\/wp-content\/uploads\/2026\/02\/Movera-L-9976102100.png","datePublished":"2026-02-04T10:08:36+00:00","dateModified":"2026-04-18T21:59:07+00:00","breadcrumb":{"@id":"https:\/\/shop.bantam.ch\/fr\/produit\/antenne-a-feuille-gcn-1029-02-secondaire\/#breadcrumb"},"inLanguage":"fr-FR","potentialAction":[{"@type":"ReadAction","target":["https:\/\/shop.bantam.ch\/fr\/produit\/antenne-a-feuille-gcn-1029-02-secondaire\/"]}]},{"@type":"ImageObject","inLanguage":"fr-FR","@id":"https:\/\/shop.bantam.ch\/fr\/produit\/antenne-a-feuille-gcn-1029-02-secondaire\/#primaryimage","url":"https:\/\/shop.bantam.ch\/wp-content\/uploads\/2026\/02\/Movera-L-9976102100.png","contentUrl":"https:\/\/shop.bantam.ch\/wp-content\/uploads\/2026\/02\/Movera-L-9976102100.png","width":640,"height":322},{"@type":"BreadcrumbList","@id":"https:\/\/shop.bantam.ch\/fr\/produit\/antenne-a-feuille-gcn-1029-02-secondaire\/#breadcrumb","itemListElement":[{"@type":"ListItem","position":1,"name":"Accueil","item":"https:\/\/shop.bantam.ch\/fr\/"},{"@type":"ListItem","position":2,"name":"Boutique","item":"https:\/\/shop.bantam.ch\/fr\/boutique\/"},{"@type":"ListItem","position":3,"name":"Antenne \u00e0 feuille GCN- 1029-02 secondaire"}]},{"@type":"WebSite","@id":"https:\/\/shop.bantam.ch\/fr\/#website","url":"https:\/\/shop.bantam.ch\/fr\/","name":"Bantam Wankm\u00fcller SA","description":"","publisher":{"@id":"https:\/\/shop.bantam.ch\/fr\/#organization"},"inLanguage":"fr-FR"},{"@type":"Organization","@id":"https:\/\/shop.bantam.ch\/fr\/#organization","name":"Bantam Wankm\u00fcller SA","url":"https:\/\/shop.bantam.ch\/fr\/","logo":{"@type":"ImageObject","inLanguage":"fr-FR","@id":"https:\/\/shop.bantam.ch\/fr\/#\/schema\/logo\/image\/","url":"https:\/\/shop.bantam.ch\/wp-content\/uploads\/2022\/12\/bantam-logo.png","contentUrl":"https:\/\/shop.bantam.ch\/wp-content\/uploads\/2022\/12\/bantam-logo.png","width":320,"height":71,"caption":"Bantam Wankm\u00fcller SA"},"image":{"@id":"https:\/\/shop.bantam.ch\/fr\/#\/schema\/logo\/image\/"}}]}},"_links":{"self":[{"href":"https:\/\/shop.bantam.ch\/fr\/wp-json\/wp\/v2\/product\/233389","targetHints":{"allow":["GET"]}}],"collection":[{"href":"https:\/\/shop.bantam.ch\/fr\/wp-json\/wp\/v2\/product"}],"about":[{"href":"https:\/\/shop.bantam.ch\/fr\/wp-json\/wp\/v2\/types\/product"}],"wp:featuredmedia":[{"embeddable":true,"href":"https:\/\/shop.bantam.ch\/fr\/wp-json\/wp\/v2\/media\/233387"}],"wp:attachment":[{"href":"https:\/\/shop.bantam.ch\/fr\/wp-json\/wp\/v2\/media?parent=233389"}],"wp:term":[{"taxonomy":"product_featured_cat","embeddable":true,"href":"https:\/\/shop.bantam.ch\/fr\/wp-json\/wp\/v2\/product_featured_cat?post=233389"},{"taxonomy":"product_brand","embeddable":true,"href":"https:\/\/shop.bantam.ch\/fr\/wp-json\/wp\/v2\/product_brand?post=233389"},{"taxonomy":"product_cat","embeddable":true,"href":"https:\/\/shop.bantam.ch\/fr\/wp-json\/wp\/v2\/product_cat?post=233389"},{"taxonomy":"product_tag","embeddable":true,"href":"https:\/\/shop.bantam.ch\/fr\/wp-json\/wp\/v2\/product_tag?post=233389"}],"curies":[{"name":"wp","href":"https:\/\/api.w.org\/{rel}","templated":true}]}}