{"id":233385,"date":"2026-02-04T11:08:30","date_gmt":"2026-02-04T10:08:30","guid":{"rendered":"https:\/\/shop.bantam.ch\/produit\/camera-ahd-zenec-ze-rce3703-ahd-pour-fiat-ducato-iii\/"},"modified":"2026-04-18T23:59:07","modified_gmt":"2026-04-18T21:59:07","slug":"camera-ahd-zenec-ze-rce3703-ahd-pour-fiat-ducato-iii","status":"publish","type":"product","link":"https:\/\/shop.bantam.ch\/fr\/produit\/camera-ahd-zenec-ze-rce3703-ahd-pour-fiat-ducato-iii\/","title":{"rendered":"Cam\u00e9ra AHD ZENEC ZE-RCE3703- AHD pour FIAT Ducato III"},"content":{"rendered":"<p><!--StartFragment -->PRINCIPALES CARACT\u00c9RISTIQUES :<\/p>\n<ul>\n<li>Cam\u00e9ra de recul AHD pour les v\u00e9hicules FIAT Ducato III et les types de v\u00e9hicules similaires<\/li>\n<li>Scaler vid\u00e9o avec signal de sortie vid\u00e9o AHD ou CVBS s\u00e9lectionnable<\/li>\n<li>Design du syst\u00e8me avec int\u00e9gration du feu stop d&rsquo;origine (ABE\/autorisation du v\u00e9hicule conserv\u00e9e)<\/li>\n<li>Capteur d&rsquo;image CMOS de haute qualit\u00e9 avec signal de sortie AHD 720p et faible consommation d&rsquo;\u00e9nergie<\/li>\n<li>Angle de cam\u00e9ra r\u00e9glable m\u00e9caniquement, pour une adaptation verticale individuelle du champ de vision<\/li>\n<li>Bo\u00eetier en plastique moul\u00e9 par injection avec boulons de fixation en acier inoxydable<\/li>\n<li>C\u00e2ble syst\u00e8me s\u00e9parable de 15 m de long avec connecteurs mini 4 broches<\/li>\n<li>classe de protection : certifi\u00e9e IP69K<\/li>\n<\/ul>\n<p>DONN\u00c9ES TECHNIQUES :<\/p>\n<ul>\n<li>Capteur d&rsquo;image : 1\/4&Prime;\u00a0\u00bb \/ 6,09 mm SONY IMX225LQR CMOS Sensor<\/li>\n<li>Syst\u00e8me TV : NTSC<\/li>\n<li>Angle de vision : 160\u00b0(D) x 130\u00b0(H) x 100\u00b0(V)<\/li>\n<li>R\u00e9solution native du capteur : 1280 (H) x 960 (V) pixels<\/li>\n<li>R\u00e9solution du signal vid\u00e9o : 1280 (H) x 720 (V) pixels<\/li>\n<li>Taux de rafra\u00eechissement : 30 champs\/sec.<\/li>\n<li>Longueur focale de la lentille : f 1,2<\/li>\n<li>Sensibilit\u00e9 \u00e0 la lumi\u00e8re : 0,5 lux \/ 50IRE<\/li>\n<li>Rapport signal\/bruit : &gt; 48 dB<\/li>\n<li>Sortie vid\u00e9o : 1,0 Vp-p (\u00f10,2 V) 75 Ohm, CVBS<\/li>\n<li>Balance des blancs, compensation d&rsquo;exposition, contr\u00f4le de gain (AGC), synchronisation : automatique<\/li>\n<li>Correction gamma : 0,45<\/li>\n<li>Alimentation en tension : 5,0 &#8211; 24 V DC<\/li>\n<li>consommation de courant : 70 mA @12VDC, &#8211; classe de protection : IP69K<\/li>\n<li>Temp\u00e9rature de fonctionnement : -30\u00b0 C ~ +75\u00b0 C<\/li>\n<li>Dimensions (L x l x H) : 278 x 35 x 62 mm<\/li>\n<\/ul>\n<p>Contenu de la livraison : avec cam\u00e9ra, c\u00e2ble syst\u00e8me de 15 m en 3 parties, embout de c\u00e2ble pour connexions c\u00f4t\u00e9 HU et 2 boulons de fixation en acier inoxydable<\/p>\n<p><!--EndFragment --><\/p>\n","protected":false},"excerpt":{"rendered":"<p>PRINCIPALES CARACT\u00c9RISTIQUES : Cam\u00e9ra de recul AHD pour les v\u00e9hicules FIAT Ducato III et les types de v\u00e9hicules similaires Scaler vid\u00e9o avec signal de sortie vid\u00e9o AHD ou CVBS s\u00e9lectionnable Design du syst\u00e8me avec int\u00e9gration du feu stop d&rsquo;origine (ABE\/autorisation du v\u00e9hicule conserv\u00e9e) Capteur d&rsquo;image CMOS de haute qualit\u00e9 avec signal de sortie AHD 720p [&hellip;]<\/p>\n","protected":false},"featured_media":233383,"template":"","meta":{"_acf_changed":false},"product_featured_cat":[],"product_brand":[],"product_cat":[5001],"product_tag":[],"class_list":{"0":"post-233385","1":"product","2":"type-product","3":"status-publish","4":"has-post-thumbnail","6":"product_cat-cameras","8":"first","9":"instock","10":"taxable","11":"shipping-taxable","12":"purchasable","13":"product-type-simple"},"acf":[],"yoast_head":"<!-- This site is optimized with the Yoast SEO plugin v27.4 - https:\/\/yoast.com\/product\/yoast-seo-wordpress\/ -->\n<title>Cam\u00e9ra AHD ZENEC ZE-RCE3703- AHD pour FIAT Ducato III - Bantam Wankm\u00fcller SA<\/title>\n<meta name=\"robots\" content=\"index, follow, max-snippet:-1, max-image-preview:large, max-video-preview:-1\" \/>\n<link rel=\"canonical\" href=\"https:\/\/shop.bantam.ch\/fr\/produit\/camera-ahd-zenec-ze-rce3703-ahd-pour-fiat-ducato-iii\/\" \/>\n<meta property=\"og:locale\" content=\"fr_FR\" \/>\n<meta property=\"og:type\" content=\"article\" \/>\n<meta property=\"og:title\" content=\"Cam\u00e9ra AHD ZENEC ZE-RCE3703- AHD pour FIAT Ducato III - Bantam Wankm\u00fcller SA\" \/>\n<meta property=\"og:description\" content=\"PRINCIPALES CARACT\u00c9RISTIQUES : Cam\u00e9ra de recul AHD pour les v\u00e9hicules FIAT Ducato III et les types de v\u00e9hicules similaires Scaler vid\u00e9o avec signal de sortie vid\u00e9o AHD ou CVBS s\u00e9lectionnable Design du syst\u00e8me avec int\u00e9gration du feu stop d&rsquo;origine (ABE\/autorisation du v\u00e9hicule conserv\u00e9e) Capteur d&rsquo;image CMOS de haute qualit\u00e9 avec signal de sortie AHD 720p [&hellip;]\" \/>\n<meta property=\"og:url\" content=\"https:\/\/shop.bantam.ch\/fr\/produit\/camera-ahd-zenec-ze-rce3703-ahd-pour-fiat-ducato-iii\/\" \/>\n<meta property=\"og:site_name\" content=\"Bantam Wankm\u00fcller SA\" \/>\n<meta property=\"article:modified_time\" content=\"2026-04-18T21:59:07+00:00\" \/>\n<meta name=\"twitter:card\" content=\"summary_large_image\" \/>\n<meta name=\"twitter:label1\" content=\"Dur\u00e9e de lecture estim\u00e9e\" \/>\n\t<meta name=\"twitter:data1\" content=\"1 minute\" \/>\n<script type=\"application\/ld+json\" class=\"yoast-schema-graph\">{\"@context\":\"https:\\\/\\\/schema.org\",\"@graph\":[{\"@type\":\"WebPage\",\"@id\":\"https:\\\/\\\/shop.bantam.ch\\\/fr\\\/produit\\\/camera-ahd-zenec-ze-rce3703-ahd-pour-fiat-ducato-iii\\\/\",\"url\":\"https:\\\/\\\/shop.bantam.ch\\\/fr\\\/produit\\\/camera-ahd-zenec-ze-rce3703-ahd-pour-fiat-ducato-iii\\\/\",\"name\":\"Cam\u00e9ra AHD ZENEC ZE-RCE3703- AHD pour FIAT Ducato III - Bantam Wankm\u00fcller SA\",\"isPartOf\":{\"@id\":\"https:\\\/\\\/shop.bantam.ch\\\/fr\\\/#website\"},\"primaryImageOfPage\":{\"@id\":\"https:\\\/\\\/shop.bantam.ch\\\/fr\\\/produit\\\/camera-ahd-zenec-ze-rce3703-ahd-pour-fiat-ducato-iii\\\/#primaryimage\"},\"image\":{\"@id\":\"https:\\\/\\\/shop.bantam.ch\\\/fr\\\/produit\\\/camera-ahd-zenec-ze-rce3703-ahd-pour-fiat-ducato-iii\\\/#primaryimage\"},\"thumbnailUrl\":\"https:\\\/\\\/shop.bantam.ch\\\/wp-content\\\/uploads\\\/2026\\\/02\\\/Movera-L-9976101100.png\",\"datePublished\":\"2026-02-04T10:08:30+00:00\",\"dateModified\":\"2026-04-18T21:59:07+00:00\",\"breadcrumb\":{\"@id\":\"https:\\\/\\\/shop.bantam.ch\\\/fr\\\/produit\\\/camera-ahd-zenec-ze-rce3703-ahd-pour-fiat-ducato-iii\\\/#breadcrumb\"},\"inLanguage\":\"fr-FR\",\"potentialAction\":[{\"@type\":\"ReadAction\",\"target\":[\"https:\\\/\\\/shop.bantam.ch\\\/fr\\\/produit\\\/camera-ahd-zenec-ze-rce3703-ahd-pour-fiat-ducato-iii\\\/\"]}]},{\"@type\":\"ImageObject\",\"inLanguage\":\"fr-FR\",\"@id\":\"https:\\\/\\\/shop.bantam.ch\\\/fr\\\/produit\\\/camera-ahd-zenec-ze-rce3703-ahd-pour-fiat-ducato-iii\\\/#primaryimage\",\"url\":\"https:\\\/\\\/shop.bantam.ch\\\/wp-content\\\/uploads\\\/2026\\\/02\\\/Movera-L-9976101100.png\",\"contentUrl\":\"https:\\\/\\\/shop.bantam.ch\\\/wp-content\\\/uploads\\\/2026\\\/02\\\/Movera-L-9976101100.png\",\"width\":640,\"height\":219},{\"@type\":\"BreadcrumbList\",\"@id\":\"https:\\\/\\\/shop.bantam.ch\\\/fr\\\/produit\\\/camera-ahd-zenec-ze-rce3703-ahd-pour-fiat-ducato-iii\\\/#breadcrumb\",\"itemListElement\":[{\"@type\":\"ListItem\",\"position\":1,\"name\":\"Accueil\",\"item\":\"https:\\\/\\\/shop.bantam.ch\\\/fr\\\/\"},{\"@type\":\"ListItem\",\"position\":2,\"name\":\"Boutique\",\"item\":\"https:\\\/\\\/shop.bantam.ch\\\/fr\\\/boutique\\\/\"},{\"@type\":\"ListItem\",\"position\":3,\"name\":\"Cam\u00e9ra AHD ZENEC ZE-RCE3703- AHD pour FIAT Ducato III\"}]},{\"@type\":\"WebSite\",\"@id\":\"https:\\\/\\\/shop.bantam.ch\\\/fr\\\/#website\",\"url\":\"https:\\\/\\\/shop.bantam.ch\\\/fr\\\/\",\"name\":\"Bantam Wankm\u00fcller SA\",\"description\":\"\",\"publisher\":{\"@id\":\"https:\\\/\\\/shop.bantam.ch\\\/fr\\\/#organization\"},\"inLanguage\":\"fr-FR\"},{\"@type\":\"Organization\",\"@id\":\"https:\\\/\\\/shop.bantam.ch\\\/fr\\\/#organization\",\"name\":\"Bantam Wankm\u00fcller SA\",\"url\":\"https:\\\/\\\/shop.bantam.ch\\\/fr\\\/\",\"logo\":{\"@type\":\"ImageObject\",\"inLanguage\":\"fr-FR\",\"@id\":\"https:\\\/\\\/shop.bantam.ch\\\/fr\\\/#\\\/schema\\\/logo\\\/image\\\/\",\"url\":\"https:\\\/\\\/shop.bantam.ch\\\/wp-content\\\/uploads\\\/2022\\\/12\\\/bantam-logo.png\",\"contentUrl\":\"https:\\\/\\\/shop.bantam.ch\\\/wp-content\\\/uploads\\\/2022\\\/12\\\/bantam-logo.png\",\"width\":320,\"height\":71,\"caption\":\"Bantam Wankm\u00fcller SA\"},\"image\":{\"@id\":\"https:\\\/\\\/shop.bantam.ch\\\/fr\\\/#\\\/schema\\\/logo\\\/image\\\/\"}}]}<\/script>\n<!-- \/ Yoast SEO plugin. -->","yoast_head_json":{"title":"Cam\u00e9ra AHD ZENEC ZE-RCE3703- AHD pour FIAT Ducato III - Bantam Wankm\u00fcller SA","robots":{"index":"index","follow":"follow","max-snippet":"max-snippet:-1","max-image-preview":"max-image-preview:large","max-video-preview":"max-video-preview:-1"},"canonical":"https:\/\/shop.bantam.ch\/fr\/produit\/camera-ahd-zenec-ze-rce3703-ahd-pour-fiat-ducato-iii\/","og_locale":"fr_FR","og_type":"article","og_title":"Cam\u00e9ra AHD ZENEC ZE-RCE3703- AHD pour FIAT Ducato III - Bantam Wankm\u00fcller SA","og_description":"PRINCIPALES CARACT\u00c9RISTIQUES : Cam\u00e9ra de recul AHD pour les v\u00e9hicules FIAT Ducato III et les types de v\u00e9hicules similaires Scaler vid\u00e9o avec signal de sortie vid\u00e9o AHD ou CVBS s\u00e9lectionnable Design du syst\u00e8me avec int\u00e9gration du feu stop d&rsquo;origine (ABE\/autorisation du v\u00e9hicule conserv\u00e9e) Capteur d&rsquo;image CMOS de haute qualit\u00e9 avec signal de sortie AHD 720p [&hellip;]","og_url":"https:\/\/shop.bantam.ch\/fr\/produit\/camera-ahd-zenec-ze-rce3703-ahd-pour-fiat-ducato-iii\/","og_site_name":"Bantam Wankm\u00fcller SA","article_modified_time":"2026-04-18T21:59:07+00:00","twitter_card":"summary_large_image","twitter_misc":{"Dur\u00e9e de lecture estim\u00e9e":"1 minute"},"schema":{"@context":"https:\/\/schema.org","@graph":[{"@type":"WebPage","@id":"https:\/\/shop.bantam.ch\/fr\/produit\/camera-ahd-zenec-ze-rce3703-ahd-pour-fiat-ducato-iii\/","url":"https:\/\/shop.bantam.ch\/fr\/produit\/camera-ahd-zenec-ze-rce3703-ahd-pour-fiat-ducato-iii\/","name":"Cam\u00e9ra AHD ZENEC ZE-RCE3703- AHD pour FIAT Ducato III - Bantam Wankm\u00fcller SA","isPartOf":{"@id":"https:\/\/shop.bantam.ch\/fr\/#website"},"primaryImageOfPage":{"@id":"https:\/\/shop.bantam.ch\/fr\/produit\/camera-ahd-zenec-ze-rce3703-ahd-pour-fiat-ducato-iii\/#primaryimage"},"image":{"@id":"https:\/\/shop.bantam.ch\/fr\/produit\/camera-ahd-zenec-ze-rce3703-ahd-pour-fiat-ducato-iii\/#primaryimage"},"thumbnailUrl":"https:\/\/shop.bantam.ch\/wp-content\/uploads\/2026\/02\/Movera-L-9976101100.png","datePublished":"2026-02-04T10:08:30+00:00","dateModified":"2026-04-18T21:59:07+00:00","breadcrumb":{"@id":"https:\/\/shop.bantam.ch\/fr\/produit\/camera-ahd-zenec-ze-rce3703-ahd-pour-fiat-ducato-iii\/#breadcrumb"},"inLanguage":"fr-FR","potentialAction":[{"@type":"ReadAction","target":["https:\/\/shop.bantam.ch\/fr\/produit\/camera-ahd-zenec-ze-rce3703-ahd-pour-fiat-ducato-iii\/"]}]},{"@type":"ImageObject","inLanguage":"fr-FR","@id":"https:\/\/shop.bantam.ch\/fr\/produit\/camera-ahd-zenec-ze-rce3703-ahd-pour-fiat-ducato-iii\/#primaryimage","url":"https:\/\/shop.bantam.ch\/wp-content\/uploads\/2026\/02\/Movera-L-9976101100.png","contentUrl":"https:\/\/shop.bantam.ch\/wp-content\/uploads\/2026\/02\/Movera-L-9976101100.png","width":640,"height":219},{"@type":"BreadcrumbList","@id":"https:\/\/shop.bantam.ch\/fr\/produit\/camera-ahd-zenec-ze-rce3703-ahd-pour-fiat-ducato-iii\/#breadcrumb","itemListElement":[{"@type":"ListItem","position":1,"name":"Accueil","item":"https:\/\/shop.bantam.ch\/fr\/"},{"@type":"ListItem","position":2,"name":"Boutique","item":"https:\/\/shop.bantam.ch\/fr\/boutique\/"},{"@type":"ListItem","position":3,"name":"Cam\u00e9ra AHD ZENEC ZE-RCE3703- AHD pour FIAT Ducato III"}]},{"@type":"WebSite","@id":"https:\/\/shop.bantam.ch\/fr\/#website","url":"https:\/\/shop.bantam.ch\/fr\/","name":"Bantam Wankm\u00fcller SA","description":"","publisher":{"@id":"https:\/\/shop.bantam.ch\/fr\/#organization"},"inLanguage":"fr-FR"},{"@type":"Organization","@id":"https:\/\/shop.bantam.ch\/fr\/#organization","name":"Bantam Wankm\u00fcller SA","url":"https:\/\/shop.bantam.ch\/fr\/","logo":{"@type":"ImageObject","inLanguage":"fr-FR","@id":"https:\/\/shop.bantam.ch\/fr\/#\/schema\/logo\/image\/","url":"https:\/\/shop.bantam.ch\/wp-content\/uploads\/2022\/12\/bantam-logo.png","contentUrl":"https:\/\/shop.bantam.ch\/wp-content\/uploads\/2022\/12\/bantam-logo.png","width":320,"height":71,"caption":"Bantam Wankm\u00fcller SA"},"image":{"@id":"https:\/\/shop.bantam.ch\/fr\/#\/schema\/logo\/image\/"}}]}},"_links":{"self":[{"href":"https:\/\/shop.bantam.ch\/fr\/wp-json\/wp\/v2\/product\/233385","targetHints":{"allow":["GET"]}}],"collection":[{"href":"https:\/\/shop.bantam.ch\/fr\/wp-json\/wp\/v2\/product"}],"about":[{"href":"https:\/\/shop.bantam.ch\/fr\/wp-json\/wp\/v2\/types\/product"}],"wp:featuredmedia":[{"embeddable":true,"href":"https:\/\/shop.bantam.ch\/fr\/wp-json\/wp\/v2\/media\/233383"}],"wp:attachment":[{"href":"https:\/\/shop.bantam.ch\/fr\/wp-json\/wp\/v2\/media?parent=233385"}],"wp:term":[{"taxonomy":"product_featured_cat","embeddable":true,"href":"https:\/\/shop.bantam.ch\/fr\/wp-json\/wp\/v2\/product_featured_cat?post=233385"},{"taxonomy":"product_brand","embeddable":true,"href":"https:\/\/shop.bantam.ch\/fr\/wp-json\/wp\/v2\/product_brand?post=233385"},{"taxonomy":"product_cat","embeddable":true,"href":"https:\/\/shop.bantam.ch\/fr\/wp-json\/wp\/v2\/product_cat?post=233385"},{"taxonomy":"product_tag","embeddable":true,"href":"https:\/\/shop.bantam.ch\/fr\/wp-json\/wp\/v2\/product_tag?post=233385"}],"curies":[{"name":"wp","href":"https:\/\/api.w.org\/{rel}","templated":true}]}}