{"id":233373,"date":"2026-02-04T11:08:09","date_gmt":"2026-02-04T10:08:09","guid":{"rendered":"https:\/\/shop.bantam.ch\/produit\/evier-cvs1525g-rectangulaire-avec-couvercle\/"},"modified":"2026-05-02T23:51:05","modified_gmt":"2026-05-02T21:51:05","slug":"evier-cvs1525g-rectangulaire-avec-couvercle","status":"publish","type":"product","link":"https:\/\/shop.bantam.ch\/fr\/produit\/evier-cvs1525g-rectangulaire-avec-couvercle\/","title":{"rendered":"Evier CVS1525G rectangulaire avec couvercle"},"content":{"rendered":"<p><!--StartFragment -->L&rsquo;\u00e9vier Dometic CVS1525G a \u00e9t\u00e9 sp\u00e9cialement con\u00e7u pour utiliser au mieux l&rsquo;espace limit\u00e9 des kitchenettes mobiles. Il est dot\u00e9 d&rsquo;un couvercle en verre de s\u00e9curit\u00e9 r\u00e9sistant \u00e0 la temp\u00e9rature qui, lorsqu&rsquo;il est ferm\u00e9, peut \u00eatre utilis\u00e9 comme plan de travail suppl\u00e9mentaire. L&rsquo;\u00e9vier carr\u00e9 en acier inoxydable de haute qualit\u00e9 est facile \u00e0 nettoyer et conserve son aspect attrayant pendant de nombreuses ann\u00e9es. Les robinets sont vendus s\u00e9par\u00e9ment (par ex. Dometic AC539). Le trou appropri\u00e9 pour le robinet est d\u00e9j\u00e0 pr\u00e9-perc\u00e9.<\/p>\n<\/p>\n<p>Contenu de la livraison : siphon et joint en caoutchouc inclus.<\/p>\n<p><!--EndFragment --><\/p>\n","protected":false},"excerpt":{"rendered":"<p>L&rsquo;\u00e9vier Dometic CVS1525G a \u00e9t\u00e9 sp\u00e9cialement con\u00e7u pour utiliser au mieux l&rsquo;espace limit\u00e9 des kitchenettes mobiles. Il est dot\u00e9 d&rsquo;un couvercle en verre de s\u00e9curit\u00e9 r\u00e9sistant \u00e0 la temp\u00e9rature qui, lorsqu&rsquo;il est ferm\u00e9, peut \u00eatre utilis\u00e9 comme plan de travail suppl\u00e9mentaire. L&rsquo;\u00e9vier carr\u00e9 en acier inoxydable de haute qualit\u00e9 est facile \u00e0 nettoyer et conserve [&hellip;]<\/p>\n","protected":false},"featured_media":233371,"template":"","meta":{"_acf_changed":false},"product_featured_cat":[],"product_brand":[],"product_cat":[4315],"product_tag":[],"class_list":{"0":"post-233373","1":"product","2":"type-product","3":"status-publish","4":"has-post-thumbnail","6":"product_cat-evier","8":"first","9":"instock","10":"taxable","11":"shipping-taxable","12":"purchasable","13":"product-type-simple"},"acf":[],"yoast_head":"<!-- This site is optimized with the Yoast SEO plugin v27.5 - https:\/\/yoast.com\/product\/yoast-seo-wordpress\/ -->\n<title>Evier CVS1525G rectangulaire avec couvercle - Bantam<\/title>\n<meta name=\"robots\" content=\"index, follow, max-snippet:-1, max-image-preview:large, max-video-preview:-1\" \/>\n<link rel=\"canonical\" href=\"https:\/\/shop.bantam.ch\/fr\/produit\/evier-cvs1525g-rectangulaire-avec-couvercle\/\" \/>\n<meta property=\"og:locale\" content=\"fr_FR\" \/>\n<meta property=\"og:type\" content=\"article\" \/>\n<meta property=\"og:title\" content=\"Evier CVS1525G rectangulaire avec couvercle - Bantam\" \/>\n<meta property=\"og:description\" content=\"L&rsquo;\u00e9vier Dometic CVS1525G a \u00e9t\u00e9 sp\u00e9cialement con\u00e7u pour utiliser au mieux l&rsquo;espace limit\u00e9 des kitchenettes mobiles. Il est dot\u00e9 d&rsquo;un couvercle en verre de s\u00e9curit\u00e9 r\u00e9sistant \u00e0 la temp\u00e9rature qui, lorsqu&rsquo;il est ferm\u00e9, peut \u00eatre utilis\u00e9 comme plan de travail suppl\u00e9mentaire. L&rsquo;\u00e9vier carr\u00e9 en acier inoxydable de haute qualit\u00e9 est facile \u00e0 nettoyer et conserve [&hellip;]\" \/>\n<meta property=\"og:url\" content=\"https:\/\/shop.bantam.ch\/fr\/produit\/evier-cvs1525g-rectangulaire-avec-couvercle\/\" \/>\n<meta property=\"og:site_name\" content=\"Bantam\" \/>\n<meta property=\"article:modified_time\" content=\"2026-05-02T21:51:05+00:00\" \/>\n<meta name=\"twitter:card\" content=\"summary_large_image\" \/>\n<meta name=\"twitter:label1\" content=\"Dur\u00e9e de lecture estim\u00e9e\" \/>\n\t<meta name=\"twitter:data1\" content=\"1 minute\" \/>\n<script type=\"application\/ld+json\" class=\"yoast-schema-graph\">{\"@context\":\"https:\\\/\\\/schema.org\",\"@graph\":[{\"@type\":\"WebPage\",\"@id\":\"https:\\\/\\\/shop.bantam.ch\\\/fr\\\/produit\\\/evier-cvs1525g-rectangulaire-avec-couvercle\\\/\",\"url\":\"https:\\\/\\\/shop.bantam.ch\\\/fr\\\/produit\\\/evier-cvs1525g-rectangulaire-avec-couvercle\\\/\",\"name\":\"Evier CVS1525G rectangulaire avec couvercle - Bantam\",\"isPartOf\":{\"@id\":\"https:\\\/\\\/shop.bantam.ch\\\/fr\\\/#website\"},\"primaryImageOfPage\":{\"@id\":\"https:\\\/\\\/shop.bantam.ch\\\/fr\\\/produit\\\/evier-cvs1525g-rectangulaire-avec-couvercle\\\/#primaryimage\"},\"image\":{\"@id\":\"https:\\\/\\\/shop.bantam.ch\\\/fr\\\/produit\\\/evier-cvs1525g-rectangulaire-avec-couvercle\\\/#primaryimage\"},\"thumbnailUrl\":\"https:\\\/\\\/shop.bantam.ch\\\/wp-content\\\/uploads\\\/2026\\\/02\\\/Movera-L-9976223100.png\",\"datePublished\":\"2026-02-04T10:08:09+00:00\",\"dateModified\":\"2026-05-02T21:51:05+00:00\",\"breadcrumb\":{\"@id\":\"https:\\\/\\\/shop.bantam.ch\\\/fr\\\/produit\\\/evier-cvs1525g-rectangulaire-avec-couvercle\\\/#breadcrumb\"},\"inLanguage\":\"fr-FR\",\"potentialAction\":[{\"@type\":\"ReadAction\",\"target\":[\"https:\\\/\\\/shop.bantam.ch\\\/fr\\\/produit\\\/evier-cvs1525g-rectangulaire-avec-couvercle\\\/\"]}]},{\"@type\":\"ImageObject\",\"inLanguage\":\"fr-FR\",\"@id\":\"https:\\\/\\\/shop.bantam.ch\\\/fr\\\/produit\\\/evier-cvs1525g-rectangulaire-avec-couvercle\\\/#primaryimage\",\"url\":\"https:\\\/\\\/shop.bantam.ch\\\/wp-content\\\/uploads\\\/2026\\\/02\\\/Movera-L-9976223100.png\",\"contentUrl\":\"https:\\\/\\\/shop.bantam.ch\\\/wp-content\\\/uploads\\\/2026\\\/02\\\/Movera-L-9976223100.png\",\"width\":640,\"height\":640},{\"@type\":\"BreadcrumbList\",\"@id\":\"https:\\\/\\\/shop.bantam.ch\\\/fr\\\/produit\\\/evier-cvs1525g-rectangulaire-avec-couvercle\\\/#breadcrumb\",\"itemListElement\":[{\"@type\":\"ListItem\",\"position\":1,\"name\":\"Accueil\",\"item\":\"https:\\\/\\\/shop.bantam.ch\\\/fr\\\/\"},{\"@type\":\"ListItem\",\"position\":2,\"name\":\"Boutique\",\"item\":\"https:\\\/\\\/shop.bantam.ch\\\/fr\\\/boutique\\\/\"},{\"@type\":\"ListItem\",\"position\":3,\"name\":\"Evier CVS1525G rectangulaire avec couvercle\"}]},{\"@type\":\"WebSite\",\"@id\":\"https:\\\/\\\/shop.bantam.ch\\\/fr\\\/#website\",\"url\":\"https:\\\/\\\/shop.bantam.ch\\\/fr\\\/\",\"name\":\"Bantam\",\"description\":\"\",\"publisher\":{\"@id\":\"https:\\\/\\\/shop.bantam.ch\\\/fr\\\/#organization\"},\"inLanguage\":\"fr-FR\"},{\"@type\":\"Organization\",\"@id\":\"https:\\\/\\\/shop.bantam.ch\\\/fr\\\/#organization\",\"name\":\"Bantam\",\"url\":\"https:\\\/\\\/shop.bantam.ch\\\/fr\\\/\",\"logo\":{\"@type\":\"ImageObject\",\"inLanguage\":\"fr-FR\",\"@id\":\"https:\\\/\\\/shop.bantam.ch\\\/fr\\\/#\\\/schema\\\/logo\\\/image\\\/\",\"url\":\"https:\\\/\\\/shop.bantam.ch\\\/wp-content\\\/uploads\\\/2022\\\/12\\\/bantam-logo.png\",\"contentUrl\":\"https:\\\/\\\/shop.bantam.ch\\\/wp-content\\\/uploads\\\/2022\\\/12\\\/bantam-logo.png\",\"width\":320,\"height\":71,\"caption\":\"Bantam\"},\"image\":{\"@id\":\"https:\\\/\\\/shop.bantam.ch\\\/fr\\\/#\\\/schema\\\/logo\\\/image\\\/\"}}]}<\/script>\n<!-- \/ Yoast SEO plugin. -->","yoast_head_json":{"title":"Evier CVS1525G rectangulaire avec couvercle - Bantam","robots":{"index":"index","follow":"follow","max-snippet":"max-snippet:-1","max-image-preview":"max-image-preview:large","max-video-preview":"max-video-preview:-1"},"canonical":"https:\/\/shop.bantam.ch\/fr\/produit\/evier-cvs1525g-rectangulaire-avec-couvercle\/","og_locale":"fr_FR","og_type":"article","og_title":"Evier CVS1525G rectangulaire avec couvercle - Bantam","og_description":"L&rsquo;\u00e9vier Dometic CVS1525G a \u00e9t\u00e9 sp\u00e9cialement con\u00e7u pour utiliser au mieux l&rsquo;espace limit\u00e9 des kitchenettes mobiles. Il est dot\u00e9 d&rsquo;un couvercle en verre de s\u00e9curit\u00e9 r\u00e9sistant \u00e0 la temp\u00e9rature qui, lorsqu&rsquo;il est ferm\u00e9, peut \u00eatre utilis\u00e9 comme plan de travail suppl\u00e9mentaire. L&rsquo;\u00e9vier carr\u00e9 en acier inoxydable de haute qualit\u00e9 est facile \u00e0 nettoyer et conserve [&hellip;]","og_url":"https:\/\/shop.bantam.ch\/fr\/produit\/evier-cvs1525g-rectangulaire-avec-couvercle\/","og_site_name":"Bantam","article_modified_time":"2026-05-02T21:51:05+00:00","twitter_card":"summary_large_image","twitter_misc":{"Dur\u00e9e de lecture estim\u00e9e":"1 minute"},"schema":{"@context":"https:\/\/schema.org","@graph":[{"@type":"WebPage","@id":"https:\/\/shop.bantam.ch\/fr\/produit\/evier-cvs1525g-rectangulaire-avec-couvercle\/","url":"https:\/\/shop.bantam.ch\/fr\/produit\/evier-cvs1525g-rectangulaire-avec-couvercle\/","name":"Evier CVS1525G rectangulaire avec couvercle - Bantam","isPartOf":{"@id":"https:\/\/shop.bantam.ch\/fr\/#website"},"primaryImageOfPage":{"@id":"https:\/\/shop.bantam.ch\/fr\/produit\/evier-cvs1525g-rectangulaire-avec-couvercle\/#primaryimage"},"image":{"@id":"https:\/\/shop.bantam.ch\/fr\/produit\/evier-cvs1525g-rectangulaire-avec-couvercle\/#primaryimage"},"thumbnailUrl":"https:\/\/shop.bantam.ch\/wp-content\/uploads\/2026\/02\/Movera-L-9976223100.png","datePublished":"2026-02-04T10:08:09+00:00","dateModified":"2026-05-02T21:51:05+00:00","breadcrumb":{"@id":"https:\/\/shop.bantam.ch\/fr\/produit\/evier-cvs1525g-rectangulaire-avec-couvercle\/#breadcrumb"},"inLanguage":"fr-FR","potentialAction":[{"@type":"ReadAction","target":["https:\/\/shop.bantam.ch\/fr\/produit\/evier-cvs1525g-rectangulaire-avec-couvercle\/"]}]},{"@type":"ImageObject","inLanguage":"fr-FR","@id":"https:\/\/shop.bantam.ch\/fr\/produit\/evier-cvs1525g-rectangulaire-avec-couvercle\/#primaryimage","url":"https:\/\/shop.bantam.ch\/wp-content\/uploads\/2026\/02\/Movera-L-9976223100.png","contentUrl":"https:\/\/shop.bantam.ch\/wp-content\/uploads\/2026\/02\/Movera-L-9976223100.png","width":640,"height":640},{"@type":"BreadcrumbList","@id":"https:\/\/shop.bantam.ch\/fr\/produit\/evier-cvs1525g-rectangulaire-avec-couvercle\/#breadcrumb","itemListElement":[{"@type":"ListItem","position":1,"name":"Accueil","item":"https:\/\/shop.bantam.ch\/fr\/"},{"@type":"ListItem","position":2,"name":"Boutique","item":"https:\/\/shop.bantam.ch\/fr\/boutique\/"},{"@type":"ListItem","position":3,"name":"Evier CVS1525G rectangulaire avec couvercle"}]},{"@type":"WebSite","@id":"https:\/\/shop.bantam.ch\/fr\/#website","url":"https:\/\/shop.bantam.ch\/fr\/","name":"Bantam","description":"","publisher":{"@id":"https:\/\/shop.bantam.ch\/fr\/#organization"},"inLanguage":"fr-FR"},{"@type":"Organization","@id":"https:\/\/shop.bantam.ch\/fr\/#organization","name":"Bantam","url":"https:\/\/shop.bantam.ch\/fr\/","logo":{"@type":"ImageObject","inLanguage":"fr-FR","@id":"https:\/\/shop.bantam.ch\/fr\/#\/schema\/logo\/image\/","url":"https:\/\/shop.bantam.ch\/wp-content\/uploads\/2022\/12\/bantam-logo.png","contentUrl":"https:\/\/shop.bantam.ch\/wp-content\/uploads\/2022\/12\/bantam-logo.png","width":320,"height":71,"caption":"Bantam"},"image":{"@id":"https:\/\/shop.bantam.ch\/fr\/#\/schema\/logo\/image\/"}}]}},"_links":{"self":[{"href":"https:\/\/shop.bantam.ch\/fr\/wp-json\/wp\/v2\/product\/233373","targetHints":{"allow":["GET"]}}],"collection":[{"href":"https:\/\/shop.bantam.ch\/fr\/wp-json\/wp\/v2\/product"}],"about":[{"href":"https:\/\/shop.bantam.ch\/fr\/wp-json\/wp\/v2\/types\/product"}],"wp:featuredmedia":[{"embeddable":true,"href":"https:\/\/shop.bantam.ch\/fr\/wp-json\/wp\/v2\/media\/233371"}],"wp:attachment":[{"href":"https:\/\/shop.bantam.ch\/fr\/wp-json\/wp\/v2\/media?parent=233373"}],"wp:term":[{"taxonomy":"product_featured_cat","embeddable":true,"href":"https:\/\/shop.bantam.ch\/fr\/wp-json\/wp\/v2\/product_featured_cat?post=233373"},{"taxonomy":"product_brand","embeddable":true,"href":"https:\/\/shop.bantam.ch\/fr\/wp-json\/wp\/v2\/product_brand?post=233373"},{"taxonomy":"product_cat","embeddable":true,"href":"https:\/\/shop.bantam.ch\/fr\/wp-json\/wp\/v2\/product_cat?post=233373"},{"taxonomy":"product_tag","embeddable":true,"href":"https:\/\/shop.bantam.ch\/fr\/wp-json\/wp\/v2\/product_tag?post=233373"}],"curies":[{"name":"wp","href":"https:\/\/api.w.org\/{rel}","templated":true}]}}