{"id":233369,"date":"2026-02-04T11:08:03","date_gmt":"2026-02-04T10:08:03","guid":{"rendered":"https:\/\/shop.bantam.ch\/produit\/combine-encastrable-cuisson-evier-cvc1600g-2-feux-evier-a-droite-60-x-45-cm\/"},"modified":"2026-04-22T23:54:59","modified_gmt":"2026-04-22T21:54:59","slug":"combine-encastrable-cuisson-evier-cvc1600g-2-feux-evier-a-droite-60-x-45-cm","status":"publish","type":"product","link":"https:\/\/shop.bantam.ch\/fr\/produit\/combine-encastrable-cuisson-evier-cvc1600g-2-feux-evier-a-droite-60-x-45-cm\/","title":{"rendered":"Combin\u00e9 encastrable cuisson\/\u00e9vier CVC1600G 2 feux \u00c9vier \u00e0 droite 60 x 45 cm"},"content":{"rendered":"<p><!--StartFragment -->La CVC1600G de Dometic est une table de cuisson \u00e0 gaz compacte avec deux foyers et un \u00e9vier \u00e0 droite, qui permet un \u00e9quipement de cuisine confortable dans les cuisines de camping-cars. Gr\u00e2ce aux boutons de commande dispos\u00e9s de mani\u00e8re ergonomique, vous ma\u00eetrisez parfaitement tous les processus de cuisson. Lorsqu&rsquo;il n&rsquo;y a pas de casseroles sur la table de cuisson, vous pouvez fermer le couvercle en verre pour gagner un espace de travail suppl\u00e9mentaire &#8211; tout en prot\u00e9geant votre table de cuisson. Le combin\u00e9 table de cuisson-\u00e9vier est encastr\u00e9 \u00e0 fleur de plan dans le plan de travail. Les siphons et les robinets sont vendus s\u00e9par\u00e9ment (vous pouvez par exemple utiliser le robinet Dometic AC539 et le siphon AC530). Le trou de robinet adapt\u00e9 est d\u00e9j\u00e0 pr\u00e9-perc\u00e9.<\/p>\n<\/p>\n<p>Contenu de la livraison : joint en caoutchouc inclus<\/p>\n<p><!--EndFragment --><\/p>\n","protected":false},"excerpt":{"rendered":"<p>La CVC1600G de Dometic est une table de cuisson \u00e0 gaz compacte avec deux foyers et un \u00e9vier \u00e0 droite, qui permet un \u00e9quipement de cuisine confortable dans les cuisines de camping-cars. Gr\u00e2ce aux boutons de commande dispos\u00e9s de mani\u00e8re ergonomique, vous ma\u00eetrisez parfaitement tous les processus de cuisson. Lorsqu&rsquo;il n&rsquo;y a pas de casseroles [&hellip;]<\/p>\n","protected":false},"featured_media":233367,"template":"","meta":{"_acf_changed":false},"product_featured_cat":[],"product_brand":[],"product_cat":[4313],"product_tag":[],"class_list":{"0":"post-233369","1":"product","2":"type-product","3":"status-publish","4":"has-post-thumbnail","6":"product_cat-combinaisons-cuisine-evier","8":"first","9":"instock","10":"taxable","11":"shipping-taxable","12":"purchasable","13":"product-type-simple"},"acf":[],"yoast_head":"<!-- This site is optimized with the Yoast SEO plugin v27.4 - https:\/\/yoast.com\/product\/yoast-seo-wordpress\/ -->\n<title>Combin\u00e9 encastrable cuisson\/\u00e9vier CVC1600G 2 feux \u00c9vier \u00e0 droite 60 x 45 cm - Bantam Wankm\u00fcller SA<\/title>\n<meta name=\"robots\" content=\"index, follow, max-snippet:-1, max-image-preview:large, max-video-preview:-1\" \/>\n<link rel=\"canonical\" href=\"https:\/\/shop.bantam.ch\/fr\/produit\/combine-encastrable-cuisson-evier-cvc1600g-2-feux-evier-a-droite-60-x-45-cm\/\" \/>\n<meta property=\"og:locale\" content=\"fr_FR\" \/>\n<meta property=\"og:type\" content=\"article\" \/>\n<meta property=\"og:title\" content=\"Combin\u00e9 encastrable cuisson\/\u00e9vier CVC1600G 2 feux \u00c9vier \u00e0 droite 60 x 45 cm - Bantam Wankm\u00fcller SA\" \/>\n<meta property=\"og:description\" content=\"La CVC1600G de Dometic est une table de cuisson \u00e0 gaz compacte avec deux foyers et un \u00e9vier \u00e0 droite, qui permet un \u00e9quipement de cuisine confortable dans les cuisines de camping-cars. Gr\u00e2ce aux boutons de commande dispos\u00e9s de mani\u00e8re ergonomique, vous ma\u00eetrisez parfaitement tous les processus de cuisson. Lorsqu&rsquo;il n&rsquo;y a pas de casseroles [&hellip;]\" \/>\n<meta property=\"og:url\" content=\"https:\/\/shop.bantam.ch\/fr\/produit\/combine-encastrable-cuisson-evier-cvc1600g-2-feux-evier-a-droite-60-x-45-cm\/\" \/>\n<meta property=\"og:site_name\" content=\"Bantam Wankm\u00fcller SA\" \/>\n<meta property=\"article:modified_time\" content=\"2026-04-22T21:54:59+00:00\" \/>\n<meta name=\"twitter:card\" content=\"summary_large_image\" \/>\n<meta name=\"twitter:label1\" content=\"Dur\u00e9e de lecture estim\u00e9e\" \/>\n\t<meta name=\"twitter:data1\" content=\"1 minute\" \/>\n<script type=\"application\/ld+json\" class=\"yoast-schema-graph\">{\"@context\":\"https:\\\/\\\/schema.org\",\"@graph\":[{\"@type\":\"WebPage\",\"@id\":\"https:\\\/\\\/shop.bantam.ch\\\/fr\\\/produit\\\/combine-encastrable-cuisson-evier-cvc1600g-2-feux-evier-a-droite-60-x-45-cm\\\/\",\"url\":\"https:\\\/\\\/shop.bantam.ch\\\/fr\\\/produit\\\/combine-encastrable-cuisson-evier-cvc1600g-2-feux-evier-a-droite-60-x-45-cm\\\/\",\"name\":\"Combin\u00e9 encastrable cuisson\\\/\u00e9vier CVC1600G 2 feux \u00c9vier \u00e0 droite 60 x 45 cm - Bantam Wankm\u00fcller SA\",\"isPartOf\":{\"@id\":\"https:\\\/\\\/shop.bantam.ch\\\/fr\\\/#website\"},\"primaryImageOfPage\":{\"@id\":\"https:\\\/\\\/shop.bantam.ch\\\/fr\\\/produit\\\/combine-encastrable-cuisson-evier-cvc1600g-2-feux-evier-a-droite-60-x-45-cm\\\/#primaryimage\"},\"image\":{\"@id\":\"https:\\\/\\\/shop.bantam.ch\\\/fr\\\/produit\\\/combine-encastrable-cuisson-evier-cvc1600g-2-feux-evier-a-droite-60-x-45-cm\\\/#primaryimage\"},\"thumbnailUrl\":\"https:\\\/\\\/shop.bantam.ch\\\/wp-content\\\/uploads\\\/2026\\\/02\\\/Movera-L-9976222100.png\",\"datePublished\":\"2026-02-04T10:08:03+00:00\",\"dateModified\":\"2026-04-22T21:54:59+00:00\",\"breadcrumb\":{\"@id\":\"https:\\\/\\\/shop.bantam.ch\\\/fr\\\/produit\\\/combine-encastrable-cuisson-evier-cvc1600g-2-feux-evier-a-droite-60-x-45-cm\\\/#breadcrumb\"},\"inLanguage\":\"fr-FR\",\"potentialAction\":[{\"@type\":\"ReadAction\",\"target\":[\"https:\\\/\\\/shop.bantam.ch\\\/fr\\\/produit\\\/combine-encastrable-cuisson-evier-cvc1600g-2-feux-evier-a-droite-60-x-45-cm\\\/\"]}]},{\"@type\":\"ImageObject\",\"inLanguage\":\"fr-FR\",\"@id\":\"https:\\\/\\\/shop.bantam.ch\\\/fr\\\/produit\\\/combine-encastrable-cuisson-evier-cvc1600g-2-feux-evier-a-droite-60-x-45-cm\\\/#primaryimage\",\"url\":\"https:\\\/\\\/shop.bantam.ch\\\/wp-content\\\/uploads\\\/2026\\\/02\\\/Movera-L-9976222100.png\",\"contentUrl\":\"https:\\\/\\\/shop.bantam.ch\\\/wp-content\\\/uploads\\\/2026\\\/02\\\/Movera-L-9976222100.png\",\"width\":640,\"height\":640},{\"@type\":\"BreadcrumbList\",\"@id\":\"https:\\\/\\\/shop.bantam.ch\\\/fr\\\/produit\\\/combine-encastrable-cuisson-evier-cvc1600g-2-feux-evier-a-droite-60-x-45-cm\\\/#breadcrumb\",\"itemListElement\":[{\"@type\":\"ListItem\",\"position\":1,\"name\":\"Accueil\",\"item\":\"https:\\\/\\\/shop.bantam.ch\\\/fr\\\/\"},{\"@type\":\"ListItem\",\"position\":2,\"name\":\"Boutique\",\"item\":\"https:\\\/\\\/shop.bantam.ch\\\/fr\\\/boutique\\\/\"},{\"@type\":\"ListItem\",\"position\":3,\"name\":\"Combin\u00e9 encastrable cuisson\\\/\u00e9vier CVC1600G 2 feux \u00c9vier \u00e0 droite 60 x 45 cm\"}]},{\"@type\":\"WebSite\",\"@id\":\"https:\\\/\\\/shop.bantam.ch\\\/fr\\\/#website\",\"url\":\"https:\\\/\\\/shop.bantam.ch\\\/fr\\\/\",\"name\":\"Bantam Wankm\u00fcller SA\",\"description\":\"\",\"publisher\":{\"@id\":\"https:\\\/\\\/shop.bantam.ch\\\/fr\\\/#organization\"},\"inLanguage\":\"fr-FR\"},{\"@type\":\"Organization\",\"@id\":\"https:\\\/\\\/shop.bantam.ch\\\/fr\\\/#organization\",\"name\":\"Bantam Wankm\u00fcller SA\",\"url\":\"https:\\\/\\\/shop.bantam.ch\\\/fr\\\/\",\"logo\":{\"@type\":\"ImageObject\",\"inLanguage\":\"fr-FR\",\"@id\":\"https:\\\/\\\/shop.bantam.ch\\\/fr\\\/#\\\/schema\\\/logo\\\/image\\\/\",\"url\":\"https:\\\/\\\/shop.bantam.ch\\\/wp-content\\\/uploads\\\/2022\\\/12\\\/bantam-logo.png\",\"contentUrl\":\"https:\\\/\\\/shop.bantam.ch\\\/wp-content\\\/uploads\\\/2022\\\/12\\\/bantam-logo.png\",\"width\":320,\"height\":71,\"caption\":\"Bantam Wankm\u00fcller SA\"},\"image\":{\"@id\":\"https:\\\/\\\/shop.bantam.ch\\\/fr\\\/#\\\/schema\\\/logo\\\/image\\\/\"}}]}<\/script>\n<!-- \/ Yoast SEO plugin. -->","yoast_head_json":{"title":"Combin\u00e9 encastrable cuisson\/\u00e9vier CVC1600G 2 feux \u00c9vier \u00e0 droite 60 x 45 cm - Bantam Wankm\u00fcller SA","robots":{"index":"index","follow":"follow","max-snippet":"max-snippet:-1","max-image-preview":"max-image-preview:large","max-video-preview":"max-video-preview:-1"},"canonical":"https:\/\/shop.bantam.ch\/fr\/produit\/combine-encastrable-cuisson-evier-cvc1600g-2-feux-evier-a-droite-60-x-45-cm\/","og_locale":"fr_FR","og_type":"article","og_title":"Combin\u00e9 encastrable cuisson\/\u00e9vier CVC1600G 2 feux \u00c9vier \u00e0 droite 60 x 45 cm - Bantam Wankm\u00fcller SA","og_description":"La CVC1600G de Dometic est une table de cuisson \u00e0 gaz compacte avec deux foyers et un \u00e9vier \u00e0 droite, qui permet un \u00e9quipement de cuisine confortable dans les cuisines de camping-cars. Gr\u00e2ce aux boutons de commande dispos\u00e9s de mani\u00e8re ergonomique, vous ma\u00eetrisez parfaitement tous les processus de cuisson. Lorsqu&rsquo;il n&rsquo;y a pas de casseroles [&hellip;]","og_url":"https:\/\/shop.bantam.ch\/fr\/produit\/combine-encastrable-cuisson-evier-cvc1600g-2-feux-evier-a-droite-60-x-45-cm\/","og_site_name":"Bantam Wankm\u00fcller SA","article_modified_time":"2026-04-22T21:54:59+00:00","twitter_card":"summary_large_image","twitter_misc":{"Dur\u00e9e de lecture estim\u00e9e":"1 minute"},"schema":{"@context":"https:\/\/schema.org","@graph":[{"@type":"WebPage","@id":"https:\/\/shop.bantam.ch\/fr\/produit\/combine-encastrable-cuisson-evier-cvc1600g-2-feux-evier-a-droite-60-x-45-cm\/","url":"https:\/\/shop.bantam.ch\/fr\/produit\/combine-encastrable-cuisson-evier-cvc1600g-2-feux-evier-a-droite-60-x-45-cm\/","name":"Combin\u00e9 encastrable cuisson\/\u00e9vier CVC1600G 2 feux \u00c9vier \u00e0 droite 60 x 45 cm - Bantam Wankm\u00fcller SA","isPartOf":{"@id":"https:\/\/shop.bantam.ch\/fr\/#website"},"primaryImageOfPage":{"@id":"https:\/\/shop.bantam.ch\/fr\/produit\/combine-encastrable-cuisson-evier-cvc1600g-2-feux-evier-a-droite-60-x-45-cm\/#primaryimage"},"image":{"@id":"https:\/\/shop.bantam.ch\/fr\/produit\/combine-encastrable-cuisson-evier-cvc1600g-2-feux-evier-a-droite-60-x-45-cm\/#primaryimage"},"thumbnailUrl":"https:\/\/shop.bantam.ch\/wp-content\/uploads\/2026\/02\/Movera-L-9976222100.png","datePublished":"2026-02-04T10:08:03+00:00","dateModified":"2026-04-22T21:54:59+00:00","breadcrumb":{"@id":"https:\/\/shop.bantam.ch\/fr\/produit\/combine-encastrable-cuisson-evier-cvc1600g-2-feux-evier-a-droite-60-x-45-cm\/#breadcrumb"},"inLanguage":"fr-FR","potentialAction":[{"@type":"ReadAction","target":["https:\/\/shop.bantam.ch\/fr\/produit\/combine-encastrable-cuisson-evier-cvc1600g-2-feux-evier-a-droite-60-x-45-cm\/"]}]},{"@type":"ImageObject","inLanguage":"fr-FR","@id":"https:\/\/shop.bantam.ch\/fr\/produit\/combine-encastrable-cuisson-evier-cvc1600g-2-feux-evier-a-droite-60-x-45-cm\/#primaryimage","url":"https:\/\/shop.bantam.ch\/wp-content\/uploads\/2026\/02\/Movera-L-9976222100.png","contentUrl":"https:\/\/shop.bantam.ch\/wp-content\/uploads\/2026\/02\/Movera-L-9976222100.png","width":640,"height":640},{"@type":"BreadcrumbList","@id":"https:\/\/shop.bantam.ch\/fr\/produit\/combine-encastrable-cuisson-evier-cvc1600g-2-feux-evier-a-droite-60-x-45-cm\/#breadcrumb","itemListElement":[{"@type":"ListItem","position":1,"name":"Accueil","item":"https:\/\/shop.bantam.ch\/fr\/"},{"@type":"ListItem","position":2,"name":"Boutique","item":"https:\/\/shop.bantam.ch\/fr\/boutique\/"},{"@type":"ListItem","position":3,"name":"Combin\u00e9 encastrable cuisson\/\u00e9vier CVC1600G 2 feux \u00c9vier \u00e0 droite 60 x 45 cm"}]},{"@type":"WebSite","@id":"https:\/\/shop.bantam.ch\/fr\/#website","url":"https:\/\/shop.bantam.ch\/fr\/","name":"Bantam Wankm\u00fcller SA","description":"","publisher":{"@id":"https:\/\/shop.bantam.ch\/fr\/#organization"},"inLanguage":"fr-FR"},{"@type":"Organization","@id":"https:\/\/shop.bantam.ch\/fr\/#organization","name":"Bantam Wankm\u00fcller SA","url":"https:\/\/shop.bantam.ch\/fr\/","logo":{"@type":"ImageObject","inLanguage":"fr-FR","@id":"https:\/\/shop.bantam.ch\/fr\/#\/schema\/logo\/image\/","url":"https:\/\/shop.bantam.ch\/wp-content\/uploads\/2022\/12\/bantam-logo.png","contentUrl":"https:\/\/shop.bantam.ch\/wp-content\/uploads\/2022\/12\/bantam-logo.png","width":320,"height":71,"caption":"Bantam Wankm\u00fcller SA"},"image":{"@id":"https:\/\/shop.bantam.ch\/fr\/#\/schema\/logo\/image\/"}}]}},"_links":{"self":[{"href":"https:\/\/shop.bantam.ch\/fr\/wp-json\/wp\/v2\/product\/233369","targetHints":{"allow":["GET"]}}],"collection":[{"href":"https:\/\/shop.bantam.ch\/fr\/wp-json\/wp\/v2\/product"}],"about":[{"href":"https:\/\/shop.bantam.ch\/fr\/wp-json\/wp\/v2\/types\/product"}],"wp:featuredmedia":[{"embeddable":true,"href":"https:\/\/shop.bantam.ch\/fr\/wp-json\/wp\/v2\/media\/233367"}],"wp:attachment":[{"href":"https:\/\/shop.bantam.ch\/fr\/wp-json\/wp\/v2\/media?parent=233369"}],"wp:term":[{"taxonomy":"product_featured_cat","embeddable":true,"href":"https:\/\/shop.bantam.ch\/fr\/wp-json\/wp\/v2\/product_featured_cat?post=233369"},{"taxonomy":"product_brand","embeddable":true,"href":"https:\/\/shop.bantam.ch\/fr\/wp-json\/wp\/v2\/product_brand?post=233369"},{"taxonomy":"product_cat","embeddable":true,"href":"https:\/\/shop.bantam.ch\/fr\/wp-json\/wp\/v2\/product_cat?post=233369"},{"taxonomy":"product_tag","embeddable":true,"href":"https:\/\/shop.bantam.ch\/fr\/wp-json\/wp\/v2\/product_tag?post=233369"}],"curies":[{"name":"wp","href":"https:\/\/api.w.org\/{rel}","templated":true}]}}