{"id":233325,"date":"2026-02-04T11:06:46","date_gmt":"2026-02-04T10:06:46","guid":{"rendered":"https:\/\/shop.bantam.ch\/produit\/systeme-wifi-camper-connected-5g-avec-esim\/"},"modified":"2026-04-20T23:56:04","modified_gmt":"2026-04-20T21:56:04","slug":"systeme-wifi-camper-connected-5g-avec-esim","status":"publish","type":"product","link":"https:\/\/shop.bantam.ch\/fr\/produit\/systeme-wifi-camper-connected-5g-avec-esim\/","title":{"rendered":"Syst\u00e8me WiFi Camper Connected 5G avec eSim"},"content":{"rendered":"<p><!--StartFragment -->Le routeur 5G-WiFi 6 avec double SIM et eSIM fournit jusqu&rsquo;\u00e0 3000 Mbit\/s et assure \u00e0 tout moment une connexion Internet stable gr\u00e2ce au Multi-WAN avec basculement automatique. L&rsquo;antenne ext\u00e9rieure robuste avec un gain allant jusqu&rsquo;\u00e0 6 dBi am\u00e9liore la r\u00e9ception LTE\/5G et WiFi et peut \u00eatre mont\u00e9e de mani\u00e8re flexible. Une connexion GPS permet en outre une localisation pr\u00e9cise du v\u00e9hicule. Le pare-feu, le VPN (WireGuard\/OpenVPN), la QoS et le DDNS garantissent une transmission s\u00e9curis\u00e9e des donn\u00e9es, tandis que le LAN Gigabit, le WAN PoE, l&rsquo;USB-C et le slot TF offrent de multiples possibilit\u00e9s de connexion. Un chien de garde int\u00e9gr\u00e9 assure un red\u00e9marrage automatique en cas de perturbations, tandis que le design r\u00e9sistant rend l&rsquo;utilisation en plein air et en camping fiable.<\/p>\n<p>D\u00e9tails techniques Antenne :<\/p>\n<ul>\n<li>Antenne LTE\/5G + 2,4G \/ 5,8 G WiFi + GPS<\/li>\n<li>Gamme de fr\u00e9quences : 617-960 MHz (+2 dBi), 1710-2800 MHz (+6 dBi), 3300-6000 MHz (+7 dBi)<\/li>\n<li>GPS : 2.8 dBi (+28 dB)<\/li>\n<li>WiFi : 2.4G \/ 5.8G (+ 6 dBi)<\/li>\n<li>Caract\u00e9ristiques de rayonnement Omni-directionnel ; Polarisation : Linear Vertical<\/li>\n<li>Puissance maximale : 50 watts<\/li>\n<li>C\u00e2ble d&rsquo;antenne : 5x RG316, 1x RG174 3 m<\/li>\n<li>Connecteur : 5x SMA \/ 1x Fakar<\/li>\n<li>Plaque de montage amovible<\/li>\n<li>Plage de temp\u00e9rature \/ temp\u00e9rature de stockage : -20\u00b0 C &#8211; +65\u00b0 C \/ -40\u00b0 C &#8211; +85\u00b0 C<\/li>\n<li>Dimensions (L\/H\/P) \/ Poids : 252 x 215 x 95 mm \/ env. 750 g<\/li>\n<\/ul>\n<p>D\u00e9tails techniques du routeur :<\/p>\n<p>G\u00e9n\u00e9ralit\u00e9s :<\/p>\n<ul>\n<li>Type d&rsquo;appareil : Routeur 4G\/5G Dual-SIM avec Wi-Fi 6<\/li>\n<li>Max. Vitesse WLAN : 574 Mbit\/s (2,4 GHz) \/ 2402 Mbit\/s (5 GHz) \/ Combin\u00e9 jusqu&rsquo;\u00e0 3000 Mbit\/s<\/li>\n<li>Multi-WAN : Ethernet, mobile, r\u00e9p\u00e9teur (priorit\u00e9 librement configurable)<\/li>\n<li>Load-Balancing &amp; Failover : pour une meilleure stabilit\u00e9 du r\u00e9seau<\/li>\n<li>Syst\u00e8me d&rsquo;exploitation : OpenWrt 21.02 (Kernel 5.15)<\/li>\n<li>CPU : MediaTek MT7981B, double c\u0153ur, 1,3 GHz<\/li>\n<li>M\u00e9moire : 512 Mo DDR3 RAM + 128 Mo NAND (8 Go eMMC en option)<\/li>\n<\/ul>\n<p>T\u00e9l\u00e9phonie mobile :<\/p>\n<ul>\n<li>Normes de r\u00e9seau : 5G NR, 4G LTE<\/li>\n<li>Slots SIM : 2x Nano-SIM (12,3 x 8,8 mm)<\/li>\n<li>Support eSIM<\/li>\n<li>Fonctions : r\u00e9ception de SMS, affichage de la puissance du signal<\/li>\n<\/ul>\n<p>WLAN :<\/p>\n<ul>\n<li>Norme : IEEE 802.11 a\/b\/g\/n\/ac\/ax (Wi-Fi 6)<\/li>\n<li>Modes : routage, pont sans fil, pont filaire, r\u00e9p\u00e9teur<\/li>\n<li>Configuration : balayage SSID, r\u00e9glage automatique ou manuel<\/li>\n<li>R\u00e9glages avanc\u00e9s :<\/li>\n<li>Cryptage &amp; changement de mot de passe, s\u00e9lection du canal et de la bande passante,<\/li>\n<li>Adaptation de la puissance d&rsquo;\u00e9mission, WLAN-AP on\/off<\/li>\n<\/ul>\n<p>Antennes :<\/p>\n<ul>\n<li>Total : 6 ports (combinables interne\/externe)<\/li>\n<li>4x LTE\/5G<\/li>\n<li>2x Wi-Fi (2,4\/5 GHz)<\/li>\n<li>1x antenne int\u00e9rieure suppl\u00e9mentaire 5,8 GHz<\/li>\n<li>1x antenne GPS<\/li>\n<\/ul>\n<p>Contenu de la livraison : y compris antenne ext\u00e9rieure, routeur, antennes, c\u00e2ble de raccordement pour l&rsquo;antenne et le routeur (3 m), plaque de montage, travers\u00e9e de toit, bloc d&rsquo;alimentation 230 volts, c\u00e2ble de raccordement 12 V pour voiture et mode d&#8217;emploi<\/p>\n<p><!--EndFragment --><\/p>\n","protected":false},"excerpt":{"rendered":"<p>Le routeur 5G-WiFi 6 avec double SIM et eSIM fournit jusqu&rsquo;\u00e0 3000 Mbit\/s et assure \u00e0 tout moment une connexion Internet stable gr\u00e2ce au Multi-WAN avec basculement automatique. L&rsquo;antenne ext\u00e9rieure robuste avec un gain allant jusqu&rsquo;\u00e0 6 dBi am\u00e9liore la r\u00e9ception LTE\/5G et WiFi et peut \u00eatre mont\u00e9e de mani\u00e8re flexible. Une connexion GPS permet [&hellip;]<\/p>\n","protected":false},"featured_media":233315,"template":"","meta":{"_acf_changed":false},"product_featured_cat":[],"product_brand":[],"product_cat":[4075],"product_tag":[],"class_list":{"0":"post-233325","1":"product","2":"type-product","3":"status-publish","4":"has-post-thumbnail","6":"product_cat-installation-satellite-et-accessoires","8":"first","9":"instock","10":"taxable","11":"shipping-taxable","12":"purchasable","13":"product-type-simple"},"acf":[],"yoast_head":"<!-- This site is optimized with the Yoast SEO plugin v27.4 - https:\/\/yoast.com\/product\/yoast-seo-wordpress\/ -->\n<title>Syst\u00e8me WiFi Camper Connected 5G avec eSim - Bantam Wankm\u00fcller SA<\/title>\n<meta name=\"robots\" content=\"index, follow, max-snippet:-1, max-image-preview:large, max-video-preview:-1\" \/>\n<link rel=\"canonical\" href=\"https:\/\/shop.bantam.ch\/fr\/produit\/systeme-wifi-camper-connected-5g-avec-esim\/\" \/>\n<meta property=\"og:locale\" content=\"fr_FR\" \/>\n<meta property=\"og:type\" content=\"article\" \/>\n<meta property=\"og:title\" content=\"Syst\u00e8me WiFi Camper Connected 5G avec eSim - Bantam Wankm\u00fcller SA\" \/>\n<meta property=\"og:description\" content=\"Le routeur 5G-WiFi 6 avec double SIM et eSIM fournit jusqu&rsquo;\u00e0 3000 Mbit\/s et assure \u00e0 tout moment une connexion Internet stable gr\u00e2ce au Multi-WAN avec basculement automatique. L&rsquo;antenne ext\u00e9rieure robuste avec un gain allant jusqu&rsquo;\u00e0 6 dBi am\u00e9liore la r\u00e9ception LTE\/5G et WiFi et peut \u00eatre mont\u00e9e de mani\u00e8re flexible. Une connexion GPS permet [&hellip;]\" \/>\n<meta property=\"og:url\" content=\"https:\/\/shop.bantam.ch\/fr\/produit\/systeme-wifi-camper-connected-5g-avec-esim\/\" \/>\n<meta property=\"og:site_name\" content=\"Bantam Wankm\u00fcller SA\" \/>\n<meta property=\"article:modified_time\" content=\"2026-04-20T21:56:04+00:00\" \/>\n<meta name=\"twitter:card\" content=\"summary_large_image\" \/>\n<meta name=\"twitter:label1\" content=\"Dur\u00e9e de lecture estim\u00e9e\" \/>\n\t<meta name=\"twitter:data1\" content=\"2 minutes\" \/>\n<script type=\"application\/ld+json\" class=\"yoast-schema-graph\">{\"@context\":\"https:\\\/\\\/schema.org\",\"@graph\":[{\"@type\":\"WebPage\",\"@id\":\"https:\\\/\\\/shop.bantam.ch\\\/fr\\\/produit\\\/systeme-wifi-camper-connected-5g-avec-esim\\\/\",\"url\":\"https:\\\/\\\/shop.bantam.ch\\\/fr\\\/produit\\\/systeme-wifi-camper-connected-5g-avec-esim\\\/\",\"name\":\"Syst\u00e8me WiFi Camper Connected 5G avec eSim - Bantam Wankm\u00fcller SA\",\"isPartOf\":{\"@id\":\"https:\\\/\\\/shop.bantam.ch\\\/fr\\\/#website\"},\"primaryImageOfPage\":{\"@id\":\"https:\\\/\\\/shop.bantam.ch\\\/fr\\\/produit\\\/systeme-wifi-camper-connected-5g-avec-esim\\\/#primaryimage\"},\"image\":{\"@id\":\"https:\\\/\\\/shop.bantam.ch\\\/fr\\\/produit\\\/systeme-wifi-camper-connected-5g-avec-esim\\\/#primaryimage\"},\"thumbnailUrl\":\"https:\\\/\\\/shop.bantam.ch\\\/wp-content\\\/uploads\\\/2026\\\/02\\\/Movera-L-9976207100.png\",\"datePublished\":\"2026-02-04T10:06:46+00:00\",\"dateModified\":\"2026-04-20T21:56:04+00:00\",\"breadcrumb\":{\"@id\":\"https:\\\/\\\/shop.bantam.ch\\\/fr\\\/produit\\\/systeme-wifi-camper-connected-5g-avec-esim\\\/#breadcrumb\"},\"inLanguage\":\"fr-FR\",\"potentialAction\":[{\"@type\":\"ReadAction\",\"target\":[\"https:\\\/\\\/shop.bantam.ch\\\/fr\\\/produit\\\/systeme-wifi-camper-connected-5g-avec-esim\\\/\"]}]},{\"@type\":\"ImageObject\",\"inLanguage\":\"fr-FR\",\"@id\":\"https:\\\/\\\/shop.bantam.ch\\\/fr\\\/produit\\\/systeme-wifi-camper-connected-5g-avec-esim\\\/#primaryimage\",\"url\":\"https:\\\/\\\/shop.bantam.ch\\\/wp-content\\\/uploads\\\/2026\\\/02\\\/Movera-L-9976207100.png\",\"contentUrl\":\"https:\\\/\\\/shop.bantam.ch\\\/wp-content\\\/uploads\\\/2026\\\/02\\\/Movera-L-9976207100.png\",\"width\":640,\"height\":411},{\"@type\":\"BreadcrumbList\",\"@id\":\"https:\\\/\\\/shop.bantam.ch\\\/fr\\\/produit\\\/systeme-wifi-camper-connected-5g-avec-esim\\\/#breadcrumb\",\"itemListElement\":[{\"@type\":\"ListItem\",\"position\":1,\"name\":\"Accueil\",\"item\":\"https:\\\/\\\/shop.bantam.ch\\\/fr\\\/\"},{\"@type\":\"ListItem\",\"position\":2,\"name\":\"Boutique\",\"item\":\"https:\\\/\\\/shop.bantam.ch\\\/fr\\\/boutique\\\/\"},{\"@type\":\"ListItem\",\"position\":3,\"name\":\"Syst\u00e8me WiFi Camper Connected 5G avec eSim\"}]},{\"@type\":\"WebSite\",\"@id\":\"https:\\\/\\\/shop.bantam.ch\\\/fr\\\/#website\",\"url\":\"https:\\\/\\\/shop.bantam.ch\\\/fr\\\/\",\"name\":\"Bantam Wankm\u00fcller SA\",\"description\":\"\",\"publisher\":{\"@id\":\"https:\\\/\\\/shop.bantam.ch\\\/fr\\\/#organization\"},\"inLanguage\":\"fr-FR\"},{\"@type\":\"Organization\",\"@id\":\"https:\\\/\\\/shop.bantam.ch\\\/fr\\\/#organization\",\"name\":\"Bantam Wankm\u00fcller SA\",\"url\":\"https:\\\/\\\/shop.bantam.ch\\\/fr\\\/\",\"logo\":{\"@type\":\"ImageObject\",\"inLanguage\":\"fr-FR\",\"@id\":\"https:\\\/\\\/shop.bantam.ch\\\/fr\\\/#\\\/schema\\\/logo\\\/image\\\/\",\"url\":\"https:\\\/\\\/shop.bantam.ch\\\/wp-content\\\/uploads\\\/2022\\\/12\\\/bantam-logo.png\",\"contentUrl\":\"https:\\\/\\\/shop.bantam.ch\\\/wp-content\\\/uploads\\\/2022\\\/12\\\/bantam-logo.png\",\"width\":320,\"height\":71,\"caption\":\"Bantam Wankm\u00fcller SA\"},\"image\":{\"@id\":\"https:\\\/\\\/shop.bantam.ch\\\/fr\\\/#\\\/schema\\\/logo\\\/image\\\/\"}}]}<\/script>\n<!-- \/ Yoast SEO plugin. -->","yoast_head_json":{"title":"Syst\u00e8me WiFi Camper Connected 5G avec eSim - Bantam Wankm\u00fcller SA","robots":{"index":"index","follow":"follow","max-snippet":"max-snippet:-1","max-image-preview":"max-image-preview:large","max-video-preview":"max-video-preview:-1"},"canonical":"https:\/\/shop.bantam.ch\/fr\/produit\/systeme-wifi-camper-connected-5g-avec-esim\/","og_locale":"fr_FR","og_type":"article","og_title":"Syst\u00e8me WiFi Camper Connected 5G avec eSim - Bantam Wankm\u00fcller SA","og_description":"Le routeur 5G-WiFi 6 avec double SIM et eSIM fournit jusqu&rsquo;\u00e0 3000 Mbit\/s et assure \u00e0 tout moment une connexion Internet stable gr\u00e2ce au Multi-WAN avec basculement automatique. L&rsquo;antenne ext\u00e9rieure robuste avec un gain allant jusqu&rsquo;\u00e0 6 dBi am\u00e9liore la r\u00e9ception LTE\/5G et WiFi et peut \u00eatre mont\u00e9e de mani\u00e8re flexible. Une connexion GPS permet [&hellip;]","og_url":"https:\/\/shop.bantam.ch\/fr\/produit\/systeme-wifi-camper-connected-5g-avec-esim\/","og_site_name":"Bantam Wankm\u00fcller SA","article_modified_time":"2026-04-20T21:56:04+00:00","twitter_card":"summary_large_image","twitter_misc":{"Dur\u00e9e de lecture estim\u00e9e":"2 minutes"},"schema":{"@context":"https:\/\/schema.org","@graph":[{"@type":"WebPage","@id":"https:\/\/shop.bantam.ch\/fr\/produit\/systeme-wifi-camper-connected-5g-avec-esim\/","url":"https:\/\/shop.bantam.ch\/fr\/produit\/systeme-wifi-camper-connected-5g-avec-esim\/","name":"Syst\u00e8me WiFi Camper Connected 5G avec eSim - Bantam Wankm\u00fcller SA","isPartOf":{"@id":"https:\/\/shop.bantam.ch\/fr\/#website"},"primaryImageOfPage":{"@id":"https:\/\/shop.bantam.ch\/fr\/produit\/systeme-wifi-camper-connected-5g-avec-esim\/#primaryimage"},"image":{"@id":"https:\/\/shop.bantam.ch\/fr\/produit\/systeme-wifi-camper-connected-5g-avec-esim\/#primaryimage"},"thumbnailUrl":"https:\/\/shop.bantam.ch\/wp-content\/uploads\/2026\/02\/Movera-L-9976207100.png","datePublished":"2026-02-04T10:06:46+00:00","dateModified":"2026-04-20T21:56:04+00:00","breadcrumb":{"@id":"https:\/\/shop.bantam.ch\/fr\/produit\/systeme-wifi-camper-connected-5g-avec-esim\/#breadcrumb"},"inLanguage":"fr-FR","potentialAction":[{"@type":"ReadAction","target":["https:\/\/shop.bantam.ch\/fr\/produit\/systeme-wifi-camper-connected-5g-avec-esim\/"]}]},{"@type":"ImageObject","inLanguage":"fr-FR","@id":"https:\/\/shop.bantam.ch\/fr\/produit\/systeme-wifi-camper-connected-5g-avec-esim\/#primaryimage","url":"https:\/\/shop.bantam.ch\/wp-content\/uploads\/2026\/02\/Movera-L-9976207100.png","contentUrl":"https:\/\/shop.bantam.ch\/wp-content\/uploads\/2026\/02\/Movera-L-9976207100.png","width":640,"height":411},{"@type":"BreadcrumbList","@id":"https:\/\/shop.bantam.ch\/fr\/produit\/systeme-wifi-camper-connected-5g-avec-esim\/#breadcrumb","itemListElement":[{"@type":"ListItem","position":1,"name":"Accueil","item":"https:\/\/shop.bantam.ch\/fr\/"},{"@type":"ListItem","position":2,"name":"Boutique","item":"https:\/\/shop.bantam.ch\/fr\/boutique\/"},{"@type":"ListItem","position":3,"name":"Syst\u00e8me WiFi Camper Connected 5G avec eSim"}]},{"@type":"WebSite","@id":"https:\/\/shop.bantam.ch\/fr\/#website","url":"https:\/\/shop.bantam.ch\/fr\/","name":"Bantam Wankm\u00fcller SA","description":"","publisher":{"@id":"https:\/\/shop.bantam.ch\/fr\/#organization"},"inLanguage":"fr-FR"},{"@type":"Organization","@id":"https:\/\/shop.bantam.ch\/fr\/#organization","name":"Bantam Wankm\u00fcller SA","url":"https:\/\/shop.bantam.ch\/fr\/","logo":{"@type":"ImageObject","inLanguage":"fr-FR","@id":"https:\/\/shop.bantam.ch\/fr\/#\/schema\/logo\/image\/","url":"https:\/\/shop.bantam.ch\/wp-content\/uploads\/2022\/12\/bantam-logo.png","contentUrl":"https:\/\/shop.bantam.ch\/wp-content\/uploads\/2022\/12\/bantam-logo.png","width":320,"height":71,"caption":"Bantam Wankm\u00fcller SA"},"image":{"@id":"https:\/\/shop.bantam.ch\/fr\/#\/schema\/logo\/image\/"}}]}},"_links":{"self":[{"href":"https:\/\/shop.bantam.ch\/fr\/wp-json\/wp\/v2\/product\/233325","targetHints":{"allow":["GET"]}}],"collection":[{"href":"https:\/\/shop.bantam.ch\/fr\/wp-json\/wp\/v2\/product"}],"about":[{"href":"https:\/\/shop.bantam.ch\/fr\/wp-json\/wp\/v2\/types\/product"}],"wp:featuredmedia":[{"embeddable":true,"href":"https:\/\/shop.bantam.ch\/fr\/wp-json\/wp\/v2\/media\/233315"}],"wp:attachment":[{"href":"https:\/\/shop.bantam.ch\/fr\/wp-json\/wp\/v2\/media?parent=233325"}],"wp:term":[{"taxonomy":"product_featured_cat","embeddable":true,"href":"https:\/\/shop.bantam.ch\/fr\/wp-json\/wp\/v2\/product_featured_cat?post=233325"},{"taxonomy":"product_brand","embeddable":true,"href":"https:\/\/shop.bantam.ch\/fr\/wp-json\/wp\/v2\/product_brand?post=233325"},{"taxonomy":"product_cat","embeddable":true,"href":"https:\/\/shop.bantam.ch\/fr\/wp-json\/wp\/v2\/product_cat?post=233325"},{"taxonomy":"product_tag","embeddable":true,"href":"https:\/\/shop.bantam.ch\/fr\/wp-json\/wp\/v2\/product_tag?post=233325"}],"curies":[{"name":"wp","href":"https:\/\/api.w.org\/{rel}","templated":true}]}}