{"id":233313,"date":"2026-02-04T11:06:38","date_gmt":"2026-02-04T10:06:38","guid":{"rendered":"https:\/\/shop.bantam.ch\/produit\/combine-four-grill-duplex-xs-noir\/"},"modified":"2026-05-01T23:51:28","modified_gmt":"2026-05-01T21:51:28","slug":"combine-four-grill-duplex-xs-noir","status":"publish","type":"product","link":"https:\/\/shop.bantam.ch\/fr\/produit\/combine-four-grill-duplex-xs-noir\/","title":{"rendered":"Combin\u00e9 four-grill Duplex XS noir"},"content":{"rendered":"<p><!--StartFragment --><\/p>\n<p>Savourez de d\u00e9licieux repas, o\u00f9 que vous soyez, gr\u00e2ce au Duplex, un combin\u00e9 four-grill de haute qualit\u00e9. Cette combinaison four et grill en acier inoxydable facile \u00e0 nettoyer est le compl\u00e9ment parfait pour la cuisine de votre van Camper. Le Duplex fonctionne au gaz LPG et dispose de deux br\u00fbleurs, pour le four et le barbecue. Le XS s&rsquo;adapte \u00e0 un bloc-cuisine typique de 400 mm de profondeur pour les Camper Vans.<\/p>\n<ul>\n<li>S&rsquo;adapte \u00e0 un bloc de cuisine typique des Camper Vans.<\/li>\n<li>Espace de cuisson en acier inoxydable<\/li>\n<li>Capacit\u00e9 du four : 19 l<\/li>\n<\/ul>\n<p><!--EndFragment --><\/p>\n","protected":false},"excerpt":{"rendered":"<p>Savourez de d\u00e9licieux repas, o\u00f9 que vous soyez, gr\u00e2ce au Duplex, un combin\u00e9 four-grill de haute qualit\u00e9. Cette combinaison four et grill en acier inoxydable facile \u00e0 nettoyer est le compl\u00e9ment parfait pour la cuisine de votre van Camper. Le Duplex fonctionne au gaz LPG et dispose de deux br\u00fbleurs, pour le four et le [&hellip;]<\/p>\n","protected":false},"featured_media":233311,"template":"","meta":{"_acf_changed":false},"product_featured_cat":[],"product_brand":[],"product_cat":[3995],"product_tag":[],"class_list":{"0":"post-233313","1":"product","2":"type-product","3":"status-publish","4":"has-post-thumbnail","6":"product_cat-fours-et-cuisinieres-a-gaz","8":"first","9":"instock","10":"taxable","11":"shipping-taxable","12":"purchasable","13":"product-type-simple"},"acf":[],"yoast_head":"<!-- This site is optimized with the Yoast SEO plugin v27.5 - https:\/\/yoast.com\/product\/yoast-seo-wordpress\/ -->\n<title>Combin\u00e9 four-grill Duplex XS noir - Bantam<\/title>\n<meta name=\"robots\" content=\"index, follow, max-snippet:-1, max-image-preview:large, max-video-preview:-1\" \/>\n<link rel=\"canonical\" href=\"https:\/\/shop.bantam.ch\/fr\/produit\/combine-four-grill-duplex-xs-noir\/\" \/>\n<meta property=\"og:locale\" content=\"fr_FR\" \/>\n<meta property=\"og:type\" content=\"article\" \/>\n<meta property=\"og:title\" content=\"Combin\u00e9 four-grill Duplex XS noir - Bantam\" \/>\n<meta property=\"og:description\" content=\"Savourez de d\u00e9licieux repas, o\u00f9 que vous soyez, gr\u00e2ce au Duplex, un combin\u00e9 four-grill de haute qualit\u00e9. Cette combinaison four et grill en acier inoxydable facile \u00e0 nettoyer est le compl\u00e9ment parfait pour la cuisine de votre van Camper. Le Duplex fonctionne au gaz LPG et dispose de deux br\u00fbleurs, pour le four et le [&hellip;]\" \/>\n<meta property=\"og:url\" content=\"https:\/\/shop.bantam.ch\/fr\/produit\/combine-four-grill-duplex-xs-noir\/\" \/>\n<meta property=\"og:site_name\" content=\"Bantam\" \/>\n<meta property=\"article:modified_time\" content=\"2026-05-01T21:51:28+00:00\" \/>\n<meta name=\"twitter:card\" content=\"summary_large_image\" \/>\n<script type=\"application\/ld+json\" class=\"yoast-schema-graph\">{\"@context\":\"https:\\\/\\\/schema.org\",\"@graph\":[{\"@type\":\"WebPage\",\"@id\":\"https:\\\/\\\/shop.bantam.ch\\\/fr\\\/produit\\\/combine-four-grill-duplex-xs-noir\\\/\",\"url\":\"https:\\\/\\\/shop.bantam.ch\\\/fr\\\/produit\\\/combine-four-grill-duplex-xs-noir\\\/\",\"name\":\"Combin\u00e9 four-grill Duplex XS noir - Bantam\",\"isPartOf\":{\"@id\":\"https:\\\/\\\/shop.bantam.ch\\\/fr\\\/#website\"},\"primaryImageOfPage\":{\"@id\":\"https:\\\/\\\/shop.bantam.ch\\\/fr\\\/produit\\\/combine-four-grill-duplex-xs-noir\\\/#primaryimage\"},\"image\":{\"@id\":\"https:\\\/\\\/shop.bantam.ch\\\/fr\\\/produit\\\/combine-four-grill-duplex-xs-noir\\\/#primaryimage\"},\"thumbnailUrl\":\"https:\\\/\\\/shop.bantam.ch\\\/wp-content\\\/uploads\\\/2026\\\/02\\\/Movera-L-9976174100.jpg\",\"datePublished\":\"2026-02-04T10:06:38+00:00\",\"dateModified\":\"2026-05-01T21:51:28+00:00\",\"breadcrumb\":{\"@id\":\"https:\\\/\\\/shop.bantam.ch\\\/fr\\\/produit\\\/combine-four-grill-duplex-xs-noir\\\/#breadcrumb\"},\"inLanguage\":\"fr-FR\",\"potentialAction\":[{\"@type\":\"ReadAction\",\"target\":[\"https:\\\/\\\/shop.bantam.ch\\\/fr\\\/produit\\\/combine-four-grill-duplex-xs-noir\\\/\"]}]},{\"@type\":\"ImageObject\",\"inLanguage\":\"fr-FR\",\"@id\":\"https:\\\/\\\/shop.bantam.ch\\\/fr\\\/produit\\\/combine-four-grill-duplex-xs-noir\\\/#primaryimage\",\"url\":\"https:\\\/\\\/shop.bantam.ch\\\/wp-content\\\/uploads\\\/2026\\\/02\\\/Movera-L-9976174100.jpg\",\"contentUrl\":\"https:\\\/\\\/shop.bantam.ch\\\/wp-content\\\/uploads\\\/2026\\\/02\\\/Movera-L-9976174100.jpg\",\"width\":640,\"height\":480},{\"@type\":\"BreadcrumbList\",\"@id\":\"https:\\\/\\\/shop.bantam.ch\\\/fr\\\/produit\\\/combine-four-grill-duplex-xs-noir\\\/#breadcrumb\",\"itemListElement\":[{\"@type\":\"ListItem\",\"position\":1,\"name\":\"Accueil\",\"item\":\"https:\\\/\\\/shop.bantam.ch\\\/fr\\\/\"},{\"@type\":\"ListItem\",\"position\":2,\"name\":\"Boutique\",\"item\":\"https:\\\/\\\/shop.bantam.ch\\\/fr\\\/boutique\\\/\"},{\"@type\":\"ListItem\",\"position\":3,\"name\":\"Combin\u00e9 four-grill Duplex XS noir\"}]},{\"@type\":\"WebSite\",\"@id\":\"https:\\\/\\\/shop.bantam.ch\\\/fr\\\/#website\",\"url\":\"https:\\\/\\\/shop.bantam.ch\\\/fr\\\/\",\"name\":\"Bantam\",\"description\":\"\",\"publisher\":{\"@id\":\"https:\\\/\\\/shop.bantam.ch\\\/fr\\\/#organization\"},\"inLanguage\":\"fr-FR\"},{\"@type\":\"Organization\",\"@id\":\"https:\\\/\\\/shop.bantam.ch\\\/fr\\\/#organization\",\"name\":\"Bantam\",\"url\":\"https:\\\/\\\/shop.bantam.ch\\\/fr\\\/\",\"logo\":{\"@type\":\"ImageObject\",\"inLanguage\":\"fr-FR\",\"@id\":\"https:\\\/\\\/shop.bantam.ch\\\/fr\\\/#\\\/schema\\\/logo\\\/image\\\/\",\"url\":\"https:\\\/\\\/shop.bantam.ch\\\/wp-content\\\/uploads\\\/2022\\\/12\\\/bantam-logo.png\",\"contentUrl\":\"https:\\\/\\\/shop.bantam.ch\\\/wp-content\\\/uploads\\\/2022\\\/12\\\/bantam-logo.png\",\"width\":320,\"height\":71,\"caption\":\"Bantam\"},\"image\":{\"@id\":\"https:\\\/\\\/shop.bantam.ch\\\/fr\\\/#\\\/schema\\\/logo\\\/image\\\/\"}}]}<\/script>\n<!-- \/ Yoast SEO plugin. -->","yoast_head_json":{"title":"Combin\u00e9 four-grill Duplex XS noir - Bantam","robots":{"index":"index","follow":"follow","max-snippet":"max-snippet:-1","max-image-preview":"max-image-preview:large","max-video-preview":"max-video-preview:-1"},"canonical":"https:\/\/shop.bantam.ch\/fr\/produit\/combine-four-grill-duplex-xs-noir\/","og_locale":"fr_FR","og_type":"article","og_title":"Combin\u00e9 four-grill Duplex XS noir - Bantam","og_description":"Savourez de d\u00e9licieux repas, o\u00f9 que vous soyez, gr\u00e2ce au Duplex, un combin\u00e9 four-grill de haute qualit\u00e9. Cette combinaison four et grill en acier inoxydable facile \u00e0 nettoyer est le compl\u00e9ment parfait pour la cuisine de votre van Camper. Le Duplex fonctionne au gaz LPG et dispose de deux br\u00fbleurs, pour le four et le [&hellip;]","og_url":"https:\/\/shop.bantam.ch\/fr\/produit\/combine-four-grill-duplex-xs-noir\/","og_site_name":"Bantam","article_modified_time":"2026-05-01T21:51:28+00:00","twitter_card":"summary_large_image","schema":{"@context":"https:\/\/schema.org","@graph":[{"@type":"WebPage","@id":"https:\/\/shop.bantam.ch\/fr\/produit\/combine-four-grill-duplex-xs-noir\/","url":"https:\/\/shop.bantam.ch\/fr\/produit\/combine-four-grill-duplex-xs-noir\/","name":"Combin\u00e9 four-grill Duplex XS noir - Bantam","isPartOf":{"@id":"https:\/\/shop.bantam.ch\/fr\/#website"},"primaryImageOfPage":{"@id":"https:\/\/shop.bantam.ch\/fr\/produit\/combine-four-grill-duplex-xs-noir\/#primaryimage"},"image":{"@id":"https:\/\/shop.bantam.ch\/fr\/produit\/combine-four-grill-duplex-xs-noir\/#primaryimage"},"thumbnailUrl":"https:\/\/shop.bantam.ch\/wp-content\/uploads\/2026\/02\/Movera-L-9976174100.jpg","datePublished":"2026-02-04T10:06:38+00:00","dateModified":"2026-05-01T21:51:28+00:00","breadcrumb":{"@id":"https:\/\/shop.bantam.ch\/fr\/produit\/combine-four-grill-duplex-xs-noir\/#breadcrumb"},"inLanguage":"fr-FR","potentialAction":[{"@type":"ReadAction","target":["https:\/\/shop.bantam.ch\/fr\/produit\/combine-four-grill-duplex-xs-noir\/"]}]},{"@type":"ImageObject","inLanguage":"fr-FR","@id":"https:\/\/shop.bantam.ch\/fr\/produit\/combine-four-grill-duplex-xs-noir\/#primaryimage","url":"https:\/\/shop.bantam.ch\/wp-content\/uploads\/2026\/02\/Movera-L-9976174100.jpg","contentUrl":"https:\/\/shop.bantam.ch\/wp-content\/uploads\/2026\/02\/Movera-L-9976174100.jpg","width":640,"height":480},{"@type":"BreadcrumbList","@id":"https:\/\/shop.bantam.ch\/fr\/produit\/combine-four-grill-duplex-xs-noir\/#breadcrumb","itemListElement":[{"@type":"ListItem","position":1,"name":"Accueil","item":"https:\/\/shop.bantam.ch\/fr\/"},{"@type":"ListItem","position":2,"name":"Boutique","item":"https:\/\/shop.bantam.ch\/fr\/boutique\/"},{"@type":"ListItem","position":3,"name":"Combin\u00e9 four-grill Duplex XS noir"}]},{"@type":"WebSite","@id":"https:\/\/shop.bantam.ch\/fr\/#website","url":"https:\/\/shop.bantam.ch\/fr\/","name":"Bantam","description":"","publisher":{"@id":"https:\/\/shop.bantam.ch\/fr\/#organization"},"inLanguage":"fr-FR"},{"@type":"Organization","@id":"https:\/\/shop.bantam.ch\/fr\/#organization","name":"Bantam","url":"https:\/\/shop.bantam.ch\/fr\/","logo":{"@type":"ImageObject","inLanguage":"fr-FR","@id":"https:\/\/shop.bantam.ch\/fr\/#\/schema\/logo\/image\/","url":"https:\/\/shop.bantam.ch\/wp-content\/uploads\/2022\/12\/bantam-logo.png","contentUrl":"https:\/\/shop.bantam.ch\/wp-content\/uploads\/2022\/12\/bantam-logo.png","width":320,"height":71,"caption":"Bantam"},"image":{"@id":"https:\/\/shop.bantam.ch\/fr\/#\/schema\/logo\/image\/"}}]}},"_links":{"self":[{"href":"https:\/\/shop.bantam.ch\/fr\/wp-json\/wp\/v2\/product\/233313","targetHints":{"allow":["GET"]}}],"collection":[{"href":"https:\/\/shop.bantam.ch\/fr\/wp-json\/wp\/v2\/product"}],"about":[{"href":"https:\/\/shop.bantam.ch\/fr\/wp-json\/wp\/v2\/types\/product"}],"wp:featuredmedia":[{"embeddable":true,"href":"https:\/\/shop.bantam.ch\/fr\/wp-json\/wp\/v2\/media\/233311"}],"wp:attachment":[{"href":"https:\/\/shop.bantam.ch\/fr\/wp-json\/wp\/v2\/media?parent=233313"}],"wp:term":[{"taxonomy":"product_featured_cat","embeddable":true,"href":"https:\/\/shop.bantam.ch\/fr\/wp-json\/wp\/v2\/product_featured_cat?post=233313"},{"taxonomy":"product_brand","embeddable":true,"href":"https:\/\/shop.bantam.ch\/fr\/wp-json\/wp\/v2\/product_brand?post=233313"},{"taxonomy":"product_cat","embeddable":true,"href":"https:\/\/shop.bantam.ch\/fr\/wp-json\/wp\/v2\/product_cat?post=233313"},{"taxonomy":"product_tag","embeddable":true,"href":"https:\/\/shop.bantam.ch\/fr\/wp-json\/wp\/v2\/product_tag?post=233313"}],"curies":[{"name":"wp","href":"https:\/\/api.w.org\/{rel}","templated":true}]}}