{"id":233279,"date":"2026-02-04T11:05:31","date_gmt":"2026-02-04T10:05:31","guid":{"rendered":"https:\/\/shop.bantam.ch\/produit\/kit-camera-birdview-safety-csv361hd-sans-moniteur\/"},"modified":"2026-04-20T00:02:16","modified_gmt":"2026-04-19T22:02:16","slug":"kit-camera-birdview-safety-csv361hd-sans-moniteur","status":"publish","type":"product","link":"https:\/\/shop.bantam.ch\/fr\/produit\/kit-camera-birdview-safety-csv361hd-sans-moniteur\/","title":{"rendered":"Kit cam\u00e9ra Birdview Safety CSV361HD sans moniteur"},"content":{"rendered":"<p><!--StartFragment --><!--StartFragment --><\/p>\n<p>Le nouveau syst\u00e8me de cam\u00e9ras 360\u00b0 HD Caratec Safety CSV361HD vous montre \u00e0 vol d&rsquo;oiseau tout ce qui se trouve autour de votre camping-car &#8211; lors des man\u0153uvres, du stationnement ou m\u00eame pendant la conduite.<\/p>\n<p>Quatre cam\u00e9ras grand angle Full-HD (1080p) discr\u00e8tes \u00e0 fixation invisible sont install\u00e9es sur les c\u00f4t\u00e9s, \u00e0 l&rsquo;avant et \u00e0 l&rsquo;arri\u00e8re. Un processeur vid\u00e9o puissant assemble les images individuelles en temps r\u00e9el pour cr\u00e9er une vue panoramique sans faille. Vous avez ainsi une vue d&rsquo;ensemble \u00e0 tout moment, sans interruptions ni distorsions. Le syst\u00e8me propose diff\u00e9rents types de vues en 2D et en 3D, qui peuvent \u00eatre activ\u00e9es automatiquement ou \u00e0 l&rsquo;aide d&rsquo;une t\u00e9l\u00e9commande, par exemple la cam\u00e9ra de recul lorsque la marche arri\u00e8re est enclench\u00e9e ou les vues lat\u00e9rales lorsque le v\u00e9hicule clignote. De plus, les enregistrements peuvent \u00eatre sauvegard\u00e9s directement sur une carte SD et consult\u00e9s via USB.<\/p>\n<p>Contenu de la livraison : y compris le bo\u00eetier de commande, 4 cam\u00e9ras Full-HD (IP69K), jeux de c\u00e2bles de diff\u00e9rentes longueurs, t\u00e9l\u00e9commande, antenne GPS ainsi que d&rsquo;autres accessoires pour l&rsquo;installation.<\/p>\n<p><!--EndFragment --><\/p>\n<p><!--EndFragment --><\/p>\n","protected":false},"excerpt":{"rendered":"<p>Le nouveau syst\u00e8me de cam\u00e9ras 360\u00b0 HD Caratec Safety CSV361HD vous montre \u00e0 vol d&rsquo;oiseau tout ce qui se trouve autour de votre camping-car &#8211; lors des man\u0153uvres, du stationnement ou m\u00eame pendant la conduite. Quatre cam\u00e9ras grand angle Full-HD (1080p) discr\u00e8tes \u00e0 fixation invisible sont install\u00e9es sur les c\u00f4t\u00e9s, \u00e0 l&rsquo;avant et \u00e0 l&rsquo;arri\u00e8re. [&hellip;]<\/p>\n","protected":false},"featured_media":233275,"template":"","meta":{"_acf_changed":false},"product_featured_cat":[],"product_brand":[],"product_cat":[5153],"product_tag":[],"class_list":{"0":"post-233279","1":"product","2":"type-product","3":"status-publish","4":"has-post-thumbnail","6":"product_cat-ensembles-de-systemes-videos-inversees","8":"first","9":"instock","10":"taxable","11":"shipping-taxable","12":"purchasable","13":"product-type-simple"},"acf":[],"yoast_head":"<!-- This site is optimized with the Yoast SEO plugin v27.4 - https:\/\/yoast.com\/product\/yoast-seo-wordpress\/ -->\n<title>Kit cam\u00e9ra Birdview Safety CSV361HD sans moniteur - Bantam Wankm\u00fcller SA<\/title>\n<meta name=\"robots\" content=\"index, follow, max-snippet:-1, max-image-preview:large, max-video-preview:-1\" \/>\n<link rel=\"canonical\" href=\"https:\/\/shop.bantam.ch\/fr\/produit\/kit-camera-birdview-safety-csv361hd-sans-moniteur\/\" \/>\n<meta property=\"og:locale\" content=\"fr_FR\" \/>\n<meta property=\"og:type\" content=\"article\" \/>\n<meta property=\"og:title\" content=\"Kit cam\u00e9ra Birdview Safety CSV361HD sans moniteur - Bantam Wankm\u00fcller SA\" \/>\n<meta property=\"og:description\" content=\"Le nouveau syst\u00e8me de cam\u00e9ras 360\u00b0 HD Caratec Safety CSV361HD vous montre \u00e0 vol d&rsquo;oiseau tout ce qui se trouve autour de votre camping-car &#8211; lors des man\u0153uvres, du stationnement ou m\u00eame pendant la conduite. Quatre cam\u00e9ras grand angle Full-HD (1080p) discr\u00e8tes \u00e0 fixation invisible sont install\u00e9es sur les c\u00f4t\u00e9s, \u00e0 l&rsquo;avant et \u00e0 l&rsquo;arri\u00e8re. [&hellip;]\" \/>\n<meta property=\"og:url\" content=\"https:\/\/shop.bantam.ch\/fr\/produit\/kit-camera-birdview-safety-csv361hd-sans-moniteur\/\" \/>\n<meta property=\"og:site_name\" content=\"Bantam Wankm\u00fcller SA\" \/>\n<meta property=\"article:modified_time\" content=\"2026-04-19T22:02:16+00:00\" \/>\n<meta name=\"twitter:card\" content=\"summary_large_image\" \/>\n<meta name=\"twitter:label1\" content=\"Dur\u00e9e de lecture estim\u00e9e\" \/>\n\t<meta name=\"twitter:data1\" content=\"1 minute\" \/>\n<script type=\"application\/ld+json\" class=\"yoast-schema-graph\">{\"@context\":\"https:\\\/\\\/schema.org\",\"@graph\":[{\"@type\":\"WebPage\",\"@id\":\"https:\\\/\\\/shop.bantam.ch\\\/fr\\\/produit\\\/kit-camera-birdview-safety-csv361hd-sans-moniteur\\\/\",\"url\":\"https:\\\/\\\/shop.bantam.ch\\\/fr\\\/produit\\\/kit-camera-birdview-safety-csv361hd-sans-moniteur\\\/\",\"name\":\"Kit cam\u00e9ra Birdview Safety CSV361HD sans moniteur - Bantam Wankm\u00fcller SA\",\"isPartOf\":{\"@id\":\"https:\\\/\\\/shop.bantam.ch\\\/fr\\\/#website\"},\"primaryImageOfPage\":{\"@id\":\"https:\\\/\\\/shop.bantam.ch\\\/fr\\\/produit\\\/kit-camera-birdview-safety-csv361hd-sans-moniteur\\\/#primaryimage\"},\"image\":{\"@id\":\"https:\\\/\\\/shop.bantam.ch\\\/fr\\\/produit\\\/kit-camera-birdview-safety-csv361hd-sans-moniteur\\\/#primaryimage\"},\"thumbnailUrl\":\"https:\\\/\\\/shop.bantam.ch\\\/wp-content\\\/uploads\\\/2026\\\/02\\\/Movera-L-9975891100.png\",\"datePublished\":\"2026-02-04T10:05:31+00:00\",\"dateModified\":\"2026-04-19T22:02:16+00:00\",\"breadcrumb\":{\"@id\":\"https:\\\/\\\/shop.bantam.ch\\\/fr\\\/produit\\\/kit-camera-birdview-safety-csv361hd-sans-moniteur\\\/#breadcrumb\"},\"inLanguage\":\"fr-FR\",\"potentialAction\":[{\"@type\":\"ReadAction\",\"target\":[\"https:\\\/\\\/shop.bantam.ch\\\/fr\\\/produit\\\/kit-camera-birdview-safety-csv361hd-sans-moniteur\\\/\"]}]},{\"@type\":\"ImageObject\",\"inLanguage\":\"fr-FR\",\"@id\":\"https:\\\/\\\/shop.bantam.ch\\\/fr\\\/produit\\\/kit-camera-birdview-safety-csv361hd-sans-moniteur\\\/#primaryimage\",\"url\":\"https:\\\/\\\/shop.bantam.ch\\\/wp-content\\\/uploads\\\/2026\\\/02\\\/Movera-L-9975891100.png\",\"contentUrl\":\"https:\\\/\\\/shop.bantam.ch\\\/wp-content\\\/uploads\\\/2026\\\/02\\\/Movera-L-9975891100.png\",\"width\":640,\"height\":427},{\"@type\":\"BreadcrumbList\",\"@id\":\"https:\\\/\\\/shop.bantam.ch\\\/fr\\\/produit\\\/kit-camera-birdview-safety-csv361hd-sans-moniteur\\\/#breadcrumb\",\"itemListElement\":[{\"@type\":\"ListItem\",\"position\":1,\"name\":\"Accueil\",\"item\":\"https:\\\/\\\/shop.bantam.ch\\\/fr\\\/\"},{\"@type\":\"ListItem\",\"position\":2,\"name\":\"Boutique\",\"item\":\"https:\\\/\\\/shop.bantam.ch\\\/fr\\\/boutique\\\/\"},{\"@type\":\"ListItem\",\"position\":3,\"name\":\"Kit cam\u00e9ra Birdview Safety CSV361HD sans moniteur\"}]},{\"@type\":\"WebSite\",\"@id\":\"https:\\\/\\\/shop.bantam.ch\\\/fr\\\/#website\",\"url\":\"https:\\\/\\\/shop.bantam.ch\\\/fr\\\/\",\"name\":\"Bantam Wankm\u00fcller SA\",\"description\":\"\",\"publisher\":{\"@id\":\"https:\\\/\\\/shop.bantam.ch\\\/fr\\\/#organization\"},\"inLanguage\":\"fr-FR\"},{\"@type\":\"Organization\",\"@id\":\"https:\\\/\\\/shop.bantam.ch\\\/fr\\\/#organization\",\"name\":\"Bantam Wankm\u00fcller SA\",\"url\":\"https:\\\/\\\/shop.bantam.ch\\\/fr\\\/\",\"logo\":{\"@type\":\"ImageObject\",\"inLanguage\":\"fr-FR\",\"@id\":\"https:\\\/\\\/shop.bantam.ch\\\/fr\\\/#\\\/schema\\\/logo\\\/image\\\/\",\"url\":\"https:\\\/\\\/shop.bantam.ch\\\/wp-content\\\/uploads\\\/2022\\\/12\\\/bantam-logo.png\",\"contentUrl\":\"https:\\\/\\\/shop.bantam.ch\\\/wp-content\\\/uploads\\\/2022\\\/12\\\/bantam-logo.png\",\"width\":320,\"height\":71,\"caption\":\"Bantam Wankm\u00fcller SA\"},\"image\":{\"@id\":\"https:\\\/\\\/shop.bantam.ch\\\/fr\\\/#\\\/schema\\\/logo\\\/image\\\/\"}}]}<\/script>\n<!-- \/ Yoast SEO plugin. -->","yoast_head_json":{"title":"Kit cam\u00e9ra Birdview Safety CSV361HD sans moniteur - Bantam Wankm\u00fcller SA","robots":{"index":"index","follow":"follow","max-snippet":"max-snippet:-1","max-image-preview":"max-image-preview:large","max-video-preview":"max-video-preview:-1"},"canonical":"https:\/\/shop.bantam.ch\/fr\/produit\/kit-camera-birdview-safety-csv361hd-sans-moniteur\/","og_locale":"fr_FR","og_type":"article","og_title":"Kit cam\u00e9ra Birdview Safety CSV361HD sans moniteur - Bantam Wankm\u00fcller SA","og_description":"Le nouveau syst\u00e8me de cam\u00e9ras 360\u00b0 HD Caratec Safety CSV361HD vous montre \u00e0 vol d&rsquo;oiseau tout ce qui se trouve autour de votre camping-car &#8211; lors des man\u0153uvres, du stationnement ou m\u00eame pendant la conduite. Quatre cam\u00e9ras grand angle Full-HD (1080p) discr\u00e8tes \u00e0 fixation invisible sont install\u00e9es sur les c\u00f4t\u00e9s, \u00e0 l&rsquo;avant et \u00e0 l&rsquo;arri\u00e8re. [&hellip;]","og_url":"https:\/\/shop.bantam.ch\/fr\/produit\/kit-camera-birdview-safety-csv361hd-sans-moniteur\/","og_site_name":"Bantam Wankm\u00fcller SA","article_modified_time":"2026-04-19T22:02:16+00:00","twitter_card":"summary_large_image","twitter_misc":{"Dur\u00e9e de lecture estim\u00e9e":"1 minute"},"schema":{"@context":"https:\/\/schema.org","@graph":[{"@type":"WebPage","@id":"https:\/\/shop.bantam.ch\/fr\/produit\/kit-camera-birdview-safety-csv361hd-sans-moniteur\/","url":"https:\/\/shop.bantam.ch\/fr\/produit\/kit-camera-birdview-safety-csv361hd-sans-moniteur\/","name":"Kit cam\u00e9ra Birdview Safety CSV361HD sans moniteur - Bantam Wankm\u00fcller SA","isPartOf":{"@id":"https:\/\/shop.bantam.ch\/fr\/#website"},"primaryImageOfPage":{"@id":"https:\/\/shop.bantam.ch\/fr\/produit\/kit-camera-birdview-safety-csv361hd-sans-moniteur\/#primaryimage"},"image":{"@id":"https:\/\/shop.bantam.ch\/fr\/produit\/kit-camera-birdview-safety-csv361hd-sans-moniteur\/#primaryimage"},"thumbnailUrl":"https:\/\/shop.bantam.ch\/wp-content\/uploads\/2026\/02\/Movera-L-9975891100.png","datePublished":"2026-02-04T10:05:31+00:00","dateModified":"2026-04-19T22:02:16+00:00","breadcrumb":{"@id":"https:\/\/shop.bantam.ch\/fr\/produit\/kit-camera-birdview-safety-csv361hd-sans-moniteur\/#breadcrumb"},"inLanguage":"fr-FR","potentialAction":[{"@type":"ReadAction","target":["https:\/\/shop.bantam.ch\/fr\/produit\/kit-camera-birdview-safety-csv361hd-sans-moniteur\/"]}]},{"@type":"ImageObject","inLanguage":"fr-FR","@id":"https:\/\/shop.bantam.ch\/fr\/produit\/kit-camera-birdview-safety-csv361hd-sans-moniteur\/#primaryimage","url":"https:\/\/shop.bantam.ch\/wp-content\/uploads\/2026\/02\/Movera-L-9975891100.png","contentUrl":"https:\/\/shop.bantam.ch\/wp-content\/uploads\/2026\/02\/Movera-L-9975891100.png","width":640,"height":427},{"@type":"BreadcrumbList","@id":"https:\/\/shop.bantam.ch\/fr\/produit\/kit-camera-birdview-safety-csv361hd-sans-moniteur\/#breadcrumb","itemListElement":[{"@type":"ListItem","position":1,"name":"Accueil","item":"https:\/\/shop.bantam.ch\/fr\/"},{"@type":"ListItem","position":2,"name":"Boutique","item":"https:\/\/shop.bantam.ch\/fr\/boutique\/"},{"@type":"ListItem","position":3,"name":"Kit cam\u00e9ra Birdview Safety CSV361HD sans moniteur"}]},{"@type":"WebSite","@id":"https:\/\/shop.bantam.ch\/fr\/#website","url":"https:\/\/shop.bantam.ch\/fr\/","name":"Bantam Wankm\u00fcller SA","description":"","publisher":{"@id":"https:\/\/shop.bantam.ch\/fr\/#organization"},"inLanguage":"fr-FR"},{"@type":"Organization","@id":"https:\/\/shop.bantam.ch\/fr\/#organization","name":"Bantam Wankm\u00fcller SA","url":"https:\/\/shop.bantam.ch\/fr\/","logo":{"@type":"ImageObject","inLanguage":"fr-FR","@id":"https:\/\/shop.bantam.ch\/fr\/#\/schema\/logo\/image\/","url":"https:\/\/shop.bantam.ch\/wp-content\/uploads\/2022\/12\/bantam-logo.png","contentUrl":"https:\/\/shop.bantam.ch\/wp-content\/uploads\/2022\/12\/bantam-logo.png","width":320,"height":71,"caption":"Bantam Wankm\u00fcller SA"},"image":{"@id":"https:\/\/shop.bantam.ch\/fr\/#\/schema\/logo\/image\/"}}]}},"_links":{"self":[{"href":"https:\/\/shop.bantam.ch\/fr\/wp-json\/wp\/v2\/product\/233279","targetHints":{"allow":["GET"]}}],"collection":[{"href":"https:\/\/shop.bantam.ch\/fr\/wp-json\/wp\/v2\/product"}],"about":[{"href":"https:\/\/shop.bantam.ch\/fr\/wp-json\/wp\/v2\/types\/product"}],"wp:featuredmedia":[{"embeddable":true,"href":"https:\/\/shop.bantam.ch\/fr\/wp-json\/wp\/v2\/media\/233275"}],"wp:attachment":[{"href":"https:\/\/shop.bantam.ch\/fr\/wp-json\/wp\/v2\/media?parent=233279"}],"wp:term":[{"taxonomy":"product_featured_cat","embeddable":true,"href":"https:\/\/shop.bantam.ch\/fr\/wp-json\/wp\/v2\/product_featured_cat?post=233279"},{"taxonomy":"product_brand","embeddable":true,"href":"https:\/\/shop.bantam.ch\/fr\/wp-json\/wp\/v2\/product_brand?post=233279"},{"taxonomy":"product_cat","embeddable":true,"href":"https:\/\/shop.bantam.ch\/fr\/wp-json\/wp\/v2\/product_cat?post=233279"},{"taxonomy":"product_tag","embeddable":true,"href":"https:\/\/shop.bantam.ch\/fr\/wp-json\/wp\/v2\/product_tag?post=233279"}],"curies":[{"name":"wp","href":"https:\/\/api.w.org\/{rel}","templated":true}]}}