{"id":233273,"date":"2026-02-04T11:05:25","date_gmt":"2026-02-04T10:05:25","guid":{"rendered":"https:\/\/shop.bantam.ch\/produit\/recepteur-sirius-france-fransat\/"},"modified":"2026-05-01T23:51:21","modified_gmt":"2026-05-01T21:51:21","slug":"recepteur-sirius-france-fransat","status":"publish","type":"product","link":"https:\/\/shop.bantam.ch\/fr\/produit\/recepteur-sirius-france-fransat\/","title":{"rendered":"R\u00e9cepteur Sirius France Fransat"},"content":{"rendered":"<p><!--StartFragment -->R\u00e9cepteur FRANSAT SIRIUS III<\/p>\n<ul>\n<li>Rallonge infrarouge de 1,80 m<\/li>\n<li>Mise \u00e0 jour facile via USB<\/li>\n<li>Technologie CEC<\/li>\n<li>Carte facilement accessible sur la face avant<\/li>\n<li>Signal sonore et barre de d\u00e9filement pour aider \u00e0 l&rsquo;alignement manuel<\/li>\n<li>Alimentation 12 V et fonction de protection \u00e9lectrique 9\/19 V<\/li>\n<li>Protection contre les inversions de polarit\u00e9<\/li>\n<li>Fonction PVR (enregistrement)<\/li>\n<li>-Fonction Time Shift (pause)<\/li>\n<li>Tr\u00e8s faible consommation d&rsquo;\u00e9nergie<\/li>\n<li>Livr\u00e9 avec prise allume-cigare<\/li>\n<\/ul>\n<p><!--EndFragment --><\/p>\n","protected":false},"excerpt":{"rendered":"<p>R\u00e9cepteur FRANSAT SIRIUS III Rallonge infrarouge de 1,80 m Mise \u00e0 jour facile via USB Technologie CEC Carte facilement accessible sur la face avant Signal sonore et barre de d\u00e9filement pour aider \u00e0 l&rsquo;alignement manuel Alimentation 12 V et fonction de protection \u00e9lectrique 9\/19 V Protection contre les inversions de polarit\u00e9 Fonction PVR (enregistrement) -Fonction [&hellip;]<\/p>\n","protected":false},"featured_media":233267,"template":"","meta":{"_acf_changed":false},"product_featured_cat":[],"product_brand":[],"product_cat":[4987],"product_tag":[],"class_list":{"0":"post-233273","1":"product","2":"type-product","3":"status-publish","4":"has-post-thumbnail","6":"product_cat-recepteurs","8":"first","9":"instock","10":"taxable","11":"shipping-taxable","12":"purchasable","13":"product-type-simple"},"acf":[],"yoast_head":"<!-- This site is optimized with the Yoast SEO plugin v27.5 - https:\/\/yoast.com\/product\/yoast-seo-wordpress\/ -->\n<title>R\u00e9cepteur Sirius France Fransat - Bantam<\/title>\n<meta name=\"robots\" content=\"index, follow, max-snippet:-1, max-image-preview:large, max-video-preview:-1\" \/>\n<link rel=\"canonical\" href=\"https:\/\/shop.bantam.ch\/fr\/produit\/recepteur-sirius-france-fransat\/\" \/>\n<meta property=\"og:locale\" content=\"fr_FR\" \/>\n<meta property=\"og:type\" content=\"article\" \/>\n<meta property=\"og:title\" content=\"R\u00e9cepteur Sirius France Fransat - Bantam\" \/>\n<meta property=\"og:description\" content=\"R\u00e9cepteur FRANSAT SIRIUS III Rallonge infrarouge de 1,80 m Mise \u00e0 jour facile via USB Technologie CEC Carte facilement accessible sur la face avant Signal sonore et barre de d\u00e9filement pour aider \u00e0 l&rsquo;alignement manuel Alimentation 12 V et fonction de protection \u00e9lectrique 9\/19 V Protection contre les inversions de polarit\u00e9 Fonction PVR (enregistrement) -Fonction [&hellip;]\" \/>\n<meta property=\"og:url\" content=\"https:\/\/shop.bantam.ch\/fr\/produit\/recepteur-sirius-france-fransat\/\" \/>\n<meta property=\"og:site_name\" content=\"Bantam\" \/>\n<meta property=\"article:modified_time\" content=\"2026-05-01T21:51:21+00:00\" \/>\n<meta name=\"twitter:card\" content=\"summary_large_image\" \/>\n<script type=\"application\/ld+json\" class=\"yoast-schema-graph\">{\"@context\":\"https:\\\/\\\/schema.org\",\"@graph\":[{\"@type\":\"WebPage\",\"@id\":\"https:\\\/\\\/shop.bantam.ch\\\/fr\\\/produit\\\/recepteur-sirius-france-fransat\\\/\",\"url\":\"https:\\\/\\\/shop.bantam.ch\\\/fr\\\/produit\\\/recepteur-sirius-france-fransat\\\/\",\"name\":\"R\u00e9cepteur Sirius France Fransat - Bantam\",\"isPartOf\":{\"@id\":\"https:\\\/\\\/shop.bantam.ch\\\/fr\\\/#website\"},\"primaryImageOfPage\":{\"@id\":\"https:\\\/\\\/shop.bantam.ch\\\/fr\\\/produit\\\/recepteur-sirius-france-fransat\\\/#primaryimage\"},\"image\":{\"@id\":\"https:\\\/\\\/shop.bantam.ch\\\/fr\\\/produit\\\/recepteur-sirius-france-fransat\\\/#primaryimage\"},\"thumbnailUrl\":\"https:\\\/\\\/shop.bantam.ch\\\/wp-content\\\/uploads\\\/2026\\\/02\\\/Movera-L-9975995100.png\",\"datePublished\":\"2026-02-04T10:05:25+00:00\",\"dateModified\":\"2026-05-01T21:51:21+00:00\",\"breadcrumb\":{\"@id\":\"https:\\\/\\\/shop.bantam.ch\\\/fr\\\/produit\\\/recepteur-sirius-france-fransat\\\/#breadcrumb\"},\"inLanguage\":\"fr-FR\",\"potentialAction\":[{\"@type\":\"ReadAction\",\"target\":[\"https:\\\/\\\/shop.bantam.ch\\\/fr\\\/produit\\\/recepteur-sirius-france-fransat\\\/\"]}]},{\"@type\":\"ImageObject\",\"inLanguage\":\"fr-FR\",\"@id\":\"https:\\\/\\\/shop.bantam.ch\\\/fr\\\/produit\\\/recepteur-sirius-france-fransat\\\/#primaryimage\",\"url\":\"https:\\\/\\\/shop.bantam.ch\\\/wp-content\\\/uploads\\\/2026\\\/02\\\/Movera-L-9975995100.png\",\"contentUrl\":\"https:\\\/\\\/shop.bantam.ch\\\/wp-content\\\/uploads\\\/2026\\\/02\\\/Movera-L-9975995100.png\",\"width\":640,\"height\":640},{\"@type\":\"BreadcrumbList\",\"@id\":\"https:\\\/\\\/shop.bantam.ch\\\/fr\\\/produit\\\/recepteur-sirius-france-fransat\\\/#breadcrumb\",\"itemListElement\":[{\"@type\":\"ListItem\",\"position\":1,\"name\":\"Accueil\",\"item\":\"https:\\\/\\\/shop.bantam.ch\\\/fr\\\/\"},{\"@type\":\"ListItem\",\"position\":2,\"name\":\"Boutique\",\"item\":\"https:\\\/\\\/shop.bantam.ch\\\/fr\\\/boutique\\\/\"},{\"@type\":\"ListItem\",\"position\":3,\"name\":\"R\u00e9cepteur Sirius France Fransat\"}]},{\"@type\":\"WebSite\",\"@id\":\"https:\\\/\\\/shop.bantam.ch\\\/fr\\\/#website\",\"url\":\"https:\\\/\\\/shop.bantam.ch\\\/fr\\\/\",\"name\":\"Bantam\",\"description\":\"\",\"publisher\":{\"@id\":\"https:\\\/\\\/shop.bantam.ch\\\/fr\\\/#organization\"},\"inLanguage\":\"fr-FR\"},{\"@type\":\"Organization\",\"@id\":\"https:\\\/\\\/shop.bantam.ch\\\/fr\\\/#organization\",\"name\":\"Bantam\",\"url\":\"https:\\\/\\\/shop.bantam.ch\\\/fr\\\/\",\"logo\":{\"@type\":\"ImageObject\",\"inLanguage\":\"fr-FR\",\"@id\":\"https:\\\/\\\/shop.bantam.ch\\\/fr\\\/#\\\/schema\\\/logo\\\/image\\\/\",\"url\":\"https:\\\/\\\/shop.bantam.ch\\\/wp-content\\\/uploads\\\/2022\\\/12\\\/bantam-logo.png\",\"contentUrl\":\"https:\\\/\\\/shop.bantam.ch\\\/wp-content\\\/uploads\\\/2022\\\/12\\\/bantam-logo.png\",\"width\":320,\"height\":71,\"caption\":\"Bantam\"},\"image\":{\"@id\":\"https:\\\/\\\/shop.bantam.ch\\\/fr\\\/#\\\/schema\\\/logo\\\/image\\\/\"}}]}<\/script>\n<!-- \/ Yoast SEO plugin. -->","yoast_head_json":{"title":"R\u00e9cepteur Sirius France Fransat - Bantam","robots":{"index":"index","follow":"follow","max-snippet":"max-snippet:-1","max-image-preview":"max-image-preview:large","max-video-preview":"max-video-preview:-1"},"canonical":"https:\/\/shop.bantam.ch\/fr\/produit\/recepteur-sirius-france-fransat\/","og_locale":"fr_FR","og_type":"article","og_title":"R\u00e9cepteur Sirius France Fransat - Bantam","og_description":"R\u00e9cepteur FRANSAT SIRIUS III Rallonge infrarouge de 1,80 m Mise \u00e0 jour facile via USB Technologie CEC Carte facilement accessible sur la face avant Signal sonore et barre de d\u00e9filement pour aider \u00e0 l&rsquo;alignement manuel Alimentation 12 V et fonction de protection \u00e9lectrique 9\/19 V Protection contre les inversions de polarit\u00e9 Fonction PVR (enregistrement) -Fonction [&hellip;]","og_url":"https:\/\/shop.bantam.ch\/fr\/produit\/recepteur-sirius-france-fransat\/","og_site_name":"Bantam","article_modified_time":"2026-05-01T21:51:21+00:00","twitter_card":"summary_large_image","schema":{"@context":"https:\/\/schema.org","@graph":[{"@type":"WebPage","@id":"https:\/\/shop.bantam.ch\/fr\/produit\/recepteur-sirius-france-fransat\/","url":"https:\/\/shop.bantam.ch\/fr\/produit\/recepteur-sirius-france-fransat\/","name":"R\u00e9cepteur Sirius France Fransat - Bantam","isPartOf":{"@id":"https:\/\/shop.bantam.ch\/fr\/#website"},"primaryImageOfPage":{"@id":"https:\/\/shop.bantam.ch\/fr\/produit\/recepteur-sirius-france-fransat\/#primaryimage"},"image":{"@id":"https:\/\/shop.bantam.ch\/fr\/produit\/recepteur-sirius-france-fransat\/#primaryimage"},"thumbnailUrl":"https:\/\/shop.bantam.ch\/wp-content\/uploads\/2026\/02\/Movera-L-9975995100.png","datePublished":"2026-02-04T10:05:25+00:00","dateModified":"2026-05-01T21:51:21+00:00","breadcrumb":{"@id":"https:\/\/shop.bantam.ch\/fr\/produit\/recepteur-sirius-france-fransat\/#breadcrumb"},"inLanguage":"fr-FR","potentialAction":[{"@type":"ReadAction","target":["https:\/\/shop.bantam.ch\/fr\/produit\/recepteur-sirius-france-fransat\/"]}]},{"@type":"ImageObject","inLanguage":"fr-FR","@id":"https:\/\/shop.bantam.ch\/fr\/produit\/recepteur-sirius-france-fransat\/#primaryimage","url":"https:\/\/shop.bantam.ch\/wp-content\/uploads\/2026\/02\/Movera-L-9975995100.png","contentUrl":"https:\/\/shop.bantam.ch\/wp-content\/uploads\/2026\/02\/Movera-L-9975995100.png","width":640,"height":640},{"@type":"BreadcrumbList","@id":"https:\/\/shop.bantam.ch\/fr\/produit\/recepteur-sirius-france-fransat\/#breadcrumb","itemListElement":[{"@type":"ListItem","position":1,"name":"Accueil","item":"https:\/\/shop.bantam.ch\/fr\/"},{"@type":"ListItem","position":2,"name":"Boutique","item":"https:\/\/shop.bantam.ch\/fr\/boutique\/"},{"@type":"ListItem","position":3,"name":"R\u00e9cepteur Sirius France Fransat"}]},{"@type":"WebSite","@id":"https:\/\/shop.bantam.ch\/fr\/#website","url":"https:\/\/shop.bantam.ch\/fr\/","name":"Bantam","description":"","publisher":{"@id":"https:\/\/shop.bantam.ch\/fr\/#organization"},"inLanguage":"fr-FR"},{"@type":"Organization","@id":"https:\/\/shop.bantam.ch\/fr\/#organization","name":"Bantam","url":"https:\/\/shop.bantam.ch\/fr\/","logo":{"@type":"ImageObject","inLanguage":"fr-FR","@id":"https:\/\/shop.bantam.ch\/fr\/#\/schema\/logo\/image\/","url":"https:\/\/shop.bantam.ch\/wp-content\/uploads\/2022\/12\/bantam-logo.png","contentUrl":"https:\/\/shop.bantam.ch\/wp-content\/uploads\/2022\/12\/bantam-logo.png","width":320,"height":71,"caption":"Bantam"},"image":{"@id":"https:\/\/shop.bantam.ch\/fr\/#\/schema\/logo\/image\/"}}]}},"_links":{"self":[{"href":"https:\/\/shop.bantam.ch\/fr\/wp-json\/wp\/v2\/product\/233273","targetHints":{"allow":["GET"]}}],"collection":[{"href":"https:\/\/shop.bantam.ch\/fr\/wp-json\/wp\/v2\/product"}],"about":[{"href":"https:\/\/shop.bantam.ch\/fr\/wp-json\/wp\/v2\/types\/product"}],"wp:featuredmedia":[{"embeddable":true,"href":"https:\/\/shop.bantam.ch\/fr\/wp-json\/wp\/v2\/media\/233267"}],"wp:attachment":[{"href":"https:\/\/shop.bantam.ch\/fr\/wp-json\/wp\/v2\/media?parent=233273"}],"wp:term":[{"taxonomy":"product_featured_cat","embeddable":true,"href":"https:\/\/shop.bantam.ch\/fr\/wp-json\/wp\/v2\/product_featured_cat?post=233273"},{"taxonomy":"product_brand","embeddable":true,"href":"https:\/\/shop.bantam.ch\/fr\/wp-json\/wp\/v2\/product_brand?post=233273"},{"taxonomy":"product_cat","embeddable":true,"href":"https:\/\/shop.bantam.ch\/fr\/wp-json\/wp\/v2\/product_cat?post=233273"},{"taxonomy":"product_tag","embeddable":true,"href":"https:\/\/shop.bantam.ch\/fr\/wp-json\/wp\/v2\/product_tag?post=233273"}],"curies":[{"name":"wp","href":"https:\/\/api.w.org\/{rel}","templated":true}]}}