{"id":232683,"date":"2026-02-04T10:46:23","date_gmt":"2026-02-04T09:46:23","guid":{"rendered":"https:\/\/shop.bantam.ch\/produit\/porte-velos-carry-bike-adaptable-sur-stellantis-capacite-de-charge-60-kg-aluminium\/"},"modified":"2026-04-17T23:54:35","modified_gmt":"2026-04-17T21:54:35","slug":"porte-velos-carry-bike-adaptable-sur-stellantis-capacite-de-charge-60-kg-aluminium","status":"publish","type":"product","link":"https:\/\/shop.bantam.ch\/fr\/produit\/porte-velos-carry-bike-adaptable-sur-stellantis-capacite-de-charge-60-kg-aluminium\/","title":{"rendered":"Porte-v\u00e9los Carry-Bike adaptable sur Stellantis Capacit\u00e9 de charge 60 kg Aluminium"},"content":{"rendered":"<p>Le hayon peut \u00eatre ouvert avec le porte-v\u00e9los mont\u00e9 (sans v\u00e9los).<br \/>\nGr\u00e2ce \u00e0 son profil calandr\u00e9 qui suit la forme du v\u00e9hicule, il adh\u00e8re \u00e0 la partie inf\u00e9rieure du hayon.<\/p>\n<ul>\n<li>Espacement des rails 15 cm<\/li>\n<li>Pour 2 v\u00e9los, extensible \u00e0 4 v\u00e9los<\/li>\n<li>Rail Plus<\/li>\n<li>Bike-Block Pro S1 \/ Pro S3<\/li>\n<\/ul>\n<p>Compatibilit\u00e9 v\u00e9hicule<br \/>\nCitro\u00ebn Jumpy III gen. -Spacetourer \u2265 2016 &#8211; H1<br \/>\nOpel \/ Vauxhall Vivaro C &#8211; Zafira Life 2019 &#8211; Vivaro Life \u2265 2019 &#8211; H1<br \/>\nPeugeot Expert III gen. &#8211; Traveller \u2265 2016 &#8211; H1<br \/>\nToyota ProAce II &#8211; ProAce Verso \u2265 2016 &#8211; H1<br \/>\nAussi pour les mod\u00e8les avec toit relevable<\/p>\n","protected":false},"excerpt":{"rendered":"<p>Le hayon peut \u00eatre ouvert avec le porte-v\u00e9los mont\u00e9 (sans v\u00e9los). Gr\u00e2ce \u00e0 son profil calandr\u00e9 qui suit la forme du v\u00e9hicule, il adh\u00e8re \u00e0 la partie inf\u00e9rieure du hayon. Espacement des rails 15 cm Pour 2 v\u00e9los, extensible \u00e0 4 v\u00e9los Rail Plus Bike-Block Pro S1 \/ Pro S3 Compatibilit\u00e9 v\u00e9hicule Citro\u00ebn Jumpy III [&hellip;]<\/p>\n","protected":false},"featured_media":232679,"template":"","meta":{"_acf_changed":false},"product_featured_cat":[],"product_brand":[],"product_cat":[5137],"product_tag":[],"class_list":{"0":"post-232683","1":"product","2":"type-product","3":"status-publish","4":"has-post-thumbnail","6":"product_cat-porte-velos-arriere","8":"first","9":"instock","10":"taxable","11":"shipping-taxable","12":"purchasable","13":"product-type-simple"},"acf":[],"yoast_head":"<!-- This site is optimized with the Yoast SEO plugin v27.4 - https:\/\/yoast.com\/product\/yoast-seo-wordpress\/ -->\n<title>Porte-v\u00e9los Carry-Bike adaptable sur Stellantis Capacit\u00e9 de charge 60 kg Aluminium - Bantam Wankm\u00fcller SA<\/title>\n<meta name=\"robots\" content=\"index, follow, max-snippet:-1, max-image-preview:large, max-video-preview:-1\" \/>\n<link rel=\"canonical\" href=\"https:\/\/shop.bantam.ch\/fr\/produit\/porte-velos-carry-bike-adaptable-sur-stellantis-capacite-de-charge-60-kg-aluminium\/\" \/>\n<meta property=\"og:locale\" content=\"fr_FR\" \/>\n<meta property=\"og:type\" content=\"article\" \/>\n<meta property=\"og:title\" content=\"Porte-v\u00e9los Carry-Bike adaptable sur Stellantis Capacit\u00e9 de charge 60 kg Aluminium - Bantam Wankm\u00fcller SA\" \/>\n<meta property=\"og:description\" content=\"Le hayon peut \u00eatre ouvert avec le porte-v\u00e9los mont\u00e9 (sans v\u00e9los). Gr\u00e2ce \u00e0 son profil calandr\u00e9 qui suit la forme du v\u00e9hicule, il adh\u00e8re \u00e0 la partie inf\u00e9rieure du hayon. Espacement des rails 15 cm Pour 2 v\u00e9los, extensible \u00e0 4 v\u00e9los Rail Plus Bike-Block Pro S1 \/ Pro S3 Compatibilit\u00e9 v\u00e9hicule Citro\u00ebn Jumpy III [&hellip;]\" \/>\n<meta property=\"og:url\" content=\"https:\/\/shop.bantam.ch\/fr\/produit\/porte-velos-carry-bike-adaptable-sur-stellantis-capacite-de-charge-60-kg-aluminium\/\" \/>\n<meta property=\"og:site_name\" content=\"Bantam Wankm\u00fcller SA\" \/>\n<meta property=\"article:modified_time\" content=\"2026-04-17T21:54:35+00:00\" \/>\n<meta name=\"twitter:card\" content=\"summary_large_image\" \/>\n<script type=\"application\/ld+json\" class=\"yoast-schema-graph\">{\"@context\":\"https:\\\/\\\/schema.org\",\"@graph\":[{\"@type\":\"WebPage\",\"@id\":\"https:\\\/\\\/shop.bantam.ch\\\/fr\\\/produit\\\/porte-velos-carry-bike-adaptable-sur-stellantis-capacite-de-charge-60-kg-aluminium\\\/\",\"url\":\"https:\\\/\\\/shop.bantam.ch\\\/fr\\\/produit\\\/porte-velos-carry-bike-adaptable-sur-stellantis-capacite-de-charge-60-kg-aluminium\\\/\",\"name\":\"Porte-v\u00e9los Carry-Bike adaptable sur Stellantis Capacit\u00e9 de charge 60 kg Aluminium - Bantam Wankm\u00fcller SA\",\"isPartOf\":{\"@id\":\"https:\\\/\\\/shop.bantam.ch\\\/fr\\\/#website\"},\"primaryImageOfPage\":{\"@id\":\"https:\\\/\\\/shop.bantam.ch\\\/fr\\\/produit\\\/porte-velos-carry-bike-adaptable-sur-stellantis-capacite-de-charge-60-kg-aluminium\\\/#primaryimage\"},\"image\":{\"@id\":\"https:\\\/\\\/shop.bantam.ch\\\/fr\\\/produit\\\/porte-velos-carry-bike-adaptable-sur-stellantis-capacite-de-charge-60-kg-aluminium\\\/#primaryimage\"},\"thumbnailUrl\":\"https:\\\/\\\/shop.bantam.ch\\\/wp-content\\\/uploads\\\/2026\\\/02\\\/Movera-L-9966394100.png\",\"datePublished\":\"2026-02-04T09:46:23+00:00\",\"dateModified\":\"2026-04-17T21:54:35+00:00\",\"breadcrumb\":{\"@id\":\"https:\\\/\\\/shop.bantam.ch\\\/fr\\\/produit\\\/porte-velos-carry-bike-adaptable-sur-stellantis-capacite-de-charge-60-kg-aluminium\\\/#breadcrumb\"},\"inLanguage\":\"fr-FR\",\"potentialAction\":[{\"@type\":\"ReadAction\",\"target\":[\"https:\\\/\\\/shop.bantam.ch\\\/fr\\\/produit\\\/porte-velos-carry-bike-adaptable-sur-stellantis-capacite-de-charge-60-kg-aluminium\\\/\"]}]},{\"@type\":\"ImageObject\",\"inLanguage\":\"fr-FR\",\"@id\":\"https:\\\/\\\/shop.bantam.ch\\\/fr\\\/produit\\\/porte-velos-carry-bike-adaptable-sur-stellantis-capacite-de-charge-60-kg-aluminium\\\/#primaryimage\",\"url\":\"https:\\\/\\\/shop.bantam.ch\\\/wp-content\\\/uploads\\\/2026\\\/02\\\/Movera-L-9966394100.png\",\"contentUrl\":\"https:\\\/\\\/shop.bantam.ch\\\/wp-content\\\/uploads\\\/2026\\\/02\\\/Movera-L-9966394100.png\",\"width\":640,\"height\":360},{\"@type\":\"BreadcrumbList\",\"@id\":\"https:\\\/\\\/shop.bantam.ch\\\/fr\\\/produit\\\/porte-velos-carry-bike-adaptable-sur-stellantis-capacite-de-charge-60-kg-aluminium\\\/#breadcrumb\",\"itemListElement\":[{\"@type\":\"ListItem\",\"position\":1,\"name\":\"Accueil\",\"item\":\"https:\\\/\\\/shop.bantam.ch\\\/fr\\\/\"},{\"@type\":\"ListItem\",\"position\":2,\"name\":\"Boutique\",\"item\":\"https:\\\/\\\/shop.bantam.ch\\\/fr\\\/boutique\\\/\"},{\"@type\":\"ListItem\",\"position\":3,\"name\":\"Porte-v\u00e9los Carry-Bike adaptable sur Stellantis Capacit\u00e9 de charge 60 kg Aluminium\"}]},{\"@type\":\"WebSite\",\"@id\":\"https:\\\/\\\/shop.bantam.ch\\\/fr\\\/#website\",\"url\":\"https:\\\/\\\/shop.bantam.ch\\\/fr\\\/\",\"name\":\"Bantam Wankm\u00fcller SA\",\"description\":\"\",\"publisher\":{\"@id\":\"https:\\\/\\\/shop.bantam.ch\\\/fr\\\/#organization\"},\"inLanguage\":\"fr-FR\"},{\"@type\":\"Organization\",\"@id\":\"https:\\\/\\\/shop.bantam.ch\\\/fr\\\/#organization\",\"name\":\"Bantam Wankm\u00fcller SA\",\"url\":\"https:\\\/\\\/shop.bantam.ch\\\/fr\\\/\",\"logo\":{\"@type\":\"ImageObject\",\"inLanguage\":\"fr-FR\",\"@id\":\"https:\\\/\\\/shop.bantam.ch\\\/fr\\\/#\\\/schema\\\/logo\\\/image\\\/\",\"url\":\"https:\\\/\\\/shop.bantam.ch\\\/wp-content\\\/uploads\\\/2022\\\/12\\\/bantam-logo.png\",\"contentUrl\":\"https:\\\/\\\/shop.bantam.ch\\\/wp-content\\\/uploads\\\/2022\\\/12\\\/bantam-logo.png\",\"width\":320,\"height\":71,\"caption\":\"Bantam Wankm\u00fcller SA\"},\"image\":{\"@id\":\"https:\\\/\\\/shop.bantam.ch\\\/fr\\\/#\\\/schema\\\/logo\\\/image\\\/\"}}]}<\/script>\n<!-- \/ Yoast SEO plugin. -->","yoast_head_json":{"title":"Porte-v\u00e9los Carry-Bike adaptable sur Stellantis Capacit\u00e9 de charge 60 kg Aluminium - Bantam Wankm\u00fcller SA","robots":{"index":"index","follow":"follow","max-snippet":"max-snippet:-1","max-image-preview":"max-image-preview:large","max-video-preview":"max-video-preview:-1"},"canonical":"https:\/\/shop.bantam.ch\/fr\/produit\/porte-velos-carry-bike-adaptable-sur-stellantis-capacite-de-charge-60-kg-aluminium\/","og_locale":"fr_FR","og_type":"article","og_title":"Porte-v\u00e9los Carry-Bike adaptable sur Stellantis Capacit\u00e9 de charge 60 kg Aluminium - Bantam Wankm\u00fcller SA","og_description":"Le hayon peut \u00eatre ouvert avec le porte-v\u00e9los mont\u00e9 (sans v\u00e9los). Gr\u00e2ce \u00e0 son profil calandr\u00e9 qui suit la forme du v\u00e9hicule, il adh\u00e8re \u00e0 la partie inf\u00e9rieure du hayon. Espacement des rails 15 cm Pour 2 v\u00e9los, extensible \u00e0 4 v\u00e9los Rail Plus Bike-Block Pro S1 \/ Pro S3 Compatibilit\u00e9 v\u00e9hicule Citro\u00ebn Jumpy III [&hellip;]","og_url":"https:\/\/shop.bantam.ch\/fr\/produit\/porte-velos-carry-bike-adaptable-sur-stellantis-capacite-de-charge-60-kg-aluminium\/","og_site_name":"Bantam Wankm\u00fcller SA","article_modified_time":"2026-04-17T21:54:35+00:00","twitter_card":"summary_large_image","schema":{"@context":"https:\/\/schema.org","@graph":[{"@type":"WebPage","@id":"https:\/\/shop.bantam.ch\/fr\/produit\/porte-velos-carry-bike-adaptable-sur-stellantis-capacite-de-charge-60-kg-aluminium\/","url":"https:\/\/shop.bantam.ch\/fr\/produit\/porte-velos-carry-bike-adaptable-sur-stellantis-capacite-de-charge-60-kg-aluminium\/","name":"Porte-v\u00e9los Carry-Bike adaptable sur Stellantis Capacit\u00e9 de charge 60 kg Aluminium - Bantam Wankm\u00fcller SA","isPartOf":{"@id":"https:\/\/shop.bantam.ch\/fr\/#website"},"primaryImageOfPage":{"@id":"https:\/\/shop.bantam.ch\/fr\/produit\/porte-velos-carry-bike-adaptable-sur-stellantis-capacite-de-charge-60-kg-aluminium\/#primaryimage"},"image":{"@id":"https:\/\/shop.bantam.ch\/fr\/produit\/porte-velos-carry-bike-adaptable-sur-stellantis-capacite-de-charge-60-kg-aluminium\/#primaryimage"},"thumbnailUrl":"https:\/\/shop.bantam.ch\/wp-content\/uploads\/2026\/02\/Movera-L-9966394100.png","datePublished":"2026-02-04T09:46:23+00:00","dateModified":"2026-04-17T21:54:35+00:00","breadcrumb":{"@id":"https:\/\/shop.bantam.ch\/fr\/produit\/porte-velos-carry-bike-adaptable-sur-stellantis-capacite-de-charge-60-kg-aluminium\/#breadcrumb"},"inLanguage":"fr-FR","potentialAction":[{"@type":"ReadAction","target":["https:\/\/shop.bantam.ch\/fr\/produit\/porte-velos-carry-bike-adaptable-sur-stellantis-capacite-de-charge-60-kg-aluminium\/"]}]},{"@type":"ImageObject","inLanguage":"fr-FR","@id":"https:\/\/shop.bantam.ch\/fr\/produit\/porte-velos-carry-bike-adaptable-sur-stellantis-capacite-de-charge-60-kg-aluminium\/#primaryimage","url":"https:\/\/shop.bantam.ch\/wp-content\/uploads\/2026\/02\/Movera-L-9966394100.png","contentUrl":"https:\/\/shop.bantam.ch\/wp-content\/uploads\/2026\/02\/Movera-L-9966394100.png","width":640,"height":360},{"@type":"BreadcrumbList","@id":"https:\/\/shop.bantam.ch\/fr\/produit\/porte-velos-carry-bike-adaptable-sur-stellantis-capacite-de-charge-60-kg-aluminium\/#breadcrumb","itemListElement":[{"@type":"ListItem","position":1,"name":"Accueil","item":"https:\/\/shop.bantam.ch\/fr\/"},{"@type":"ListItem","position":2,"name":"Boutique","item":"https:\/\/shop.bantam.ch\/fr\/boutique\/"},{"@type":"ListItem","position":3,"name":"Porte-v\u00e9los Carry-Bike adaptable sur Stellantis Capacit\u00e9 de charge 60 kg Aluminium"}]},{"@type":"WebSite","@id":"https:\/\/shop.bantam.ch\/fr\/#website","url":"https:\/\/shop.bantam.ch\/fr\/","name":"Bantam Wankm\u00fcller SA","description":"","publisher":{"@id":"https:\/\/shop.bantam.ch\/fr\/#organization"},"inLanguage":"fr-FR"},{"@type":"Organization","@id":"https:\/\/shop.bantam.ch\/fr\/#organization","name":"Bantam Wankm\u00fcller SA","url":"https:\/\/shop.bantam.ch\/fr\/","logo":{"@type":"ImageObject","inLanguage":"fr-FR","@id":"https:\/\/shop.bantam.ch\/fr\/#\/schema\/logo\/image\/","url":"https:\/\/shop.bantam.ch\/wp-content\/uploads\/2022\/12\/bantam-logo.png","contentUrl":"https:\/\/shop.bantam.ch\/wp-content\/uploads\/2022\/12\/bantam-logo.png","width":320,"height":71,"caption":"Bantam Wankm\u00fcller SA"},"image":{"@id":"https:\/\/shop.bantam.ch\/fr\/#\/schema\/logo\/image\/"}}]}},"_links":{"self":[{"href":"https:\/\/shop.bantam.ch\/fr\/wp-json\/wp\/v2\/product\/232683","targetHints":{"allow":["GET"]}}],"collection":[{"href":"https:\/\/shop.bantam.ch\/fr\/wp-json\/wp\/v2\/product"}],"about":[{"href":"https:\/\/shop.bantam.ch\/fr\/wp-json\/wp\/v2\/types\/product"}],"wp:featuredmedia":[{"embeddable":true,"href":"https:\/\/shop.bantam.ch\/fr\/wp-json\/wp\/v2\/media\/232679"}],"wp:attachment":[{"href":"https:\/\/shop.bantam.ch\/fr\/wp-json\/wp\/v2\/media?parent=232683"}],"wp:term":[{"taxonomy":"product_featured_cat","embeddable":true,"href":"https:\/\/shop.bantam.ch\/fr\/wp-json\/wp\/v2\/product_featured_cat?post=232683"},{"taxonomy":"product_brand","embeddable":true,"href":"https:\/\/shop.bantam.ch\/fr\/wp-json\/wp\/v2\/product_brand?post=232683"},{"taxonomy":"product_cat","embeddable":true,"href":"https:\/\/shop.bantam.ch\/fr\/wp-json\/wp\/v2\/product_cat?post=232683"},{"taxonomy":"product_tag","embeddable":true,"href":"https:\/\/shop.bantam.ch\/fr\/wp-json\/wp\/v2\/product_tag?post=232683"}],"curies":[{"name":"wp","href":"https:\/\/api.w.org\/{rel}","templated":true}]}}