{"id":232665,"date":"2026-02-04T10:46:01","date_gmt":"2026-02-04T09:46:01","guid":{"rendered":"https:\/\/shop.bantam.ch\/produit\/porte-velos-carry-bike-adaptable-sur-ford-custom-deep-black\/"},"modified":"2026-04-21T23:59:49","modified_gmt":"2026-04-21T21:59:49","slug":"porte-velos-carry-bike-adaptable-sur-ford-custom-deep-black","status":"publish","type":"product","link":"https:\/\/shop.bantam.ch\/fr\/produit\/porte-velos-carry-bike-adaptable-sur-ford-custom-deep-black\/","title":{"rendered":"Porte-v\u00e9los Carry Bike adaptable sur Ford Custom Deep Black"},"content":{"rendered":"<p>Pour les v\u00e9hicules avec hayon monobloc et \u00e9galement pour les mod\u00e8les avec toit relevable. Le profil calandr\u00e9, qui suit la forme du v\u00e9hicule, assure une adh\u00e9rence optimale \u00e0 la partie inf\u00e9rieure du hayon.<\/p>\n<ul>\n<li>Espacement des rails 15 cm<\/li>\n<li>Pour 2 v\u00e9los, extensible \u00e0 3 v\u00e9los \/ 2 e-bikes<\/li>\n<li>Rail Plus<\/li>\n<li>Bike-Block Pro S1 \/ Pro S3<\/li>\n<\/ul>\n<p>Compatibilit\u00e9 avec les v\u00e9hicules<br \/>\nFord Transit \/ Tourneo Custom hayon (\u2265 2012 \u2264 2023 &#8211; H1)<br \/>\n\u00e9galement pour les mod\u00e8les avec toit relevable<\/p>\n","protected":false},"excerpt":{"rendered":"<p>Pour les v\u00e9hicules avec hayon monobloc et \u00e9galement pour les mod\u00e8les avec toit relevable. Le profil calandr\u00e9, qui suit la forme du v\u00e9hicule, assure une adh\u00e9rence optimale \u00e0 la partie inf\u00e9rieure du hayon. Espacement des rails 15 cm Pour 2 v\u00e9los, extensible \u00e0 3 v\u00e9los \/ 2 e-bikes Rail Plus Bike-Block Pro S1 \/ Pro [&hellip;]<\/p>\n","protected":false},"featured_media":232661,"template":"","meta":{"_acf_changed":false},"product_featured_cat":[],"product_brand":[],"product_cat":[5137],"product_tag":[],"class_list":{"0":"post-232665","1":"product","2":"type-product","3":"status-publish","4":"has-post-thumbnail","6":"product_cat-porte-velos-arriere","8":"first","9":"instock","10":"taxable","11":"shipping-taxable","12":"purchasable","13":"product-type-simple"},"acf":[],"yoast_head":"<!-- This site is optimized with the Yoast SEO plugin v27.4 - https:\/\/yoast.com\/product\/yoast-seo-wordpress\/ -->\n<title>Porte-v\u00e9los Carry Bike adaptable sur Ford Custom Deep Black - Bantam Wankm\u00fcller SA<\/title>\n<meta name=\"robots\" content=\"index, follow, max-snippet:-1, max-image-preview:large, max-video-preview:-1\" \/>\n<link rel=\"canonical\" href=\"https:\/\/shop.bantam.ch\/fr\/produit\/porte-velos-carry-bike-adaptable-sur-ford-custom-deep-black\/\" \/>\n<meta property=\"og:locale\" content=\"fr_FR\" \/>\n<meta property=\"og:type\" content=\"article\" \/>\n<meta property=\"og:title\" content=\"Porte-v\u00e9los Carry Bike adaptable sur Ford Custom Deep Black - Bantam Wankm\u00fcller SA\" \/>\n<meta property=\"og:description\" content=\"Pour les v\u00e9hicules avec hayon monobloc et \u00e9galement pour les mod\u00e8les avec toit relevable. Le profil calandr\u00e9, qui suit la forme du v\u00e9hicule, assure une adh\u00e9rence optimale \u00e0 la partie inf\u00e9rieure du hayon. Espacement des rails 15 cm Pour 2 v\u00e9los, extensible \u00e0 3 v\u00e9los \/ 2 e-bikes Rail Plus Bike-Block Pro S1 \/ Pro [&hellip;]\" \/>\n<meta property=\"og:url\" content=\"https:\/\/shop.bantam.ch\/fr\/produit\/porte-velos-carry-bike-adaptable-sur-ford-custom-deep-black\/\" \/>\n<meta property=\"og:site_name\" content=\"Bantam Wankm\u00fcller SA\" \/>\n<meta property=\"article:modified_time\" content=\"2026-04-21T21:59:49+00:00\" \/>\n<meta name=\"twitter:card\" content=\"summary_large_image\" \/>\n<script type=\"application\/ld+json\" class=\"yoast-schema-graph\">{\"@context\":\"https:\\\/\\\/schema.org\",\"@graph\":[{\"@type\":\"WebPage\",\"@id\":\"https:\\\/\\\/shop.bantam.ch\\\/fr\\\/produit\\\/porte-velos-carry-bike-adaptable-sur-ford-custom-deep-black\\\/\",\"url\":\"https:\\\/\\\/shop.bantam.ch\\\/fr\\\/produit\\\/porte-velos-carry-bike-adaptable-sur-ford-custom-deep-black\\\/\",\"name\":\"Porte-v\u00e9los Carry Bike adaptable sur Ford Custom Deep Black - Bantam Wankm\u00fcller SA\",\"isPartOf\":{\"@id\":\"https:\\\/\\\/shop.bantam.ch\\\/fr\\\/#website\"},\"primaryImageOfPage\":{\"@id\":\"https:\\\/\\\/shop.bantam.ch\\\/fr\\\/produit\\\/porte-velos-carry-bike-adaptable-sur-ford-custom-deep-black\\\/#primaryimage\"},\"image\":{\"@id\":\"https:\\\/\\\/shop.bantam.ch\\\/fr\\\/produit\\\/porte-velos-carry-bike-adaptable-sur-ford-custom-deep-black\\\/#primaryimage\"},\"thumbnailUrl\":\"https:\\\/\\\/shop.bantam.ch\\\/wp-content\\\/uploads\\\/2026\\\/02\\\/Movera-L-9966392100.png\",\"datePublished\":\"2026-02-04T09:46:01+00:00\",\"dateModified\":\"2026-04-21T21:59:49+00:00\",\"breadcrumb\":{\"@id\":\"https:\\\/\\\/shop.bantam.ch\\\/fr\\\/produit\\\/porte-velos-carry-bike-adaptable-sur-ford-custom-deep-black\\\/#breadcrumb\"},\"inLanguage\":\"fr-FR\",\"potentialAction\":[{\"@type\":\"ReadAction\",\"target\":[\"https:\\\/\\\/shop.bantam.ch\\\/fr\\\/produit\\\/porte-velos-carry-bike-adaptable-sur-ford-custom-deep-black\\\/\"]}]},{\"@type\":\"ImageObject\",\"inLanguage\":\"fr-FR\",\"@id\":\"https:\\\/\\\/shop.bantam.ch\\\/fr\\\/produit\\\/porte-velos-carry-bike-adaptable-sur-ford-custom-deep-black\\\/#primaryimage\",\"url\":\"https:\\\/\\\/shop.bantam.ch\\\/wp-content\\\/uploads\\\/2026\\\/02\\\/Movera-L-9966392100.png\",\"contentUrl\":\"https:\\\/\\\/shop.bantam.ch\\\/wp-content\\\/uploads\\\/2026\\\/02\\\/Movera-L-9966392100.png\",\"width\":640,\"height\":360},{\"@type\":\"BreadcrumbList\",\"@id\":\"https:\\\/\\\/shop.bantam.ch\\\/fr\\\/produit\\\/porte-velos-carry-bike-adaptable-sur-ford-custom-deep-black\\\/#breadcrumb\",\"itemListElement\":[{\"@type\":\"ListItem\",\"position\":1,\"name\":\"Accueil\",\"item\":\"https:\\\/\\\/shop.bantam.ch\\\/fr\\\/\"},{\"@type\":\"ListItem\",\"position\":2,\"name\":\"Boutique\",\"item\":\"https:\\\/\\\/shop.bantam.ch\\\/fr\\\/boutique\\\/\"},{\"@type\":\"ListItem\",\"position\":3,\"name\":\"Porte-v\u00e9los Carry Bike adaptable sur Ford Custom Deep Black\"}]},{\"@type\":\"WebSite\",\"@id\":\"https:\\\/\\\/shop.bantam.ch\\\/fr\\\/#website\",\"url\":\"https:\\\/\\\/shop.bantam.ch\\\/fr\\\/\",\"name\":\"Bantam Wankm\u00fcller SA\",\"description\":\"\",\"publisher\":{\"@id\":\"https:\\\/\\\/shop.bantam.ch\\\/fr\\\/#organization\"},\"inLanguage\":\"fr-FR\"},{\"@type\":\"Organization\",\"@id\":\"https:\\\/\\\/shop.bantam.ch\\\/fr\\\/#organization\",\"name\":\"Bantam Wankm\u00fcller SA\",\"url\":\"https:\\\/\\\/shop.bantam.ch\\\/fr\\\/\",\"logo\":{\"@type\":\"ImageObject\",\"inLanguage\":\"fr-FR\",\"@id\":\"https:\\\/\\\/shop.bantam.ch\\\/fr\\\/#\\\/schema\\\/logo\\\/image\\\/\",\"url\":\"https:\\\/\\\/shop.bantam.ch\\\/wp-content\\\/uploads\\\/2022\\\/12\\\/bantam-logo.png\",\"contentUrl\":\"https:\\\/\\\/shop.bantam.ch\\\/wp-content\\\/uploads\\\/2022\\\/12\\\/bantam-logo.png\",\"width\":320,\"height\":71,\"caption\":\"Bantam Wankm\u00fcller SA\"},\"image\":{\"@id\":\"https:\\\/\\\/shop.bantam.ch\\\/fr\\\/#\\\/schema\\\/logo\\\/image\\\/\"}}]}<\/script>\n<!-- \/ Yoast SEO plugin. -->","yoast_head_json":{"title":"Porte-v\u00e9los Carry Bike adaptable sur Ford Custom Deep Black - Bantam Wankm\u00fcller SA","robots":{"index":"index","follow":"follow","max-snippet":"max-snippet:-1","max-image-preview":"max-image-preview:large","max-video-preview":"max-video-preview:-1"},"canonical":"https:\/\/shop.bantam.ch\/fr\/produit\/porte-velos-carry-bike-adaptable-sur-ford-custom-deep-black\/","og_locale":"fr_FR","og_type":"article","og_title":"Porte-v\u00e9los Carry Bike adaptable sur Ford Custom Deep Black - Bantam Wankm\u00fcller SA","og_description":"Pour les v\u00e9hicules avec hayon monobloc et \u00e9galement pour les mod\u00e8les avec toit relevable. Le profil calandr\u00e9, qui suit la forme du v\u00e9hicule, assure une adh\u00e9rence optimale \u00e0 la partie inf\u00e9rieure du hayon. Espacement des rails 15 cm Pour 2 v\u00e9los, extensible \u00e0 3 v\u00e9los \/ 2 e-bikes Rail Plus Bike-Block Pro S1 \/ Pro [&hellip;]","og_url":"https:\/\/shop.bantam.ch\/fr\/produit\/porte-velos-carry-bike-adaptable-sur-ford-custom-deep-black\/","og_site_name":"Bantam Wankm\u00fcller SA","article_modified_time":"2026-04-21T21:59:49+00:00","twitter_card":"summary_large_image","schema":{"@context":"https:\/\/schema.org","@graph":[{"@type":"WebPage","@id":"https:\/\/shop.bantam.ch\/fr\/produit\/porte-velos-carry-bike-adaptable-sur-ford-custom-deep-black\/","url":"https:\/\/shop.bantam.ch\/fr\/produit\/porte-velos-carry-bike-adaptable-sur-ford-custom-deep-black\/","name":"Porte-v\u00e9los Carry Bike adaptable sur Ford Custom Deep Black - Bantam Wankm\u00fcller SA","isPartOf":{"@id":"https:\/\/shop.bantam.ch\/fr\/#website"},"primaryImageOfPage":{"@id":"https:\/\/shop.bantam.ch\/fr\/produit\/porte-velos-carry-bike-adaptable-sur-ford-custom-deep-black\/#primaryimage"},"image":{"@id":"https:\/\/shop.bantam.ch\/fr\/produit\/porte-velos-carry-bike-adaptable-sur-ford-custom-deep-black\/#primaryimage"},"thumbnailUrl":"https:\/\/shop.bantam.ch\/wp-content\/uploads\/2026\/02\/Movera-L-9966392100.png","datePublished":"2026-02-04T09:46:01+00:00","dateModified":"2026-04-21T21:59:49+00:00","breadcrumb":{"@id":"https:\/\/shop.bantam.ch\/fr\/produit\/porte-velos-carry-bike-adaptable-sur-ford-custom-deep-black\/#breadcrumb"},"inLanguage":"fr-FR","potentialAction":[{"@type":"ReadAction","target":["https:\/\/shop.bantam.ch\/fr\/produit\/porte-velos-carry-bike-adaptable-sur-ford-custom-deep-black\/"]}]},{"@type":"ImageObject","inLanguage":"fr-FR","@id":"https:\/\/shop.bantam.ch\/fr\/produit\/porte-velos-carry-bike-adaptable-sur-ford-custom-deep-black\/#primaryimage","url":"https:\/\/shop.bantam.ch\/wp-content\/uploads\/2026\/02\/Movera-L-9966392100.png","contentUrl":"https:\/\/shop.bantam.ch\/wp-content\/uploads\/2026\/02\/Movera-L-9966392100.png","width":640,"height":360},{"@type":"BreadcrumbList","@id":"https:\/\/shop.bantam.ch\/fr\/produit\/porte-velos-carry-bike-adaptable-sur-ford-custom-deep-black\/#breadcrumb","itemListElement":[{"@type":"ListItem","position":1,"name":"Accueil","item":"https:\/\/shop.bantam.ch\/fr\/"},{"@type":"ListItem","position":2,"name":"Boutique","item":"https:\/\/shop.bantam.ch\/fr\/boutique\/"},{"@type":"ListItem","position":3,"name":"Porte-v\u00e9los Carry Bike adaptable sur Ford Custom Deep Black"}]},{"@type":"WebSite","@id":"https:\/\/shop.bantam.ch\/fr\/#website","url":"https:\/\/shop.bantam.ch\/fr\/","name":"Bantam Wankm\u00fcller SA","description":"","publisher":{"@id":"https:\/\/shop.bantam.ch\/fr\/#organization"},"inLanguage":"fr-FR"},{"@type":"Organization","@id":"https:\/\/shop.bantam.ch\/fr\/#organization","name":"Bantam Wankm\u00fcller SA","url":"https:\/\/shop.bantam.ch\/fr\/","logo":{"@type":"ImageObject","inLanguage":"fr-FR","@id":"https:\/\/shop.bantam.ch\/fr\/#\/schema\/logo\/image\/","url":"https:\/\/shop.bantam.ch\/wp-content\/uploads\/2022\/12\/bantam-logo.png","contentUrl":"https:\/\/shop.bantam.ch\/wp-content\/uploads\/2022\/12\/bantam-logo.png","width":320,"height":71,"caption":"Bantam Wankm\u00fcller SA"},"image":{"@id":"https:\/\/shop.bantam.ch\/fr\/#\/schema\/logo\/image\/"}}]}},"_links":{"self":[{"href":"https:\/\/shop.bantam.ch\/fr\/wp-json\/wp\/v2\/product\/232665","targetHints":{"allow":["GET"]}}],"collection":[{"href":"https:\/\/shop.bantam.ch\/fr\/wp-json\/wp\/v2\/product"}],"about":[{"href":"https:\/\/shop.bantam.ch\/fr\/wp-json\/wp\/v2\/types\/product"}],"wp:featuredmedia":[{"embeddable":true,"href":"https:\/\/shop.bantam.ch\/fr\/wp-json\/wp\/v2\/media\/232661"}],"wp:attachment":[{"href":"https:\/\/shop.bantam.ch\/fr\/wp-json\/wp\/v2\/media?parent=232665"}],"wp:term":[{"taxonomy":"product_featured_cat","embeddable":true,"href":"https:\/\/shop.bantam.ch\/fr\/wp-json\/wp\/v2\/product_featured_cat?post=232665"},{"taxonomy":"product_brand","embeddable":true,"href":"https:\/\/shop.bantam.ch\/fr\/wp-json\/wp\/v2\/product_brand?post=232665"},{"taxonomy":"product_cat","embeddable":true,"href":"https:\/\/shop.bantam.ch\/fr\/wp-json\/wp\/v2\/product_cat?post=232665"},{"taxonomy":"product_tag","embeddable":true,"href":"https:\/\/shop.bantam.ch\/fr\/wp-json\/wp\/v2\/product_tag?post=232665"}],"curies":[{"name":"wp","href":"https:\/\/api.w.org\/{rel}","templated":true}]}}