{"id":232609,"date":"2026-02-04T10:44:30","date_gmt":"2026-02-04T09:44:30","guid":{"rendered":"https:\/\/shop.bantam.ch\/produit\/porte-velos-carry-bike-dj-2-roues-capacite-de-charge-40-kg-aluminium\/"},"modified":"2026-04-17T23:54:28","modified_gmt":"2026-04-17T21:54:28","slug":"porte-velos-carry-bike-dj-2-roues-capacite-de-charge-40-kg-aluminium","status":"publish","type":"product","link":"https:\/\/shop.bantam.ch\/fr\/produit\/porte-velos-carry-bike-dj-2-roues-capacite-de-charge-40-kg-aluminium\/","title":{"rendered":"Porte-v\u00e9los Carry-Bike DJ 2 roues, capacit\u00e9 de charge 40 kg Aluminium"},"content":{"rendered":"<p>Un porte-v\u00e9los pour tous les mod\u00e8les et des profils de fixation sp\u00e9ciaux pour chaque type de v\u00e9hicule (Ducato, Sprinter, Crafter et Transit), qui peuvent \u00eatre achet\u00e9s s\u00e9par\u00e9ment.<\/p>\n<p>Permet de monter les \u00e9triers de support dans 3 positions : Standard, au milieu et en bas (pour les deux derni\u00e8res, un support de plaque suppl\u00e9mentaire avec \u00e9clairage est n\u00e9cessaire).<\/p>\n","protected":false},"excerpt":{"rendered":"<p>Un porte-v\u00e9los pour tous les mod\u00e8les et des profils de fixation sp\u00e9ciaux pour chaque type de v\u00e9hicule (Ducato, Sprinter, Crafter et Transit), qui peuvent \u00eatre achet\u00e9s s\u00e9par\u00e9ment. Permet de monter les \u00e9triers de support dans 3 positions : Standard, au milieu et en bas (pour les deux derni\u00e8res, un support de plaque suppl\u00e9mentaire avec \u00e9clairage [&hellip;]<\/p>\n","protected":false},"featured_media":232605,"template":"","meta":{"_acf_changed":false},"product_featured_cat":[],"product_brand":[],"product_cat":[5137],"product_tag":[],"class_list":{"0":"post-232609","1":"product","2":"type-product","3":"status-publish","4":"has-post-thumbnail","6":"product_cat-porte-velos-arriere","8":"first","9":"instock","10":"taxable","11":"shipping-taxable","12":"purchasable","13":"product-type-simple"},"acf":[],"yoast_head":"<!-- This site is optimized with the Yoast SEO plugin v27.4 - https:\/\/yoast.com\/product\/yoast-seo-wordpress\/ -->\n<title>Porte-v\u00e9los Carry-Bike DJ 2 roues, capacit\u00e9 de charge 40 kg Aluminium - Bantam Wankm\u00fcller SA<\/title>\n<meta name=\"robots\" content=\"index, follow, max-snippet:-1, max-image-preview:large, max-video-preview:-1\" \/>\n<link rel=\"canonical\" href=\"https:\/\/shop.bantam.ch\/fr\/produit\/porte-velos-carry-bike-dj-2-roues-capacite-de-charge-40-kg-aluminium\/\" \/>\n<meta property=\"og:locale\" content=\"fr_FR\" \/>\n<meta property=\"og:type\" content=\"article\" \/>\n<meta property=\"og:title\" content=\"Porte-v\u00e9los Carry-Bike DJ 2 roues, capacit\u00e9 de charge 40 kg Aluminium - Bantam Wankm\u00fcller SA\" \/>\n<meta property=\"og:description\" content=\"Un porte-v\u00e9los pour tous les mod\u00e8les et des profils de fixation sp\u00e9ciaux pour chaque type de v\u00e9hicule (Ducato, Sprinter, Crafter et Transit), qui peuvent \u00eatre achet\u00e9s s\u00e9par\u00e9ment. Permet de monter les \u00e9triers de support dans 3 positions : Standard, au milieu et en bas (pour les deux derni\u00e8res, un support de plaque suppl\u00e9mentaire avec \u00e9clairage [&hellip;]\" \/>\n<meta property=\"og:url\" content=\"https:\/\/shop.bantam.ch\/fr\/produit\/porte-velos-carry-bike-dj-2-roues-capacite-de-charge-40-kg-aluminium\/\" \/>\n<meta property=\"og:site_name\" content=\"Bantam Wankm\u00fcller SA\" \/>\n<meta property=\"article:modified_time\" content=\"2026-04-17T21:54:28+00:00\" \/>\n<meta name=\"twitter:card\" content=\"summary_large_image\" \/>\n<script type=\"application\/ld+json\" class=\"yoast-schema-graph\">{\"@context\":\"https:\\\/\\\/schema.org\",\"@graph\":[{\"@type\":\"WebPage\",\"@id\":\"https:\\\/\\\/shop.bantam.ch\\\/fr\\\/produit\\\/porte-velos-carry-bike-dj-2-roues-capacite-de-charge-40-kg-aluminium\\\/\",\"url\":\"https:\\\/\\\/shop.bantam.ch\\\/fr\\\/produit\\\/porte-velos-carry-bike-dj-2-roues-capacite-de-charge-40-kg-aluminium\\\/\",\"name\":\"Porte-v\u00e9los Carry-Bike DJ 2 roues, capacit\u00e9 de charge 40 kg Aluminium - Bantam Wankm\u00fcller SA\",\"isPartOf\":{\"@id\":\"https:\\\/\\\/shop.bantam.ch\\\/fr\\\/#website\"},\"primaryImageOfPage\":{\"@id\":\"https:\\\/\\\/shop.bantam.ch\\\/fr\\\/produit\\\/porte-velos-carry-bike-dj-2-roues-capacite-de-charge-40-kg-aluminium\\\/#primaryimage\"},\"image\":{\"@id\":\"https:\\\/\\\/shop.bantam.ch\\\/fr\\\/produit\\\/porte-velos-carry-bike-dj-2-roues-capacite-de-charge-40-kg-aluminium\\\/#primaryimage\"},\"thumbnailUrl\":\"https:\\\/\\\/shop.bantam.ch\\\/wp-content\\\/uploads\\\/2026\\\/02\\\/Movera-L-9966378100.png\",\"datePublished\":\"2026-02-04T09:44:30+00:00\",\"dateModified\":\"2026-04-17T21:54:28+00:00\",\"breadcrumb\":{\"@id\":\"https:\\\/\\\/shop.bantam.ch\\\/fr\\\/produit\\\/porte-velos-carry-bike-dj-2-roues-capacite-de-charge-40-kg-aluminium\\\/#breadcrumb\"},\"inLanguage\":\"fr-FR\",\"potentialAction\":[{\"@type\":\"ReadAction\",\"target\":[\"https:\\\/\\\/shop.bantam.ch\\\/fr\\\/produit\\\/porte-velos-carry-bike-dj-2-roues-capacite-de-charge-40-kg-aluminium\\\/\"]}]},{\"@type\":\"ImageObject\",\"inLanguage\":\"fr-FR\",\"@id\":\"https:\\\/\\\/shop.bantam.ch\\\/fr\\\/produit\\\/porte-velos-carry-bike-dj-2-roues-capacite-de-charge-40-kg-aluminium\\\/#primaryimage\",\"url\":\"https:\\\/\\\/shop.bantam.ch\\\/wp-content\\\/uploads\\\/2026\\\/02\\\/Movera-L-9966378100.png\",\"contentUrl\":\"https:\\\/\\\/shop.bantam.ch\\\/wp-content\\\/uploads\\\/2026\\\/02\\\/Movera-L-9966378100.png\",\"width\":640,\"height\":360},{\"@type\":\"BreadcrumbList\",\"@id\":\"https:\\\/\\\/shop.bantam.ch\\\/fr\\\/produit\\\/porte-velos-carry-bike-dj-2-roues-capacite-de-charge-40-kg-aluminium\\\/#breadcrumb\",\"itemListElement\":[{\"@type\":\"ListItem\",\"position\":1,\"name\":\"Accueil\",\"item\":\"https:\\\/\\\/shop.bantam.ch\\\/fr\\\/\"},{\"@type\":\"ListItem\",\"position\":2,\"name\":\"Boutique\",\"item\":\"https:\\\/\\\/shop.bantam.ch\\\/fr\\\/boutique\\\/\"},{\"@type\":\"ListItem\",\"position\":3,\"name\":\"Porte-v\u00e9los Carry-Bike DJ 2 roues, capacit\u00e9 de charge 40 kg Aluminium\"}]},{\"@type\":\"WebSite\",\"@id\":\"https:\\\/\\\/shop.bantam.ch\\\/fr\\\/#website\",\"url\":\"https:\\\/\\\/shop.bantam.ch\\\/fr\\\/\",\"name\":\"Bantam Wankm\u00fcller SA\",\"description\":\"\",\"publisher\":{\"@id\":\"https:\\\/\\\/shop.bantam.ch\\\/fr\\\/#organization\"},\"inLanguage\":\"fr-FR\"},{\"@type\":\"Organization\",\"@id\":\"https:\\\/\\\/shop.bantam.ch\\\/fr\\\/#organization\",\"name\":\"Bantam Wankm\u00fcller SA\",\"url\":\"https:\\\/\\\/shop.bantam.ch\\\/fr\\\/\",\"logo\":{\"@type\":\"ImageObject\",\"inLanguage\":\"fr-FR\",\"@id\":\"https:\\\/\\\/shop.bantam.ch\\\/fr\\\/#\\\/schema\\\/logo\\\/image\\\/\",\"url\":\"https:\\\/\\\/shop.bantam.ch\\\/wp-content\\\/uploads\\\/2022\\\/12\\\/bantam-logo.png\",\"contentUrl\":\"https:\\\/\\\/shop.bantam.ch\\\/wp-content\\\/uploads\\\/2022\\\/12\\\/bantam-logo.png\",\"width\":320,\"height\":71,\"caption\":\"Bantam Wankm\u00fcller SA\"},\"image\":{\"@id\":\"https:\\\/\\\/shop.bantam.ch\\\/fr\\\/#\\\/schema\\\/logo\\\/image\\\/\"}}]}<\/script>\n<!-- \/ Yoast SEO plugin. -->","yoast_head_json":{"title":"Porte-v\u00e9los Carry-Bike DJ 2 roues, capacit\u00e9 de charge 40 kg Aluminium - Bantam Wankm\u00fcller SA","robots":{"index":"index","follow":"follow","max-snippet":"max-snippet:-1","max-image-preview":"max-image-preview:large","max-video-preview":"max-video-preview:-1"},"canonical":"https:\/\/shop.bantam.ch\/fr\/produit\/porte-velos-carry-bike-dj-2-roues-capacite-de-charge-40-kg-aluminium\/","og_locale":"fr_FR","og_type":"article","og_title":"Porte-v\u00e9los Carry-Bike DJ 2 roues, capacit\u00e9 de charge 40 kg Aluminium - Bantam Wankm\u00fcller SA","og_description":"Un porte-v\u00e9los pour tous les mod\u00e8les et des profils de fixation sp\u00e9ciaux pour chaque type de v\u00e9hicule (Ducato, Sprinter, Crafter et Transit), qui peuvent \u00eatre achet\u00e9s s\u00e9par\u00e9ment. Permet de monter les \u00e9triers de support dans 3 positions : Standard, au milieu et en bas (pour les deux derni\u00e8res, un support de plaque suppl\u00e9mentaire avec \u00e9clairage [&hellip;]","og_url":"https:\/\/shop.bantam.ch\/fr\/produit\/porte-velos-carry-bike-dj-2-roues-capacite-de-charge-40-kg-aluminium\/","og_site_name":"Bantam Wankm\u00fcller SA","article_modified_time":"2026-04-17T21:54:28+00:00","twitter_card":"summary_large_image","schema":{"@context":"https:\/\/schema.org","@graph":[{"@type":"WebPage","@id":"https:\/\/shop.bantam.ch\/fr\/produit\/porte-velos-carry-bike-dj-2-roues-capacite-de-charge-40-kg-aluminium\/","url":"https:\/\/shop.bantam.ch\/fr\/produit\/porte-velos-carry-bike-dj-2-roues-capacite-de-charge-40-kg-aluminium\/","name":"Porte-v\u00e9los Carry-Bike DJ 2 roues, capacit\u00e9 de charge 40 kg Aluminium - Bantam Wankm\u00fcller SA","isPartOf":{"@id":"https:\/\/shop.bantam.ch\/fr\/#website"},"primaryImageOfPage":{"@id":"https:\/\/shop.bantam.ch\/fr\/produit\/porte-velos-carry-bike-dj-2-roues-capacite-de-charge-40-kg-aluminium\/#primaryimage"},"image":{"@id":"https:\/\/shop.bantam.ch\/fr\/produit\/porte-velos-carry-bike-dj-2-roues-capacite-de-charge-40-kg-aluminium\/#primaryimage"},"thumbnailUrl":"https:\/\/shop.bantam.ch\/wp-content\/uploads\/2026\/02\/Movera-L-9966378100.png","datePublished":"2026-02-04T09:44:30+00:00","dateModified":"2026-04-17T21:54:28+00:00","breadcrumb":{"@id":"https:\/\/shop.bantam.ch\/fr\/produit\/porte-velos-carry-bike-dj-2-roues-capacite-de-charge-40-kg-aluminium\/#breadcrumb"},"inLanguage":"fr-FR","potentialAction":[{"@type":"ReadAction","target":["https:\/\/shop.bantam.ch\/fr\/produit\/porte-velos-carry-bike-dj-2-roues-capacite-de-charge-40-kg-aluminium\/"]}]},{"@type":"ImageObject","inLanguage":"fr-FR","@id":"https:\/\/shop.bantam.ch\/fr\/produit\/porte-velos-carry-bike-dj-2-roues-capacite-de-charge-40-kg-aluminium\/#primaryimage","url":"https:\/\/shop.bantam.ch\/wp-content\/uploads\/2026\/02\/Movera-L-9966378100.png","contentUrl":"https:\/\/shop.bantam.ch\/wp-content\/uploads\/2026\/02\/Movera-L-9966378100.png","width":640,"height":360},{"@type":"BreadcrumbList","@id":"https:\/\/shop.bantam.ch\/fr\/produit\/porte-velos-carry-bike-dj-2-roues-capacite-de-charge-40-kg-aluminium\/#breadcrumb","itemListElement":[{"@type":"ListItem","position":1,"name":"Accueil","item":"https:\/\/shop.bantam.ch\/fr\/"},{"@type":"ListItem","position":2,"name":"Boutique","item":"https:\/\/shop.bantam.ch\/fr\/boutique\/"},{"@type":"ListItem","position":3,"name":"Porte-v\u00e9los Carry-Bike DJ 2 roues, capacit\u00e9 de charge 40 kg Aluminium"}]},{"@type":"WebSite","@id":"https:\/\/shop.bantam.ch\/fr\/#website","url":"https:\/\/shop.bantam.ch\/fr\/","name":"Bantam Wankm\u00fcller SA","description":"","publisher":{"@id":"https:\/\/shop.bantam.ch\/fr\/#organization"},"inLanguage":"fr-FR"},{"@type":"Organization","@id":"https:\/\/shop.bantam.ch\/fr\/#organization","name":"Bantam Wankm\u00fcller SA","url":"https:\/\/shop.bantam.ch\/fr\/","logo":{"@type":"ImageObject","inLanguage":"fr-FR","@id":"https:\/\/shop.bantam.ch\/fr\/#\/schema\/logo\/image\/","url":"https:\/\/shop.bantam.ch\/wp-content\/uploads\/2022\/12\/bantam-logo.png","contentUrl":"https:\/\/shop.bantam.ch\/wp-content\/uploads\/2022\/12\/bantam-logo.png","width":320,"height":71,"caption":"Bantam Wankm\u00fcller SA"},"image":{"@id":"https:\/\/shop.bantam.ch\/fr\/#\/schema\/logo\/image\/"}}]}},"_links":{"self":[{"href":"https:\/\/shop.bantam.ch\/fr\/wp-json\/wp\/v2\/product\/232609","targetHints":{"allow":["GET"]}}],"collection":[{"href":"https:\/\/shop.bantam.ch\/fr\/wp-json\/wp\/v2\/product"}],"about":[{"href":"https:\/\/shop.bantam.ch\/fr\/wp-json\/wp\/v2\/types\/product"}],"wp:featuredmedia":[{"embeddable":true,"href":"https:\/\/shop.bantam.ch\/fr\/wp-json\/wp\/v2\/media\/232605"}],"wp:attachment":[{"href":"https:\/\/shop.bantam.ch\/fr\/wp-json\/wp\/v2\/media?parent=232609"}],"wp:term":[{"taxonomy":"product_featured_cat","embeddable":true,"href":"https:\/\/shop.bantam.ch\/fr\/wp-json\/wp\/v2\/product_featured_cat?post=232609"},{"taxonomy":"product_brand","embeddable":true,"href":"https:\/\/shop.bantam.ch\/fr\/wp-json\/wp\/v2\/product_brand?post=232609"},{"taxonomy":"product_cat","embeddable":true,"href":"https:\/\/shop.bantam.ch\/fr\/wp-json\/wp\/v2\/product_cat?post=232609"},{"taxonomy":"product_tag","embeddable":true,"href":"https:\/\/shop.bantam.ch\/fr\/wp-json\/wp\/v2\/product_tag?post=232609"}],"curies":[{"name":"wp","href":"https:\/\/api.w.org\/{rel}","templated":true}]}}