{"id":232567,"date":"2026-02-04T10:43:31","date_gmt":"2026-02-04T09:43:31","guid":{"rendered":"https:\/\/shop.bantam.ch\/produit\/caisse-de-transport-pour-porte-velos-350-l-adaptee-au-sd260-tecdc1\/"},"modified":"2026-04-17T23:54:27","modified_gmt":"2026-04-17T21:54:27","slug":"caisse-de-transport-pour-porte-velos-350-l-adaptee-au-sd260-tecdc1","status":"publish","type":"product","link":"https:\/\/shop.bantam.ch\/fr\/produit\/caisse-de-transport-pour-porte-velos-350-l-adaptee-au-sd260-tecdc1\/","title":{"rendered":"Caisse de transport pour porte-v\u00e9los 350 l adapt\u00e9e au SD260\/TECDC1"},"content":{"rendered":"<p>Caisse de transport ultra l\u00e9g\u00e8re d&rsquo;une capacit\u00e9 de 350 litres et d&rsquo;une charge utile maximale de 50 kg. Id\u00e9al pour les matelas de sol, les sacs de couchage, les accessoires de ski et de snowboard. Le box se fixe sur les rails de la s\u00e9rie SD260 et de la s\u00e9rie TECDC1 avec des attaches rapides, aucune pr\u00e9paration n&rsquo;est n\u00e9cessaire sur le support. Le fond et le couvercle sont constitu\u00e9s de coques rigides et robustes, les parois lat\u00e9rales sont en textile souple et r\u00e9sistant. La bo\u00eete est pliable et se range de mani\u00e8re compacte.<\/p>\n","protected":false},"excerpt":{"rendered":"<p>Caisse de transport ultra l\u00e9g\u00e8re d&rsquo;une capacit\u00e9 de 350 litres et d&rsquo;une charge utile maximale de 50 kg. Id\u00e9al pour les matelas de sol, les sacs de couchage, les accessoires de ski et de snowboard. Le box se fixe sur les rails de la s\u00e9rie SD260 et de la s\u00e9rie TECDC1 avec des attaches rapides, [&hellip;]<\/p>\n","protected":false},"featured_media":232557,"template":"","meta":{"_acf_changed":false},"product_featured_cat":[],"product_brand":[],"product_cat":[4049],"product_tag":[],"class_list":{"0":"post-232567","1":"product","2":"type-product","3":"status-publish","4":"has-post-thumbnail","6":"product_cat-transport-et-stockage","8":"first","9":"instock","10":"taxable","11":"shipping-taxable","12":"purchasable","13":"product-type-simple"},"acf":[],"yoast_head":"<!-- This site is optimized with the Yoast SEO plugin v27.4 - https:\/\/yoast.com\/product\/yoast-seo-wordpress\/ -->\n<title>Caisse de transport pour porte-v\u00e9los 350 l adapt\u00e9e au SD260\/TECDC1 - Bantam Wankm\u00fcller SA<\/title>\n<meta name=\"robots\" content=\"index, follow, max-snippet:-1, max-image-preview:large, max-video-preview:-1\" \/>\n<link rel=\"canonical\" href=\"https:\/\/shop.bantam.ch\/fr\/produit\/caisse-de-transport-pour-porte-velos-350-l-adaptee-au-sd260-tecdc1\/\" \/>\n<meta property=\"og:locale\" content=\"fr_FR\" \/>\n<meta property=\"og:type\" content=\"article\" \/>\n<meta property=\"og:title\" content=\"Caisse de transport pour porte-v\u00e9los 350 l adapt\u00e9e au SD260\/TECDC1 - Bantam Wankm\u00fcller SA\" \/>\n<meta property=\"og:description\" content=\"Caisse de transport ultra l\u00e9g\u00e8re d&rsquo;une capacit\u00e9 de 350 litres et d&rsquo;une charge utile maximale de 50 kg. Id\u00e9al pour les matelas de sol, les sacs de couchage, les accessoires de ski et de snowboard. Le box se fixe sur les rails de la s\u00e9rie SD260 et de la s\u00e9rie TECDC1 avec des attaches rapides, [&hellip;]\" \/>\n<meta property=\"og:url\" content=\"https:\/\/shop.bantam.ch\/fr\/produit\/caisse-de-transport-pour-porte-velos-350-l-adaptee-au-sd260-tecdc1\/\" \/>\n<meta property=\"og:site_name\" content=\"Bantam Wankm\u00fcller SA\" \/>\n<meta property=\"article:modified_time\" content=\"2026-04-17T21:54:27+00:00\" \/>\n<meta name=\"twitter:card\" content=\"summary_large_image\" \/>\n<meta name=\"twitter:label1\" content=\"Dur\u00e9e de lecture estim\u00e9e\" \/>\n\t<meta name=\"twitter:data1\" content=\"1 minute\" \/>\n<script type=\"application\/ld+json\" class=\"yoast-schema-graph\">{\"@context\":\"https:\\\/\\\/schema.org\",\"@graph\":[{\"@type\":\"WebPage\",\"@id\":\"https:\\\/\\\/shop.bantam.ch\\\/fr\\\/produit\\\/caisse-de-transport-pour-porte-velos-350-l-adaptee-au-sd260-tecdc1\\\/\",\"url\":\"https:\\\/\\\/shop.bantam.ch\\\/fr\\\/produit\\\/caisse-de-transport-pour-porte-velos-350-l-adaptee-au-sd260-tecdc1\\\/\",\"name\":\"Caisse de transport pour porte-v\u00e9los 350 l adapt\u00e9e au SD260\\\/TECDC1 - Bantam Wankm\u00fcller SA\",\"isPartOf\":{\"@id\":\"https:\\\/\\\/shop.bantam.ch\\\/fr\\\/#website\"},\"primaryImageOfPage\":{\"@id\":\"https:\\\/\\\/shop.bantam.ch\\\/fr\\\/produit\\\/caisse-de-transport-pour-porte-velos-350-l-adaptee-au-sd260-tecdc1\\\/#primaryimage\"},\"image\":{\"@id\":\"https:\\\/\\\/shop.bantam.ch\\\/fr\\\/produit\\\/caisse-de-transport-pour-porte-velos-350-l-adaptee-au-sd260-tecdc1\\\/#primaryimage\"},\"thumbnailUrl\":\"https:\\\/\\\/shop.bantam.ch\\\/wp-content\\\/uploads\\\/2026\\\/02\\\/Movera-L-9966373100.jpg\",\"datePublished\":\"2026-02-04T09:43:31+00:00\",\"dateModified\":\"2026-04-17T21:54:27+00:00\",\"breadcrumb\":{\"@id\":\"https:\\\/\\\/shop.bantam.ch\\\/fr\\\/produit\\\/caisse-de-transport-pour-porte-velos-350-l-adaptee-au-sd260-tecdc1\\\/#breadcrumb\"},\"inLanguage\":\"fr-FR\",\"potentialAction\":[{\"@type\":\"ReadAction\",\"target\":[\"https:\\\/\\\/shop.bantam.ch\\\/fr\\\/produit\\\/caisse-de-transport-pour-porte-velos-350-l-adaptee-au-sd260-tecdc1\\\/\"]}]},{\"@type\":\"ImageObject\",\"inLanguage\":\"fr-FR\",\"@id\":\"https:\\\/\\\/shop.bantam.ch\\\/fr\\\/produit\\\/caisse-de-transport-pour-porte-velos-350-l-adaptee-au-sd260-tecdc1\\\/#primaryimage\",\"url\":\"https:\\\/\\\/shop.bantam.ch\\\/wp-content\\\/uploads\\\/2026\\\/02\\\/Movera-L-9966373100.jpg\",\"contentUrl\":\"https:\\\/\\\/shop.bantam.ch\\\/wp-content\\\/uploads\\\/2026\\\/02\\\/Movera-L-9966373100.jpg\",\"width\":640,\"height\":486},{\"@type\":\"BreadcrumbList\",\"@id\":\"https:\\\/\\\/shop.bantam.ch\\\/fr\\\/produit\\\/caisse-de-transport-pour-porte-velos-350-l-adaptee-au-sd260-tecdc1\\\/#breadcrumb\",\"itemListElement\":[{\"@type\":\"ListItem\",\"position\":1,\"name\":\"Accueil\",\"item\":\"https:\\\/\\\/shop.bantam.ch\\\/fr\\\/\"},{\"@type\":\"ListItem\",\"position\":2,\"name\":\"Boutique\",\"item\":\"https:\\\/\\\/shop.bantam.ch\\\/fr\\\/boutique\\\/\"},{\"@type\":\"ListItem\",\"position\":3,\"name\":\"Caisse de transport pour porte-v\u00e9los 350 l adapt\u00e9e au SD260\\\/TECDC1\"}]},{\"@type\":\"WebSite\",\"@id\":\"https:\\\/\\\/shop.bantam.ch\\\/fr\\\/#website\",\"url\":\"https:\\\/\\\/shop.bantam.ch\\\/fr\\\/\",\"name\":\"Bantam Wankm\u00fcller SA\",\"description\":\"\",\"publisher\":{\"@id\":\"https:\\\/\\\/shop.bantam.ch\\\/fr\\\/#organization\"},\"inLanguage\":\"fr-FR\"},{\"@type\":\"Organization\",\"@id\":\"https:\\\/\\\/shop.bantam.ch\\\/fr\\\/#organization\",\"name\":\"Bantam Wankm\u00fcller SA\",\"url\":\"https:\\\/\\\/shop.bantam.ch\\\/fr\\\/\",\"logo\":{\"@type\":\"ImageObject\",\"inLanguage\":\"fr-FR\",\"@id\":\"https:\\\/\\\/shop.bantam.ch\\\/fr\\\/#\\\/schema\\\/logo\\\/image\\\/\",\"url\":\"https:\\\/\\\/shop.bantam.ch\\\/wp-content\\\/uploads\\\/2022\\\/12\\\/bantam-logo.png\",\"contentUrl\":\"https:\\\/\\\/shop.bantam.ch\\\/wp-content\\\/uploads\\\/2022\\\/12\\\/bantam-logo.png\",\"width\":320,\"height\":71,\"caption\":\"Bantam Wankm\u00fcller SA\"},\"image\":{\"@id\":\"https:\\\/\\\/shop.bantam.ch\\\/fr\\\/#\\\/schema\\\/logo\\\/image\\\/\"}}]}<\/script>\n<!-- \/ Yoast SEO plugin. -->","yoast_head_json":{"title":"Caisse de transport pour porte-v\u00e9los 350 l adapt\u00e9e au SD260\/TECDC1 - Bantam Wankm\u00fcller SA","robots":{"index":"index","follow":"follow","max-snippet":"max-snippet:-1","max-image-preview":"max-image-preview:large","max-video-preview":"max-video-preview:-1"},"canonical":"https:\/\/shop.bantam.ch\/fr\/produit\/caisse-de-transport-pour-porte-velos-350-l-adaptee-au-sd260-tecdc1\/","og_locale":"fr_FR","og_type":"article","og_title":"Caisse de transport pour porte-v\u00e9los 350 l adapt\u00e9e au SD260\/TECDC1 - Bantam Wankm\u00fcller SA","og_description":"Caisse de transport ultra l\u00e9g\u00e8re d&rsquo;une capacit\u00e9 de 350 litres et d&rsquo;une charge utile maximale de 50 kg. Id\u00e9al pour les matelas de sol, les sacs de couchage, les accessoires de ski et de snowboard. Le box se fixe sur les rails de la s\u00e9rie SD260 et de la s\u00e9rie TECDC1 avec des attaches rapides, [&hellip;]","og_url":"https:\/\/shop.bantam.ch\/fr\/produit\/caisse-de-transport-pour-porte-velos-350-l-adaptee-au-sd260-tecdc1\/","og_site_name":"Bantam Wankm\u00fcller SA","article_modified_time":"2026-04-17T21:54:27+00:00","twitter_card":"summary_large_image","twitter_misc":{"Dur\u00e9e de lecture estim\u00e9e":"1 minute"},"schema":{"@context":"https:\/\/schema.org","@graph":[{"@type":"WebPage","@id":"https:\/\/shop.bantam.ch\/fr\/produit\/caisse-de-transport-pour-porte-velos-350-l-adaptee-au-sd260-tecdc1\/","url":"https:\/\/shop.bantam.ch\/fr\/produit\/caisse-de-transport-pour-porte-velos-350-l-adaptee-au-sd260-tecdc1\/","name":"Caisse de transport pour porte-v\u00e9los 350 l adapt\u00e9e au SD260\/TECDC1 - Bantam Wankm\u00fcller SA","isPartOf":{"@id":"https:\/\/shop.bantam.ch\/fr\/#website"},"primaryImageOfPage":{"@id":"https:\/\/shop.bantam.ch\/fr\/produit\/caisse-de-transport-pour-porte-velos-350-l-adaptee-au-sd260-tecdc1\/#primaryimage"},"image":{"@id":"https:\/\/shop.bantam.ch\/fr\/produit\/caisse-de-transport-pour-porte-velos-350-l-adaptee-au-sd260-tecdc1\/#primaryimage"},"thumbnailUrl":"https:\/\/shop.bantam.ch\/wp-content\/uploads\/2026\/02\/Movera-L-9966373100.jpg","datePublished":"2026-02-04T09:43:31+00:00","dateModified":"2026-04-17T21:54:27+00:00","breadcrumb":{"@id":"https:\/\/shop.bantam.ch\/fr\/produit\/caisse-de-transport-pour-porte-velos-350-l-adaptee-au-sd260-tecdc1\/#breadcrumb"},"inLanguage":"fr-FR","potentialAction":[{"@type":"ReadAction","target":["https:\/\/shop.bantam.ch\/fr\/produit\/caisse-de-transport-pour-porte-velos-350-l-adaptee-au-sd260-tecdc1\/"]}]},{"@type":"ImageObject","inLanguage":"fr-FR","@id":"https:\/\/shop.bantam.ch\/fr\/produit\/caisse-de-transport-pour-porte-velos-350-l-adaptee-au-sd260-tecdc1\/#primaryimage","url":"https:\/\/shop.bantam.ch\/wp-content\/uploads\/2026\/02\/Movera-L-9966373100.jpg","contentUrl":"https:\/\/shop.bantam.ch\/wp-content\/uploads\/2026\/02\/Movera-L-9966373100.jpg","width":640,"height":486},{"@type":"BreadcrumbList","@id":"https:\/\/shop.bantam.ch\/fr\/produit\/caisse-de-transport-pour-porte-velos-350-l-adaptee-au-sd260-tecdc1\/#breadcrumb","itemListElement":[{"@type":"ListItem","position":1,"name":"Accueil","item":"https:\/\/shop.bantam.ch\/fr\/"},{"@type":"ListItem","position":2,"name":"Boutique","item":"https:\/\/shop.bantam.ch\/fr\/boutique\/"},{"@type":"ListItem","position":3,"name":"Caisse de transport pour porte-v\u00e9los 350 l adapt\u00e9e au SD260\/TECDC1"}]},{"@type":"WebSite","@id":"https:\/\/shop.bantam.ch\/fr\/#website","url":"https:\/\/shop.bantam.ch\/fr\/","name":"Bantam Wankm\u00fcller SA","description":"","publisher":{"@id":"https:\/\/shop.bantam.ch\/fr\/#organization"},"inLanguage":"fr-FR"},{"@type":"Organization","@id":"https:\/\/shop.bantam.ch\/fr\/#organization","name":"Bantam Wankm\u00fcller SA","url":"https:\/\/shop.bantam.ch\/fr\/","logo":{"@type":"ImageObject","inLanguage":"fr-FR","@id":"https:\/\/shop.bantam.ch\/fr\/#\/schema\/logo\/image\/","url":"https:\/\/shop.bantam.ch\/wp-content\/uploads\/2022\/12\/bantam-logo.png","contentUrl":"https:\/\/shop.bantam.ch\/wp-content\/uploads\/2022\/12\/bantam-logo.png","width":320,"height":71,"caption":"Bantam Wankm\u00fcller SA"},"image":{"@id":"https:\/\/shop.bantam.ch\/fr\/#\/schema\/logo\/image\/"}}]}},"_links":{"self":[{"href":"https:\/\/shop.bantam.ch\/fr\/wp-json\/wp\/v2\/product\/232567","targetHints":{"allow":["GET"]}}],"collection":[{"href":"https:\/\/shop.bantam.ch\/fr\/wp-json\/wp\/v2\/product"}],"about":[{"href":"https:\/\/shop.bantam.ch\/fr\/wp-json\/wp\/v2\/types\/product"}],"wp:featuredmedia":[{"embeddable":true,"href":"https:\/\/shop.bantam.ch\/fr\/wp-json\/wp\/v2\/media\/232557"}],"wp:attachment":[{"href":"https:\/\/shop.bantam.ch\/fr\/wp-json\/wp\/v2\/media?parent=232567"}],"wp:term":[{"taxonomy":"product_featured_cat","embeddable":true,"href":"https:\/\/shop.bantam.ch\/fr\/wp-json\/wp\/v2\/product_featured_cat?post=232567"},{"taxonomy":"product_brand","embeddable":true,"href":"https:\/\/shop.bantam.ch\/fr\/wp-json\/wp\/v2\/product_brand?post=232567"},{"taxonomy":"product_cat","embeddable":true,"href":"https:\/\/shop.bantam.ch\/fr\/wp-json\/wp\/v2\/product_cat?post=232567"},{"taxonomy":"product_tag","embeddable":true,"href":"https:\/\/shop.bantam.ch\/fr\/wp-json\/wp\/v2\/product_tag?post=232567"}],"curies":[{"name":"wp","href":"https:\/\/api.w.org\/{rel}","templated":true}]}}