{"id":232543,"date":"2026-02-04T10:43:07","date_gmt":"2026-02-04T09:43:07","guid":{"rendered":"https:\/\/shop.bantam.ch\/produit\/polish-pour-camping-cars-et-caravanes-contenu-500-ml\/"},"modified":"2026-04-21T23:59:41","modified_gmt":"2026-04-21T21:59:41","slug":"polish-pour-camping-cars-et-caravanes-contenu-500-ml","status":"publish","type":"product","link":"https:\/\/shop.bantam.ch\/fr\/produit\/polish-pour-camping-cars-et-caravanes-contenu-500-ml\/","title":{"rendered":"Polish pour camping-cars et caravanes Contenu 500 ml"},"content":{"rendered":"<ul>\n<li>Procure une protection de surface et une brillance de longue dur\u00e9e gr\u00e2ce \u00e0 des cires et des acryliques de haute qualit\u00e9.<\/li>\n<li>Nettoie, polit et vitrifie en une seule op\u00e9ration toutes les surfaces, en particulier les mati\u00e8res plastiques, les vernis et les m\u00e9taux.<\/li>\n<li>Convient \u00e0 l&rsquo;application manuelle et m\u00e9canique.<\/li>\n<li>Pour une protection de longue dur\u00e9e des surfaces.<\/li>\n<li>Dimensions : 9 x 21 x 5 cm (l x h x p)<\/li>\n<\/ul>\n","protected":false},"excerpt":{"rendered":"<p>Procure une protection de surface et une brillance de longue dur\u00e9e gr\u00e2ce \u00e0 des cires et des acryliques de haute qualit\u00e9. Nettoie, polit et vitrifie en une seule op\u00e9ration toutes les surfaces, en particulier les mati\u00e8res plastiques, les vernis et les m\u00e9taux. Convient \u00e0 l&rsquo;application manuelle et m\u00e9canique. Pour une protection de longue dur\u00e9e des [&hellip;]<\/p>\n","protected":false},"featured_media":232539,"template":"","meta":{"_acf_changed":false},"product_featured_cat":[],"product_brand":[],"product_cat":[4745],"product_tag":[],"class_list":{"0":"post-232543","1":"product","2":"type-product","3":"status-publish","4":"has-post-thumbnail","6":"product_cat-nettoyants-et-apprets","8":"first","9":"instock","10":"taxable","11":"shipping-taxable","12":"purchasable","13":"product-type-simple"},"acf":[],"yoast_head":"<!-- This site is optimized with the Yoast SEO plugin v27.4 - https:\/\/yoast.com\/product\/yoast-seo-wordpress\/ -->\n<title>Polish pour camping-cars et caravanes Contenu 500 ml - Bantam Wankm\u00fcller SA<\/title>\n<meta name=\"robots\" content=\"index, follow, max-snippet:-1, max-image-preview:large, max-video-preview:-1\" \/>\n<link rel=\"canonical\" href=\"https:\/\/shop.bantam.ch\/fr\/produit\/polish-pour-camping-cars-et-caravanes-contenu-500-ml\/\" \/>\n<meta property=\"og:locale\" content=\"fr_FR\" \/>\n<meta property=\"og:type\" content=\"article\" \/>\n<meta property=\"og:title\" content=\"Polish pour camping-cars et caravanes Contenu 500 ml - Bantam Wankm\u00fcller SA\" \/>\n<meta property=\"og:description\" content=\"Procure une protection de surface et une brillance de longue dur\u00e9e gr\u00e2ce \u00e0 des cires et des acryliques de haute qualit\u00e9. Nettoie, polit et vitrifie en une seule op\u00e9ration toutes les surfaces, en particulier les mati\u00e8res plastiques, les vernis et les m\u00e9taux. Convient \u00e0 l&rsquo;application manuelle et m\u00e9canique. Pour une protection de longue dur\u00e9e des [&hellip;]\" \/>\n<meta property=\"og:url\" content=\"https:\/\/shop.bantam.ch\/fr\/produit\/polish-pour-camping-cars-et-caravanes-contenu-500-ml\/\" \/>\n<meta property=\"og:site_name\" content=\"Bantam Wankm\u00fcller SA\" \/>\n<meta property=\"article:modified_time\" content=\"2026-04-21T21:59:41+00:00\" \/>\n<meta name=\"twitter:card\" content=\"summary_large_image\" \/>\n<script type=\"application\/ld+json\" class=\"yoast-schema-graph\">{\"@context\":\"https:\\\/\\\/schema.org\",\"@graph\":[{\"@type\":\"WebPage\",\"@id\":\"https:\\\/\\\/shop.bantam.ch\\\/fr\\\/produit\\\/polish-pour-camping-cars-et-caravanes-contenu-500-ml\\\/\",\"url\":\"https:\\\/\\\/shop.bantam.ch\\\/fr\\\/produit\\\/polish-pour-camping-cars-et-caravanes-contenu-500-ml\\\/\",\"name\":\"Polish pour camping-cars et caravanes Contenu 500 ml - Bantam Wankm\u00fcller SA\",\"isPartOf\":{\"@id\":\"https:\\\/\\\/shop.bantam.ch\\\/fr\\\/#website\"},\"primaryImageOfPage\":{\"@id\":\"https:\\\/\\\/shop.bantam.ch\\\/fr\\\/produit\\\/polish-pour-camping-cars-et-caravanes-contenu-500-ml\\\/#primaryimage\"},\"image\":{\"@id\":\"https:\\\/\\\/shop.bantam.ch\\\/fr\\\/produit\\\/polish-pour-camping-cars-et-caravanes-contenu-500-ml\\\/#primaryimage\"},\"thumbnailUrl\":\"https:\\\/\\\/shop.bantam.ch\\\/wp-content\\\/uploads\\\/2026\\\/02\\\/Movera-L-9966371100.jpg\",\"datePublished\":\"2026-02-04T09:43:07+00:00\",\"dateModified\":\"2026-04-21T21:59:41+00:00\",\"breadcrumb\":{\"@id\":\"https:\\\/\\\/shop.bantam.ch\\\/fr\\\/produit\\\/polish-pour-camping-cars-et-caravanes-contenu-500-ml\\\/#breadcrumb\"},\"inLanguage\":\"fr-FR\",\"potentialAction\":[{\"@type\":\"ReadAction\",\"target\":[\"https:\\\/\\\/shop.bantam.ch\\\/fr\\\/produit\\\/polish-pour-camping-cars-et-caravanes-contenu-500-ml\\\/\"]}]},{\"@type\":\"ImageObject\",\"inLanguage\":\"fr-FR\",\"@id\":\"https:\\\/\\\/shop.bantam.ch\\\/fr\\\/produit\\\/polish-pour-camping-cars-et-caravanes-contenu-500-ml\\\/#primaryimage\",\"url\":\"https:\\\/\\\/shop.bantam.ch\\\/wp-content\\\/uploads\\\/2026\\\/02\\\/Movera-L-9966371100.jpg\",\"contentUrl\":\"https:\\\/\\\/shop.bantam.ch\\\/wp-content\\\/uploads\\\/2026\\\/02\\\/Movera-L-9966371100.jpg\",\"width\":409,\"height\":1000},{\"@type\":\"BreadcrumbList\",\"@id\":\"https:\\\/\\\/shop.bantam.ch\\\/fr\\\/produit\\\/polish-pour-camping-cars-et-caravanes-contenu-500-ml\\\/#breadcrumb\",\"itemListElement\":[{\"@type\":\"ListItem\",\"position\":1,\"name\":\"Accueil\",\"item\":\"https:\\\/\\\/shop.bantam.ch\\\/fr\\\/\"},{\"@type\":\"ListItem\",\"position\":2,\"name\":\"Boutique\",\"item\":\"https:\\\/\\\/shop.bantam.ch\\\/fr\\\/boutique\\\/\"},{\"@type\":\"ListItem\",\"position\":3,\"name\":\"Polish pour camping-cars et caravanes Contenu 500 ml\"}]},{\"@type\":\"WebSite\",\"@id\":\"https:\\\/\\\/shop.bantam.ch\\\/fr\\\/#website\",\"url\":\"https:\\\/\\\/shop.bantam.ch\\\/fr\\\/\",\"name\":\"Bantam Wankm\u00fcller SA\",\"description\":\"\",\"publisher\":{\"@id\":\"https:\\\/\\\/shop.bantam.ch\\\/fr\\\/#organization\"},\"inLanguage\":\"fr-FR\"},{\"@type\":\"Organization\",\"@id\":\"https:\\\/\\\/shop.bantam.ch\\\/fr\\\/#organization\",\"name\":\"Bantam Wankm\u00fcller SA\",\"url\":\"https:\\\/\\\/shop.bantam.ch\\\/fr\\\/\",\"logo\":{\"@type\":\"ImageObject\",\"inLanguage\":\"fr-FR\",\"@id\":\"https:\\\/\\\/shop.bantam.ch\\\/fr\\\/#\\\/schema\\\/logo\\\/image\\\/\",\"url\":\"https:\\\/\\\/shop.bantam.ch\\\/wp-content\\\/uploads\\\/2022\\\/12\\\/bantam-logo.png\",\"contentUrl\":\"https:\\\/\\\/shop.bantam.ch\\\/wp-content\\\/uploads\\\/2022\\\/12\\\/bantam-logo.png\",\"width\":320,\"height\":71,\"caption\":\"Bantam Wankm\u00fcller SA\"},\"image\":{\"@id\":\"https:\\\/\\\/shop.bantam.ch\\\/fr\\\/#\\\/schema\\\/logo\\\/image\\\/\"}}]}<\/script>\n<!-- \/ Yoast SEO plugin. -->","yoast_head_json":{"title":"Polish pour camping-cars et caravanes Contenu 500 ml - Bantam Wankm\u00fcller SA","robots":{"index":"index","follow":"follow","max-snippet":"max-snippet:-1","max-image-preview":"max-image-preview:large","max-video-preview":"max-video-preview:-1"},"canonical":"https:\/\/shop.bantam.ch\/fr\/produit\/polish-pour-camping-cars-et-caravanes-contenu-500-ml\/","og_locale":"fr_FR","og_type":"article","og_title":"Polish pour camping-cars et caravanes Contenu 500 ml - Bantam Wankm\u00fcller SA","og_description":"Procure une protection de surface et une brillance de longue dur\u00e9e gr\u00e2ce \u00e0 des cires et des acryliques de haute qualit\u00e9. Nettoie, polit et vitrifie en une seule op\u00e9ration toutes les surfaces, en particulier les mati\u00e8res plastiques, les vernis et les m\u00e9taux. Convient \u00e0 l&rsquo;application manuelle et m\u00e9canique. Pour une protection de longue dur\u00e9e des [&hellip;]","og_url":"https:\/\/shop.bantam.ch\/fr\/produit\/polish-pour-camping-cars-et-caravanes-contenu-500-ml\/","og_site_name":"Bantam Wankm\u00fcller SA","article_modified_time":"2026-04-21T21:59:41+00:00","twitter_card":"summary_large_image","schema":{"@context":"https:\/\/schema.org","@graph":[{"@type":"WebPage","@id":"https:\/\/shop.bantam.ch\/fr\/produit\/polish-pour-camping-cars-et-caravanes-contenu-500-ml\/","url":"https:\/\/shop.bantam.ch\/fr\/produit\/polish-pour-camping-cars-et-caravanes-contenu-500-ml\/","name":"Polish pour camping-cars et caravanes Contenu 500 ml - Bantam Wankm\u00fcller SA","isPartOf":{"@id":"https:\/\/shop.bantam.ch\/fr\/#website"},"primaryImageOfPage":{"@id":"https:\/\/shop.bantam.ch\/fr\/produit\/polish-pour-camping-cars-et-caravanes-contenu-500-ml\/#primaryimage"},"image":{"@id":"https:\/\/shop.bantam.ch\/fr\/produit\/polish-pour-camping-cars-et-caravanes-contenu-500-ml\/#primaryimage"},"thumbnailUrl":"https:\/\/shop.bantam.ch\/wp-content\/uploads\/2026\/02\/Movera-L-9966371100.jpg","datePublished":"2026-02-04T09:43:07+00:00","dateModified":"2026-04-21T21:59:41+00:00","breadcrumb":{"@id":"https:\/\/shop.bantam.ch\/fr\/produit\/polish-pour-camping-cars-et-caravanes-contenu-500-ml\/#breadcrumb"},"inLanguage":"fr-FR","potentialAction":[{"@type":"ReadAction","target":["https:\/\/shop.bantam.ch\/fr\/produit\/polish-pour-camping-cars-et-caravanes-contenu-500-ml\/"]}]},{"@type":"ImageObject","inLanguage":"fr-FR","@id":"https:\/\/shop.bantam.ch\/fr\/produit\/polish-pour-camping-cars-et-caravanes-contenu-500-ml\/#primaryimage","url":"https:\/\/shop.bantam.ch\/wp-content\/uploads\/2026\/02\/Movera-L-9966371100.jpg","contentUrl":"https:\/\/shop.bantam.ch\/wp-content\/uploads\/2026\/02\/Movera-L-9966371100.jpg","width":409,"height":1000},{"@type":"BreadcrumbList","@id":"https:\/\/shop.bantam.ch\/fr\/produit\/polish-pour-camping-cars-et-caravanes-contenu-500-ml\/#breadcrumb","itemListElement":[{"@type":"ListItem","position":1,"name":"Accueil","item":"https:\/\/shop.bantam.ch\/fr\/"},{"@type":"ListItem","position":2,"name":"Boutique","item":"https:\/\/shop.bantam.ch\/fr\/boutique\/"},{"@type":"ListItem","position":3,"name":"Polish pour camping-cars et caravanes Contenu 500 ml"}]},{"@type":"WebSite","@id":"https:\/\/shop.bantam.ch\/fr\/#website","url":"https:\/\/shop.bantam.ch\/fr\/","name":"Bantam Wankm\u00fcller SA","description":"","publisher":{"@id":"https:\/\/shop.bantam.ch\/fr\/#organization"},"inLanguage":"fr-FR"},{"@type":"Organization","@id":"https:\/\/shop.bantam.ch\/fr\/#organization","name":"Bantam Wankm\u00fcller SA","url":"https:\/\/shop.bantam.ch\/fr\/","logo":{"@type":"ImageObject","inLanguage":"fr-FR","@id":"https:\/\/shop.bantam.ch\/fr\/#\/schema\/logo\/image\/","url":"https:\/\/shop.bantam.ch\/wp-content\/uploads\/2022\/12\/bantam-logo.png","contentUrl":"https:\/\/shop.bantam.ch\/wp-content\/uploads\/2022\/12\/bantam-logo.png","width":320,"height":71,"caption":"Bantam Wankm\u00fcller SA"},"image":{"@id":"https:\/\/shop.bantam.ch\/fr\/#\/schema\/logo\/image\/"}}]}},"_links":{"self":[{"href":"https:\/\/shop.bantam.ch\/fr\/wp-json\/wp\/v2\/product\/232543","targetHints":{"allow":["GET"]}}],"collection":[{"href":"https:\/\/shop.bantam.ch\/fr\/wp-json\/wp\/v2\/product"}],"about":[{"href":"https:\/\/shop.bantam.ch\/fr\/wp-json\/wp\/v2\/types\/product"}],"wp:featuredmedia":[{"embeddable":true,"href":"https:\/\/shop.bantam.ch\/fr\/wp-json\/wp\/v2\/media\/232539"}],"wp:attachment":[{"href":"https:\/\/shop.bantam.ch\/fr\/wp-json\/wp\/v2\/media?parent=232543"}],"wp:term":[{"taxonomy":"product_featured_cat","embeddable":true,"href":"https:\/\/shop.bantam.ch\/fr\/wp-json\/wp\/v2\/product_featured_cat?post=232543"},{"taxonomy":"product_brand","embeddable":true,"href":"https:\/\/shop.bantam.ch\/fr\/wp-json\/wp\/v2\/product_brand?post=232543"},{"taxonomy":"product_cat","embeddable":true,"href":"https:\/\/shop.bantam.ch\/fr\/wp-json\/wp\/v2\/product_cat?post=232543"},{"taxonomy":"product_tag","embeddable":true,"href":"https:\/\/shop.bantam.ch\/fr\/wp-json\/wp\/v2\/product_tag?post=232543"}],"curies":[{"name":"wp","href":"https:\/\/api.w.org\/{rel}","templated":true}]}}