{"id":232531,"date":"2026-02-04T10:42:44","date_gmt":"2026-02-04T09:42:44","guid":{"rendered":"https:\/\/shop.bantam.ch\/produit\/produit-dimpregnation-contenu-500-ml\/"},"modified":"2026-04-18T23:58:01","modified_gmt":"2026-04-18T21:58:01","slug":"produit-dimpregnation-contenu-500-ml","status":"publish","type":"product","link":"https:\/\/shop.bantam.ch\/fr\/produit\/produit-dimpregnation-contenu-500-ml\/","title":{"rendered":"Produit d&rsquo;impr\u00e9gnation Contenu 500 ml"},"content":{"rendered":"<p>Impr\u00e9gnation imperm\u00e9able, respirante et antisalissure des toits anti-\u00e9claboussures, des voiles d&rsquo;ombrage, des biminis, des v\u00eatements de voile, etc. Convient \u00e9galement pour les v\u00eatements, les tentes, les auvents et les tissus en coton. Emp\u00eache les taches de moisissure et de moisissure.<\/p>\n<p>Bien agiter le flacon avant utilisation !<\/p>\n<ul>\n<li>Travailler si possible \u00e0 l&rsquo;ext\u00e9rieur et \u00e0 temp\u00e9rature ambiante.<\/li>\n<li>Le cas \u00e9ch\u00e9ant, bien nettoyer la surface au pr\u00e9alable avec le nettoyant pour voiles et tissus Yachticon et laisser s\u00e9cher compl\u00e8tement.<\/li>\n<li>Appliquer le tissu uniform\u00e9ment avec un pinceau ou une \u00e9ponge propre.<\/li>\n<li>La surface ne doit pas \u00eatre d\u00e9tremp\u00e9e et le tissu ne doit pas \u00eatre immerg\u00e9.<\/li>\n<li>Laisser s\u00e9cher.<\/li>\n<li>Rendement : 5-10 m2 \/ 500 ml.<\/li>\n<li>En cas de zones probl\u00e9matiques, r\u00e9p\u00e9ter \u00e9ventuellement l&rsquo;op\u00e9ration.<\/li>\n<\/ul>\n","protected":false},"excerpt":{"rendered":"<p>Impr\u00e9gnation imperm\u00e9able, respirante et antisalissure des toits anti-\u00e9claboussures, des voiles d&rsquo;ombrage, des biminis, des v\u00eatements de voile, etc. Convient \u00e9galement pour les v\u00eatements, les tentes, les auvents et les tissus en coton. Emp\u00eache les taches de moisissure et de moisissure. Bien agiter le flacon avant utilisation ! Travailler si possible \u00e0 l&rsquo;ext\u00e9rieur et \u00e0 temp\u00e9rature [&hellip;]<\/p>\n","protected":false},"featured_media":232529,"template":"","meta":{"_acf_changed":false},"product_featured_cat":[],"product_brand":[],"product_cat":[5091],"product_tag":[],"class_list":{"0":"post-232531","1":"product","2":"type-product","3":"status-publish","4":"has-post-thumbnail","6":"product_cat-detergent-special","8":"first","9":"instock","10":"taxable","11":"shipping-taxable","12":"purchasable","13":"product-type-simple"},"acf":[],"yoast_head":"<!-- This site is optimized with the Yoast SEO plugin v27.4 - https:\/\/yoast.com\/product\/yoast-seo-wordpress\/ -->\n<title>Produit d&#039;impr\u00e9gnation Contenu 500 ml - Bantam Wankm\u00fcller SA<\/title>\n<meta name=\"robots\" content=\"index, follow, max-snippet:-1, max-image-preview:large, max-video-preview:-1\" \/>\n<link rel=\"canonical\" href=\"https:\/\/shop.bantam.ch\/fr\/produit\/produit-dimpregnation-contenu-500-ml\/\" \/>\n<meta property=\"og:locale\" content=\"fr_FR\" \/>\n<meta property=\"og:type\" content=\"article\" \/>\n<meta property=\"og:title\" content=\"Produit d&#039;impr\u00e9gnation Contenu 500 ml - Bantam Wankm\u00fcller SA\" \/>\n<meta property=\"og:description\" content=\"Impr\u00e9gnation imperm\u00e9able, respirante et antisalissure des toits anti-\u00e9claboussures, des voiles d&rsquo;ombrage, des biminis, des v\u00eatements de voile, etc. Convient \u00e9galement pour les v\u00eatements, les tentes, les auvents et les tissus en coton. Emp\u00eache les taches de moisissure et de moisissure. Bien agiter le flacon avant utilisation ! Travailler si possible \u00e0 l&rsquo;ext\u00e9rieur et \u00e0 temp\u00e9rature [&hellip;]\" \/>\n<meta property=\"og:url\" content=\"https:\/\/shop.bantam.ch\/fr\/produit\/produit-dimpregnation-contenu-500-ml\/\" \/>\n<meta property=\"og:site_name\" content=\"Bantam Wankm\u00fcller SA\" \/>\n<meta property=\"article:modified_time\" content=\"2026-04-18T21:58:01+00:00\" \/>\n<meta name=\"twitter:card\" content=\"summary_large_image\" \/>\n<meta name=\"twitter:label1\" content=\"Dur\u00e9e de lecture estim\u00e9e\" \/>\n\t<meta name=\"twitter:data1\" content=\"1 minute\" \/>\n<script type=\"application\/ld+json\" class=\"yoast-schema-graph\">{\"@context\":\"https:\\\/\\\/schema.org\",\"@graph\":[{\"@type\":\"WebPage\",\"@id\":\"https:\\\/\\\/shop.bantam.ch\\\/fr\\\/produit\\\/produit-dimpregnation-contenu-500-ml\\\/\",\"url\":\"https:\\\/\\\/shop.bantam.ch\\\/fr\\\/produit\\\/produit-dimpregnation-contenu-500-ml\\\/\",\"name\":\"Produit d'impr\u00e9gnation Contenu 500 ml - Bantam Wankm\u00fcller SA\",\"isPartOf\":{\"@id\":\"https:\\\/\\\/shop.bantam.ch\\\/fr\\\/#website\"},\"primaryImageOfPage\":{\"@id\":\"https:\\\/\\\/shop.bantam.ch\\\/fr\\\/produit\\\/produit-dimpregnation-contenu-500-ml\\\/#primaryimage\"},\"image\":{\"@id\":\"https:\\\/\\\/shop.bantam.ch\\\/fr\\\/produit\\\/produit-dimpregnation-contenu-500-ml\\\/#primaryimage\"},\"thumbnailUrl\":\"https:\\\/\\\/shop.bantam.ch\\\/wp-content\\\/uploads\\\/2026\\\/02\\\/Movera-L-9966368100.jpg\",\"datePublished\":\"2026-02-04T09:42:44+00:00\",\"dateModified\":\"2026-04-18T21:58:01+00:00\",\"breadcrumb\":{\"@id\":\"https:\\\/\\\/shop.bantam.ch\\\/fr\\\/produit\\\/produit-dimpregnation-contenu-500-ml\\\/#breadcrumb\"},\"inLanguage\":\"fr-FR\",\"potentialAction\":[{\"@type\":\"ReadAction\",\"target\":[\"https:\\\/\\\/shop.bantam.ch\\\/fr\\\/produit\\\/produit-dimpregnation-contenu-500-ml\\\/\"]}]},{\"@type\":\"ImageObject\",\"inLanguage\":\"fr-FR\",\"@id\":\"https:\\\/\\\/shop.bantam.ch\\\/fr\\\/produit\\\/produit-dimpregnation-contenu-500-ml\\\/#primaryimage\",\"url\":\"https:\\\/\\\/shop.bantam.ch\\\/wp-content\\\/uploads\\\/2026\\\/02\\\/Movera-L-9966368100.jpg\",\"contentUrl\":\"https:\\\/\\\/shop.bantam.ch\\\/wp-content\\\/uploads\\\/2026\\\/02\\\/Movera-L-9966368100.jpg\",\"width\":345,\"height\":1000},{\"@type\":\"BreadcrumbList\",\"@id\":\"https:\\\/\\\/shop.bantam.ch\\\/fr\\\/produit\\\/produit-dimpregnation-contenu-500-ml\\\/#breadcrumb\",\"itemListElement\":[{\"@type\":\"ListItem\",\"position\":1,\"name\":\"Accueil\",\"item\":\"https:\\\/\\\/shop.bantam.ch\\\/fr\\\/\"},{\"@type\":\"ListItem\",\"position\":2,\"name\":\"Boutique\",\"item\":\"https:\\\/\\\/shop.bantam.ch\\\/fr\\\/boutique\\\/\"},{\"@type\":\"ListItem\",\"position\":3,\"name\":\"Produit d&rsquo;impr\u00e9gnation Contenu 500 ml\"}]},{\"@type\":\"WebSite\",\"@id\":\"https:\\\/\\\/shop.bantam.ch\\\/fr\\\/#website\",\"url\":\"https:\\\/\\\/shop.bantam.ch\\\/fr\\\/\",\"name\":\"Bantam Wankm\u00fcller SA\",\"description\":\"\",\"publisher\":{\"@id\":\"https:\\\/\\\/shop.bantam.ch\\\/fr\\\/#organization\"},\"inLanguage\":\"fr-FR\"},{\"@type\":\"Organization\",\"@id\":\"https:\\\/\\\/shop.bantam.ch\\\/fr\\\/#organization\",\"name\":\"Bantam Wankm\u00fcller SA\",\"url\":\"https:\\\/\\\/shop.bantam.ch\\\/fr\\\/\",\"logo\":{\"@type\":\"ImageObject\",\"inLanguage\":\"fr-FR\",\"@id\":\"https:\\\/\\\/shop.bantam.ch\\\/fr\\\/#\\\/schema\\\/logo\\\/image\\\/\",\"url\":\"https:\\\/\\\/shop.bantam.ch\\\/wp-content\\\/uploads\\\/2022\\\/12\\\/bantam-logo.png\",\"contentUrl\":\"https:\\\/\\\/shop.bantam.ch\\\/wp-content\\\/uploads\\\/2022\\\/12\\\/bantam-logo.png\",\"width\":320,\"height\":71,\"caption\":\"Bantam Wankm\u00fcller SA\"},\"image\":{\"@id\":\"https:\\\/\\\/shop.bantam.ch\\\/fr\\\/#\\\/schema\\\/logo\\\/image\\\/\"}}]}<\/script>\n<!-- \/ Yoast SEO plugin. -->","yoast_head_json":{"title":"Produit d'impr\u00e9gnation Contenu 500 ml - Bantam Wankm\u00fcller SA","robots":{"index":"index","follow":"follow","max-snippet":"max-snippet:-1","max-image-preview":"max-image-preview:large","max-video-preview":"max-video-preview:-1"},"canonical":"https:\/\/shop.bantam.ch\/fr\/produit\/produit-dimpregnation-contenu-500-ml\/","og_locale":"fr_FR","og_type":"article","og_title":"Produit d'impr\u00e9gnation Contenu 500 ml - Bantam Wankm\u00fcller SA","og_description":"Impr\u00e9gnation imperm\u00e9able, respirante et antisalissure des toits anti-\u00e9claboussures, des voiles d&rsquo;ombrage, des biminis, des v\u00eatements de voile, etc. Convient \u00e9galement pour les v\u00eatements, les tentes, les auvents et les tissus en coton. Emp\u00eache les taches de moisissure et de moisissure. Bien agiter le flacon avant utilisation ! Travailler si possible \u00e0 l&rsquo;ext\u00e9rieur et \u00e0 temp\u00e9rature [&hellip;]","og_url":"https:\/\/shop.bantam.ch\/fr\/produit\/produit-dimpregnation-contenu-500-ml\/","og_site_name":"Bantam Wankm\u00fcller SA","article_modified_time":"2026-04-18T21:58:01+00:00","twitter_card":"summary_large_image","twitter_misc":{"Dur\u00e9e de lecture estim\u00e9e":"1 minute"},"schema":{"@context":"https:\/\/schema.org","@graph":[{"@type":"WebPage","@id":"https:\/\/shop.bantam.ch\/fr\/produit\/produit-dimpregnation-contenu-500-ml\/","url":"https:\/\/shop.bantam.ch\/fr\/produit\/produit-dimpregnation-contenu-500-ml\/","name":"Produit d'impr\u00e9gnation Contenu 500 ml - Bantam Wankm\u00fcller SA","isPartOf":{"@id":"https:\/\/shop.bantam.ch\/fr\/#website"},"primaryImageOfPage":{"@id":"https:\/\/shop.bantam.ch\/fr\/produit\/produit-dimpregnation-contenu-500-ml\/#primaryimage"},"image":{"@id":"https:\/\/shop.bantam.ch\/fr\/produit\/produit-dimpregnation-contenu-500-ml\/#primaryimage"},"thumbnailUrl":"https:\/\/shop.bantam.ch\/wp-content\/uploads\/2026\/02\/Movera-L-9966368100.jpg","datePublished":"2026-02-04T09:42:44+00:00","dateModified":"2026-04-18T21:58:01+00:00","breadcrumb":{"@id":"https:\/\/shop.bantam.ch\/fr\/produit\/produit-dimpregnation-contenu-500-ml\/#breadcrumb"},"inLanguage":"fr-FR","potentialAction":[{"@type":"ReadAction","target":["https:\/\/shop.bantam.ch\/fr\/produit\/produit-dimpregnation-contenu-500-ml\/"]}]},{"@type":"ImageObject","inLanguage":"fr-FR","@id":"https:\/\/shop.bantam.ch\/fr\/produit\/produit-dimpregnation-contenu-500-ml\/#primaryimage","url":"https:\/\/shop.bantam.ch\/wp-content\/uploads\/2026\/02\/Movera-L-9966368100.jpg","contentUrl":"https:\/\/shop.bantam.ch\/wp-content\/uploads\/2026\/02\/Movera-L-9966368100.jpg","width":345,"height":1000},{"@type":"BreadcrumbList","@id":"https:\/\/shop.bantam.ch\/fr\/produit\/produit-dimpregnation-contenu-500-ml\/#breadcrumb","itemListElement":[{"@type":"ListItem","position":1,"name":"Accueil","item":"https:\/\/shop.bantam.ch\/fr\/"},{"@type":"ListItem","position":2,"name":"Boutique","item":"https:\/\/shop.bantam.ch\/fr\/boutique\/"},{"@type":"ListItem","position":3,"name":"Produit d&rsquo;impr\u00e9gnation Contenu 500 ml"}]},{"@type":"WebSite","@id":"https:\/\/shop.bantam.ch\/fr\/#website","url":"https:\/\/shop.bantam.ch\/fr\/","name":"Bantam Wankm\u00fcller SA","description":"","publisher":{"@id":"https:\/\/shop.bantam.ch\/fr\/#organization"},"inLanguage":"fr-FR"},{"@type":"Organization","@id":"https:\/\/shop.bantam.ch\/fr\/#organization","name":"Bantam Wankm\u00fcller SA","url":"https:\/\/shop.bantam.ch\/fr\/","logo":{"@type":"ImageObject","inLanguage":"fr-FR","@id":"https:\/\/shop.bantam.ch\/fr\/#\/schema\/logo\/image\/","url":"https:\/\/shop.bantam.ch\/wp-content\/uploads\/2022\/12\/bantam-logo.png","contentUrl":"https:\/\/shop.bantam.ch\/wp-content\/uploads\/2022\/12\/bantam-logo.png","width":320,"height":71,"caption":"Bantam Wankm\u00fcller SA"},"image":{"@id":"https:\/\/shop.bantam.ch\/fr\/#\/schema\/logo\/image\/"}}]}},"_links":{"self":[{"href":"https:\/\/shop.bantam.ch\/fr\/wp-json\/wp\/v2\/product\/232531","targetHints":{"allow":["GET"]}}],"collection":[{"href":"https:\/\/shop.bantam.ch\/fr\/wp-json\/wp\/v2\/product"}],"about":[{"href":"https:\/\/shop.bantam.ch\/fr\/wp-json\/wp\/v2\/types\/product"}],"wp:featuredmedia":[{"embeddable":true,"href":"https:\/\/shop.bantam.ch\/fr\/wp-json\/wp\/v2\/media\/232529"}],"wp:attachment":[{"href":"https:\/\/shop.bantam.ch\/fr\/wp-json\/wp\/v2\/media?parent=232531"}],"wp:term":[{"taxonomy":"product_featured_cat","embeddable":true,"href":"https:\/\/shop.bantam.ch\/fr\/wp-json\/wp\/v2\/product_featured_cat?post=232531"},{"taxonomy":"product_brand","embeddable":true,"href":"https:\/\/shop.bantam.ch\/fr\/wp-json\/wp\/v2\/product_brand?post=232531"},{"taxonomy":"product_cat","embeddable":true,"href":"https:\/\/shop.bantam.ch\/fr\/wp-json\/wp\/v2\/product_cat?post=232531"},{"taxonomy":"product_tag","embeddable":true,"href":"https:\/\/shop.bantam.ch\/fr\/wp-json\/wp\/v2\/product_tag?post=232531"}],"curies":[{"name":"wp","href":"https:\/\/api.w.org\/{rel}","templated":true}]}}