{"id":232515,"date":"2026-02-04T10:42:03","date_gmt":"2026-02-04T09:42:03","guid":{"rendered":"https:\/\/shop.bantam.ch\/produit\/wm-action-wm-aquatec-filtre-cartouche-de-rechange\/"},"modified":"2026-04-21T23:59:35","modified_gmt":"2026-04-21T21:59:35","slug":"wm-action-wm-aquatec-filtre-cartouche-de-rechange","status":"publish","type":"product","link":"https:\/\/shop.bantam.ch\/fr\/produit\/wm-action-wm-aquatec-filtre-cartouche-de-rechange\/","title":{"rendered":"WM Action WM aquatec Filtre + cartouche de rechange"},"content":{"rendered":"<p>Le filtre de remplissage robuste pour le camping, le caravaning et le nautisme, y compris l&rsquo;\u00e9l\u00e9ment filtrant au charbon actif. Remplissage rapide du r\u00e9servoir d&rsquo;eau fra\u00eeche gr\u00e2ce \u00e0 une faible perte de d\u00e9bit : seulement 12 % par rapport au d\u00e9bit sans filtre en amont. Le filtre WM ne retient pas seulement les impuret\u00e9s telles que le sable, la rouille et le pollen, mais aussi les polluants et les substances aromatiques qui sont retenus par adsorption sur le filtre \u00e0 charbon actif. Parmi ces polluants, on trouve par exemple les pesticides, les m\u00e9taux lourds, les r\u00e9sidus de m\u00e9dicaments et le chlore.<\/p>\n<\/p>\n<p>\u00c9l\u00e9ment de filtre \u00e0 charbon actif :<\/p>\n<ul>\n<li>\u00c9limine les polluants tels que les pesticides et les m\u00e9taux lourds.<\/li>\n<li>Substances odorantes et gustatives<\/li>\n<li>\u00c9limine le sable, la rouille, le pollen, les particules en suspension, etc.<\/li>\n<li>Finesse de filtration 10\u00b5m<\/li>\n<li>Pour 17460 litres d&rsquo;eau*.<\/li>\n<li>Pour les applications d&rsquo;eau potable<\/li>\n<\/ul>\n<p>\n* bas\u00e9 sur la r\u00e9duction du chlore libre \u00e0 une teneur en chlore de 2 ppm (mg\/l)<\/p>\n","protected":false},"excerpt":{"rendered":"<p>Le filtre de remplissage robuste pour le camping, le caravaning et le nautisme, y compris l&rsquo;\u00e9l\u00e9ment filtrant au charbon actif. Remplissage rapide du r\u00e9servoir d&rsquo;eau fra\u00eeche gr\u00e2ce \u00e0 une faible perte de d\u00e9bit : seulement 12 % par rapport au d\u00e9bit sans filtre en amont. Le filtre WM ne retient pas seulement les impuret\u00e9s telles [&hellip;]<\/p>\n","protected":false},"featured_media":232513,"template":"","meta":{"_acf_changed":false},"product_featured_cat":[],"product_brand":[],"product_cat":[4615],"product_tag":[],"class_list":{"0":"post-232515","1":"product","2":"type-product","3":"status-publish","4":"has-post-thumbnail","6":"product_cat-filtres-a-eau","8":"first","9":"instock","10":"taxable","11":"shipping-taxable","12":"purchasable","13":"product-type-simple"},"acf":[],"yoast_head":"<!-- This site is optimized with the Yoast SEO plugin v27.4 - https:\/\/yoast.com\/product\/yoast-seo-wordpress\/ -->\n<title>WM Action WM aquatec Filtre + cartouche de rechange - Bantam Wankm\u00fcller SA<\/title>\n<meta name=\"robots\" content=\"index, follow, max-snippet:-1, max-image-preview:large, max-video-preview:-1\" \/>\n<link rel=\"canonical\" href=\"https:\/\/shop.bantam.ch\/fr\/produit\/wm-action-wm-aquatec-filtre-cartouche-de-rechange\/\" \/>\n<meta property=\"og:locale\" content=\"fr_FR\" \/>\n<meta property=\"og:type\" content=\"article\" \/>\n<meta property=\"og:title\" content=\"WM Action WM aquatec Filtre + cartouche de rechange - Bantam Wankm\u00fcller SA\" \/>\n<meta property=\"og:description\" content=\"Le filtre de remplissage robuste pour le camping, le caravaning et le nautisme, y compris l&rsquo;\u00e9l\u00e9ment filtrant au charbon actif. Remplissage rapide du r\u00e9servoir d&rsquo;eau fra\u00eeche gr\u00e2ce \u00e0 une faible perte de d\u00e9bit : seulement 12 % par rapport au d\u00e9bit sans filtre en amont. Le filtre WM ne retient pas seulement les impuret\u00e9s telles [&hellip;]\" \/>\n<meta property=\"og:url\" content=\"https:\/\/shop.bantam.ch\/fr\/produit\/wm-action-wm-aquatec-filtre-cartouche-de-rechange\/\" \/>\n<meta property=\"og:site_name\" content=\"Bantam Wankm\u00fcller SA\" \/>\n<meta property=\"article:modified_time\" content=\"2026-04-21T21:59:35+00:00\" \/>\n<meta name=\"twitter:card\" content=\"summary_large_image\" \/>\n<meta name=\"twitter:label1\" content=\"Dur\u00e9e de lecture estim\u00e9e\" \/>\n\t<meta name=\"twitter:data1\" content=\"1 minute\" \/>\n<script type=\"application\/ld+json\" class=\"yoast-schema-graph\">{\"@context\":\"https:\\\/\\\/schema.org\",\"@graph\":[{\"@type\":\"WebPage\",\"@id\":\"https:\\\/\\\/shop.bantam.ch\\\/fr\\\/produit\\\/wm-action-wm-aquatec-filtre-cartouche-de-rechange\\\/\",\"url\":\"https:\\\/\\\/shop.bantam.ch\\\/fr\\\/produit\\\/wm-action-wm-aquatec-filtre-cartouche-de-rechange\\\/\",\"name\":\"WM Action WM aquatec Filtre + cartouche de rechange - Bantam Wankm\u00fcller SA\",\"isPartOf\":{\"@id\":\"https:\\\/\\\/shop.bantam.ch\\\/fr\\\/#website\"},\"primaryImageOfPage\":{\"@id\":\"https:\\\/\\\/shop.bantam.ch\\\/fr\\\/produit\\\/wm-action-wm-aquatec-filtre-cartouche-de-rechange\\\/#primaryimage\"},\"image\":{\"@id\":\"https:\\\/\\\/shop.bantam.ch\\\/fr\\\/produit\\\/wm-action-wm-aquatec-filtre-cartouche-de-rechange\\\/#primaryimage\"},\"thumbnailUrl\":\"https:\\\/\\\/shop.bantam.ch\\\/wp-content\\\/uploads\\\/2026\\\/02\\\/Movera-L-9966336100.jpg\",\"datePublished\":\"2026-02-04T09:42:03+00:00\",\"dateModified\":\"2026-04-21T21:59:35+00:00\",\"breadcrumb\":{\"@id\":\"https:\\\/\\\/shop.bantam.ch\\\/fr\\\/produit\\\/wm-action-wm-aquatec-filtre-cartouche-de-rechange\\\/#breadcrumb\"},\"inLanguage\":\"fr-FR\",\"potentialAction\":[{\"@type\":\"ReadAction\",\"target\":[\"https:\\\/\\\/shop.bantam.ch\\\/fr\\\/produit\\\/wm-action-wm-aquatec-filtre-cartouche-de-rechange\\\/\"]}]},{\"@type\":\"ImageObject\",\"inLanguage\":\"fr-FR\",\"@id\":\"https:\\\/\\\/shop.bantam.ch\\\/fr\\\/produit\\\/wm-action-wm-aquatec-filtre-cartouche-de-rechange\\\/#primaryimage\",\"url\":\"https:\\\/\\\/shop.bantam.ch\\\/wp-content\\\/uploads\\\/2026\\\/02\\\/Movera-L-9966336100.jpg\",\"contentUrl\":\"https:\\\/\\\/shop.bantam.ch\\\/wp-content\\\/uploads\\\/2026\\\/02\\\/Movera-L-9966336100.jpg\",\"width\":640,\"height\":413},{\"@type\":\"BreadcrumbList\",\"@id\":\"https:\\\/\\\/shop.bantam.ch\\\/fr\\\/produit\\\/wm-action-wm-aquatec-filtre-cartouche-de-rechange\\\/#breadcrumb\",\"itemListElement\":[{\"@type\":\"ListItem\",\"position\":1,\"name\":\"Accueil\",\"item\":\"https:\\\/\\\/shop.bantam.ch\\\/fr\\\/\"},{\"@type\":\"ListItem\",\"position\":2,\"name\":\"Boutique\",\"item\":\"https:\\\/\\\/shop.bantam.ch\\\/fr\\\/boutique\\\/\"},{\"@type\":\"ListItem\",\"position\":3,\"name\":\"WM Action WM aquatec Filtre + cartouche de rechange\"}]},{\"@type\":\"WebSite\",\"@id\":\"https:\\\/\\\/shop.bantam.ch\\\/fr\\\/#website\",\"url\":\"https:\\\/\\\/shop.bantam.ch\\\/fr\\\/\",\"name\":\"Bantam Wankm\u00fcller SA\",\"description\":\"\",\"publisher\":{\"@id\":\"https:\\\/\\\/shop.bantam.ch\\\/fr\\\/#organization\"},\"inLanguage\":\"fr-FR\"},{\"@type\":\"Organization\",\"@id\":\"https:\\\/\\\/shop.bantam.ch\\\/fr\\\/#organization\",\"name\":\"Bantam Wankm\u00fcller SA\",\"url\":\"https:\\\/\\\/shop.bantam.ch\\\/fr\\\/\",\"logo\":{\"@type\":\"ImageObject\",\"inLanguage\":\"fr-FR\",\"@id\":\"https:\\\/\\\/shop.bantam.ch\\\/fr\\\/#\\\/schema\\\/logo\\\/image\\\/\",\"url\":\"https:\\\/\\\/shop.bantam.ch\\\/wp-content\\\/uploads\\\/2022\\\/12\\\/bantam-logo.png\",\"contentUrl\":\"https:\\\/\\\/shop.bantam.ch\\\/wp-content\\\/uploads\\\/2022\\\/12\\\/bantam-logo.png\",\"width\":320,\"height\":71,\"caption\":\"Bantam Wankm\u00fcller SA\"},\"image\":{\"@id\":\"https:\\\/\\\/shop.bantam.ch\\\/fr\\\/#\\\/schema\\\/logo\\\/image\\\/\"}}]}<\/script>\n<!-- \/ Yoast SEO plugin. -->","yoast_head_json":{"title":"WM Action WM aquatec Filtre + cartouche de rechange - Bantam Wankm\u00fcller SA","robots":{"index":"index","follow":"follow","max-snippet":"max-snippet:-1","max-image-preview":"max-image-preview:large","max-video-preview":"max-video-preview:-1"},"canonical":"https:\/\/shop.bantam.ch\/fr\/produit\/wm-action-wm-aquatec-filtre-cartouche-de-rechange\/","og_locale":"fr_FR","og_type":"article","og_title":"WM Action WM aquatec Filtre + cartouche de rechange - Bantam Wankm\u00fcller SA","og_description":"Le filtre de remplissage robuste pour le camping, le caravaning et le nautisme, y compris l&rsquo;\u00e9l\u00e9ment filtrant au charbon actif. Remplissage rapide du r\u00e9servoir d&rsquo;eau fra\u00eeche gr\u00e2ce \u00e0 une faible perte de d\u00e9bit : seulement 12 % par rapport au d\u00e9bit sans filtre en amont. Le filtre WM ne retient pas seulement les impuret\u00e9s telles [&hellip;]","og_url":"https:\/\/shop.bantam.ch\/fr\/produit\/wm-action-wm-aquatec-filtre-cartouche-de-rechange\/","og_site_name":"Bantam Wankm\u00fcller SA","article_modified_time":"2026-04-21T21:59:35+00:00","twitter_card":"summary_large_image","twitter_misc":{"Dur\u00e9e de lecture estim\u00e9e":"1 minute"},"schema":{"@context":"https:\/\/schema.org","@graph":[{"@type":"WebPage","@id":"https:\/\/shop.bantam.ch\/fr\/produit\/wm-action-wm-aquatec-filtre-cartouche-de-rechange\/","url":"https:\/\/shop.bantam.ch\/fr\/produit\/wm-action-wm-aquatec-filtre-cartouche-de-rechange\/","name":"WM Action WM aquatec Filtre + cartouche de rechange - Bantam Wankm\u00fcller SA","isPartOf":{"@id":"https:\/\/shop.bantam.ch\/fr\/#website"},"primaryImageOfPage":{"@id":"https:\/\/shop.bantam.ch\/fr\/produit\/wm-action-wm-aquatec-filtre-cartouche-de-rechange\/#primaryimage"},"image":{"@id":"https:\/\/shop.bantam.ch\/fr\/produit\/wm-action-wm-aquatec-filtre-cartouche-de-rechange\/#primaryimage"},"thumbnailUrl":"https:\/\/shop.bantam.ch\/wp-content\/uploads\/2026\/02\/Movera-L-9966336100.jpg","datePublished":"2026-02-04T09:42:03+00:00","dateModified":"2026-04-21T21:59:35+00:00","breadcrumb":{"@id":"https:\/\/shop.bantam.ch\/fr\/produit\/wm-action-wm-aquatec-filtre-cartouche-de-rechange\/#breadcrumb"},"inLanguage":"fr-FR","potentialAction":[{"@type":"ReadAction","target":["https:\/\/shop.bantam.ch\/fr\/produit\/wm-action-wm-aquatec-filtre-cartouche-de-rechange\/"]}]},{"@type":"ImageObject","inLanguage":"fr-FR","@id":"https:\/\/shop.bantam.ch\/fr\/produit\/wm-action-wm-aquatec-filtre-cartouche-de-rechange\/#primaryimage","url":"https:\/\/shop.bantam.ch\/wp-content\/uploads\/2026\/02\/Movera-L-9966336100.jpg","contentUrl":"https:\/\/shop.bantam.ch\/wp-content\/uploads\/2026\/02\/Movera-L-9966336100.jpg","width":640,"height":413},{"@type":"BreadcrumbList","@id":"https:\/\/shop.bantam.ch\/fr\/produit\/wm-action-wm-aquatec-filtre-cartouche-de-rechange\/#breadcrumb","itemListElement":[{"@type":"ListItem","position":1,"name":"Accueil","item":"https:\/\/shop.bantam.ch\/fr\/"},{"@type":"ListItem","position":2,"name":"Boutique","item":"https:\/\/shop.bantam.ch\/fr\/boutique\/"},{"@type":"ListItem","position":3,"name":"WM Action WM aquatec Filtre + cartouche de rechange"}]},{"@type":"WebSite","@id":"https:\/\/shop.bantam.ch\/fr\/#website","url":"https:\/\/shop.bantam.ch\/fr\/","name":"Bantam Wankm\u00fcller SA","description":"","publisher":{"@id":"https:\/\/shop.bantam.ch\/fr\/#organization"},"inLanguage":"fr-FR"},{"@type":"Organization","@id":"https:\/\/shop.bantam.ch\/fr\/#organization","name":"Bantam Wankm\u00fcller SA","url":"https:\/\/shop.bantam.ch\/fr\/","logo":{"@type":"ImageObject","inLanguage":"fr-FR","@id":"https:\/\/shop.bantam.ch\/fr\/#\/schema\/logo\/image\/","url":"https:\/\/shop.bantam.ch\/wp-content\/uploads\/2022\/12\/bantam-logo.png","contentUrl":"https:\/\/shop.bantam.ch\/wp-content\/uploads\/2022\/12\/bantam-logo.png","width":320,"height":71,"caption":"Bantam Wankm\u00fcller SA"},"image":{"@id":"https:\/\/shop.bantam.ch\/fr\/#\/schema\/logo\/image\/"}}]}},"_links":{"self":[{"href":"https:\/\/shop.bantam.ch\/fr\/wp-json\/wp\/v2\/product\/232515","targetHints":{"allow":["GET"]}}],"collection":[{"href":"https:\/\/shop.bantam.ch\/fr\/wp-json\/wp\/v2\/product"}],"about":[{"href":"https:\/\/shop.bantam.ch\/fr\/wp-json\/wp\/v2\/types\/product"}],"wp:featuredmedia":[{"embeddable":true,"href":"https:\/\/shop.bantam.ch\/fr\/wp-json\/wp\/v2\/media\/232513"}],"wp:attachment":[{"href":"https:\/\/shop.bantam.ch\/fr\/wp-json\/wp\/v2\/media?parent=232515"}],"wp:term":[{"taxonomy":"product_featured_cat","embeddable":true,"href":"https:\/\/shop.bantam.ch\/fr\/wp-json\/wp\/v2\/product_featured_cat?post=232515"},{"taxonomy":"product_brand","embeddable":true,"href":"https:\/\/shop.bantam.ch\/fr\/wp-json\/wp\/v2\/product_brand?post=232515"},{"taxonomy":"product_cat","embeddable":true,"href":"https:\/\/shop.bantam.ch\/fr\/wp-json\/wp\/v2\/product_cat?post=232515"},{"taxonomy":"product_tag","embeddable":true,"href":"https:\/\/shop.bantam.ch\/fr\/wp-json\/wp\/v2\/product_tag?post=232515"}],"curies":[{"name":"wp","href":"https:\/\/api.w.org\/{rel}","templated":true}]}}