{"id":232425,"date":"2026-02-04T10:38:12","date_gmt":"2026-02-04T09:38:12","guid":{"rendered":"https:\/\/shop.bantam.ch\/produit\/wohnmobil-reise-know-how-tourguide-oberitalien\/"},"modified":"2026-04-18T23:57:40","modified_gmt":"2026-04-18T21:57:40","slug":"wohnmobil-reise-know-how-tourguide-oberitalien","status":"publish","type":"product","link":"https:\/\/shop.bantam.ch\/fr\/produit\/wohnmobil-reise-know-how-tourguide-oberitalien\/","title":{"rendered":"Wohnmobil Reise Know-How Tourguide Oberitalien"},"content":{"rendered":"<p>Manuel de randonn\u00e9e fiable avec les plus beaux itin\u00e9raires de la destination. Emplacements de camping et de caravaning avec coordonn\u00e9es GPS et tous les d\u00e9tails importants. Conseils pour la pr\u00e9paration du voyage, itin\u00e9raires d&rsquo;arriv\u00e9e &amp; liaisons par ferry, approvisionnement en gaz et en \u00e9lectricit\u00e9 sur place, faire le plein, parking &amp; repos, routes et signalisation. Informations int\u00e9ressantes sur la r\u00e9gion, randonn\u00e9es, excursions et curiosit\u00e9s. Atlas des itin\u00e9raires en grand format.<\/p>\n","protected":false},"excerpt":{"rendered":"<p>Manuel de randonn\u00e9e fiable avec les plus beaux itin\u00e9raires de la destination. Emplacements de camping et de caravaning avec coordonn\u00e9es GPS et tous les d\u00e9tails importants. Conseils pour la pr\u00e9paration du voyage, itin\u00e9raires d&rsquo;arriv\u00e9e &amp; liaisons par ferry, approvisionnement en gaz et en \u00e9lectricit\u00e9 sur place, faire le plein, parking &amp; repos, routes et signalisation. [&hellip;]<\/p>\n","protected":false},"featured_media":232423,"template":"","meta":{"_acf_changed":false},"product_featured_cat":[],"product_brand":[],"product_cat":[4351],"product_tag":[],"class_list":{"0":"post-232425","1":"product","2":"type-product","3":"status-publish","4":"has-post-thumbnail","6":"product_cat-guides-de-voyage","8":"first","9":"instock","10":"taxable","11":"shipping-taxable","12":"purchasable","13":"product-type-simple"},"acf":[],"yoast_head":"<!-- This site is optimized with the Yoast SEO plugin v27.4 - https:\/\/yoast.com\/product\/yoast-seo-wordpress\/ -->\n<title>Wohnmobil Reise Know-How Tourguide Oberitalien - Bantam Wankm\u00fcller SA<\/title>\n<meta name=\"robots\" content=\"index, follow, max-snippet:-1, max-image-preview:large, max-video-preview:-1\" \/>\n<link rel=\"canonical\" href=\"https:\/\/shop.bantam.ch\/fr\/produit\/wohnmobil-reise-know-how-tourguide-oberitalien\/\" \/>\n<meta property=\"og:locale\" content=\"fr_FR\" \/>\n<meta property=\"og:type\" content=\"article\" \/>\n<meta property=\"og:title\" content=\"Wohnmobil Reise Know-How Tourguide Oberitalien - Bantam Wankm\u00fcller SA\" \/>\n<meta property=\"og:description\" content=\"Manuel de randonn\u00e9e fiable avec les plus beaux itin\u00e9raires de la destination. Emplacements de camping et de caravaning avec coordonn\u00e9es GPS et tous les d\u00e9tails importants. Conseils pour la pr\u00e9paration du voyage, itin\u00e9raires d&rsquo;arriv\u00e9e &amp; liaisons par ferry, approvisionnement en gaz et en \u00e9lectricit\u00e9 sur place, faire le plein, parking &amp; repos, routes et signalisation. [&hellip;]\" \/>\n<meta property=\"og:url\" content=\"https:\/\/shop.bantam.ch\/fr\/produit\/wohnmobil-reise-know-how-tourguide-oberitalien\/\" \/>\n<meta property=\"og:site_name\" content=\"Bantam Wankm\u00fcller SA\" \/>\n<meta property=\"article:modified_time\" content=\"2026-04-18T21:57:40+00:00\" \/>\n<meta name=\"twitter:card\" content=\"summary_large_image\" \/>\n<script type=\"application\/ld+json\" class=\"yoast-schema-graph\">{\"@context\":\"https:\\\/\\\/schema.org\",\"@graph\":[{\"@type\":\"WebPage\",\"@id\":\"https:\\\/\\\/shop.bantam.ch\\\/fr\\\/produit\\\/wohnmobil-reise-know-how-tourguide-oberitalien\\\/\",\"url\":\"https:\\\/\\\/shop.bantam.ch\\\/fr\\\/produit\\\/wohnmobil-reise-know-how-tourguide-oberitalien\\\/\",\"name\":\"Wohnmobil Reise Know-How Tourguide Oberitalien - Bantam Wankm\u00fcller SA\",\"isPartOf\":{\"@id\":\"https:\\\/\\\/shop.bantam.ch\\\/fr\\\/#website\"},\"primaryImageOfPage\":{\"@id\":\"https:\\\/\\\/shop.bantam.ch\\\/fr\\\/produit\\\/wohnmobil-reise-know-how-tourguide-oberitalien\\\/#primaryimage\"},\"image\":{\"@id\":\"https:\\\/\\\/shop.bantam.ch\\\/fr\\\/produit\\\/wohnmobil-reise-know-how-tourguide-oberitalien\\\/#primaryimage\"},\"thumbnailUrl\":\"https:\\\/\\\/shop.bantam.ch\\\/wp-content\\\/uploads\\\/2026\\\/02\\\/Movera-L-9962211100.jpg\",\"datePublished\":\"2026-02-04T09:38:12+00:00\",\"dateModified\":\"2026-04-18T21:57:40+00:00\",\"breadcrumb\":{\"@id\":\"https:\\\/\\\/shop.bantam.ch\\\/fr\\\/produit\\\/wohnmobil-reise-know-how-tourguide-oberitalien\\\/#breadcrumb\"},\"inLanguage\":\"fr-FR\",\"potentialAction\":[{\"@type\":\"ReadAction\",\"target\":[\"https:\\\/\\\/shop.bantam.ch\\\/fr\\\/produit\\\/wohnmobil-reise-know-how-tourguide-oberitalien\\\/\"]}]},{\"@type\":\"ImageObject\",\"inLanguage\":\"fr-FR\",\"@id\":\"https:\\\/\\\/shop.bantam.ch\\\/fr\\\/produit\\\/wohnmobil-reise-know-how-tourguide-oberitalien\\\/#primaryimage\",\"url\":\"https:\\\/\\\/shop.bantam.ch\\\/wp-content\\\/uploads\\\/2026\\\/02\\\/Movera-L-9962211100.jpg\",\"contentUrl\":\"https:\\\/\\\/shop.bantam.ch\\\/wp-content\\\/uploads\\\/2026\\\/02\\\/Movera-L-9962211100.jpg\",\"width\":640,\"height\":942},{\"@type\":\"BreadcrumbList\",\"@id\":\"https:\\\/\\\/shop.bantam.ch\\\/fr\\\/produit\\\/wohnmobil-reise-know-how-tourguide-oberitalien\\\/#breadcrumb\",\"itemListElement\":[{\"@type\":\"ListItem\",\"position\":1,\"name\":\"Accueil\",\"item\":\"https:\\\/\\\/shop.bantam.ch\\\/fr\\\/\"},{\"@type\":\"ListItem\",\"position\":2,\"name\":\"Boutique\",\"item\":\"https:\\\/\\\/shop.bantam.ch\\\/fr\\\/boutique\\\/\"},{\"@type\":\"ListItem\",\"position\":3,\"name\":\"Wohnmobil Reise Know-How Tourguide Oberitalien\"}]},{\"@type\":\"WebSite\",\"@id\":\"https:\\\/\\\/shop.bantam.ch\\\/fr\\\/#website\",\"url\":\"https:\\\/\\\/shop.bantam.ch\\\/fr\\\/\",\"name\":\"Bantam Wankm\u00fcller SA\",\"description\":\"\",\"publisher\":{\"@id\":\"https:\\\/\\\/shop.bantam.ch\\\/fr\\\/#organization\"},\"inLanguage\":\"fr-FR\"},{\"@type\":\"Organization\",\"@id\":\"https:\\\/\\\/shop.bantam.ch\\\/fr\\\/#organization\",\"name\":\"Bantam Wankm\u00fcller SA\",\"url\":\"https:\\\/\\\/shop.bantam.ch\\\/fr\\\/\",\"logo\":{\"@type\":\"ImageObject\",\"inLanguage\":\"fr-FR\",\"@id\":\"https:\\\/\\\/shop.bantam.ch\\\/fr\\\/#\\\/schema\\\/logo\\\/image\\\/\",\"url\":\"https:\\\/\\\/shop.bantam.ch\\\/wp-content\\\/uploads\\\/2022\\\/12\\\/bantam-logo.png\",\"contentUrl\":\"https:\\\/\\\/shop.bantam.ch\\\/wp-content\\\/uploads\\\/2022\\\/12\\\/bantam-logo.png\",\"width\":320,\"height\":71,\"caption\":\"Bantam Wankm\u00fcller SA\"},\"image\":{\"@id\":\"https:\\\/\\\/shop.bantam.ch\\\/fr\\\/#\\\/schema\\\/logo\\\/image\\\/\"}}]}<\/script>\n<!-- \/ Yoast SEO plugin. -->","yoast_head_json":{"title":"Wohnmobil Reise Know-How Tourguide Oberitalien - Bantam Wankm\u00fcller SA","robots":{"index":"index","follow":"follow","max-snippet":"max-snippet:-1","max-image-preview":"max-image-preview:large","max-video-preview":"max-video-preview:-1"},"canonical":"https:\/\/shop.bantam.ch\/fr\/produit\/wohnmobil-reise-know-how-tourguide-oberitalien\/","og_locale":"fr_FR","og_type":"article","og_title":"Wohnmobil Reise Know-How Tourguide Oberitalien - Bantam Wankm\u00fcller SA","og_description":"Manuel de randonn\u00e9e fiable avec les plus beaux itin\u00e9raires de la destination. Emplacements de camping et de caravaning avec coordonn\u00e9es GPS et tous les d\u00e9tails importants. Conseils pour la pr\u00e9paration du voyage, itin\u00e9raires d&rsquo;arriv\u00e9e &amp; liaisons par ferry, approvisionnement en gaz et en \u00e9lectricit\u00e9 sur place, faire le plein, parking &amp; repos, routes et signalisation. [&hellip;]","og_url":"https:\/\/shop.bantam.ch\/fr\/produit\/wohnmobil-reise-know-how-tourguide-oberitalien\/","og_site_name":"Bantam Wankm\u00fcller SA","article_modified_time":"2026-04-18T21:57:40+00:00","twitter_card":"summary_large_image","schema":{"@context":"https:\/\/schema.org","@graph":[{"@type":"WebPage","@id":"https:\/\/shop.bantam.ch\/fr\/produit\/wohnmobil-reise-know-how-tourguide-oberitalien\/","url":"https:\/\/shop.bantam.ch\/fr\/produit\/wohnmobil-reise-know-how-tourguide-oberitalien\/","name":"Wohnmobil Reise Know-How Tourguide Oberitalien - Bantam Wankm\u00fcller SA","isPartOf":{"@id":"https:\/\/shop.bantam.ch\/fr\/#website"},"primaryImageOfPage":{"@id":"https:\/\/shop.bantam.ch\/fr\/produit\/wohnmobil-reise-know-how-tourguide-oberitalien\/#primaryimage"},"image":{"@id":"https:\/\/shop.bantam.ch\/fr\/produit\/wohnmobil-reise-know-how-tourguide-oberitalien\/#primaryimage"},"thumbnailUrl":"https:\/\/shop.bantam.ch\/wp-content\/uploads\/2026\/02\/Movera-L-9962211100.jpg","datePublished":"2026-02-04T09:38:12+00:00","dateModified":"2026-04-18T21:57:40+00:00","breadcrumb":{"@id":"https:\/\/shop.bantam.ch\/fr\/produit\/wohnmobil-reise-know-how-tourguide-oberitalien\/#breadcrumb"},"inLanguage":"fr-FR","potentialAction":[{"@type":"ReadAction","target":["https:\/\/shop.bantam.ch\/fr\/produit\/wohnmobil-reise-know-how-tourguide-oberitalien\/"]}]},{"@type":"ImageObject","inLanguage":"fr-FR","@id":"https:\/\/shop.bantam.ch\/fr\/produit\/wohnmobil-reise-know-how-tourguide-oberitalien\/#primaryimage","url":"https:\/\/shop.bantam.ch\/wp-content\/uploads\/2026\/02\/Movera-L-9962211100.jpg","contentUrl":"https:\/\/shop.bantam.ch\/wp-content\/uploads\/2026\/02\/Movera-L-9962211100.jpg","width":640,"height":942},{"@type":"BreadcrumbList","@id":"https:\/\/shop.bantam.ch\/fr\/produit\/wohnmobil-reise-know-how-tourguide-oberitalien\/#breadcrumb","itemListElement":[{"@type":"ListItem","position":1,"name":"Accueil","item":"https:\/\/shop.bantam.ch\/fr\/"},{"@type":"ListItem","position":2,"name":"Boutique","item":"https:\/\/shop.bantam.ch\/fr\/boutique\/"},{"@type":"ListItem","position":3,"name":"Wohnmobil Reise Know-How Tourguide Oberitalien"}]},{"@type":"WebSite","@id":"https:\/\/shop.bantam.ch\/fr\/#website","url":"https:\/\/shop.bantam.ch\/fr\/","name":"Bantam Wankm\u00fcller SA","description":"","publisher":{"@id":"https:\/\/shop.bantam.ch\/fr\/#organization"},"inLanguage":"fr-FR"},{"@type":"Organization","@id":"https:\/\/shop.bantam.ch\/fr\/#organization","name":"Bantam Wankm\u00fcller SA","url":"https:\/\/shop.bantam.ch\/fr\/","logo":{"@type":"ImageObject","inLanguage":"fr-FR","@id":"https:\/\/shop.bantam.ch\/fr\/#\/schema\/logo\/image\/","url":"https:\/\/shop.bantam.ch\/wp-content\/uploads\/2022\/12\/bantam-logo.png","contentUrl":"https:\/\/shop.bantam.ch\/wp-content\/uploads\/2022\/12\/bantam-logo.png","width":320,"height":71,"caption":"Bantam Wankm\u00fcller SA"},"image":{"@id":"https:\/\/shop.bantam.ch\/fr\/#\/schema\/logo\/image\/"}}]}},"_links":{"self":[{"href":"https:\/\/shop.bantam.ch\/fr\/wp-json\/wp\/v2\/product\/232425","targetHints":{"allow":["GET"]}}],"collection":[{"href":"https:\/\/shop.bantam.ch\/fr\/wp-json\/wp\/v2\/product"}],"about":[{"href":"https:\/\/shop.bantam.ch\/fr\/wp-json\/wp\/v2\/types\/product"}],"wp:featuredmedia":[{"embeddable":true,"href":"https:\/\/shop.bantam.ch\/fr\/wp-json\/wp\/v2\/media\/232423"}],"wp:attachment":[{"href":"https:\/\/shop.bantam.ch\/fr\/wp-json\/wp\/v2\/media?parent=232425"}],"wp:term":[{"taxonomy":"product_featured_cat","embeddable":true,"href":"https:\/\/shop.bantam.ch\/fr\/wp-json\/wp\/v2\/product_featured_cat?post=232425"},{"taxonomy":"product_brand","embeddable":true,"href":"https:\/\/shop.bantam.ch\/fr\/wp-json\/wp\/v2\/product_brand?post=232425"},{"taxonomy":"product_cat","embeddable":true,"href":"https:\/\/shop.bantam.ch\/fr\/wp-json\/wp\/v2\/product_cat?post=232425"},{"taxonomy":"product_tag","embeddable":true,"href":"https:\/\/shop.bantam.ch\/fr\/wp-json\/wp\/v2\/product_tag?post=232425"}],"curies":[{"name":"wp","href":"https:\/\/api.w.org\/{rel}","templated":true}]}}