{"id":232399,"date":"2026-02-04T10:37:36","date_gmt":"2026-02-04T09:37:36","guid":{"rendered":"https:\/\/shop.bantam.ch\/produit\/fauteuil-pliable-compact-luxus-anthracite\/"},"modified":"2026-04-17T23:53:52","modified_gmt":"2026-04-17T21:53:52","slug":"fauteuil-pliable-compact-luxus-anthracite","status":"publish","type":"product","link":"https:\/\/shop.bantam.ch\/fr\/produit\/fauteuil-pliable-compact-luxus-anthracite\/","title":{"rendered":"Fauteuil pliable Compact Luxus anthracite"},"content":{"rendered":"<p>&lt;!&#8211;StartFragment &#8211;&gt;Une chaise pliante r\u00e9glable, l\u00e9g\u00e8re et tr\u00e8s compacte. Avec une finition de haute qualit\u00e9 et des mat\u00e9riaux durables. Cette chaise offre un confort maximal gr\u00e2ce au dossier r\u00e9glable en 7 positions et \u00e0 l&rsquo;appuie-t\u00eate r\u00e9glable en continu. Tant le dossier que les accoudoirs ont une forme ergonomique. La chaise est \u00e9quip\u00e9e d&rsquo;un cadre en H anodis\u00e9 qui garantit une stabilit\u00e9 et une s\u00e9curit\u00e9 suppl\u00e9mentaires (capacit\u00e9 de charge maximale : 140 kg). La chaise a une assise de (50 cm) de large et (43 cm) de profondeur, et une hauteur d&rsquo;assise de 48 cm. Gr\u00e2ce \u00e0 sa construction unique, la chaise est tr\u00e8s compacte et donc facile \u00e0 transporter (LxlxH : 104x67x7,5 cm). &lt;!&#8211;EndFragment &#8211;&gt;<\/p>\n","protected":false},"excerpt":{"rendered":"<p>&lt;!&#8211;StartFragment &#8211;&gt;Une chaise pliante r\u00e9glable, l\u00e9g\u00e8re et tr\u00e8s compacte. Avec une finition de haute qualit\u00e9 et des mat\u00e9riaux durables. Cette chaise offre un confort maximal gr\u00e2ce au dossier r\u00e9glable en 7 positions et \u00e0 l&rsquo;appuie-t\u00eate r\u00e9glable en continu. Tant le dossier que les accoudoirs ont une forme ergonomique. La chaise est \u00e9quip\u00e9e d&rsquo;un cadre en [&hellip;]<\/p>\n","protected":false},"featured_media":232395,"template":"","meta":{"_acf_changed":false},"product_featured_cat":[],"product_brand":[3202],"product_cat":[4971],"product_tag":[],"class_list":{"0":"post-232399","1":"product","2":"type-product","3":"status-publish","4":"has-post-thumbnail","6":"product_brand-movera","7":"product_cat-chaises-de-camping","9":"first","10":"instock","11":"taxable","12":"shipping-taxable","13":"purchasable","14":"product-type-simple"},"acf":[],"yoast_head":"<!-- This site is optimized with the Yoast SEO plugin v27.4 - https:\/\/yoast.com\/product\/yoast-seo-wordpress\/ -->\n<title>Fauteuil pliable Compact Luxus anthracite - Bantam Wankm\u00fcller SA<\/title>\n<meta name=\"robots\" content=\"index, follow, max-snippet:-1, max-image-preview:large, max-video-preview:-1\" \/>\n<link rel=\"canonical\" href=\"https:\/\/shop.bantam.ch\/fr\/produit\/fauteuil-pliable-compact-luxus-anthracite\/\" \/>\n<meta property=\"og:locale\" content=\"fr_FR\" \/>\n<meta property=\"og:type\" content=\"article\" \/>\n<meta property=\"og:title\" content=\"Fauteuil pliable Compact Luxus anthracite - Bantam Wankm\u00fcller SA\" \/>\n<meta property=\"og:description\" content=\"&lt;!&#8211;StartFragment &#8211;&gt;Une chaise pliante r\u00e9glable, l\u00e9g\u00e8re et tr\u00e8s compacte. Avec une finition de haute qualit\u00e9 et des mat\u00e9riaux durables. Cette chaise offre un confort maximal gr\u00e2ce au dossier r\u00e9glable en 7 positions et \u00e0 l&rsquo;appuie-t\u00eate r\u00e9glable en continu. Tant le dossier que les accoudoirs ont une forme ergonomique. La chaise est \u00e9quip\u00e9e d&rsquo;un cadre en [&hellip;]\" \/>\n<meta property=\"og:url\" content=\"https:\/\/shop.bantam.ch\/fr\/produit\/fauteuil-pliable-compact-luxus-anthracite\/\" \/>\n<meta property=\"og:site_name\" content=\"Bantam Wankm\u00fcller SA\" \/>\n<meta property=\"article:modified_time\" content=\"2026-04-17T21:53:52+00:00\" \/>\n<meta property=\"og:image\" content=\"https:\/\/shop.bantam.ch\/wp-content\/uploads\/2026\/02\/Movera-L-9913155100.png\" \/>\n\t<meta property=\"og:image:width\" content=\"640\" \/>\n\t<meta property=\"og:image:height\" content=\"956\" \/>\n\t<meta property=\"og:image:type\" content=\"image\/png\" \/>\n<meta name=\"twitter:card\" content=\"summary_large_image\" \/>\n<meta name=\"twitter:label1\" content=\"Dur\u00e9e de lecture estim\u00e9e\" \/>\n\t<meta name=\"twitter:data1\" content=\"1 minute\" \/>\n<script type=\"application\/ld+json\" class=\"yoast-schema-graph\">{\"@context\":\"https:\\\/\\\/schema.org\",\"@graph\":[{\"@type\":\"WebPage\",\"@id\":\"https:\\\/\\\/shop.bantam.ch\\\/fr\\\/produit\\\/fauteuil-pliable-compact-luxus-anthracite\\\/\",\"url\":\"https:\\\/\\\/shop.bantam.ch\\\/fr\\\/produit\\\/fauteuil-pliable-compact-luxus-anthracite\\\/\",\"name\":\"Fauteuil pliable Compact Luxus anthracite - Bantam Wankm\u00fcller SA\",\"isPartOf\":{\"@id\":\"https:\\\/\\\/shop.bantam.ch\\\/fr\\\/#website\"},\"primaryImageOfPage\":{\"@id\":\"https:\\\/\\\/shop.bantam.ch\\\/fr\\\/produit\\\/fauteuil-pliable-compact-luxus-anthracite\\\/#primaryimage\"},\"image\":{\"@id\":\"https:\\\/\\\/shop.bantam.ch\\\/fr\\\/produit\\\/fauteuil-pliable-compact-luxus-anthracite\\\/#primaryimage\"},\"thumbnailUrl\":\"https:\\\/\\\/shop.bantam.ch\\\/wp-content\\\/uploads\\\/2026\\\/02\\\/Movera-L-9913155100.png\",\"datePublished\":\"2026-02-04T09:37:36+00:00\",\"dateModified\":\"2026-04-17T21:53:52+00:00\",\"breadcrumb\":{\"@id\":\"https:\\\/\\\/shop.bantam.ch\\\/fr\\\/produit\\\/fauteuil-pliable-compact-luxus-anthracite\\\/#breadcrumb\"},\"inLanguage\":\"fr-FR\",\"potentialAction\":[{\"@type\":\"ReadAction\",\"target\":[\"https:\\\/\\\/shop.bantam.ch\\\/fr\\\/produit\\\/fauteuil-pliable-compact-luxus-anthracite\\\/\"]}]},{\"@type\":\"ImageObject\",\"inLanguage\":\"fr-FR\",\"@id\":\"https:\\\/\\\/shop.bantam.ch\\\/fr\\\/produit\\\/fauteuil-pliable-compact-luxus-anthracite\\\/#primaryimage\",\"url\":\"https:\\\/\\\/shop.bantam.ch\\\/wp-content\\\/uploads\\\/2026\\\/02\\\/Movera-L-9913155100.png\",\"contentUrl\":\"https:\\\/\\\/shop.bantam.ch\\\/wp-content\\\/uploads\\\/2026\\\/02\\\/Movera-L-9913155100.png\",\"width\":640,\"height\":956},{\"@type\":\"BreadcrumbList\",\"@id\":\"https:\\\/\\\/shop.bantam.ch\\\/fr\\\/produit\\\/fauteuil-pliable-compact-luxus-anthracite\\\/#breadcrumb\",\"itemListElement\":[{\"@type\":\"ListItem\",\"position\":1,\"name\":\"Accueil\",\"item\":\"https:\\\/\\\/shop.bantam.ch\\\/fr\\\/\"},{\"@type\":\"ListItem\",\"position\":2,\"name\":\"Boutique\",\"item\":\"https:\\\/\\\/shop.bantam.ch\\\/fr\\\/boutique\\\/\"},{\"@type\":\"ListItem\",\"position\":3,\"name\":\"Fauteuil pliable Compact Luxus anthracite\"}]},{\"@type\":\"WebSite\",\"@id\":\"https:\\\/\\\/shop.bantam.ch\\\/fr\\\/#website\",\"url\":\"https:\\\/\\\/shop.bantam.ch\\\/fr\\\/\",\"name\":\"Bantam Wankm\u00fcller SA\",\"description\":\"\",\"publisher\":{\"@id\":\"https:\\\/\\\/shop.bantam.ch\\\/fr\\\/#organization\"},\"inLanguage\":\"fr-FR\"},{\"@type\":\"Organization\",\"@id\":\"https:\\\/\\\/shop.bantam.ch\\\/fr\\\/#organization\",\"name\":\"Bantam Wankm\u00fcller SA\",\"url\":\"https:\\\/\\\/shop.bantam.ch\\\/fr\\\/\",\"logo\":{\"@type\":\"ImageObject\",\"inLanguage\":\"fr-FR\",\"@id\":\"https:\\\/\\\/shop.bantam.ch\\\/fr\\\/#\\\/schema\\\/logo\\\/image\\\/\",\"url\":\"https:\\\/\\\/shop.bantam.ch\\\/wp-content\\\/uploads\\\/2022\\\/12\\\/bantam-logo.png\",\"contentUrl\":\"https:\\\/\\\/shop.bantam.ch\\\/wp-content\\\/uploads\\\/2022\\\/12\\\/bantam-logo.png\",\"width\":320,\"height\":71,\"caption\":\"Bantam Wankm\u00fcller SA\"},\"image\":{\"@id\":\"https:\\\/\\\/shop.bantam.ch\\\/fr\\\/#\\\/schema\\\/logo\\\/image\\\/\"}}]}<\/script>\n<!-- \/ Yoast SEO plugin. -->","yoast_head_json":{"title":"Fauteuil pliable Compact Luxus anthracite - Bantam Wankm\u00fcller SA","robots":{"index":"index","follow":"follow","max-snippet":"max-snippet:-1","max-image-preview":"max-image-preview:large","max-video-preview":"max-video-preview:-1"},"canonical":"https:\/\/shop.bantam.ch\/fr\/produit\/fauteuil-pliable-compact-luxus-anthracite\/","og_locale":"fr_FR","og_type":"article","og_title":"Fauteuil pliable Compact Luxus anthracite - Bantam Wankm\u00fcller SA","og_description":"&lt;!&#8211;StartFragment &#8211;&gt;Une chaise pliante r\u00e9glable, l\u00e9g\u00e8re et tr\u00e8s compacte. Avec une finition de haute qualit\u00e9 et des mat\u00e9riaux durables. Cette chaise offre un confort maximal gr\u00e2ce au dossier r\u00e9glable en 7 positions et \u00e0 l&rsquo;appuie-t\u00eate r\u00e9glable en continu. Tant le dossier que les accoudoirs ont une forme ergonomique. La chaise est \u00e9quip\u00e9e d&rsquo;un cadre en [&hellip;]","og_url":"https:\/\/shop.bantam.ch\/fr\/produit\/fauteuil-pliable-compact-luxus-anthracite\/","og_site_name":"Bantam Wankm\u00fcller SA","article_modified_time":"2026-04-17T21:53:52+00:00","og_image":[{"width":640,"height":956,"url":"https:\/\/shop.bantam.ch\/wp-content\/uploads\/2026\/02\/Movera-L-9913155100.png","type":"image\/png"}],"twitter_card":"summary_large_image","twitter_misc":{"Dur\u00e9e de lecture estim\u00e9e":"1 minute"},"schema":{"@context":"https:\/\/schema.org","@graph":[{"@type":"WebPage","@id":"https:\/\/shop.bantam.ch\/fr\/produit\/fauteuil-pliable-compact-luxus-anthracite\/","url":"https:\/\/shop.bantam.ch\/fr\/produit\/fauteuil-pliable-compact-luxus-anthracite\/","name":"Fauteuil pliable Compact Luxus anthracite - Bantam Wankm\u00fcller SA","isPartOf":{"@id":"https:\/\/shop.bantam.ch\/fr\/#website"},"primaryImageOfPage":{"@id":"https:\/\/shop.bantam.ch\/fr\/produit\/fauteuil-pliable-compact-luxus-anthracite\/#primaryimage"},"image":{"@id":"https:\/\/shop.bantam.ch\/fr\/produit\/fauteuil-pliable-compact-luxus-anthracite\/#primaryimage"},"thumbnailUrl":"https:\/\/shop.bantam.ch\/wp-content\/uploads\/2026\/02\/Movera-L-9913155100.png","datePublished":"2026-02-04T09:37:36+00:00","dateModified":"2026-04-17T21:53:52+00:00","breadcrumb":{"@id":"https:\/\/shop.bantam.ch\/fr\/produit\/fauteuil-pliable-compact-luxus-anthracite\/#breadcrumb"},"inLanguage":"fr-FR","potentialAction":[{"@type":"ReadAction","target":["https:\/\/shop.bantam.ch\/fr\/produit\/fauteuil-pliable-compact-luxus-anthracite\/"]}]},{"@type":"ImageObject","inLanguage":"fr-FR","@id":"https:\/\/shop.bantam.ch\/fr\/produit\/fauteuil-pliable-compact-luxus-anthracite\/#primaryimage","url":"https:\/\/shop.bantam.ch\/wp-content\/uploads\/2026\/02\/Movera-L-9913155100.png","contentUrl":"https:\/\/shop.bantam.ch\/wp-content\/uploads\/2026\/02\/Movera-L-9913155100.png","width":640,"height":956},{"@type":"BreadcrumbList","@id":"https:\/\/shop.bantam.ch\/fr\/produit\/fauteuil-pliable-compact-luxus-anthracite\/#breadcrumb","itemListElement":[{"@type":"ListItem","position":1,"name":"Accueil","item":"https:\/\/shop.bantam.ch\/fr\/"},{"@type":"ListItem","position":2,"name":"Boutique","item":"https:\/\/shop.bantam.ch\/fr\/boutique\/"},{"@type":"ListItem","position":3,"name":"Fauteuil pliable Compact Luxus anthracite"}]},{"@type":"WebSite","@id":"https:\/\/shop.bantam.ch\/fr\/#website","url":"https:\/\/shop.bantam.ch\/fr\/","name":"Bantam Wankm\u00fcller SA","description":"","publisher":{"@id":"https:\/\/shop.bantam.ch\/fr\/#organization"},"inLanguage":"fr-FR"},{"@type":"Organization","@id":"https:\/\/shop.bantam.ch\/fr\/#organization","name":"Bantam Wankm\u00fcller SA","url":"https:\/\/shop.bantam.ch\/fr\/","logo":{"@type":"ImageObject","inLanguage":"fr-FR","@id":"https:\/\/shop.bantam.ch\/fr\/#\/schema\/logo\/image\/","url":"https:\/\/shop.bantam.ch\/wp-content\/uploads\/2022\/12\/bantam-logo.png","contentUrl":"https:\/\/shop.bantam.ch\/wp-content\/uploads\/2022\/12\/bantam-logo.png","width":320,"height":71,"caption":"Bantam Wankm\u00fcller SA"},"image":{"@id":"https:\/\/shop.bantam.ch\/fr\/#\/schema\/logo\/image\/"}}]}},"_links":{"self":[{"href":"https:\/\/shop.bantam.ch\/fr\/wp-json\/wp\/v2\/product\/232399","targetHints":{"allow":["GET"]}}],"collection":[{"href":"https:\/\/shop.bantam.ch\/fr\/wp-json\/wp\/v2\/product"}],"about":[{"href":"https:\/\/shop.bantam.ch\/fr\/wp-json\/wp\/v2\/types\/product"}],"wp:featuredmedia":[{"embeddable":true,"href":"https:\/\/shop.bantam.ch\/fr\/wp-json\/wp\/v2\/media\/232395"}],"wp:attachment":[{"href":"https:\/\/shop.bantam.ch\/fr\/wp-json\/wp\/v2\/media?parent=232399"}],"wp:term":[{"taxonomy":"product_featured_cat","embeddable":true,"href":"https:\/\/shop.bantam.ch\/fr\/wp-json\/wp\/v2\/product_featured_cat?post=232399"},{"taxonomy":"product_brand","embeddable":true,"href":"https:\/\/shop.bantam.ch\/fr\/wp-json\/wp\/v2\/product_brand?post=232399"},{"taxonomy":"product_cat","embeddable":true,"href":"https:\/\/shop.bantam.ch\/fr\/wp-json\/wp\/v2\/product_cat?post=232399"},{"taxonomy":"product_tag","embeddable":true,"href":"https:\/\/shop.bantam.ch\/fr\/wp-json\/wp\/v2\/product_tag?post=232399"}],"curies":[{"name":"wp","href":"https:\/\/api.w.org\/{rel}","templated":true}]}}